{"id":6047,"date":"2017-10-02T02:33:46","date_gmt":"2017-10-02T02:33:46","guid":{"rendered":"https:\/\/www.boztibbi.com\/korporativnyy\/referanslar\/"},"modified":"2021-06-01T14:45:41","modified_gmt":"2021-06-01T11:45:41","slug":"rekomendatsii","status":"publish","type":"page","link":"https:\/\/www.boztibbi.com\/ru\/korporativnyy\/rekomendatsii\/","title":{"rendered":"\u0420\u0435\u043a\u043e\u043c\u0435\u043d\u0434\u0430\u0446\u0438\u0438"},"content":{"rendered":"<div class=\"wpb-content-wrapper\"><p>[vc_row css=&#8221;.vc_custom_1529410831489{margin-right: 0px !important;margin-bottom: 50px !important;margin-left: 0px !important;padding-top: 100px !important;padding-bottom: 100px !important;background-image: url(https:\/\/www.boztibbi.com\/wp-content\/uploads\/2018\/06\/referanslar-partnerler-i\u015f-ortaklar\u0131-t\u0131bbi-malzeme-boz-ankara.jpg?id=1945) !important;background-position: center !important;background-repeat: no-repeat !important;background-size: cover !important;}&#8221;][vc_column width=&#8221;1\/6&#8243;][\/vc_column][vc_column width=&#8221;2\/3&#8243;][vc_column_text css_animation=&#8221;appear&#8221; css=&#8221;.vc_custom_1622547844050{padding-top: 30px !important;padding-right: 30px !important;padding-bottom: 30px !important;padding-left: 30px !important;background-color: rgba(255,255,255,0.9) !important;*background-color: rgb(255,255,255) !important;}&#8221; el_class=&#8221;shadow&#8221;]<\/p>\n<h3 class=\"no-margin-top\" style=\"text-align: center; font-size: 2rem;\">\u0421\u0432\u043e\u0435\u043c\u0443 \u041b\u0438\u0434\u0435\u0440\u0441\u0442\u0432\u0443 \u041c\u044b \u041e\u0431\u044f\u0437\u0430\u043d\u044b \u041f\u0435\u0440\u0435\u0434 \u0412\u0441\u0435\u043c\u0438, \u041a\u0442\u043e \u041d\u0430\u043c \u0414\u043e\u0432\u0435\u0440\u044f\u0435\u0442.<\/h3>\n<p>[\/vc_column_text][\/vc_column][vc_column width=&#8221;1\/6&#8243;][\/vc_column][\/vc_row][vc_row][vc_column width=&#8221;1\/4&#8243;][vc_custom_heading text=&#8221;\u0420\u0430\u0434\u043e\u0441\u0442\u043d\u044b\u0435 \u0438 \u0414\u043e\u0432\u043e\u043b\u044c\u043d\u044b\u0435 \u041a\u043b\u0438\u0435\u043d\u0442\u044b&#8221; font_container=&#8221;tag:h3|text_align:left&#8221; use_theme_fonts=&#8221;yes&#8221;][vc_empty_space height=&#8221;20px&#8221;][\/vc_column][vc_column width=&#8221;3\/4&#8243;][vc_column_text]\u0421 2009 \u0433\u043e\u0434\u0430 \u0441\u0442\u0440\u0435\u043c\u044f\u0441\u044c \u0431\u044b\u0442\u044c \u043b\u0438\u0434\u0435\u0440\u043e\u043c \u0432 \u0441\u0432\u043e\u0435\u043c \u0441\u0435\u043a\u0442\u043e\u0440\u0435, \u043d\u0430\u0448\u0430 \u043a\u043e\u043c\u043f\u0430\u043d\u0438\u044f \u043f\u0440\u043e\u0438\u0437\u0432\u043e\u0434\u0438\u0442 \u043c\u0435\u0434\u0438\u0446\u0438\u043d\u0441\u043a\u0438\u0435 \u0440\u0430\u0441\u0445\u043e\u0434\u043d\u044b\u0435 \u043c\u0430\u0442\u0435\u0440\u0438\u0430\u043b\u044b \u0438 \u043f\u0440\u0435\u0434\u043e\u0441\u0442\u0430\u0432\u043b\u044f\u0435\u0442 \u0443\u0441\u043b\u0443\u0433\u0438 \u0434\u043b\u044f \u0441\u0435\u043a\u0442\u043e\u0440\u0430 \u0437\u0434\u0440\u0430\u0432\u043e\u043e\u0445\u0440\u0430\u043d\u0435\u043d\u0438\u044f \u0438 \u043d\u0430 \u0441\u0435\u0433\u043e\u0434\u043d\u044f\u0448\u043d\u0438\u0439 \u0434\u0435\u043d\u044c \u0443\u0436\u0435 \u0432\u0435\u0434\u0443\u0442\u0441\u044f \u0440\u0430\u0431\u043e\u0442\u044b \u0441 \u0432\u0435\u0434\u0443\u0449\u0438\u043c\u0438 \u0443\u0447\u0440\u0435\u0436\u0434\u0435\u043d\u0438\u044f\u043c\u0438 \u0441\u0435\u043a\u0442\u043e\u0440\u0430 \u0437\u0434\u0440\u0430\u0432\u043e\u043e\u0445\u0440\u0430\u043d\u0435\u043d\u0438\u044f. \u0414\u0435\u0439\u0441\u0442\u0432\u0443\u044f \u043f\u043e \u043f\u0440\u0438\u043d\u0446\u0438\u043f\u0443 \u00ab\u0421\u0447\u0430\u0441\u0442\u043b\u0438\u0432\u044b\u0435 \u043a\u043b\u0438\u0435\u043d\u0442\u044b, \u0440\u0430\u0441\u0442\u0443\u0449\u0438\u0439 \u0431\u0440\u0435\u043d\u0434\u00bb \u043c\u044b \u043e\u0447\u0435\u043d\u044c \u0440\u0430\u0434\u044b \u0438\u0434\u0442\u0438 \u0432\u043c\u0435\u0441\u0442\u0435 \u0441 \u043d\u0430\u0448\u0438\u043c\u0438 \u043a\u043b\u0438\u0435\u043d\u0442\u0430\u043c\u0438 \u0438 \u0432\u043c\u0435\u0441\u0442\u0435 \u043f\u043e\u0434\u043d\u0438\u043c\u0430\u0442\u044c\u0441\u044f \u043f\u043e \u043b\u0435\u0441\u0442\u043d\u0438\u0446\u0435 \u0443\u0441\u043f\u0435\u0445\u0430.[\/vc_column_text][vc_empty_space height=&#8221;10px&#8221;][\/vc_column][\/vc_row][vc_row][vc_column][vc_empty_space height=&#8221;15px&#8221;][vc_row_inner][vc_column_inner width=&#8221;1\/2&#8243;]\n\t<div class=\"testimonial   has-image\">\n\t\t\n\t\t<div class=\"testimonial-content\">\n\t\t\t<blockquote>\n\t\t\t\t<p>Boz T\u0131bbi \u00fcr\u00fcnlerini kullanmaya ba\u015flad\u0131\u011f\u0131m\u0131zdan beri t\u00fcm sa\u011fl\u0131k personelimizden olumlu \u015fekilde geri d\u00f6n\u00fc\u015fler al\u0131yoruz. \u00dcr\u00fcnlerinin kalitesinin haricinde yerli \u00fcretim olmas\u0131 da bizim i\u00e7in ayr\u0131 bir olumlu etken&#8230;<\/p>\n\t\t\t<\/blockquote>\n\t\t<\/div>\n\n\t\t<div class=\"testimonial-meta\">\n\t\t\t\n\t\t<div class=\"testimonial-image\">\n\t\t\t<img decoding=\"async\" src=\"https:\/\/www.boztibbi.com\/wp-content\/uploads\/2018\/09\/veteriner-hekim-g\u00fcven-t\u00fcrker-ar\u0131k.jpg\" alt=\"G\u00fcven T\u00dcRKER\" \/>\n\t\t<\/div>\n\t\t\t\t<h3 class=\"author-name\">G\u00fcven T\u00dcRKER<\/h3>\n\t\t\t<div class=\"author-info\"><span class=\"subtitle\">Veteriner Hekim<\/span> <span class=\"divider\">-<\/span> <span class=\"company\">Animacare Veteriner T\u0131p Merkezi<\/span><\/div>\n\t\t<\/div>\n\n\t<\/div>\n[\/vc_column_inner][vc_column_inner width=&#8221;1\/2&#8243;]\n\t<div class=\"testimonial   has-image\">\n\t\t\n\t\t<div class=\"testimonial-content\">\n\t\t\t<blockquote>\n\t\t\t\t<p>Boz T\u0131bbi \u00fcr\u00fcnlerini kullanmaya ba\u015flad\u0131\u011f\u0131m\u0131zdan beri t\u00fcm sa\u011fl\u0131k personelimizden olumlu \u015fekilde geri d\u00f6n\u00fc\u015fler al\u0131yoruz. \u00dcr\u00fcnlerinin kalitesinin haricinde yerli \u00fcretim olmas\u0131 da bizim i\u00e7in ayr\u0131 bir olumlu etken&#8230;<\/p>\n\t\t\t<\/blockquote>\n\t\t<\/div>\n\n\t\t<div class=\"testimonial-meta\">\n\t\t\t\n\t\t<div class=\"testimonial-image\">\n\t\t\t<img decoding=\"async\" src=\"https:\/\/www.boztibbi.com\/wp-content\/uploads\/2018\/09\/veteriner-hekim-g\u00fcven-t\u00fcrker-ar\u0131k.jpg\" alt=\"G\u00fcven T\u00dcRKER\" \/>\n\t\t<\/div>\n\t\t\t\t<h3 class=\"author-name\">G\u00fcven T\u00dcRKER<\/h3>\n\t\t\t<div class=\"author-info\"><span class=\"subtitle\">Veteriner Hekim<\/span> <span class=\"divider\">-<\/span> <span class=\"company\">Animacare Veteriner T\u0131p Merkezi<\/span><\/div>\n\t\t<\/div>\n\n\t<\/div>\n[\/vc_column_inner][\/vc_row_inner][\/vc_column][\/vc_row][vc_row][vc_column][vc_separator color=&#8221;custom&#8221; accent_color=&#8221;rgba(2,6,32,0.1)&#8221; css=&#8221;.vc_custom_1510110413692{margin-top: 50px !important;margin-bottom: 50px !important;}&#8221;]\n\t<div class=\"testimonial  \">\n\t\t\n\t\t<div class=\"testimonial-content\">\n\t\t\t<blockquote>\n\t\t\t\t<p>Boz T\u0131bbi \u00fcr\u00fcnlerini kullanmaya ba\u015flad\u0131\u011f\u0131m\u0131zdan beri t\u00fcm sa\u011fl\u0131k personelimizden olumlu \u015fekilde geri d\u00f6n\u00fc\u015fler al\u0131yoruz. \u00dcr\u00fcnlerinin kalitesinin haricinde yerli \u00fcretim olmas\u0131 da bizim i\u00e7in ayr\u0131 bir olumlu etken&#8230;<\/p>\n\t\t\t<\/blockquote>\n\t\t<\/div>\n\n\t\t<div class=\"testimonial-meta\">\n\t\t\t\t\t\t<h3 class=\"author-name\">G\u00fcven T\u00dcRKER<\/h3>\n\t\t\t<div class=\"author-info\"><span class=\"subtitle\">Veteriner Hekim<\/span> <span class=\"divider\">-<\/span> <span class=\"company\">Animacare Veteriner T\u0131p Merkezi<\/span><\/div>\n\t\t<\/div>\n\n\t<\/div>\n[vc_separator color=&#8221;custom&#8221; accent_color=&#8221;rgba(2,6,32,0.1)&#8221; css=&#8221;.vc_custom_1510110413692{margin-top: 50px !important;margin-bottom: 50px !important;}&#8221;]\n\t<div class=\"testimonial meta-left \">\n\t\t\n\t\t<div class=\"testimonial-content\">\n\t\t\t<blockquote>\n\t\t\t\t<p>M\u00fc\u015fteri temsilcilerinin g\u00fcler y\u00fcz\u00fc ve \u00fcr\u00fcnlerinin kalitesi sebebiyle Boz T\u0131bbi \u00fcr\u00fcnlerini hastanelerimizde kullanmaktan \u00e7ok memnununuz.<\/p>\n\t\t\t<\/blockquote>\n\t\t<\/div>\n\n\t\t<div class=\"testimonial-meta\">\n\t\t\t\t\t\t<h3 class=\"author-name\">Asena \u00d6ZT\u00dcRK<\/h3>\n\t\t\t<div class=\"author-info\"><span class=\"subtitle\">Genel M\u00fcd\u00fcr<\/span> <span class=\"divider\">-<\/span> <span class=\"company\">Medipatch Hastaneleri<\/span><\/div>\n\t\t<\/div>\n\n\t<\/div>\n[vc_separator color=&#8221;custom&#8221; accent_color=&#8221;rgba(2,6,32,0.1)&#8221; css=&#8221;.vc_custom_1510110413692{margin-top: 50px !important;margin-bottom: 50px !important;}&#8221;][\/vc_column][\/vc_row][vc_row][vc_column width=&#8221;1\/4&#8243;][vc_single_image image=&#8221;3136&#8243; img_size=&#8221;full&#8221; style=&#8221;vc_box_border&#8221;][vc_empty_space height=&#8221;30px&#8221;][\/vc_column][vc_column width=&#8221;1\/4&#8243;][vc_single_image image=&#8221;3137&#8243; img_size=&#8221;full&#8221; style=&#8221;vc_box_border&#8221;][vc_empty_space height=&#8221;30px&#8221;][\/vc_column][vc_column width=&#8221;1\/4&#8243;][vc_single_image image=&#8221;3134&#8243; img_size=&#8221;full&#8221; style=&#8221;vc_box_border&#8221;][vc_empty_space height=&#8221;30px&#8221;][\/vc_column][vc_column width=&#8221;1\/4&#8243;][vc_single_image image=&#8221;3138&#8243; img_size=&#8221;full&#8221; style=&#8221;vc_box_border&#8221;][vc_empty_space height=&#8221;30px&#8221;][\/vc_column][\/vc_row][vc_row][vc_column width=&#8221;1\/4&#8243;][vc_single_image image=&#8221;3133&#8243; img_size=&#8221;full&#8221; style=&#8221;vc_box_border&#8221;][vc_empty_space height=&#8221;30px&#8221;][\/vc_column][vc_column width=&#8221;1\/4&#8243;][vc_single_image image=&#8221;3132&#8243; img_size=&#8221;full&#8221; style=&#8221;vc_box_border&#8221;][vc_empty_space height=&#8221;30px&#8221;][\/vc_column][vc_column width=&#8221;1\/4&#8243;][vc_single_image image=&#8221;1352&#8243; img_size=&#8221;full&#8221; style=&#8221;vc_box_border&#8221;][vc_empty_space height=&#8221;30px&#8221;][\/vc_column][vc_column width=&#8221;1\/4&#8243;][vc_single_image image=&#8221;1351&#8243; img_size=&#8221;full&#8221; style=&#8221;vc_box_border&#8221;][vc_empty_space height=&#8221;30px&#8221;][\/vc_column][\/vc_row][vc_row][vc_column][vc_column_text]\u0414\u043b\u044f \u043f\u043e\u043b\u0443\u0447\u0435\u043d\u0438\u044f \u043f\u043e\u0434\u0440\u043e\u0431\u043d\u043e\u0439 \u0438\u043d\u0444\u043e\u0440\u043c\u0430\u0446\u0438\u0438 \u043e \u043d\u0430\u0448\u0438\u0445 \u0440\u0435\u043a\u043e\u043c\u0435\u043d\u0434\u0430\u0446\u0438\u044f\u0445, \u0434\u0435\u043b\u043e\u0432\u044b\u0445 \u043f\u0430\u0440\u0442\u043d\u0435\u0440\u0430\u0445, \u043f\u0440\u043e\u0434\u0443\u043a\u0442\u0430\u0445 \u0438 \u0443\u0441\u043b\u0443\u0433\u0430\u0445, \u043f\u043e\u0436\u0430\u043b\u0443\u0439\u0441\u0442\u0430, \u0441\u0432\u044f\u0436\u0438\u0442\u0435\u0441\u044c \u0441 \u043d\u0430\u043c\u0438 \u043f\u043e \u044d\u043b\u0435\u043a\u0442\u0440\u043e\u043d\u043d\u043e\u0439 \u043f\u043e\u0447\u0442\u0435 <a href=\"mailto:boz@boztibbi.com\">boz@boztibbi.com<\/a>[\/vc_column_text][\/vc_column][\/vc_row]<\/p>\n<\/div>","protected":false},"excerpt":{"rendered":"<p>[vc_row css=&#8221;.vc_custom_1529410831489{margin-right: 0px !important;margin-bottom: 50px !important;margin-left: 0px !important;padding-top: 100px !important;padding-bottom: 100px !important;background-image: url(https:\/\/www.boztibbi.com\/wp-content\/uploads\/2018\/06\/referanslar-partnerler-i\u015f-ortaklar\u0131-t\u0131bbi-malzeme-boz-ankara.jpg?id=1945) !important;background-position: center !important;background-repeat: no-repeat !important;background-size: cover !important;}&#8221;][vc_column width=&#8221;1\/6&#8243;][\/vc_column][vc_column width=&#8221;2\/3&#8243;][vc_column_text css_animation=&#8221;appear&#8221; css=&#8221;.vc_custom_1622547844050{padding-top: 30px !important;padding-right: 30px !important;padding-bottom: 30px !important;padding-left: 30px !important;background-color: rgba(255,255,255,0.9) !important;*background-color: rgb(255,255,255) !important;}&#8221; el_class=&#8221;shadow&#8221;] \u0421\u0432\u043e\u0435\u043c\u0443 \u041b\u0438\u0434\u0435\u0440\u0441\u0442\u0432\u0443 \u041c\u044b \u041e\u0431\u044f\u0437\u0430\u043d\u044b \u041f\u0435\u0440\u0435\u0434 \u0412\u0441\u0435\u043c\u0438, \u041a\u0442\u043e \u041d\u0430\u043c \u0414\u043e\u0432\u0435\u0440\u044f\u0435\u0442. [\/vc_column_text][\/vc_column][vc_column width=&#8221;1\/6&#8243;][\/vc_column][\/vc_row][vc_row][vc_column width=&#8221;1\/4&#8243;][vc_custom_heading text=&#8221;\u0420\u0430\u0434\u043e\u0441\u0442\u043d\u044b\u0435 \u0438 \u0414\u043e\u0432\u043e\u043b\u044c\u043d\u044b\u0435 \u041a\u043b\u0438\u0435\u043d\u0442\u044b&#8221; font_container=&#8221;tag:h3|text_align:left&#8221; use_theme_fonts=&#8221;yes&#8221;][vc_empty_space [&hellip;]<\/p>\n","protected":false},"author":1,"featured_media":0,"parent":5936,"menu_order":0,"comment_status":"closed","ping_status":"closed","template":"","meta":{"_acf_changed":false,"footnotes":""},"class_list":["post-6047","page","type-page","status-publish","hentry"],"acf":[],"yoast_head":"<!-- This site is optimized with the Yoast SEO plugin v21.6 - https:\/\/yoast.com\/wordpress\/plugins\/seo\/ -->\n<title>\u0420\u0435\u043a\u043e\u043c\u0435\u043d\u0434\u0430\u0446\u0438\u0438 - Boz Medical<\/title>\n<meta name=\"robots\" content=\"index, follow, max-snippet:-1, max-image-preview:large, max-video-preview:-1\" \/>\n<link rel=\"canonical\" href=\"https:\/\/www.boztibbi.com\/ru\/korporativnyy\/rekomendatsii\/\" \/>\n<meta property=\"og:locale\" content=\"ru_RU\" \/>\n<meta property=\"og:type\" content=\"article\" \/>\n<meta property=\"og:title\" content=\"\u0420\u0435\u043a\u043e\u043c\u0435\u043d\u0434\u0430\u0446\u0438\u0438 - Boz Medical\" \/>\n<meta property=\"og:description\" content=\"[vc_row css=&#8221;.vc_custom_1529410831489{margin-right: 0px !important;margin-bottom: 50px !important;margin-left: 0px !important;padding-top: 100px !important;padding-bottom: 100px !important;background-image: url(https:\/\/www.boztibbi.com\/wp-content\/uploads\/2018\/06\/referanslar-partnerler-i\u015f-ortaklar\u0131-t\u0131bbi-malzeme-boz-ankara.jpg?id=1945) !important;background-position: center !important;background-repeat: no-repeat !important;background-size: cover !important;}&#8221;][vc_column width=&#8221;1\/6&#8243;][\/vc_column][vc_column width=&#8221;2\/3&#8243;][vc_column_text css_animation=&#8221;appear&#8221; css=&#8221;.vc_custom_1622547844050{padding-top: 30px !important;padding-right: 30px !important;padding-bottom: 30px !important;padding-left: 30px !important;background-color: rgba(255,255,255,0.9) !important;*background-color: rgb(255,255,255) !important;}&#8221; el_class=&#8221;shadow&#8221;] \u0421\u0432\u043e\u0435\u043c\u0443 \u041b\u0438\u0434\u0435\u0440\u0441\u0442\u0432\u0443 \u041c\u044b \u041e\u0431\u044f\u0437\u0430\u043d\u044b \u041f\u0435\u0440\u0435\u0434 \u0412\u0441\u0435\u043c\u0438, \u041a\u0442\u043e \u041d\u0430\u043c \u0414\u043e\u0432\u0435\u0440\u044f\u0435\u0442. [\/vc_column_text][\/vc_column][vc_column width=&#8221;1\/6&#8243;][\/vc_column][\/vc_row][vc_row][vc_column width=&#8221;1\/4&#8243;][vc_custom_heading text=&#8221;\u0420\u0430\u0434\u043e\u0441\u0442\u043d\u044b\u0435 \u0438 \u0414\u043e\u0432\u043e\u043b\u044c\u043d\u044b\u0435 \u041a\u043b\u0438\u0435\u043d\u0442\u044b&#8221; font_container=&#8221;tag:h3|text_align:left&#8221; use_theme_fonts=&#8221;yes&#8221;][vc_empty_space [&hellip;]\" \/>\n<meta property=\"og:url\" content=\"https:\/\/www.boztibbi.com\/ru\/korporativnyy\/rekomendatsii\/\" \/>\n<meta property=\"og:site_name\" content=\"Boz Medical\" \/>\n<meta property=\"article:publisher\" content=\"https:\/\/www.facebook.com\/bozmedical\/\" \/>\n<meta property=\"article:modified_time\" content=\"2021-06-01T11:45:41+00:00\" \/>\n<meta name=\"twitter:card\" content=\"summary_large_image\" \/>\n<meta name=\"twitter:site\" content=\"@bozmedical\" \/>\n<script type=\"application\/ld+json\" class=\"yoast-schema-graph\">{\"@context\":\"https:\/\/schema.org\",\"@graph\":[{\"@type\":\"WebPage\",\"@id\":\"https:\/\/www.boztibbi.com\/ru\/korporativnyy\/rekomendatsii\/\",\"url\":\"https:\/\/www.boztibbi.com\/ru\/korporativnyy\/rekomendatsii\/\",\"name\":\"\u0420\u0435\u043a\u043e\u043c\u0435\u043d\u0434\u0430\u0446\u0438\u0438 - Boz Medical\",\"isPartOf\":{\"@id\":\"https:\/\/www.boztibbi.com\/#website\"},\"datePublished\":\"2017-10-02T02:33:46+00:00\",\"dateModified\":\"2021-06-01T11:45:41+00:00\",\"breadcrumb\":{\"@id\":\"https:\/\/www.boztibbi.com\/ru\/korporativnyy\/rekomendatsii\/#breadcrumb\"},\"inLanguage\":\"ru-RU\",\"potentialAction\":[{\"@type\":\"ReadAction\",\"target\":[\"https:\/\/www.boztibbi.com\/ru\/korporativnyy\/rekomendatsii\/\"]}]},{\"@type\":\"BreadcrumbList\",\"@id\":\"https:\/\/www.boztibbi.com\/ru\/korporativnyy\/rekomendatsii\/#breadcrumb\",\"itemListElement\":[{\"@type\":\"ListItem\",\"position\":1,\"name\":\"\u0413\u043b\u0430\u0432\u043d\u0430\u044f \u0441\u0442\u0440\u0430\u043d\u0438\u0446\u0430\",\"item\":\"https:\/\/www.boztibbi.com\/ru\/\"},{\"@type\":\"ListItem\",\"position\":2,\"name\":\"\u041a\u043e\u0440\u043f\u043e\u0440\u0430\u0442\u0438\u0432\u043d\u044b\u0439\",\"item\":\"https:\/\/www.boztibbi.com\/ru\/korporativnyy\/\"},{\"@type\":\"ListItem\",\"position\":3,\"name\":\"\u0420\u0435\u043a\u043e\u043c\u0435\u043d\u0434\u0430\u0446\u0438\u0438\"}]},{\"@type\":\"WebSite\",\"@id\":\"https:\/\/www.boztibbi.com\/#website\",\"url\":\"https:\/\/www.boztibbi.com\/\",\"name\":\"Boz Medical\",\"description\":\"\u0425\u0438\u0440\u0443\u0440\u0433\u0438\u0447\u0435\u0441\u043a\u0438\u0435 \u0448\u0432\u044b, \u0440\u0430\u0441\u0441\u0430\u0441\u044b\u0432\u0430\u044e\u0449\u0438\u0435\u0441\u044f \u0433\u0435\u043c\u043e\u0441\u0442\u0430\u0442\u044b \u0438 \u0445\u0438\u0440\u0443\u0440\u0433\u0438\u0447\u0435\u0441\u043a\u0438\u0435 \u0441\u0435\u0442\u043a\u0438\",\"publisher\":{\"@id\":\"https:\/\/www.boztibbi.com\/#organization\"},\"potentialAction\":[{\"@type\":\"SearchAction\",\"target\":{\"@type\":\"EntryPoint\",\"urlTemplate\":\"https:\/\/www.boztibbi.com\/?s={search_term_string}\"},\"query-input\":\"required name=search_term_string\"}],\"inLanguage\":\"ru-RU\"},{\"@type\":\"Organization\",\"@id\":\"https:\/\/www.boztibbi.com\/#organization\",\"name\":\"Boz T\u0131bbi Malzeme Sanayi ve Ticaret A.\u015e.\",\"url\":\"https:\/\/www.boztibbi.com\/\",\"logo\":{\"@type\":\"ImageObject\",\"inLanguage\":\"ru-RU\",\"@id\":\"https:\/\/www.boztibbi.com\/#\/schema\/logo\/image\/\",\"url\":\"https:\/\/www.boztibbi.com\/wp-content\/uploads\/2018\/08\/boz-t\u0131bbi-malzemeler-medikal-tekstil-t\u00fcrkiye-istanbul-ankara-u\u015fak.png\",\"contentUrl\":\"https:\/\/www.boztibbi.com\/wp-content\/uploads\/2018\/08\/boz-t\u0131bbi-malzemeler-medikal-tekstil-t\u00fcrkiye-istanbul-ankara-u\u015fak.png\",\"width\":1024,\"height\":683,\"caption\":\"Boz T\u0131bbi Malzeme Sanayi ve Ticaret A.\u015e.\"},\"image\":{\"@id\":\"https:\/\/www.boztibbi.com\/#\/schema\/logo\/image\/\"},\"sameAs\":[\"https:\/\/www.facebook.com\/bozmedical\/\",\"https:\/\/twitter.com\/bozmedical\"]}]}<\/script>\n<!-- \/ Yoast SEO plugin. -->","yoast_head_json":{"title":"\u0420\u0435\u043a\u043e\u043c\u0435\u043d\u0434\u0430\u0446\u0438\u0438 - Boz Medical","robots":{"index":"index","follow":"follow","max-snippet":"max-snippet:-1","max-image-preview":"max-image-preview:large","max-video-preview":"max-video-preview:-1"},"canonical":"https:\/\/www.boztibbi.com\/ru\/korporativnyy\/rekomendatsii\/","og_locale":"ru_RU","og_type":"article","og_title":"\u0420\u0435\u043a\u043e\u043c\u0435\u043d\u0434\u0430\u0446\u0438\u0438 - Boz Medical","og_description":"[vc_row css=&#8221;.vc_custom_1529410831489{margin-right: 0px !important;margin-bottom: 50px !important;margin-left: 0px !important;padding-top: 100px !important;padding-bottom: 100px !important;background-image: url(https:\/\/www.boztibbi.com\/wp-content\/uploads\/2018\/06\/referanslar-partnerler-i\u015f-ortaklar\u0131-t\u0131bbi-malzeme-boz-ankara.jpg?id=1945) !important;background-position: center !important;background-repeat: no-repeat !important;background-size: cover !important;}&#8221;][vc_column width=&#8221;1\/6&#8243;][\/vc_column][vc_column width=&#8221;2\/3&#8243;][vc_column_text css_animation=&#8221;appear&#8221; css=&#8221;.vc_custom_1622547844050{padding-top: 30px !important;padding-right: 30px !important;padding-bottom: 30px !important;padding-left: 30px !important;background-color: rgba(255,255,255,0.9) !important;*background-color: rgb(255,255,255) !important;}&#8221; el_class=&#8221;shadow&#8221;] \u0421\u0432\u043e\u0435\u043c\u0443 \u041b\u0438\u0434\u0435\u0440\u0441\u0442\u0432\u0443 \u041c\u044b \u041e\u0431\u044f\u0437\u0430\u043d\u044b \u041f\u0435\u0440\u0435\u0434 \u0412\u0441\u0435\u043c\u0438, \u041a\u0442\u043e \u041d\u0430\u043c \u0414\u043e\u0432\u0435\u0440\u044f\u0435\u0442. [\/vc_column_text][\/vc_column][vc_column width=&#8221;1\/6&#8243;][\/vc_column][\/vc_row][vc_row][vc_column width=&#8221;1\/4&#8243;][vc_custom_heading text=&#8221;\u0420\u0430\u0434\u043e\u0441\u0442\u043d\u044b\u0435 \u0438 \u0414\u043e\u0432\u043e\u043b\u044c\u043d\u044b\u0435 \u041a\u043b\u0438\u0435\u043d\u0442\u044b&#8221; font_container=&#8221;tag:h3|text_align:left&#8221; use_theme_fonts=&#8221;yes&#8221;][vc_empty_space [&hellip;]","og_url":"https:\/\/www.boztibbi.com\/ru\/korporativnyy\/rekomendatsii\/","og_site_name":"Boz Medical","article_publisher":"https:\/\/www.facebook.com\/bozmedical\/","article_modified_time":"2021-06-01T11:45:41+00:00","twitter_card":"summary_large_image","twitter_site":"@bozmedical","schema":{"@context":"https:\/\/schema.org","@graph":[{"@type":"WebPage","@id":"https:\/\/www.boztibbi.com\/ru\/korporativnyy\/rekomendatsii\/","url":"https:\/\/www.boztibbi.com\/ru\/korporativnyy\/rekomendatsii\/","name":"\u0420\u0435\u043a\u043e\u043c\u0435\u043d\u0434\u0430\u0446\u0438\u0438 - Boz Medical","isPartOf":{"@id":"https:\/\/www.boztibbi.com\/#website"},"datePublished":"2017-10-02T02:33:46+00:00","dateModified":"2021-06-01T11:45:41+00:00","breadcrumb":{"@id":"https:\/\/www.boztibbi.com\/ru\/korporativnyy\/rekomendatsii\/#breadcrumb"},"inLanguage":"ru-RU","potentialAction":[{"@type":"ReadAction","target":["https:\/\/www.boztibbi.com\/ru\/korporativnyy\/rekomendatsii\/"]}]},{"@type":"BreadcrumbList","@id":"https:\/\/www.boztibbi.com\/ru\/korporativnyy\/rekomendatsii\/#breadcrumb","itemListElement":[{"@type":"ListItem","position":1,"name":"\u0413\u043b\u0430\u0432\u043d\u0430\u044f \u0441\u0442\u0440\u0430\u043d\u0438\u0446\u0430","item":"https:\/\/www.boztibbi.com\/ru\/"},{"@type":"ListItem","position":2,"name":"\u041a\u043e\u0440\u043f\u043e\u0440\u0430\u0442\u0438\u0432\u043d\u044b\u0439","item":"https:\/\/www.boztibbi.com\/ru\/korporativnyy\/"},{"@type":"ListItem","position":3,"name":"\u0420\u0435\u043a\u043e\u043c\u0435\u043d\u0434\u0430\u0446\u0438\u0438"}]},{"@type":"WebSite","@id":"https:\/\/www.boztibbi.com\/#website","url":"https:\/\/www.boztibbi.com\/","name":"Boz Medical","description":"\u0425\u0438\u0440\u0443\u0440\u0433\u0438\u0447\u0435\u0441\u043a\u0438\u0435 \u0448\u0432\u044b, \u0440\u0430\u0441\u0441\u0430\u0441\u044b\u0432\u0430\u044e\u0449\u0438\u0435\u0441\u044f \u0433\u0435\u043c\u043e\u0441\u0442\u0430\u0442\u044b \u0438 \u0445\u0438\u0440\u0443\u0440\u0433\u0438\u0447\u0435\u0441\u043a\u0438\u0435 \u0441\u0435\u0442\u043a\u0438","publisher":{"@id":"https:\/\/www.boztibbi.com\/#organization"},"potentialAction":[{"@type":"SearchAction","target":{"@type":"EntryPoint","urlTemplate":"https:\/\/www.boztibbi.com\/?s={search_term_string}"},"query-input":"required name=search_term_string"}],"inLanguage":"ru-RU"},{"@type":"Organization","@id":"https:\/\/www.boztibbi.com\/#organization","name":"Boz T\u0131bbi Malzeme Sanayi ve Ticaret A.\u015e.","url":"https:\/\/www.boztibbi.com\/","logo":{"@type":"ImageObject","inLanguage":"ru-RU","@id":"https:\/\/www.boztibbi.com\/#\/schema\/logo\/image\/","url":"https:\/\/www.boztibbi.com\/wp-content\/uploads\/2018\/08\/boz-t\u0131bbi-malzemeler-medikal-tekstil-t\u00fcrkiye-istanbul-ankara-u\u015fak.png","contentUrl":"https:\/\/www.boztibbi.com\/wp-content\/uploads\/2018\/08\/boz-t\u0131bbi-malzemeler-medikal-tekstil-t\u00fcrkiye-istanbul-ankara-u\u015fak.png","width":1024,"height":683,"caption":"Boz T\u0131bbi Malzeme Sanayi ve Ticaret A.\u015e."},"image":{"@id":"https:\/\/www.boztibbi.com\/#\/schema\/logo\/image\/"},"sameAs":["https:\/\/www.facebook.com\/bozmedical\/","https:\/\/twitter.com\/bozmedical"]}]}},"_links":{"self":[{"href":"https:\/\/www.boztibbi.com\/ru\/wp-json\/wp\/v2\/pages\/6047","targetHints":{"allow":["GET"]}}],"collection":[{"href":"https:\/\/www.boztibbi.com\/ru\/wp-json\/wp\/v2\/pages"}],"about":[{"href":"https:\/\/www.boztibbi.com\/ru\/wp-json\/wp\/v2\/types\/page"}],"author":[{"embeddable":true,"href":"https:\/\/www.boztibbi.com\/ru\/wp-json\/wp\/v2\/users\/1"}],"replies":[{"embeddable":true,"href":"https:\/\/www.boztibbi.com\/ru\/wp-json\/wp\/v2\/comments?post=6047"}],"version-history":[{"count":3,"href":"https:\/\/www.boztibbi.com\/ru\/wp-json\/wp\/v2\/pages\/6047\/revisions"}],"predecessor-version":[{"id":6409,"href":"https:\/\/www.boztibbi.com\/ru\/wp-json\/wp\/v2\/pages\/6047\/revisions\/6409"}],"up":[{"embeddable":true,"href":"https:\/\/www.boztibbi.com\/ru\/wp-json\/wp\/v2\/pages\/5936"}],"wp:attachment":[{"href":"https:\/\/www.boztibbi.com\/ru\/wp-json\/wp\/v2\/media?parent=6047"}],"curies":[{"name":"wp","href":"https:\/\/api.w.org\/{rel}","templated":true}]}}