{"id":5958,"date":"2018-06-19T14:01:17","date_gmt":"2018-06-19T11:01:17","guid":{"rendered":"https:\/\/www.boztibbi.com\/korporativnyy\/kilometre-taslari\/"},"modified":"2022-07-30T15:26:06","modified_gmt":"2022-07-30T12:26:06","slug":"vekhi","status":"publish","type":"page","link":"https:\/\/www.boztibbi.com\/ru\/korporativnyy\/vekhi\/","title":{"rendered":"\u0412\u0435\u0445\u0438"},"content":{"rendered":"<div class=\"wpb-content-wrapper\"><p>[vc_row css=&#8221;.vc_custom_1529407998976{margin-right: 0px !important;margin-bottom: 50px !important;margin-left: 0px !important;padding-top: 80px !important;padding-right: 40px !important;padding-bottom: 80px !important;padding-left: 40px !important;background-image: url(https:\/\/www.boztibbi.com\/wp-content\/uploads\/2018\/06\/boz-t\u0131bbi-malzemeler-t\u00fcrkiye-yerli-\u00fcretim-\u00fcretici-t\u00fcrk-mal\u0131-istanbul-ankara-u\u015fak-cerrahi-iplik-gazl\u0131-bez-span\u00e7.jpg?id=1927) !important;background-position: center !important;background-repeat: no-repeat !important;background-size: cover !important;}&#8221;][vc_column width=&#8221;1\/2&#8243;][\/vc_column][vc_column width=&#8221;1\/2&#8243;][vc_column_text]<\/p>\n<h3 class=\"no-margin-top no-margin-bottom\" style=\"font-size: 3rem;\">\u0411\u043e\u043b\u0435\u0435 70 \u043b\u0435\u0442 \u043e\u043f\u044b\u0442\u0430 \u0438 \u043d\u0430\u0440\u0430\u0449\u0438\u0432\u0430\u043d\u0438\u044f \u043f\u0440\u043e\u0438\u0437\u0432\u043e\u0434\u0441\u0442\u0432\u0430<\/h3>\n<p>[\/vc_column_text][\/vc_column][\/vc_row][vc_row][vc_column]<ul class=\"iconlist iconlist iconlist-icon-large \"><li ><div class=\"iconlist-item-icon\"><i class=\"entypo-icon entypo-icon-check\"><\/i><span class=\"shapes\"><\/span><\/div><div class=\"iconlist-item-content\"><\/p>\n<h3>1940<\/h3>\n<p>\u0410\u0434\u0438\u043b\u044c \u0411\u043e\u0437 (\u0434\u0435\u0434\u0443\u0448\u043a\u0430) \u043d\u0430\u0447\u0430\u043b \u0441\u0432\u043e\u044e \u0434\u0435\u043b\u043e\u0432\u0443\u044e \u0436\u0438\u0437\u043d\u044c \u0432 1940-\u0445 \u0433\u043e\u0434\u0430\u0445. \u0421\u043e\u0437\u0434\u0430\u043b \u043d\u0435\u0431\u043e\u043b\u044c\u0448\u0443\u044e \u0441\u0435\u043c\u0435\u0439\u043d\u0443\u044e \u043a\u043e\u043c\u043f\u0430\u043d\u0438\u044e. \u041a\u043e\u043c\u043f\u0430\u043d\u0438\u044f \u0431\u044b\u043b\u0430 \u043e\u0441\u043d\u043e\u0432\u0430\u043d\u0430 \u0434\u043b\u044f \u043f\u0440\u043e\u0438\u0437\u0432\u043e\u0434\u0441\u0442\u0432\u0430 \u043e\u0434\u0435\u0436\u0434\u044b \u0438 \u0434\u043e\u043c\u0430\u0448\u043d\u0435\u0433\u043e \u0442\u0435\u043a\u0441\u0442\u0438\u043b\u044f.<\/div><\/li><li ><div class=\"iconlist-item-icon\"><i class=\"entypo-icon entypo-icon-check\"><\/i><span class=\"shapes\"><\/span><\/div><div class=\"iconlist-item-content\"><\/p>\n<h3>1960<\/h3>\n<p>\u0412 1960 \u0433\u043e\u0434\u0443 \u0410\u0434\u0438\u043b\u044c \u0411\u043e\u0437 \u043d\u0430\u0447\u0430\u043b \u043f\u0440\u043e\u0438\u0437\u0432\u043e\u0434\u0441\u0442\u0432\u043e \u043c\u0430\u0440\u043b\u0438. \u0410\u0434\u0438\u043b\u044c \u0411\u043e\u0437, \u0441\u0442\u0430\u043b \u043f\u0435\u0440\u0432\u044b\u043c \u043f\u0440\u043e\u0438\u0437\u0432\u043e\u0434\u0438\u0442\u0435\u043b\u0435\u043c \u043c\u0435\u0434\u0438\u0446\u0438\u043d\u0441\u043a\u043e\u0439 \u0442\u0435\u043a\u0441\u0442\u0438\u043b\u044c\u043d\u043e\u0439 \u043f\u0440\u043e\u0434\u0443\u043a\u0446\u0438\u0438 \u0432 \u0422\u0443\u0440\u0446\u0438\u0438.<\/div><\/li><li ><div class=\"iconlist-item-icon\"><i class=\"entypo-icon entypo-icon-check\"><\/i><span class=\"shapes\"><\/span><\/div><div class=\"iconlist-item-content\"><\/p>\n<h3>1969<\/h3>\n<p>\u041f\u043e\u0441\u043b\u0435 \u043f\u0440\u043e\u0438\u0437\u0432\u043e\u0434\u0441\u0442\u0432\u0430 \u043c\u0430\u0440\u043b\u0438, \u0432 1969 \u0433\u043e\u0434\u0443 \u0434\u043b\u044f \u0443\u0434\u043e\u0432\u043b\u0435\u0442\u0432\u043e\u0440\u0435\u043d\u0438\u044f \u043f\u043e\u0442\u0440\u0435\u0431\u043d\u043e\u0441\u0442\u0435\u0439 \u0441\u0435\u043a\u0442\u043e\u0440\u0430 \u0437\u0434\u0440\u0430\u0432\u043e\u043e\u0445\u0440\u0430\u043d\u0435\u043d\u0438\u044f \u0431\u044b\u043b\u043e \u043d\u0430\u0447\u0430\u0442\u043e \u043f\u0440\u043e\u0438\u0437\u0432\u043e\u0434\u0441\u0442\u0432\u043e \u0433\u0438\u0434\u0440\u043e\u0444\u0438\u043b\u044c\u043d\u043e\u0439 \u0432\u0430\u0442\u044b. \u0422\u0430\u043a\u0436\u0435 \u0432 1969 \u0433\u043e\u0434\u0443 \u0410\u0434\u0438\u043b\u044c \u0411\u043e\u0437 \u0432\u043f\u0435\u0440\u0432\u044b\u0435 \u043d\u0430\u0447\u0430\u043b \u043f\u0440\u043e\u0438\u0437\u0432\u043e\u0434\u0441\u0442\u0432\u043e \u0433\u0438\u043f\u0441\u043e\u0432\u044b\u0445 \u043f\u043e\u0432\u044f\u0437\u043e\u043a \u0432 \u0422\u0443\u0440\u0446\u0438\u0438.<\/div><\/li><li ><div class=\"iconlist-item-icon\"><i class=\"entypo-icon entypo-icon-check\"><\/i><span class=\"shapes\"><\/span><\/div><div class=\"iconlist-item-content\"><\/p>\n<h3>1983<\/h3>\n<p>\u041e\u0440\u0445\u0430\u043d \u0411\u043e\u0437 \u043e\u0441\u043d\u043e\u0432\u0430\u043b \u043f\u0440\u043e\u043c\u044b\u0448\u043b\u0435\u043d\u043d\u043e\u0435 \u0430\u043a\u0446\u0438\u043e\u043d\u0435\u0440\u043d\u043e\u0435 \u043e\u0431\u0449\u0435\u0441\u0442\u0432\u043e \u043f\u043e\u0434 \u0441\u0432\u043e\u0438\u043c \u0438\u043c\u0435\u043d\u0435\u043c Orhan Boz T\u0131bbi Malzeme. \u0421\u0432\u043e\u044e \u043a\u043e\u043c\u043c\u0435\u0440\u0447\u0435\u0441\u043a\u0443\u044e \u0434\u0435\u044f\u0442\u0435\u043b\u044c\u043d\u043e\u0441\u0442\u044c \u043e\u043d \u043d\u0430\u0447\u0430\u043b \u043f\u0440\u043e\u0434\u0430\u0432\u0430\u044f \u043c\u0430\u0440\u043b\u0435\u0432\u0443\u044e \u043f\u0440\u043e\u0434\u0443\u043a\u0446\u0438\u044e, \u0433\u0438\u043f\u0441\u043e\u0432\u044b\u0435 \u043f\u043e\u0432\u044f\u0437\u043a\u0438 \u0438 \u0433\u0438\u0434\u0440\u043e\u0444\u0438\u043b\u044c\u043d\u044b\u0435 \u0432\u0430\u0442\u044b \u043f\u0440\u043e\u0438\u0437\u0432\u043e\u0434\u0438\u043c\u044b\u0435 \u0410\u0434\u0438\u043b\u043e\u043c \u0411\u043e\u0437\u043e\u043c \u0432 \u0423\u0448\u0430\u043a\u0435.<\/div><\/li><li ><div class=\"iconlist-item-icon\"><i class=\"entypo-icon entypo-icon-check\"><\/i><span class=\"shapes\"><\/span><\/div><div class=\"iconlist-item-content\"><\/p>\n<h3>1993<\/h3>\n<p>\u041e\u0440\u0445\u0430\u043d \u0411\u043e\u0437 \u0437\u0430\u043c\u0435\u0442\u0438\u0432 \u043e\u0442\u0441\u0443\u0442\u0441\u0442\u0432\u0438\u0435 \u0445\u0438\u0440\u0443\u0440\u0433\u0438\u0447\u0435\u0441\u043a\u0438\u0445 \u0448\u043e\u0432\u043d\u044b\u0445 \u043c\u0430\u0442\u0435\u0440\u0438\u0430\u043b\u043e\u0432, \u0432 1993 \u0433\u043e\u0434\u0443 \u043d\u0430\u0447\u0430\u043b \u043f\u0440\u043e\u0431\u043d\u043e\u0435 \u043f\u0440\u043e\u0438\u0437\u0432\u043e\u0434\u0441\u0442\u0432\u043e \u0438 \u0432\u0432\u0435\u043b \u0432 \u044d\u043a\u0441\u043f\u043b\u0443\u0430\u0442\u0430\u0446\u0438\u044e \u0437\u0430\u0432\u043e\u0434 \u043f\u043e \u043f\u0440\u043e\u0438\u0437\u0432\u043e\u0434\u0441\u0442\u0432\u0443 \u0445\u0438\u0440\u0443\u0440\u0433\u0438\u0447\u0435\u0441\u043a\u0438\u0445 \u0448\u043e\u0432\u043d\u044b\u0445 \u043c\u0430\u0442\u0435\u0440\u0438\u0430\u043b\u043e\u0432 \u0432 \u0410\u043d\u043a\u0430\u0440\u0435.<\/div><\/li><li ><div class=\"iconlist-item-icon\"><i class=\"entypo-icon entypo-icon-check\"><\/i><span class=\"shapes\"><\/span><\/div><div class=\"iconlist-item-content\"><\/p>\n<h3>1998<\/h3>\n<p>\u0412 1998 \u0433\u043e\u0434\u0443 Adil \u0411\u043e\u0437 \u043d\u0430\u0447\u0430\u043b \u043f\u0440\u043e\u0438\u0437\u0432\u043e\u0434\u0441\u0442\u0432\u043e \u043c\u0430\u0440\u043b\u0435\u0432\u044b\u0445 \u043a\u043e\u043c\u043f\u0440\u0435\u0441\u0441\u043e\u0432, \u0433\u0443\u0431\u043e\u043a, \u0432\u0430\u0442\u043d\u044b\u0445 \u0442\u0430\u043c\u043f\u043e\u043d\u043e\u0432 \u0438 \u043c\u0430\u0440\u043b\u0435\u0432\u044b\u0445 \u043f\u043e\u0432\u044f\u0437\u043e\u043a \u043d\u0430 \u0438\u043c\u0435\u044e\u0449\u0435\u043c\u0441\u044f \u0443 \u043d\u0435\u0433\u043e \u0437\u0430\u0432\u043e\u0434\u0435 \u043f\u043e \u043f\u0440\u043e\u0438\u0437\u0432\u043e\u0434\u0441\u0442\u0432\u0443 \u043c\u0435\u0434\u0438\u0446\u0438\u043d\u0441\u043a\u0438\u0445 \u043c\u0430\u0442\u0435\u0440\u0438\u0430\u043b\u043e\u0432 \u0432 \u0410\u043d\u043a\u0430\u0440\u0435. 1998 \u0433\u043e\u0434\u0443 Adil \u0411\u043e\u0437 \u043f\u0435\u0440\u0432\u044b\u043c \u043d\u0430\u0447\u0430\u043b \u043c\u0430\u0448\u0438\u043d\u043d\u043e\u0435 \u043f\u0440\u043e\u0438\u0437\u0432\u043e\u0434\u0441\u0442\u0432\u043e \u0433\u0443\u0431\u043e\u043a \u0432 \u0422\u0443\u0440\u0446\u0438\u0438.<\/div><\/li><li ><div class=\"iconlist-item-icon\"><i class=\"entypo-icon entypo-icon-check\"><\/i><span class=\"shapes\"><\/span><\/div><div class=\"iconlist-item-content\"><\/p>\n<h3>2009<\/h3>\n<p>\u0421\u044b\u043d\u043e\u0432\u044c\u044f \u041e\u0440\u0445\u0430\u043d\u0430 \u0411\u043e\u0437\u0430, \u0410\u043b\u0438 \u0410\u0439\u043a\u0443\u0442 \u0411\u043e\u0437 \u0438 \u0410\u0434\u0438\u043b \u0411\u043e\u0437 \u0432 2009 \u0433\u043e\u0434\u0443 \u0432 \u0410\u043d\u043a\u0430\u0440\u0435 \u043e\u0441\u043d\u043e\u0432\u0430\u043b\u0438 \u043f\u0440\u043e\u043c\u044b\u0448\u043b\u0435\u043d\u043d\u0443\u044e \u0438 \u0442\u043e\u0440\u0433\u043e\u0432\u0443\u044e \u043a\u043e\u043c\u043f\u0430\u043d\u0438\u044e Boz T\u0131bbi Malzeme.<\/div><\/li><li ><div class=\"iconlist-item-icon\"><i class=\"entypo-icon entypo-icon-check\"><\/i><span class=\"shapes\"><\/span><\/div><div class=\"iconlist-item-content\"><\/p>\n<h3>2012<\/h3>\n<p>\u0412 \u0441\u043e\u043e\u0442\u0432\u0435\u0442\u0441\u0442\u0432\u0438\u0438 \u0441 \u043c\u0435\u043d\u044f\u044e\u0449\u0438\u043c\u0438\u0441\u044f \u043f\u043e\u0442\u0440\u0435\u0431\u043d\u043e\u0441\u0442\u044f\u043c\u0438 \u0438 \u0443\u0441\u043b\u043e\u0432\u0438\u044f\u043c\u0438 \u0440\u044b\u043d\u043a\u0430, Boz T\u0131bbi \u0443\u0441\u0442\u0430\u043d\u043e\u0432\u0438\u043b\u0430 \u0441\u0435\u0431\u0435 \u0446\u0435\u043b\u044c \u0441\u0442\u0430\u0442\u044c \u043f\u0440\u043e\u0438\u0437\u0432\u043e\u0434\u0438\u0442\u0435\u043b\u0435\u043c \u0432 \u0442\u0435\u0447\u0435\u043d\u0438\u0435 5 \u043b\u0435\u0442 \u043f\u043e\u0441\u043b\u0435 \u0441\u0432\u043e\u0435\u0433\u043e \u0441\u043e\u0437\u0434\u0430\u043d\u0438\u044f \u0438 \u0434\u043e\u0441\u0442\u0438\u0433\u043b\u0430 \u044d\u0442\u043e\u0439 \u0446\u0435\u043b\u0438 \u0432 \u0430\u043f\u0440\u0435\u043b\u0435 2012 \u0433\u043e\u0434\u0430.<\/div><\/li><li ><div class=\"iconlist-item-icon\"><i class=\"entypo-icon entypo-icon-check\"><\/i><span class=\"shapes\"><\/span><\/div><div class=\"iconlist-item-content\"><\/p>\n<h3>2018&#8230;<\/h3>\n<p>2007 y\u0131l\u0131na kadar Adil Boz\u2019un (dede) kurmu\u015f oldu\u011fu firma U\u015fak\u2019ta bulunan tesislerinde, ham pamuktan ipli\u011fe, iplikten dokumaya, dokuma tekstil ham maddeleri, ev ve hastane tekstil kuma\u015flar\u0131 entegre \u00fcretimi yapm\u0131\u015f ve tesislerde toplam 1500 ki\u015fiye i\u015f imkan\u0131 sunmu\u015ftur. G\u00fcn\u00fcm\u00fczde Ankara&#8217;da bulunan fabrikalar\u0131nda t\u0131bbi sarf malzemeleri \u00fcretimine devam etmektedir. Boz T\u0131bbi, 70 y\u0131ll\u0131k ser\u00fcvende edinilen tecr\u00fcbe ve birikimle gelece\u011fe emin ad\u0131mlarla ilerlemektedir.<\/div><\/li><\/ul>[\/vc_column][\/vc_row]<\/p>\n<\/div>","protected":false},"excerpt":{"rendered":"<p>[vc_row css=&#8221;.vc_custom_1529407998976{margin-right: 0px !important;margin-bottom: 50px !important;margin-left: 0px !important;padding-top: 80px !important;padding-right: 40px !important;padding-bottom: 80px !important;padding-left: 40px !important;background-image: url(https:\/\/www.boztibbi.com\/wp-content\/uploads\/2018\/06\/boz-t\u0131bbi-malzemeler-t\u00fcrkiye-yerli-\u00fcretim-\u00fcretici-t\u00fcrk-mal\u0131-istanbul-ankara-u\u015fak-cerrahi-iplik-gazl\u0131-bez-span\u00e7.jpg?id=1927) !important;background-position: center !important;background-repeat: no-repeat !important;background-size: cover !important;}&#8221;][vc_column width=&#8221;1\/2&#8243;][\/vc_column][vc_column width=&#8221;1\/2&#8243;][vc_column_text] \u0411\u043e\u043b\u0435\u0435 70 \u043b\u0435\u0442 \u043e\u043f\u044b\u0442\u0430 \u0438 \u043d\u0430\u0440\u0430\u0449\u0438\u0432\u0430\u043d\u0438\u044f \u043f\u0440\u043e\u0438\u0437\u0432\u043e\u0434\u0441\u0442\u0432\u0430 [\/vc_column_text][\/vc_column][\/vc_row][vc_row][vc_column][\/vc_column][\/vc_row]<\/p>\n","protected":false},"author":1,"featured_media":0,"parent":5936,"menu_order":0,"comment_status":"closed","ping_status":"closed","template":"","meta":{"_acf_changed":false,"footnotes":""},"class_list":["post-5958","page","type-page","status-publish","hentry"],"acf":[],"yoast_head":"<!-- This site is optimized with the Yoast SEO plugin v21.6 - https:\/\/yoast.com\/wordpress\/plugins\/seo\/ -->\n<title>\u0412\u0435\u0445\u0438 - Boz Medical<\/title>\n<meta name=\"robots\" content=\"index, follow, max-snippet:-1, max-image-preview:large, max-video-preview:-1\" \/>\n<link rel=\"canonical\" href=\"https:\/\/www.boztibbi.com\/ru\/korporativnyy\/vekhi\/\" \/>\n<meta property=\"og:locale\" content=\"ru_RU\" \/>\n<meta property=\"og:type\" content=\"article\" \/>\n<meta property=\"og:title\" content=\"\u0412\u0435\u0445\u0438 - Boz Medical\" \/>\n<meta property=\"og:description\" content=\"[vc_row css=&#8221;.vc_custom_1529407998976{margin-right: 0px !important;margin-bottom: 50px !important;margin-left: 0px !important;padding-top: 80px !important;padding-right: 40px !important;padding-bottom: 80px !important;padding-left: 40px !important;background-image: url(https:\/\/www.boztibbi.com\/wp-content\/uploads\/2018\/06\/boz-t\u0131bbi-malzemeler-t\u00fcrkiye-yerli-\u00fcretim-\u00fcretici-t\u00fcrk-mal\u0131-istanbul-ankara-u\u015fak-cerrahi-iplik-gazl\u0131-bez-span\u00e7.jpg?id=1927) !important;background-position: center !important;background-repeat: no-repeat !important;background-size: cover !important;}&#8221;][vc_column width=&#8221;1\/2&#8243;][\/vc_column][vc_column width=&#8221;1\/2&#8243;][vc_column_text] \u0411\u043e\u043b\u0435\u0435 70 \u043b\u0435\u0442 \u043e\u043f\u044b\u0442\u0430 \u0438 \u043d\u0430\u0440\u0430\u0449\u0438\u0432\u0430\u043d\u0438\u044f \u043f\u0440\u043e\u0438\u0437\u0432\u043e\u0434\u0441\u0442\u0432\u0430 [\/vc_column_text][\/vc_column][\/vc_row][vc_row][vc_column][\/vc_column][\/vc_row]\" \/>\n<meta property=\"og:url\" content=\"https:\/\/www.boztibbi.com\/ru\/korporativnyy\/vekhi\/\" \/>\n<meta property=\"og:site_name\" content=\"Boz Medical\" \/>\n<meta property=\"article:publisher\" content=\"https:\/\/www.facebook.com\/bozmedical\/\" \/>\n<meta property=\"article:modified_time\" content=\"2022-07-30T12:26:06+00:00\" \/>\n<meta name=\"twitter:card\" content=\"summary_large_image\" \/>\n<meta name=\"twitter:site\" content=\"@bozmedical\" \/>\n<script type=\"application\/ld+json\" class=\"yoast-schema-graph\">{\"@context\":\"https:\/\/schema.org\",\"@graph\":[{\"@type\":\"WebPage\",\"@id\":\"https:\/\/www.boztibbi.com\/ru\/korporativnyy\/vekhi\/\",\"url\":\"https:\/\/www.boztibbi.com\/ru\/korporativnyy\/vekhi\/\",\"name\":\"\u0412\u0435\u0445\u0438 - Boz Medical\",\"isPartOf\":{\"@id\":\"https:\/\/www.boztibbi.com\/#website\"},\"datePublished\":\"2018-06-19T11:01:17+00:00\",\"dateModified\":\"2022-07-30T12:26:06+00:00\",\"breadcrumb\":{\"@id\":\"https:\/\/www.boztibbi.com\/ru\/korporativnyy\/vekhi\/#breadcrumb\"},\"inLanguage\":\"ru-RU\",\"potentialAction\":[{\"@type\":\"ReadAction\",\"target\":[\"https:\/\/www.boztibbi.com\/ru\/korporativnyy\/vekhi\/\"]}]},{\"@type\":\"BreadcrumbList\",\"@id\":\"https:\/\/www.boztibbi.com\/ru\/korporativnyy\/vekhi\/#breadcrumb\",\"itemListElement\":[{\"@type\":\"ListItem\",\"position\":1,\"name\":\"\u0413\u043b\u0430\u0432\u043d\u0430\u044f \u0441\u0442\u0440\u0430\u043d\u0438\u0446\u0430\",\"item\":\"https:\/\/www.boztibbi.com\/ru\/\"},{\"@type\":\"ListItem\",\"position\":2,\"name\":\"\u041a\u043e\u0440\u043f\u043e\u0440\u0430\u0442\u0438\u0432\u043d\u044b\u0439\",\"item\":\"https:\/\/www.boztibbi.com\/ru\/korporativnyy\/\"},{\"@type\":\"ListItem\",\"position\":3,\"name\":\"\u0412\u0435\u0445\u0438\"}]},{\"@type\":\"WebSite\",\"@id\":\"https:\/\/www.boztibbi.com\/#website\",\"url\":\"https:\/\/www.boztibbi.com\/\",\"name\":\"Boz Medical\",\"description\":\"\u0425\u0438\u0440\u0443\u0440\u0433\u0438\u0447\u0435\u0441\u043a\u0438\u0435 \u0448\u0432\u044b, \u0440\u0430\u0441\u0441\u0430\u0441\u044b\u0432\u0430\u044e\u0449\u0438\u0435\u0441\u044f \u0433\u0435\u043c\u043e\u0441\u0442\u0430\u0442\u044b \u0438 \u0445\u0438\u0440\u0443\u0440\u0433\u0438\u0447\u0435\u0441\u043a\u0438\u0435 \u0441\u0435\u0442\u043a\u0438\",\"publisher\":{\"@id\":\"https:\/\/www.boztibbi.com\/#organization\"},\"potentialAction\":[{\"@type\":\"SearchAction\",\"target\":{\"@type\":\"EntryPoint\",\"urlTemplate\":\"https:\/\/www.boztibbi.com\/?s={search_term_string}\"},\"query-input\":\"required name=search_term_string\"}],\"inLanguage\":\"ru-RU\"},{\"@type\":\"Organization\",\"@id\":\"https:\/\/www.boztibbi.com\/#organization\",\"name\":\"Boz T\u0131bbi Malzeme Sanayi ve Ticaret A.\u015e.\",\"url\":\"https:\/\/www.boztibbi.com\/\",\"logo\":{\"@type\":\"ImageObject\",\"inLanguage\":\"ru-RU\",\"@id\":\"https:\/\/www.boztibbi.com\/#\/schema\/logo\/image\/\",\"url\":\"https:\/\/www.boztibbi.com\/wp-content\/uploads\/2018\/08\/boz-t\u0131bbi-malzemeler-medikal-tekstil-t\u00fcrkiye-istanbul-ankara-u\u015fak.png\",\"contentUrl\":\"https:\/\/www.boztibbi.com\/wp-content\/uploads\/2018\/08\/boz-t\u0131bbi-malzemeler-medikal-tekstil-t\u00fcrkiye-istanbul-ankara-u\u015fak.png\",\"width\":1024,\"height\":683,\"caption\":\"Boz T\u0131bbi Malzeme Sanayi ve Ticaret A.\u015e.\"},\"image\":{\"@id\":\"https:\/\/www.boztibbi.com\/#\/schema\/logo\/image\/\"},\"sameAs\":[\"https:\/\/www.facebook.com\/bozmedical\/\",\"https:\/\/twitter.com\/bozmedical\"]}]}<\/script>\n<!-- \/ Yoast SEO plugin. -->","yoast_head_json":{"title":"\u0412\u0435\u0445\u0438 - Boz Medical","robots":{"index":"index","follow":"follow","max-snippet":"max-snippet:-1","max-image-preview":"max-image-preview:large","max-video-preview":"max-video-preview:-1"},"canonical":"https:\/\/www.boztibbi.com\/ru\/korporativnyy\/vekhi\/","og_locale":"ru_RU","og_type":"article","og_title":"\u0412\u0435\u0445\u0438 - Boz Medical","og_description":"[vc_row css=&#8221;.vc_custom_1529407998976{margin-right: 0px !important;margin-bottom: 50px !important;margin-left: 0px !important;padding-top: 80px !important;padding-right: 40px !important;padding-bottom: 80px !important;padding-left: 40px !important;background-image: url(https:\/\/www.boztibbi.com\/wp-content\/uploads\/2018\/06\/boz-t\u0131bbi-malzemeler-t\u00fcrkiye-yerli-\u00fcretim-\u00fcretici-t\u00fcrk-mal\u0131-istanbul-ankara-u\u015fak-cerrahi-iplik-gazl\u0131-bez-span\u00e7.jpg?id=1927) !important;background-position: center !important;background-repeat: no-repeat !important;background-size: cover !important;}&#8221;][vc_column width=&#8221;1\/2&#8243;][\/vc_column][vc_column width=&#8221;1\/2&#8243;][vc_column_text] \u0411\u043e\u043b\u0435\u0435 70 \u043b\u0435\u0442 \u043e\u043f\u044b\u0442\u0430 \u0438 \u043d\u0430\u0440\u0430\u0449\u0438\u0432\u0430\u043d\u0438\u044f \u043f\u0440\u043e\u0438\u0437\u0432\u043e\u0434\u0441\u0442\u0432\u0430 [\/vc_column_text][\/vc_column][\/vc_row][vc_row][vc_column][\/vc_column][\/vc_row]","og_url":"https:\/\/www.boztibbi.com\/ru\/korporativnyy\/vekhi\/","og_site_name":"Boz Medical","article_publisher":"https:\/\/www.facebook.com\/bozmedical\/","article_modified_time":"2022-07-30T12:26:06+00:00","twitter_card":"summary_large_image","twitter_site":"@bozmedical","schema":{"@context":"https:\/\/schema.org","@graph":[{"@type":"WebPage","@id":"https:\/\/www.boztibbi.com\/ru\/korporativnyy\/vekhi\/","url":"https:\/\/www.boztibbi.com\/ru\/korporativnyy\/vekhi\/","name":"\u0412\u0435\u0445\u0438 - Boz Medical","isPartOf":{"@id":"https:\/\/www.boztibbi.com\/#website"},"datePublished":"2018-06-19T11:01:17+00:00","dateModified":"2022-07-30T12:26:06+00:00","breadcrumb":{"@id":"https:\/\/www.boztibbi.com\/ru\/korporativnyy\/vekhi\/#breadcrumb"},"inLanguage":"ru-RU","potentialAction":[{"@type":"ReadAction","target":["https:\/\/www.boztibbi.com\/ru\/korporativnyy\/vekhi\/"]}]},{"@type":"BreadcrumbList","@id":"https:\/\/www.boztibbi.com\/ru\/korporativnyy\/vekhi\/#breadcrumb","itemListElement":[{"@type":"ListItem","position":1,"name":"\u0413\u043b\u0430\u0432\u043d\u0430\u044f \u0441\u0442\u0440\u0430\u043d\u0438\u0446\u0430","item":"https:\/\/www.boztibbi.com\/ru\/"},{"@type":"ListItem","position":2,"name":"\u041a\u043e\u0440\u043f\u043e\u0440\u0430\u0442\u0438\u0432\u043d\u044b\u0439","item":"https:\/\/www.boztibbi.com\/ru\/korporativnyy\/"},{"@type":"ListItem","position":3,"name":"\u0412\u0435\u0445\u0438"}]},{"@type":"WebSite","@id":"https:\/\/www.boztibbi.com\/#website","url":"https:\/\/www.boztibbi.com\/","name":"Boz Medical","description":"\u0425\u0438\u0440\u0443\u0440\u0433\u0438\u0447\u0435\u0441\u043a\u0438\u0435 \u0448\u0432\u044b, \u0440\u0430\u0441\u0441\u0430\u0441\u044b\u0432\u0430\u044e\u0449\u0438\u0435\u0441\u044f \u0433\u0435\u043c\u043e\u0441\u0442\u0430\u0442\u044b \u0438 \u0445\u0438\u0440\u0443\u0440\u0433\u0438\u0447\u0435\u0441\u043a\u0438\u0435 \u0441\u0435\u0442\u043a\u0438","publisher":{"@id":"https:\/\/www.boztibbi.com\/#organization"},"potentialAction":[{"@type":"SearchAction","target":{"@type":"EntryPoint","urlTemplate":"https:\/\/www.boztibbi.com\/?s={search_term_string}"},"query-input":"required name=search_term_string"}],"inLanguage":"ru-RU"},{"@type":"Organization","@id":"https:\/\/www.boztibbi.com\/#organization","name":"Boz T\u0131bbi Malzeme Sanayi ve Ticaret A.\u015e.","url":"https:\/\/www.boztibbi.com\/","logo":{"@type":"ImageObject","inLanguage":"ru-RU","@id":"https:\/\/www.boztibbi.com\/#\/schema\/logo\/image\/","url":"https:\/\/www.boztibbi.com\/wp-content\/uploads\/2018\/08\/boz-t\u0131bbi-malzemeler-medikal-tekstil-t\u00fcrkiye-istanbul-ankara-u\u015fak.png","contentUrl":"https:\/\/www.boztibbi.com\/wp-content\/uploads\/2018\/08\/boz-t\u0131bbi-malzemeler-medikal-tekstil-t\u00fcrkiye-istanbul-ankara-u\u015fak.png","width":1024,"height":683,"caption":"Boz T\u0131bbi Malzeme Sanayi ve Ticaret A.\u015e."},"image":{"@id":"https:\/\/www.boztibbi.com\/#\/schema\/logo\/image\/"},"sameAs":["https:\/\/www.facebook.com\/bozmedical\/","https:\/\/twitter.com\/bozmedical"]}]}},"_links":{"self":[{"href":"https:\/\/www.boztibbi.com\/ru\/wp-json\/wp\/v2\/pages\/5958","targetHints":{"allow":["GET"]}}],"collection":[{"href":"https:\/\/www.boztibbi.com\/ru\/wp-json\/wp\/v2\/pages"}],"about":[{"href":"https:\/\/www.boztibbi.com\/ru\/wp-json\/wp\/v2\/types\/page"}],"author":[{"embeddable":true,"href":"https:\/\/www.boztibbi.com\/ru\/wp-json\/wp\/v2\/users\/1"}],"replies":[{"embeddable":true,"href":"https:\/\/www.boztibbi.com\/ru\/wp-json\/wp\/v2\/comments?post=5958"}],"version-history":[{"count":4,"href":"https:\/\/www.boztibbi.com\/ru\/wp-json\/wp\/v2\/pages\/5958\/revisions"}],"predecessor-version":[{"id":10420,"href":"https:\/\/www.boztibbi.com\/ru\/wp-json\/wp\/v2\/pages\/5958\/revisions\/10420"}],"up":[{"embeddable":true,"href":"https:\/\/www.boztibbi.com\/ru\/wp-json\/wp\/v2\/pages\/5936"}],"wp:attachment":[{"href":"https:\/\/www.boztibbi.com\/ru\/wp-json\/wp\/v2\/media?parent=5958"}],"curies":[{"name":"wp","href":"https:\/\/api.w.org\/{rel}","templated":true}]}}