{"id":5297,"date":"2018-06-28T14:49:06","date_gmt":"2018-06-28T11:49:06","guid":{"rendered":"https:\/\/www.boztibbi.com\/produits\/sutures\/antibacterial-absorbable-sutures\/"},"modified":"2019-08-29T09:47:32","modified_gmt":"2019-08-29T06:47:32","slug":"antibacteriennes-sutures","status":"publish","type":"page","link":"https:\/\/www.boztibbi.com\/fr\/produits\/sutures\/antibacteriennes-sutures\/","title":{"rendered":"Antibact\u00e9riennes Sutures"},"content":{"rendered":"<div class=\"wpb-content-wrapper\"><p>[vc_row][vc_column width=&#8221;1\/4&#8243;]\n<!-- BEGIN .imagebox -->\n<div class=\"imagebox   vc_custom_1567060477455\">\n\t\n\t\t<div class=\"box-header\">\n\t\t\t<h3 class=\"box-title\">\n\t\t\t\t<a href=\"https:\/\/www.boztibbi.com\/fr\/produits\/sutures\/antibacteriennes-sutures\/glikosorb-plus\/\" target=\"_self\">\n\t\t\t\t\tGLIKOSORB PLUS\t\t\t\t<\/a>\n\t\t\t<\/h3>\n\n\t\t\t\t\t\t\t<span class=\"box-subtitle\">\n\t\t\t\t\tAcide Polyglycolique (PGA)\t\t\t\t<\/span>\n\t\t\t\t\t<\/div>\n\n\t\t<div class=\"box-content\"><\/div>\n\n\t\t<div class=\"box-image\">\n\t\t\t<a href=\"https:\/\/www.boztibbi.com\/fr\/produits\/sutures\/antibacteriennes-sutures\/glikosorb-plus\/\" target=\"_self\">\n\t\t\t\t\t\t\t\t\t<div class=\"box-button button\">\t\n\t\t\t\t\t\t<span>VUE<\/span><i class=\"ion-log-in\"><\/i>\n\t\t\t\t\t<\/div>\n\t\t\t\t\n\t\t\t\t<img decoding=\"async\" class=\"\" src=\"https:\/\/www.boztibbi.com\/wp-content\/uploads\/2018\/07\/glikosorb-plus-antibakteriyel-emilebilir-cerrahi-ameliyat-iplikleri-antibacterial-absorbable-surgical-suture-tr1.jpg\" width=\"400\" height=\"300\" alt=\"glikosorb-plus-antibakteriyel-emilebilir-cerrahi-ameliyat-iplikleri-antibacterial-absorbable-surgical-suture-tr1\" title=\"glikosorb-plus-antibakteriyel-emilebilir-cerrahi-ameliyat-iplikleri-antibacterial-absorbable-surgical-suture-tr1\" loading=\"lazy\" \/>\t\t\t<\/a>\n\t\t<\/div>\n\t<\/div>\n<!-- End .imagebox -->\n[vc_empty_space height=&#8221;30px&#8221;][\/vc_column][vc_column width=&#8221;1\/4&#8243;]\n<!-- BEGIN .imagebox -->\n<div class=\"imagebox   vc_custom_1567060509548\">\n\t\n\t\t<div class=\"box-header\">\n\t\t\t<h3 class=\"box-title\">\n\t\t\t\t<a href=\"https:\/\/www.boztibbi.com\/fr\/produits\/sutures\/antibacteriennes-sutures\/glikolak-plus\/\" target=\"_self\">\n\t\t\t\t\tGLIKOLAK PLUS\t\t\t\t<\/a>\n\t\t\t<\/h3>\n\n\t\t\t\t\t\t\t<span class=\"box-subtitle\">\n\t\t\t\t\tPolyglycolide et de Lactide (PGLA)\t\t\t\t<\/span>\n\t\t\t\t\t<\/div>\n\n\t\t<div class=\"box-content\"><\/div>\n\n\t\t<div class=\"box-image\">\n\t\t\t<a href=\"https:\/\/www.boztibbi.com\/fr\/produits\/sutures\/antibacteriennes-sutures\/glikolak-plus\/\" target=\"_self\">\n\t\t\t\t\t\t\t\t\t<div class=\"box-button button\">\t\n\t\t\t\t\t\t<span>Vue<\/span><i class=\"ion-log-in\"><\/i>\n\t\t\t\t\t<\/div>\n\t\t\t\t\n\t\t\t\t<img decoding=\"async\" class=\"\" src=\"https:\/\/www.boztibbi.com\/wp-content\/uploads\/2018\/07\/glikolak-plus-antibakteriyel-emilebilir-cerrahi-ameliyat-iplikleri-antibacterial-absorbable-surgical-suture-tr1.jpg\" width=\"400\" height=\"300\" alt=\"glikolak-plus-antibakteriyel-emilebilir-cerrahi-ameliyat-iplikleri-antibacterial-absorbable-surgical-suture-tr1\" title=\"glikolak-plus-antibakteriyel-emilebilir-cerrahi-ameliyat-iplikleri-antibacterial-absorbable-surgical-suture-tr1\" loading=\"lazy\" \/>\t\t\t<\/a>\n\t\t<\/div>\n\t<\/div>\n<!-- End .imagebox -->\n[vc_empty_space height=&#8221;30px&#8221;][\/vc_column][vc_column width=&#8221;1\/4&#8243;]\n<!-- BEGIN .imagebox -->\n<div class=\"imagebox   vc_custom_1567060552258\">\n\t\n\t\t<div class=\"box-header\">\n\t\t\t<h3 class=\"box-title\">\n\t\t\t\t<a href=\"https:\/\/www.boztibbi.com\/fr\/produits\/sutures\/antibacteriennes-sutures\/monokaprol-plus\/\" target=\"_self\">\n\t\t\t\t\tMONOKAPROL PLUS\t\t\t\t<\/a>\n\t\t\t<\/h3>\n\n\t\t\t\t\t\t\t<span class=\"box-subtitle\">\n\t\t\t\t\tPolyglycolide-co-caprolactone (PGCL)\t\t\t\t<\/span>\n\t\t\t\t\t<\/div>\n\n\t\t<div class=\"box-content\"><\/div>\n\n\t\t<div class=\"box-image\">\n\t\t\t<a href=\"https:\/\/www.boztibbi.com\/fr\/produits\/sutures\/antibacteriennes-sutures\/monokaprol-plus\/\" target=\"_self\">\n\t\t\t\t\t\t\t\t\t<div class=\"box-button button\">\t\n\t\t\t\t\t\t<span>Vue<\/span><i class=\"ion-log-in\"><\/i>\n\t\t\t\t\t<\/div>\n\t\t\t\t\n\t\t\t\t<img decoding=\"async\" class=\"\" src=\"https:\/\/www.boztibbi.com\/wp-content\/uploads\/2018\/07\/monokaprol-plus-antibakteriyel-emilebilir-cerrahi-ameliyat-iplikleri-antibacterial-absorbable-surgical-suture-tr1.jpg\" width=\"400\" height=\"300\" alt=\"monokaprol-plus-antibakteriyel-emilebilir-cerrahi-ameliyat-iplikleri-antibacterial-absorbable-surgical-suture-tr1\" title=\"monokaprol-plus-antibakteriyel-emilebilir-cerrahi-ameliyat-iplikleri-antibacterial-absorbable-surgical-suture-tr1\" loading=\"lazy\" \/>\t\t\t<\/a>\n\t\t<\/div>\n\t<\/div>\n<!-- End .imagebox -->\n[vc_empty_space height=&#8221;30px&#8221;][\/vc_column][vc_column width=&#8221;1\/4&#8243;]\n<!-- BEGIN .imagebox -->\n<div class=\"imagebox   vc_custom_1567060576617\">\n\t\n\t\t<div class=\"box-header\">\n\t\t\t<h3 class=\"box-title\">\n\t\t\t\t<a href=\"https:\/\/www.boztibbi.com\/fr\/produits\/sutures\/antibacteriennes-sutures\/polidiox-plus\/\" target=\"_self\">\n\t\t\t\t\tPOLIDIOX PLUS\t\t\t\t<\/a>\n\t\t\t<\/h3>\n\n\t\t\t\t\t\t\t<span class=\"box-subtitle\">\n\t\t\t\t\tPolydioxanone (PDO)\t\t\t\t<\/span>\n\t\t\t\t\t<\/div>\n\n\t\t<div class=\"box-content\"><\/div>\n\n\t\t<div class=\"box-image\">\n\t\t\t<a href=\"https:\/\/www.boztibbi.com\/fr\/produits\/sutures\/antibacteriennes-sutures\/polidiox-plus\/\" target=\"_self\">\n\t\t\t\t\t\t\t\t\t<div class=\"box-button button\">\t\n\t\t\t\t\t\t<span>Vue<\/span><i class=\"ion-log-in\"><\/i>\n\t\t\t\t\t<\/div>\n\t\t\t\t\n\t\t\t\t<img decoding=\"async\" class=\"\" src=\"https:\/\/www.boztibbi.com\/wp-content\/uploads\/2018\/07\/polidiox-plus-antibakteriyel-emilebilir-cerrahi-ameliyat-iplikleri-antibacterial-absorbable-surgical-suture-tr1.jpg\" width=\"400\" height=\"300\" alt=\"polidiox-plus-antibakteriyel-emilebilir-cerrahi-ameliyat-iplikleri-antibacterial-absorbable-surgical-suture-tr1\" title=\"polidiox-plus-antibakteriyel-emilebilir-cerrahi-ameliyat-iplikleri-antibacterial-absorbable-surgical-suture-tr1\" loading=\"lazy\" \/>\t\t\t<\/a>\n\t\t<\/div>\n\t<\/div>\n<!-- End .imagebox -->\n[vc_empty_space height=&#8221;30px&#8221;][\/vc_column][\/vc_row][vc_row css=&#8221;.vc_custom_1532332110196{padding-top: 20px !important;padding-bottom: 40px !important;}&#8221;][vc_column width=&#8221;1\/2&#8243;][vc_column_text]<\/p>\n<h3 class=\"no-margin-top\">SUTURES ANTIBACT\u00c9RIENNES<\/h3>\n<p>Les infections chirurgicales sont des probl\u00e8mes extr\u00eamement importants et graves en termes de mortalit\u00e9, de morbidit\u00e9, de frais d\u2019hospitalisation et de temps d\u2019hospitalisation prolong\u00e9. Les probl\u00e8mes d&#8217;infection peuvent ralentir la r\u00e9insertion professionnelle et familiale de la personne qui a subi une op\u00e9ration chirurgicale. Nos sutures chirurgicales anti-bact\u00e9riennes qui emp\u00eachent le d\u00e9veloppement de telles infections raccourcissent les processus de traitement et minimisent les probl\u00e8mes possibles associ\u00e9s au traitement.<\/p>\n<p>Les sutures antibact\u00e9riennes offrent un effet antibact\u00e9rien avec une teneur maximale en agent antibact\u00e9rien \u00e0 large spectre d&#8217;agent antibact\u00e9rien \u00e0 60mg\/m de dihex\u00e9tate de chlorhexidine (CHA). Ces sutures offrent une protection contre la colonisation bact\u00e9rienne. En outre, ces sutures cr\u00e9ent une zone d\u2019inhibition contre les agents pathog\u00e8nes responsables de l\u2019infection du site op\u00e9ratoire.[\/vc_column_text][\/vc_column][vc_column width=&#8221;1\/2&#8243;][vc_column_text]<\/p>\n<h3 class=\"no-margin-top\">Structure R\u00e9sorbable<\/h3>\n<p>Toutes nos sutures anti-bact\u00e9riennes ont une structure absorbable. Les sutures anti-bact\u00e9riennes r\u00e9sorbables sont absorb\u00e9es par le corps lors d&#8217;une hydrolyse ou par voie enzymatique. Les sutures anti-bact\u00e9riennes r\u00e9sorbables effectuent leur t\u00e2ches et sont absorb\u00e9es et disparaissent avec le temps. Une fois le temps d&#8217;absorption \u00e9coul\u00e9, il ne reste aucun corps \u00e9tranger dans le corps. Les sutures r\u00e9sorbables antibact\u00e9riennes fournissent un excellent support tissulaire et provoquent moins de r\u00e9actions tissulaires.<\/p>\n<p>Les sutures r\u00e9sorbables antibact\u00e9riennes offrent un minimum de traumatisme tissulaire, une capillarit\u00e9 minimale, une facilit\u00e9 de nouage et d&#8217;ajustement. Ces sutures se pr\u00e9sentent sous forme de multifilament (tiss\u00e9) et de monofilament.[\/vc_column_text][\/vc_column][\/vc_row][vc_row disable_element=&#8221;yes&#8221;][vc_column offset=&#8221;vc_hidden-sm vc_hidden-xs&#8221;][vc_column_text]\n<table id=\"tablepress-11\" class=\"tablepress tablepress-id-11\">\n<thead>\n<tr class=\"row-1 odd\">\n\t<th class=\"column-1\">Antibacterial Sutures<\/th><th class=\"column-2\">Structural Features<\/th><th class=\"column-3\">USP Range<\/th><th class=\"column-4\">EP Range<\/th>\n<\/tr>\n<\/thead>\n<tbody class=\"row-hover\">\n<tr class=\"row-2 even\">\n\t<td class=\"column-1\"><a href=\"https:\/\/www.boztibbi.com\/en\/products\/sutures\/antibacterial-absorbable-sutures\/glikosorb-plus\/\"><strong><span style=\"color: #c9a2cc;\">GLIKOSORB PLUS<\/span><\/strong><\/a><\/td><td class=\"column-2\">Antibacterial, absorbable, multifilament, coated, Polyglycolicacid (PGA), synthetic, purple and colorless<\/td><td class=\"column-3\">5\/0-2<\/td><td class=\"column-4\">1-5<\/td>\n<\/tr>\n<tr class=\"row-3 odd\">\n\t<td class=\"column-1\"><a href=\"https:\/\/www.boztibbi.com\/en\/products\/sutures\/antibacterial-absorbable-sutures\/glikolak-plus\/\"><strong><span style=\"color: #c9a2cc;\">GLIKOLAK PLUS<\/span><\/strong><\/a><\/td><td class=\"column-2\">Antibacterial, absorbable, multifilament, coated, Poly[glycolide(90%)-co-lactide(10%)], synthetic, purple and colorless<\/td><td class=\"column-3\">5\/0-2<\/td><td class=\"column-4\">1-5<\/td>\n<\/tr>\n<tr class=\"row-4 even\">\n\t<td class=\"column-1\"><a href=\"https:\/\/www.boztibbi.com\/en\/products\/sutures\/antibacterial-absorbable-sutures\/monokaprol-plus\/\"><strong><span style=\"color: #f6bcb3;\">MONAKAPROL PLUS<\/span><\/strong><\/a><\/td><td class=\"column-2\">Antibacterial, absorbable, monofilament, Poly[glycolide(75%)-co-caprolactone(25%)](PGCL), synthetic, purple and colorless<\/td><td class=\"column-3\">5\/0-2<\/td><td class=\"column-4\">1-5<\/td>\n<\/tr>\n<tr class=\"row-5 odd\">\n\t<td class=\"column-1\"><a href=\"https:\/\/www.boztibbi.com\/en\/products\/sutures\/antibacterial-absorbable-sutures\/polidiox-plus\/\"><strong><span style=\"color: #c6c6c6;\">POLIDIOX PLUS<\/span><\/strong><\/a><\/td><td class=\"column-2\">Antibacterial, absorbable, monofilament, Polydioxanone (PDO), synthetic, purple<\/td><td class=\"column-3\">5\/0-2<\/td><td class=\"column-4\">1-5<\/td>\n<\/tr>\n<\/tbody>\n<\/table>\n[\/vc_column_text][vc_empty_space height=&#8221;40px&#8221;][\/vc_column][\/vc_row][vc_row][vc_column width=&#8221;1\/3&#8243;]\n<!-- BEGIN .imagebox -->\n<div class=\"imagebox   vc_custom_1567060709107\">\n\t\n\t\t<div class=\"box-header\">\n\t\t\t<h3 class=\"box-title\">\n\t\t\t\t<a href=\"https:\/\/www.boztibbi.com\/fr\/produits\/sutures\/sutures-resorbables\/\" target=\"_self\">\n\t\t\t\t\tSutures R\u00e9sorbables\t\t\t\t<\/a>\n\t\t\t<\/h3>\n\n\t\t\t\t\t\t\t<span class=\"box-subtitle\">\n\t\t\t\t\tSutures Chirurgicales R\u00e9sorbables\t\t\t\t<\/span>\n\t\t\t\t\t<\/div>\n\n\t\t<div class=\"box-content\"><p>Nos sutures absorbantes peuvent \u00eatre class\u00e9es dans 8 groupes et offrent une absorption entre 30 et 210 jours.<\/p>\n<\/div>\n\n\t\t<div class=\"box-image\">\n\t\t\t<a href=\"https:\/\/www.boztibbi.com\/fr\/produits\/sutures\/sutures-resorbables\/\" target=\"_self\">\n\t\t\t\t\t\t\t\t\t<div class=\"box-button button\">\t\n\t\t\t\t\t\t<span>Voir Nos Produits<\/span><i class=\"ion-log-in\"><\/i>\n\t\t\t\t\t<\/div>\n\t\t\t\t\n\t\t\t\t<img decoding=\"async\" class=\"\" src=\"https:\/\/www.boztibbi.com\/wp-content\/uploads\/2018\/07\/boz-t\u0131bbi-malzemeler-emilebilen-s\u00fct\u00fcrler-absorbable-surgical-sutures-toplu-foto.jpg\" width=\"400\" height=\"300\" alt=\"boz-t\u0131bbi-malzemeler-emilebilen-s\u00fct\u00fcrler-absorbable-surgical-sutures-toplu-foto\" title=\"boz-t\u0131bbi-malzemeler-emilebilen-s\u00fct\u00fcrler-absorbable-surgical-sutures-toplu-foto\" loading=\"lazy\" \/>\t\t\t<\/a>\n\t\t<\/div>\n\t<\/div>\n<!-- End .imagebox -->\n[\/vc_column][vc_column width=&#8221;1\/3&#8243;]\n<!-- BEGIN .imagebox -->\n<div class=\"imagebox   vc_custom_1567060794225\">\n\t\n\t\t<div class=\"box-header\">\n\t\t\t<h3 class=\"box-title\">\n\t\t\t\t<a href=\"https:\/\/www.boztibbi.com\/fr\/produits\/sutures\/sutures-non-resorbables\" target=\"_self\">\n\t\t\t\t\tSutures Non R\u00e9sorbables\t\t\t\t<\/a>\n\t\t\t<\/h3>\n\n\t\t\t\t\t\t\t<span class=\"box-subtitle\">\n\t\t\t\t\tSutures chirurgicales non r\u00e9sorbables\t\t\t\t<\/span>\n\t\t\t\t\t<\/div>\n\n\t\t<div class=\"box-content\"><p>Nos sutures non r\u00e9sorbables peuvent \u00eatre class\u00e9es en 10 groupes et utilis\u00e9es dans diverses op\u00e9rations.<\/p>\n<\/div>\n\n\t\t<div class=\"box-image\">\n\t\t\t<a href=\"https:\/\/www.boztibbi.com\/fr\/produits\/sutures\/sutures-non-resorbables\" target=\"_self\">\n\t\t\t\t\t\t\t\t\t<div class=\"box-button button\">\t\n\t\t\t\t\t\t<span>Voir Nos Produits<\/span><i class=\"ion-log-in\"><\/i>\n\t\t\t\t\t<\/div>\n\t\t\t\t\n\t\t\t\t<img decoding=\"async\" class=\"\" src=\"https:\/\/www.boztibbi.com\/wp-content\/uploads\/2018\/07\/boz-t\u0131bbi-malzemeler-emilemeyen-s\u00fct\u00fcrler-non-absorbable-surgical-sutures-toplu-foto.jpg\" width=\"400\" height=\"300\" alt=\"boz-t\u0131bbi-malzemeler-emilemeyen-s\u00fct\u00fcrler-non-absorbable-surgical-sutures-toplu-foto\" title=\"boz-t\u0131bbi-malzemeler-emilemeyen-s\u00fct\u00fcrler-non-absorbable-surgical-sutures-toplu-foto\" loading=\"lazy\" \/>\t\t\t<\/a>\n\t\t<\/div>\n\t<\/div>\n<!-- End .imagebox -->\n[\/vc_column][vc_column width=&#8221;1\/3&#8243;]\n<!-- BEGIN .imagebox -->\n<div class=\"imagebox   vc_custom_1567060837590\">\n\t\n\t\t<div class=\"box-header\">\n\t\t\t<h3 class=\"box-title\">\n\t\t\t\t<a href=\"https:\/\/www.boztibbi.com\/fr\/produits\/gaze-hemostatique\/\" target=\"_self\">\n\t\t\t\t\tGAZE H\u00c9MOSTATIQUE\t\t\t\t<\/a>\n\t\t\t<\/h3>\n\n\t\t\t\t\t\t\t<span class=\"box-subtitle\">\n\t\t\t\t\tH\u00e9mostatique R\u00e9sorbables\t\t\t\t<\/span>\n\t\t\t\t\t<\/div>\n\n\t\t<div class=\"box-content\"><p>Les h\u00e9mostats sont des mat\u00e9riaux sensibles et font partie des \u00e9l\u00e9ments indispensables des interventions et des op\u00e9rations chirurgicales.<\/p>\n<\/div>\n\n\t\t<div class=\"box-image\">\n\t\t\t<a href=\"https:\/\/www.boztibbi.com\/fr\/produits\/gaze-hemostatique\/\" target=\"_self\">\n\t\t\t\t\t\t\t\t\t<div class=\"box-button button\">\t\n\t\t\t\t\t\t<span>Voir Nos Produits<\/span><i class=\"ion-log-in\"><\/i>\n\t\t\t\t\t<\/div>\n\t\t\t\t\n\t\t\t\t<img decoding=\"async\" class=\"\" src=\"https:\/\/www.boztibbi.com\/wp-content\/uploads\/2018\/07\/hemostatlar-kutu-box-boz-t\u0131bbi-istanbul-t\u00fcrkiye-kanama-durdurucular-medikal.jpg\" width=\"400\" height=\"300\" alt=\"hemostatlar-kutu-box-boz-t\u0131bbi-istanbul-t\u00fcrkiye-kanama-durdurucular-medikal\" title=\"hemostatlar-kutu-box-boz-t\u0131bbi-istanbul-t\u00fcrkiye-kanama-durdurucular-medikal\" loading=\"lazy\" \/>\t\t\t<\/a>\n\t\t<\/div>\n\t<\/div>\n<!-- End .imagebox -->\n[\/vc_column][\/vc_row][vc_row css=&#8221;.vc_custom_1530089429201{padding-top: 60px !important;}&#8221;][vc_column][vc_row_inner][vc_column_inner width=&#8221;1\/3&#8243;][vc_custom_heading text=&#8221;CONTENU CONNEXE&#8221; use_theme_fonts=&#8221;yes&#8221;][vc_empty_space height=&#8221;20px&#8221;][\/vc_column_inner][vc_column_inner width=&#8221;2\/3&#8243;][vc_column_text]<\/p>\n<p class=\"large-text\">Vous pouvez suivre les id\u00e9es et les annonces des m\u00e9decins et des experts techniques Recherchez et visualisez de nouvelles techniques, une nouvelle m\u00e9thode de r\u00e9solution de probl\u00e8mes et de nouvelles m\u00e9thodes d\u2019utilisation. Lisez des informations sur nos produits, les conditions d\u2019utilisation, les r\u00e9glementations renouvel\u00e9es, les tendances du secteur de la sant\u00e9 et d\u2019autres sujets techniques.<\/p>\n<p>[\/vc_column_text][vc_empty_space height=&#8221;40px&#8221;][\/vc_column_inner][\/vc_row_inner][\/vc_column][\/vc_row]<\/p>\n<\/div>","protected":false},"excerpt":{"rendered":"<p>[vc_row][vc_column width=&#8221;1\/4&#8243;][vc_empty_space height=&#8221;30px&#8221;][\/vc_column][vc_column width=&#8221;1\/4&#8243;][vc_empty_space height=&#8221;30px&#8221;][\/vc_column][vc_column width=&#8221;1\/4&#8243;][vc_empty_space height=&#8221;30px&#8221;][\/vc_column][vc_column width=&#8221;1\/4&#8243;][vc_empty_space height=&#8221;30px&#8221;][\/vc_column][\/vc_row][vc_row css=&#8221;.vc_custom_1532332110196{padding-top: 20px !important;padding-bottom: 40px !important;}&#8221;][vc_column width=&#8221;1\/2&#8243;][vc_column_text] SUTURES ANTIBACT\u00c9RIENNES Les infections chirurgicales sont des probl\u00e8mes extr\u00eamement importants et graves en termes de mortalit\u00e9, de morbidit\u00e9, de frais d\u2019hospitalisation et de temps d\u2019hospitalisation prolong\u00e9. Les probl\u00e8mes d&#8217;infection peuvent ralentir la r\u00e9insertion professionnelle et familiale de la personne qui [&hellip;]<\/p>\n","protected":false},"author":1,"featured_media":0,"parent":5292,"menu_order":0,"comment_status":"closed","ping_status":"closed","template":"","meta":{"_acf_changed":false,"footnotes":""},"class_list":["post-5297","page","type-page","status-publish","hentry"],"acf":[],"yoast_head":"<!-- This site is optimized with the Yoast SEO plugin v21.6 - https:\/\/yoast.com\/wordpress\/plugins\/seo\/ -->\n<title>Chirurgicales Absorbantes Sutures Antibact\u00e9riennes<\/title>\n<meta name=\"description\" content=\"Les chirurgicales absorbantes sutures antibact\u00e9riennes offrent un effet antibact\u00e9rien avec une teneur maximale en agent antibact\u00e9rien \u00e0 large spectre...\" \/>\n<meta name=\"robots\" content=\"index, follow, max-snippet:-1, max-image-preview:large, max-video-preview:-1\" \/>\n<link rel=\"canonical\" href=\"https:\/\/www.boztibbi.com\/fr\/produits\/sutures\/antibacteriennes-sutures\/\" \/>\n<meta property=\"og:locale\" content=\"fr_FR\" \/>\n<meta property=\"og:type\" content=\"article\" \/>\n<meta property=\"og:title\" content=\"Chirurgicales Absorbantes Sutures Antibact\u00e9riennes\" \/>\n<meta property=\"og:description\" content=\"Les chirurgicales absorbantes sutures antibact\u00e9riennes offrent un effet antibact\u00e9rien avec une teneur maximale en agent antibact\u00e9rien \u00e0 large spectre...\" \/>\n<meta property=\"og:url\" content=\"https:\/\/www.boztibbi.com\/fr\/produits\/sutures\/antibacteriennes-sutures\/\" \/>\n<meta property=\"og:site_name\" content=\"Boz Medical\" \/>\n<meta property=\"article:publisher\" content=\"https:\/\/www.facebook.com\/bozmedical\/\" \/>\n<meta property=\"article:modified_time\" content=\"2019-08-29T06:47:32+00:00\" \/>\n<meta name=\"twitter:card\" content=\"summary_large_image\" \/>\n<meta name=\"twitter:site\" content=\"@bozmedical\" \/>\n<script type=\"application\/ld+json\" class=\"yoast-schema-graph\">{\"@context\":\"https:\/\/schema.org\",\"@graph\":[{\"@type\":\"WebPage\",\"@id\":\"https:\/\/www.boztibbi.com\/fr\/produits\/sutures\/antibacteriennes-sutures\/\",\"url\":\"https:\/\/www.boztibbi.com\/fr\/produits\/sutures\/antibacteriennes-sutures\/\",\"name\":\"Chirurgicales Absorbantes Sutures Antibact\u00e9riennes\",\"isPartOf\":{\"@id\":\"https:\/\/www.boztibbi.com\/#website\"},\"datePublished\":\"2018-06-28T11:49:06+00:00\",\"dateModified\":\"2019-08-29T06:47:32+00:00\",\"description\":\"Les chirurgicales absorbantes sutures antibact\u00e9riennes offrent un effet antibact\u00e9rien avec une teneur maximale en agent antibact\u00e9rien \u00e0 large spectre...\",\"breadcrumb\":{\"@id\":\"https:\/\/www.boztibbi.com\/fr\/produits\/sutures\/antibacteriennes-sutures\/#breadcrumb\"},\"inLanguage\":\"fr-FR\",\"potentialAction\":[{\"@type\":\"ReadAction\",\"target\":[\"https:\/\/www.boztibbi.com\/fr\/produits\/sutures\/antibacteriennes-sutures\/\"]}]},{\"@type\":\"BreadcrumbList\",\"@id\":\"https:\/\/www.boztibbi.com\/fr\/produits\/sutures\/antibacteriennes-sutures\/#breadcrumb\",\"itemListElement\":[{\"@type\":\"ListItem\",\"position\":1,\"name\":\"Page d'accueil\",\"item\":\"https:\/\/www.boztibbi.com\/fr\/\"},{\"@type\":\"ListItem\",\"position\":2,\"name\":\"Produits\",\"item\":\"https:\/\/www.boztibbi.com\/fr\/produits\/\"},{\"@type\":\"ListItem\",\"position\":3,\"name\":\"Sutures\",\"item\":\"https:\/\/www.boztibbi.com\/fr\/produits\/sutures\/\"},{\"@type\":\"ListItem\",\"position\":4,\"name\":\"Antibact\u00e9riennes Sutures\"}]},{\"@type\":\"WebSite\",\"@id\":\"https:\/\/www.boztibbi.com\/#website\",\"url\":\"https:\/\/www.boztibbi.com\/\",\"name\":\"Boz Medical\",\"description\":\"Sutures chirurgicales, h\u00e9mostats r\u00e9sorbables et mailles chirurgicales\",\"publisher\":{\"@id\":\"https:\/\/www.boztibbi.com\/#organization\"},\"potentialAction\":[{\"@type\":\"SearchAction\",\"target\":{\"@type\":\"EntryPoint\",\"urlTemplate\":\"https:\/\/www.boztibbi.com\/?s={search_term_string}\"},\"query-input\":\"required name=search_term_string\"}],\"inLanguage\":\"fr-FR\"},{\"@type\":\"Organization\",\"@id\":\"https:\/\/www.boztibbi.com\/#organization\",\"name\":\"Boz T\u0131bbi Malzeme Sanayi ve Ticaret A.\u015e.\",\"url\":\"https:\/\/www.boztibbi.com\/\",\"logo\":{\"@type\":\"ImageObject\",\"inLanguage\":\"fr-FR\",\"@id\":\"https:\/\/www.boztibbi.com\/#\/schema\/logo\/image\/\",\"url\":\"https:\/\/www.boztibbi.com\/wp-content\/uploads\/2018\/08\/boz-t\u0131bbi-malzemeler-medikal-tekstil-t\u00fcrkiye-istanbul-ankara-u\u015fak.png\",\"contentUrl\":\"https:\/\/www.boztibbi.com\/wp-content\/uploads\/2018\/08\/boz-t\u0131bbi-malzemeler-medikal-tekstil-t\u00fcrkiye-istanbul-ankara-u\u015fak.png\",\"width\":1024,\"height\":683,\"caption\":\"Boz T\u0131bbi Malzeme Sanayi ve Ticaret A.\u015e.\"},\"image\":{\"@id\":\"https:\/\/www.boztibbi.com\/#\/schema\/logo\/image\/\"},\"sameAs\":[\"https:\/\/www.facebook.com\/bozmedical\/\",\"https:\/\/twitter.com\/bozmedical\"]}]}<\/script>\n<!-- \/ Yoast SEO plugin. -->","yoast_head_json":{"title":"Chirurgicales Absorbantes Sutures Antibact\u00e9riennes","description":"Les chirurgicales absorbantes sutures antibact\u00e9riennes offrent un effet antibact\u00e9rien avec une teneur maximale en agent antibact\u00e9rien \u00e0 large spectre...","robots":{"index":"index","follow":"follow","max-snippet":"max-snippet:-1","max-image-preview":"max-image-preview:large","max-video-preview":"max-video-preview:-1"},"canonical":"https:\/\/www.boztibbi.com\/fr\/produits\/sutures\/antibacteriennes-sutures\/","og_locale":"fr_FR","og_type":"article","og_title":"Chirurgicales Absorbantes Sutures Antibact\u00e9riennes","og_description":"Les chirurgicales absorbantes sutures antibact\u00e9riennes offrent un effet antibact\u00e9rien avec une teneur maximale en agent antibact\u00e9rien \u00e0 large spectre...","og_url":"https:\/\/www.boztibbi.com\/fr\/produits\/sutures\/antibacteriennes-sutures\/","og_site_name":"Boz Medical","article_publisher":"https:\/\/www.facebook.com\/bozmedical\/","article_modified_time":"2019-08-29T06:47:32+00:00","twitter_card":"summary_large_image","twitter_site":"@bozmedical","schema":{"@context":"https:\/\/schema.org","@graph":[{"@type":"WebPage","@id":"https:\/\/www.boztibbi.com\/fr\/produits\/sutures\/antibacteriennes-sutures\/","url":"https:\/\/www.boztibbi.com\/fr\/produits\/sutures\/antibacteriennes-sutures\/","name":"Chirurgicales Absorbantes Sutures Antibact\u00e9riennes","isPartOf":{"@id":"https:\/\/www.boztibbi.com\/#website"},"datePublished":"2018-06-28T11:49:06+00:00","dateModified":"2019-08-29T06:47:32+00:00","description":"Les chirurgicales absorbantes sutures antibact\u00e9riennes offrent un effet antibact\u00e9rien avec une teneur maximale en agent antibact\u00e9rien \u00e0 large spectre...","breadcrumb":{"@id":"https:\/\/www.boztibbi.com\/fr\/produits\/sutures\/antibacteriennes-sutures\/#breadcrumb"},"inLanguage":"fr-FR","potentialAction":[{"@type":"ReadAction","target":["https:\/\/www.boztibbi.com\/fr\/produits\/sutures\/antibacteriennes-sutures\/"]}]},{"@type":"BreadcrumbList","@id":"https:\/\/www.boztibbi.com\/fr\/produits\/sutures\/antibacteriennes-sutures\/#breadcrumb","itemListElement":[{"@type":"ListItem","position":1,"name":"Page d'accueil","item":"https:\/\/www.boztibbi.com\/fr\/"},{"@type":"ListItem","position":2,"name":"Produits","item":"https:\/\/www.boztibbi.com\/fr\/produits\/"},{"@type":"ListItem","position":3,"name":"Sutures","item":"https:\/\/www.boztibbi.com\/fr\/produits\/sutures\/"},{"@type":"ListItem","position":4,"name":"Antibact\u00e9riennes Sutures"}]},{"@type":"WebSite","@id":"https:\/\/www.boztibbi.com\/#website","url":"https:\/\/www.boztibbi.com\/","name":"Boz Medical","description":"Sutures chirurgicales, h\u00e9mostats r\u00e9sorbables et mailles chirurgicales","publisher":{"@id":"https:\/\/www.boztibbi.com\/#organization"},"potentialAction":[{"@type":"SearchAction","target":{"@type":"EntryPoint","urlTemplate":"https:\/\/www.boztibbi.com\/?s={search_term_string}"},"query-input":"required name=search_term_string"}],"inLanguage":"fr-FR"},{"@type":"Organization","@id":"https:\/\/www.boztibbi.com\/#organization","name":"Boz T\u0131bbi Malzeme Sanayi ve Ticaret A.\u015e.","url":"https:\/\/www.boztibbi.com\/","logo":{"@type":"ImageObject","inLanguage":"fr-FR","@id":"https:\/\/www.boztibbi.com\/#\/schema\/logo\/image\/","url":"https:\/\/www.boztibbi.com\/wp-content\/uploads\/2018\/08\/boz-t\u0131bbi-malzemeler-medikal-tekstil-t\u00fcrkiye-istanbul-ankara-u\u015fak.png","contentUrl":"https:\/\/www.boztibbi.com\/wp-content\/uploads\/2018\/08\/boz-t\u0131bbi-malzemeler-medikal-tekstil-t\u00fcrkiye-istanbul-ankara-u\u015fak.png","width":1024,"height":683,"caption":"Boz T\u0131bbi Malzeme Sanayi ve Ticaret A.\u015e."},"image":{"@id":"https:\/\/www.boztibbi.com\/#\/schema\/logo\/image\/"},"sameAs":["https:\/\/www.facebook.com\/bozmedical\/","https:\/\/twitter.com\/bozmedical"]}]}},"_links":{"self":[{"href":"https:\/\/www.boztibbi.com\/fr\/wp-json\/wp\/v2\/pages\/5297","targetHints":{"allow":["GET"]}}],"collection":[{"href":"https:\/\/www.boztibbi.com\/fr\/wp-json\/wp\/v2\/pages"}],"about":[{"href":"https:\/\/www.boztibbi.com\/fr\/wp-json\/wp\/v2\/types\/page"}],"author":[{"embeddable":true,"href":"https:\/\/www.boztibbi.com\/fr\/wp-json\/wp\/v2\/users\/1"}],"replies":[{"embeddable":true,"href":"https:\/\/www.boztibbi.com\/fr\/wp-json\/wp\/v2\/comments?post=5297"}],"version-history":[{"count":0,"href":"https:\/\/www.boztibbi.com\/fr\/wp-json\/wp\/v2\/pages\/5297\/revisions"}],"up":[{"embeddable":true,"href":"https:\/\/www.boztibbi.com\/fr\/wp-json\/wp\/v2\/pages\/5292"}],"wp:attachment":[{"href":"https:\/\/www.boztibbi.com\/fr\/wp-json\/wp\/v2\/media?parent=5297"}],"curies":[{"name":"wp","href":"https:\/\/api.w.org\/{rel}","templated":true}]}}