{"id":5292,"date":"2017-09-27T08:27:59","date_gmt":"2017-09-27T08:27:59","guid":{"rendered":"https:\/\/www.boztibbi.com\/produits\/sutures\/"},"modified":"2019-08-22T16:58:31","modified_gmt":"2019-08-22T13:58:31","slug":"sutures","status":"publish","type":"page","link":"https:\/\/www.boztibbi.com\/fr\/produits\/sutures\/","title":{"rendered":"Sutures"},"content":{"rendered":"<div class=\"wpb-content-wrapper\"><p>[vc_row][vc_column width=&#8221;1\/3&#8243;]\n<!-- BEGIN .imagebox -->\n<div class=\"imagebox   vc_custom_1566481386511\">\n\t\n\t\t<div class=\"box-header\">\n\t\t\t<h3 class=\"box-title\">\n\t\t\t\t<a href=\"https:\/\/www.boztibbi.com\/fr\/produits\/sutures\/sutures-resorbables\" target=\"_self\">\n\t\t\t\t\tSutures R\u00e9sorbables\t\t\t\t<\/a>\n\t\t\t<\/h3>\n\n\t\t\t\t\t\t\t<span class=\"box-subtitle\">\n\t\t\t\t\tSutures chirurgicales r\u00e9sorbables\t\t\t\t<\/span>\n\t\t\t\t\t<\/div>\n\n\t\t<div class=\"box-content\"><p>Nos sutures absorbantes peuvent \u00eatre class\u00e9es dans 8 groupes et offrent une absorption entre 30 et 210 jours.<\/p>\n<\/div>\n\n\t\t<div class=\"box-image\">\n\t\t\t<a href=\"https:\/\/www.boztibbi.com\/fr\/produits\/sutures\/sutures-resorbables\" target=\"_self\">\n\t\t\t\t\t\t\t\t\t<div class=\"box-button button\">\t\n\t\t\t\t\t\t<span>Vue<\/span><i class=\"ion-log-in\"><\/i>\n\t\t\t\t\t<\/div>\n\t\t\t\t\n\t\t\t\t<img decoding=\"async\" class=\"\" src=\"https:\/\/www.boztibbi.com\/wp-content\/uploads\/2018\/07\/boz-t\u0131bbi-malzemeler-emilebilen-s\u00fct\u00fcrler-absorbable-surgical-sutures-toplu-foto.jpg\" width=\"400\" height=\"300\" alt=\"boz-t\u0131bbi-malzemeler-emilebilen-s\u00fct\u00fcrler-absorbable-surgical-sutures-toplu-foto\" title=\"boz-t\u0131bbi-malzemeler-emilebilen-s\u00fct\u00fcrler-absorbable-surgical-sutures-toplu-foto\" loading=\"lazy\" \/>\t\t\t<\/a>\n\t\t<\/div>\n\t<\/div>\n<!-- End .imagebox -->\n[vc_empty_space height=&#8221;30px&#8221;][\/vc_column][vc_column width=&#8221;1\/3&#8243;]\n<!-- BEGIN .imagebox -->\n<div class=\"imagebox   vc_custom_1566481439676\">\n\t\n\t\t<div class=\"box-header\">\n\t\t\t<h3 class=\"box-title\">\n\t\t\t\t<a href=\"https:\/\/www.boztibbi.com\/fr\/produits\/sutures\/antibacteriennes-sutures\" target=\"_self\">\n\t\t\t\t\tAntibact\u00e9riennes Sutures\t\t\t\t<\/a>\n\t\t\t<\/h3>\n\n\t\t\t\t\t\t\t<span class=\"box-subtitle\">\n\t\t\t\t\tSutures R\u00e9sorbables Anti-bact\u00e9riennes\t\t\t\t<\/span>\n\t\t\t\t\t<\/div>\n\n\t\t<div class=\"box-content\"><p>Les sutures chirurgicales anti-bact\u00e9riennes ont pour but de minimiser les dommages sur les tissus ou les cicatrices.<\/p>\n<\/div>\n\n\t\t<div class=\"box-image\">\n\t\t\t<a href=\"https:\/\/www.boztibbi.com\/fr\/produits\/sutures\/antibacteriennes-sutures\" target=\"_self\">\n\t\t\t\t\t\t\t\t\t<div class=\"box-button button\">\t\n\t\t\t\t\t\t<span>Vue<\/span><i class=\"ion-log-in\"><\/i>\n\t\t\t\t\t<\/div>\n\t\t\t\t\n\t\t\t\t<img decoding=\"async\" class=\"\" src=\"https:\/\/www.boztibbi.com\/wp-content\/uploads\/2018\/07\/boz-t\u0131bbi-malzemeler-antibakteriyel-emilebilen-s\u00fct\u00fcrler-antibacterial-absorbable-surgical-sutures-toplu-foto.jpg\" width=\"400\" height=\"300\" alt=\"boz-t\u0131bbi-malzemeler-antibakteriyel-emilebilen-s\u00fct\u00fcrler-antibacterial-absorbable-surgical-sutures-toplu-foto\" title=\"boz-t\u0131bbi-malzemeler-antibakteriyel-emilebilen-s\u00fct\u00fcrler-antibacterial-absorbable-surgical-sutures-toplu-foto\" loading=\"lazy\" \/>\t\t\t<\/a>\n\t\t<\/div>\n\t<\/div>\n<!-- End .imagebox -->\n[vc_empty_space height=&#8221;30px&#8221;][\/vc_column][vc_column width=&#8221;1\/3&#8243;]\n<!-- BEGIN .imagebox -->\n<div class=\"imagebox   vc_custom_1566481734217\">\n\t\n\t\t<div class=\"box-header\">\n\t\t\t<h3 class=\"box-title\">\n\t\t\t\t<a href=\"https:\/\/www.boztibbi.com\/fr\/produits\/sutures\/sutures-non-resorbables\" target=\"_self\">\n\t\t\t\t\tSutures Non R\u00e9sorbables\t\t\t\t<\/a>\n\t\t\t<\/h3>\n\n\t\t\t\t\t\t\t<span class=\"box-subtitle\">\n\t\t\t\t\tSutures chirurgicales non-r\u00e9sorbables\t\t\t\t<\/span>\n\t\t\t\t\t<\/div>\n\n\t\t<div class=\"box-content\"><p>Nos sutures non r\u00e9sorbables peuvent \u00eatre class\u00e9es en 10 groupes et utilis\u00e9es dans diverses op\u00e9rations.<\/p>\n<\/div>\n\n\t\t<div class=\"box-image\">\n\t\t\t<a href=\"https:\/\/www.boztibbi.com\/fr\/produits\/sutures\/sutures-non-resorbables\" target=\"_self\">\n\t\t\t\t\t\t\t\t\t<div class=\"box-button button\">\t\n\t\t\t\t\t\t<span>Vue<\/span><i class=\"ion-log-in\"><\/i>\n\t\t\t\t\t<\/div>\n\t\t\t\t\n\t\t\t\t<img decoding=\"async\" class=\"\" src=\"https:\/\/www.boztibbi.com\/wp-content\/uploads\/2018\/07\/boz-t\u0131bbi-malzemeler-emilemeyen-s\u00fct\u00fcrler-non-absorbable-surgical-sutures-toplu-foto.jpg\" width=\"400\" height=\"300\" alt=\"boz-t\u0131bbi-malzemeler-emilemeyen-s\u00fct\u00fcrler-non-absorbable-surgical-sutures-toplu-foto\" title=\"boz-t\u0131bbi-malzemeler-emilemeyen-s\u00fct\u00fcrler-non-absorbable-surgical-sutures-toplu-foto\" loading=\"lazy\" \/>\t\t\t<\/a>\n\t\t<\/div>\n\t<\/div>\n<!-- End .imagebox -->\n[vc_empty_space height=&#8221;30px&#8221;][\/vc_column][\/vc_row][vc_row content_placement=&#8221;middle&#8221; css=&#8221;.vc_custom_1513242459608{padding-top: 20px !important;padding-bottom: 40px !important;}&#8221;][vc_column width=&#8221;1\/2&#8243;][vc_column_text]<\/p>\n<h3 class=\"no-margin-top\">Sutures chirurgicales<\/h3>\n<p>Nos sutures r\u00e9sorbables, anti-bact\u00e9riennes absorbantes et non absorbantes sont con\u00e7ues pour \u00eatre utilis\u00e9es dans tous les types d&#8217;interventions chirurgicales. Nous fabriquons des sutures pour r\u00e9pondre aux besoins de divers domaines m\u00e9dicaux, notamment la microchirurgie, la chirurgie g\u00e9n\u00e9rale, la gyn\u00e9cologie, l&#8217;orthop\u00e9die, l&#8217;urologie, la chirurgie buccale et maxillo-faciale, la chirurgie v\u00e9t\u00e9rinaire, la chirurgie reconstruction cutan\u00e9e, la reconstruction cutan\u00e9e en p\u00e9diatrie et la chirurgie ophtalmique.[\/vc_column_text][\/vc_column][vc_column width=&#8221;1\/6&#8243;]<div class=\"counter  \"> <div class=\"counter-detail\">\n\t\t<h3 class=\"counter-content\">\n\t\t\t<span class=\"counter-prefix\"><\/span><span class=\"counter-value\" data-from=\"0\" data-to=\"5000\" data-speed=\"1000\">0<\/span><span class=\"counter-suffix\"><\/span>\n\t\t<\/h3>\n\t<div class=\"counter-title\">types de produits<\/div><\/div><\/div>[\/vc_column][vc_column width=&#8221;1\/6&#8243;]<div class=\"counter  \"> <div class=\"counter-detail\">\n\t\t<h3 class=\"counter-content\">\n\t\t\t<span class=\"counter-prefix\"><\/span><span class=\"counter-value\" data-from=\"0\" data-to=\"500\" data-speed=\"1000\">0<\/span><span class=\"counter-suffix\">+<\/span>\n\t\t<\/h3>\n\t<div class=\"counter-title\">clients<\/div><\/div><\/div>[\/vc_column][vc_column width=&#8221;1\/6&#8243;]<div class=\"counter  \"> <div class=\"counter-detail\">\n\t\t<h3 class=\"counter-content\">\n\t\t\t<span class=\"counter-prefix\"><\/span><span class=\"counter-value\" data-from=\"0\" data-to=\"70\" data-speed=\"1000\">0<\/span><span class=\"counter-suffix\">+<\/span>\n\t\t<\/h3>\n\t<div class=\"counter-title\">ans d'exp\u00e9rience<\/div><\/div><\/div>[\/vc_column][\/vc_row][vc_row full_width=&#8221;stretch_row&#8221; css=&#8221;.vc_custom_1513242428004{padding-top: 80px !important;padding-bottom: 80px !important;background: #020620 url(https:\/\/www.boztibbi.com\/wp-content\/uploads\/\/2017\/12\/bg-main.svg?id=1098) !important;background-position: center !important;background-repeat: no-repeat !important;background-size: cover !important;}&#8221;][vc_column][vc_custom_heading text=&#8221;Adh\u00e9sion parfaite et n\u0153ud de s\u00e9curit\u00e9&#8221; font_container=&#8221;tag:h2|text_align:center|color:%23ffffff&#8221; use_theme_fonts=&#8221;yes&#8221;][vc_empty_space height=&#8221;50px&#8221;][vc_row_inner][vc_column_inner]<ul class=\"iconlist iconlist iconlist-icon-medium \"><li ><div class=\"iconlist-item-icon\"><i class=\"entypo-icon entypo-icon-flow-parallel\"><\/i><span class=\"shapes\"><\/span><\/div><div class=\"iconlist-item-content\"><\/p>\n<h3><span style=\"color: #ffffff\">Texture r\u00e9sistante<\/span><\/h3>\n<p><span style=\"color: #8d8ea3\">Les sutures absorbantes, anti-bact\u00e9riennes absorbantes et non absorbantes que nous fabriquons ont une texture tr\u00e8s r\u00e9sistante. La texture r\u00e9sistante de nos sutures chirurgicales emp\u00eache tout type de rupture lors d&#8217;interventions chirurgicales.<\/span><\/div><\/li><li ><div class=\"iconlist-item-icon\"><i class=\"entypo-icon entypo-icon-shuffle\"><\/i><span class=\"shapes\"><\/span><\/div><div class=\"iconlist-item-content\"><\/p>\n<h3><span style=\"color: #ffffff\">Structure flexible<\/span><\/h3>\n<p><span style=\"color: #8d8ea3\">En plus de la texture r\u00e9sistante de nos sutures, la structure flexible facilite les op\u00e9rations pour les chirurgiens Pendant l&#8217;op\u00e9ration chirurgicale, l&#8217;int\u00e9grit\u00e9 et la durabilit\u00e9 de la tension sont assur\u00e9s.<\/span><\/div><\/li><li ><div class=\"iconlist-item-icon\"><i class=\"entypo-icon entypo-icon-shareable\"><\/i><span class=\"shapes\"><\/span><\/div><div class=\"iconlist-item-content\"><\/p>\n<h3><span style=\"color: #ffffff\">Ergonomique<\/span><\/h3>\n<p><span style=\"color: #8d8ea3\">Le mat\u00e9riau de rev\u00eatement de nos sutures chirurgicales minimise les traumatismes tissulaires. Avec une capillarit\u00e9 minimale, une facilit\u00e9 de nouage et d&#8217;ajustement, les op\u00e9rations sont plus confortables\u2026<\/span><\/div><\/li><\/ul>[\/vc_column_inner][\/vc_row_inner][\/vc_column][\/vc_row][vc_row css=&#8221;.vc_custom_1513243049899{margin-bottom: -30px !important;padding-top: 60px !important;}&#8221;][vc_column][vc_row_inner content_placement=&#8221;middle&#8221;][vc_column_inner width=&#8221;1\/2&#8243;][vc_custom_heading text=&#8221;\u00c0 propos des sutures&#8221; use_theme_fonts=&#8221;yes&#8221;][vc_empty_space height=&#8221;20px&#8221;][\/vc_column_inner][vc_column_inner width=&#8221;1\/2&#8243;][vc_column_text]<\/p>\n<p class=\"text-right\"><a class=\"button\" href=\"#\">VOIR TOUS LES ARTICLES<\/a><\/p>\n<p>[\/vc_column_text][vc_empty_space height=&#8221;20px&#8221;][\/vc_column_inner][\/vc_row_inner][vc_separator color=&#8221;custom&#8221; accent_color=&#8221;rgba(2,6,32,0.1)&#8221;][vc_empty_space height=&#8221;50px&#8221;][\/vc_column][\/vc_row]<\/p>\n<\/div>","protected":false},"excerpt":{"rendered":"<p>[vc_row][vc_column width=&#8221;1\/3&#8243;][vc_empty_space height=&#8221;30px&#8221;][\/vc_column][vc_column width=&#8221;1\/3&#8243;][vc_empty_space height=&#8221;30px&#8221;][\/vc_column][vc_column width=&#8221;1\/3&#8243;][vc_empty_space height=&#8221;30px&#8221;][\/vc_column][\/vc_row][vc_row content_placement=&#8221;middle&#8221; css=&#8221;.vc_custom_1513242459608{padding-top: 20px !important;padding-bottom: 40px !important;}&#8221;][vc_column width=&#8221;1\/2&#8243;][vc_column_text] Sutures chirurgicales Nos sutures r\u00e9sorbables, anti-bact\u00e9riennes absorbantes et non absorbantes sont con\u00e7ues pour \u00eatre utilis\u00e9es dans tous les types d&#8217;interventions chirurgicales. Nous fabriquons des sutures pour r\u00e9pondre aux besoins de divers domaines m\u00e9dicaux, notamment la microchirurgie, la chirurgie g\u00e9n\u00e9rale, la gyn\u00e9cologie, [&hellip;]<\/p>\n","protected":false},"author":1,"featured_media":0,"parent":5279,"menu_order":0,"comment_status":"closed","ping_status":"closed","template":"","meta":{"_acf_changed":false,"footnotes":""},"class_list":["post-5292","page","type-page","status-publish","hentry"],"acf":[],"yoast_head":"<!-- This site is optimized with the Yoast SEO plugin v21.6 - https:\/\/yoast.com\/wordpress\/plugins\/seo\/ -->\n<title>Sutures Chirurgicales R\u00e9sorbables - M\u00e9decine Produits<\/title>\n<meta name=\"description\" content=\"Nos sutures r\u00e9sorbables, antibact\u00e9riennes absorbantes et non absorbantes sont con\u00e7ues pour \u00eatre utilis\u00e9es dans tous les types d&#039;interventions chirurgicales.\" \/>\n<meta name=\"robots\" content=\"index, follow, max-snippet:-1, max-image-preview:large, max-video-preview:-1\" \/>\n<link rel=\"canonical\" href=\"https:\/\/www.boztibbi.com\/fr\/produits\/sutures\/\" \/>\n<meta property=\"og:locale\" content=\"fr_FR\" \/>\n<meta property=\"og:type\" content=\"article\" \/>\n<meta property=\"og:title\" content=\"Sutures Chirurgicales R\u00e9sorbables - M\u00e9decine Produits\" \/>\n<meta property=\"og:description\" content=\"Nos sutures r\u00e9sorbables, antibact\u00e9riennes absorbantes et non absorbantes sont con\u00e7ues pour \u00eatre utilis\u00e9es dans tous les types d&#039;interventions chirurgicales.\" \/>\n<meta property=\"og:url\" content=\"https:\/\/www.boztibbi.com\/fr\/produits\/sutures\/\" \/>\n<meta property=\"og:site_name\" content=\"Boz Medical\" \/>\n<meta property=\"article:publisher\" content=\"https:\/\/www.facebook.com\/bozmedical\/\" \/>\n<meta property=\"article:modified_time\" content=\"2019-08-22T13:58:31+00:00\" \/>\n<meta name=\"twitter:card\" content=\"summary_large_image\" \/>\n<meta name=\"twitter:site\" content=\"@bozmedical\" \/>\n<script type=\"application\/ld+json\" class=\"yoast-schema-graph\">{\"@context\":\"https:\/\/schema.org\",\"@graph\":[{\"@type\":\"WebPage\",\"@id\":\"https:\/\/www.boztibbi.com\/fr\/produits\/sutures\/\",\"url\":\"https:\/\/www.boztibbi.com\/fr\/produits\/sutures\/\",\"name\":\"Sutures Chirurgicales R\u00e9sorbables - M\u00e9decine Produits\",\"isPartOf\":{\"@id\":\"https:\/\/www.boztibbi.com\/#website\"},\"datePublished\":\"2017-09-27T08:27:59+00:00\",\"dateModified\":\"2019-08-22T13:58:31+00:00\",\"description\":\"Nos sutures r\u00e9sorbables, antibact\u00e9riennes absorbantes et non absorbantes sont con\u00e7ues pour \u00eatre utilis\u00e9es dans tous les types d'interventions chirurgicales.\",\"breadcrumb\":{\"@id\":\"https:\/\/www.boztibbi.com\/fr\/produits\/sutures\/#breadcrumb\"},\"inLanguage\":\"fr-FR\",\"potentialAction\":[{\"@type\":\"ReadAction\",\"target\":[\"https:\/\/www.boztibbi.com\/fr\/produits\/sutures\/\"]}]},{\"@type\":\"BreadcrumbList\",\"@id\":\"https:\/\/www.boztibbi.com\/fr\/produits\/sutures\/#breadcrumb\",\"itemListElement\":[{\"@type\":\"ListItem\",\"position\":1,\"name\":\"Page d'accueil\",\"item\":\"https:\/\/www.boztibbi.com\/fr\/\"},{\"@type\":\"ListItem\",\"position\":2,\"name\":\"Produits\",\"item\":\"https:\/\/www.boztibbi.com\/fr\/produits\/\"},{\"@type\":\"ListItem\",\"position\":3,\"name\":\"Sutures\"}]},{\"@type\":\"WebSite\",\"@id\":\"https:\/\/www.boztibbi.com\/#website\",\"url\":\"https:\/\/www.boztibbi.com\/\",\"name\":\"Boz Medical\",\"description\":\"Sutures chirurgicales, h\u00e9mostats r\u00e9sorbables et mailles chirurgicales\",\"publisher\":{\"@id\":\"https:\/\/www.boztibbi.com\/#organization\"},\"potentialAction\":[{\"@type\":\"SearchAction\",\"target\":{\"@type\":\"EntryPoint\",\"urlTemplate\":\"https:\/\/www.boztibbi.com\/?s={search_term_string}\"},\"query-input\":\"required name=search_term_string\"}],\"inLanguage\":\"fr-FR\"},{\"@type\":\"Organization\",\"@id\":\"https:\/\/www.boztibbi.com\/#organization\",\"name\":\"Boz T\u0131bbi Malzeme Sanayi ve Ticaret A.\u015e.\",\"url\":\"https:\/\/www.boztibbi.com\/\",\"logo\":{\"@type\":\"ImageObject\",\"inLanguage\":\"fr-FR\",\"@id\":\"https:\/\/www.boztibbi.com\/#\/schema\/logo\/image\/\",\"url\":\"https:\/\/www.boztibbi.com\/wp-content\/uploads\/2018\/08\/boz-t\u0131bbi-malzemeler-medikal-tekstil-t\u00fcrkiye-istanbul-ankara-u\u015fak.png\",\"contentUrl\":\"https:\/\/www.boztibbi.com\/wp-content\/uploads\/2018\/08\/boz-t\u0131bbi-malzemeler-medikal-tekstil-t\u00fcrkiye-istanbul-ankara-u\u015fak.png\",\"width\":1024,\"height\":683,\"caption\":\"Boz T\u0131bbi Malzeme Sanayi ve Ticaret A.\u015e.\"},\"image\":{\"@id\":\"https:\/\/www.boztibbi.com\/#\/schema\/logo\/image\/\"},\"sameAs\":[\"https:\/\/www.facebook.com\/bozmedical\/\",\"https:\/\/twitter.com\/bozmedical\"]}]}<\/script>\n<!-- \/ Yoast SEO plugin. -->","yoast_head_json":{"title":"Sutures Chirurgicales R\u00e9sorbables - M\u00e9decine Produits","description":"Nos sutures r\u00e9sorbables, antibact\u00e9riennes absorbantes et non absorbantes sont con\u00e7ues pour \u00eatre utilis\u00e9es dans tous les types d'interventions chirurgicales.","robots":{"index":"index","follow":"follow","max-snippet":"max-snippet:-1","max-image-preview":"max-image-preview:large","max-video-preview":"max-video-preview:-1"},"canonical":"https:\/\/www.boztibbi.com\/fr\/produits\/sutures\/","og_locale":"fr_FR","og_type":"article","og_title":"Sutures Chirurgicales R\u00e9sorbables - M\u00e9decine Produits","og_description":"Nos sutures r\u00e9sorbables, antibact\u00e9riennes absorbantes et non absorbantes sont con\u00e7ues pour \u00eatre utilis\u00e9es dans tous les types d'interventions chirurgicales.","og_url":"https:\/\/www.boztibbi.com\/fr\/produits\/sutures\/","og_site_name":"Boz Medical","article_publisher":"https:\/\/www.facebook.com\/bozmedical\/","article_modified_time":"2019-08-22T13:58:31+00:00","twitter_card":"summary_large_image","twitter_site":"@bozmedical","schema":{"@context":"https:\/\/schema.org","@graph":[{"@type":"WebPage","@id":"https:\/\/www.boztibbi.com\/fr\/produits\/sutures\/","url":"https:\/\/www.boztibbi.com\/fr\/produits\/sutures\/","name":"Sutures Chirurgicales R\u00e9sorbables - M\u00e9decine Produits","isPartOf":{"@id":"https:\/\/www.boztibbi.com\/#website"},"datePublished":"2017-09-27T08:27:59+00:00","dateModified":"2019-08-22T13:58:31+00:00","description":"Nos sutures r\u00e9sorbables, antibact\u00e9riennes absorbantes et non absorbantes sont con\u00e7ues pour \u00eatre utilis\u00e9es dans tous les types d'interventions chirurgicales.","breadcrumb":{"@id":"https:\/\/www.boztibbi.com\/fr\/produits\/sutures\/#breadcrumb"},"inLanguage":"fr-FR","potentialAction":[{"@type":"ReadAction","target":["https:\/\/www.boztibbi.com\/fr\/produits\/sutures\/"]}]},{"@type":"BreadcrumbList","@id":"https:\/\/www.boztibbi.com\/fr\/produits\/sutures\/#breadcrumb","itemListElement":[{"@type":"ListItem","position":1,"name":"Page d'accueil","item":"https:\/\/www.boztibbi.com\/fr\/"},{"@type":"ListItem","position":2,"name":"Produits","item":"https:\/\/www.boztibbi.com\/fr\/produits\/"},{"@type":"ListItem","position":3,"name":"Sutures"}]},{"@type":"WebSite","@id":"https:\/\/www.boztibbi.com\/#website","url":"https:\/\/www.boztibbi.com\/","name":"Boz Medical","description":"Sutures chirurgicales, h\u00e9mostats r\u00e9sorbables et mailles chirurgicales","publisher":{"@id":"https:\/\/www.boztibbi.com\/#organization"},"potentialAction":[{"@type":"SearchAction","target":{"@type":"EntryPoint","urlTemplate":"https:\/\/www.boztibbi.com\/?s={search_term_string}"},"query-input":"required name=search_term_string"}],"inLanguage":"fr-FR"},{"@type":"Organization","@id":"https:\/\/www.boztibbi.com\/#organization","name":"Boz T\u0131bbi Malzeme Sanayi ve Ticaret A.\u015e.","url":"https:\/\/www.boztibbi.com\/","logo":{"@type":"ImageObject","inLanguage":"fr-FR","@id":"https:\/\/www.boztibbi.com\/#\/schema\/logo\/image\/","url":"https:\/\/www.boztibbi.com\/wp-content\/uploads\/2018\/08\/boz-t\u0131bbi-malzemeler-medikal-tekstil-t\u00fcrkiye-istanbul-ankara-u\u015fak.png","contentUrl":"https:\/\/www.boztibbi.com\/wp-content\/uploads\/2018\/08\/boz-t\u0131bbi-malzemeler-medikal-tekstil-t\u00fcrkiye-istanbul-ankara-u\u015fak.png","width":1024,"height":683,"caption":"Boz T\u0131bbi Malzeme Sanayi ve Ticaret A.\u015e."},"image":{"@id":"https:\/\/www.boztibbi.com\/#\/schema\/logo\/image\/"},"sameAs":["https:\/\/www.facebook.com\/bozmedical\/","https:\/\/twitter.com\/bozmedical"]}]}},"_links":{"self":[{"href":"https:\/\/www.boztibbi.com\/fr\/wp-json\/wp\/v2\/pages\/5292","targetHints":{"allow":["GET"]}}],"collection":[{"href":"https:\/\/www.boztibbi.com\/fr\/wp-json\/wp\/v2\/pages"}],"about":[{"href":"https:\/\/www.boztibbi.com\/fr\/wp-json\/wp\/v2\/types\/page"}],"author":[{"embeddable":true,"href":"https:\/\/www.boztibbi.com\/fr\/wp-json\/wp\/v2\/users\/1"}],"replies":[{"embeddable":true,"href":"https:\/\/www.boztibbi.com\/fr\/wp-json\/wp\/v2\/comments?post=5292"}],"version-history":[{"count":0,"href":"https:\/\/www.boztibbi.com\/fr\/wp-json\/wp\/v2\/pages\/5292\/revisions"}],"up":[{"embeddable":true,"href":"https:\/\/www.boztibbi.com\/fr\/wp-json\/wp\/v2\/pages\/5279"}],"wp:attachment":[{"href":"https:\/\/www.boztibbi.com\/fr\/wp-json\/wp\/v2\/media?parent=5292"}],"curies":[{"name":"wp","href":"https:\/\/api.w.org\/{rel}","templated":true}]}}