{"id":5280,"date":"2018-06-28T15:37:24","date_gmt":"2018-06-28T12:37:24","guid":{"rendered":"https:\/\/www.boztibbi.com\/products\/hemostats\/"},"modified":"2024-08-20T17:06:12","modified_gmt":"2024-08-20T14:06:12","slug":"gaze-hemostatique","status":"publish","type":"page","link":"https:\/\/www.boztibbi.com\/fr\/produits\/gaze-hemostatique\/","title":{"rendered":"Gaze H\u00e9mostatique"},"content":{"rendered":"<div class=\"wpb-content-wrapper\"><p>[vc_row][vc_column]<!-- BEGIN: .elements-carousel -->\n<div class=\"elements-carousel  \" data-config=\"{&quot;items&quot;:4,&quot;itemsTablet&quot;:[768,2],&quot;itemsMobile&quot;:[479,1],&quot;autoPlay&quot;:3000,&quot;stopOnHover&quot;:true,&quot;mouseDrag&quot;:true,&quot;touchDrag&quot;:true,&quot;responsive&quot;:true,&quot;scrollPerPage&quot;:false,&quot;slideSpeed&quot;:2000,&quot;paginationSpeed&quot;:200,&quot;rewindSpeed&quot;:200,&quot;navigation&quot;:false,&quot;rewindNav&quot;:true,&quot;pagination&quot;:false,&quot;paginationNumbers&quot;:false,&quot;dragBeforeAnimFinish&quot;:true,&quot;addClassActive&quot;:true,&quot;autoHeight&quot;:true,&quot;navigationText&quot;:[&quot;Previous&quot;,&quot;Next&quot;],&quot;itemsScaleUp&quot;:true}\">\n\t<div class=\"elements-carousel-wrap\">\n\t\t\n<!-- BEGIN .imagebox -->\n<div class=\"imagebox   vc_custom_1566471500439\">\n\t\n\t\t<div class=\"box-header\">\n\t\t\t<h3 class=\"box-title\">\n\t\t\t\t<a href=\"https:\/\/www.boztibbi.com\/fr\/produits\/gaze-hemostatique\/reoxcel\/\" target=\"_self\">\n\t\t\t\t\tREOXCEL\t\t\t\t<\/a>\n\t\t\t<\/h3>\n\n\t\t\t\t\t\t\t<span class=\"box-subtitle\">\n\t\t\t\t\tCellulose R\u00e9g\u00e9n\u00e9r\u00e9e Oxyd\u00e9e (ORC)\t\t\t\t<\/span>\n\t\t\t\t\t<\/div>\n\n\t\t<div class=\"box-content\"><\/div>\n\n\t\t<div class=\"box-image\">\n\t\t\t<a href=\"https:\/\/www.boztibbi.com\/fr\/produits\/gaze-hemostatique\/reoxcel\/\" target=\"_self\">\n\t\t\t\t\t\t\t\t\t<div class=\"box-button button\">\t\n\t\t\t\t\t\t<span>Lire la suite<\/span><i class=\"ion-log-in\"><\/i>\n\t\t\t\t\t<\/div>\n\t\t\t\t\n\t\t\t\t<img decoding=\"async\" class=\"\" src=\"https:\/\/www.boztibbi.com\/wp-content\/uploads\/2018\/08\/reoxcel-orc-okside-rejenere-sel\u00fcloz-heamostads-istanbul-ankara-t\u00fcrkiye-hemostat-kanama-durdurucu-boz-t\u0131bbi-malzemeler-kutular.jpg\" width=\"400\" height=\"300\" alt=\"reoxcel-orc-okside-rejenere-sel\u00fcloz-heamostads-istanbul-ankara-t\u00fcrkiye-hemostat-kanama-durdurucu-boz-t\u0131bbi-malzemeler-kutular\" title=\"reoxcel-orc-okside-rejenere-sel\u00fcloz-heamostads-istanbul-ankara-t\u00fcrkiye-hemostat-kanama-durdurucu-boz-t\u0131bbi-malzemeler-kutular\" loading=\"lazy\" \/>\t\t\t<\/a>\n\t\t<\/div>\n\t<\/div>\n<!-- End .imagebox -->\n\n<!-- BEGIN .imagebox -->\n<div class=\"imagebox   vc_custom_1566471540730\">\n\t\n\t\t<div class=\"box-header\">\n\t\t\t<h3 class=\"box-title\">\n\t\t\t\t<a href=\"https:\/\/www.boztibbi.com\/fr\/produits\/gaze-hemostatique\/reoxcel-fibril\/\" target=\"_self\">\n\t\t\t\t\tREOXCEL FIBRIL\t\t\t\t<\/a>\n\t\t\t<\/h3>\n\n\t\t\t\t\t\t\t<span class=\"box-subtitle\">\n\t\t\t\t\tCellulose R\u00e9g\u00e9n\u00e9r\u00e9e Oxyd\u00e9e (ORC)\t\t\t\t<\/span>\n\t\t\t\t\t<\/div>\n\n\t\t<div class=\"box-content\"><\/div>\n\n\t\t<div class=\"box-image\">\n\t\t\t<a href=\"https:\/\/www.boztibbi.com\/fr\/produits\/gaze-hemostatique\/reoxcel-fibril\/\" target=\"_self\">\n\t\t\t\t\t\t\t\t\t<div class=\"box-button button\">\t\n\t\t\t\t\t\t<span>Lire la suite<\/span><i class=\"ion-log-in\"><\/i>\n\t\t\t\t\t<\/div>\n\t\t\t\t\n\t\t\t\t<img decoding=\"async\" class=\"\" src=\"https:\/\/www.boztibbi.com\/wp-content\/uploads\/2018\/08\/reoxcel-fibril-heamostads-istanbul-ankara-t\u00fcrkiye-hemostat-kanama-durdurucu-boz-t\u0131bbi-malzemeler-kutu.jpg\" width=\"400\" height=\"300\" alt=\"reoxcel-fibril-heamostads-istanbul-ankara-t\u00fcrkiye-hemostat-kanama-durdurucu-boz-t\u0131bbi-malzemeler-kutu\" title=\"reoxcel-fibril-heamostads-istanbul-ankara-t\u00fcrkiye-hemostat-kanama-durdurucu-boz-t\u0131bbi-malzemeler-kutu\" loading=\"lazy\" \/>\t\t\t<\/a>\n\t\t<\/div>\n\t<\/div>\n<!-- End .imagebox -->\n\n<!-- BEGIN .imagebox -->\n<div class=\"imagebox   vc_custom_1566471557423\">\n\t\n\t\t<div class=\"box-header\">\n\t\t\t<h3 class=\"box-title\">\n\t\t\t\t<a href=\"https:\/\/www.boztibbi.com\/fr\/produits\/gaze-hemostatique\/reoxcel-sigma-knit\/\" target=\"_self\">\n\t\t\t\t\tREOXCEL SIGMA KNIT\t\t\t\t<\/a>\n\t\t\t<\/h3>\n\n\t\t\t\t\t\t\t<span class=\"box-subtitle\">\n\t\t\t\t\tCellulose R\u00e9g\u00e9n\u00e9r\u00e9e Oxyd\u00e9e (ORC)\t\t\t\t<\/span>\n\t\t\t\t\t<\/div>\n\n\t\t<div class=\"box-content\"><\/div>\n\n\t\t<div class=\"box-image\">\n\t\t\t<a href=\"https:\/\/www.boztibbi.com\/fr\/produits\/gaze-hemostatique\/reoxcel-sigma-knit\/\" target=\"_self\">\n\t\t\t\t\t\t\t\t\t<div class=\"box-button button\">\t\n\t\t\t\t\t\t<span>Lire la suite<\/span><i class=\"ion-log-in\"><\/i>\n\t\t\t\t\t<\/div>\n\t\t\t\t\n\t\t\t\t<img decoding=\"async\" class=\"\" src=\"https:\/\/www.boztibbi.com\/wp-content\/uploads\/2018\/08\/reoxcel-sigma-knit-orc-okside-rejenere-sel\u00fcloz-heamostads-istanbul-ankara-t\u00fcrkiye-hemostat-kanama-durdurucu-boz-t\u0131bbi-malzemeler-kutu.jpg\" width=\"400\" height=\"300\" alt=\"reoxcel-sigma-knit-orc-okside-rejenere-sel\u00fcloz-heamostads-istanbul-ankara-t\u00fcrkiye-hemostat-kanama-durdurucu-boz-t\u0131bbi-malzemeler-kutu\" title=\"reoxcel-sigma-knit-orc-okside-rejenere-sel\u00fcloz-heamostads-istanbul-ankara-t\u00fcrkiye-hemostat-kanama-durdurucu-boz-t\u0131bbi-malzemeler-kutu\" loading=\"lazy\" \/>\t\t\t<\/a>\n\t\t<\/div>\n\t<\/div>\n<!-- End .imagebox -->\n\n<!-- BEGIN .imagebox -->\n<div class=\"imagebox   vc_custom_1538990478145\">\n\t\n\t\t<div class=\"box-header\">\n\t\t\t<h3 class=\"box-title\">\n\t\t\t\t<a href=\"https:\/\/www.boztibbi.com\/en\/products\/hemostats\/zeocel\/\" target=\"_self\">\n\t\t\t\t\tZEOCEL\t\t\t\t<\/a>\n\t\t\t<\/h3>\n\n\t\t\t\t\t\t\t<span class=\"box-subtitle\">\n\t\t\t\t\tOxidized Cellulose (OC)\t\t\t\t<\/span>\n\t\t\t\t\t<\/div>\n\n\t\t<div class=\"box-content\"><\/div>\n\n\t\t<div class=\"box-image\">\n\t\t\t<a href=\"https:\/\/www.boztibbi.com\/en\/products\/hemostats\/zeocel\/\" target=\"_self\">\n\t\t\t\t\t\t\t\t\t<div class=\"box-button button\">\t\n\t\t\t\t\t\t<span>Browse<\/span><i class=\"ion-log-in\"><\/i>\n\t\t\t\t\t<\/div>\n\t\t\t\t\n\t\t\t\t<img decoding=\"async\" class=\"\" src=\"https:\/\/www.boztibbi.com\/wp-content\/uploads\/2018\/08\/zeocel-heamostads-istanbul-ankara-t\u00fcrkiye-hemostat-kanama-durdurucu-boz-t\u0131bbi-malzemeler-kutu.jpg\" width=\"400\" height=\"300\" alt=\"zeocel-heamostads-istanbul-ankara-t\u00fcrkiye-hemostat-kanama-durdurucu-boz-t\u0131bbi-malzemeler-kutu\" title=\"zeocel-heamostads-istanbul-ankara-t\u00fcrkiye-hemostat-kanama-durdurucu-boz-t\u0131bbi-malzemeler-kutu\" loading=\"lazy\" \/>\t\t\t<\/a>\n\t\t<\/div>\n\t<\/div>\n<!-- End .imagebox -->\n\t<\/div>\n<\/div>\n<!-- END: .elements-carousel -->\n[vc_empty_space height=&#8221;35px&#8221;][\/vc_column][\/vc_row][vc_row gap=&#8221;30&#8243; content_placement=&#8221;middle&#8221;][vc_column][vc_row_inner content_placement=&#8221;middle&#8221;][vc_column_inner width=&#8221;1\/2&#8243;][vc_custom_heading text=&#8221;H\u00e9mostats R\u00e9sorbables&#8221; font_container=&#8221;tag:h1|font_size:40px|text_align:left&#8221; use_theme_fonts=&#8221;yes&#8221;][vc_custom_heading text=&#8221;Gaze H\u00e9mostatique&#8221; font_container=&#8221;tag:h6|font_size:20px|text_align:left&#8221; use_theme_fonts=&#8221;yes&#8221;][vc_empty_space height=&#8221;20px&#8221;][vc_column_text]Les h\u00e9mostats sont des mat\u00e9riaux m\u00e9dicaux utilis\u00e9s pour arr\u00eater les saignements majeurs et mineurs apr\u00e8s des blessures internes et externes, des ruptures, des fractures, des coupures traumatiques, des op\u00e9rations dentaires, des interventions chirurgicales ou spontan\u00e9es. Ces mat\u00e9riaux sont \u00e9galement appel\u00e9s gent h\u00e9mostatique, bouchon h\u00e9mostatique, matrice h\u00e9mostatique, styptique et astringent.<\/p>\n<p>Boz Medical, fabriquant des h\u00e9mostats,cumule 70 ann\u00e9es d&#8217;exp\u00e9rience dans la fabrication de textiles m\u00e9dicaux. Tous les produits h\u00e9mostatiques sont fabriqu\u00e9s dans des installations industrielles locales \u00e0 Ankara et \u00e0 U\u015fak. Nous disposons d\u2019une large gamme de produits h\u00e9mostatiques pour r\u00e9pondre \u00e0 diff\u00e9rents besoins et demandes. Les h\u00e9mostats Boz Medical sont fabriqu\u00e9s conform\u00e9ment aux normes \u00abCellulose oxyd\u00e9e r\u00e9g\u00e9n\u00e9r\u00e9e\u00bb et \u00abCellulose oxyd\u00e9e\u00bb de la USP American Pharmacopeia.[\/vc_column_text][\/vc_column_inner][vc_column_inner width=&#8221;1\/2&#8243;]<ul class=\"iconlist iconlist iconlist-icon-small \"><li ><div class=\"iconlist-item-icon\"><i class=\"sl-calendar\"><\/i><span class=\"shapes\"><\/span><\/div><div class=\"iconlist-item-content\">Absorption compl\u00e8te entre 7-14 jours<\/div><\/li><li ><div class=\"iconlist-item-icon\"><i class=\"sl-hourglass\"><\/i><span class=\"shapes\"><\/span><\/div><div class=\"iconlist-item-content\">Coagulation entre 3-4 minutes<\/div><\/li><li ><div class=\"iconlist-item-icon\"><i class=\"sl-check\"><\/i><span class=\"shapes\"><\/span><\/div><div class=\"iconlist-item-content\">Effets bact\u00e9ricides sur 40 types de microorganismes<\/div><\/li><li ><div class=\"iconlist-item-icon\"><i class=\"sl-size-actual\"><\/i><span class=\"shapes\"><\/span><\/div><div class=\"iconlist-item-content\">Absorption dans les zones d&#8217;implantation sans r\u00e9action tissulaire<\/div><\/li><\/ul>[\/vc_column_inner][\/vc_row_inner][vc_empty_space][\/vc_column][\/vc_row][vc_row full_width=&#8221;stretch_row&#8221; css=&#8221;.vc_custom_1513242428004{padding-top: 80px !important;padding-bottom: 80px !important;background: #020620 url(https:\/\/www.boztibbi.com\/wp-content\/uploads\/\/2017\/12\/bg-main.svg?id=1098) !important;background-position: center !important;background-repeat: no-repeat !important;background-size: cover !important;}&#8221;][vc_column][vc_custom_heading text=&#8221;Efficace contre les bact\u00e9ries, h\u00e9mostat fiable&#8221; font_container=&#8221;tag:h2|text_align:center|color:%23ffffff&#8221; use_theme_fonts=&#8221;yes&#8221;][vc_empty_space height=&#8221;50px&#8221;][vc_row_inner][vc_column_inner]<ul class=\"iconlist iconlist iconlist-icon-medium \"><li ><div class=\"iconlist-item-icon\"><i class=\"entypo-icon entypo-icon-block\"><\/i><span class=\"shapes\"><\/span><\/div><div class=\"iconlist-item-content\"><\/p>\n<h3><span style=\"color: #ffffff\">Effet bact\u00e9ricide<\/span><\/h3>\n<p><span style=\"color: #8d8ea3\">La structure de nos h\u00e9mostats est r\u00e9sistante aux bact\u00e9ries Nos h\u00e9mostatiques r\u00e9sorbables ont des effets bact\u00e9ricides sur la majorit\u00e9 des microorganismes pathog\u00e8nes.<\/span><\/div><\/li><li ><div class=\"iconlist-item-icon\"><i class=\"entypo-icon entypo-icon-logo-db\"><\/i><span class=\"shapes\"><\/span><\/div><div class=\"iconlist-item-content\"><\/p>\n<h3><span style=\"color: #ffffff\">Texture r\u00e9sistante<\/span><\/h3>\n<p><span style=\"color: #8d8ea3\">Les h\u00e9mostatiques absorbables que nous fabriquons ont une texture tr\u00e8s r\u00e9sistante. La texture r\u00e9sistante de nos h\u00e9mostats pr\u00e9vient tout type de rupture lors d&#8217;interventions chirurgicales.<\/span><\/div><\/li><li ><div class=\"iconlist-item-icon\"><i class=\"entypo-icon entypo-icon-back-in-time\"><\/i><span class=\"shapes\"><\/span><\/div><div class=\"iconlist-item-content\"><\/p>\n<h3><span style=\"color: #ffffff\">Effet rapide<\/span><\/h3>\n<p><span style=\"color: #8d8ea3\">Les h\u00e9mostats Boz Medical arr\u00eatent le saignement au bout de 3 \u00e0 4 minutes environ et sont absorb\u00e9s dans les zones d\u2019implantation entre 7 et 14 jours sans aucune r\u00e9action des tissus.<\/span><\/div><\/li><\/ul>[\/vc_column_inner][\/vc_row_inner][\/vc_column][\/vc_row][vc_row css=&#8221;.vc_custom_1530089429201{padding-top: 60px !important;}&#8221;][vc_column][vc_row_inner][vc_column_inner width=&#8221;1\/3&#8243;][vc_custom_heading text=&#8221;CONTENU CONNEXE&#8221; use_theme_fonts=&#8221;yes&#8221;][vc_empty_space height=&#8221;20px&#8221;][\/vc_column_inner][vc_column_inner width=&#8221;2\/3&#8243;][vc_column_text]<\/p>\n<p class=\"large-text\">You can follow ideas and announcements of doctors and technical experts. Research and view new techniques, new problem solving method, and new use methods. Read information about our products, use conditions, renewed regulations, health sector trends and other technical topics.<\/p>\n<p>[\/vc_column_text][vc_empty_space height=&#8221;40px&#8221;][\/vc_column_inner][\/vc_row_inner][\/vc_column][\/vc_row]<\/p>\n<\/div>","protected":false},"excerpt":{"rendered":"<p>[vc_row][vc_column][vc_empty_space height=&#8221;35px&#8221;][\/vc_column][\/vc_row][vc_row gap=&#8221;30&#8243; content_placement=&#8221;middle&#8221;][vc_column][vc_row_inner content_placement=&#8221;middle&#8221;][vc_column_inner width=&#8221;1\/2&#8243;][vc_custom_heading text=&#8221;H\u00e9mostats R\u00e9sorbables&#8221; font_container=&#8221;tag:h1|font_size:40px|text_align:left&#8221; use_theme_fonts=&#8221;yes&#8221;][vc_custom_heading text=&#8221;Gaze H\u00e9mostatique&#8221; font_container=&#8221;tag:h6|font_size:20px|text_align:left&#8221; use_theme_fonts=&#8221;yes&#8221;][vc_empty_space height=&#8221;20px&#8221;][vc_column_text]Les h\u00e9mostats sont des mat\u00e9riaux m\u00e9dicaux utilis\u00e9s pour arr\u00eater les saignements majeurs et mineurs apr\u00e8s des blessures internes et externes, des ruptures, des fractures, des coupures traumatiques, des op\u00e9rations dentaires, des interventions chirurgicales ou spontan\u00e9es. Ces mat\u00e9riaux sont \u00e9galement appel\u00e9s gent [&hellip;]<\/p>\n","protected":false},"author":1,"featured_media":0,"parent":5279,"menu_order":0,"comment_status":"closed","ping_status":"closed","template":"","meta":{"_acf_changed":false,"footnotes":""},"class_list":["post-5280","page","type-page","status-publish","hentry"],"acf":[],"yoast_head":"<!-- This site is optimized with the Yoast SEO plugin v21.6 - https:\/\/yoast.com\/wordpress\/plugins\/seo\/ -->\n<title>Gaze H\u00e9mostatique R\u00e9sorbables - Boz Medical Produits<\/title>\n<meta name=\"description\" content=\"Les gaze h\u00e9mostatique sont des mat\u00e9riaux m\u00e9dicaux utilis\u00e9s pour arr\u00eater les saignements majeurs et mineurs apr\u00e8s des blessures internes et externes...\" \/>\n<meta name=\"robots\" content=\"index, follow, max-snippet:-1, max-image-preview:large, max-video-preview:-1\" \/>\n<link rel=\"canonical\" href=\"https:\/\/www.boztibbi.com\/fr\/produits\/gaze-hemostatique\/\" \/>\n<meta property=\"og:locale\" content=\"fr_FR\" \/>\n<meta property=\"og:type\" content=\"article\" \/>\n<meta property=\"og:title\" content=\"Gaze H\u00e9mostatique R\u00e9sorbables - Boz Medical Produits\" \/>\n<meta property=\"og:description\" content=\"Les gaze h\u00e9mostatique sont des mat\u00e9riaux m\u00e9dicaux utilis\u00e9s pour arr\u00eater les saignements majeurs et mineurs apr\u00e8s des blessures internes et externes...\" \/>\n<meta property=\"og:url\" content=\"https:\/\/www.boztibbi.com\/fr\/produits\/gaze-hemostatique\/\" \/>\n<meta property=\"og:site_name\" content=\"Boz Medical\" \/>\n<meta property=\"article:publisher\" content=\"https:\/\/www.facebook.com\/bozmedical\/\" \/>\n<meta property=\"article:modified_time\" content=\"2024-08-20T14:06:12+00:00\" \/>\n<meta name=\"twitter:card\" content=\"summary_large_image\" \/>\n<meta name=\"twitter:site\" content=\"@bozmedical\" \/>\n<script type=\"application\/ld+json\" class=\"yoast-schema-graph\">{\"@context\":\"https:\/\/schema.org\",\"@graph\":[{\"@type\":\"WebPage\",\"@id\":\"https:\/\/www.boztibbi.com\/fr\/produits\/gaze-hemostatique\/\",\"url\":\"https:\/\/www.boztibbi.com\/fr\/produits\/gaze-hemostatique\/\",\"name\":\"Gaze H\u00e9mostatique R\u00e9sorbables - Boz Medical Produits\",\"isPartOf\":{\"@id\":\"https:\/\/www.boztibbi.com\/#website\"},\"datePublished\":\"2018-06-28T12:37:24+00:00\",\"dateModified\":\"2024-08-20T14:06:12+00:00\",\"description\":\"Les gaze h\u00e9mostatique sont des mat\u00e9riaux m\u00e9dicaux utilis\u00e9s pour arr\u00eater les saignements majeurs et mineurs apr\u00e8s des blessures internes et externes...\",\"breadcrumb\":{\"@id\":\"https:\/\/www.boztibbi.com\/fr\/produits\/gaze-hemostatique\/#breadcrumb\"},\"inLanguage\":\"fr-FR\",\"potentialAction\":[{\"@type\":\"ReadAction\",\"target\":[\"https:\/\/www.boztibbi.com\/fr\/produits\/gaze-hemostatique\/\"]}]},{\"@type\":\"BreadcrumbList\",\"@id\":\"https:\/\/www.boztibbi.com\/fr\/produits\/gaze-hemostatique\/#breadcrumb\",\"itemListElement\":[{\"@type\":\"ListItem\",\"position\":1,\"name\":\"Page d'accueil\",\"item\":\"https:\/\/www.boztibbi.com\/fr\/\"},{\"@type\":\"ListItem\",\"position\":2,\"name\":\"Produits\",\"item\":\"https:\/\/www.boztibbi.com\/fr\/produits\/\"},{\"@type\":\"ListItem\",\"position\":3,\"name\":\"Gaze H\u00e9mostatique\"}]},{\"@type\":\"WebSite\",\"@id\":\"https:\/\/www.boztibbi.com\/#website\",\"url\":\"https:\/\/www.boztibbi.com\/\",\"name\":\"Boz Medical\",\"description\":\"Sutures chirurgicales, h\u00e9mostats r\u00e9sorbables et mailles chirurgicales\",\"publisher\":{\"@id\":\"https:\/\/www.boztibbi.com\/#organization\"},\"potentialAction\":[{\"@type\":\"SearchAction\",\"target\":{\"@type\":\"EntryPoint\",\"urlTemplate\":\"https:\/\/www.boztibbi.com\/?s={search_term_string}\"},\"query-input\":\"required name=search_term_string\"}],\"inLanguage\":\"fr-FR\"},{\"@type\":\"Organization\",\"@id\":\"https:\/\/www.boztibbi.com\/#organization\",\"name\":\"Boz T\u0131bbi Malzeme Sanayi ve Ticaret A.\u015e.\",\"url\":\"https:\/\/www.boztibbi.com\/\",\"logo\":{\"@type\":\"ImageObject\",\"inLanguage\":\"fr-FR\",\"@id\":\"https:\/\/www.boztibbi.com\/#\/schema\/logo\/image\/\",\"url\":\"https:\/\/www.boztibbi.com\/wp-content\/uploads\/2018\/08\/boz-t\u0131bbi-malzemeler-medikal-tekstil-t\u00fcrkiye-istanbul-ankara-u\u015fak.png\",\"contentUrl\":\"https:\/\/www.boztibbi.com\/wp-content\/uploads\/2018\/08\/boz-t\u0131bbi-malzemeler-medikal-tekstil-t\u00fcrkiye-istanbul-ankara-u\u015fak.png\",\"width\":1024,\"height\":683,\"caption\":\"Boz T\u0131bbi Malzeme Sanayi ve Ticaret A.\u015e.\"},\"image\":{\"@id\":\"https:\/\/www.boztibbi.com\/#\/schema\/logo\/image\/\"},\"sameAs\":[\"https:\/\/www.facebook.com\/bozmedical\/\",\"https:\/\/twitter.com\/bozmedical\"]}]}<\/script>\n<!-- \/ Yoast SEO plugin. -->","yoast_head_json":{"title":"Gaze H\u00e9mostatique R\u00e9sorbables - Boz Medical Produits","description":"Les gaze h\u00e9mostatique sont des mat\u00e9riaux m\u00e9dicaux utilis\u00e9s pour arr\u00eater les saignements majeurs et mineurs apr\u00e8s des blessures internes et externes...","robots":{"index":"index","follow":"follow","max-snippet":"max-snippet:-1","max-image-preview":"max-image-preview:large","max-video-preview":"max-video-preview:-1"},"canonical":"https:\/\/www.boztibbi.com\/fr\/produits\/gaze-hemostatique\/","og_locale":"fr_FR","og_type":"article","og_title":"Gaze H\u00e9mostatique R\u00e9sorbables - Boz Medical Produits","og_description":"Les gaze h\u00e9mostatique sont des mat\u00e9riaux m\u00e9dicaux utilis\u00e9s pour arr\u00eater les saignements majeurs et mineurs apr\u00e8s des blessures internes et externes...","og_url":"https:\/\/www.boztibbi.com\/fr\/produits\/gaze-hemostatique\/","og_site_name":"Boz Medical","article_publisher":"https:\/\/www.facebook.com\/bozmedical\/","article_modified_time":"2024-08-20T14:06:12+00:00","twitter_card":"summary_large_image","twitter_site":"@bozmedical","schema":{"@context":"https:\/\/schema.org","@graph":[{"@type":"WebPage","@id":"https:\/\/www.boztibbi.com\/fr\/produits\/gaze-hemostatique\/","url":"https:\/\/www.boztibbi.com\/fr\/produits\/gaze-hemostatique\/","name":"Gaze H\u00e9mostatique R\u00e9sorbables - Boz Medical Produits","isPartOf":{"@id":"https:\/\/www.boztibbi.com\/#website"},"datePublished":"2018-06-28T12:37:24+00:00","dateModified":"2024-08-20T14:06:12+00:00","description":"Les gaze h\u00e9mostatique sont des mat\u00e9riaux m\u00e9dicaux utilis\u00e9s pour arr\u00eater les saignements majeurs et mineurs apr\u00e8s des blessures internes et externes...","breadcrumb":{"@id":"https:\/\/www.boztibbi.com\/fr\/produits\/gaze-hemostatique\/#breadcrumb"},"inLanguage":"fr-FR","potentialAction":[{"@type":"ReadAction","target":["https:\/\/www.boztibbi.com\/fr\/produits\/gaze-hemostatique\/"]}]},{"@type":"BreadcrumbList","@id":"https:\/\/www.boztibbi.com\/fr\/produits\/gaze-hemostatique\/#breadcrumb","itemListElement":[{"@type":"ListItem","position":1,"name":"Page d'accueil","item":"https:\/\/www.boztibbi.com\/fr\/"},{"@type":"ListItem","position":2,"name":"Produits","item":"https:\/\/www.boztibbi.com\/fr\/produits\/"},{"@type":"ListItem","position":3,"name":"Gaze H\u00e9mostatique"}]},{"@type":"WebSite","@id":"https:\/\/www.boztibbi.com\/#website","url":"https:\/\/www.boztibbi.com\/","name":"Boz Medical","description":"Sutures chirurgicales, h\u00e9mostats r\u00e9sorbables et mailles chirurgicales","publisher":{"@id":"https:\/\/www.boztibbi.com\/#organization"},"potentialAction":[{"@type":"SearchAction","target":{"@type":"EntryPoint","urlTemplate":"https:\/\/www.boztibbi.com\/?s={search_term_string}"},"query-input":"required name=search_term_string"}],"inLanguage":"fr-FR"},{"@type":"Organization","@id":"https:\/\/www.boztibbi.com\/#organization","name":"Boz T\u0131bbi Malzeme Sanayi ve Ticaret A.\u015e.","url":"https:\/\/www.boztibbi.com\/","logo":{"@type":"ImageObject","inLanguage":"fr-FR","@id":"https:\/\/www.boztibbi.com\/#\/schema\/logo\/image\/","url":"https:\/\/www.boztibbi.com\/wp-content\/uploads\/2018\/08\/boz-t\u0131bbi-malzemeler-medikal-tekstil-t\u00fcrkiye-istanbul-ankara-u\u015fak.png","contentUrl":"https:\/\/www.boztibbi.com\/wp-content\/uploads\/2018\/08\/boz-t\u0131bbi-malzemeler-medikal-tekstil-t\u00fcrkiye-istanbul-ankara-u\u015fak.png","width":1024,"height":683,"caption":"Boz T\u0131bbi Malzeme Sanayi ve Ticaret A.\u015e."},"image":{"@id":"https:\/\/www.boztibbi.com\/#\/schema\/logo\/image\/"},"sameAs":["https:\/\/www.facebook.com\/bozmedical\/","https:\/\/twitter.com\/bozmedical"]}]}},"_links":{"self":[{"href":"https:\/\/www.boztibbi.com\/fr\/wp-json\/wp\/v2\/pages\/5280","targetHints":{"allow":["GET"]}}],"collection":[{"href":"https:\/\/www.boztibbi.com\/fr\/wp-json\/wp\/v2\/pages"}],"about":[{"href":"https:\/\/www.boztibbi.com\/fr\/wp-json\/wp\/v2\/types\/page"}],"author":[{"embeddable":true,"href":"https:\/\/www.boztibbi.com\/fr\/wp-json\/wp\/v2\/users\/1"}],"replies":[{"embeddable":true,"href":"https:\/\/www.boztibbi.com\/fr\/wp-json\/wp\/v2\/comments?post=5280"}],"version-history":[{"count":3,"href":"https:\/\/www.boztibbi.com\/fr\/wp-json\/wp\/v2\/pages\/5280\/revisions"}],"predecessor-version":[{"id":10947,"href":"https:\/\/www.boztibbi.com\/fr\/wp-json\/wp\/v2\/pages\/5280\/revisions\/10947"}],"up":[{"embeddable":true,"href":"https:\/\/www.boztibbi.com\/fr\/wp-json\/wp\/v2\/pages\/5279"}],"wp:attachment":[{"href":"https:\/\/www.boztibbi.com\/fr\/wp-json\/wp\/v2\/media?parent=5280"}],"curies":[{"name":"wp","href":"https:\/\/api.w.org\/{rel}","templated":true}]}}