{"id":5279,"date":"2017-09-27T08:29:11","date_gmt":"2017-09-27T08:29:11","guid":{"rendered":"https:\/\/www.boztibbi.com\/products\/"},"modified":"2022-11-07T11:03:02","modified_gmt":"2022-11-07T08:03:02","slug":"produits","status":"publish","type":"page","link":"https:\/\/www.boztibbi.com\/fr\/produits\/","title":{"rendered":"Produits"},"content":{"rendered":"<div class=\"wpb-content-wrapper\"><p>[vc_row][vc_column width=&#8221;1\/3&#8243;]\n<!-- BEGIN .imagebox -->\n<div class=\"imagebox   vc_custom_1566480901505\">\n\t\n\t\t<div class=\"box-header\">\n\t\t\t<h3 class=\"box-title\">\n\t\t\t\t<a href=\"https:\/\/www.boztibbi.com\/fr\/produits\/sutures\/\" target=\"_self\">\n\t\t\t\t\tSutures\t\t\t\t<\/a>\n\t\t\t<\/h3>\n\n\t\t\t\t\t\t\t<span class=\"box-subtitle\">\n\t\t\t\t\tSutures chirurgicales\t\t\t\t<\/span>\n\t\t\t\t\t<\/div>\n\n\t\t<div class=\"box-content\"><p>Nous proposons des produits de fermeture de plaie r\u00e9pondant aux besoins chirurgicaux sp\u00e9ciaux de la peau et des tissus d&#8217;organes.<\/p>\n<\/div>\n\n\t\t<div class=\"box-image\">\n\t\t\t<a href=\"https:\/\/www.boztibbi.com\/fr\/produits\/sutures\/\" target=\"_self\">\n\t\t\t\t\t\t\t\t\t<div class=\"box-button button\">\t\n\t\t\t\t\t\t<span>Vue<\/span><i class=\"ion-log-in\"><\/i>\n\t\t\t\t\t<\/div>\n\t\t\t\t\n\t\t\t\t<img decoding=\"async\" class=\"\" src=\"https:\/\/www.boztibbi.com\/wp-content\/uploads\/2018\/06\/s\u00fct\u00fcr-suture-s\u00fct\u00fcrler-sutures-surgical-cerrahi-iplikler-ameliyat-ipli\u011fi-boz-t\u0131bbi-malzemeler-iplik-i\u011fnesi.jpg\" width=\"800\" height=\"350\" alt=\"s\u00fct\u00fcr-suture-s\u00fct\u00fcrler-sutures-surgical-cerrahi-iplikler-ameliyat-ipli\u011fi-boz-t\u0131bbi-malzemeler-iplik-i\u011fnesi\" title=\"s\u00fct\u00fcr-suture-s\u00fct\u00fcrler-sutures-surgical-cerrahi-iplikler-ameliyat-ipli\u011fi-boz-t\u0131bbi-malzemeler-iplik-i\u011fnesi\" loading=\"lazy\" \/>\t\t\t<\/a>\n\t\t<\/div>\n\t<\/div>\n<!-- End .imagebox -->\n[vc_empty_space height=&#8221;30px&#8221;][\/vc_column][vc_column width=&#8221;1\/3&#8243;]\n<!-- BEGIN .imagebox -->\n<div class=\"imagebox   vc_custom_1566480940120\">\n\t\n\t\t<div class=\"box-header\">\n\t\t\t<h3 class=\"box-title\">\n\t\t\t\t<a href=\"https:\/\/www.boztibbi.com\/fr\/produits\/gaze-hemostatique\/\" target=\"_self\">\n\t\t\t\t\tH\u00e9mostases\t\t\t\t<\/a>\n\t\t\t<\/h3>\n\n\t\t\t\t\t\t\t<span class=\"box-subtitle\">\n\t\t\t\t\tH\u00e9mostatique R\u00e9sorbables\t\t\t\t<\/span>\n\t\t\t\t\t<\/div>\n\n\t\t<div class=\"box-content\"><p>Les h\u00e9mostatiques sont des mat\u00e9riaux sensibles et font partie des \u00e9l\u00e9ments indispensables des interventions et des op\u00e9rations chirurgicales.<\/p>\n<\/div>\n\n\t\t<div class=\"box-image\">\n\t\t\t<a href=\"https:\/\/www.boztibbi.com\/fr\/produits\/gaze-hemostatique\/\" target=\"_self\">\n\t\t\t\t\t\t\t\t\t<div class=\"box-button button\">\t\n\t\t\t\t\t\t<span>Vue<\/span><i class=\"ion-log-in\"><\/i>\n\t\t\t\t\t<\/div>\n\t\t\t\t\n\t\t\t\t<img decoding=\"async\" class=\"\" src=\"https:\/\/www.boztibbi.com\/wp-content\/uploads\/2018\/06\/hemostatlar-haemostats-kanama-durdurucular-hemostats-cerrahi-surgical-surgicel.jpg\" width=\"800\" height=\"350\" alt=\"hemostatlar-haemostats-kanama-durdurucular-hemostats-cerrahi-surgical-surgicel\" title=\"hemostatlar-haemostats-kanama-durdurucular-hemostats-cerrahi-surgical-surgicel\" loading=\"lazy\" \/>\t\t\t<\/a>\n\t\t<\/div>\n\t<\/div>\n<!-- End .imagebox -->\n[vc_empty_space height=&#8221;30px&#8221;][\/vc_column][vc_column width=&#8221;1\/3&#8243;]\n<!-- BEGIN .imagebox -->\n<div class=\"imagebox   vc_custom_1566480959055\">\n\t\n\t\t<div class=\"box-header\">\n\t\t\t<h3 class=\"box-title\">\n\t\t\t\t<a href=\"#\" target=\"_self\">\n\t\t\t\t\tAIGUILLES\t\t\t\t<\/a>\n\t\t\t<\/h3>\n\n\t\t\t\t\t\t\t<span class=\"box-subtitle\">\n\t\t\t\t\tTypes d'aiguilles de suture\t\t\t\t<\/span>\n\t\t\t\t\t<\/div>\n\n\t\t<div class=\"box-content\"><p>Les aiguilles qui sont les \u00e9l\u00e9ments les plus importants des sutures chirurgicales sont fabriqu\u00e9es avec diverses propri\u00e9t\u00e9s et \u00e0 diff\u00e9rentes mesures.<\/p>\n<\/div>\n\n\t\t<div class=\"box-image\">\n\t\t\t<a href=\"#\" target=\"_self\">\n\t\t\t\t\t\t\t\t\t<div class=\"box-button button\">\t\n\t\t\t\t\t\t<span>Vue<\/span><i class=\"ion-log-in\"><\/i>\n\t\t\t\t\t<\/div>\n\t\t\t\t\n\t\t\t\t<img decoding=\"async\" class=\"\" src=\"https:\/\/www.boztibbi.com\/wp-content\/uploads\/2018\/06\/s\u00fct\u00fcr-i\u011fneleri-sutures-needle-ameliyat-ipli\u011fi-i\u011fnesi.jpg\" width=\"800\" height=\"350\" alt=\"s\u00fct\u00fcr-i\u011fneleri-sutures-needle-ameliyat-ipli\u011fi-i\u011fnesi\" title=\"s\u00fct\u00fcr-i\u011fneleri-sutures-needle-ameliyat-ipli\u011fi-i\u011fnesi\" loading=\"lazy\" \/>\t\t\t<\/a>\n\t\t<\/div>\n\t<\/div>\n<!-- End .imagebox -->\n[vc_empty_space height=&#8221;30px&#8221;][\/vc_column][\/vc_row][vc_row][vc_column width=&#8221;1\/3&#8243;]\n<!-- BEGIN .imagebox -->\n<div class=\"imagebox   vc_custom_1566480987357\">\n\t\n\t\t<div class=\"box-header\">\n\t\t\t<h3 class=\"box-title\">\n\t\t\t\t<a href=\"#\" target=\"_self\">\n\t\t\t\t\tPRODUITS SP\u00c9CIAUX POUR EXPERTS\t\t\t\t<\/a>\n\t\t\t<\/h3>\n\n\t\t\t\t\t\t\t<span class=\"box-subtitle\">\n\t\t\t\t\tMat\u00e9riels chirurgicaux sp\u00e9ciaux\t\t\t\t<\/span>\n\t\t\t\t\t<\/div>\n\n\t\t<div class=\"box-content\"><p>Produits de microchirurgie, plaques coussin\u00e9es, bouton de verrouillage en polypropyl\u00e8ne, cerceaux de billes en aluminium, tampons chirurgicaux\u2026<\/p>\n<\/div>\n\n\t\t<div class=\"box-image\">\n\t\t\t<a href=\"#\" target=\"_self\">\n\t\t\t\t\t\t\t\t\t<div class=\"box-button button\">\t\n\t\t\t\t\t\t<span>Vue<\/span><i class=\"ion-log-in\"><\/i>\n\t\t\t\t\t<\/div>\n\t\t\t\t\n\t\t\t\t<img decoding=\"async\" class=\"\" src=\"https:\/\/www.boztibbi.com\/wp-content\/uploads\/2018\/06\/mikrocerrahi-\u00fcr\u00fcnleri-ameliyat-ipli\u011fi-suture-s\u00fct\u00fcr-yerli-\u00fcretim.jpg\" width=\"800\" height=\"350\" alt=\"mikrocerrahi-\u00fcr\u00fcnleri-ameliyat-ipli\u011fi-suture-s\u00fct\u00fcr-yerli-\u00fcretim\" title=\"mikrocerrahi-\u00fcr\u00fcnleri-ameliyat-ipli\u011fi-suture-s\u00fct\u00fcr-yerli-\u00fcretim\" loading=\"lazy\" \/>\t\t\t<\/a>\n\t\t<\/div>\n\t<\/div>\n<!-- End .imagebox -->\n[vc_empty_space height=&#8221;30px&#8221;][\/vc_column][vc_column width=&#8221;1\/3&#8243;]\n<!-- BEGIN .imagebox -->\n<div class=\"imagebox   vc_custom_1566481007932\">\n\t\n\t\t<div class=\"box-header\">\n\t\t\t<h3 class=\"box-title\">\n\t\t\t\t<a href=\"#\" target=\"_self\">\n\t\t\t\t\t\u00c9QUIPEMENT M\u00c9DICAL\t\t\t\t<\/a>\n\t\t\t<\/h3>\n\n\t\t\t\t\t\t\t<span class=\"box-subtitle\">\n\t\t\t\t\tMat\u00e9riel m\u00e9dical\t\t\t\t<\/span>\n\t\t\t\t\t<\/div>\n\n\t\t<div class=\"box-content\"><p>Produits m\u00e9dicaux et chirurgicaux innovants, faciles \u00e0 utiliser et pratiques pour les op\u00e9rations chirurgicales\u2026<\/p>\n<\/div>\n\n\t\t<div class=\"box-image\">\n\t\t\t<a href=\"#\" target=\"_self\">\n\t\t\t\t\t\t\t\t\t<div class=\"box-button button\">\t\n\t\t\t\t\t\t<span>Vue<\/span><i class=\"ion-log-in\"><\/i>\n\t\t\t\t\t<\/div>\n\t\t\t\t\n\t\t\t\t<img decoding=\"async\" class=\"\" src=\"https:\/\/www.boztibbi.com\/wp-content\/uploads\/2018\/06\/t\u0131bbi-malzemeler-doku-yap\u0131\u015ft\u0131r\u0131c\u0131s\u0131-topical-tissue-adhesive.jpg\" width=\"800\" height=\"350\" alt=\"t\u0131bbi-malzemeler-doku-yap\u0131\u015ft\u0131r\u0131c\u0131s\u0131-topical-tissue-adhesive\" title=\"t\u0131bbi-malzemeler-doku-yap\u0131\u015ft\u0131r\u0131c\u0131s\u0131-topical-tissue-adhesive\" loading=\"lazy\" \/>\t\t\t<\/a>\n\t\t<\/div>\n\t<\/div>\n<!-- End .imagebox -->\n[vc_empty_space height=&#8221;30px&#8221;][\/vc_column][vc_column width=&#8221;1\/3&#8243;]\n<!-- BEGIN .imagebox -->\n<div class=\"imagebox   vc_custom_1566481025544\">\n\t\n\t\t<div class=\"box-header\">\n\t\t\t<h3 class=\"box-title\">\n\t\t\t\t<a href=\"#\" target=\"_self\">\n\t\t\t\t\tBASE DE CONNAISSANCE\t\t\t\t<\/a>\n\t\t\t<\/h3>\n\n\t\t\t\t\t\t\t<span class=\"box-subtitle\">\n\t\t\t\t\tNotice\t\t\t\t<\/span>\n\t\t\t\t\t<\/div>\n\n\t\t<div class=\"box-content\"><p>Banque d&#8217;informations interactive o\u00f9 vous pouvez acc\u00e9der \u00e0 tous les d\u00e9tails sur nos produits et sur la mani\u00e8re d&#8217;utiliser ces produits\u2026<\/p>\n<\/div>\n\n\t\t<div class=\"box-image\">\n\t\t\t<a href=\"#\" target=\"_self\">\n\t\t\t\t\t\t\t\t\t<div class=\"box-button button\">\t\n\t\t\t\t\t\t<span>Vue<\/span><i class=\"ion-log-in\"><\/i>\n\t\t\t\t\t<\/div>\n\t\t\t\t\n\t\t\t\t<img decoding=\"async\" class=\"\" src=\"https:\/\/www.boztibbi.com\/wp-content\/uploads\/2018\/06\/gazl\u0131-bez-gauze-compress-absorbable-t\u00fcrkiye-istanbul-boz-t\u0131bbi-tekstil-malzemeleri-bandaj-sarg\u0131-bezi-span\u00e7.jpg\" width=\"800\" height=\"350\" alt=\"gazl\u0131-bez-gauze-compress-absorbable-t\u00fcrkiye-istanbul-boz-t\u0131bbi-tekstil-malzemeleri-bandaj-sarg\u0131-bezi-span\u00e7\" title=\"gazl\u0131-bez-gauze-compress-absorbable-t\u00fcrkiye-istanbul-boz-t\u0131bbi-tekstil-malzemeleri-bandaj-sarg\u0131-bezi-span\u00e7\" loading=\"lazy\" \/>\t\t\t<\/a>\n\t\t<\/div>\n\t<\/div>\n<!-- End .imagebox -->\n[vc_empty_space height=&#8221;30px&#8221;][\/vc_column][\/vc_row][vc_row css=&#8221;.vc_custom_1513566862818{padding-top: 30px !important;padding-bottom: 30px !important;}&#8221;][vc_column][vc_separator color=&#8221;custom&#8221; accent_color=&#8221;rgba(2,6,32,0.1)&#8221;][vc_empty_space height=&#8221;30px&#8221;][vc_row_inner][vc_column_inner width=&#8221;1\/6&#8243;][vc_single_image image=&#8221;3136&#8243; img_size=&#8221;full&#8221;][\/vc_column_inner][vc_column_inner width=&#8221;1\/6&#8243;][vc_single_image image=&#8221;3137&#8243; img_size=&#8221;full&#8221;][\/vc_column_inner][vc_column_inner width=&#8221;1\/6&#8243;][vc_single_image image=&#8221;3134&#8243; img_size=&#8221;full&#8221;][\/vc_column_inner][vc_column_inner width=&#8221;1\/6&#8243;][vc_single_image image=&#8221;3133&#8243; img_size=&#8221;full&#8221;][\/vc_column_inner][vc_column_inner width=&#8221;1\/6&#8243;][vc_single_image image=&#8221;3132&#8243; img_size=&#8221;full&#8221;][\/vc_column_inner][vc_column_inner width=&#8221;1\/6&#8243;][vc_single_image image=&#8221;3138&#8243; img_size=&#8221;full&#8221;][\/vc_column_inner][\/vc_row_inner][\/vc_column][\/vc_row][vc_row full_width=&#8221;stretch_row&#8221; parallax=&#8221;content-moving&#8221; css=&#8221;.vc_custom_1530515568697{padding-top: 80px !important;padding-bottom: 50px !important;background-image: url(https:\/\/www.boztibbi.com\/wp-content\/uploads\/2018\/07\/boz-t\u0131bbi-malzemeler-s\u00fct\u00fcrler-hemostatlar-kanama-durdurucular-ameliyat-iplikleri-i\u011fnesi-triangle.jpg?id=2233) !important;background-position: center;background-repeat: no-repeat !important;background-size: cover !important;}&#8221;][vc_column width=&#8221;1\/3&#8243;][\/vc_column][vc_column width=&#8221;2\/3&#8243;][vc_custom_heading text=&#8221;Nous concevons l&#8217;avenir avec notre&#8221; font_container=&#8221;tag:h3|font_size:26px|text_align:left&#8221; use_theme_fonts=&#8221;yes&#8221;][vc_empty_space height=&#8221;5px&#8221;][vc_custom_heading text=&#8221;EXPERIENCE&#8221; font_container=&#8221;tag:h2|font_size:64px|text_align:left|color:%23dd3333&#8243; use_theme_fonts=&#8221;yes&#8221;][vc_empty_space height=&#8221;50px&#8221;][vc_row_inner][vc_column_inner width=&#8221;1\/3&#8243;]<div class=\"counter shadow \"> <div class=\"counter-detail\">\n\t\t<h3 class=\"counter-content\">\n\t\t\t<span class=\"counter-prefix\"><\/span><span class=\"counter-value\" data-from=\"0\" data-to=\"5000\" data-speed=\"1000\">0<\/span><span class=\"counter-suffix\">ton<\/span>\n\t\t<\/h3>\n\t<div class=\"counter-title\">\u00dcretim Kapasitesi<\/div><\/div><\/div>[vc_empty_space height=&#8221;30px&#8221;][\/vc_column_inner][vc_column_inner width=&#8221;1\/3&#8243;]<div class=\"counter shadow \"> <div class=\"counter-detail\">\n\t\t<h3 class=\"counter-content\">\n\t\t\t<span class=\"counter-prefix\"><\/span><span class=\"counter-value\" data-from=\"0\" data-to=\"70\" data-speed=\"1000\">0<\/span><span class=\"counter-suffix\">+<\/span>\n\t\t<\/h3>\n\t<div class=\"counter-title\">Y\u0131ll\u0131k Tecr\u00fcbe<\/div><\/div><\/div>[vc_empty_space height=&#8221;30px&#8221;][\/vc_column_inner][vc_column_inner width=&#8221;1\/3&#8243;]<div class=\"counter shadow \"> <div class=\"counter-detail\">\n\t\t<h3 class=\"counter-content\">\n\t\t\t<span class=\"counter-prefix\"><\/span><span class=\"counter-value\" data-from=\"0\" data-to=\"130\" data-speed=\"1000\">0<\/span><span class=\"counter-suffix\">+<\/span>\n\t\t<\/h3>\n\t<div class=\"counter-title\">Personel<\/div><\/div><\/div>[vc_empty_space height=&#8221;30px&#8221;][\/vc_column_inner][\/vc_row_inner][\/vc_column][\/vc_row][vc_row full_width=&#8221;stretch_row&#8221; disable_element=&#8221;yes&#8221; css=&#8221;.vc_custom_1534423598657{padding-top: 80px !important;padding-bottom: 50px !important;background: #020620 url(https:\/\/www.boztibbi.com\/wp-content\/uploads\/\/2017\/12\/bg-main.svg?id=1098) !important;background-position: center !important;background-repeat: no-repeat !important;background-size: cover !important;}&#8221;][vc_column][vc_custom_heading text=&#8221;\u00dcr\u00fcnlerimizin kullan\u0131m alanlar\u0131n\u0131 inceleyin&#8221; font_container=&#8221;tag:h2|text_align:center|color:%23ffffff&#8221; use_theme_fonts=&#8221;yes&#8221;][vc_empty_space height=&#8221;30px&#8221;][\/vc_column][\/vc_row][vc_row css=&#8221;.vc_custom_1513570220567{padding-top: 80px !important;padding-bottom: 30px !important;}&#8221;][vc_column width=&#8221;1\/6&#8243;][\/vc_column][vc_column width=&#8221;2\/3&#8243;][vc_custom_heading text=&#8221;RENCONTRONS NOUS!&#8221; font_container=&#8221;tag:h2|font_size:56|text_align:center&#8221; use_theme_fonts=&#8221;yes&#8221;][vc_empty_space height=&#8221;5px&#8221;][vc_column_text]<\/p>\n<h3 style=\"text-align: center; margin: 0 0 30px 0;\">Adressez vous \u00e0 nos repr\u00e9sentants client\u00e8le : <a href=\"tel:+903126401690\"><span style=\"color: #00a914;\">+90 312 640 16 90<\/span><\/a><\/h3>\n<p style=\"text-align: center;\"><a class=\"button\" href=\"https:\/\/www.boztibbi.com\/fr\/contact\">CONTACTEZ-NOUS MAINTENANT<\/a><\/p>\n<p>[\/vc_column_text][\/vc_column][vc_column width=&#8221;1\/6&#8243;][\/vc_column][\/vc_row]<\/p>\n<\/div>","protected":false},"excerpt":{"rendered":"<p>[vc_row][vc_column width=&#8221;1\/3&#8243;][vc_empty_space height=&#8221;30px&#8221;][\/vc_column][vc_column width=&#8221;1\/3&#8243;][vc_empty_space height=&#8221;30px&#8221;][\/vc_column][vc_column width=&#8221;1\/3&#8243;][vc_empty_space height=&#8221;30px&#8221;][\/vc_column][\/vc_row][vc_row][vc_column width=&#8221;1\/3&#8243;][vc_empty_space height=&#8221;30px&#8221;][\/vc_column][vc_column width=&#8221;1\/3&#8243;][vc_empty_space height=&#8221;30px&#8221;][\/vc_column][vc_column width=&#8221;1\/3&#8243;][vc_empty_space height=&#8221;30px&#8221;][\/vc_column][\/vc_row][vc_row css=&#8221;.vc_custom_1513566862818{padding-top: 30px !important;padding-bottom: 30px !important;}&#8221;][vc_column][vc_separator color=&#8221;custom&#8221; accent_color=&#8221;rgba(2,6,32,0.1)&#8221;][vc_empty_space height=&#8221;30px&#8221;][vc_row_inner][vc_column_inner width=&#8221;1\/6&#8243;][vc_single_image image=&#8221;3136&#8243; img_size=&#8221;full&#8221;][\/vc_column_inner][vc_column_inner width=&#8221;1\/6&#8243;][vc_single_image image=&#8221;3137&#8243; img_size=&#8221;full&#8221;][\/vc_column_inner][vc_column_inner width=&#8221;1\/6&#8243;][vc_single_image image=&#8221;3134&#8243; img_size=&#8221;full&#8221;][\/vc_column_inner][vc_column_inner width=&#8221;1\/6&#8243;][vc_single_image image=&#8221;3133&#8243; img_size=&#8221;full&#8221;][\/vc_column_inner][vc_column_inner width=&#8221;1\/6&#8243;][vc_single_image image=&#8221;3132&#8243; img_size=&#8221;full&#8221;][\/vc_column_inner][vc_column_inner width=&#8221;1\/6&#8243;][vc_single_image image=&#8221;3138&#8243; img_size=&#8221;full&#8221;][\/vc_column_inner][\/vc_row_inner][\/vc_column][\/vc_row][vc_row full_width=&#8221;stretch_row&#8221; parallax=&#8221;content-moving&#8221; css=&#8221;.vc_custom_1530515568697{padding-top: 80px !important;padding-bottom: 50px !important;background-image: url(https:\/\/www.boztibbi.com\/wp-content\/uploads\/2018\/07\/boz-t\u0131bbi-malzemeler-s\u00fct\u00fcrler-hemostatlar-kanama-durdurucular-ameliyat-iplikleri-i\u011fnesi-triangle.jpg?id=2233) !important;background-position: center;background-repeat: no-repeat !important;background-size: cover !important;}&#8221;][vc_column width=&#8221;1\/3&#8243;][\/vc_column][vc_column width=&#8221;2\/3&#8243;][vc_custom_heading [&hellip;]<\/p>\n","protected":false},"author":1,"featured_media":0,"parent":0,"menu_order":0,"comment_status":"closed","ping_status":"closed","template":"","meta":{"_acf_changed":false,"footnotes":""},"class_list":["post-5279","page","type-page","status-publish","hentry"],"acf":[],"yoast_head":"<!-- This site is optimized with the Yoast SEO plugin v21.6 - https:\/\/yoast.com\/wordpress\/plugins\/seo\/ -->\n<title>Produits<\/title>\n<meta name=\"description\" content=\"Boz Medical est un fabricant de produits et consommables m\u00e9dicaux. Sutures chirurgicales, H\u00e9mostases absorbables, Mat\u00e9riels chirurgicaux sp\u00e9ciaux...\" \/>\n<meta name=\"robots\" content=\"index, follow, max-snippet:-1, max-image-preview:large, max-video-preview:-1\" \/>\n<link rel=\"canonical\" href=\"https:\/\/www.boztibbi.com\/fr\/produits\/\" \/>\n<meta property=\"og:locale\" content=\"fr_FR\" \/>\n<meta property=\"og:type\" content=\"article\" \/>\n<meta property=\"og:title\" content=\"Produits\" \/>\n<meta property=\"og:description\" content=\"Boz Medical est un fabricant de produits et consommables m\u00e9dicaux. Sutures chirurgicales, H\u00e9mostases absorbables, Mat\u00e9riels chirurgicaux sp\u00e9ciaux...\" \/>\n<meta property=\"og:url\" content=\"https:\/\/www.boztibbi.com\/fr\/produits\/\" \/>\n<meta property=\"og:site_name\" content=\"Boz Medical\" \/>\n<meta property=\"article:publisher\" content=\"https:\/\/www.facebook.com\/bozmedical\/\" \/>\n<meta property=\"article:modified_time\" content=\"2022-11-07T08:03:02+00:00\" \/>\n<meta name=\"twitter:card\" content=\"summary_large_image\" \/>\n<meta name=\"twitter:site\" content=\"@bozmedical\" \/>\n<script type=\"application\/ld+json\" class=\"yoast-schema-graph\">{\"@context\":\"https:\/\/schema.org\",\"@graph\":[{\"@type\":\"WebPage\",\"@id\":\"https:\/\/www.boztibbi.com\/fr\/produits\/\",\"url\":\"https:\/\/www.boztibbi.com\/fr\/produits\/\",\"name\":\"Produits\",\"isPartOf\":{\"@id\":\"https:\/\/www.boztibbi.com\/#website\"},\"datePublished\":\"2017-09-27T08:29:11+00:00\",\"dateModified\":\"2022-11-07T08:03:02+00:00\",\"description\":\"Boz Medical est un fabricant de produits et consommables m\u00e9dicaux. Sutures chirurgicales, H\u00e9mostases absorbables, Mat\u00e9riels chirurgicaux sp\u00e9ciaux...\",\"breadcrumb\":{\"@id\":\"https:\/\/www.boztibbi.com\/fr\/produits\/#breadcrumb\"},\"inLanguage\":\"fr-FR\",\"potentialAction\":[{\"@type\":\"ReadAction\",\"target\":[\"https:\/\/www.boztibbi.com\/fr\/produits\/\"]}]},{\"@type\":\"BreadcrumbList\",\"@id\":\"https:\/\/www.boztibbi.com\/fr\/produits\/#breadcrumb\",\"itemListElement\":[{\"@type\":\"ListItem\",\"position\":1,\"name\":\"Page d'accueil\",\"item\":\"https:\/\/www.boztibbi.com\/fr\/\"},{\"@type\":\"ListItem\",\"position\":2,\"name\":\"Produits\"}]},{\"@type\":\"WebSite\",\"@id\":\"https:\/\/www.boztibbi.com\/#website\",\"url\":\"https:\/\/www.boztibbi.com\/\",\"name\":\"Boz Medical\",\"description\":\"Sutures chirurgicales, h\u00e9mostats r\u00e9sorbables et mailles chirurgicales\",\"publisher\":{\"@id\":\"https:\/\/www.boztibbi.com\/#organization\"},\"potentialAction\":[{\"@type\":\"SearchAction\",\"target\":{\"@type\":\"EntryPoint\",\"urlTemplate\":\"https:\/\/www.boztibbi.com\/?s={search_term_string}\"},\"query-input\":\"required name=search_term_string\"}],\"inLanguage\":\"fr-FR\"},{\"@type\":\"Organization\",\"@id\":\"https:\/\/www.boztibbi.com\/#organization\",\"name\":\"Boz T\u0131bbi Malzeme Sanayi ve Ticaret A.\u015e.\",\"url\":\"https:\/\/www.boztibbi.com\/\",\"logo\":{\"@type\":\"ImageObject\",\"inLanguage\":\"fr-FR\",\"@id\":\"https:\/\/www.boztibbi.com\/#\/schema\/logo\/image\/\",\"url\":\"https:\/\/www.boztibbi.com\/wp-content\/uploads\/2018\/08\/boz-t\u0131bbi-malzemeler-medikal-tekstil-t\u00fcrkiye-istanbul-ankara-u\u015fak.png\",\"contentUrl\":\"https:\/\/www.boztibbi.com\/wp-content\/uploads\/2018\/08\/boz-t\u0131bbi-malzemeler-medikal-tekstil-t\u00fcrkiye-istanbul-ankara-u\u015fak.png\",\"width\":1024,\"height\":683,\"caption\":\"Boz T\u0131bbi Malzeme Sanayi ve Ticaret A.\u015e.\"},\"image\":{\"@id\":\"https:\/\/www.boztibbi.com\/#\/schema\/logo\/image\/\"},\"sameAs\":[\"https:\/\/www.facebook.com\/bozmedical\/\",\"https:\/\/twitter.com\/bozmedical\"]}]}<\/script>\n<!-- \/ Yoast SEO plugin. -->","yoast_head_json":{"title":"Produits","description":"Boz Medical est un fabricant de produits et consommables m\u00e9dicaux. Sutures chirurgicales, H\u00e9mostases absorbables, Mat\u00e9riels chirurgicaux sp\u00e9ciaux...","robots":{"index":"index","follow":"follow","max-snippet":"max-snippet:-1","max-image-preview":"max-image-preview:large","max-video-preview":"max-video-preview:-1"},"canonical":"https:\/\/www.boztibbi.com\/fr\/produits\/","og_locale":"fr_FR","og_type":"article","og_title":"Produits","og_description":"Boz Medical est un fabricant de produits et consommables m\u00e9dicaux. Sutures chirurgicales, H\u00e9mostases absorbables, Mat\u00e9riels chirurgicaux sp\u00e9ciaux...","og_url":"https:\/\/www.boztibbi.com\/fr\/produits\/","og_site_name":"Boz Medical","article_publisher":"https:\/\/www.facebook.com\/bozmedical\/","article_modified_time":"2022-11-07T08:03:02+00:00","twitter_card":"summary_large_image","twitter_site":"@bozmedical","schema":{"@context":"https:\/\/schema.org","@graph":[{"@type":"WebPage","@id":"https:\/\/www.boztibbi.com\/fr\/produits\/","url":"https:\/\/www.boztibbi.com\/fr\/produits\/","name":"Produits","isPartOf":{"@id":"https:\/\/www.boztibbi.com\/#website"},"datePublished":"2017-09-27T08:29:11+00:00","dateModified":"2022-11-07T08:03:02+00:00","description":"Boz Medical est un fabricant de produits et consommables m\u00e9dicaux. Sutures chirurgicales, H\u00e9mostases absorbables, Mat\u00e9riels chirurgicaux sp\u00e9ciaux...","breadcrumb":{"@id":"https:\/\/www.boztibbi.com\/fr\/produits\/#breadcrumb"},"inLanguage":"fr-FR","potentialAction":[{"@type":"ReadAction","target":["https:\/\/www.boztibbi.com\/fr\/produits\/"]}]},{"@type":"BreadcrumbList","@id":"https:\/\/www.boztibbi.com\/fr\/produits\/#breadcrumb","itemListElement":[{"@type":"ListItem","position":1,"name":"Page d'accueil","item":"https:\/\/www.boztibbi.com\/fr\/"},{"@type":"ListItem","position":2,"name":"Produits"}]},{"@type":"WebSite","@id":"https:\/\/www.boztibbi.com\/#website","url":"https:\/\/www.boztibbi.com\/","name":"Boz Medical","description":"Sutures chirurgicales, h\u00e9mostats r\u00e9sorbables et mailles chirurgicales","publisher":{"@id":"https:\/\/www.boztibbi.com\/#organization"},"potentialAction":[{"@type":"SearchAction","target":{"@type":"EntryPoint","urlTemplate":"https:\/\/www.boztibbi.com\/?s={search_term_string}"},"query-input":"required name=search_term_string"}],"inLanguage":"fr-FR"},{"@type":"Organization","@id":"https:\/\/www.boztibbi.com\/#organization","name":"Boz T\u0131bbi Malzeme Sanayi ve Ticaret A.\u015e.","url":"https:\/\/www.boztibbi.com\/","logo":{"@type":"ImageObject","inLanguage":"fr-FR","@id":"https:\/\/www.boztibbi.com\/#\/schema\/logo\/image\/","url":"https:\/\/www.boztibbi.com\/wp-content\/uploads\/2018\/08\/boz-t\u0131bbi-malzemeler-medikal-tekstil-t\u00fcrkiye-istanbul-ankara-u\u015fak.png","contentUrl":"https:\/\/www.boztibbi.com\/wp-content\/uploads\/2018\/08\/boz-t\u0131bbi-malzemeler-medikal-tekstil-t\u00fcrkiye-istanbul-ankara-u\u015fak.png","width":1024,"height":683,"caption":"Boz T\u0131bbi Malzeme Sanayi ve Ticaret A.\u015e."},"image":{"@id":"https:\/\/www.boztibbi.com\/#\/schema\/logo\/image\/"},"sameAs":["https:\/\/www.facebook.com\/bozmedical\/","https:\/\/twitter.com\/bozmedical"]}]}},"_links":{"self":[{"href":"https:\/\/www.boztibbi.com\/fr\/wp-json\/wp\/v2\/pages\/5279","targetHints":{"allow":["GET"]}}],"collection":[{"href":"https:\/\/www.boztibbi.com\/fr\/wp-json\/wp\/v2\/pages"}],"about":[{"href":"https:\/\/www.boztibbi.com\/fr\/wp-json\/wp\/v2\/types\/page"}],"author":[{"embeddable":true,"href":"https:\/\/www.boztibbi.com\/fr\/wp-json\/wp\/v2\/users\/1"}],"replies":[{"embeddable":true,"href":"https:\/\/www.boztibbi.com\/fr\/wp-json\/wp\/v2\/comments?post=5279"}],"version-history":[{"count":2,"href":"https:\/\/www.boztibbi.com\/fr\/wp-json\/wp\/v2\/pages\/5279\/revisions"}],"predecessor-version":[{"id":11193,"href":"https:\/\/www.boztibbi.com\/fr\/wp-json\/wp\/v2\/pages\/5279\/revisions\/11193"}],"wp:attachment":[{"href":"https:\/\/www.boztibbi.com\/fr\/wp-json\/wp\/v2\/media?parent=5279"}],"curies":[{"name":"wp","href":"https:\/\/api.w.org\/{rel}","templated":true}]}}