{"id":5275,"date":"2017-10-02T02:30:27","date_gmt":"2017-10-02T02:30:27","guid":{"rendered":"https:\/\/www.boztibbi.com\/entreprise\/corporate-responsibility\/"},"modified":"2019-08-22T11:15:09","modified_gmt":"2019-08-22T08:15:09","slug":"la-responsabilite-de-lentreprise","status":"publish","type":"page","link":"https:\/\/www.boztibbi.com\/fr\/entreprise\/la-responsabilite-de-lentreprise\/","title":{"rendered":"La responsabilit\u00e9 de l&#8217;entreprise"},"content":{"rendered":"<div class=\"wpb-content-wrapper\"><p>[vc_row][vc_column][vc_single_image image=&#8221;1793&#8243; img_size=&#8221;914&#215;500&#8243;][vc_empty_space height=&#8221;50px&#8221;][vc_row_inner][vc_column_inner width=&#8221;1\/3&#8243;][vc_custom_heading text=&#8221;La responsabilit\u00e9 de l&#8217;entreprise&#8221; font_container=&#8221;tag:h3|text_align:left&#8221; use_theme_fonts=&#8221;yes&#8221;][vc_empty_space height=&#8221;20px&#8221;][\/vc_column_inner][vc_column_inner width=&#8221;2\/3&#8243;][vc_column_text]Nous avons adopt\u00e9 des applications commerciales responsables qui cr\u00e9ent un changement positif dans la soci\u00e9t\u00e9. . Nous voulons contribuer dans tous les domaines d&#8217;activit\u00e9 de mani\u00e8re positive. Par cons\u00e9quent, notre vision est de cr\u00e9er une vie d&#8217;entreprise durable \u00e0 long terme et d&#8217;appliquer un programme de responsabilit\u00e9 d&#8217;entreprise qui aura des effets positifs sur la soci\u00e9t\u00e9.[\/vc_column_text][vc_empty_space height=&#8221;50px&#8221;][\/vc_column_inner][\/vc_row_inner][\/vc_column][\/vc_row][vc_row][vc_column][vc_row_inner][vc_column_inner width=&#8221;1\/3&#8243;][vc_custom_heading text=&#8221;Responsabilit\u00e9 Sociale et Environnementale&#8221; font_container=&#8221;tag:h3|text_align:left&#8221; use_theme_fonts=&#8221;yes&#8221;][vc_empty_space height=&#8221;20px&#8221;][\/vc_column_inner][vc_column_inner width=&#8221;2\/3&#8243;][vc_column_text]Une responsabilit\u00e9 sociale accrue dans les entreprises cr\u00e9e des d\u00e9fis en termes de rentabilit\u00e9 et de s\u00e9curit\u00e9 financi\u00e8re. Medical est conscient de ces risques et cr\u00e9e de nouvelles exigences et de nouveaux domaines d\u2019activit\u00e9 au niveau de l\u2019organisation et de la direction. Boz Medical et tous les employ\u00e9s tiennent compte des effets de chaque changement et de chaque activit\u00e9 sur la soci\u00e9t\u00e9 et l&#8217;environnement.<br \/>\nNous essayons de rendre le monde meilleur en combinant nos comp\u00e9tences, nos id\u00e9es et nos connaissances.[\/vc_column_text][vc_empty_space height=&#8221;50px&#8221;][\/vc_column_inner][\/vc_row_inner][vc_row_inner][vc_column_inner width=&#8221;1\/3&#8243;]<div class=\"iconbox aligncenter \">\n\t<div class=\"box-header\">\n\t\t<div class=\"box-icon\"><i class=\"entypo-icon entypo-icon-archive\"><\/i><\/div>\n\t\t<h3 class=\"box-title\">FORMATION<\/h3>\n\t<\/div>\n\t<div class=\"box-content\">\n\t\t<div class=\"box-detail\">\n\t\t\t<p>Nous soutenons le d\u00e9veloppement professionnel et personnel de nos employ\u00e9s en offrant fr\u00e9quemment des programmes de formation. Nous organisons des programmes de formation \u00e0 court et \u00e0 long terme pour r\u00e9pondre aux besoins de d\u00e9veloppement technique et personnel de nos employ\u00e9s. Nous identifions les domaines de d\u00e9veloppement de notre personnel et planifions notre formation en cons\u00e9quence.<\/p>\n\n\t\t\t\n\t\t<\/div>\n\t<\/div>\n<\/div>[vc_empty_space height=&#8221;30px&#8221;][\/vc_column_inner][vc_column_inner width=&#8221;1\/3&#8243;]<div class=\"iconbox aligncenter  vc_custom_1566461420538\">\n\t<div class=\"box-header\">\n\t\t<div class=\"box-icon\"><i class=\"entypo-icon entypo-icon-feather\"><\/i><\/div>\n\t\t<h3 class=\"box-title\">ENVIRONNEMENT<\/h3>\n\t<\/div>\n\t<div class=\"box-content\">\n\t\t<div class=\"box-detail\">\n\t\t\t<p>Boz Medical se soumet aux lois et r\u00e9glementations nationales et internationales Nous fabriquons des produits respectueux de l&#8217;environnement bas\u00e9s sur un syst\u00e8me de gestion de l&#8217;environnement en constante \u00e9volution.\u00a0 Nous veillons \u00e0 transmettre un environnement propre et sain aux g\u00e9n\u00e9rations futures.<\/p>\n\n\t\t\t\n\t\t<\/div>\n\t<\/div>\n<\/div>[vc_empty_space height=&#8221;30px&#8221;][\/vc_column_inner][vc_column_inner width=&#8221;1\/3&#8243;]<div class=\"iconbox aligncenter  vc_custom_1566461432385\">\n\t<div class=\"box-header\">\n\t\t<div class=\"box-icon\"><i class=\"entypo-icon entypo-icon-newspaper\"><\/i><\/div>\n\t\t<h3 class=\"box-title\">QUALITE<\/h3>\n\t<\/div>\n\t<div class=\"box-content\">\n\t\t<div class=\"box-detail\">\n\t\t\t<p>Boz Medical a certifi\u00e9 le syst\u00e8me de gestion de la qualit\u00e9 selon la norme internationale ISO 9001 et am\u00e9liore constamment ce syst\u00e8me. Sur la base de notre approche d\u2019am\u00e9lioration constante, Boz Medical consid\u00e8re le travail bas\u00e9 sur les donn\u00e9es et augmente le niveau d\u2019efficacit\u00e9 des processus d\u2019affaires pour \u00eatre comp\u00e9titif au niveau international.<\/p>\n\n\t\t\t\n\t\t<\/div>\n\t<\/div>\n<\/div>[vc_empty_space height=&#8221;30px&#8221;][\/vc_column_inner][\/vc_row_inner][\/vc_column][\/vc_row][vc_row css=&#8221;.vc_custom_1510545251273{padding-top: 30px !important;}&#8221;][vc_column][vc_row_inner][vc_column_inner width=&#8221;1\/3&#8243;][vc_custom_heading text=&#8221;Approche environnementale dans les produits et la fabrication&#8221; font_container=&#8221;tag:h3|text_align:left&#8221; use_theme_fonts=&#8221;yes&#8221;][vc_empty_space height=&#8221;20px&#8221;][\/vc_column_inner][vc_column_inner width=&#8221;2\/3&#8243;][vc_column_text]\u00c0 chaque \u00e9tape de nos processus de fabrication, notre objectif est de minimiser notre impact sur l&#8217;environnement. Notre soci\u00e9t\u00e9 a une efficacit\u00e9 \u00e9lev\u00e9e avec une consommation minimale de ressources naturelles.<\/p>\n<p>Nous veillons \u00e0 transmettre un environnement propre et sain aux g\u00e9n\u00e9rations futures. Nous identifions nos objectifs pour contr\u00f4ler les effets environnementaux et minimiser l&#8217;utilisation des ressources.\u00a0 C\u2019est en ce sens que, nous surveillons en permanence notre performance environnementale.[\/vc_column_text][vc_empty_space height=&#8221;50px&#8221;][\/vc_column_inner][\/vc_row_inner][vc_row_inner][vc_column_inner][\/vc_column_inner][\/vc_row_inner][\/vc_column][\/vc_row]<\/p>\n<\/div>","protected":false},"excerpt":{"rendered":"<p>[vc_row][vc_column][vc_single_image image=&#8221;1793&#8243; img_size=&#8221;914&#215;500&#8243;][vc_empty_space height=&#8221;50px&#8221;][vc_row_inner][vc_column_inner width=&#8221;1\/3&#8243;][vc_custom_heading text=&#8221;La responsabilit\u00e9 de l&#8217;entreprise&#8221; font_container=&#8221;tag:h3|text_align:left&#8221; use_theme_fonts=&#8221;yes&#8221;][vc_empty_space height=&#8221;20px&#8221;][\/vc_column_inner][vc_column_inner width=&#8221;2\/3&#8243;][vc_column_text]Nous avons adopt\u00e9 des applications commerciales responsables qui cr\u00e9ent un changement positif dans la soci\u00e9t\u00e9. . Nous voulons contribuer dans tous les domaines d&#8217;activit\u00e9 de mani\u00e8re positive. Par cons\u00e9quent, notre vision est de cr\u00e9er une vie d&#8217;entreprise durable \u00e0 long terme et d&#8217;appliquer [&hellip;]<\/p>\n","protected":false},"author":1,"featured_media":0,"parent":5256,"menu_order":0,"comment_status":"closed","ping_status":"closed","template":"","meta":{"_acf_changed":false,"footnotes":""},"class_list":["post-5275","page","type-page","status-publish","hentry"],"acf":[],"yoast_head":"<!-- This site is optimized with the Yoast SEO plugin v21.6 - https:\/\/yoast.com\/wordpress\/plugins\/seo\/ -->\n<title>Responsabilit\u00e9<\/title>\n<meta name=\"description\" content=\"Nous avons adopt\u00e9 des applications commerciales responsables qui cr\u00e9ent un changement positif dans la soci\u00e9t\u00e9.\" \/>\n<meta name=\"robots\" content=\"index, follow, max-snippet:-1, max-image-preview:large, max-video-preview:-1\" \/>\n<link rel=\"canonical\" href=\"https:\/\/www.boztibbi.com\/fr\/entreprise\/la-responsabilite-de-lentreprise\/\" \/>\n<meta property=\"og:locale\" content=\"fr_FR\" \/>\n<meta property=\"og:type\" content=\"article\" \/>\n<meta property=\"og:title\" content=\"Responsabilit\u00e9\" \/>\n<meta property=\"og:description\" content=\"Nous avons adopt\u00e9 des applications commerciales responsables qui cr\u00e9ent un changement positif dans la soci\u00e9t\u00e9.\" \/>\n<meta property=\"og:url\" content=\"https:\/\/www.boztibbi.com\/fr\/entreprise\/la-responsabilite-de-lentreprise\/\" \/>\n<meta property=\"og:site_name\" content=\"Boz Medical\" \/>\n<meta property=\"article:publisher\" content=\"https:\/\/www.facebook.com\/bozmedical\/\" \/>\n<meta property=\"article:modified_time\" content=\"2019-08-22T08:15:09+00:00\" \/>\n<meta name=\"twitter:card\" content=\"summary_large_image\" \/>\n<meta name=\"twitter:site\" content=\"@bozmedical\" \/>\n<script type=\"application\/ld+json\" class=\"yoast-schema-graph\">{\"@context\":\"https:\/\/schema.org\",\"@graph\":[{\"@type\":\"WebPage\",\"@id\":\"https:\/\/www.boztibbi.com\/fr\/entreprise\/la-responsabilite-de-lentreprise\/\",\"url\":\"https:\/\/www.boztibbi.com\/fr\/entreprise\/la-responsabilite-de-lentreprise\/\",\"name\":\"Responsabilit\u00e9\",\"isPartOf\":{\"@id\":\"https:\/\/www.boztibbi.com\/#website\"},\"datePublished\":\"2017-10-02T02:30:27+00:00\",\"dateModified\":\"2019-08-22T08:15:09+00:00\",\"description\":\"Nous avons adopt\u00e9 des applications commerciales responsables qui cr\u00e9ent un changement positif dans la soci\u00e9t\u00e9.\",\"breadcrumb\":{\"@id\":\"https:\/\/www.boztibbi.com\/fr\/entreprise\/la-responsabilite-de-lentreprise\/#breadcrumb\"},\"inLanguage\":\"fr-FR\",\"potentialAction\":[{\"@type\":\"ReadAction\",\"target\":[\"https:\/\/www.boztibbi.com\/fr\/entreprise\/la-responsabilite-de-lentreprise\/\"]}]},{\"@type\":\"BreadcrumbList\",\"@id\":\"https:\/\/www.boztibbi.com\/fr\/entreprise\/la-responsabilite-de-lentreprise\/#breadcrumb\",\"itemListElement\":[{\"@type\":\"ListItem\",\"position\":1,\"name\":\"Page d'accueil\",\"item\":\"https:\/\/www.boztibbi.com\/fr\/\"},{\"@type\":\"ListItem\",\"position\":2,\"name\":\"Entreprise\",\"item\":\"https:\/\/www.boztibbi.com\/fr\/entreprise\/\"},{\"@type\":\"ListItem\",\"position\":3,\"name\":\"La responsabilit\u00e9 de l&#8217;entreprise\"}]},{\"@type\":\"WebSite\",\"@id\":\"https:\/\/www.boztibbi.com\/#website\",\"url\":\"https:\/\/www.boztibbi.com\/\",\"name\":\"Boz Medical\",\"description\":\"Sutures chirurgicales, h\u00e9mostats r\u00e9sorbables et mailles chirurgicales\",\"publisher\":{\"@id\":\"https:\/\/www.boztibbi.com\/#organization\"},\"potentialAction\":[{\"@type\":\"SearchAction\",\"target\":{\"@type\":\"EntryPoint\",\"urlTemplate\":\"https:\/\/www.boztibbi.com\/?s={search_term_string}\"},\"query-input\":\"required name=search_term_string\"}],\"inLanguage\":\"fr-FR\"},{\"@type\":\"Organization\",\"@id\":\"https:\/\/www.boztibbi.com\/#organization\",\"name\":\"Boz T\u0131bbi Malzeme Sanayi ve Ticaret A.\u015e.\",\"url\":\"https:\/\/www.boztibbi.com\/\",\"logo\":{\"@type\":\"ImageObject\",\"inLanguage\":\"fr-FR\",\"@id\":\"https:\/\/www.boztibbi.com\/#\/schema\/logo\/image\/\",\"url\":\"https:\/\/www.boztibbi.com\/wp-content\/uploads\/2018\/08\/boz-t\u0131bbi-malzemeler-medikal-tekstil-t\u00fcrkiye-istanbul-ankara-u\u015fak.png\",\"contentUrl\":\"https:\/\/www.boztibbi.com\/wp-content\/uploads\/2018\/08\/boz-t\u0131bbi-malzemeler-medikal-tekstil-t\u00fcrkiye-istanbul-ankara-u\u015fak.png\",\"width\":1024,\"height\":683,\"caption\":\"Boz T\u0131bbi Malzeme Sanayi ve Ticaret A.\u015e.\"},\"image\":{\"@id\":\"https:\/\/www.boztibbi.com\/#\/schema\/logo\/image\/\"},\"sameAs\":[\"https:\/\/www.facebook.com\/bozmedical\/\",\"https:\/\/twitter.com\/bozmedical\"]}]}<\/script>\n<!-- \/ Yoast SEO plugin. -->","yoast_head_json":{"title":"Responsabilit\u00e9","description":"Nous avons adopt\u00e9 des applications commerciales responsables qui cr\u00e9ent un changement positif dans la soci\u00e9t\u00e9.","robots":{"index":"index","follow":"follow","max-snippet":"max-snippet:-1","max-image-preview":"max-image-preview:large","max-video-preview":"max-video-preview:-1"},"canonical":"https:\/\/www.boztibbi.com\/fr\/entreprise\/la-responsabilite-de-lentreprise\/","og_locale":"fr_FR","og_type":"article","og_title":"Responsabilit\u00e9","og_description":"Nous avons adopt\u00e9 des applications commerciales responsables qui cr\u00e9ent un changement positif dans la soci\u00e9t\u00e9.","og_url":"https:\/\/www.boztibbi.com\/fr\/entreprise\/la-responsabilite-de-lentreprise\/","og_site_name":"Boz Medical","article_publisher":"https:\/\/www.facebook.com\/bozmedical\/","article_modified_time":"2019-08-22T08:15:09+00:00","twitter_card":"summary_large_image","twitter_site":"@bozmedical","schema":{"@context":"https:\/\/schema.org","@graph":[{"@type":"WebPage","@id":"https:\/\/www.boztibbi.com\/fr\/entreprise\/la-responsabilite-de-lentreprise\/","url":"https:\/\/www.boztibbi.com\/fr\/entreprise\/la-responsabilite-de-lentreprise\/","name":"Responsabilit\u00e9","isPartOf":{"@id":"https:\/\/www.boztibbi.com\/#website"},"datePublished":"2017-10-02T02:30:27+00:00","dateModified":"2019-08-22T08:15:09+00:00","description":"Nous avons adopt\u00e9 des applications commerciales responsables qui cr\u00e9ent un changement positif dans la soci\u00e9t\u00e9.","breadcrumb":{"@id":"https:\/\/www.boztibbi.com\/fr\/entreprise\/la-responsabilite-de-lentreprise\/#breadcrumb"},"inLanguage":"fr-FR","potentialAction":[{"@type":"ReadAction","target":["https:\/\/www.boztibbi.com\/fr\/entreprise\/la-responsabilite-de-lentreprise\/"]}]},{"@type":"BreadcrumbList","@id":"https:\/\/www.boztibbi.com\/fr\/entreprise\/la-responsabilite-de-lentreprise\/#breadcrumb","itemListElement":[{"@type":"ListItem","position":1,"name":"Page d'accueil","item":"https:\/\/www.boztibbi.com\/fr\/"},{"@type":"ListItem","position":2,"name":"Entreprise","item":"https:\/\/www.boztibbi.com\/fr\/entreprise\/"},{"@type":"ListItem","position":3,"name":"La responsabilit\u00e9 de l&#8217;entreprise"}]},{"@type":"WebSite","@id":"https:\/\/www.boztibbi.com\/#website","url":"https:\/\/www.boztibbi.com\/","name":"Boz Medical","description":"Sutures chirurgicales, h\u00e9mostats r\u00e9sorbables et mailles chirurgicales","publisher":{"@id":"https:\/\/www.boztibbi.com\/#organization"},"potentialAction":[{"@type":"SearchAction","target":{"@type":"EntryPoint","urlTemplate":"https:\/\/www.boztibbi.com\/?s={search_term_string}"},"query-input":"required name=search_term_string"}],"inLanguage":"fr-FR"},{"@type":"Organization","@id":"https:\/\/www.boztibbi.com\/#organization","name":"Boz T\u0131bbi Malzeme Sanayi ve Ticaret A.\u015e.","url":"https:\/\/www.boztibbi.com\/","logo":{"@type":"ImageObject","inLanguage":"fr-FR","@id":"https:\/\/www.boztibbi.com\/#\/schema\/logo\/image\/","url":"https:\/\/www.boztibbi.com\/wp-content\/uploads\/2018\/08\/boz-t\u0131bbi-malzemeler-medikal-tekstil-t\u00fcrkiye-istanbul-ankara-u\u015fak.png","contentUrl":"https:\/\/www.boztibbi.com\/wp-content\/uploads\/2018\/08\/boz-t\u0131bbi-malzemeler-medikal-tekstil-t\u00fcrkiye-istanbul-ankara-u\u015fak.png","width":1024,"height":683,"caption":"Boz T\u0131bbi Malzeme Sanayi ve Ticaret A.\u015e."},"image":{"@id":"https:\/\/www.boztibbi.com\/#\/schema\/logo\/image\/"},"sameAs":["https:\/\/www.facebook.com\/bozmedical\/","https:\/\/twitter.com\/bozmedical"]}]}},"_links":{"self":[{"href":"https:\/\/www.boztibbi.com\/fr\/wp-json\/wp\/v2\/pages\/5275","targetHints":{"allow":["GET"]}}],"collection":[{"href":"https:\/\/www.boztibbi.com\/fr\/wp-json\/wp\/v2\/pages"}],"about":[{"href":"https:\/\/www.boztibbi.com\/fr\/wp-json\/wp\/v2\/types\/page"}],"author":[{"embeddable":true,"href":"https:\/\/www.boztibbi.com\/fr\/wp-json\/wp\/v2\/users\/1"}],"replies":[{"embeddable":true,"href":"https:\/\/www.boztibbi.com\/fr\/wp-json\/wp\/v2\/comments?post=5275"}],"version-history":[{"count":0,"href":"https:\/\/www.boztibbi.com\/fr\/wp-json\/wp\/v2\/pages\/5275\/revisions"}],"up":[{"embeddable":true,"href":"https:\/\/www.boztibbi.com\/fr\/wp-json\/wp\/v2\/pages\/5256"}],"wp:attachment":[{"href":"https:\/\/www.boztibbi.com\/fr\/wp-json\/wp\/v2\/media?parent=5275"}],"curies":[{"name":"wp","href":"https:\/\/api.w.org\/{rel}","templated":true}]}}