{"id":5265,"date":"2017-10-02T02:33:24","date_gmt":"2017-10-02T02:33:24","guid":{"rendered":"https:\/\/www.boztibbi.com\/entreprise\/quality-policy\/"},"modified":"2019-08-22T11:07:16","modified_gmt":"2019-08-22T08:07:16","slug":"politique-qualite","status":"publish","type":"page","link":"https:\/\/www.boztibbi.com\/fr\/entreprise\/politique-qualite\/","title":{"rendered":"Politique Qualit\u00e9"},"content":{"rendered":"<div class=\"wpb-content-wrapper\"><p>[vc_row css=&#8221;.vc_custom_1528720001761{margin-right: 0px !important;margin-bottom: 50px !important;margin-left: 0px !important;padding-top: 100px !important;padding-bottom: 100px !important;background-image: url(https:\/\/www.boztibbi.com\/wp-content\/uploads\/2018\/06\/boz-t\u0131bbi-malzemeler-kalite-politikas\u0131-sertifikalar\u0131-quality-certificate-ankara-istanbul-background.jpg?id=1847) !important;background-position: center !important;background-repeat: no-repeat !important;background-size: cover !important;}&#8221;][vc_column width=&#8221;1\/6&#8243;][\/vc_column][vc_column width=&#8221;2\/3&#8243;][vc_custom_heading text=&#8221;Technologie de pointe; Qualit\u00e9 fiable&#8221; font_container=&#8221;tag:h2|font_size:48px|text_align:center|color:%23273272&#8243; use_theme_fonts=&#8221;yes&#8221; css=&#8221;.vc_custom_1566458895540{padding-top: 30px !important;padding-right: 30px !important;padding-bottom: 30px !important;padding-left: 30px !important;background-color: rgba(255,255,255,0.88) !important;*background-color: rgb(255,255,255) !important;}&#8221; el_class=&#8221;shadow&#8221;][\/vc_column][vc_column width=&#8221;1\/6&#8243;][\/vc_column][\/vc_row][vc_row][vc_column width=&#8221;1\/3&#8243;][vc_custom_heading text=&#8221;Notre politique qualit\u00e9&#8221; font_container=&#8221;tag:h3|text_align:left&#8221; use_theme_fonts=&#8221;yes&#8221;][vc_empty_space height=&#8221;20px&#8221;][\/vc_column][vc_column width=&#8221;2\/3&#8243;][vc_column_text]L\u2019entreprise Boz Medical Equipment, a pour mission de d\u00e9velopper des produits et des services innovants et d\u2019\u00eatre un partenaire qui apporte des solutions dynamiques et qui cr\u00e9ent de la valeur ajout\u00e9e \u00e0 l\u2019entreprise et aux actionnaires. Notre objectif principal est d\u2019assurer la p\u00e9rennit\u00e9 de la qualit\u00e9 de nos produits et services en fonction de notre approche de gestion ax\u00e9e sur le client afin que toujours accorder la primaut\u00e9 \u00e0 la satisfaction du client.[\/vc_column_text][vc_empty_space height=&#8221;50px&#8221;][\/vc_column][\/vc_row][vc_row][vc_column width=&#8221;1\/3&#8243;]<div class=\"iconbox aligncenter  vc_custom_1566458955980\">\n\t<div class=\"box-header\">\n\t\t<div class=\"box-icon\"><img decoding=\"async\" src=\"https:\/\/www.boztibbi.com\/wp-content\/uploads\/2018\/06\/udem-ce-certificate-boz-t\u0131bbi-icon-logo.png\" alt=\"Absorbable Haemostats\" \/><\/div>\n\t\t<h5 class=\"box-title\">Absorbable Haemostats<\/h5>\n\t<\/div>\n\t<div class=\"box-content\">\n\t\t<div class=\"box-detail\">\n\t\t\t<\/p>\n<p style=\"text-align: center\">Certificat d&#8217;examen de conception<\/p>\n<p><a class=\"button download square white\" href=\"https:\/\/www.boztibbi.com\/wp-content\/uploads\/2018\/09\/TR-Boz-T\u0131bbi-Hemostatlar-Tasar\u0131m-\u0130nceleme-Sertifikas\u0131.jpg\" target=\"_blank\" rel=\"noopener noreferrer\"><i class=\"fa fa-file-pdf-o\"><\/i>SER-TR 187 KB<\/a><br \/>\n<a class=\"button download square white\" href=\"https:\/\/www.boztibbi.com\/wp-content\/uploads\/2018\/09\/EN-Boz-Tibbi-Haemostats-Design-Examination-Certificate.jpg\" target=\"_blank\" rel=\"noopener noreferrer\"><i class=\"fa fa-file-pdf-o\"><\/i>CER-ENG 186 KB<\/a><\/p>\n\n\t\t\t\n\t\t<\/div>\n\t<\/div>\n<\/div>[vc_empty_space height=&#8221;30px&#8221;][\/vc_column][vc_column width=&#8221;1\/3&#8243;]<div class=\"iconbox aligncenter  vc_custom_1566458996012\">\n\t<div class=\"box-header\">\n\t\t<div class=\"box-icon\"><img decoding=\"async\" src=\"https:\/\/www.boztibbi.com\/wp-content\/uploads\/2018\/06\/udem-ce-certificate-boz-t\u0131bbi-icon-logo.png\" alt=\"Absorbable Haemostats\" \/><\/div>\n\t\t<h5 class=\"box-title\">Absorbable Haemostats<\/h5>\n\t<\/div>\n\t<div class=\"box-content\">\n\t\t<div class=\"box-detail\">\n\t\t\t<\/p>\n<p style=\"text-align: center\">Syst\u00e8me int\u00e9gral d&#8217;assurance qualit\u00e9<\/p>\n<p><a class=\"button download square white\" href=\"https:\/\/www.boztibbi.com\/wp-content\/uploads\/2018\/09\/TR-Boz-T\u0131bbi-Hemostatlar-Tam-Kalite-G\u00fcvence-Sistemi.jpg\" target=\"_blank\" rel=\"noopener noreferrer\"><i class=\"fa fa-file-pdf-o\"><\/i>SER-TR 176 KB<\/a><br \/>\n<a class=\"button download square white\" href=\"https:\/\/www.boztibbi.com\/wp-content\/uploads\/2018\/09\/EN-Boz-Tibbi-Haemostats-Full-Quality-Assurance-System.jpg\" target=\"_blank\" rel=\"noopener noreferrer\"><i class=\"fa fa-file-pdf-o\"><\/i>CER-ENG 191 KB<\/a><\/p>\n\n\t\t\t\n\t\t<\/div>\n\t<\/div>\n<\/div>[vc_empty_space height=&#8221;30px&#8221;][\/vc_column][vc_column width=&#8221;1\/3&#8243;]<div class=\"iconbox aligncenter  vc_custom_1566458967760\">\n\t<div class=\"box-header\">\n\t\t<div class=\"box-icon\"><img decoding=\"async\" src=\"https:\/\/www.boztibbi.com\/wp-content\/uploads\/2018\/06\/udem-ce-certificate-boz-t\u0131bbi-icon-logo.png\" alt=\"Absorbable Sutures\" \/><\/div>\n\t\t<h5 class=\"box-title\">Absorbable Sutures<\/h5>\n\t<\/div>\n\t<div class=\"box-content\">\n\t\t<div class=\"box-detail\">\n\t\t\t<\/p>\n<p style=\"text-align: center\">Certificat d&#8217;examen de conception<\/p>\n<p><a class=\"button download square white\" href=\"https:\/\/www.boztibbi.com\/wp-content\/uploads\/2018\/09\/TR-Boz-T\u0131bbi-Emilebilir-S\u00fct\u00fcrler-Tasar\u0131m-\u0130nceleme-Sertifikas\u0131.jpg\" target=\"_blank\" rel=\"noopener noreferrer\"><i class=\"fa fa-file-pdf-o\"><\/i>SER-TR 185 KB<\/a><br \/>\n<a class=\"button download square white\" href=\"https:\/\/www.boztibbi.com\/wp-content\/uploads\/2018\/09\/EN-Boz-Tibbi-Absorbable-Sutures-Design-Examination-Certificate.jpg\" target=\"_blank\" rel=\"noopener noreferrer\"><i class=\"fa fa-file-pdf-o\"><\/i>CER-ENG 185 KB<\/a><\/p>\n\n\t\t\t\n\t\t<\/div>\n\t<\/div>\n<\/div>[vc_empty_space height=&#8221;30px&#8221;][\/vc_column][\/vc_row][vc_row][vc_column width=&#8221;1\/3&#8243;]<div class=\"iconbox aligncenter  vc_custom_1566459005520\">\n\t<div class=\"box-header\">\n\t\t<div class=\"box-icon\"><img decoding=\"async\" src=\"https:\/\/www.boztibbi.com\/wp-content\/uploads\/2018\/06\/udem-ce-certificate-boz-t\u0131bbi-icon-logo.png\" alt=\"Absorbable Sutures\" \/><\/div>\n\t\t<h5 class=\"box-title\">Absorbable Sutures<\/h5>\n\t<\/div>\n\t<div class=\"box-content\">\n\t\t<div class=\"box-detail\">\n\t\t\t<\/p>\n<p style=\"text-align: center\">Syst\u00e8me int\u00e9gral d&#8217;assurance qualit\u00e9<\/p>\n<p><a class=\"button download square white\" href=\"https:\/\/www.boztibbi.com\/wp-content\/uploads\/2018\/09\/TR-Boz-T\u0131bbi-Emilebilir-S\u00fct\u00fcrler-Tam-Kalite-G\u00fcvence-Sistemi.jpg\" target=\"_blank\" rel=\"noopener noreferrer\"><i class=\"fa fa-file-pdf-o\"><\/i>SER-TR 174 KB<\/a><br \/>\n<a class=\"button download square white\" href=\"https:\/\/www.boztibbi.com\/wp-content\/uploads\/2018\/09\/EN-Boz-Tibbi-Absorbable-Sutures-Full-Quality-Assurance-System.jpg\" target=\"_blank\" rel=\"noopener noreferrer\"><i class=\"fa fa-file-pdf-o\"><\/i>CER-ENG 187 KB<\/a><\/p>\n\n\t\t\t\n\t\t<\/div>\n\t<\/div>\n<\/div>[vc_empty_space height=&#8221;30px&#8221;][\/vc_column][vc_column width=&#8221;1\/3&#8243;]<div class=\"iconbox aligncenter  vc_custom_1566458981905\">\n\t<div class=\"box-header\">\n\t\t<div class=\"box-icon\"><img decoding=\"async\" src=\"https:\/\/www.boztibbi.com\/wp-content\/uploads\/2018\/06\/EZ\u00dacertificate-logo-icon-esc-boz-tibbi.png\" alt=\"Non Absorbable Sutures\" \/><\/div>\n\t\t<h5 class=\"box-title\">Non Absorbable Sutures<\/h5>\n\t<\/div>\n\t<div class=\"box-content\">\n\t\t<div class=\"box-detail\">\n\t\t\t<\/p>\n<p style=\"text-align: center\">Certificat d&#8217;examen de conception<\/p>\n<p><a class=\"button download square white\" href=\"https:\/\/www.boztibbi.com\/wp-content\/uploads\/2018\/09\/TR-Boz-T\u0131bbi-Emilemeyen-S\u00fct\u00fcrler-Tasar\u0131m-\u0130nceleme-Sertifikas\u0131.jpg\" target=\"_blank\" rel=\"noopener noreferrer\"><i class=\"fa fa-file-pdf-o\"><\/i>SER-TR 99 KB<\/a><br \/>\n<a class=\"button download square white\" href=\"https:\/\/www.boztibbi.com\/wp-content\/uploads\/2018\/09\/EN-Boz-Tibbi-Non-Absorbable-Sutures-Design-Examination-Certificate.jpg\" target=\"_blank\" rel=\"noopener noreferrer\"><i class=\"fa fa-file-pdf-o\"><\/i>CER-ENG 92 KB<\/a><\/p>\n\n\t\t\t\n\t\t<\/div>\n\t<\/div>\n<\/div>[vc_empty_space height=&#8221;30px&#8221;][\/vc_column][vc_column width=&#8221;1\/3&#8243;]<div class=\"iconbox aligncenter  vc_custom_1566459015717\">\n\t<div class=\"box-header\">\n\t\t<div class=\"box-icon\"><img decoding=\"async\" src=\"https:\/\/www.boztibbi.com\/wp-content\/uploads\/2018\/06\/EZ\u00dacertificate-logo-icon-esc-boz-tibbi.png\" alt=\"Non Absorbable Sutures\" \/><\/div>\n\t\t<h5 class=\"box-title\">Non Absorbable Sutures<\/h5>\n\t<\/div>\n\t<div class=\"box-content\">\n\t\t<div class=\"box-detail\">\n\t\t\t<\/p>\n<p style=\"text-align: center\">Syst\u00e8me int\u00e9gral d&#8217;assurance qualit\u00e9<\/p>\n<p><a class=\"button download square white\" href=\"https:\/\/www.boztibbi.com\/wp-content\/uploads\/2018\/09\/TR-Boz-T\u0131bbi-Emilemeyen-S\u00fct\u00fcrler-Tam-Kalite-G\u00fcvence-Sistemi.jpg\" target=\"_blank\" rel=\"noopener noreferrer\"><i class=\"fa fa-file-pdf-o\"><\/i>SER-TR 103 KB<\/a><br \/>\n<a class=\"button download square white\" href=\"https:\/\/www.boztibbi.com\/wp-content\/uploads\/2018\/09\/EN-Boz-Tibbi-Non-Absorbable-Sutures-Full-Quality-Assurance-System.jpg\" target=\"_blank\" rel=\"noopener noreferrer\"><i class=\"fa fa-file-pdf-o\"><\/i>CER-ENG 111 KB<\/a><\/p>\n\n\t\t\t\n\t\t<\/div>\n\t<\/div>\n<\/div>[vc_empty_space height=&#8221;30px&#8221;][\/vc_column][\/vc_row]<\/p>\n<\/div>","protected":false},"excerpt":{"rendered":"<p>[vc_row css=&#8221;.vc_custom_1528720001761{margin-right: 0px !important;margin-bottom: 50px !important;margin-left: 0px !important;padding-top: 100px !important;padding-bottom: 100px !important;background-image: url(https:\/\/www.boztibbi.com\/wp-content\/uploads\/2018\/06\/boz-t\u0131bbi-malzemeler-kalite-politikas\u0131-sertifikalar\u0131-quality-certificate-ankara-istanbul-background.jpg?id=1847) !important;background-position: center !important;background-repeat: no-repeat !important;background-size: cover !important;}&#8221;][vc_column width=&#8221;1\/6&#8243;][\/vc_column][vc_column width=&#8221;2\/3&#8243;][vc_custom_heading text=&#8221;Technologie de pointe; Qualit\u00e9 fiable&#8221; font_container=&#8221;tag:h2|font_size:48px|text_align:center|color:%23273272&#8243; use_theme_fonts=&#8221;yes&#8221; css=&#8221;.vc_custom_1566458895540{padding-top: 30px !important;padding-right: 30px !important;padding-bottom: 30px !important;padding-left: 30px !important;background-color: rgba(255,255,255,0.88) !important;*background-color: rgb(255,255,255) !important;}&#8221; el_class=&#8221;shadow&#8221;][\/vc_column][vc_column width=&#8221;1\/6&#8243;][\/vc_column][\/vc_row][vc_row][vc_column width=&#8221;1\/3&#8243;][vc_custom_heading text=&#8221;Notre politique qualit\u00e9&#8221; font_container=&#8221;tag:h3|text_align:left&#8221; use_theme_fonts=&#8221;yes&#8221;][vc_empty_space height=&#8221;20px&#8221;][\/vc_column][vc_column width=&#8221;2\/3&#8243;][vc_column_text]L\u2019entreprise Boz Medical Equipment, [&hellip;]<\/p>\n","protected":false},"author":1,"featured_media":0,"parent":5256,"menu_order":0,"comment_status":"closed","ping_status":"closed","template":"","meta":{"_acf_changed":false,"footnotes":""},"class_list":["post-5265","page","type-page","status-publish","hentry"],"acf":[],"yoast_head":"<!-- This site is optimized with the Yoast SEO plugin v21.6 - https:\/\/yoast.com\/wordpress\/plugins\/seo\/ -->\n<title>Politique Qualit\u00e9<\/title>\n<meta name=\"description\" content=\"L\u2019entreprise Boz Medical Equipment, a pour mission de d\u00e9velopper des produits et des services innovants et d\u2019\u00eatre un partenaire qui apporte...\" \/>\n<meta name=\"robots\" content=\"index, follow, max-snippet:-1, max-image-preview:large, max-video-preview:-1\" \/>\n<link rel=\"canonical\" href=\"https:\/\/www.boztibbi.com\/fr\/entreprise\/politique-qualite\/\" \/>\n<meta property=\"og:locale\" content=\"fr_FR\" \/>\n<meta property=\"og:type\" content=\"article\" \/>\n<meta property=\"og:title\" content=\"Politique Qualit\u00e9\" \/>\n<meta property=\"og:description\" content=\"L\u2019entreprise Boz Medical Equipment, a pour mission de d\u00e9velopper des produits et des services innovants et d\u2019\u00eatre un partenaire qui apporte...\" \/>\n<meta property=\"og:url\" content=\"https:\/\/www.boztibbi.com\/fr\/entreprise\/politique-qualite\/\" \/>\n<meta property=\"og:site_name\" content=\"Boz Medical\" \/>\n<meta property=\"article:publisher\" content=\"https:\/\/www.facebook.com\/bozmedical\/\" \/>\n<meta property=\"article:modified_time\" content=\"2019-08-22T08:07:16+00:00\" \/>\n<meta name=\"twitter:card\" content=\"summary_large_image\" \/>\n<meta name=\"twitter:site\" content=\"@bozmedical\" \/>\n<script type=\"application\/ld+json\" class=\"yoast-schema-graph\">{\"@context\":\"https:\/\/schema.org\",\"@graph\":[{\"@type\":\"WebPage\",\"@id\":\"https:\/\/www.boztibbi.com\/fr\/entreprise\/politique-qualite\/\",\"url\":\"https:\/\/www.boztibbi.com\/fr\/entreprise\/politique-qualite\/\",\"name\":\"Politique Qualit\u00e9\",\"isPartOf\":{\"@id\":\"https:\/\/www.boztibbi.com\/#website\"},\"datePublished\":\"2017-10-02T02:33:24+00:00\",\"dateModified\":\"2019-08-22T08:07:16+00:00\",\"description\":\"L\u2019entreprise Boz Medical Equipment, a pour mission de d\u00e9velopper des produits et des services innovants et d\u2019\u00eatre un partenaire qui apporte...\",\"breadcrumb\":{\"@id\":\"https:\/\/www.boztibbi.com\/fr\/entreprise\/politique-qualite\/#breadcrumb\"},\"inLanguage\":\"fr-FR\",\"potentialAction\":[{\"@type\":\"ReadAction\",\"target\":[\"https:\/\/www.boztibbi.com\/fr\/entreprise\/politique-qualite\/\"]}]},{\"@type\":\"BreadcrumbList\",\"@id\":\"https:\/\/www.boztibbi.com\/fr\/entreprise\/politique-qualite\/#breadcrumb\",\"itemListElement\":[{\"@type\":\"ListItem\",\"position\":1,\"name\":\"Page d'accueil\",\"item\":\"https:\/\/www.boztibbi.com\/fr\/\"},{\"@type\":\"ListItem\",\"position\":2,\"name\":\"Entreprise\",\"item\":\"https:\/\/www.boztibbi.com\/fr\/entreprise\/\"},{\"@type\":\"ListItem\",\"position\":3,\"name\":\"Politique Qualit\u00e9\"}]},{\"@type\":\"WebSite\",\"@id\":\"https:\/\/www.boztibbi.com\/#website\",\"url\":\"https:\/\/www.boztibbi.com\/\",\"name\":\"Boz Medical\",\"description\":\"Sutures chirurgicales, h\u00e9mostats r\u00e9sorbables et mailles chirurgicales\",\"publisher\":{\"@id\":\"https:\/\/www.boztibbi.com\/#organization\"},\"potentialAction\":[{\"@type\":\"SearchAction\",\"target\":{\"@type\":\"EntryPoint\",\"urlTemplate\":\"https:\/\/www.boztibbi.com\/?s={search_term_string}\"},\"query-input\":\"required name=search_term_string\"}],\"inLanguage\":\"fr-FR\"},{\"@type\":\"Organization\",\"@id\":\"https:\/\/www.boztibbi.com\/#organization\",\"name\":\"Boz T\u0131bbi Malzeme Sanayi ve Ticaret A.\u015e.\",\"url\":\"https:\/\/www.boztibbi.com\/\",\"logo\":{\"@type\":\"ImageObject\",\"inLanguage\":\"fr-FR\",\"@id\":\"https:\/\/www.boztibbi.com\/#\/schema\/logo\/image\/\",\"url\":\"https:\/\/www.boztibbi.com\/wp-content\/uploads\/2018\/08\/boz-t\u0131bbi-malzemeler-medikal-tekstil-t\u00fcrkiye-istanbul-ankara-u\u015fak.png\",\"contentUrl\":\"https:\/\/www.boztibbi.com\/wp-content\/uploads\/2018\/08\/boz-t\u0131bbi-malzemeler-medikal-tekstil-t\u00fcrkiye-istanbul-ankara-u\u015fak.png\",\"width\":1024,\"height\":683,\"caption\":\"Boz T\u0131bbi Malzeme Sanayi ve Ticaret A.\u015e.\"},\"image\":{\"@id\":\"https:\/\/www.boztibbi.com\/#\/schema\/logo\/image\/\"},\"sameAs\":[\"https:\/\/www.facebook.com\/bozmedical\/\",\"https:\/\/twitter.com\/bozmedical\"]}]}<\/script>\n<!-- \/ Yoast SEO plugin. -->","yoast_head_json":{"title":"Politique Qualit\u00e9","description":"L\u2019entreprise Boz Medical Equipment, a pour mission de d\u00e9velopper des produits et des services innovants et d\u2019\u00eatre un partenaire qui apporte...","robots":{"index":"index","follow":"follow","max-snippet":"max-snippet:-1","max-image-preview":"max-image-preview:large","max-video-preview":"max-video-preview:-1"},"canonical":"https:\/\/www.boztibbi.com\/fr\/entreprise\/politique-qualite\/","og_locale":"fr_FR","og_type":"article","og_title":"Politique Qualit\u00e9","og_description":"L\u2019entreprise Boz Medical Equipment, a pour mission de d\u00e9velopper des produits et des services innovants et d\u2019\u00eatre un partenaire qui apporte...","og_url":"https:\/\/www.boztibbi.com\/fr\/entreprise\/politique-qualite\/","og_site_name":"Boz Medical","article_publisher":"https:\/\/www.facebook.com\/bozmedical\/","article_modified_time":"2019-08-22T08:07:16+00:00","twitter_card":"summary_large_image","twitter_site":"@bozmedical","schema":{"@context":"https:\/\/schema.org","@graph":[{"@type":"WebPage","@id":"https:\/\/www.boztibbi.com\/fr\/entreprise\/politique-qualite\/","url":"https:\/\/www.boztibbi.com\/fr\/entreprise\/politique-qualite\/","name":"Politique Qualit\u00e9","isPartOf":{"@id":"https:\/\/www.boztibbi.com\/#website"},"datePublished":"2017-10-02T02:33:24+00:00","dateModified":"2019-08-22T08:07:16+00:00","description":"L\u2019entreprise Boz Medical Equipment, a pour mission de d\u00e9velopper des produits et des services innovants et d\u2019\u00eatre un partenaire qui apporte...","breadcrumb":{"@id":"https:\/\/www.boztibbi.com\/fr\/entreprise\/politique-qualite\/#breadcrumb"},"inLanguage":"fr-FR","potentialAction":[{"@type":"ReadAction","target":["https:\/\/www.boztibbi.com\/fr\/entreprise\/politique-qualite\/"]}]},{"@type":"BreadcrumbList","@id":"https:\/\/www.boztibbi.com\/fr\/entreprise\/politique-qualite\/#breadcrumb","itemListElement":[{"@type":"ListItem","position":1,"name":"Page d'accueil","item":"https:\/\/www.boztibbi.com\/fr\/"},{"@type":"ListItem","position":2,"name":"Entreprise","item":"https:\/\/www.boztibbi.com\/fr\/entreprise\/"},{"@type":"ListItem","position":3,"name":"Politique Qualit\u00e9"}]},{"@type":"WebSite","@id":"https:\/\/www.boztibbi.com\/#website","url":"https:\/\/www.boztibbi.com\/","name":"Boz Medical","description":"Sutures chirurgicales, h\u00e9mostats r\u00e9sorbables et mailles chirurgicales","publisher":{"@id":"https:\/\/www.boztibbi.com\/#organization"},"potentialAction":[{"@type":"SearchAction","target":{"@type":"EntryPoint","urlTemplate":"https:\/\/www.boztibbi.com\/?s={search_term_string}"},"query-input":"required name=search_term_string"}],"inLanguage":"fr-FR"},{"@type":"Organization","@id":"https:\/\/www.boztibbi.com\/#organization","name":"Boz T\u0131bbi Malzeme Sanayi ve Ticaret A.\u015e.","url":"https:\/\/www.boztibbi.com\/","logo":{"@type":"ImageObject","inLanguage":"fr-FR","@id":"https:\/\/www.boztibbi.com\/#\/schema\/logo\/image\/","url":"https:\/\/www.boztibbi.com\/wp-content\/uploads\/2018\/08\/boz-t\u0131bbi-malzemeler-medikal-tekstil-t\u00fcrkiye-istanbul-ankara-u\u015fak.png","contentUrl":"https:\/\/www.boztibbi.com\/wp-content\/uploads\/2018\/08\/boz-t\u0131bbi-malzemeler-medikal-tekstil-t\u00fcrkiye-istanbul-ankara-u\u015fak.png","width":1024,"height":683,"caption":"Boz T\u0131bbi Malzeme Sanayi ve Ticaret A.\u015e."},"image":{"@id":"https:\/\/www.boztibbi.com\/#\/schema\/logo\/image\/"},"sameAs":["https:\/\/www.facebook.com\/bozmedical\/","https:\/\/twitter.com\/bozmedical"]}]}},"_links":{"self":[{"href":"https:\/\/www.boztibbi.com\/fr\/wp-json\/wp\/v2\/pages\/5265","targetHints":{"allow":["GET"]}}],"collection":[{"href":"https:\/\/www.boztibbi.com\/fr\/wp-json\/wp\/v2\/pages"}],"about":[{"href":"https:\/\/www.boztibbi.com\/fr\/wp-json\/wp\/v2\/types\/page"}],"author":[{"embeddable":true,"href":"https:\/\/www.boztibbi.com\/fr\/wp-json\/wp\/v2\/users\/1"}],"replies":[{"embeddable":true,"href":"https:\/\/www.boztibbi.com\/fr\/wp-json\/wp\/v2\/comments?post=5265"}],"version-history":[{"count":0,"href":"https:\/\/www.boztibbi.com\/fr\/wp-json\/wp\/v2\/pages\/5265\/revisions"}],"up":[{"embeddable":true,"href":"https:\/\/www.boztibbi.com\/fr\/wp-json\/wp\/v2\/pages\/5256"}],"wp:attachment":[{"href":"https:\/\/www.boztibbi.com\/fr\/wp-json\/wp\/v2\/media?parent=5265"}],"curies":[{"name":"wp","href":"https:\/\/api.w.org\/{rel}","templated":true}]}}