{"id":5264,"date":"2017-10-02T02:32:28","date_gmt":"2017-10-02T02:32:28","guid":{"rendered":"https:\/\/www.boztibbi.com\/entreprise\/our-team\/"},"modified":"2026-03-11T11:37:01","modified_gmt":"2026-03-11T08:37:01","slug":"notre-equipe","status":"publish","type":"page","link":"https:\/\/www.boztibbi.com\/fr\/entreprise\/notre-equipe\/","title":{"rendered":"Notre \u00c9quipe"},"content":{"rendered":"<div class=\"wpb-content-wrapper\"><p>[vc_row][vc_column width=&#8221;1\/4&#8243;][vc_custom_heading text=&#8221;\u00c9quipe professionnelle&#8221; font_container=&#8221;tag:h3|text_align:left&#8221; use_theme_fonts=&#8221;yes&#8221;][vc_empty_space height=&#8221;20px&#8221;][\/vc_column][vc_column width=&#8221;3\/4&#8243;][vc_column_text]Boz Medical est une entreprise bas\u00e9e \u00e0 Ankara et qui compte plus de 150 employ\u00e9s. Nous nous \u00e9vertuons \u00e0 &#8216;\u00eatre pr\u00e9sent dans tous les domaines de la vie, de simplifier la vie et apporter des am\u00e9liorations sur nos produits de mani\u00e8re constante. Nous combinons l&#8217;approche professionnelle et multiculturelle de nos employ\u00e9s avec une culture de responsabilit\u00e9 unique et durable.[\/vc_column_text][vc_empty_space height=&#8221;40px&#8221;][\/vc_column][\/vc_row][vc_row css=&#8221;.vc_custom_1510028831561{padding-bottom: 40px !important;}&#8221;][vc_column width=&#8221;1\/2&#8243;]\n\t<div class=\"member   vc_custom_1658487735802\">\t\n\t\t<div class=\"member-content\">\n\t\t\t<div class=\"member-image\">\n\t\t\t\t\n\t\t\t\t<div class=\"member-subtitle\">Pr\u00e9sident<\/div>\n\t\t\t<\/div>\n\t\t\t<div class=\"member-info\">\n\t\t\t\t<h3 class=\"member-name\">Adil BOZ<\/h3>\n\t\t\t\t<div class=\"member-desc\"><p>Fondateur associ\u00e9 de Boz T\u0131bbi et pr\u00e9sident du conseil d&#8217;administration<\/p>\n<\/div>\n\t\t\t\t<div class=\"social-icons\"> <a href=\"#\" data-title=\"Twitter\" class=\"twitter\"><i class=\"fa fa-twitter\"><\/i><\/a> <a href=\"#\" data-title=\"LinkedIn\" class=\"linkedin\"><i class=\"fa fa-linkedin\"><\/i><\/a> <a href=\"#\" data-title=\"Google Plus\" class=\"google-plus\"><i class=\"fa fa-google-plus\"><\/i><\/a><\/div>\n\t\t\t<\/div>\n\t\t<\/div>\n\t<\/div>[vc_empty_space height=&#8221;30px&#8221;]\n\t<div class=\"member   vc_custom_1773218221147\">\t\n\t\t<div class=\"member-content\">\n\t\t\t<div class=\"member-image\">\n\t\t\t\t\n\t\t\t\t<div class=\"member-subtitle\">Directeur du commerce ext\u00e9rieur<\/div>\n\t\t\t<\/div>\n\t\t\t<div class=\"member-info\">\n\t\t\t\t<h3 class=\"member-name\">Co\u015fkun A\u015e\u00c7I<\/h3>\n\t\t\t\t<div class=\"member-desc\"><p><a class=\"link\" href=\"mailto:coskun.asci@boztibbi.com\">coskun.asci@boztibbi.com<\/a><\/p>\n<p><a href=\"tel:+903126401690\"><i class=\"fa fa-phone\"><\/i> Call Now!<\/a><\/p>\n<\/div>\n\t\t\t\t<div class=\"social-icons\"> <a href=\"#\" data-title=\"Facebook\" class=\"facebook\"><i class=\"fa fa-facebook\"><\/i><\/a> <a href=\"#\" data-title=\"Twitter\" class=\"twitter\"><i class=\"fa fa-twitter\"><\/i><\/a><\/div>\n\t\t\t<\/div>\n\t\t<\/div>\n\t<\/div>[vc_empty_space height=&#8221;30px&#8221;][\/vc_column][vc_column width=&#8221;1\/2&#8243;]\n\t<div class=\"member   vc_custom_1566458674734\">\t\n\t\t<div class=\"member-content\">\n\t\t\t<div class=\"member-image\">\n\t\t\t\t\n\t\t\t\t<div class=\"member-subtitle\">Vice-pr\u00e9sident<\/div>\n\t\t\t<\/div>\n\t\t\t<div class=\"member-info\">\n\t\t\t\t<h3 class=\"member-name\">Ali Aykut BOZ<\/h3>\n\t\t\t\t<div class=\"member-desc\"><p>Fondateur associ\u00e9 de Boz T\u0131bbi et vice-pr\u00e9sident du conseil d&#8217;administration<\/p>\n<\/div>\n\t\t\t\t<div class=\"social-icons\"> <a href=\"https:\/\/www.facebook.com\/ali.a.boz.7\" data-title=\"Facebook\" class=\"facebook\"><i class=\"fa fa-facebook\"><\/i><\/a> <a href=\"https:\/\/www.linkedin.com\/in\/ali-aykut-boz-2b337778\/\" data-title=\"LinkedIn\" class=\"linkedin\"><i class=\"fa fa-linkedin\"><\/i><\/a><\/div>\n\t\t\t<\/div>\n\t\t<\/div>\n\t<\/div>[vc_empty_space height=&#8221;30px&#8221;]\n\t<div class=\"member   vc_custom_1773218216008\">\t\n\t\t<div class=\"member-content\">\n\t\t\t<div class=\"member-image\">\n\t\t\t\t\n\t\t\t\t<div class=\"member-subtitle\">Ressources humaines<\/div>\n\t\t\t<\/div>\n\t\t\t<div class=\"member-info\">\n\t\t\t\t<h3 class=\"member-name\">Buket YED\u0130R\u0130<\/h3>\n\t\t\t\t<div class=\"member-desc\"><p><a class=\"link\" href=\"mailto:buket.yediri@boztibbi.com\">buket.yediri@boztibbi.com<\/a><\/p>\n<p><a href=\"tel:+903126401690\"><i class=\"fa fa-phone\"><\/i> Call Now!<\/a><\/p>\n<\/div>\n\t\t\t\t<div class=\"social-icons\"> <a href=\"#\" data-title=\"Facebook\" class=\"facebook\"><i class=\"fa fa-facebook\"><\/i><\/a> <a href=\"#\" data-title=\"Twitter\" class=\"twitter\"><i class=\"fa fa-twitter\"><\/i><\/a> <a href=\"#\" data-title=\"LinkedIn\" class=\"linkedin\"><i class=\"fa fa-linkedin\"><\/i><\/a><\/div>\n\t\t\t<\/div>\n\t\t<\/div>\n\t<\/div>[vc_empty_space height=&#8221;30px&#8221;][\/vc_column][\/vc_row][vc_row content_placement=&#8221;bottom&#8221;][vc_column][vc_column_text]<\/p>\n<h3 class=\"no-margin-top\">\u0130nsan\u0131m\u0131z<\/h3>\n<p>Hedeflerimize ula\u015fman\u0131n en \u00f6nemli unsurunun, kalifiye ve mutlu \u00e7al\u0131\u015fanlar oldu\u011funun bilincindeyiz. \u00d6z g\u00fcveni y\u00fcksek, hayallerinin pe\u015finden giden ve bu hayallerini hayata ge\u00e7iren insanlar\u0131n daha mutlu olaca\u011f\u0131na inan\u0131yoruz.<\/p>\n<p>Boz T\u0131bbi&#8217;deki kariyer f\u0131rsatlar\u0131n\u0131 incelemek ve aram\u0131za kat\u0131lmak i\u00e7in alttaki ba\u011flant\u0131y\u0131 kullanarak g\u00fcncel i\u015f ilanlar\u0131m\u0131z\u0131 inceleyebilirsiniz.[\/vc_column_text][vc_empty_space height=&#8221;20&#8243;][vc_column_text]<a class=\"link\" href=\"https:\/\/www.boztibbi.com\/kurumsal\/insan-kaynaklari\/\">Aram\u0131za Kat\u0131l<\/a>[\/vc_column_text][vc_empty_space height=&#8221;20px&#8221;][\/vc_column][\/vc_row]<\/p>\n<\/div>","protected":false},"excerpt":{"rendered":"<p>[vc_row][vc_column width=&#8221;1\/4&#8243;][vc_custom_heading text=&#8221;\u00c9quipe professionnelle&#8221; font_container=&#8221;tag:h3|text_align:left&#8221; use_theme_fonts=&#8221;yes&#8221;][vc_empty_space height=&#8221;20px&#8221;][\/vc_column][vc_column width=&#8221;3\/4&#8243;][vc_column_text]Boz Medical est une entreprise bas\u00e9e \u00e0 Ankara et qui compte plus de 150 employ\u00e9s. Nous nous \u00e9vertuons \u00e0 &#8216;\u00eatre pr\u00e9sent dans tous les domaines de la vie, de simplifier la vie et apporter des am\u00e9liorations sur nos produits de mani\u00e8re constante. Nous combinons l&#8217;approche professionnelle et multiculturelle [&hellip;]<\/p>\n","protected":false},"author":1,"featured_media":0,"parent":5256,"menu_order":0,"comment_status":"closed","ping_status":"closed","template":"","meta":{"_acf_changed":false,"footnotes":""},"class_list":["post-5264","page","type-page","status-publish","hentry"],"acf":[],"yoast_head":"<!-- This site is optimized with the Yoast SEO plugin v21.6 - https:\/\/yoast.com\/wordpress\/plugins\/seo\/ -->\n<title>Notre \u00c9quipe<\/title>\n<meta name=\"description\" content=\"Boz Medical est une entreprise bas\u00e9e \u00e0 Ankara et qui compte plus de 150 employ\u00e9s.\" \/>\n<meta name=\"robots\" content=\"index, follow, max-snippet:-1, max-image-preview:large, max-video-preview:-1\" \/>\n<link rel=\"canonical\" href=\"https:\/\/www.boztibbi.com\/fr\/entreprise\/notre-equipe\/\" \/>\n<meta property=\"og:locale\" content=\"fr_FR\" \/>\n<meta property=\"og:type\" content=\"article\" \/>\n<meta property=\"og:title\" content=\"Notre \u00c9quipe\" \/>\n<meta property=\"og:description\" content=\"Boz Medical est une entreprise bas\u00e9e \u00e0 Ankara et qui compte plus de 150 employ\u00e9s.\" \/>\n<meta property=\"og:url\" content=\"https:\/\/www.boztibbi.com\/fr\/entreprise\/notre-equipe\/\" \/>\n<meta property=\"og:site_name\" content=\"Boz Medical\" \/>\n<meta property=\"article:publisher\" content=\"https:\/\/www.facebook.com\/bozmedical\/\" \/>\n<meta property=\"article:modified_time\" content=\"2026-03-11T08:37:01+00:00\" \/>\n<meta name=\"twitter:card\" content=\"summary_large_image\" \/>\n<meta name=\"twitter:site\" content=\"@bozmedical\" \/>\n<script type=\"application\/ld+json\" class=\"yoast-schema-graph\">{\"@context\":\"https:\/\/schema.org\",\"@graph\":[{\"@type\":\"WebPage\",\"@id\":\"https:\/\/www.boztibbi.com\/fr\/entreprise\/notre-equipe\/\",\"url\":\"https:\/\/www.boztibbi.com\/fr\/entreprise\/notre-equipe\/\",\"name\":\"Notre \u00c9quipe\",\"isPartOf\":{\"@id\":\"https:\/\/www.boztibbi.com\/#website\"},\"datePublished\":\"2017-10-02T02:32:28+00:00\",\"dateModified\":\"2026-03-11T08:37:01+00:00\",\"description\":\"Boz Medical est une entreprise bas\u00e9e \u00e0 Ankara et qui compte plus de 150 employ\u00e9s.\",\"breadcrumb\":{\"@id\":\"https:\/\/www.boztibbi.com\/fr\/entreprise\/notre-equipe\/#breadcrumb\"},\"inLanguage\":\"fr-FR\",\"potentialAction\":[{\"@type\":\"ReadAction\",\"target\":[\"https:\/\/www.boztibbi.com\/fr\/entreprise\/notre-equipe\/\"]}]},{\"@type\":\"BreadcrumbList\",\"@id\":\"https:\/\/www.boztibbi.com\/fr\/entreprise\/notre-equipe\/#breadcrumb\",\"itemListElement\":[{\"@type\":\"ListItem\",\"position\":1,\"name\":\"Page d'accueil\",\"item\":\"https:\/\/www.boztibbi.com\/fr\/\"},{\"@type\":\"ListItem\",\"position\":2,\"name\":\"Entreprise\",\"item\":\"https:\/\/www.boztibbi.com\/fr\/entreprise\/\"},{\"@type\":\"ListItem\",\"position\":3,\"name\":\"Notre \u00c9quipe\"}]},{\"@type\":\"WebSite\",\"@id\":\"https:\/\/www.boztibbi.com\/#website\",\"url\":\"https:\/\/www.boztibbi.com\/\",\"name\":\"Boz Medical\",\"description\":\"Sutures chirurgicales, h\u00e9mostats r\u00e9sorbables et mailles chirurgicales\",\"publisher\":{\"@id\":\"https:\/\/www.boztibbi.com\/#organization\"},\"potentialAction\":[{\"@type\":\"SearchAction\",\"target\":{\"@type\":\"EntryPoint\",\"urlTemplate\":\"https:\/\/www.boztibbi.com\/?s={search_term_string}\"},\"query-input\":\"required name=search_term_string\"}],\"inLanguage\":\"fr-FR\"},{\"@type\":\"Organization\",\"@id\":\"https:\/\/www.boztibbi.com\/#organization\",\"name\":\"Boz T\u0131bbi Malzeme Sanayi ve Ticaret A.\u015e.\",\"url\":\"https:\/\/www.boztibbi.com\/\",\"logo\":{\"@type\":\"ImageObject\",\"inLanguage\":\"fr-FR\",\"@id\":\"https:\/\/www.boztibbi.com\/#\/schema\/logo\/image\/\",\"url\":\"https:\/\/www.boztibbi.com\/wp-content\/uploads\/2018\/08\/boz-t\u0131bbi-malzemeler-medikal-tekstil-t\u00fcrkiye-istanbul-ankara-u\u015fak.png\",\"contentUrl\":\"https:\/\/www.boztibbi.com\/wp-content\/uploads\/2018\/08\/boz-t\u0131bbi-malzemeler-medikal-tekstil-t\u00fcrkiye-istanbul-ankara-u\u015fak.png\",\"width\":1024,\"height\":683,\"caption\":\"Boz T\u0131bbi Malzeme Sanayi ve Ticaret A.\u015e.\"},\"image\":{\"@id\":\"https:\/\/www.boztibbi.com\/#\/schema\/logo\/image\/\"},\"sameAs\":[\"https:\/\/www.facebook.com\/bozmedical\/\",\"https:\/\/twitter.com\/bozmedical\"]}]}<\/script>\n<!-- \/ Yoast SEO plugin. -->","yoast_head_json":{"title":"Notre \u00c9quipe","description":"Boz Medical est une entreprise bas\u00e9e \u00e0 Ankara et qui compte plus de 150 employ\u00e9s.","robots":{"index":"index","follow":"follow","max-snippet":"max-snippet:-1","max-image-preview":"max-image-preview:large","max-video-preview":"max-video-preview:-1"},"canonical":"https:\/\/www.boztibbi.com\/fr\/entreprise\/notre-equipe\/","og_locale":"fr_FR","og_type":"article","og_title":"Notre \u00c9quipe","og_description":"Boz Medical est une entreprise bas\u00e9e \u00e0 Ankara et qui compte plus de 150 employ\u00e9s.","og_url":"https:\/\/www.boztibbi.com\/fr\/entreprise\/notre-equipe\/","og_site_name":"Boz Medical","article_publisher":"https:\/\/www.facebook.com\/bozmedical\/","article_modified_time":"2026-03-11T08:37:01+00:00","twitter_card":"summary_large_image","twitter_site":"@bozmedical","schema":{"@context":"https:\/\/schema.org","@graph":[{"@type":"WebPage","@id":"https:\/\/www.boztibbi.com\/fr\/entreprise\/notre-equipe\/","url":"https:\/\/www.boztibbi.com\/fr\/entreprise\/notre-equipe\/","name":"Notre \u00c9quipe","isPartOf":{"@id":"https:\/\/www.boztibbi.com\/#website"},"datePublished":"2017-10-02T02:32:28+00:00","dateModified":"2026-03-11T08:37:01+00:00","description":"Boz Medical est une entreprise bas\u00e9e \u00e0 Ankara et qui compte plus de 150 employ\u00e9s.","breadcrumb":{"@id":"https:\/\/www.boztibbi.com\/fr\/entreprise\/notre-equipe\/#breadcrumb"},"inLanguage":"fr-FR","potentialAction":[{"@type":"ReadAction","target":["https:\/\/www.boztibbi.com\/fr\/entreprise\/notre-equipe\/"]}]},{"@type":"BreadcrumbList","@id":"https:\/\/www.boztibbi.com\/fr\/entreprise\/notre-equipe\/#breadcrumb","itemListElement":[{"@type":"ListItem","position":1,"name":"Page d'accueil","item":"https:\/\/www.boztibbi.com\/fr\/"},{"@type":"ListItem","position":2,"name":"Entreprise","item":"https:\/\/www.boztibbi.com\/fr\/entreprise\/"},{"@type":"ListItem","position":3,"name":"Notre \u00c9quipe"}]},{"@type":"WebSite","@id":"https:\/\/www.boztibbi.com\/#website","url":"https:\/\/www.boztibbi.com\/","name":"Boz Medical","description":"Sutures chirurgicales, h\u00e9mostats r\u00e9sorbables et mailles chirurgicales","publisher":{"@id":"https:\/\/www.boztibbi.com\/#organization"},"potentialAction":[{"@type":"SearchAction","target":{"@type":"EntryPoint","urlTemplate":"https:\/\/www.boztibbi.com\/?s={search_term_string}"},"query-input":"required name=search_term_string"}],"inLanguage":"fr-FR"},{"@type":"Organization","@id":"https:\/\/www.boztibbi.com\/#organization","name":"Boz T\u0131bbi Malzeme Sanayi ve Ticaret A.\u015e.","url":"https:\/\/www.boztibbi.com\/","logo":{"@type":"ImageObject","inLanguage":"fr-FR","@id":"https:\/\/www.boztibbi.com\/#\/schema\/logo\/image\/","url":"https:\/\/www.boztibbi.com\/wp-content\/uploads\/2018\/08\/boz-t\u0131bbi-malzemeler-medikal-tekstil-t\u00fcrkiye-istanbul-ankara-u\u015fak.png","contentUrl":"https:\/\/www.boztibbi.com\/wp-content\/uploads\/2018\/08\/boz-t\u0131bbi-malzemeler-medikal-tekstil-t\u00fcrkiye-istanbul-ankara-u\u015fak.png","width":1024,"height":683,"caption":"Boz T\u0131bbi Malzeme Sanayi ve Ticaret A.\u015e."},"image":{"@id":"https:\/\/www.boztibbi.com\/#\/schema\/logo\/image\/"},"sameAs":["https:\/\/www.facebook.com\/bozmedical\/","https:\/\/twitter.com\/bozmedical"]}]}},"_links":{"self":[{"href":"https:\/\/www.boztibbi.com\/fr\/wp-json\/wp\/v2\/pages\/5264","targetHints":{"allow":["GET"]}}],"collection":[{"href":"https:\/\/www.boztibbi.com\/fr\/wp-json\/wp\/v2\/pages"}],"about":[{"href":"https:\/\/www.boztibbi.com\/fr\/wp-json\/wp\/v2\/types\/page"}],"author":[{"embeddable":true,"href":"https:\/\/www.boztibbi.com\/fr\/wp-json\/wp\/v2\/users\/1"}],"replies":[{"embeddable":true,"href":"https:\/\/www.boztibbi.com\/fr\/wp-json\/wp\/v2\/comments?post=5264"}],"version-history":[{"count":5,"href":"https:\/\/www.boztibbi.com\/fr\/wp-json\/wp\/v2\/pages\/5264\/revisions"}],"predecessor-version":[{"id":15959,"href":"https:\/\/www.boztibbi.com\/fr\/wp-json\/wp\/v2\/pages\/5264\/revisions\/15959"}],"up":[{"embeddable":true,"href":"https:\/\/www.boztibbi.com\/fr\/wp-json\/wp\/v2\/pages\/5256"}],"wp:attachment":[{"href":"https:\/\/www.boztibbi.com\/fr\/wp-json\/wp\/v2\/media?parent=5264"}],"curies":[{"name":"wp","href":"https:\/\/api.w.org\/{rel}","templated":true}]}}