{"id":5260,"date":"2017-10-02T02:36:42","date_gmt":"2017-10-02T02:36:42","guid":{"rendered":"https:\/\/www.boztibbi.com\/entreprise\/customer-satisfaction\/"},"modified":"2019-08-22T10:19:13","modified_gmt":"2019-08-22T07:19:13","slug":"satisfaction-du-client","status":"publish","type":"page","link":"https:\/\/www.boztibbi.com\/fr\/entreprise\/satisfaction-du-client\/","title":{"rendered":"Satisfaction du Client"},"content":{"rendered":"<div class=\"wpb-content-wrapper\"><p>[vc_row css=&#8221;.vc_custom_1529403450828{margin-right: 0px !important;margin-bottom: 50px !important;margin-left: 0px !important;padding-top: 80px !important;padding-right: 40px !important;padding-bottom: 80px !important;padding-left: 40px !important;background-image: url(https:\/\/www.boztibbi.com\/wp-content\/uploads\/2018\/06\/boz-t\u0131bbi-m\u00fc\u015fteri-politikas\u0131-mutlu-doktor-hastane-personeli.jpg?id=1906) !important;background-position: center !important;background-repeat: no-repeat !important;background-size: cover !important;}&#8221;][vc_column width=&#8221;1\/2&#8243;][\/vc_column][vc_column width=&#8221;1\/2&#8243;][vc_column_text]<\/p>\n<h3 class=\"no-margin-top no-margin-bottom\" style=\"font-size: 3rem;\">Des produits de qualit\u00e9 qui facilitent la vie<\/h3>\n<p>[\/vc_column_text][\/vc_column][\/vc_row][vc_row][vc_column][vc_row_inner][vc_column_inner width=&#8221;1\/3&#8243;][vc_custom_heading text=&#8221;Satisfaction du Client&#8221; font_container=&#8221;tag:h3|text_align:left&#8221; use_theme_fonts=&#8221;yes&#8221;][vc_empty_space height=&#8221;20px&#8221;][\/vc_column_inner][vc_column_inner width=&#8221;2\/3&#8243;][vc_column_text]Depuis sa cr\u00e9ation, Boz Medical a pour principe de proposer des produits de haute qualit\u00e9 qui simplifient la vie du client et l&#8217;enrichissent. Notre soci\u00e9t\u00e9 met l&#8217;accent sur la satisfaction de la client\u00e8le et sur la protection de l&#8217;environnement et d\u00e9finit le secret de son succ\u00e8s comme suit: &#8220;produit de qualit\u00e9, force de vente fantastique et service apr\u00e8s-vente efficace&#8221;.<\/p>\n<p>Le secret du succ\u00e8s de Boz Medical r\u00e9side dans la qualit\u00e9 des produits, une organisation commerciale solide et un service apr\u00e8s-vente efficace. D\u00e8s le premier jour un.<\/p>\n<p>\u00c0 l\u2019heure actuelle, dans tous les march\u00e9s sur lesquels nous sommes, nous n\u2019arr\u00eatons jamais la relation client-client. Au contraire, cela commence avec l&#8217;achat et continue tout au long du processus. Notre mod\u00e8le de satisfaction client est standard et la source de ce mod\u00e8le est l&#8217;approche orient\u00e9e client. En tant que principe fondamental de satisfaction, nous avons mis l&#8217;accent sur les politiques de qualit\u00e9.[\/vc_column_text][vc_empty_space height=&#8221;50px&#8221;][\/vc_column_inner][\/vc_row_inner][vc_row_inner][vc_column_inner width=&#8221;1\/3&#8243;][vc_custom_heading text=&#8221;Notre politique de satisfaction&#8221; font_container=&#8221;tag:h3|text_align:left&#8221; use_theme_fonts=&#8221;yes&#8221;][vc_empty_space height=&#8221;20px&#8221;][\/vc_column_inner][vc_column_inner width=&#8221;2\/3&#8243;][vc_column_text]Nous acceptons toutes les commandes et recommandations relatives \u00e0 nos produits de tous les canaux, sans distinction de profil client (t\u00e9l\u00e9phone, fax, email, <a href=\"https:\/\/www.boztibbi.com\">www.boztibbi.com<\/a> , lettre, r\u00e9seaux sociaux, franchise). Lorsque nous recevons des commandes et des recommandations de nos clients, nous les transmettons aux services correspondants. Toutes les commandes sont trait\u00e9es dans les 24 heures suivant la notification de l&#8217;unit\u00e9 concern\u00e9e. L&#8217;ensemble du processus est rassembl\u00e9 sous un seul groupe d&#8217;informations, s\u00e9curis\u00e9, transparent, sur lequel nous pouvons avoir des informations et que nous pouvons suivre. Tous ces rapports sont trait\u00e9s et \u00e9valu\u00e9s conform\u00e9ment aux r\u00e9glementations l\u00e9gales en vigueur et de mani\u00e8re objective, juste et priv\u00e9e.<\/p>\n<p>Nous adoptons une approche ax\u00e9e sur le client, dans laquelle les processus sont constamment contr\u00f4l\u00e9s et am\u00e9lior\u00e9s et o\u00f9 l&#8217;exp\u00e9rience client parfaite est consid\u00e9r\u00e9e comme le principe le plus important. Conform\u00e9ment \u00e0 notre approche, nous int\u00e9grons un syst\u00e8me de gestion num\u00e9rique \u00e0 tous nos processus qui se contr\u00f4lent les uns les autres. Les objectifs de gestion sont fournis dans ce syst\u00e8me.[\/vc_column_text][vc_empty_space height=&#8221;50px&#8221;][\/vc_column_inner][\/vc_row_inner][\/vc_column][\/vc_row]<\/p>\n<\/div>","protected":false},"excerpt":{"rendered":"<p>[vc_row css=&#8221;.vc_custom_1529403450828{margin-right: 0px !important;margin-bottom: 50px !important;margin-left: 0px !important;padding-top: 80px !important;padding-right: 40px !important;padding-bottom: 80px !important;padding-left: 40px !important;background-image: url(https:\/\/www.boztibbi.com\/wp-content\/uploads\/2018\/06\/boz-t\u0131bbi-m\u00fc\u015fteri-politikas\u0131-mutlu-doktor-hastane-personeli.jpg?id=1906) !important;background-position: center !important;background-repeat: no-repeat !important;background-size: cover !important;}&#8221;][vc_column width=&#8221;1\/2&#8243;][\/vc_column][vc_column width=&#8221;1\/2&#8243;][vc_column_text] Des produits de qualit\u00e9 qui facilitent la vie [\/vc_column_text][\/vc_column][\/vc_row][vc_row][vc_column][vc_row_inner][vc_column_inner width=&#8221;1\/3&#8243;][vc_custom_heading text=&#8221;Satisfaction du Client&#8221; font_container=&#8221;tag:h3|text_align:left&#8221; use_theme_fonts=&#8221;yes&#8221;][vc_empty_space height=&#8221;20px&#8221;][\/vc_column_inner][vc_column_inner width=&#8221;2\/3&#8243;][vc_column_text]Depuis sa cr\u00e9ation, Boz Medical a pour principe de proposer des produits de [&hellip;]<\/p>\n","protected":false},"author":1,"featured_media":0,"parent":5256,"menu_order":0,"comment_status":"closed","ping_status":"closed","template":"","meta":{"_acf_changed":false,"footnotes":""},"class_list":["post-5260","page","type-page","status-publish","hentry"],"acf":[],"yoast_head":"<!-- This site is optimized with the Yoast SEO plugin v21.6 - https:\/\/yoast.com\/wordpress\/plugins\/seo\/ -->\n<title>Satisfaction du Client<\/title>\n<meta name=\"description\" content=\"Depuis sa cr\u00e9ation, Boz Medical a pour principe de proposer des produits de haute qualit\u00e9 qui simplifient la vie du client et l&#039;enrichissent.\" \/>\n<meta name=\"robots\" content=\"index, follow, max-snippet:-1, max-image-preview:large, max-video-preview:-1\" \/>\n<link rel=\"canonical\" href=\"https:\/\/www.boztibbi.com\/fr\/entreprise\/satisfaction-du-client\/\" \/>\n<meta property=\"og:locale\" content=\"fr_FR\" \/>\n<meta property=\"og:type\" content=\"article\" \/>\n<meta property=\"og:title\" content=\"Satisfaction du Client\" \/>\n<meta property=\"og:description\" content=\"Depuis sa cr\u00e9ation, Boz Medical a pour principe de proposer des produits de haute qualit\u00e9 qui simplifient la vie du client et l&#039;enrichissent.\" \/>\n<meta property=\"og:url\" content=\"https:\/\/www.boztibbi.com\/fr\/entreprise\/satisfaction-du-client\/\" \/>\n<meta property=\"og:site_name\" content=\"Boz Medical\" \/>\n<meta property=\"article:publisher\" content=\"https:\/\/www.facebook.com\/bozmedical\/\" \/>\n<meta property=\"article:modified_time\" content=\"2019-08-22T07:19:13+00:00\" \/>\n<meta name=\"twitter:card\" content=\"summary_large_image\" \/>\n<meta name=\"twitter:site\" content=\"@bozmedical\" \/>\n<script type=\"application\/ld+json\" class=\"yoast-schema-graph\">{\"@context\":\"https:\/\/schema.org\",\"@graph\":[{\"@type\":\"WebPage\",\"@id\":\"https:\/\/www.boztibbi.com\/fr\/entreprise\/satisfaction-du-client\/\",\"url\":\"https:\/\/www.boztibbi.com\/fr\/entreprise\/satisfaction-du-client\/\",\"name\":\"Satisfaction du Client\",\"isPartOf\":{\"@id\":\"https:\/\/www.boztibbi.com\/#website\"},\"datePublished\":\"2017-10-02T02:36:42+00:00\",\"dateModified\":\"2019-08-22T07:19:13+00:00\",\"description\":\"Depuis sa cr\u00e9ation, Boz Medical a pour principe de proposer des produits de haute qualit\u00e9 qui simplifient la vie du client et l'enrichissent.\",\"breadcrumb\":{\"@id\":\"https:\/\/www.boztibbi.com\/fr\/entreprise\/satisfaction-du-client\/#breadcrumb\"},\"inLanguage\":\"fr-FR\",\"potentialAction\":[{\"@type\":\"ReadAction\",\"target\":[\"https:\/\/www.boztibbi.com\/fr\/entreprise\/satisfaction-du-client\/\"]}]},{\"@type\":\"BreadcrumbList\",\"@id\":\"https:\/\/www.boztibbi.com\/fr\/entreprise\/satisfaction-du-client\/#breadcrumb\",\"itemListElement\":[{\"@type\":\"ListItem\",\"position\":1,\"name\":\"Page d'accueil\",\"item\":\"https:\/\/www.boztibbi.com\/fr\/\"},{\"@type\":\"ListItem\",\"position\":2,\"name\":\"Entreprise\",\"item\":\"https:\/\/www.boztibbi.com\/fr\/entreprise\/\"},{\"@type\":\"ListItem\",\"position\":3,\"name\":\"Satisfaction du Client\"}]},{\"@type\":\"WebSite\",\"@id\":\"https:\/\/www.boztibbi.com\/#website\",\"url\":\"https:\/\/www.boztibbi.com\/\",\"name\":\"Boz Medical\",\"description\":\"Sutures chirurgicales, h\u00e9mostats r\u00e9sorbables et mailles chirurgicales\",\"publisher\":{\"@id\":\"https:\/\/www.boztibbi.com\/#organization\"},\"potentialAction\":[{\"@type\":\"SearchAction\",\"target\":{\"@type\":\"EntryPoint\",\"urlTemplate\":\"https:\/\/www.boztibbi.com\/?s={search_term_string}\"},\"query-input\":\"required name=search_term_string\"}],\"inLanguage\":\"fr-FR\"},{\"@type\":\"Organization\",\"@id\":\"https:\/\/www.boztibbi.com\/#organization\",\"name\":\"Boz T\u0131bbi Malzeme Sanayi ve Ticaret A.\u015e.\",\"url\":\"https:\/\/www.boztibbi.com\/\",\"logo\":{\"@type\":\"ImageObject\",\"inLanguage\":\"fr-FR\",\"@id\":\"https:\/\/www.boztibbi.com\/#\/schema\/logo\/image\/\",\"url\":\"https:\/\/www.boztibbi.com\/wp-content\/uploads\/2018\/08\/boz-t\u0131bbi-malzemeler-medikal-tekstil-t\u00fcrkiye-istanbul-ankara-u\u015fak.png\",\"contentUrl\":\"https:\/\/www.boztibbi.com\/wp-content\/uploads\/2018\/08\/boz-t\u0131bbi-malzemeler-medikal-tekstil-t\u00fcrkiye-istanbul-ankara-u\u015fak.png\",\"width\":1024,\"height\":683,\"caption\":\"Boz T\u0131bbi Malzeme Sanayi ve Ticaret A.\u015e.\"},\"image\":{\"@id\":\"https:\/\/www.boztibbi.com\/#\/schema\/logo\/image\/\"},\"sameAs\":[\"https:\/\/www.facebook.com\/bozmedical\/\",\"https:\/\/twitter.com\/bozmedical\"]}]}<\/script>\n<!-- \/ Yoast SEO plugin. -->","yoast_head_json":{"title":"Satisfaction du Client","description":"Depuis sa cr\u00e9ation, Boz Medical a pour principe de proposer des produits de haute qualit\u00e9 qui simplifient la vie du client et l'enrichissent.","robots":{"index":"index","follow":"follow","max-snippet":"max-snippet:-1","max-image-preview":"max-image-preview:large","max-video-preview":"max-video-preview:-1"},"canonical":"https:\/\/www.boztibbi.com\/fr\/entreprise\/satisfaction-du-client\/","og_locale":"fr_FR","og_type":"article","og_title":"Satisfaction du Client","og_description":"Depuis sa cr\u00e9ation, Boz Medical a pour principe de proposer des produits de haute qualit\u00e9 qui simplifient la vie du client et l'enrichissent.","og_url":"https:\/\/www.boztibbi.com\/fr\/entreprise\/satisfaction-du-client\/","og_site_name":"Boz Medical","article_publisher":"https:\/\/www.facebook.com\/bozmedical\/","article_modified_time":"2019-08-22T07:19:13+00:00","twitter_card":"summary_large_image","twitter_site":"@bozmedical","schema":{"@context":"https:\/\/schema.org","@graph":[{"@type":"WebPage","@id":"https:\/\/www.boztibbi.com\/fr\/entreprise\/satisfaction-du-client\/","url":"https:\/\/www.boztibbi.com\/fr\/entreprise\/satisfaction-du-client\/","name":"Satisfaction du Client","isPartOf":{"@id":"https:\/\/www.boztibbi.com\/#website"},"datePublished":"2017-10-02T02:36:42+00:00","dateModified":"2019-08-22T07:19:13+00:00","description":"Depuis sa cr\u00e9ation, Boz Medical a pour principe de proposer des produits de haute qualit\u00e9 qui simplifient la vie du client et l'enrichissent.","breadcrumb":{"@id":"https:\/\/www.boztibbi.com\/fr\/entreprise\/satisfaction-du-client\/#breadcrumb"},"inLanguage":"fr-FR","potentialAction":[{"@type":"ReadAction","target":["https:\/\/www.boztibbi.com\/fr\/entreprise\/satisfaction-du-client\/"]}]},{"@type":"BreadcrumbList","@id":"https:\/\/www.boztibbi.com\/fr\/entreprise\/satisfaction-du-client\/#breadcrumb","itemListElement":[{"@type":"ListItem","position":1,"name":"Page d'accueil","item":"https:\/\/www.boztibbi.com\/fr\/"},{"@type":"ListItem","position":2,"name":"Entreprise","item":"https:\/\/www.boztibbi.com\/fr\/entreprise\/"},{"@type":"ListItem","position":3,"name":"Satisfaction du Client"}]},{"@type":"WebSite","@id":"https:\/\/www.boztibbi.com\/#website","url":"https:\/\/www.boztibbi.com\/","name":"Boz Medical","description":"Sutures chirurgicales, h\u00e9mostats r\u00e9sorbables et mailles chirurgicales","publisher":{"@id":"https:\/\/www.boztibbi.com\/#organization"},"potentialAction":[{"@type":"SearchAction","target":{"@type":"EntryPoint","urlTemplate":"https:\/\/www.boztibbi.com\/?s={search_term_string}"},"query-input":"required name=search_term_string"}],"inLanguage":"fr-FR"},{"@type":"Organization","@id":"https:\/\/www.boztibbi.com\/#organization","name":"Boz T\u0131bbi Malzeme Sanayi ve Ticaret A.\u015e.","url":"https:\/\/www.boztibbi.com\/","logo":{"@type":"ImageObject","inLanguage":"fr-FR","@id":"https:\/\/www.boztibbi.com\/#\/schema\/logo\/image\/","url":"https:\/\/www.boztibbi.com\/wp-content\/uploads\/2018\/08\/boz-t\u0131bbi-malzemeler-medikal-tekstil-t\u00fcrkiye-istanbul-ankara-u\u015fak.png","contentUrl":"https:\/\/www.boztibbi.com\/wp-content\/uploads\/2018\/08\/boz-t\u0131bbi-malzemeler-medikal-tekstil-t\u00fcrkiye-istanbul-ankara-u\u015fak.png","width":1024,"height":683,"caption":"Boz T\u0131bbi Malzeme Sanayi ve Ticaret A.\u015e."},"image":{"@id":"https:\/\/www.boztibbi.com\/#\/schema\/logo\/image\/"},"sameAs":["https:\/\/www.facebook.com\/bozmedical\/","https:\/\/twitter.com\/bozmedical"]}]}},"_links":{"self":[{"href":"https:\/\/www.boztibbi.com\/fr\/wp-json\/wp\/v2\/pages\/5260","targetHints":{"allow":["GET"]}}],"collection":[{"href":"https:\/\/www.boztibbi.com\/fr\/wp-json\/wp\/v2\/pages"}],"about":[{"href":"https:\/\/www.boztibbi.com\/fr\/wp-json\/wp\/v2\/types\/page"}],"author":[{"embeddable":true,"href":"https:\/\/www.boztibbi.com\/fr\/wp-json\/wp\/v2\/users\/1"}],"replies":[{"embeddable":true,"href":"https:\/\/www.boztibbi.com\/fr\/wp-json\/wp\/v2\/comments?post=5260"}],"version-history":[{"count":0,"href":"https:\/\/www.boztibbi.com\/fr\/wp-json\/wp\/v2\/pages\/5260\/revisions"}],"up":[{"embeddable":true,"href":"https:\/\/www.boztibbi.com\/fr\/wp-json\/wp\/v2\/pages\/5256"}],"wp:attachment":[{"href":"https:\/\/www.boztibbi.com\/fr\/wp-json\/wp\/v2\/media?parent=5260"}],"curies":[{"name":"wp","href":"https:\/\/api.w.org\/{rel}","templated":true}]}}