{"id":7832,"date":"2018-06-19T14:01:17","date_gmt":"2018-06-19T11:01:17","guid":{"rendered":"https:\/\/www.boztibbi.com\/corporativo\/kilometre-taslari\/"},"modified":"2022-07-30T15:25:43","modified_gmt":"2022-07-30T12:25:43","slug":"hitos","status":"publish","type":"page","link":"https:\/\/www.boztibbi.com\/es\/corporativo\/hitos\/","title":{"rendered":"Hitos"},"content":{"rendered":"<div class=\"wpb-content-wrapper\"><p>[vc_row css=&#8221;.vc_custom_1529407998976{margin-right: 0px !important;margin-bottom: 50px !important;margin-left: 0px !important;padding-top: 80px !important;padding-right: 40px !important;padding-bottom: 80px !important;padding-left: 40px !important;background-image: url(https:\/\/www.boztibbi.com\/wp-content\/uploads\/2018\/06\/boz-t\u0131bbi-malzemeler-t\u00fcrkiye-yerli-\u00fcretim-\u00fcretici-t\u00fcrk-mal\u0131-istanbul-ankara-u\u015fak-cerrahi-iplik-gazl\u0131-bez-span\u00e7.jpg?id=1927) !important;background-position: center !important;background-repeat: no-repeat !important;background-size: cover !important;}&#8221;][vc_column width=&#8221;1\/2&#8243;][\/vc_column][vc_column width=&#8221;1\/2&#8243;][vc_column_text]<\/p>\n<h3 class=\"no-margin-top no-margin-bottom\" style=\"font-size: 3rem;\">M\u00e1s de 70 a\u00f1os de experiencia<\/h3>\n<p>[\/vc_column_text][\/vc_column][\/vc_row][vc_row][vc_column]<ul class=\"iconlist iconlist iconlist-icon-large \"><li ><div class=\"iconlist-item-icon\"><i class=\"entypo-icon entypo-icon-check\"><\/i><span class=\"shapes\"><\/span><\/div><div class=\"iconlist-item-content\"><\/p>\n<h3>1940<\/h3>\n<p>Adil Boz (el abuelo) inici\u00f3 su carrera empresarial en 1940 y fund\u00f3 una peque\u00f1a empresa familiar. La empresa produc\u00eda prendas de vestir y productos textiles para el hogar.<\/div><\/li><li ><div class=\"iconlist-item-icon\"><i class=\"entypo-icon entypo-icon-check\"><\/i><span class=\"shapes\"><\/span><\/div><div class=\"iconlist-item-content\"><\/p>\n<h3>1960<\/h3>\n<p>Adil Boz empez\u00f3 a fabricar vendajes de gasa en la d\u00e9cada de 1960. Puso en marcha la primera f\u00e1brica de material textil m\u00e9dico en Turqu\u00eda.<\/div><\/li><li ><div class=\"iconlist-item-icon\"><i class=\"entypo-icon entypo-icon-check\"><\/i><span class=\"shapes\"><\/span><\/div><div class=\"iconlist-item-content\"><\/p>\n<h3>1969<\/h3>\n<p>Despu\u00e9s del vendaje de gasa, la empresa comenz\u00f3 a producir algod\u00f3n en 1969 para satisfacer las demandas del sector m\u00e9dico. Por otra parte, en 1969 Adil Boz emprendi\u00f3 por primera vez en Turqu\u00eda la producci\u00f3n de vendajes de yeso.<\/div><\/li><li ><div class=\"iconlist-item-icon\"><i class=\"entypo-icon entypo-icon-check\"><\/i><span class=\"shapes\"><\/span><\/div><div class=\"iconlist-item-content\"><\/p>\n<h3>1983<\/h3>\n<p>Orhan Boz fund\u00f3 la empresa Orhan Boz Medical Materials en Ankara bajo su propio nombre. Boz comenz\u00f3 su carrera en el mercado comercializando el vendaje de gasa, el vendaje de yeso y los productos de algod\u00f3n hidr\u00f3filo fabricados por Adil Boz en U\u015fak.<\/div><\/li><li ><div class=\"iconlist-item-icon\"><i class=\"entypo-icon entypo-icon-check\"><\/i><span class=\"shapes\"><\/span><\/div><div class=\"iconlist-item-content\"><\/p>\n<h3>1993<\/h3>\n<p>Orhan Boz percibi\u00f3 la brecha existente en el campo de los materiales de sutura quir\u00fargica y comenz\u00f3 sus primeros experimentos en 1993. Orhan Boz abri\u00f3 una f\u00e1brica de materiales de sutura quir\u00fargica en Ankara.<\/div><\/li><li ><div class=\"iconlist-item-icon\"><i class=\"entypo-icon entypo-icon-check\"><\/i><span class=\"shapes\"><\/span><\/div><div class=\"iconlist-item-content\"><\/p>\n<h3>1998<\/h3>\n<p>Adil Boz empez\u00f3 a fabricar entonces productos de compresas de gasa creados a partir de los vendajes de gasa, esponjas y algod\u00f3n en la f\u00e1brica de fabricaci\u00f3n de textiles m\u00e9dicos en Ankara en el a\u00f1o de 1998. Adil Boz puso en marcha la primera m\u00e1quina de fabricaci\u00f3n de esponjas en Turqu\u00eda en este misma fecha.<\/div><\/li><li ><div class=\"iconlist-item-icon\"><i class=\"entypo-icon entypo-icon-check\"><\/i><span class=\"shapes\"><\/span><\/div><div class=\"iconlist-item-content\"><\/p>\n<h3>2009<\/h3>\n<p>Los hijos de Orhan Boz, Ali Aykut Boz y Adil Boz, fundaron la empresa Boz Medical Materials en 2009.<\/div><\/li><li ><div class=\"iconlist-item-icon\"><i class=\"entypo-icon entypo-icon-check\"><\/i><span class=\"shapes\"><\/span><\/div><div class=\"iconlist-item-content\"><\/p>\n<h3>2012<\/h3>\n<p>Boz Medical tiene como objetivo convertirse en el fabricante en los pr\u00f3ximos 5 a\u00f1os despu\u00e9s de la creaci\u00f3n de la empresa seg\u00fan las necesidades y condiciones del mercado en desarrollo, logrando este objetivo en abril de 2012&#8230;<\/div><\/li><li ><div class=\"iconlist-item-icon\"><i class=\"entypo-icon entypo-icon-check\"><\/i><span class=\"shapes\"><\/span><\/div><div class=\"iconlist-item-content\"><\/p>\n<h3>2018&#8230;<\/h3>\n<p>Desde el 2007, la empresa fundada por Adil Boz (abuelo) ofreci\u00f3 oportunidades de empleo a un total de 1500 personas en las instalaciones de U\u015fak en la fabricaci\u00f3n de algod\u00f3n en bruto, tela, tejido textil, tejido de materias primas textiles, telas textiles para el hogar y hospital. Hoy en d\u00eda, los consumibles m\u00e9dicos se crean en las f\u00e1bricas de Ankara. Boz Medical progresa con 70 a\u00f1os de conocimientos y experiencia.<\/div><\/li><\/ul>[\/vc_column][\/vc_row]<\/p>\n<\/div>","protected":false},"excerpt":{"rendered":"<p>[vc_row css=&#8221;.vc_custom_1529407998976{margin-right: 0px !important;margin-bottom: 50px !important;margin-left: 0px !important;padding-top: 80px !important;padding-right: 40px !important;padding-bottom: 80px !important;padding-left: 40px !important;background-image: url(https:\/\/www.boztibbi.com\/wp-content\/uploads\/2018\/06\/boz-t\u0131bbi-malzemeler-t\u00fcrkiye-yerli-\u00fcretim-\u00fcretici-t\u00fcrk-mal\u0131-istanbul-ankara-u\u015fak-cerrahi-iplik-gazl\u0131-bez-span\u00e7.jpg?id=1927) !important;background-position: center !important;background-repeat: no-repeat !important;background-size: cover !important;}&#8221;][vc_column width=&#8221;1\/2&#8243;][\/vc_column][vc_column width=&#8221;1\/2&#8243;][vc_column_text] M\u00e1s de 70 a\u00f1os de experiencia [\/vc_column_text][\/vc_column][\/vc_row][vc_row][vc_column][\/vc_column][\/vc_row]<\/p>\n","protected":false},"author":1,"featured_media":0,"parent":4997,"menu_order":0,"comment_status":"closed","ping_status":"closed","template":"","meta":{"_acf_changed":false,"footnotes":""},"class_list":["post-7832","page","type-page","status-publish","hentry"],"acf":[],"yoast_head":"<!-- This site is optimized with the Yoast SEO plugin v21.6 - https:\/\/yoast.com\/wordpress\/plugins\/seo\/ -->\n<title>Hitos - Boz Medical<\/title>\n<meta name=\"robots\" content=\"index, follow, max-snippet:-1, max-image-preview:large, max-video-preview:-1\" \/>\n<link rel=\"canonical\" href=\"https:\/\/www.boztibbi.com\/es\/corporativo\/hitos\/\" \/>\n<meta property=\"og:locale\" content=\"es_ES\" \/>\n<meta property=\"og:type\" content=\"article\" \/>\n<meta property=\"og:title\" content=\"Hitos - Boz Medical\" \/>\n<meta property=\"og:description\" content=\"[vc_row css=&#8221;.vc_custom_1529407998976{margin-right: 0px !important;margin-bottom: 50px !important;margin-left: 0px !important;padding-top: 80px !important;padding-right: 40px !important;padding-bottom: 80px !important;padding-left: 40px !important;background-image: url(https:\/\/www.boztibbi.com\/wp-content\/uploads\/2018\/06\/boz-t\u0131bbi-malzemeler-t\u00fcrkiye-yerli-\u00fcretim-\u00fcretici-t\u00fcrk-mal\u0131-istanbul-ankara-u\u015fak-cerrahi-iplik-gazl\u0131-bez-span\u00e7.jpg?id=1927) !important;background-position: center !important;background-repeat: no-repeat !important;background-size: cover !important;}&#8221;][vc_column width=&#8221;1\/2&#8243;][\/vc_column][vc_column width=&#8221;1\/2&#8243;][vc_column_text] M\u00e1s de 70 a\u00f1os de experiencia [\/vc_column_text][\/vc_column][\/vc_row][vc_row][vc_column][\/vc_column][\/vc_row]\" \/>\n<meta property=\"og:url\" content=\"https:\/\/www.boztibbi.com\/es\/corporativo\/hitos\/\" \/>\n<meta property=\"og:site_name\" content=\"Boz Medical\" \/>\n<meta property=\"article:publisher\" content=\"https:\/\/www.facebook.com\/bozmedical\/\" \/>\n<meta property=\"article:modified_time\" content=\"2022-07-30T12:25:43+00:00\" \/>\n<meta name=\"twitter:card\" content=\"summary_large_image\" \/>\n<meta name=\"twitter:site\" content=\"@bozmedical\" \/>\n<script type=\"application\/ld+json\" class=\"yoast-schema-graph\">{\"@context\":\"https:\/\/schema.org\",\"@graph\":[{\"@type\":\"WebPage\",\"@id\":\"https:\/\/www.boztibbi.com\/es\/corporativo\/hitos\/\",\"url\":\"https:\/\/www.boztibbi.com\/es\/corporativo\/hitos\/\",\"name\":\"Hitos - Boz Medical\",\"isPartOf\":{\"@id\":\"https:\/\/www.boztibbi.com\/#website\"},\"datePublished\":\"2018-06-19T11:01:17+00:00\",\"dateModified\":\"2022-07-30T12:25:43+00:00\",\"breadcrumb\":{\"@id\":\"https:\/\/www.boztibbi.com\/es\/corporativo\/hitos\/#breadcrumb\"},\"inLanguage\":\"es\",\"potentialAction\":[{\"@type\":\"ReadAction\",\"target\":[\"https:\/\/www.boztibbi.com\/es\/corporativo\/hitos\/\"]}]},{\"@type\":\"BreadcrumbList\",\"@id\":\"https:\/\/www.boztibbi.com\/es\/corporativo\/hitos\/#breadcrumb\",\"itemListElement\":[{\"@type\":\"ListItem\",\"position\":1,\"name\":\"P\u00e1gina de inicio\",\"item\":\"https:\/\/www.boztibbi.com\/es\/\"},{\"@type\":\"ListItem\",\"position\":2,\"name\":\"Corporativo\",\"item\":\"https:\/\/www.boztibbi.com\/es\/corporativo\/\"},{\"@type\":\"ListItem\",\"position\":3,\"name\":\"Hitos\"}]},{\"@type\":\"WebSite\",\"@id\":\"https:\/\/www.boztibbi.com\/#website\",\"url\":\"https:\/\/www.boztibbi.com\/\",\"name\":\"Boz Medical\",\"description\":\"Suturas quir\u00fargicas, hemost\u00e1ticos absorbibles y mallas quir\u00fargicas\",\"publisher\":{\"@id\":\"https:\/\/www.boztibbi.com\/#organization\"},\"potentialAction\":[{\"@type\":\"SearchAction\",\"target\":{\"@type\":\"EntryPoint\",\"urlTemplate\":\"https:\/\/www.boztibbi.com\/?s={search_term_string}\"},\"query-input\":\"required name=search_term_string\"}],\"inLanguage\":\"es\"},{\"@type\":\"Organization\",\"@id\":\"https:\/\/www.boztibbi.com\/#organization\",\"name\":\"Boz T\u0131bbi Malzeme Sanayi ve Ticaret A.\u015e.\",\"url\":\"https:\/\/www.boztibbi.com\/\",\"logo\":{\"@type\":\"ImageObject\",\"inLanguage\":\"es\",\"@id\":\"https:\/\/www.boztibbi.com\/#\/schema\/logo\/image\/\",\"url\":\"https:\/\/www.boztibbi.com\/wp-content\/uploads\/2018\/08\/boz-t\u0131bbi-malzemeler-medikal-tekstil-t\u00fcrkiye-istanbul-ankara-u\u015fak.png\",\"contentUrl\":\"https:\/\/www.boztibbi.com\/wp-content\/uploads\/2018\/08\/boz-t\u0131bbi-malzemeler-medikal-tekstil-t\u00fcrkiye-istanbul-ankara-u\u015fak.png\",\"width\":1024,\"height\":683,\"caption\":\"Boz T\u0131bbi Malzeme Sanayi ve Ticaret A.\u015e.\"},\"image\":{\"@id\":\"https:\/\/www.boztibbi.com\/#\/schema\/logo\/image\/\"},\"sameAs\":[\"https:\/\/www.facebook.com\/bozmedical\/\",\"https:\/\/twitter.com\/bozmedical\"]}]}<\/script>\n<!-- \/ Yoast SEO plugin. -->","yoast_head_json":{"title":"Hitos - Boz Medical","robots":{"index":"index","follow":"follow","max-snippet":"max-snippet:-1","max-image-preview":"max-image-preview:large","max-video-preview":"max-video-preview:-1"},"canonical":"https:\/\/www.boztibbi.com\/es\/corporativo\/hitos\/","og_locale":"es_ES","og_type":"article","og_title":"Hitos - Boz Medical","og_description":"[vc_row css=&#8221;.vc_custom_1529407998976{margin-right: 0px !important;margin-bottom: 50px !important;margin-left: 0px !important;padding-top: 80px !important;padding-right: 40px !important;padding-bottom: 80px !important;padding-left: 40px !important;background-image: url(https:\/\/www.boztibbi.com\/wp-content\/uploads\/2018\/06\/boz-t\u0131bbi-malzemeler-t\u00fcrkiye-yerli-\u00fcretim-\u00fcretici-t\u00fcrk-mal\u0131-istanbul-ankara-u\u015fak-cerrahi-iplik-gazl\u0131-bez-span\u00e7.jpg?id=1927) !important;background-position: center !important;background-repeat: no-repeat !important;background-size: cover !important;}&#8221;][vc_column width=&#8221;1\/2&#8243;][\/vc_column][vc_column width=&#8221;1\/2&#8243;][vc_column_text] M\u00e1s de 70 a\u00f1os de experiencia [\/vc_column_text][\/vc_column][\/vc_row][vc_row][vc_column][\/vc_column][\/vc_row]","og_url":"https:\/\/www.boztibbi.com\/es\/corporativo\/hitos\/","og_site_name":"Boz Medical","article_publisher":"https:\/\/www.facebook.com\/bozmedical\/","article_modified_time":"2022-07-30T12:25:43+00:00","twitter_card":"summary_large_image","twitter_site":"@bozmedical","schema":{"@context":"https:\/\/schema.org","@graph":[{"@type":"WebPage","@id":"https:\/\/www.boztibbi.com\/es\/corporativo\/hitos\/","url":"https:\/\/www.boztibbi.com\/es\/corporativo\/hitos\/","name":"Hitos - Boz Medical","isPartOf":{"@id":"https:\/\/www.boztibbi.com\/#website"},"datePublished":"2018-06-19T11:01:17+00:00","dateModified":"2022-07-30T12:25:43+00:00","breadcrumb":{"@id":"https:\/\/www.boztibbi.com\/es\/corporativo\/hitos\/#breadcrumb"},"inLanguage":"es","potentialAction":[{"@type":"ReadAction","target":["https:\/\/www.boztibbi.com\/es\/corporativo\/hitos\/"]}]},{"@type":"BreadcrumbList","@id":"https:\/\/www.boztibbi.com\/es\/corporativo\/hitos\/#breadcrumb","itemListElement":[{"@type":"ListItem","position":1,"name":"P\u00e1gina de inicio","item":"https:\/\/www.boztibbi.com\/es\/"},{"@type":"ListItem","position":2,"name":"Corporativo","item":"https:\/\/www.boztibbi.com\/es\/corporativo\/"},{"@type":"ListItem","position":3,"name":"Hitos"}]},{"@type":"WebSite","@id":"https:\/\/www.boztibbi.com\/#website","url":"https:\/\/www.boztibbi.com\/","name":"Boz Medical","description":"Suturas quir\u00fargicas, hemost\u00e1ticos absorbibles y mallas quir\u00fargicas","publisher":{"@id":"https:\/\/www.boztibbi.com\/#organization"},"potentialAction":[{"@type":"SearchAction","target":{"@type":"EntryPoint","urlTemplate":"https:\/\/www.boztibbi.com\/?s={search_term_string}"},"query-input":"required name=search_term_string"}],"inLanguage":"es"},{"@type":"Organization","@id":"https:\/\/www.boztibbi.com\/#organization","name":"Boz T\u0131bbi Malzeme Sanayi ve Ticaret A.\u015e.","url":"https:\/\/www.boztibbi.com\/","logo":{"@type":"ImageObject","inLanguage":"es","@id":"https:\/\/www.boztibbi.com\/#\/schema\/logo\/image\/","url":"https:\/\/www.boztibbi.com\/wp-content\/uploads\/2018\/08\/boz-t\u0131bbi-malzemeler-medikal-tekstil-t\u00fcrkiye-istanbul-ankara-u\u015fak.png","contentUrl":"https:\/\/www.boztibbi.com\/wp-content\/uploads\/2018\/08\/boz-t\u0131bbi-malzemeler-medikal-tekstil-t\u00fcrkiye-istanbul-ankara-u\u015fak.png","width":1024,"height":683,"caption":"Boz T\u0131bbi Malzeme Sanayi ve Ticaret A.\u015e."},"image":{"@id":"https:\/\/www.boztibbi.com\/#\/schema\/logo\/image\/"},"sameAs":["https:\/\/www.facebook.com\/bozmedical\/","https:\/\/twitter.com\/bozmedical"]}]}},"_links":{"self":[{"href":"https:\/\/www.boztibbi.com\/es\/wp-json\/wp\/v2\/pages\/7832","targetHints":{"allow":["GET"]}}],"collection":[{"href":"https:\/\/www.boztibbi.com\/es\/wp-json\/wp\/v2\/pages"}],"about":[{"href":"https:\/\/www.boztibbi.com\/es\/wp-json\/wp\/v2\/types\/page"}],"author":[{"embeddable":true,"href":"https:\/\/www.boztibbi.com\/es\/wp-json\/wp\/v2\/users\/1"}],"replies":[{"embeddable":true,"href":"https:\/\/www.boztibbi.com\/es\/wp-json\/wp\/v2\/comments?post=7832"}],"version-history":[{"count":3,"href":"https:\/\/www.boztibbi.com\/es\/wp-json\/wp\/v2\/pages\/7832\/revisions"}],"predecessor-version":[{"id":10419,"href":"https:\/\/www.boztibbi.com\/es\/wp-json\/wp\/v2\/pages\/7832\/revisions\/10419"}],"up":[{"embeddable":true,"href":"https:\/\/www.boztibbi.com\/es\/wp-json\/wp\/v2\/pages\/4997"}],"wp:attachment":[{"href":"https:\/\/www.boztibbi.com\/es\/wp-json\/wp\/v2\/media?parent=7832"}],"curies":[{"name":"wp","href":"https:\/\/api.w.org\/{rel}","templated":true}]}}