{"id":7779,"date":"2019-05-08T13:31:23","date_gmt":"2019-05-08T10:31:23","guid":{"rendered":"https:\/\/www.boztibbi.com\/suturas-especiales-para-sectores-quirurgicos\/suturas-para-cirugia-oral-dental-y-maxilofacial\/polidioksanon-pdo-dental-sutur-polidiox\/"},"modified":"2024-08-21T11:57:37","modified_gmt":"2024-08-21T08:57:37","slug":"sutura-dental-de-polidioxanona-pdo-polidiox","status":"publish","type":"page","link":"https:\/\/www.boztibbi.com\/es\/suturas-especiales-para-sectores-quirurgicos\/suturas-para-cirugia-oral-dental-y-maxilofacial\/sutura-dental-de-polidioxanona-pdo-polidiox\/","title":{"rendered":"Sutura dental de polidioxanona PDO &#8211; Polidiox"},"content":{"rendered":"<div class=\"wpb-content-wrapper\"><p>[vc_row][vc_column width=&#8221;1\/2&#8243;][vc_custom_heading text=&#8221;POL\u0130D\u0130OX&#8221; font_container=&#8221;tag:h1|font_size:50px|text_align:left&#8221; use_theme_fonts=&#8221;yes&#8221;][vc_custom_heading text=&#8221;Polidioxanona (PDO)&#8221; font_container=&#8221;tag:h6|font_size:20px|text_align:left&#8221; use_theme_fonts=&#8221;yes&#8221;][vc_empty_space height=&#8221;20px&#8221;][vc_column_text]<a class=\"button no-bg\" href=\"https:\/\/www.boztibbi.com\/es\/productos\/suturas\/suturas-absorbibles\/polidiox\/\" target=\"_blank\" rel=\"noopener noreferrer\">SUTURA QUIR\u00daRGICA ABSORBIBLE <sup>SUTURA DENTAL<\/sup><\/a>[\/vc_column_text][vc_empty_space height=&#8221;20px&#8221;][vc_row_inner][vc_column_inner width=&#8221;1\/2&#8243;]<ul class=\"iconlist iconlist iconlist-icon-mini \"><li ><div class=\"iconlist-item-icon\"><i class=\"sl-arrow-right\"><\/i><span class=\"shapes\"><\/span><\/div><div class=\"iconlist-item-content\">Absorbible<\/div><\/li><li ><div class=\"iconlist-item-icon\"><i class=\"sl-arrow-right\"><\/i><span class=\"shapes\"><\/span><\/div><div class=\"iconlist-item-content\">100% Polidioxanona<\/div><\/li><li ><div class=\"iconlist-item-icon\"><i class=\"sl-arrow-right\"><\/i><span class=\"shapes\"><\/span><\/div><div class=\"iconlist-item-content\">Monofilamento<\/div><\/li><\/ul>[\/vc_column_inner][vc_column_inner width=&#8221;1\/2&#8243;]<ul class=\"iconlist iconlist iconlist-icon-mini \"><li ><div class=\"iconlist-item-icon\"><i class=\"sl-arrow-right\"><\/i><span class=\"shapes\"><\/span><\/div><div class=\"iconlist-item-content\">Sint\u00e9tica<\/div><\/li><li ><div class=\"iconlist-item-icon\"><i class=\"sl-arrow-right\"><\/i><span class=\"shapes\"><\/span><\/div><div class=\"iconlist-item-content\">Morado<\/div><\/li><\/ul>[\/vc_column_inner][\/vc_row_inner][\/vc_column][vc_column width=&#8221;1\/2&#8243;][vc_images_carousel images=&#8221;4851,4852,4853&#8243; img_size=&#8221;full&#8221; onclick=&#8221;link_no&#8221; speed=&#8221;3000&#8243; autoplay=&#8221;yes&#8221; hide_pagination_control=&#8221;yes&#8221; hide_prev_next_buttons=&#8221;yes&#8221; wrap=&#8221;yes&#8221; css_animation=&#8221;fadeInRight&#8221;][\/vc_column][\/vc_row][vc_row][vc_column][vc_empty_space height=&#8221;20px&#8221;][vc_column_text]La sutura dental de polidioxanona PDO Polidiox (polidioxanona) es una sutura monofilamento, sint\u00e9tica y absorbible constituida con poli\u00e9ster de poli (p-dioxanona). La f\u00f3rmula molecular emp\u00edrica del pol\u00edmero es (C<sub>4<\/sub>H<sub>6<\/sub>O<sub>3<\/sub>)x. Esta sutura est\u00e1 coloreada de color violeta (D&amp;C Violet No. 2 C.I. # 60725 \/ Solvent Violet 13) para lograr una f\u00e1cil visibilidad en el tejido. El pol\u00edmero de polidioxanona tiene una estructura no antig\u00e9nica ni pirog\u00e9nica y muestra una ligera reacci\u00f3n tisular durante la absorci\u00f3n.[\/vc_column_text][vc_empty_space height=&#8221;30px&#8221;][\/vc_column][\/vc_row][vc_row][vc_column][vc_column_text]\n<table id=\"tablepress-DPX-ES\" class=\"tablepress tablepress-id-DPX-ES\">\n<thead>\n<tr class=\"row-1 odd\">\n\t<th class=\"column-1\">Tama\u00f1o de la aguja<\/th><th colspan=\"2\" class=\"column-2\">Forma de la aguja<\/th><th class=\"column-4\">C\u00f3digo del producto<\/th><th class=\"column-5\">USP<\/th><th class=\"column-6\">EP<\/th><th class=\"column-7\">Longitud<\/th><th class=\"column-8\">Pieza<\/th><th class=\"column-9\">Color<\/th><th class=\"column-10\">Orden<\/th>\n<\/tr>\n<\/thead>\n<tbody class=\"row-hover\">\n<tr class=\"row-2 even\">\n\t<td class=\"column-1\">12 mm<br \/>\n<\/td><td class=\"column-2\">Triangular de corte inverso 3\/8<br \/>\n<sub>Micra 380<\/sub><\/td><td class=\"column-3\"><img loading=\"lazy\" decoding=\"async\" src=\"https:\/\/www.boztibbi.com\/wp-content\/uploads\/2019\/04\/suture-needle-icons-dental-s\u00fct\u00fcr-2.png\" alt=\"\" width=\"100\" height=\"14\" class=\"alignnone size-full wp-image-4751\" \/><\/td><td class=\"column-4\">PX1846<\/td><td class=\"column-5\">5\/0<\/td><td class=\"column-6\">1<\/td><td class=\"column-7\">45 cm<\/td><td class=\"column-8\">12<\/td><td class=\"column-9\">Violeta <sup>Morado<\/sup><\/td><td class=\"column-10\"><p style=\"text-align: center;\"><a class=\"link\" href=\"https:\/\/www.boztibbi.com\/es\/contacto\/\" target=\"_blank\" rel=\"noopener\"><i class=\"fa fa-shopping-cart size-41\"><\/i><\/a><\/p><\/td>\n<\/tr>\n<tr class=\"row-3 odd\">\n\t<td class=\"column-1\">12 mm<\/td><td class=\"column-2\">Triangular de corte inverso 3\/8<br \/>\n<sub>Micra 380<\/sub><\/td><td class=\"column-3\"><img loading=\"lazy\" decoding=\"async\" src=\"https:\/\/www.boztibbi.com\/wp-content\/uploads\/2019\/04\/suture-needle-icons-dental-s\u00fct\u00fcr-2.png\" alt=\"\" width=\"100\" height=\"14\" class=\"alignnone size-full wp-image-4751\" \/><\/td><td class=\"column-4\">PX5851<\/td><td class=\"column-5\">6\/0<\/td><td class=\"column-6\">0,7<\/td><td class=\"column-7\">45 cm<\/td><td class=\"column-8\">12<\/td><td class=\"column-9\">Violeta <sup>Morado<\/sup><\/td><td class=\"column-10\"><p style=\"text-align: center;\"><a class=\"link\" href=\"https:\/\/www.boztibbi.com\/es\/contacto\/\" target=\"_blank\" rel=\"noopener\"><i class=\"fa fa-shopping-cart size-41\"><\/i><\/a><\/p><\/td>\n<\/tr>\n<tr class=\"row-4 even\">\n\t<td rowspan=\"2\" class=\"column-1\">16 mm<\/td><td rowspan=\"2\" class=\"column-2\">Triangular de corte inverso 3\/8<\/td><td rowspan=\"2\" class=\"column-3\"><img loading=\"lazy\" decoding=\"async\" src=\"https:\/\/www.boztibbi.com\/wp-content\/uploads\/2019\/04\/suture-needle-icons-dental-s\u00fct\u00fcr-2.png\" alt=\"\" width=\"100\" height=\"14\" class=\"alignnone size-full wp-image-4751\" \/><\/td><td class=\"column-4\">PX2540<\/td><td class=\"column-5\">4\/0<\/td><td class=\"column-6\">1,5<\/td><td class=\"column-7\">75 cm<\/td><td class=\"column-8\">12<\/td><td class=\"column-9\">Violeta <sup>Morado<\/sup><\/td><td class=\"column-10\"><p style=\"text-align: center;\"><a class=\"link\" href=\"https:\/\/www.boztibbi.com\/es\/contacto\/\" target=\"_blank\" rel=\"noopener\"><i class=\"fa fa-shopping-cart size-41\"><\/i><\/a><\/p><\/td>\n<\/tr>\n<tr class=\"row-5 odd\">\n\t<td class=\"column-4\">PX2021<\/td><td class=\"column-5\">5\/0<\/td><td class=\"column-6\">1<\/td><td class=\"column-7\">75 cm<\/td><td class=\"column-8\">12<\/td><td class=\"column-9\">Violeta <sup>Morado<\/sup><\/td><td class=\"column-10\"><p style=\"text-align: center;\"><a class=\"link\" href=\"https:\/\/www.boztibbi.com\/es\/contacto\/\" target=\"_blank\" rel=\"noopener\"><i class=\"fa fa-shopping-cart size-41\"><\/i><\/a><\/p><\/td>\n<\/tr>\n<tr class=\"row-6 even\">\n\t<td rowspan=\"2\" class=\"column-1\">19 mm<\/td><td rowspan=\"2\" class=\"column-2\">Triangular de corte inverso 3\/8<\/td><td rowspan=\"2\" class=\"column-3\"><img loading=\"lazy\" decoding=\"async\" src=\"https:\/\/www.boztibbi.com\/wp-content\/uploads\/2019\/04\/suture-needle-icons-dental-s\u00fct\u00fcr-2.png\" alt=\"\" width=\"100\" height=\"14\" class=\"alignnone size-full wp-image-4751\" \/><\/td><td class=\"column-4\">PX5466<\/td><td class=\"column-5\">3\/0<\/td><td class=\"column-6\">2<\/td><td class=\"column-7\">70 cm<\/td><td class=\"column-8\">12<\/td><td class=\"column-9\">Violeta <sup>Morado<\/sup><\/td><td class=\"column-10\"><p style=\"text-align: center;\"><a class=\"link\" href=\"https:\/\/www.boztibbi.com\/es\/contacto\/\" target=\"_blank\" rel=\"noopener\"><i class=\"fa fa-shopping-cart size-41\"><\/i><\/a><\/p><\/td>\n<\/tr>\n<tr class=\"row-7 odd\">\n\t<td class=\"column-4\">PX2635<\/td><td class=\"column-5\">4\/0<\/td><td class=\"column-6\">1,5<\/td><td class=\"column-7\">45 cm<\/td><td class=\"column-8\">12<\/td><td class=\"column-9\">Violeta <sup>Morado<\/sup><\/td><td class=\"column-10\"><p style=\"text-align: center;\"><a class=\"link\" href=\"https:\/\/www.boztibbi.com\/es\/contacto\/\" target=\"_blank\" rel=\"noopener\"><i class=\"fa fa-shopping-cart size-41\"><\/i><\/a><\/p><\/td>\n<\/tr>\n<tr class=\"row-8 even\">\n\t<td class=\"column-1\">20 mm<\/td><td class=\"column-2\">Triangular de corte inverso 3\/8<\/td><td class=\"column-3\"><img loading=\"lazy\" decoding=\"async\" src=\"https:\/\/www.boztibbi.com\/wp-content\/uploads\/2019\/04\/suture-needle-icons-dental-s\u00fct\u00fcr-2.png\" alt=\"\" width=\"100\" height=\"14\" class=\"alignnone size-full wp-image-4751\" \/><\/td><td class=\"column-4\">PX2719<\/td><td class=\"column-5\">4\/0<\/td><td class=\"column-6\">1,5<\/td><td class=\"column-7\">75 cm<\/td><td class=\"column-8\">12<\/td><td class=\"column-9\">Violeta <sup>Morado<\/sup><\/td><td class=\"column-10\"><p style=\"text-align: center;\"><a class=\"link\" href=\"https:\/\/www.boztibbi.com\/es\/contacto\/\" target=\"_blank\" rel=\"noopener\"><i class=\"fa fa-shopping-cart size-41\"><\/i><\/a><\/p><\/td>\n<\/tr>\n<\/tbody>\n<\/table>\n<!-- #tablepress-DPX-ES from cache -->[\/vc_column_text][vc_empty_space height=&#8221;30px&#8221;][vc_column_text]Nuestra gama de productos no se limitan a la lista que tiene a continuaci\u00f3n. Esta solo incluye los productos m\u00e1s populares. Si necesita diferentes tipos de suturas para cirug\u00edas orales y de la mand\u00edbula, por favor haga clic en el bot\u00f3n debajo para contactarnos y ordenar los productos que necesite.<\/p>\n<p><a class=\"button download square white\" href=\"https:\/\/www.boztibbi.com\/es\/contacto\/\" target=\"_blank\" rel=\"noopener noreferrer\"><i class=\"fa fa-file-text-o\"><\/i>FORMULARIO DE PEDIDO DEL PRODUCTO<\/a>[\/vc_column_text][\/vc_column][\/vc_row]<\/p>\n<\/div>","protected":false},"excerpt":{"rendered":"<p>[vc_row][vc_column width=&#8221;1\/2&#8243;][vc_custom_heading text=&#8221;POL\u0130D\u0130OX&#8221; font_container=&#8221;tag:h1|font_size:50px|text_align:left&#8221; use_theme_fonts=&#8221;yes&#8221;][vc_custom_heading text=&#8221;Polidioxanona (PDO)&#8221; font_container=&#8221;tag:h6|font_size:20px|text_align:left&#8221; use_theme_fonts=&#8221;yes&#8221;][vc_empty_space height=&#8221;20px&#8221;][vc_column_text]SUTURA QUIR\u00daRGICA ABSORBIBLE SUTURA DENTAL[\/vc_column_text][vc_empty_space height=&#8221;20px&#8221;][vc_row_inner][vc_column_inner width=&#8221;1\/2&#8243;][\/vc_column_inner][vc_column_inner width=&#8221;1\/2&#8243;][\/vc_column_inner][\/vc_row_inner][\/vc_column][vc_column width=&#8221;1\/2&#8243;][vc_images_carousel images=&#8221;4851,4852,4853&#8243; img_size=&#8221;full&#8221; onclick=&#8221;link_no&#8221; speed=&#8221;3000&#8243; autoplay=&#8221;yes&#8221; hide_pagination_control=&#8221;yes&#8221; hide_prev_next_buttons=&#8221;yes&#8221; wrap=&#8221;yes&#8221; css_animation=&#8221;fadeInRight&#8221;][\/vc_column][\/vc_row][vc_row][vc_column][vc_empty_space height=&#8221;20px&#8221;][vc_column_text]La sutura dental de polidioxanona PDO Polidiox (polidioxanona) es una sutura monofilamento, sint\u00e9tica y absorbible constituida con poli\u00e9ster de poli (p-dioxanona). La f\u00f3rmula molecular emp\u00edrica del pol\u00edmero es [&hellip;]<\/p>\n","protected":false},"author":1,"featured_media":0,"parent":7725,"menu_order":0,"comment_status":"closed","ping_status":"closed","template":"","meta":{"_acf_changed":false,"footnotes":""},"class_list":["post-7779","page","type-page","status-publish","hentry"],"acf":[],"yoast_head":"<!-- This site is optimized with the Yoast SEO plugin v21.6 - https:\/\/yoast.com\/wordpress\/plugins\/seo\/ -->\n<title>Sutura dental de polidioxanona PDO - Polidiox | Boz Medical<\/title>\n<meta name=\"description\" content=\"La sutura dental de polidioxanona PDO Polidiox (polidioxanona) es una sutura quir\u00fargica absorbible, sint\u00e9tica y monofilamento que consiste en poli\u00e9ster...\" \/>\n<meta name=\"robots\" content=\"index, follow, max-snippet:-1, max-image-preview:large, max-video-preview:-1\" \/>\n<link rel=\"canonical\" href=\"https:\/\/www.boztibbi.com\/es\/suturas-especiales-para-sectores-quirurgicos\/suturas-para-cirugia-oral-dental-y-maxilofacial\/sutura-dental-de-polidioxanona-pdo-polidiox\/\" \/>\n<meta property=\"og:locale\" content=\"es_ES\" \/>\n<meta property=\"og:type\" content=\"article\" \/>\n<meta property=\"og:title\" content=\"Polidioksanon PDO Dental S\u00fct\u00fcr - Polidiox\" \/>\n<meta property=\"og:description\" content=\"Monofilaman, sentetik, emilebilir cerrahi diki\u015f ipli\u011fi\" \/>\n<meta property=\"og:url\" content=\"https:\/\/www.boztibbi.com\/es\/suturas-especiales-para-sectores-quirurgicos\/suturas-para-cirugia-oral-dental-y-maxilofacial\/sutura-dental-de-polidioxanona-pdo-polidiox\/\" \/>\n<meta property=\"og:site_name\" content=\"Boz Medical\" \/>\n<meta property=\"article:publisher\" content=\"https:\/\/www.facebook.com\/bozmedical\/\" \/>\n<meta property=\"article:modified_time\" content=\"2024-08-21T08:57:37+00:00\" \/>\n<meta property=\"og:image\" content=\"https:\/\/www.boztibbi.com\/wp-content\/uploads\/2019\/05\/polidiox-PDO-polidioksanon-emilebilir-dental-suture-s\u00fct\u00fcr-ameliyat-ipli\u011fi-cerrahi-diki\u015f.jpg\" \/>\n\t<meta property=\"og:image:width\" content=\"1000\" \/>\n\t<meta property=\"og:image:height\" content=\"667\" \/>\n\t<meta property=\"og:image:type\" content=\"image\/jpeg\" \/>\n<meta name=\"twitter:card\" content=\"summary_large_image\" \/>\n<meta name=\"twitter:title\" content=\"Polidioksanon PDO Dental S\u00fct\u00fcr - Polidiox\" \/>\n<meta name=\"twitter:description\" content=\"Monofilaman, sentetik, emilebilir cerrahi diki\u015f ipli\u011fi\" \/>\n<meta name=\"twitter:site\" content=\"@bozmedical\" \/>\n<script type=\"application\/ld+json\" class=\"yoast-schema-graph\">{\"@context\":\"https:\/\/schema.org\",\"@graph\":[{\"@type\":\"WebPage\",\"@id\":\"https:\/\/www.boztibbi.com\/es\/suturas-especiales-para-sectores-quirurgicos\/suturas-para-cirugia-oral-dental-y-maxilofacial\/sutura-dental-de-polidioxanona-pdo-polidiox\/\",\"url\":\"https:\/\/www.boztibbi.com\/es\/suturas-especiales-para-sectores-quirurgicos\/suturas-para-cirugia-oral-dental-y-maxilofacial\/sutura-dental-de-polidioxanona-pdo-polidiox\/\",\"name\":\"Sutura dental de polidioxanona PDO - Polidiox | Boz Medical\",\"isPartOf\":{\"@id\":\"https:\/\/www.boztibbi.com\/#website\"},\"datePublished\":\"2019-05-08T10:31:23+00:00\",\"dateModified\":\"2024-08-21T08:57:37+00:00\",\"description\":\"La sutura dental de polidioxanona PDO Polidiox (polidioxanona) es una sutura quir\u00fargica absorbible, sint\u00e9tica y monofilamento que consiste en poli\u00e9ster...\",\"breadcrumb\":{\"@id\":\"https:\/\/www.boztibbi.com\/es\/suturas-especiales-para-sectores-quirurgicos\/suturas-para-cirugia-oral-dental-y-maxilofacial\/sutura-dental-de-polidioxanona-pdo-polidiox\/#breadcrumb\"},\"inLanguage\":\"es\",\"potentialAction\":[{\"@type\":\"ReadAction\",\"target\":[\"https:\/\/www.boztibbi.com\/es\/suturas-especiales-para-sectores-quirurgicos\/suturas-para-cirugia-oral-dental-y-maxilofacial\/sutura-dental-de-polidioxanona-pdo-polidiox\/\"]}]},{\"@type\":\"BreadcrumbList\",\"@id\":\"https:\/\/www.boztibbi.com\/es\/suturas-especiales-para-sectores-quirurgicos\/suturas-para-cirugia-oral-dental-y-maxilofacial\/sutura-dental-de-polidioxanona-pdo-polidiox\/#breadcrumb\",\"itemListElement\":[{\"@type\":\"ListItem\",\"position\":1,\"name\":\"P\u00e1gina de inicio\",\"item\":\"https:\/\/www.boztibbi.com\/es\/\"},{\"@type\":\"ListItem\",\"position\":2,\"name\":\"Suturas Especiales Para Sectores Quir\u00fargicos\",\"item\":\"https:\/\/www.boztibbi.com\/es\/suturas-especiales-para-sectores-quirurgicos\/\"},{\"@type\":\"ListItem\",\"position\":3,\"name\":\"Suturas para cirug\u00eda oral, dental y maxilofacial\",\"item\":\"https:\/\/www.boztibbi.com\/es\/suturas-especiales-para-sectores-quirurgicos\/suturas-para-cirugia-oral-dental-y-maxilofacial\/\"},{\"@type\":\"ListItem\",\"position\":4,\"name\":\"Sutura dental de polidioxanona PDO &#8211; Polidiox\"}]},{\"@type\":\"WebSite\",\"@id\":\"https:\/\/www.boztibbi.com\/#website\",\"url\":\"https:\/\/www.boztibbi.com\/\",\"name\":\"Boz Medical\",\"description\":\"Suturas quir\u00fargicas, hemost\u00e1ticos absorbibles y mallas quir\u00fargicas\",\"publisher\":{\"@id\":\"https:\/\/www.boztibbi.com\/#organization\"},\"potentialAction\":[{\"@type\":\"SearchAction\",\"target\":{\"@type\":\"EntryPoint\",\"urlTemplate\":\"https:\/\/www.boztibbi.com\/?s={search_term_string}\"},\"query-input\":\"required name=search_term_string\"}],\"inLanguage\":\"es\"},{\"@type\":\"Organization\",\"@id\":\"https:\/\/www.boztibbi.com\/#organization\",\"name\":\"Boz T\u0131bbi Malzeme Sanayi ve Ticaret A.\u015e.\",\"url\":\"https:\/\/www.boztibbi.com\/\",\"logo\":{\"@type\":\"ImageObject\",\"inLanguage\":\"es\",\"@id\":\"https:\/\/www.boztibbi.com\/#\/schema\/logo\/image\/\",\"url\":\"https:\/\/www.boztibbi.com\/wp-content\/uploads\/2018\/08\/boz-t\u0131bbi-malzemeler-medikal-tekstil-t\u00fcrkiye-istanbul-ankara-u\u015fak.png\",\"contentUrl\":\"https:\/\/www.boztibbi.com\/wp-content\/uploads\/2018\/08\/boz-t\u0131bbi-malzemeler-medikal-tekstil-t\u00fcrkiye-istanbul-ankara-u\u015fak.png\",\"width\":1024,\"height\":683,\"caption\":\"Boz T\u0131bbi Malzeme Sanayi ve Ticaret A.\u015e.\"},\"image\":{\"@id\":\"https:\/\/www.boztibbi.com\/#\/schema\/logo\/image\/\"},\"sameAs\":[\"https:\/\/www.facebook.com\/bozmedical\/\",\"https:\/\/twitter.com\/bozmedical\"]}]}<\/script>\n<!-- \/ Yoast SEO plugin. -->","yoast_head_json":{"title":"Sutura dental de polidioxanona PDO - Polidiox | Boz Medical","description":"La sutura dental de polidioxanona PDO Polidiox (polidioxanona) es una sutura quir\u00fargica absorbible, sint\u00e9tica y monofilamento que consiste en poli\u00e9ster...","robots":{"index":"index","follow":"follow","max-snippet":"max-snippet:-1","max-image-preview":"max-image-preview:large","max-video-preview":"max-video-preview:-1"},"canonical":"https:\/\/www.boztibbi.com\/es\/suturas-especiales-para-sectores-quirurgicos\/suturas-para-cirugia-oral-dental-y-maxilofacial\/sutura-dental-de-polidioxanona-pdo-polidiox\/","og_locale":"es_ES","og_type":"article","og_title":"Polidioksanon PDO Dental S\u00fct\u00fcr - Polidiox","og_description":"Monofilaman, sentetik, emilebilir cerrahi diki\u015f ipli\u011fi","og_url":"https:\/\/www.boztibbi.com\/es\/suturas-especiales-para-sectores-quirurgicos\/suturas-para-cirugia-oral-dental-y-maxilofacial\/sutura-dental-de-polidioxanona-pdo-polidiox\/","og_site_name":"Boz Medical","article_publisher":"https:\/\/www.facebook.com\/bozmedical\/","article_modified_time":"2024-08-21T08:57:37+00:00","og_image":[{"width":1000,"height":667,"url":"https:\/\/www.boztibbi.com\/wp-content\/uploads\/2019\/05\/polidiox-PDO-polidioksanon-emilebilir-dental-suture-s\u00fct\u00fcr-ameliyat-ipli\u011fi-cerrahi-diki\u015f.jpg","type":"image\/jpeg"}],"twitter_card":"summary_large_image","twitter_title":"Polidioksanon PDO Dental S\u00fct\u00fcr - Polidiox","twitter_description":"Monofilaman, sentetik, emilebilir cerrahi diki\u015f ipli\u011fi","twitter_site":"@bozmedical","schema":{"@context":"https:\/\/schema.org","@graph":[{"@type":"WebPage","@id":"https:\/\/www.boztibbi.com\/es\/suturas-especiales-para-sectores-quirurgicos\/suturas-para-cirugia-oral-dental-y-maxilofacial\/sutura-dental-de-polidioxanona-pdo-polidiox\/","url":"https:\/\/www.boztibbi.com\/es\/suturas-especiales-para-sectores-quirurgicos\/suturas-para-cirugia-oral-dental-y-maxilofacial\/sutura-dental-de-polidioxanona-pdo-polidiox\/","name":"Sutura dental de polidioxanona PDO - Polidiox | Boz Medical","isPartOf":{"@id":"https:\/\/www.boztibbi.com\/#website"},"datePublished":"2019-05-08T10:31:23+00:00","dateModified":"2024-08-21T08:57:37+00:00","description":"La sutura dental de polidioxanona PDO Polidiox (polidioxanona) es una sutura quir\u00fargica absorbible, sint\u00e9tica y monofilamento que consiste en poli\u00e9ster...","breadcrumb":{"@id":"https:\/\/www.boztibbi.com\/es\/suturas-especiales-para-sectores-quirurgicos\/suturas-para-cirugia-oral-dental-y-maxilofacial\/sutura-dental-de-polidioxanona-pdo-polidiox\/#breadcrumb"},"inLanguage":"es","potentialAction":[{"@type":"ReadAction","target":["https:\/\/www.boztibbi.com\/es\/suturas-especiales-para-sectores-quirurgicos\/suturas-para-cirugia-oral-dental-y-maxilofacial\/sutura-dental-de-polidioxanona-pdo-polidiox\/"]}]},{"@type":"BreadcrumbList","@id":"https:\/\/www.boztibbi.com\/es\/suturas-especiales-para-sectores-quirurgicos\/suturas-para-cirugia-oral-dental-y-maxilofacial\/sutura-dental-de-polidioxanona-pdo-polidiox\/#breadcrumb","itemListElement":[{"@type":"ListItem","position":1,"name":"P\u00e1gina de inicio","item":"https:\/\/www.boztibbi.com\/es\/"},{"@type":"ListItem","position":2,"name":"Suturas Especiales Para Sectores Quir\u00fargicos","item":"https:\/\/www.boztibbi.com\/es\/suturas-especiales-para-sectores-quirurgicos\/"},{"@type":"ListItem","position":3,"name":"Suturas para cirug\u00eda oral, dental y maxilofacial","item":"https:\/\/www.boztibbi.com\/es\/suturas-especiales-para-sectores-quirurgicos\/suturas-para-cirugia-oral-dental-y-maxilofacial\/"},{"@type":"ListItem","position":4,"name":"Sutura dental de polidioxanona PDO &#8211; Polidiox"}]},{"@type":"WebSite","@id":"https:\/\/www.boztibbi.com\/#website","url":"https:\/\/www.boztibbi.com\/","name":"Boz Medical","description":"Suturas quir\u00fargicas, hemost\u00e1ticos absorbibles y mallas quir\u00fargicas","publisher":{"@id":"https:\/\/www.boztibbi.com\/#organization"},"potentialAction":[{"@type":"SearchAction","target":{"@type":"EntryPoint","urlTemplate":"https:\/\/www.boztibbi.com\/?s={search_term_string}"},"query-input":"required name=search_term_string"}],"inLanguage":"es"},{"@type":"Organization","@id":"https:\/\/www.boztibbi.com\/#organization","name":"Boz T\u0131bbi Malzeme Sanayi ve Ticaret A.\u015e.","url":"https:\/\/www.boztibbi.com\/","logo":{"@type":"ImageObject","inLanguage":"es","@id":"https:\/\/www.boztibbi.com\/#\/schema\/logo\/image\/","url":"https:\/\/www.boztibbi.com\/wp-content\/uploads\/2018\/08\/boz-t\u0131bbi-malzemeler-medikal-tekstil-t\u00fcrkiye-istanbul-ankara-u\u015fak.png","contentUrl":"https:\/\/www.boztibbi.com\/wp-content\/uploads\/2018\/08\/boz-t\u0131bbi-malzemeler-medikal-tekstil-t\u00fcrkiye-istanbul-ankara-u\u015fak.png","width":1024,"height":683,"caption":"Boz T\u0131bbi Malzeme Sanayi ve Ticaret A.\u015e."},"image":{"@id":"https:\/\/www.boztibbi.com\/#\/schema\/logo\/image\/"},"sameAs":["https:\/\/www.facebook.com\/bozmedical\/","https:\/\/twitter.com\/bozmedical"]}]}},"_links":{"self":[{"href":"https:\/\/www.boztibbi.com\/es\/wp-json\/wp\/v2\/pages\/7779","targetHints":{"allow":["GET"]}}],"collection":[{"href":"https:\/\/www.boztibbi.com\/es\/wp-json\/wp\/v2\/pages"}],"about":[{"href":"https:\/\/www.boztibbi.com\/es\/wp-json\/wp\/v2\/types\/page"}],"author":[{"embeddable":true,"href":"https:\/\/www.boztibbi.com\/es\/wp-json\/wp\/v2\/users\/1"}],"replies":[{"embeddable":true,"href":"https:\/\/www.boztibbi.com\/es\/wp-json\/wp\/v2\/comments?post=7779"}],"version-history":[{"count":3,"href":"https:\/\/www.boztibbi.com\/es\/wp-json\/wp\/v2\/pages\/7779\/revisions"}],"predecessor-version":[{"id":13484,"href":"https:\/\/www.boztibbi.com\/es\/wp-json\/wp\/v2\/pages\/7779\/revisions\/13484"}],"up":[{"embeddable":true,"href":"https:\/\/www.boztibbi.com\/es\/wp-json\/wp\/v2\/pages\/7725"}],"wp:attachment":[{"href":"https:\/\/www.boztibbi.com\/es\/wp-json\/wp\/v2\/media?parent=7779"}],"curies":[{"name":"wp","href":"https:\/\/api.w.org\/{rel}","templated":true}]}}