{"id":7760,"date":"2019-05-07T16:19:38","date_gmt":"2019-05-07T13:19:38","guid":{"rendered":"https:\/\/www.boztibbi.com\/suturas-especiales-para-sectores-quirurgicos\/suturas-para-cirugia-oral-dental-y-maxilofacial\/politetrafloroetilen-ptfe-dental-dikis-ipligi-monotef\/"},"modified":"2024-08-21T11:54:35","modified_gmt":"2024-08-21T08:54:35","slug":"politetrafloroetilen-ptfe-hilo-de-coser-dental-monotef","status":"publish","type":"page","link":"https:\/\/www.boztibbi.com\/es\/suturas-especiales-para-sectores-quirurgicos\/suturas-para-cirugia-oral-dental-y-maxilofacial\/politetrafloroetilen-ptfe-hilo-de-coser-dental-monotef\/","title":{"rendered":"Politetrafloroetilen PTFE Hilo de coser dental &#8211; Monotef"},"content":{"rendered":"<div class=\"wpb-content-wrapper\"><p>[vc_row][vc_column width=&#8221;1\/2&#8243;][vc_custom_heading text=&#8221;MONOTEF&#8221; font_container=&#8221;tag:h1|font_size:50px|text_align:left&#8221; use_theme_fonts=&#8221;yes&#8221;][vc_custom_heading text=&#8221;Politetrafluoroetileno (PTFE)&#8221; font_container=&#8221;tag:h6|font_size:20px|text_align:left&#8221; use_theme_fonts=&#8221;yes&#8221;][vc_empty_space height=&#8221;20px&#8221;][vc_column_text]<a class=\"button no-bg\" href=\"https:\/\/www.boztibbi.com\/es\/productos\/suturas\/suturas-no-absorbibles\/monotef\/\" target=\"_blank\" rel=\"noopener noreferrer\">SUTURA QUIR\u00daRGICA NO ABSORBIBLE <sup>SUTURA DENTAL<\/sup><\/a>[\/vc_column_text][vc_empty_space height=&#8221;20px&#8221;][vc_row_inner][vc_column_inner width=&#8221;1\/2&#8243;]<ul class=\"iconlist iconlist iconlist-icon-mini \"><li ><div class=\"iconlist-item-icon\"><i class=\"sl-arrow-right\"><\/i><span class=\"shapes\"><\/span><\/div><div class=\"iconlist-item-content\">No absorbible<\/div><\/li><li ><div class=\"iconlist-item-icon\"><i class=\"sl-arrow-right\"><\/i><span class=\"shapes\"><\/span><\/div><div class=\"iconlist-item-content\">Sin recubrimiento<\/div><\/li><li ><div class=\"iconlist-item-icon\"><i class=\"sl-arrow-right\"><\/i><span class=\"shapes\"><\/span><\/div><div class=\"iconlist-item-content\">Monofilamento<\/div><\/li><\/ul>[\/vc_column_inner][vc_column_inner width=&#8221;1\/2&#8243;]<ul class=\"iconlist iconlist iconlist-icon-mini \"><li ><div class=\"iconlist-item-icon\"><i class=\"sl-arrow-right\"><\/i><span class=\"shapes\"><\/span><\/div><div class=\"iconlist-item-content\">Sint\u00e9tica<\/div><\/li><li ><div class=\"iconlist-item-icon\"><i class=\"sl-arrow-right\"><\/i><span class=\"shapes\"><\/span><\/div><div class=\"iconlist-item-content\">Blanco<\/div><\/li><\/ul>[\/vc_column_inner][\/vc_row_inner][\/vc_column][vc_column width=&#8221;1\/2&#8243;][vc_images_carousel images=&#8221;4718,4719,4720&#8243; img_size=&#8221;full&#8221; onclick=&#8221;link_no&#8221; speed=&#8221;3000&#8243; autoplay=&#8221;yes&#8221; hide_pagination_control=&#8221;yes&#8221; hide_prev_next_buttons=&#8221;yes&#8221; wrap=&#8221;yes&#8221; css_animation=&#8221;fadeInRight&#8221;][\/vc_column][\/vc_row][vc_row][vc_column][vc_empty_space height=&#8221;20px&#8221;][vc_column_text]Monotef es una sutura quir\u00fargica est\u00e9ril monofilamento de politetrafloroetileno (PTFE) no absorbible. Esta sutura est+a fabricada de 100% politetrafloroetileno de alta densidad que permite un tama\u00f1o de poro y una estructura de volumen m\u00ednima, a la vez que mantiene la integridad y la resistencia a la tracci\u00f3n. Esta sutura es incolora y no contiene material blanco, aditivo o PFOA.[\/vc_column_text][vc_empty_space height=&#8221;30px&#8221;][\/vc_column][\/vc_row][vc_row][vc_column][vc_column_text]\n<table id=\"tablepress-DMT-ES\" class=\"tablepress tablepress-id-DMT-ES\">\n<thead>\n<tr class=\"row-1 odd\">\n\t<th class=\"column-1\">Tama\u00f1o de la aguja<\/th><th colspan=\"2\" class=\"column-2\">Forma de la aguja<\/th><th class=\"column-4\">C\u00f3digo del producto<\/th><th class=\"column-5\">USP<\/th><th class=\"column-6\">EP<\/th><th class=\"column-7\">Longitud<\/th><th class=\"column-8\">Pieza<\/th><th class=\"column-9\">Color<\/th><th class=\"column-10\">Orden<\/th>\n<\/tr>\n<\/thead>\n<tbody class=\"row-hover\">\n<tr class=\"row-2 even\">\n\t<td class=\"column-1\">8 mm<\/td><td class=\"column-2\">Cuerpo redondo 1\/2<br \/>\n<sub>Micra 280<\/sub><\/td><td class=\"column-3\"><img loading=\"lazy\" decoding=\"async\" src=\"https:\/\/www.boztibbi.com\/wp-content\/uploads\/2019\/04\/suture-needle-icons-dental-s\u00fct\u00fcr-1.png\" alt=\"\" width=\"100\" height=\"14\" class=\"alignnone size-full wp-image-4721\" \/><\/td><td class=\"column-4\">MT5770<\/td><td class=\"column-5\">6\/0<\/td><td class=\"column-6\">0,7<\/td><td class=\"column-7\">45 cm<\/td><td class=\"column-8\">12<\/td><td class=\"column-9\">Blanco<\/td><td class=\"column-10\"><p style=\"text-align: center;\"><a class=\"link\" href=\"https:\/\/www.boztibbi.com\/es\/contacto\/\" target=\"_blank\" rel=\"noopener\"><i class=\"fa fa-shopping-cart size-41\"><\/i><\/a><\/p><\/td>\n<\/tr>\n<tr class=\"row-3 odd\">\n\t<td rowspan=\"2\" class=\"column-1\">12 mm<\/td><td rowspan=\"2\" class=\"column-2\">Triangular de corte inverso 3\/8<br \/>\n<sub>Micra 330<\/sub><\/td><td rowspan=\"2\" class=\"column-3\"><img loading=\"lazy\" decoding=\"async\" src=\"https:\/\/www.boztibbi.com\/wp-content\/uploads\/2019\/04\/suture-needle-icons-dental-s\u00fct\u00fcr-2.png\" alt=\"\" width=\"100\" height=\"14\" class=\"alignnone size-full wp-image-4751\" \/><\/td><td class=\"column-4\">MT1540<\/td><td class=\"column-5\">6\/0<\/td><td class=\"column-6\">0,7<\/td><td class=\"column-7\">45 cm<\/td><td class=\"column-8\">12<\/td><td class=\"column-9\">Blanco<\/td><td class=\"column-10\"><p style=\"text-align: center;\"><a class=\"link\" href=\"https:\/\/www.boztibbi.com\/es\/contacto\/\" target=\"_blank\" rel=\"noopener\"><i class=\"fa fa-shopping-cart size-41\"><\/i><\/a><\/p><\/td>\n<\/tr>\n<tr class=\"row-4 even\">\n\t<td class=\"column-4\">MT6019<\/td><td class=\"column-5\">6\/0<\/td><td class=\"column-6\">0,7<\/td><td class=\"column-7\">60 cm<\/td><td class=\"column-8\">12<\/td><td class=\"column-9\">Blanco<\/td><td class=\"column-10\"><p style=\"text-align: center;\"><a class=\"link\" href=\"https:\/\/www.boztibbi.com\/es\/contacto\/\" target=\"_blank\" rel=\"noopener\"><i class=\"fa fa-shopping-cart size-41\"><\/i><\/a><\/p><\/td>\n<\/tr>\n<tr class=\"row-5 odd\">\n\t<td class=\"column-1\">12,3 mm<\/td><td class=\"column-2\">Triangular de corte inverso 3\/8<\/td><td class=\"column-3\"><img loading=\"lazy\" decoding=\"async\" src=\"https:\/\/www.boztibbi.com\/wp-content\/uploads\/2019\/04\/suture-needle-icons-dental-s\u00fct\u00fcr-2.png\" alt=\"\" width=\"100\" height=\"14\" class=\"alignnone size-full wp-image-4751\" \/><\/td><td class=\"column-4\">MT5763<\/td><td class=\"column-5\">5\/0<\/td><td class=\"column-6\">1<\/td><td class=\"column-7\">55 cm<\/td><td class=\"column-8\">12<\/td><td class=\"column-9\">Blanco<\/td><td class=\"column-10\"><p style=\"text-align: center;\"><a class=\"link\" href=\"https:\/\/www.boztibbi.com\/es\/contacto\/\" target=\"_blank\" rel=\"noopener\"><i class=\"fa fa-shopping-cart size-41\"><\/i><\/a><\/p><\/td>\n<\/tr>\n<tr class=\"row-6 even\">\n\t<td class=\"column-1\">15 mm<\/td><td class=\"column-2\">Triangular de corte inverso 3\/8<\/td><td class=\"column-3\"><img loading=\"lazy\" decoding=\"async\" src=\"https:\/\/www.boztibbi.com\/wp-content\/uploads\/2019\/04\/suture-needle-icons-dental-s\u00fct\u00fcr-2.png\" alt=\"\" width=\"100\" height=\"14\" class=\"alignnone size-full wp-image-4751\" \/><\/td><td class=\"column-4\">MT5769<\/td><td class=\"column-5\">6\/0<\/td><td class=\"column-6\">0,7<\/td><td class=\"column-7\">45 cm<\/td><td class=\"column-8\">12<\/td><td class=\"column-9\">Blanco<\/td><td class=\"column-10\"><p style=\"text-align: center;\"><a class=\"link\" href=\"https:\/\/www.boztibbi.com\/es\/contacto\/\" target=\"_blank\" rel=\"noopener\"><i class=\"fa fa-shopping-cart size-41\"><\/i><\/a><\/p><\/td>\n<\/tr>\n<tr class=\"row-7 odd\">\n\t<td rowspan=\"3\" class=\"column-1\">16 mm<\/td><td rowspan=\"3\" class=\"column-2\">Triangular de corte inverso 3\/8<\/td><td rowspan=\"3\" class=\"column-3\"><img loading=\"lazy\" decoding=\"async\" src=\"https:\/\/www.boztibbi.com\/wp-content\/uploads\/2019\/04\/suture-needle-icons-dental-s\u00fct\u00fcr-2.png\" alt=\"\" width=\"100\" height=\"14\" class=\"alignnone size-full wp-image-4751\" \/><\/td><td class=\"column-4\">MT5771<\/td><td class=\"column-5\">5\/0<\/td><td class=\"column-6\">1<\/td><td class=\"column-7\">45 cm<\/td><td class=\"column-8\">12<\/td><td class=\"column-9\">Blanco<\/td><td class=\"column-10\"><p style=\"text-align: center;\"><a class=\"link\" href=\"https:\/\/www.boztibbi.com\/es\/contacto\/\" target=\"_blank\" rel=\"noopener\"><i class=\"fa fa-shopping-cart size-41\"><\/i><\/a><\/p><\/td>\n<\/tr>\n<tr class=\"row-8 even\">\n\t<td class=\"column-4\">MT5969<\/td><td class=\"column-5\">5\/0<\/td><td class=\"column-6\">1<\/td><td class=\"column-7\">60 cm<\/td><td class=\"column-8\">12<\/td><td class=\"column-9\">Blanco<\/td><td class=\"column-10\"><p style=\"text-align: center;\"><a class=\"link\" href=\"https:\/\/www.boztibbi.com\/es\/contacto\/\" target=\"_blank\" rel=\"noopener\"><i class=\"fa fa-shopping-cart size-41\"><\/i><\/a><\/p><\/td>\n<\/tr>\n<tr class=\"row-9 odd\">\n\t<td class=\"column-4\">MT5772<\/td><td class=\"column-5\">4\/0<\/td><td class=\"column-6\">1,5<\/td><td class=\"column-7\">45 cm<\/td><td class=\"column-8\">12<\/td><td class=\"column-9\">Blanco<\/td><td class=\"column-10\"><p style=\"text-align: center;\"><a class=\"link\" href=\"https:\/\/www.boztibbi.com\/es\/contacto\/\" target=\"_blank\" rel=\"noopener\"><i class=\"fa fa-shopping-cart size-41\"><\/i><\/a><\/p><\/td>\n<\/tr>\n<tr class=\"row-10 even\">\n\t<td class=\"column-1\">16,2 mm<\/td><td class=\"column-2\">Triangular de corte inverso 3\/8<\/td><td class=\"column-3\"><img loading=\"lazy\" decoding=\"async\" src=\"https:\/\/www.boztibbi.com\/wp-content\/uploads\/2019\/04\/suture-needle-icons-dental-s\u00fct\u00fcr-2.png\" alt=\"\" width=\"100\" height=\"14\" class=\"alignnone size-full wp-image-4751\" \/><\/td><td class=\"column-4\">MT5766<\/td><td class=\"column-5\">4\/0<\/td><td class=\"column-6\">1,5<\/td><td class=\"column-7\">75 cm<\/td><td class=\"column-8\">12<\/td><td class=\"column-9\">Blanco<\/td><td class=\"column-10\"><p style=\"text-align: center;\"><a class=\"link\" href=\"https:\/\/www.boztibbi.com\/es\/contacto\/\" target=\"_blank\" rel=\"noopener\"><i class=\"fa fa-shopping-cart size-41\"><\/i><\/a><\/p><\/td>\n<\/tr>\n<tr class=\"row-11 odd\">\n\t<td class=\"column-1\">18 mm<\/td><td class=\"column-2\">Triangular de corte inverso 3\/8<\/td><td class=\"column-3\"><img loading=\"lazy\" decoding=\"async\" src=\"https:\/\/www.boztibbi.com\/wp-content\/uploads\/2019\/04\/suture-needle-icons-dental-s\u00fct\u00fcr-2.png\" alt=\"\" width=\"100\" height=\"14\" class=\"alignnone size-full wp-image-4751\" \/><\/td><td class=\"column-4\">MT5829<\/td><td class=\"column-5\">3\/0<\/td><td class=\"column-6\">2<\/td><td class=\"column-7\">45 cm<\/td><td class=\"column-8\">12<\/td><td class=\"column-9\">Blanco<\/td><td class=\"column-10\"><p style=\"text-align: center;\"><a class=\"link\" href=\"https:\/\/www.boztibbi.com\/es\/contacto\/\" target=\"_blank\" rel=\"noopener\"><i class=\"fa fa-shopping-cart size-41\"><\/i><\/a><\/p><\/td>\n<\/tr>\n<tr class=\"row-12 even\">\n\t<td rowspan=\"2\" class=\"column-1\">19 mm<\/td><td rowspan=\"2\" class=\"column-2\">Triangular de corte inverso 3\/8<\/td><td rowspan=\"2\" class=\"column-3\"><img loading=\"lazy\" decoding=\"async\" src=\"https:\/\/www.boztibbi.com\/wp-content\/uploads\/2019\/04\/suture-needle-icons-dental-s\u00fct\u00fcr-2.png\" alt=\"\" width=\"100\" height=\"14\" class=\"alignnone size-full wp-image-4751\" \/><\/td><td class=\"column-4\">MT5773<\/td><td class=\"column-5\">4\/0<\/td><td class=\"column-6\">1,5<\/td><td class=\"column-7\">45 cm<\/td><td class=\"column-8\">12<\/td><td class=\"column-9\">Blanco<\/td><td class=\"column-10\"><p style=\"text-align: center;\"><a class=\"link\" href=\"https:\/\/www.boztibbi.com\/es\/contacto\/\" target=\"_blank\" rel=\"noopener\"><i class=\"fa fa-shopping-cart size-41\"><\/i><\/a><\/p><\/td>\n<\/tr>\n<tr class=\"row-13 odd\">\n\t<td class=\"column-4\">MT6020<\/td><td class=\"column-5\">4\/0<\/td><td class=\"column-6\">1,5<\/td><td class=\"column-7\">60 cm<\/td><td class=\"column-8\">12<\/td><td class=\"column-9\">Blanco<\/td><td class=\"column-10\"><p style=\"text-align: center;\"><a class=\"link\" href=\"https:\/\/www.boztibbi.com\/es\/contacto\/\" target=\"_blank\" rel=\"noopener\"><i class=\"fa fa-shopping-cart size-41\"><\/i><\/a><\/p><\/td>\n<\/tr>\n<\/tbody>\n<\/table>\n<!-- #tablepress-DMT-ES from cache -->[\/vc_column_text][vc_empty_space height=&#8221;30px&#8221;][vc_column_text]Nuestra gama de productos no se limitan a la lista que tiene a continuaci\u00f3n. Esta solo incluye los productos m\u00e1s populares. Si necesita diferentes tipos de suturas para cirug\u00edas orales y de la mand\u00edbula, por favor haga clic en el bot\u00f3n debajo para contactarnos y ordenar los productos que necesite.<\/p>\n<p><a class=\"button download square white\" href=\"https:\/\/www.boztibbi.com\/es\/contacto\/\" target=\"_blank\" rel=\"noopener noreferrer\"><i class=\"fa fa-file-text-o\"><\/i>FORMULARIO DE PEDIDO DEL PRODUCTO<\/a>[\/vc_column_text][\/vc_column][\/vc_row]<\/p>\n<\/div>","protected":false},"excerpt":{"rendered":"<p>[vc_row][vc_column width=&#8221;1\/2&#8243;][vc_custom_heading text=&#8221;MONOTEF&#8221; font_container=&#8221;tag:h1|font_size:50px|text_align:left&#8221; use_theme_fonts=&#8221;yes&#8221;][vc_custom_heading text=&#8221;Politetrafluoroetileno (PTFE)&#8221; font_container=&#8221;tag:h6|font_size:20px|text_align:left&#8221; use_theme_fonts=&#8221;yes&#8221;][vc_empty_space height=&#8221;20px&#8221;][vc_column_text]SUTURA QUIR\u00daRGICA NO ABSORBIBLE SUTURA DENTAL[\/vc_column_text][vc_empty_space height=&#8221;20px&#8221;][vc_row_inner][vc_column_inner width=&#8221;1\/2&#8243;][\/vc_column_inner][vc_column_inner width=&#8221;1\/2&#8243;][\/vc_column_inner][\/vc_row_inner][\/vc_column][vc_column width=&#8221;1\/2&#8243;][vc_images_carousel images=&#8221;4718,4719,4720&#8243; img_size=&#8221;full&#8221; onclick=&#8221;link_no&#8221; speed=&#8221;3000&#8243; autoplay=&#8221;yes&#8221; hide_pagination_control=&#8221;yes&#8221; hide_prev_next_buttons=&#8221;yes&#8221; wrap=&#8221;yes&#8221; css_animation=&#8221;fadeInRight&#8221;][\/vc_column][\/vc_row][vc_row][vc_column][vc_empty_space height=&#8221;20px&#8221;][vc_column_text]Monotef es una sutura quir\u00fargica est\u00e9ril monofilamento de politetrafloroetileno (PTFE) no absorbible. Esta sutura est+a fabricada de 100% politetrafloroetileno de alta densidad que permite un tama\u00f1o de [&hellip;]<\/p>\n","protected":false},"author":1,"featured_media":0,"parent":7725,"menu_order":0,"comment_status":"closed","ping_status":"closed","template":"","meta":{"_acf_changed":false,"footnotes":""},"class_list":["post-7760","page","type-page","status-publish","hentry"],"acf":[],"yoast_head":"<!-- This site is optimized with the Yoast SEO plugin v21.6 - https:\/\/yoast.com\/wordpress\/plugins\/seo\/ -->\n<title>Politetrafloroetilen PTFE Hilo de coser dental - Monotef<\/title>\n<meta name=\"description\" content=\"La sutura dental de politetrafluoroetileno PTFE Monotef es una sutura quir\u00fargica no absorbible, monofilamento, sin recubrimieno y est\u00e9ril.\" \/>\n<meta name=\"robots\" content=\"index, follow, max-snippet:-1, max-image-preview:large, max-video-preview:-1\" \/>\n<link rel=\"canonical\" href=\"https:\/\/www.boztibbi.com\/es\/suturas-especiales-para-sectores-quirurgicos\/suturas-para-cirugia-oral-dental-y-maxilofacial\/politetrafloroetilen-ptfe-hilo-de-coser-dental-monotef\/\" \/>\n<meta property=\"og:locale\" content=\"es_ES\" \/>\n<meta property=\"og:type\" content=\"article\" \/>\n<meta property=\"og:title\" content=\"Politetrafloroetilen PTFE Hilo de coser dental - Monotef\" \/>\n<meta property=\"og:description\" content=\"La sutura dental de politetrafluoroetileno PTFE Monotef es una sutura quir\u00fargica no absorbible, monofilamento, sin recubrimieno y est\u00e9ril.\" \/>\n<meta property=\"og:url\" content=\"https:\/\/www.boztibbi.com\/es\/suturas-especiales-para-sectores-quirurgicos\/suturas-para-cirugia-oral-dental-y-maxilofacial\/politetrafloroetilen-ptfe-hilo-de-coser-dental-monotef\/\" \/>\n<meta property=\"og:site_name\" content=\"Boz Medical\" \/>\n<meta property=\"article:publisher\" content=\"https:\/\/www.facebook.com\/bozmedical\/\" \/>\n<meta property=\"article:modified_time\" content=\"2024-08-21T08:54:35+00:00\" \/>\n<meta name=\"twitter:card\" content=\"summary_large_image\" \/>\n<meta name=\"twitter:site\" content=\"@bozmedical\" \/>\n<script type=\"application\/ld+json\" class=\"yoast-schema-graph\">{\"@context\":\"https:\/\/schema.org\",\"@graph\":[{\"@type\":\"WebPage\",\"@id\":\"https:\/\/www.boztibbi.com\/es\/suturas-especiales-para-sectores-quirurgicos\/suturas-para-cirugia-oral-dental-y-maxilofacial\/politetrafloroetilen-ptfe-hilo-de-coser-dental-monotef\/\",\"url\":\"https:\/\/www.boztibbi.com\/es\/suturas-especiales-para-sectores-quirurgicos\/suturas-para-cirugia-oral-dental-y-maxilofacial\/politetrafloroetilen-ptfe-hilo-de-coser-dental-monotef\/\",\"name\":\"Politetrafloroetilen PTFE Hilo de coser dental - Monotef\",\"isPartOf\":{\"@id\":\"https:\/\/www.boztibbi.com\/#website\"},\"datePublished\":\"2019-05-07T13:19:38+00:00\",\"dateModified\":\"2024-08-21T08:54:35+00:00\",\"description\":\"La sutura dental de politetrafluoroetileno PTFE Monotef es una sutura quir\u00fargica no absorbible, monofilamento, sin recubrimieno y est\u00e9ril.\",\"breadcrumb\":{\"@id\":\"https:\/\/www.boztibbi.com\/es\/suturas-especiales-para-sectores-quirurgicos\/suturas-para-cirugia-oral-dental-y-maxilofacial\/politetrafloroetilen-ptfe-hilo-de-coser-dental-monotef\/#breadcrumb\"},\"inLanguage\":\"es\",\"potentialAction\":[{\"@type\":\"ReadAction\",\"target\":[\"https:\/\/www.boztibbi.com\/es\/suturas-especiales-para-sectores-quirurgicos\/suturas-para-cirugia-oral-dental-y-maxilofacial\/politetrafloroetilen-ptfe-hilo-de-coser-dental-monotef\/\"]}]},{\"@type\":\"BreadcrumbList\",\"@id\":\"https:\/\/www.boztibbi.com\/es\/suturas-especiales-para-sectores-quirurgicos\/suturas-para-cirugia-oral-dental-y-maxilofacial\/politetrafloroetilen-ptfe-hilo-de-coser-dental-monotef\/#breadcrumb\",\"itemListElement\":[{\"@type\":\"ListItem\",\"position\":1,\"name\":\"P\u00e1gina de inicio\",\"item\":\"https:\/\/www.boztibbi.com\/es\/\"},{\"@type\":\"ListItem\",\"position\":2,\"name\":\"Suturas Especiales Para Sectores Quir\u00fargicos\",\"item\":\"https:\/\/www.boztibbi.com\/es\/suturas-especiales-para-sectores-quirurgicos\/\"},{\"@type\":\"ListItem\",\"position\":3,\"name\":\"Suturas para cirug\u00eda oral, dental y maxilofacial\",\"item\":\"https:\/\/www.boztibbi.com\/es\/suturas-especiales-para-sectores-quirurgicos\/suturas-para-cirugia-oral-dental-y-maxilofacial\/\"},{\"@type\":\"ListItem\",\"position\":4,\"name\":\"Politetrafloroetilen PTFE Hilo de coser dental &#8211; Monotef\"}]},{\"@type\":\"WebSite\",\"@id\":\"https:\/\/www.boztibbi.com\/#website\",\"url\":\"https:\/\/www.boztibbi.com\/\",\"name\":\"Boz Medical\",\"description\":\"Suturas quir\u00fargicas, hemost\u00e1ticos absorbibles y mallas quir\u00fargicas\",\"publisher\":{\"@id\":\"https:\/\/www.boztibbi.com\/#organization\"},\"potentialAction\":[{\"@type\":\"SearchAction\",\"target\":{\"@type\":\"EntryPoint\",\"urlTemplate\":\"https:\/\/www.boztibbi.com\/?s={search_term_string}\"},\"query-input\":\"required name=search_term_string\"}],\"inLanguage\":\"es\"},{\"@type\":\"Organization\",\"@id\":\"https:\/\/www.boztibbi.com\/#organization\",\"name\":\"Boz T\u0131bbi Malzeme Sanayi ve Ticaret A.\u015e.\",\"url\":\"https:\/\/www.boztibbi.com\/\",\"logo\":{\"@type\":\"ImageObject\",\"inLanguage\":\"es\",\"@id\":\"https:\/\/www.boztibbi.com\/#\/schema\/logo\/image\/\",\"url\":\"https:\/\/www.boztibbi.com\/wp-content\/uploads\/2018\/08\/boz-t\u0131bbi-malzemeler-medikal-tekstil-t\u00fcrkiye-istanbul-ankara-u\u015fak.png\",\"contentUrl\":\"https:\/\/www.boztibbi.com\/wp-content\/uploads\/2018\/08\/boz-t\u0131bbi-malzemeler-medikal-tekstil-t\u00fcrkiye-istanbul-ankara-u\u015fak.png\",\"width\":1024,\"height\":683,\"caption\":\"Boz T\u0131bbi Malzeme Sanayi ve Ticaret A.\u015e.\"},\"image\":{\"@id\":\"https:\/\/www.boztibbi.com\/#\/schema\/logo\/image\/\"},\"sameAs\":[\"https:\/\/www.facebook.com\/bozmedical\/\",\"https:\/\/twitter.com\/bozmedical\"]}]}<\/script>\n<!-- \/ Yoast SEO plugin. -->","yoast_head_json":{"title":"Politetrafloroetilen PTFE Hilo de coser dental - Monotef","description":"La sutura dental de politetrafluoroetileno PTFE Monotef es una sutura quir\u00fargica no absorbible, monofilamento, sin recubrimieno y est\u00e9ril.","robots":{"index":"index","follow":"follow","max-snippet":"max-snippet:-1","max-image-preview":"max-image-preview:large","max-video-preview":"max-video-preview:-1"},"canonical":"https:\/\/www.boztibbi.com\/es\/suturas-especiales-para-sectores-quirurgicos\/suturas-para-cirugia-oral-dental-y-maxilofacial\/politetrafloroetilen-ptfe-hilo-de-coser-dental-monotef\/","og_locale":"es_ES","og_type":"article","og_title":"Politetrafloroetilen PTFE Hilo de coser dental - Monotef","og_description":"La sutura dental de politetrafluoroetileno PTFE Monotef es una sutura quir\u00fargica no absorbible, monofilamento, sin recubrimieno y est\u00e9ril.","og_url":"https:\/\/www.boztibbi.com\/es\/suturas-especiales-para-sectores-quirurgicos\/suturas-para-cirugia-oral-dental-y-maxilofacial\/politetrafloroetilen-ptfe-hilo-de-coser-dental-monotef\/","og_site_name":"Boz Medical","article_publisher":"https:\/\/www.facebook.com\/bozmedical\/","article_modified_time":"2024-08-21T08:54:35+00:00","twitter_card":"summary_large_image","twitter_site":"@bozmedical","schema":{"@context":"https:\/\/schema.org","@graph":[{"@type":"WebPage","@id":"https:\/\/www.boztibbi.com\/es\/suturas-especiales-para-sectores-quirurgicos\/suturas-para-cirugia-oral-dental-y-maxilofacial\/politetrafloroetilen-ptfe-hilo-de-coser-dental-monotef\/","url":"https:\/\/www.boztibbi.com\/es\/suturas-especiales-para-sectores-quirurgicos\/suturas-para-cirugia-oral-dental-y-maxilofacial\/politetrafloroetilen-ptfe-hilo-de-coser-dental-monotef\/","name":"Politetrafloroetilen PTFE Hilo de coser dental - Monotef","isPartOf":{"@id":"https:\/\/www.boztibbi.com\/#website"},"datePublished":"2019-05-07T13:19:38+00:00","dateModified":"2024-08-21T08:54:35+00:00","description":"La sutura dental de politetrafluoroetileno PTFE Monotef es una sutura quir\u00fargica no absorbible, monofilamento, sin recubrimieno y est\u00e9ril.","breadcrumb":{"@id":"https:\/\/www.boztibbi.com\/es\/suturas-especiales-para-sectores-quirurgicos\/suturas-para-cirugia-oral-dental-y-maxilofacial\/politetrafloroetilen-ptfe-hilo-de-coser-dental-monotef\/#breadcrumb"},"inLanguage":"es","potentialAction":[{"@type":"ReadAction","target":["https:\/\/www.boztibbi.com\/es\/suturas-especiales-para-sectores-quirurgicos\/suturas-para-cirugia-oral-dental-y-maxilofacial\/politetrafloroetilen-ptfe-hilo-de-coser-dental-monotef\/"]}]},{"@type":"BreadcrumbList","@id":"https:\/\/www.boztibbi.com\/es\/suturas-especiales-para-sectores-quirurgicos\/suturas-para-cirugia-oral-dental-y-maxilofacial\/politetrafloroetilen-ptfe-hilo-de-coser-dental-monotef\/#breadcrumb","itemListElement":[{"@type":"ListItem","position":1,"name":"P\u00e1gina de inicio","item":"https:\/\/www.boztibbi.com\/es\/"},{"@type":"ListItem","position":2,"name":"Suturas Especiales Para Sectores Quir\u00fargicos","item":"https:\/\/www.boztibbi.com\/es\/suturas-especiales-para-sectores-quirurgicos\/"},{"@type":"ListItem","position":3,"name":"Suturas para cirug\u00eda oral, dental y maxilofacial","item":"https:\/\/www.boztibbi.com\/es\/suturas-especiales-para-sectores-quirurgicos\/suturas-para-cirugia-oral-dental-y-maxilofacial\/"},{"@type":"ListItem","position":4,"name":"Politetrafloroetilen PTFE Hilo de coser dental &#8211; Monotef"}]},{"@type":"WebSite","@id":"https:\/\/www.boztibbi.com\/#website","url":"https:\/\/www.boztibbi.com\/","name":"Boz Medical","description":"Suturas quir\u00fargicas, hemost\u00e1ticos absorbibles y mallas quir\u00fargicas","publisher":{"@id":"https:\/\/www.boztibbi.com\/#organization"},"potentialAction":[{"@type":"SearchAction","target":{"@type":"EntryPoint","urlTemplate":"https:\/\/www.boztibbi.com\/?s={search_term_string}"},"query-input":"required name=search_term_string"}],"inLanguage":"es"},{"@type":"Organization","@id":"https:\/\/www.boztibbi.com\/#organization","name":"Boz T\u0131bbi Malzeme Sanayi ve Ticaret A.\u015e.","url":"https:\/\/www.boztibbi.com\/","logo":{"@type":"ImageObject","inLanguage":"es","@id":"https:\/\/www.boztibbi.com\/#\/schema\/logo\/image\/","url":"https:\/\/www.boztibbi.com\/wp-content\/uploads\/2018\/08\/boz-t\u0131bbi-malzemeler-medikal-tekstil-t\u00fcrkiye-istanbul-ankara-u\u015fak.png","contentUrl":"https:\/\/www.boztibbi.com\/wp-content\/uploads\/2018\/08\/boz-t\u0131bbi-malzemeler-medikal-tekstil-t\u00fcrkiye-istanbul-ankara-u\u015fak.png","width":1024,"height":683,"caption":"Boz T\u0131bbi Malzeme Sanayi ve Ticaret A.\u015e."},"image":{"@id":"https:\/\/www.boztibbi.com\/#\/schema\/logo\/image\/"},"sameAs":["https:\/\/www.facebook.com\/bozmedical\/","https:\/\/twitter.com\/bozmedical"]}]}},"_links":{"self":[{"href":"https:\/\/www.boztibbi.com\/es\/wp-json\/wp\/v2\/pages\/7760","targetHints":{"allow":["GET"]}}],"collection":[{"href":"https:\/\/www.boztibbi.com\/es\/wp-json\/wp\/v2\/pages"}],"about":[{"href":"https:\/\/www.boztibbi.com\/es\/wp-json\/wp\/v2\/types\/page"}],"author":[{"embeddable":true,"href":"https:\/\/www.boztibbi.com\/es\/wp-json\/wp\/v2\/users\/1"}],"replies":[{"embeddable":true,"href":"https:\/\/www.boztibbi.com\/es\/wp-json\/wp\/v2\/comments?post=7760"}],"version-history":[{"count":3,"href":"https:\/\/www.boztibbi.com\/es\/wp-json\/wp\/v2\/pages\/7760\/revisions"}],"predecessor-version":[{"id":13470,"href":"https:\/\/www.boztibbi.com\/es\/wp-json\/wp\/v2\/pages\/7760\/revisions\/13470"}],"up":[{"embeddable":true,"href":"https:\/\/www.boztibbi.com\/es\/wp-json\/wp\/v2\/pages\/7725"}],"wp:attachment":[{"href":"https:\/\/www.boztibbi.com\/es\/wp-json\/wp\/v2\/media?parent=7760"}],"curies":[{"name":"wp","href":"https:\/\/api.w.org\/{rel}","templated":true}]}}