{"id":7725,"date":"2019-05-21T10:17:55","date_gmt":"2019-05-21T07:17:55","guid":{"rendered":"https:\/\/www.boztibbi.com\/agiz-dis-ve-cene-cerrahisi-suturleri\/"},"modified":"2024-08-21T10:32:57","modified_gmt":"2024-08-21T07:32:57","slug":"suturas-para-cirugia-oral-dental-y-maxilofacial","status":"publish","type":"page","link":"https:\/\/www.boztibbi.com\/es\/suturas-especiales-para-sectores-quirurgicos\/suturas-para-cirugia-oral-dental-y-maxilofacial\/","title":{"rendered":"Suturas para cirug\u00eda oral, dental y maxilofacial"},"content":{"rendered":"<div class=\"wpb-content-wrapper\"><p>[vc_row content_placement=&#8221;middle&#8221; css=&#8221;.vc_custom_1557325368653{margin-right: 0px !important;margin-bottom: 35px !important;margin-left: 0px !important;background-image: url(https:\/\/www.boztibbi.com\/wp-content\/uploads\/2019\/05\/a\u011f\u0131z-di\u015f-ve-\u00e7ene-cerrahisi-diki\u015f-atma-s\u00fct\u00fcr-suture-oral-and-maxillofacial-surgery-dental-suturing-boz-t\u0131bbi.jpg?id=4909) !important;background-position: center !important;background-repeat: no-repeat !important;background-size: cover !important;}&#8221;][vc_column width=&#8221;2\/3&#8243;][\/vc_column][vc_column width=&#8221;1\/3&#8243;][vc_widget_sidebar sidebar_id=&#8221;sidebar-5cd3bd2fae00a&#8221; el_class=&#8221;main-sidebar&#8221;][\/vc_column][\/vc_row][vc_row gap=&#8221;30&#8243;][vc_column width=&#8221;1\/2&#8243;][vc_custom_heading text=&#8221;Suturas para cirug\u00eda oral, dental y maxilofacial&#8221; font_container=&#8221;tag:h2|font_size:34px|text_align:left&#8221; use_theme_fonts=&#8221;yes&#8221;][vc_empty_space height=&#8221;20px&#8221;][vc_column_text]<a class=\"button no-bg\" href=\"https:\/\/www.boztibbi.com\/es\/suturas-especiales-para-sectores-quirurgicos\/\">VOLVER A LOS SECTORES QUIR\u00daRGICOS<\/a>[\/vc_column_text][vc_empty_space height=&#8221;20px&#8221;][\/vc_column][vc_column width=&#8221;1\/2&#8243;][vc_custom_heading text=&#8221;Boz Medical le ofrece diversos tipos de sutura para un amplio rango de \u00e1reas de uso.&#8221; font_container=&#8221;tag:div|font_size:24px|text_align:left|color:%23d6002a|line_height:1.325&#8243; use_theme_fonts=&#8221;yes&#8221;][vc_empty_space height=&#8221;20px&#8221;][vc_column_text]La sutura en la cirug\u00eda oral, dental y maxilofacial se utiliza para conectar los tejidos abiertos, detener el sangrado y fortalecer los tejidos contra factores externos. Dependiendo de las operaciones quir\u00fargicas, el destista usa suturas solubles que desaparecen en la tercera o quinta semana o suturas solubles que son removidas por el dentista al s\u00e9ptimo o d\u00e9cimo d\u00eda despu\u00e9s de la operaci\u00f3n.[\/vc_column_text][vc_empty_space height=&#8221;20px&#8221;][\/vc_column][\/vc_row][vc_row][vc_column width=&#8221;1\/3&#8243;]\n<!-- BEGIN .imagebox -->\n<div class=\"imagebox   vc_custom_1630925115626\">\n\t\n\t\t<div class=\"box-header\">\n\t\t\t<h3 class=\"box-title\">\n\t\t\t\t<a href=\"https:\/\/www.boztibbi.com\/es\/suturas-especiales-para-sectores-quirurgicos\/suturas-para-cirugia-oral-dental-y-maxilofacial\/sutura-dental-de-absorcion-rapida-pgla-fastlak\/\" target=\"_self\">\n\t\t\t\t\tLa Sutura Dental PGLA\t\t\t\t<\/a>\n\t\t\t<\/h3>\n\n\t\t\t\t\t<\/div>\n\n\t\t<div class=\"box-content\"><p>Sutura de absorci\u00f3n r\u00e1pida de \u00e1cido poliglicol\u00e1ctico<\/p>\n<\/div>\n\n\t\t<div class=\"box-image\">\n\t\t\t<a href=\"https:\/\/www.boztibbi.com\/es\/suturas-especiales-para-sectores-quirurgicos\/suturas-para-cirugia-oral-dental-y-maxilofacial\/sutura-dental-de-absorcion-rapida-pgla-fastlak\/\" target=\"_self\">\n\t\t\t\t\t\t\t\t\t<div class=\"box-button button\">\t\n\t\t\t\t\t\t<span>Fastlak<\/span><i class=\"ion-log-in\"><\/i>\n\t\t\t\t\t<\/div>\n\t\t\t\t\n\t\t\t\t<img decoding=\"async\" class=\"\" src=\"https:\/\/www.boztibbi.com\/wp-content\/uploads\/2019\/05\/a\u011f\u0131z-di\u015f-ve-\u00e7ene-cerrahisi-s\u00fct\u00fcr-diki\u015f-atma-fastlak.jpg\" width=\"636\" height=\"350\" alt=\"a\u011f\u0131z-di\u015f-ve-\u00e7ene-cerrahisi-s\u00fct\u00fcr-diki\u015f-atma-fastlak\" title=\"a\u011f\u0131z-di\u015f-ve-\u00e7ene-cerrahisi-s\u00fct\u00fcr-diki\u015f-atma-fastlak\" loading=\"lazy\" \/>\t\t\t<\/a>\n\t\t<\/div>\n\t<\/div>\n<!-- End .imagebox -->\n[vc_empty_space height=&#8221;30px&#8221;]\n<!-- BEGIN .imagebox -->\n<div class=\"imagebox   vc_custom_1630925150940\">\n\t\n\t\t<div class=\"box-header\">\n\t\t\t<h3 class=\"box-title\">\n\t\t\t\t<a href=\"https:\/\/www.boztibbi.com\/es\/suturas-especiales-para-sectores-quirurgicos\/suturas-para-cirugia-oral-dental-y-maxilofacial\/sutura-dental-polipropileno-pp-monoprolen\/\" target=\"_self\">\n\t\t\t\t\tLa Sutura Dental PP\t\t\t\t<\/a>\n\t\t\t<\/h3>\n\n\t\t\t\t\t<\/div>\n\n\t\t<div class=\"box-content\"><p>Sutura dental quir\u00fargica de polipropileno<\/p>\n<\/div>\n\n\t\t<div class=\"box-image\">\n\t\t\t<a href=\"https:\/\/www.boztibbi.com\/es\/suturas-especiales-para-sectores-quirurgicos\/suturas-para-cirugia-oral-dental-y-maxilofacial\/sutura-dental-polipropileno-pp-monoprolen\/\" target=\"_self\">\n\t\t\t\t\t\t\t\t\t<div class=\"box-button button\">\t\n\t\t\t\t\t\t<span>Monoprolen<\/span><i class=\"ion-log-in\"><\/i>\n\t\t\t\t\t<\/div>\n\t\t\t\t\n\t\t\t\t<img decoding=\"async\" class=\"\" src=\"https:\/\/www.boztibbi.com\/wp-content\/uploads\/2019\/05\/a\u011f\u0131z-di\u015f-ve-\u00e7ene-cerrahisi-s\u00fct\u00fcr-diki\u015f-atma-monoprolen.jpg\" width=\"636\" height=\"350\" alt=\"a\u011f\u0131z-di\u015f-ve-\u00e7ene-cerrahisi-s\u00fct\u00fcr-diki\u015f-atma-monoprolen\" title=\"a\u011f\u0131z-di\u015f-ve-\u00e7ene-cerrahisi-s\u00fct\u00fcr-diki\u015f-atma-monoprolen\" loading=\"lazy\" \/>\t\t\t<\/a>\n\t\t<\/div>\n\t<\/div>\n<!-- End .imagebox -->\n[vc_empty_space height=&#8221;30px&#8221;]\n<!-- BEGIN .imagebox -->\n<div class=\"imagebox   vc_custom_1630925191328\">\n\t\n\t\t<div class=\"box-header\">\n\t\t\t<h3 class=\"box-title\">\n\t\t\t\t<a href=\"https:\/\/www.boztibbi.com\/es\/suturas-especiales-para-sectores-quirurgicos\/suturas-para-cirugia-oral-dental-y-maxilofacial\/sutura-dental-de-polidioxanona-pdo-polidioxolidiox\/\" target=\"_self\">\n\t\t\t\t\tLa Sutura Dental PDO\t\t\t\t<\/a>\n\t\t\t<\/h3>\n\n\t\t\t\t\t<\/div>\n\n\t\t<div class=\"box-content\"><p>Hilo de sutura dental quir\u00fargica de polidioxanona<\/p>\n<\/div>\n\n\t\t<div class=\"box-image\">\n\t\t\t<a href=\"https:\/\/www.boztibbi.com\/es\/suturas-especiales-para-sectores-quirurgicos\/suturas-para-cirugia-oral-dental-y-maxilofacial\/sutura-dental-de-polidioxanona-pdo-polidioxolidiox\/\" target=\"_self\">\n\t\t\t\t\t\t\t\t\t<div class=\"box-button button\">\t\n\t\t\t\t\t\t<span>Polidiox<\/span><i class=\"ion-log-in\"><\/i>\n\t\t\t\t\t<\/div>\n\t\t\t\t\n\t\t\t\t<img decoding=\"async\" class=\"\" src=\"https:\/\/www.boztibbi.com\/wp-content\/uploads\/2019\/05\/a\u011f\u0131z-di\u015f-ve-\u00e7ene-cerrahisi-s\u00fct\u00fcr-diki\u015f-atma-polidiox.jpg\" width=\"636\" height=\"350\" alt=\"a\u011f\u0131z-di\u015f-ve-\u00e7ene-cerrahisi-s\u00fct\u00fcr-diki\u015f-atma-polidiox\" title=\"a\u011f\u0131z-di\u015f-ve-\u00e7ene-cerrahisi-s\u00fct\u00fcr-diki\u015f-atma-polidiox\" loading=\"lazy\" \/>\t\t\t<\/a>\n\t\t<\/div>\n\t<\/div>\n<!-- End .imagebox -->\n[vc_empty_space height=&#8221;20px&#8221;][\/vc_column][vc_column width=&#8221;1\/3&#8243;]\n<!-- BEGIN .imagebox -->\n<div class=\"imagebox   vc_custom_1630925228633\">\n\t\n\t\t<div class=\"box-header\">\n\t\t\t<h3 class=\"box-title\">\n\t\t\t\t<a href=\"https:\/\/www.boztibbi.com\/es\/suturas-especiales-para-sectores-quirurgicos\/suturas-para-cirugia-oral-dental-y-maxilofacial\/politetrafloroetilen-ptfe-hilo-de-coser-dental-monotef\/\" target=\"_self\">\n\t\t\t\t\tLa Sutura Dental PTFE\t\t\t\t<\/a>\n\t\t\t<\/h3>\n\n\t\t\t\t\t<\/div>\n\n\t\t<div class=\"box-content\"><p>Sutura dental quir\u00fargica de politetrafluoroetileno<\/p>\n<\/div>\n\n\t\t<div class=\"box-image\">\n\t\t\t<a href=\"https:\/\/www.boztibbi.com\/es\/suturas-especiales-para-sectores-quirurgicos\/suturas-para-cirugia-oral-dental-y-maxilofacial\/politetrafloroetilen-ptfe-hilo-de-coser-dental-monotef\/\" target=\"_self\">\n\t\t\t\t\t\t\t\t\t<div class=\"box-button button\">\t\n\t\t\t\t\t\t<span>Monotef<\/span><i class=\"ion-log-in\"><\/i>\n\t\t\t\t\t<\/div>\n\t\t\t\t\n\t\t\t\t<img decoding=\"async\" class=\"\" src=\"https:\/\/www.boztibbi.com\/wp-content\/uploads\/2019\/05\/a\u011f\u0131z-di\u015f-ve-\u00e7ene-cerrahisi-s\u00fct\u00fcr-diki\u015f-atma-monotef.jpg\" width=\"636\" height=\"350\" alt=\"a\u011f\u0131z-di\u015f-ve-\u00e7ene-cerrahisi-s\u00fct\u00fcr-diki\u015f-atma-monotef\" title=\"a\u011f\u0131z-di\u015f-ve-\u00e7ene-cerrahisi-s\u00fct\u00fcr-diki\u015f-atma-monotef\" loading=\"lazy\" \/>\t\t\t<\/a>\n\t\t<\/div>\n\t<\/div>\n<!-- End .imagebox -->\n[vc_empty_space height=&#8221;30px&#8221;]\n<!-- BEGIN .imagebox -->\n<div class=\"imagebox   vc_custom_1630925501290\">\n\t\n\t\t<div class=\"box-header\">\n\t\t\t<h3 class=\"box-title\">\n\t\t\t\t<a href=\"https:\/\/www.boztibbi.com\/es\/suturas-especiales-para-sectores-quirurgicos\/suturas-para-cirugia-oral-dental-y-maxilofacial\/sutura-quirurgica-dental-no-absorbible-de-seda\/\" target=\"_self\">\n\t\t\t\t\tLa Sutura Dental SEDA\t\t\t\t<\/a>\n\t\t\t<\/h3>\n\n\t\t\t\t\t<\/div>\n\n\t\t<div class=\"box-content\"><p>Sutura dental quir\u00fargica de seda natural<\/p>\n<\/div>\n\n\t\t<div class=\"box-image\">\n\t\t\t<a href=\"https:\/\/www.boztibbi.com\/es\/suturas-especiales-para-sectores-quirurgicos\/suturas-para-cirugia-oral-dental-y-maxilofacial\/sutura-quirurgica-dental-no-absorbible-de-seda\/\" target=\"_self\">\n\t\t\t\t\t\t\t\t\t<div class=\"box-button button\">\t\n\t\t\t\t\t\t<span>Seda - Silk<\/span><i class=\"ion-log-in\"><\/i>\n\t\t\t\t\t<\/div>\n\t\t\t\t\n\t\t\t\t<img decoding=\"async\" class=\"\" src=\"https:\/\/www.boztibbi.com\/wp-content\/uploads\/2019\/05\/a\u011f\u0131z-di\u015f-ve-\u00e7ene-cerrahisi-s\u00fct\u00fcr-diki\u015f-atma-ipek.jpg\" width=\"636\" height=\"350\" alt=\"a\u011f\u0131z-di\u015f-ve-\u00e7ene-cerrahisi-s\u00fct\u00fcr-diki\u015f-atma-ipek\" title=\"a\u011f\u0131z-di\u015f-ve-\u00e7ene-cerrahisi-s\u00fct\u00fcr-diki\u015f-atma-ipek\" loading=\"lazy\" \/>\t\t\t<\/a>\n\t\t<\/div>\n\t<\/div>\n<!-- End .imagebox -->\n[vc_empty_space height=&#8221;30px&#8221;]\n<!-- BEGIN .imagebox -->\n<div class=\"imagebox   vc_custom_1630925319570\">\n\t\n\t\t<div class=\"box-header\">\n\t\t\t<h3 class=\"box-title\">\n\t\t\t\t<a href=\"https:\/\/www.boztibbi.com\/es\/suturas-especiales-para-sectores-quirurgicos\/suturas-para-cirugia-oral-dental-y-maxilofacial\/sutura-dental-poliamida-pa-monamid\/\" target=\"_self\">\n\t\t\t\t\tLa Sutura Dental PA\t\t\t\t<\/a>\n\t\t\t<\/h3>\n\n\t\t\t\t\t<\/div>\n\n\t\t<div class=\"box-content\"><p>Sutura dental quir\u00fargica de poliamida<\/p>\n<\/div>\n\n\t\t<div class=\"box-image\">\n\t\t\t<a href=\"https:\/\/www.boztibbi.com\/es\/suturas-especiales-para-sectores-quirurgicos\/suturas-para-cirugia-oral-dental-y-maxilofacial\/sutura-dental-poliamida-pa-monamid\/\" target=\"_self\">\n\t\t\t\t\t\t\t\t\t<div class=\"box-button button\">\t\n\t\t\t\t\t\t<span>Monamid<\/span><i class=\"ion-log-in\"><\/i>\n\t\t\t\t\t<\/div>\n\t\t\t\t\n\t\t\t\t<img decoding=\"async\" class=\"\" src=\"https:\/\/www.boztibbi.com\/wp-content\/uploads\/2019\/05\/a\u011f\u0131z-di\u015f-ve-\u00e7ene-cerrahisi-s\u00fct\u00fcr-diki\u015f-atma-monamid.jpg\" width=\"636\" height=\"350\" alt=\"a\u011f\u0131z-di\u015f-ve-\u00e7ene-cerrahisi-s\u00fct\u00fcr-diki\u015f-atma-monamid\" title=\"a\u011f\u0131z-di\u015f-ve-\u00e7ene-cerrahisi-s\u00fct\u00fcr-diki\u015f-atma-monamid\" loading=\"lazy\" \/>\t\t\t<\/a>\n\t\t<\/div>\n\t<\/div>\n<!-- End .imagebox -->\n[vc_empty_space height=&#8221;20px&#8221;][\/vc_column][vc_column width=&#8221;1\/3&#8243;]\n<!-- BEGIN .imagebox -->\n<div class=\"imagebox   vc_custom_1724225558449\">\n\t\n\t\t<div class=\"box-header\">\n\t\t\t<h3 class=\"box-title\">\n\t\t\t\t<a href=\"https:\/\/www.boztibbi.com\/es\/suturas-especiales-para-sectores-quirurgicos\/suturas-para-cirugia-oral-dental-y-maxilofacial\/sutura-dental-de-poliglicolico-caprolactona-pgcl-monokaprol\/\" target=\"_self\">\n\t\t\t\t\tLa Sutura Dental PGCL\t\t\t\t<\/a>\n\t\t\t<\/h3>\n\n\t\t\t\t\t<\/div>\n\n\t\t<div class=\"box-content\"><p>Sutura dental de poliglic\u00f3lico caprolactona<\/p>\n<\/div>\n\n\t\t<div class=\"box-image\">\n\t\t\t<a href=\"https:\/\/www.boztibbi.com\/es\/suturas-especiales-para-sectores-quirurgicos\/suturas-para-cirugia-oral-dental-y-maxilofacial\/sutura-dental-de-poliglicolico-caprolactona-pgcl-monokaprol\/\" target=\"_self\">\n\t\t\t\t\t\t\t\t\t<div class=\"box-button button\">\t\n\t\t\t\t\t\t<span>MONOKAPROL<\/span><i class=\"ion-log-in\"><\/i>\n\t\t\t\t\t<\/div>\n\t\t\t\t\n\t\t\t\t<img decoding=\"async\" class=\"\" src=\"https:\/\/www.boztibbi.com\/wp-content\/uploads\/2019\/05\/a\u011f\u0131z-di\u015f-ve-\u00e7ene-cerrahisi-s\u00fct\u00fcr-diki\u015f-atma-monakaprol.jpg\" width=\"636\" height=\"350\" alt=\"a\u011f\u0131z-di\u015f-ve-\u00e7ene-cerrahisi-s\u00fct\u00fcr-diki\u015f-atma-monakaprol\" title=\"\" loading=\"lazy\" \/>\t\t\t<\/a>\n\t\t<\/div>\n\t<\/div>\n<!-- End .imagebox -->\n[vc_empty_space height=&#8221;30px&#8221;]\n<!-- BEGIN .imagebox -->\n<div class=\"imagebox   vc_custom_1630925400818\">\n\t\n\t\t<div class=\"box-header\">\n\t\t\t<h3 class=\"box-title\">\n\t\t\t\t<a href=\"https:\/\/www.boztibbi.com\/es\/suturas-especiales-para-sectores-quirurgicos\/suturas-para-cirugia-oral-dental-y-maxilofacial\/sutura-dental-de-acido-poliglicolico-lactico-pgla-glikolik\/\" target=\"_self\">\n\t\t\t\t\tLa Sutura Dental PGLA\t\t\t\t<\/a>\n\t\t\t<\/h3>\n\n\t\t\t\t\t<\/div>\n\n\t\t<div class=\"box-content\"><p>Sutura dental quir\u00fargica de \u00e1cido poliglic\u00f3lico<\/p>\n<\/div>\n\n\t\t<div class=\"box-image\">\n\t\t\t<a href=\"https:\/\/www.boztibbi.com\/es\/suturas-especiales-para-sectores-quirurgicos\/suturas-para-cirugia-oral-dental-y-maxilofacial\/sutura-dental-de-acido-poliglicolico-lactico-pgla-glikolik\/\" target=\"_self\">\n\t\t\t\t\t\t\t\t\t<div class=\"box-button button\">\t\n\t\t\t\t\t\t<span>Glikolak<\/span><i class=\"ion-log-in\"><\/i>\n\t\t\t\t\t<\/div>\n\t\t\t\t\n\t\t\t\t<img decoding=\"async\" class=\"\" src=\"https:\/\/www.boztibbi.com\/wp-content\/uploads\/2019\/05\/a\u011f\u0131z-di\u015f-ve-\u00e7ene-cerrahisi-s\u00fct\u00fcr-diki\u015f-atma-glikolak.jpg\" width=\"636\" height=\"350\" alt=\"a\u011f\u0131z-di\u015f-ve-\u00e7ene-cerrahisi-s\u00fct\u00fcr-diki\u015f-atma-glikolak\" title=\"a\u011f\u0131z-di\u015f-ve-\u00e7ene-cerrahisi-s\u00fct\u00fcr-diki\u015f-atma-glikolak\" loading=\"lazy\" \/>\t\t\t<\/a>\n\t\t<\/div>\n\t<\/div>\n<!-- End .imagebox -->\n[vc_empty_space height=&#8221;30px&#8221;][\/vc_column][\/vc_row]<\/p>\n<\/div>","protected":false},"excerpt":{"rendered":"<p>[vc_row content_placement=&#8221;middle&#8221; css=&#8221;.vc_custom_1557325368653{margin-right: 0px !important;margin-bottom: 35px !important;margin-left: 0px !important;background-image: url(https:\/\/www.boztibbi.com\/wp-content\/uploads\/2019\/05\/a\u011f\u0131z-di\u015f-ve-\u00e7ene-cerrahisi-diki\u015f-atma-s\u00fct\u00fcr-suture-oral-and-maxillofacial-surgery-dental-suturing-boz-t\u0131bbi.jpg?id=4909) !important;background-position: center !important;background-repeat: no-repeat !important;background-size: cover !important;}&#8221;][vc_column width=&#8221;2\/3&#8243;][\/vc_column][vc_column width=&#8221;1\/3&#8243;][vc_widget_sidebar sidebar_id=&#8221;sidebar-5cd3bd2fae00a&#8221; el_class=&#8221;main-sidebar&#8221;][\/vc_column][\/vc_row][vc_row gap=&#8221;30&#8243;][vc_column width=&#8221;1\/2&#8243;][vc_custom_heading text=&#8221;Suturas para cirug\u00eda oral, dental y maxilofacial&#8221; font_container=&#8221;tag:h2|font_size:34px|text_align:left&#8221; use_theme_fonts=&#8221;yes&#8221;][vc_empty_space height=&#8221;20px&#8221;][vc_column_text]VOLVER A LOS SECTORES QUIR\u00daRGICOS[\/vc_column_text][vc_empty_space height=&#8221;20px&#8221;][\/vc_column][vc_column width=&#8221;1\/2&#8243;][vc_custom_heading text=&#8221;Boz Medical le ofrece diversos tipos de sutura para un amplio rango de \u00e1reas de uso.&#8221; [&hellip;]<\/p>\n","protected":false},"author":1,"featured_media":0,"parent":7728,"menu_order":0,"comment_status":"closed","ping_status":"closed","template":"","meta":{"_acf_changed":false,"footnotes":""},"class_list":["post-7725","page","type-page","status-publish","hentry"],"acf":[],"yoast_head":"<!-- This site is optimized with the Yoast SEO plugin v21.6 - https:\/\/yoast.com\/wordpress\/plugins\/seo\/ -->\n<title>Suturas para cirug\u00eda oral, dental y maxilofacial - Boz Suministros M\u00e9dicos<\/title>\n<meta name=\"description\" content=\"Informaci\u00f3n detallada sobre suturas dentales especialmente fabricadas para cirug\u00eda oral, maxilofacial y odontol\u00f3gica...\" \/>\n<meta name=\"robots\" content=\"index, follow, max-snippet:-1, max-image-preview:large, max-video-preview:-1\" \/>\n<link rel=\"canonical\" href=\"https:\/\/www.boztibbi.com\/es\/suturas-especiales-para-sectores-quirurgicos\/suturas-para-cirugia-oral-dental-y-maxilofacial\/\" \/>\n<meta property=\"og:locale\" content=\"es_ES\" \/>\n<meta property=\"og:type\" content=\"article\" \/>\n<meta property=\"og:title\" content=\"Suturas para cirug\u00eda oral, dental y maxilofacial - Boz Suministros M\u00e9dicos\" \/>\n<meta property=\"og:description\" content=\"Informaci\u00f3n detallada sobre suturas dentales especialmente fabricadas para cirug\u00eda oral, maxilofacial y odontol\u00f3gica...\" \/>\n<meta property=\"og:url\" content=\"https:\/\/www.boztibbi.com\/es\/suturas-especiales-para-sectores-quirurgicos\/suturas-para-cirugia-oral-dental-y-maxilofacial\/\" \/>\n<meta property=\"og:site_name\" content=\"Boz Medical\" \/>\n<meta property=\"article:publisher\" content=\"https:\/\/www.facebook.com\/bozmedical\/\" \/>\n<meta property=\"article:modified_time\" content=\"2024-08-21T07:32:57+00:00\" \/>\n<meta name=\"twitter:card\" content=\"summary_large_image\" \/>\n<meta name=\"twitter:site\" content=\"@bozmedical\" \/>\n<script type=\"application\/ld+json\" class=\"yoast-schema-graph\">{\"@context\":\"https:\/\/schema.org\",\"@graph\":[{\"@type\":\"WebPage\",\"@id\":\"https:\/\/www.boztibbi.com\/es\/suturas-especiales-para-sectores-quirurgicos\/suturas-para-cirugia-oral-dental-y-maxilofacial\/\",\"url\":\"https:\/\/www.boztibbi.com\/es\/suturas-especiales-para-sectores-quirurgicos\/suturas-para-cirugia-oral-dental-y-maxilofacial\/\",\"name\":\"Suturas para cirug\u00eda oral, dental y maxilofacial - Boz Suministros M\u00e9dicos\",\"isPartOf\":{\"@id\":\"https:\/\/www.boztibbi.com\/#website\"},\"datePublished\":\"2019-05-21T07:17:55+00:00\",\"dateModified\":\"2024-08-21T07:32:57+00:00\",\"description\":\"Informaci\u00f3n detallada sobre suturas dentales especialmente fabricadas para cirug\u00eda oral, maxilofacial y odontol\u00f3gica...\",\"breadcrumb\":{\"@id\":\"https:\/\/www.boztibbi.com\/es\/suturas-especiales-para-sectores-quirurgicos\/suturas-para-cirugia-oral-dental-y-maxilofacial\/#breadcrumb\"},\"inLanguage\":\"es\",\"potentialAction\":[{\"@type\":\"ReadAction\",\"target\":[\"https:\/\/www.boztibbi.com\/es\/suturas-especiales-para-sectores-quirurgicos\/suturas-para-cirugia-oral-dental-y-maxilofacial\/\"]}]},{\"@type\":\"BreadcrumbList\",\"@id\":\"https:\/\/www.boztibbi.com\/es\/suturas-especiales-para-sectores-quirurgicos\/suturas-para-cirugia-oral-dental-y-maxilofacial\/#breadcrumb\",\"itemListElement\":[{\"@type\":\"ListItem\",\"position\":1,\"name\":\"P\u00e1gina de inicio\",\"item\":\"https:\/\/www.boztibbi.com\/es\/\"},{\"@type\":\"ListItem\",\"position\":2,\"name\":\"Suturas Especiales Para Sectores Quir\u00fargicos\",\"item\":\"https:\/\/www.boztibbi.com\/es\/suturas-especiales-para-sectores-quirurgicos\/\"},{\"@type\":\"ListItem\",\"position\":3,\"name\":\"Suturas para cirug\u00eda oral, dental y maxilofacial\"}]},{\"@type\":\"WebSite\",\"@id\":\"https:\/\/www.boztibbi.com\/#website\",\"url\":\"https:\/\/www.boztibbi.com\/\",\"name\":\"Boz Medical\",\"description\":\"Suturas quir\u00fargicas, hemost\u00e1ticos absorbibles y mallas quir\u00fargicas\",\"publisher\":{\"@id\":\"https:\/\/www.boztibbi.com\/#organization\"},\"potentialAction\":[{\"@type\":\"SearchAction\",\"target\":{\"@type\":\"EntryPoint\",\"urlTemplate\":\"https:\/\/www.boztibbi.com\/?s={search_term_string}\"},\"query-input\":\"required name=search_term_string\"}],\"inLanguage\":\"es\"},{\"@type\":\"Organization\",\"@id\":\"https:\/\/www.boztibbi.com\/#organization\",\"name\":\"Boz T\u0131bbi Malzeme Sanayi ve Ticaret A.\u015e.\",\"url\":\"https:\/\/www.boztibbi.com\/\",\"logo\":{\"@type\":\"ImageObject\",\"inLanguage\":\"es\",\"@id\":\"https:\/\/www.boztibbi.com\/#\/schema\/logo\/image\/\",\"url\":\"https:\/\/www.boztibbi.com\/wp-content\/uploads\/2018\/08\/boz-t\u0131bbi-malzemeler-medikal-tekstil-t\u00fcrkiye-istanbul-ankara-u\u015fak.png\",\"contentUrl\":\"https:\/\/www.boztibbi.com\/wp-content\/uploads\/2018\/08\/boz-t\u0131bbi-malzemeler-medikal-tekstil-t\u00fcrkiye-istanbul-ankara-u\u015fak.png\",\"width\":1024,\"height\":683,\"caption\":\"Boz T\u0131bbi Malzeme Sanayi ve Ticaret A.\u015e.\"},\"image\":{\"@id\":\"https:\/\/www.boztibbi.com\/#\/schema\/logo\/image\/\"},\"sameAs\":[\"https:\/\/www.facebook.com\/bozmedical\/\",\"https:\/\/twitter.com\/bozmedical\"]}]}<\/script>\n<!-- \/ Yoast SEO plugin. -->","yoast_head_json":{"title":"Suturas para cirug\u00eda oral, dental y maxilofacial - Boz Suministros M\u00e9dicos","description":"Informaci\u00f3n detallada sobre suturas dentales especialmente fabricadas para cirug\u00eda oral, maxilofacial y odontol\u00f3gica...","robots":{"index":"index","follow":"follow","max-snippet":"max-snippet:-1","max-image-preview":"max-image-preview:large","max-video-preview":"max-video-preview:-1"},"canonical":"https:\/\/www.boztibbi.com\/es\/suturas-especiales-para-sectores-quirurgicos\/suturas-para-cirugia-oral-dental-y-maxilofacial\/","og_locale":"es_ES","og_type":"article","og_title":"Suturas para cirug\u00eda oral, dental y maxilofacial - Boz Suministros M\u00e9dicos","og_description":"Informaci\u00f3n detallada sobre suturas dentales especialmente fabricadas para cirug\u00eda oral, maxilofacial y odontol\u00f3gica...","og_url":"https:\/\/www.boztibbi.com\/es\/suturas-especiales-para-sectores-quirurgicos\/suturas-para-cirugia-oral-dental-y-maxilofacial\/","og_site_name":"Boz Medical","article_publisher":"https:\/\/www.facebook.com\/bozmedical\/","article_modified_time":"2024-08-21T07:32:57+00:00","twitter_card":"summary_large_image","twitter_site":"@bozmedical","schema":{"@context":"https:\/\/schema.org","@graph":[{"@type":"WebPage","@id":"https:\/\/www.boztibbi.com\/es\/suturas-especiales-para-sectores-quirurgicos\/suturas-para-cirugia-oral-dental-y-maxilofacial\/","url":"https:\/\/www.boztibbi.com\/es\/suturas-especiales-para-sectores-quirurgicos\/suturas-para-cirugia-oral-dental-y-maxilofacial\/","name":"Suturas para cirug\u00eda oral, dental y maxilofacial - Boz Suministros M\u00e9dicos","isPartOf":{"@id":"https:\/\/www.boztibbi.com\/#website"},"datePublished":"2019-05-21T07:17:55+00:00","dateModified":"2024-08-21T07:32:57+00:00","description":"Informaci\u00f3n detallada sobre suturas dentales especialmente fabricadas para cirug\u00eda oral, maxilofacial y odontol\u00f3gica...","breadcrumb":{"@id":"https:\/\/www.boztibbi.com\/es\/suturas-especiales-para-sectores-quirurgicos\/suturas-para-cirugia-oral-dental-y-maxilofacial\/#breadcrumb"},"inLanguage":"es","potentialAction":[{"@type":"ReadAction","target":["https:\/\/www.boztibbi.com\/es\/suturas-especiales-para-sectores-quirurgicos\/suturas-para-cirugia-oral-dental-y-maxilofacial\/"]}]},{"@type":"BreadcrumbList","@id":"https:\/\/www.boztibbi.com\/es\/suturas-especiales-para-sectores-quirurgicos\/suturas-para-cirugia-oral-dental-y-maxilofacial\/#breadcrumb","itemListElement":[{"@type":"ListItem","position":1,"name":"P\u00e1gina de inicio","item":"https:\/\/www.boztibbi.com\/es\/"},{"@type":"ListItem","position":2,"name":"Suturas Especiales Para Sectores Quir\u00fargicos","item":"https:\/\/www.boztibbi.com\/es\/suturas-especiales-para-sectores-quirurgicos\/"},{"@type":"ListItem","position":3,"name":"Suturas para cirug\u00eda oral, dental y maxilofacial"}]},{"@type":"WebSite","@id":"https:\/\/www.boztibbi.com\/#website","url":"https:\/\/www.boztibbi.com\/","name":"Boz Medical","description":"Suturas quir\u00fargicas, hemost\u00e1ticos absorbibles y mallas quir\u00fargicas","publisher":{"@id":"https:\/\/www.boztibbi.com\/#organization"},"potentialAction":[{"@type":"SearchAction","target":{"@type":"EntryPoint","urlTemplate":"https:\/\/www.boztibbi.com\/?s={search_term_string}"},"query-input":"required name=search_term_string"}],"inLanguage":"es"},{"@type":"Organization","@id":"https:\/\/www.boztibbi.com\/#organization","name":"Boz T\u0131bbi Malzeme Sanayi ve Ticaret A.\u015e.","url":"https:\/\/www.boztibbi.com\/","logo":{"@type":"ImageObject","inLanguage":"es","@id":"https:\/\/www.boztibbi.com\/#\/schema\/logo\/image\/","url":"https:\/\/www.boztibbi.com\/wp-content\/uploads\/2018\/08\/boz-t\u0131bbi-malzemeler-medikal-tekstil-t\u00fcrkiye-istanbul-ankara-u\u015fak.png","contentUrl":"https:\/\/www.boztibbi.com\/wp-content\/uploads\/2018\/08\/boz-t\u0131bbi-malzemeler-medikal-tekstil-t\u00fcrkiye-istanbul-ankara-u\u015fak.png","width":1024,"height":683,"caption":"Boz T\u0131bbi Malzeme Sanayi ve Ticaret A.\u015e."},"image":{"@id":"https:\/\/www.boztibbi.com\/#\/schema\/logo\/image\/"},"sameAs":["https:\/\/www.facebook.com\/bozmedical\/","https:\/\/twitter.com\/bozmedical"]}]}},"_links":{"self":[{"href":"https:\/\/www.boztibbi.com\/es\/wp-json\/wp\/v2\/pages\/7725","targetHints":{"allow":["GET"]}}],"collection":[{"href":"https:\/\/www.boztibbi.com\/es\/wp-json\/wp\/v2\/pages"}],"about":[{"href":"https:\/\/www.boztibbi.com\/es\/wp-json\/wp\/v2\/types\/page"}],"author":[{"embeddable":true,"href":"https:\/\/www.boztibbi.com\/es\/wp-json\/wp\/v2\/users\/1"}],"replies":[{"embeddable":true,"href":"https:\/\/www.boztibbi.com\/es\/wp-json\/wp\/v2\/comments?post=7725"}],"version-history":[{"count":7,"href":"https:\/\/www.boztibbi.com\/es\/wp-json\/wp\/v2\/pages\/7725\/revisions"}],"predecessor-version":[{"id":13392,"href":"https:\/\/www.boztibbi.com\/es\/wp-json\/wp\/v2\/pages\/7725\/revisions\/13392"}],"up":[{"embeddable":true,"href":"https:\/\/www.boztibbi.com\/es\/wp-json\/wp\/v2\/pages\/7728"}],"wp:attachment":[{"href":"https:\/\/www.boztibbi.com\/es\/wp-json\/wp\/v2\/media?parent=7725"}],"curies":[{"name":"wp","href":"https:\/\/api.w.org\/{rel}","templated":true}]}}