{"id":7658,"date":"2019-09-09T13:40:30","date_gmt":"2019-09-09T10:40:30","guid":{"rendered":"https:\/\/www.boztibbi.com\/monowire-emilmeyen-cerrahi-veteriner-suturu\/"},"modified":"2024-08-22T13:37:40","modified_gmt":"2024-08-22T10:37:40","slug":"monowire-suturas-veterinarias-no-absorbibles","status":"publish","type":"page","link":"https:\/\/www.boztibbi.com\/es\/suturas-especiales-para-sectores-quirurgicos\/suturas-para-cirugias-veterinarias\/monowire-suturas-veterinarias-no-absorbibles\/","title":{"rendered":"Monowire &#8211; Suturas veterinarias no absorbibles"},"content":{"rendered":"<div class=\"wpb-content-wrapper\"><p>[vc_row][vc_column width=&#8221;1\/2&#8243;][vc_custom_heading text=&#8221;MONOWIRE&#8221; font_container=&#8221;tag:h1|font_size:50px|text_align:left&#8221; use_theme_fonts=&#8221;yes&#8221;][vc_custom_heading text=&#8221;CABLE DE ACERO INOXIDABLE&#8221; font_container=&#8221;tag:h6|font_size:20px|text_align:left&#8221; use_theme_fonts=&#8221;yes&#8221;][vc_empty_space height=&#8221;20px&#8221;][vc_column_text]<a class=\"button no-bg\" href=\"https:\/\/www.boztibbi.com\/es\/productos\/suturas\/suturas-no-absorbibles\/monowire\/\" target=\"_blank\" rel=\"noopener noreferrer\">Alambre de acero no absorbible<sup>Sutura veterinaria<\/sup><\/a>[\/vc_column_text][vc_empty_space height=&#8221;20px&#8221;][vc_row_inner][vc_column_inner width=&#8221;1\/2&#8243;]<ul class=\"iconlist iconlist iconlist-icon-mini \"><li ><div class=\"iconlist-item-icon\"><i class=\"sl-arrow-right\"><\/i><span class=\"shapes\"><\/span><\/div><div class=\"iconlist-item-content\">No Absorbible<\/div><\/li><li ><div class=\"iconlist-item-icon\"><i class=\"sl-arrow-right\"><\/i><span class=\"shapes\"><\/span><\/div><div class=\"iconlist-item-content\">Cable de acero inoxidable<\/div><\/li><\/ul>[\/vc_column_inner][vc_column_inner width=&#8221;1\/2&#8243;]<ul class=\"iconlist iconlist iconlist-icon-mini \"><li ><div class=\"iconlist-item-icon\"><i class=\"sl-arrow-right\"><\/i><span class=\"shapes\"><\/span><\/div><div class=\"iconlist-item-content\">Monofilamento y multifilamento<\/div><\/li><li ><div class=\"iconlist-item-icon\"><i class=\"sl-arrow-right\"><\/i><span class=\"shapes\"><\/span><\/div><div class=\"iconlist-item-content\">Est\u00e9ril<\/div><\/li><\/ul>[\/vc_column_inner][\/vc_row_inner][\/vc_column][vc_column width=&#8221;1\/2&#8243;][vc_images_carousel images=&#8221;5524,5523,5525&#8243; img_size=&#8221;full&#8221; onclick=&#8221;link_no&#8221; speed=&#8221;3000&#8243; autoplay=&#8221;yes&#8221; hide_pagination_control=&#8221;yes&#8221; hide_prev_next_buttons=&#8221;yes&#8221; wrap=&#8221;yes&#8221; css_animation=&#8221;fadeInRight&#8221;][\/vc_column][\/vc_row][vc_row][vc_column][vc_column_text]Monowire son suturas quir\u00fargicas de alambre, est\u00e9riles, no absorbibles y de acero inoxidable hechas de AISI 316 LVM, las cuales cumplen con los requisitos de ISO 5832 Secci\u00f3n 1 \u201cImplantes quir\u00fargicos &#8211; Materiales met\u00e1licos.\u201d Las suturas quir\u00fargicas de alambre de acero inoxidable tienen una estructura de monofilamento. Estas suturas tambi\u00e9n cumplen con todos los requisitos de suturas quir\u00fargicas no absorbibles de la Farmacopea Europea (E.P.) y la Farmacopea Estadounidense (U.S.P). De igual forma, los alambres quir\u00fargicos de acero inoxidable se pueden etiquetar seg\u00fan la clasificaci\u00f3n Brown &amp; Sharpe Gauge (B&amp;S) o American Wire Gauge (AWG).[\/vc_column_text][vc_empty_space height=&#8221;30px&#8221;][\/vc_column][\/vc_row][vc_row][vc_column][vc_column_text]\n<table id=\"tablepress-VMW-ES\" class=\"tablepress tablepress-id-VMW-ES\">\n<thead>\n<tr class=\"row-1 odd\">\n\t<th class=\"column-1\">Tama\u00f1o de la aguja<\/th><th colspan=\"2\" class=\"column-2\">Forma de la aguja<\/th><th class=\"column-4\">C\u00f3digo del producto<\/th><th class=\"column-5\">USP<\/th><th class=\"column-6\">EP<\/th><th class=\"column-7\">Longitud<\/th><th class=\"column-8\">Pieza<\/th><th class=\"column-9\">Color<\/th>\n<\/tr>\n<\/thead>\n<tbody class=\"row-hover\">\n<tr class=\"row-2 even\">\n\t<td class=\"column-1\">20 mm<\/td><td class=\"column-2\">Triangular de corte inverso 1\/2<\/td><td class=\"column-3\"><img loading=\"lazy\" decoding=\"async\" src=\"https:\/\/www.boztibbi.com\/wp-content\/uploads\/2019\/04\/suture-needle-icons-dental-s\u00fct\u00fcr-1.png\" alt=\"\" width=\"100\" height=\"14\" class=\"alignnone size-full wp-image-4721\" \/><\/td><td class=\"column-4\">MW2228<\/td><td class=\"column-5\">5\/0 <\/td><td class=\"column-6\">1<\/td><td class=\"column-7\">75 cm<\/td><td class=\"column-8\">12<\/td><td class=\"column-9\">Mono<\/td>\n<\/tr>\n<tr class=\"row-3 odd\">\n\t<td class=\"column-1\">20 mm<\/td><td class=\"column-2\">Cil\u00edncrica 3\/8<\/td><td class=\"column-3\"><img loading=\"lazy\" decoding=\"async\" src=\"https:\/\/www.boztibbi.com\/wp-content\/uploads\/2019\/04\/suture-needle-icons-dental-s\u00fct\u00fcr-1.png\" alt=\"\" width=\"100\" height=\"14\" class=\"alignnone size-full wp-image-4721\" \/><\/td><td class=\"column-4\">MW2702<\/td><td class=\"column-5\">4\/0<\/td><td class=\"column-6\">1,5<\/td><td class=\"column-7\">75 cm<\/td><td class=\"column-8\">12<\/td><td class=\"column-9\">Mono<\/td>\n<\/tr>\n<tr class=\"row-4 even\">\n\t<td rowspan=\"4\" class=\"column-1\">26 mm<\/td><td rowspan=\"4\" class=\"column-2\">Triangular de corte inverso 1\/2<\/td><td rowspan=\"4\" class=\"column-3\"><img loading=\"lazy\" decoding=\"async\" src=\"https:\/\/www.boztibbi.com\/wp-content\/uploads\/2019\/05\/suture-needle-icons-dental-s\u00fct\u00fcr-6.png\" alt=\"\" width=\"100\" height=\"14\" class=\"alignnone size-full wp-image-4761\" \/><\/td><td class=\"column-4\">MW2844<\/td><td class=\"column-5\">4\/0<\/td><td class=\"column-6\">1,5<\/td><td class=\"column-7\">45 cm<\/td><td class=\"column-8\">12<\/td><td class=\"column-9\">Mono<\/td>\n<\/tr>\n<tr class=\"row-5 odd\">\n\t<td class=\"column-4\">MW3334<\/td><td class=\"column-5\">3\/0<\/td><td class=\"column-6\">2<\/td><td class=\"column-7\">45 cm<\/td><td class=\"column-8\">12<\/td><td class=\"column-9\">Mono<\/td>\n<\/tr>\n<tr class=\"row-6 even\">\n\t<td class=\"column-4\">MW3808<\/td><td class=\"column-5\">2\/0<\/td><td class=\"column-6\">3<\/td><td class=\"column-7\">45 cm<\/td><td class=\"column-8\">12<\/td><td class=\"column-9\">Mono<\/td>\n<\/tr>\n<tr class=\"row-7 odd\">\n\t<td class=\"column-4\">MW4597<\/td><td class=\"column-5\">1<\/td><td class=\"column-6\">4<\/td><td class=\"column-7\">75 cm<\/td><td class=\"column-8\">12<\/td><td class=\"column-9\">Mono<\/td>\n<\/tr>\n<tr class=\"row-8 even\">\n\t<td rowspan=\"4\" class=\"column-1\">30 mm<\/td><td rowspan=\"4\" class=\"column-2\">Cil\u00edncrica 1\/2<\/td><td rowspan=\"4\" class=\"column-3\"><img loading=\"lazy\" decoding=\"async\" src=\"https:\/\/www.boztibbi.com\/wp-content\/uploads\/2019\/04\/suture-needle-icons-dental-s\u00fct\u00fcr-1.png\" alt=\"\" width=\"100\" height=\"14\" class=\"alignnone size-full wp-image-4721\" \/><\/td><td class=\"column-4\">MW2874<\/td><td class=\"column-5\">4\/0<\/td><td class=\"column-6\">1,5<\/td><td class=\"column-7\">75 cm<\/td><td class=\"column-8\">12<\/td><td class=\"column-9\">Mono<\/td>\n<\/tr>\n<tr class=\"row-9 odd\">\n\t<td class=\"column-4\">MW3368<\/td><td class=\"column-5\">3\/0<\/td><td class=\"column-6\">2<\/td><td class=\"column-7\">75 cm<\/td><td class=\"column-8\">12<\/td><td class=\"column-9\">Mono<\/td>\n<\/tr>\n<tr class=\"row-10 even\">\n\t<td class=\"column-4\">MW3857<\/td><td class=\"column-5\">2\/0<\/td><td class=\"column-6\">3<\/td><td class=\"column-7\">75 cm<\/td><td class=\"column-8\">12<\/td><td class=\"column-9\">Mono<\/td>\n<\/tr>\n<tr class=\"row-11 odd\">\n\t<td class=\"column-4\">MW5221<\/td><td class=\"column-5\">0<\/td><td class=\"column-6\">3,5<\/td><td class=\"column-7\">90 cm<\/td><td class=\"column-8\">12<\/td><td class=\"column-9\">Mono<\/td>\n<\/tr>\n<tr class=\"row-12 even\">\n\t<td rowspan=\"2\" class=\"column-1\">30 mm<\/td><td rowspan=\"2\" class=\"column-2\">Triangular de corte inverso 1\/2<\/td><td rowspan=\"2\" class=\"column-3\"><img loading=\"lazy\" decoding=\"async\" src=\"https:\/\/www.boztibbi.com\/wp-content\/uploads\/2019\/04\/suture-needle-icons-dental-s\u00fct\u00fcr-2.png\" alt=\"\" width=\"100\" height=\"14\" class=\"alignnone size-full wp-image-4751\" \/><\/td><td class=\"column-4\">MW3881<\/td><td class=\"column-5\">2\/0<\/td><td class=\"column-6\">3<\/td><td class=\"column-7\">75 cm<\/td><td class=\"column-8\">12<\/td><td class=\"column-9\">Mono<\/td>\n<\/tr>\n<tr class=\"row-13 odd\">\n\t<td class=\"column-4\">MW4958<\/td><td class=\"column-5\">2<\/td><td class=\"column-6\">5<\/td><td class=\"column-7\">75 cm<\/td><td class=\"column-8\">12<\/td><td class=\"column-9\">Mono<\/td>\n<\/tr>\n<tr class=\"row-14 even\">\n\t<td rowspan=\"2\" class=\"column-1\">40 mm<\/td><td rowspan=\"2\" class=\"column-2\">Triangular de corte inverso 1\/2<\/td><td rowspan=\"2\" class=\"column-3\"><img loading=\"lazy\" decoding=\"async\" src=\"https:\/\/www.boztibbi.com\/wp-content\/uploads\/2019\/04\/suture-needle-icons-dental-s\u00fct\u00fcr-2.png\" alt=\"\" width=\"100\" height=\"14\" class=\"alignnone size-full wp-image-4751\" \/><\/td><td class=\"column-4\">MW4743<\/td><td class=\"column-5\">1<\/td><td class=\"column-6\">4<\/td><td class=\"column-7\">4x45 cm<\/td><td class=\"column-8\">12<\/td><td class=\"column-9\">Mono<\/td>\n<\/tr>\n<tr class=\"row-15 odd\">\n\t<td class=\"column-4\">MW5239<\/td><td class=\"column-5\">2<\/td><td class=\"column-6\">5<\/td><td class=\"column-7\">75 cm<\/td><td class=\"column-8\">12<\/td><td class=\"column-9\">Mono<\/td>\n<\/tr>\n<tr class=\"row-16 even\">\n\t<td rowspan=\"4\" class=\"column-1\">48 mm<\/td><td rowspan=\"4\" class=\"column-2\">Triangular de corte inverso 1\/2<\/td><td rowspan=\"4\" class=\"column-3\"><img loading=\"lazy\" decoding=\"async\" src=\"https:\/\/www.boztibbi.com\/wp-content\/uploads\/2019\/04\/suture-needle-icons-dental-s\u00fct\u00fcr-2.png\" alt=\"\" width=\"100\" height=\"14\" class=\"alignnone size-full wp-image-4751\" \/><\/td><td class=\"column-4\">MW5057<\/td><td class=\"column-5\">2<\/td><td class=\"column-6\">5<\/td><td class=\"column-7\">45 cm<\/td><td class=\"column-8\">12<\/td><td class=\"column-9\">Mono<\/td>\n<\/tr>\n<tr class=\"row-17 odd\">\n\t<td class=\"column-4\">MW5151<\/td><td class=\"column-5\">4<\/td><td class=\"column-6\">6<\/td><td class=\"column-7\">4x45 cm<\/td><td class=\"column-8\">12<\/td><td class=\"column-9\">Mono<\/td>\n<\/tr>\n<tr class=\"row-18 even\">\n\t<td class=\"column-4\">MW5169<\/td><td class=\"column-5\">5<\/td><td class=\"column-6\">7<\/td><td class=\"column-7\">4x45 cm<\/td><td class=\"column-8\">12<\/td><td class=\"column-9\">Mono<\/td>\n<\/tr>\n<tr class=\"row-19 odd\">\n\t<td class=\"column-4\">MW5200<\/td><td class=\"column-5\">6<\/td><td class=\"column-6\">8<\/td><td class=\"column-7\">45 cm<\/td><td class=\"column-8\">12<\/td><td class=\"column-9\">Mono<\/td>\n<\/tr>\n<\/tbody>\n<\/table>\n<!-- #tablepress-VMW-ES from cache -->[\/vc_column_text][vc_empty_space height=&#8221;30px&#8221;][vc_column_text]Nuestra gama de productos no se limitan a la lista que tiene a continuaci\u00f3n. Esta solo incluye los productos m\u00e1s populares. Si necesita diferentes tipos de suturas para cirug\u00edas veterinarias, por favor haga clic en el bot\u00f3n debajo para contactarnos y ordenar los productos que necesite.[\/vc_column_text][vc_empty_space][vc_row_inner][vc_column_inner width=&#8221;1\/2&#8243;][vc_column_text]<a class=\"button download square white\" href=\"https:\/\/www.boztibbi.com\/wp-content\/uploads\/2019\/09\/Monowire-Cerrahi-Veteriner-S\u00fct\u00fcrleri-Katalo\u011fu-Boz-T\u0131bbi.pdf\" target=\"_blank\" rel=\"noopener noreferrer\"><i class=\"fa fa-file-text-o\"><\/i>DESCARGAR LA LISTA DE PRODUCTOS<\/a>[\/vc_column_text][\/vc_column_inner][vc_column_inner width=&#8221;1\/2&#8243;][vc_column_text]<a class=\"button download square white\" href=\"https:\/\/www.boztibbi.com\/es\/contacto\/\" target=\"_blank\" rel=\"noopener noreferrer\"><i class=\"fa fa-file-text-o\"><\/i>CONT\u00c1CTENOS<\/a>[\/vc_column_text][\/vc_column_inner][\/vc_row_inner][\/vc_column][\/vc_row]<\/p>\n<\/div>","protected":false},"excerpt":{"rendered":"<p>[vc_row][vc_column width=&#8221;1\/2&#8243;][vc_custom_heading text=&#8221;MONOWIRE&#8221; font_container=&#8221;tag:h1|font_size:50px|text_align:left&#8221; use_theme_fonts=&#8221;yes&#8221;][vc_custom_heading text=&#8221;CABLE DE ACERO INOXIDABLE&#8221; font_container=&#8221;tag:h6|font_size:20px|text_align:left&#8221; use_theme_fonts=&#8221;yes&#8221;][vc_empty_space height=&#8221;20px&#8221;][vc_column_text]Alambre de acero no absorbibleSutura veterinaria[\/vc_column_text][vc_empty_space height=&#8221;20px&#8221;][vc_row_inner][vc_column_inner width=&#8221;1\/2&#8243;][\/vc_column_inner][vc_column_inner width=&#8221;1\/2&#8243;][\/vc_column_inner][\/vc_row_inner][\/vc_column][vc_column width=&#8221;1\/2&#8243;][vc_images_carousel images=&#8221;5524,5523,5525&#8243; img_size=&#8221;full&#8221; onclick=&#8221;link_no&#8221; speed=&#8221;3000&#8243; autoplay=&#8221;yes&#8221; hide_pagination_control=&#8221;yes&#8221; hide_prev_next_buttons=&#8221;yes&#8221; wrap=&#8221;yes&#8221; css_animation=&#8221;fadeInRight&#8221;][\/vc_column][\/vc_row][vc_row][vc_column][vc_column_text]Monowire son suturas quir\u00fargicas de alambre, est\u00e9riles, no absorbibles y de acero inoxidable hechas de AISI 316 LVM, las cuales cumplen con los requisitos de ISO [&hellip;]<\/p>\n","protected":false},"author":1,"featured_media":0,"parent":7720,"menu_order":0,"comment_status":"closed","ping_status":"closed","template":"","meta":{"_acf_changed":false,"footnotes":""},"class_list":["post-7658","page","type-page","status-publish","hentry"],"acf":[],"yoast_head":"<!-- This site is optimized with the Yoast SEO plugin v21.6 - https:\/\/yoast.com\/wordpress\/plugins\/seo\/ -->\n<title>Monowire - Suturas veterinarias no absorbibles - Boz Medical<\/title>\n<meta name=\"description\" content=\"La sutura quir\u00fargica de alambre de acero inoxidable no absorbible tiene estructuras de monofilamento y multifilamento. Las suturas est\u00e1n esterilizan con...\" \/>\n<meta name=\"robots\" content=\"index, follow, max-snippet:-1, max-image-preview:large, max-video-preview:-1\" \/>\n<link rel=\"canonical\" href=\"https:\/\/www.boztibbi.com\/es\/suturas-especiales-para-sectores-quirurgicos\/suturas-para-cirugias-veterinarias\/monowire-suturas-veterinarias-no-absorbibles\/\" \/>\n<meta property=\"og:locale\" content=\"es_ES\" \/>\n<meta property=\"og:type\" content=\"article\" \/>\n<meta property=\"og:title\" content=\"Monowire - Suturas veterinarias no absorbibles - Boz Medical\" \/>\n<meta property=\"og:description\" content=\"La sutura quir\u00fargica de alambre de acero inoxidable no absorbible tiene estructuras de monofilamento y multifilamento. Las suturas est\u00e1n esterilizan con...\" \/>\n<meta property=\"og:url\" content=\"https:\/\/www.boztibbi.com\/es\/suturas-especiales-para-sectores-quirurgicos\/suturas-para-cirugias-veterinarias\/monowire-suturas-veterinarias-no-absorbibles\/\" \/>\n<meta property=\"og:site_name\" content=\"Boz Medical\" \/>\n<meta property=\"article:publisher\" content=\"https:\/\/www.facebook.com\/bozmedical\/\" \/>\n<meta property=\"article:modified_time\" content=\"2024-08-22T10:37:40+00:00\" \/>\n<meta name=\"twitter:card\" content=\"summary_large_image\" \/>\n<meta name=\"twitter:site\" content=\"@bozmedical\" \/>\n<script type=\"application\/ld+json\" class=\"yoast-schema-graph\">{\"@context\":\"https:\/\/schema.org\",\"@graph\":[{\"@type\":\"WebPage\",\"@id\":\"https:\/\/www.boztibbi.com\/es\/suturas-especiales-para-sectores-quirurgicos\/suturas-para-cirugias-veterinarias\/monowire-suturas-veterinarias-no-absorbibles\/\",\"url\":\"https:\/\/www.boztibbi.com\/es\/suturas-especiales-para-sectores-quirurgicos\/suturas-para-cirugias-veterinarias\/monowire-suturas-veterinarias-no-absorbibles\/\",\"name\":\"Monowire - Suturas veterinarias no absorbibles - Boz Medical\",\"isPartOf\":{\"@id\":\"https:\/\/www.boztibbi.com\/#website\"},\"datePublished\":\"2019-09-09T10:40:30+00:00\",\"dateModified\":\"2024-08-22T10:37:40+00:00\",\"description\":\"La sutura quir\u00fargica de alambre de acero inoxidable no absorbible tiene estructuras de monofilamento y multifilamento. Las suturas est\u00e1n esterilizan con...\",\"breadcrumb\":{\"@id\":\"https:\/\/www.boztibbi.com\/es\/suturas-especiales-para-sectores-quirurgicos\/suturas-para-cirugias-veterinarias\/monowire-suturas-veterinarias-no-absorbibles\/#breadcrumb\"},\"inLanguage\":\"es\",\"potentialAction\":[{\"@type\":\"ReadAction\",\"target\":[\"https:\/\/www.boztibbi.com\/es\/suturas-especiales-para-sectores-quirurgicos\/suturas-para-cirugias-veterinarias\/monowire-suturas-veterinarias-no-absorbibles\/\"]}]},{\"@type\":\"BreadcrumbList\",\"@id\":\"https:\/\/www.boztibbi.com\/es\/suturas-especiales-para-sectores-quirurgicos\/suturas-para-cirugias-veterinarias\/monowire-suturas-veterinarias-no-absorbibles\/#breadcrumb\",\"itemListElement\":[{\"@type\":\"ListItem\",\"position\":1,\"name\":\"P\u00e1gina de inicio\",\"item\":\"https:\/\/www.boztibbi.com\/es\/\"},{\"@type\":\"ListItem\",\"position\":2,\"name\":\"Suturas Especiales Para Sectores Quir\u00fargicos\",\"item\":\"https:\/\/www.boztibbi.com\/es\/suturas-especiales-para-sectores-quirurgicos\/\"},{\"@type\":\"ListItem\",\"position\":3,\"name\":\"Suturas para cirug\u00edas veterinarias\",\"item\":\"https:\/\/www.boztibbi.com\/es\/suturas-especiales-para-sectores-quirurgicos\/suturas-para-cirugias-veterinarias\/\"},{\"@type\":\"ListItem\",\"position\":4,\"name\":\"Monowire &#8211; Suturas veterinarias no absorbibles\"}]},{\"@type\":\"WebSite\",\"@id\":\"https:\/\/www.boztibbi.com\/#website\",\"url\":\"https:\/\/www.boztibbi.com\/\",\"name\":\"Boz Medical\",\"description\":\"Suturas quir\u00fargicas, hemost\u00e1ticos absorbibles y mallas quir\u00fargicas\",\"publisher\":{\"@id\":\"https:\/\/www.boztibbi.com\/#organization\"},\"potentialAction\":[{\"@type\":\"SearchAction\",\"target\":{\"@type\":\"EntryPoint\",\"urlTemplate\":\"https:\/\/www.boztibbi.com\/?s={search_term_string}\"},\"query-input\":\"required name=search_term_string\"}],\"inLanguage\":\"es\"},{\"@type\":\"Organization\",\"@id\":\"https:\/\/www.boztibbi.com\/#organization\",\"name\":\"Boz T\u0131bbi Malzeme Sanayi ve Ticaret A.\u015e.\",\"url\":\"https:\/\/www.boztibbi.com\/\",\"logo\":{\"@type\":\"ImageObject\",\"inLanguage\":\"es\",\"@id\":\"https:\/\/www.boztibbi.com\/#\/schema\/logo\/image\/\",\"url\":\"https:\/\/www.boztibbi.com\/wp-content\/uploads\/2018\/08\/boz-t\u0131bbi-malzemeler-medikal-tekstil-t\u00fcrkiye-istanbul-ankara-u\u015fak.png\",\"contentUrl\":\"https:\/\/www.boztibbi.com\/wp-content\/uploads\/2018\/08\/boz-t\u0131bbi-malzemeler-medikal-tekstil-t\u00fcrkiye-istanbul-ankara-u\u015fak.png\",\"width\":1024,\"height\":683,\"caption\":\"Boz T\u0131bbi Malzeme Sanayi ve Ticaret A.\u015e.\"},\"image\":{\"@id\":\"https:\/\/www.boztibbi.com\/#\/schema\/logo\/image\/\"},\"sameAs\":[\"https:\/\/www.facebook.com\/bozmedical\/\",\"https:\/\/twitter.com\/bozmedical\"]}]}<\/script>\n<!-- \/ Yoast SEO plugin. -->","yoast_head_json":{"title":"Monowire - Suturas veterinarias no absorbibles - Boz Medical","description":"La sutura quir\u00fargica de alambre de acero inoxidable no absorbible tiene estructuras de monofilamento y multifilamento. Las suturas est\u00e1n esterilizan con...","robots":{"index":"index","follow":"follow","max-snippet":"max-snippet:-1","max-image-preview":"max-image-preview:large","max-video-preview":"max-video-preview:-1"},"canonical":"https:\/\/www.boztibbi.com\/es\/suturas-especiales-para-sectores-quirurgicos\/suturas-para-cirugias-veterinarias\/monowire-suturas-veterinarias-no-absorbibles\/","og_locale":"es_ES","og_type":"article","og_title":"Monowire - Suturas veterinarias no absorbibles - Boz Medical","og_description":"La sutura quir\u00fargica de alambre de acero inoxidable no absorbible tiene estructuras de monofilamento y multifilamento. Las suturas est\u00e1n esterilizan con...","og_url":"https:\/\/www.boztibbi.com\/es\/suturas-especiales-para-sectores-quirurgicos\/suturas-para-cirugias-veterinarias\/monowire-suturas-veterinarias-no-absorbibles\/","og_site_name":"Boz Medical","article_publisher":"https:\/\/www.facebook.com\/bozmedical\/","article_modified_time":"2024-08-22T10:37:40+00:00","twitter_card":"summary_large_image","twitter_site":"@bozmedical","schema":{"@context":"https:\/\/schema.org","@graph":[{"@type":"WebPage","@id":"https:\/\/www.boztibbi.com\/es\/suturas-especiales-para-sectores-quirurgicos\/suturas-para-cirugias-veterinarias\/monowire-suturas-veterinarias-no-absorbibles\/","url":"https:\/\/www.boztibbi.com\/es\/suturas-especiales-para-sectores-quirurgicos\/suturas-para-cirugias-veterinarias\/monowire-suturas-veterinarias-no-absorbibles\/","name":"Monowire - Suturas veterinarias no absorbibles - Boz Medical","isPartOf":{"@id":"https:\/\/www.boztibbi.com\/#website"},"datePublished":"2019-09-09T10:40:30+00:00","dateModified":"2024-08-22T10:37:40+00:00","description":"La sutura quir\u00fargica de alambre de acero inoxidable no absorbible tiene estructuras de monofilamento y multifilamento. Las suturas est\u00e1n esterilizan con...","breadcrumb":{"@id":"https:\/\/www.boztibbi.com\/es\/suturas-especiales-para-sectores-quirurgicos\/suturas-para-cirugias-veterinarias\/monowire-suturas-veterinarias-no-absorbibles\/#breadcrumb"},"inLanguage":"es","potentialAction":[{"@type":"ReadAction","target":["https:\/\/www.boztibbi.com\/es\/suturas-especiales-para-sectores-quirurgicos\/suturas-para-cirugias-veterinarias\/monowire-suturas-veterinarias-no-absorbibles\/"]}]},{"@type":"BreadcrumbList","@id":"https:\/\/www.boztibbi.com\/es\/suturas-especiales-para-sectores-quirurgicos\/suturas-para-cirugias-veterinarias\/monowire-suturas-veterinarias-no-absorbibles\/#breadcrumb","itemListElement":[{"@type":"ListItem","position":1,"name":"P\u00e1gina de inicio","item":"https:\/\/www.boztibbi.com\/es\/"},{"@type":"ListItem","position":2,"name":"Suturas Especiales Para Sectores Quir\u00fargicos","item":"https:\/\/www.boztibbi.com\/es\/suturas-especiales-para-sectores-quirurgicos\/"},{"@type":"ListItem","position":3,"name":"Suturas para cirug\u00edas veterinarias","item":"https:\/\/www.boztibbi.com\/es\/suturas-especiales-para-sectores-quirurgicos\/suturas-para-cirugias-veterinarias\/"},{"@type":"ListItem","position":4,"name":"Monowire &#8211; Suturas veterinarias no absorbibles"}]},{"@type":"WebSite","@id":"https:\/\/www.boztibbi.com\/#website","url":"https:\/\/www.boztibbi.com\/","name":"Boz Medical","description":"Suturas quir\u00fargicas, hemost\u00e1ticos absorbibles y mallas quir\u00fargicas","publisher":{"@id":"https:\/\/www.boztibbi.com\/#organization"},"potentialAction":[{"@type":"SearchAction","target":{"@type":"EntryPoint","urlTemplate":"https:\/\/www.boztibbi.com\/?s={search_term_string}"},"query-input":"required name=search_term_string"}],"inLanguage":"es"},{"@type":"Organization","@id":"https:\/\/www.boztibbi.com\/#organization","name":"Boz T\u0131bbi Malzeme Sanayi ve Ticaret A.\u015e.","url":"https:\/\/www.boztibbi.com\/","logo":{"@type":"ImageObject","inLanguage":"es","@id":"https:\/\/www.boztibbi.com\/#\/schema\/logo\/image\/","url":"https:\/\/www.boztibbi.com\/wp-content\/uploads\/2018\/08\/boz-t\u0131bbi-malzemeler-medikal-tekstil-t\u00fcrkiye-istanbul-ankara-u\u015fak.png","contentUrl":"https:\/\/www.boztibbi.com\/wp-content\/uploads\/2018\/08\/boz-t\u0131bbi-malzemeler-medikal-tekstil-t\u00fcrkiye-istanbul-ankara-u\u015fak.png","width":1024,"height":683,"caption":"Boz T\u0131bbi Malzeme Sanayi ve Ticaret A.\u015e."},"image":{"@id":"https:\/\/www.boztibbi.com\/#\/schema\/logo\/image\/"},"sameAs":["https:\/\/www.facebook.com\/bozmedical\/","https:\/\/twitter.com\/bozmedical"]}]}},"_links":{"self":[{"href":"https:\/\/www.boztibbi.com\/es\/wp-json\/wp\/v2\/pages\/7658","targetHints":{"allow":["GET"]}}],"collection":[{"href":"https:\/\/www.boztibbi.com\/es\/wp-json\/wp\/v2\/pages"}],"about":[{"href":"https:\/\/www.boztibbi.com\/es\/wp-json\/wp\/v2\/types\/page"}],"author":[{"embeddable":true,"href":"https:\/\/www.boztibbi.com\/es\/wp-json\/wp\/v2\/users\/1"}],"replies":[{"embeddable":true,"href":"https:\/\/www.boztibbi.com\/es\/wp-json\/wp\/v2\/comments?post=7658"}],"version-history":[{"count":3,"href":"https:\/\/www.boztibbi.com\/es\/wp-json\/wp\/v2\/pages\/7658\/revisions"}],"predecessor-version":[{"id":13742,"href":"https:\/\/www.boztibbi.com\/es\/wp-json\/wp\/v2\/pages\/7658\/revisions\/13742"}],"up":[{"embeddable":true,"href":"https:\/\/www.boztibbi.com\/es\/wp-json\/wp\/v2\/pages\/7720"}],"wp:attachment":[{"href":"https:\/\/www.boztibbi.com\/es\/wp-json\/wp\/v2\/media?parent=7658"}],"curies":[{"name":"wp","href":"https:\/\/api.w.org\/{rel}","templated":true}]}}