{"id":7639,"date":"2020-04-08T14:48:55","date_gmt":"2020-04-08T11:48:55","guid":{"rendered":"https:\/\/www.boztibbi.com\/gizlilik-politikasi\/"},"modified":"2021-09-01T15:00:31","modified_gmt":"2021-09-01T12:00:31","slug":"politica-de-privacidad","status":"publish","type":"page","link":"https:\/\/www.boztibbi.com\/es\/politica-de-privacidad\/","title":{"rendered":"Pol\u00edtica de privacidad"},"content":{"rendered":"<div class=\"wpb-content-wrapper\"><p>[vc_row][vc_column][vc_custom_heading text=&#8221;POL\u00cdTICA DE PRIVACIDAD Y PROTECCI\u00d3N DE DATOS PERSONALES&#8221; font_container=&#8221;tag:h3|text_align:left&#8221; use_theme_fonts=&#8221;yes&#8221;][vc_column_text css=&#8221;.vc_custom_1630496834809{padding-top: 20px !important;padding-bottom: 30px !important;}&#8221;]En Boz Medical, damos el m\u00e1ximo cuidado a la seguridad de sus datos personales. Estos se procesan y almacenan de acuerdo con la Ley de Protecci\u00f3n de Datos Personales 6698 (&#8220;GDPR&#8221;).[\/vc_column_text][vc_custom_heading text=&#8221;1 \u00bfC\u00f3mo procesamos sus datos?&#8221; font_container=&#8221;tag:h4|text_align:left&#8221; use_theme_fonts=&#8221;yes&#8221;][vc_column_text css=&#8221;.vc_custom_1630496851808{padding-top: 20px !important;padding-bottom: 30px !important;}&#8221;]Bajo la Ley 6698 GDPR, los datos personales que comparta con Boz Medical pueden ser procesados mediante el registro, almacenamiento, modificaci\u00f3n, reorganizaci\u00f3n total o parcial, de forma autom\u00e1tica o no por nuestra parte. Toda operaci\u00f3n aplicada sobre datos bajo la Ley GDPR es aceptada como &#8220;procesamiento de datos personales&#8221;.[\/vc_column_text][vc_custom_heading text=&#8221;2. Fines del tratamiento de datos personales y motivos legales&#8221; font_container=&#8221;tag:h4|text_align:left&#8221; use_theme_fonts=&#8221;yes&#8221;][vc_column_text css=&#8221;.vc_custom_1630496907100{padding-top: 20px !important;padding-bottom: 30px !important;}&#8221;]Los datos personales que comparta puede que se procesen para brindar los servicios en relaci\u00f3n al acuerdo, la tecnolog\u00eda y para desarrollar los productos y servicios proporcionados,<\/p>\n<p>Proporcionar informaci\u00f3n a las fiscal\u00edas, tribunales y funcionarios p\u00fablicos pertinentes sobre asuntos de seguridad p\u00fablica y disputas legales, previa solicitud y de conformidad con la legislaci\u00f3n,<\/p>\n<p>Ofrecer un amplio rango de oportunidades a nuestros miembros o compartir estas oportunidades con personas o instituciones que puedan ofrecerlas dentro del marco legal,<\/p>\n<p>Para analizar las preferencias publicitarias,<\/p>\n<p>De acuerdo con las regulaciones secundarias relacionadas con 6698 GDPR.[\/vc_column_text][vc_custom_heading text=&#8221;3. Informaci\u00f3n sobre terceras partes u organizaciones a las que se pueden transferir sus datos personales&#8221; font_container=&#8221;tag:h4|text_align:left&#8221; use_theme_fonts=&#8221;yes&#8221;][vc_column_text css=&#8221;.vc_custom_1630496938406{padding-top: 20px !important;padding-bottom: 30px !important;}&#8221;]Para los prop\u00f3sitos antes comentados, Boz Medical puede compartir sus datos personales a nuestros principales accionistas, publicistas, filiales nacionales \/ extranjeras directas o indirectas y, sin limitaci\u00f3n alguna, a organizaciones asociadas al programa, organizaciones nacionales \/ internacionales y a otras terceras partes que utilizan la infraestructura, el personal y las organizaciones relacionadas con el servicio de Boz Medical, recibiendo el servicio, cooperando.<\/p>\n<p>Nuestras regulaciones relacionadas con los cookies con fines publicitarios se proporcionan en la &#8220;Pol\u00edtica de cookies de Boz Medical&#8221; y esta pol\u00edtica est\u00e1 incluida en la &#8220;Pol\u00edtica de privacidad y protecci\u00f3n de datos personales&#8221;. Haga clic aqu\u00ed para obtener m\u00e1s informaci\u00f3n sobre nuestras cookies. (Puede ver ejemplos de pol\u00edticas de cookies en el enlace al final de este documento).[\/vc_column_text][vc_custom_heading text=&#8221;4. M\u00e9todos de recopilaci\u00f3n de datos personales&#8221; font_container=&#8221;tag:h4|text_align:left&#8221; use_theme_fonts=&#8221;yes&#8221;][vc_column_text css=&#8221;.vc_custom_1630497037526{padding-top: 20px !important;padding-bottom: 30px !important;}&#8221;]Informaci\u00f3n personal,<\/p>\n<p>Boz Medical puede procesarlos y recopilarlos de los formularios en el p\u00e1gina web, aplicaciones m\u00f3viles, de informaciones que facilite como nombre, apellido, direcci\u00f3n, tel\u00e9fono, direcci\u00f3n de correo electr\u00f3nico privado o comercial, las preferencias en las p\u00e1ginas visitadas con el nombre de usuario y la contrase\u00f1a, el Registros de IP de las transacciones realizadas, los datos de cookies recopilados por el navegador y el tiempo de navegaci\u00f3n;<\/p>\n<p>Desde el entorno f\u00edsico o virtual, presencial o por escrito, verbal, escrito o a trav\u00e9s de personas que comparten sus datos personales en tarjetas de presentaci\u00f3n, CV, licitaciones y de otras maneras como establecer una relaci\u00f3n comercial con Boz Medical, la postulaci\u00f3n para un trabajo, presentaci\u00f3n de ofertas, etc.;<\/p>\n<p>Datos obtenidos de p\u00e1ginas web y redes sociales indirectamente tomados de diversos canales, que se facilitaron en sitios web, blogs, concursos, encuestas, juegos, campa\u00f1as, lectura de boletines electr\u00f3nicos o movimientos de clics, datos proporcionados por bases de datos p\u00fablicas y de perfiles, y datos disponibles a compartirse desde plataformas de redes sociales (Facebook, Twitter, Google, Instagram, Snapchat, etc.[\/vc_column_text][vc_custom_heading text=&#8221;5. Sus datos personales obtenidos antes del Reglamento GDPR&#8221; font_container=&#8221;tag:h4|text_align:left&#8221; use_theme_fonts=&#8221;yes&#8221;][vc_column_text css=&#8221;.vc_custom_1630497062860{padding-top: 20px !important;padding-bottom: 30px !important;}&#8221;]Boz Medical no posee ninguno de sus datos personales antes de que el reglamento GDPR entrara en vigor el 7 de abril del 2016 (si su p\u00e1gina web estaba recopilando datos antes de esta fecha, necesita determinar c\u00f3mo estos se procesaron y almacenaron.)[\/vc_column_text][vc_custom_heading text=&#8221;6. Transferencia de datos personales&#8221; font_container=&#8221;tag:h4|text_align:left&#8221; use_theme_fonts=&#8221;yes&#8221;][vc_column_text css=&#8221;.vc_custom_1630497164319{padding-top: 20px !important;padding-bottom: 30px !important;}&#8221;]Los datos recopilados para ser procesados en Turqu\u00eda o fuera de esta pero almacenados en el pa\u00eds se pueden transferir a proveedores de servicios en el extranjero siguiendo el alcance del RGPD para la recopilaci\u00f3n de datos personales y en relaci\u00f3n al acuerdo (de los pa\u00edses acreditados por la Junta de Datos Personales y donde existe suficiente protecci\u00f3n para la protecci\u00f3n de estos).<\/p>\n<p>Sus datos personales pueden ser transferidos<\/p>\n<p>a nuestros socios comerciales con los que colaboramos y\/o recibimos servicio para presentar y promover los productos y servicios,<\/p>\n<p>a las autoridades responsables que dar\u00e1n con su ubicaci\u00f3n en caso de alguna llamada de emergencia,<\/p>\n<p>a ilas nstituciones reguladoras, supervisoras y otras oficiales como tribunales y oficinas para el cumplimiento de la ley, instituciones u organizaciones p\u00fablicas que est\u00e9n autorizadas a solicitar sus datos personales,<\/p>\n<p>a personas jur\u00eddicas que tengan relaci\u00f3n comercial con Boz Medical y tengan registrado su n\u00famero de tel\u00e9fono.[\/vc_column_text][vc_custom_heading text=&#8221;7. Almacenamiento y protecci\u00f3n de datos personales&#8221; font_container=&#8221;tag:h4|text_align:left&#8221; use_theme_fonts=&#8221;yes&#8221;][vc_column_text css=&#8221;.vc_custom_1630497189522{padding-top: 20px !important;padding-bottom: 30px !important;}&#8221;]Boz Medical es responsable de tomar las precauciones de software necesarias, como hash, cifrado, registros de transacciones, m\u00e9todos de acceso y medidas de seguridad f\u00edsica para los sistemas y bases de datos que almacenen datos personales, evitando el acceso ilegal o no autorizado seg\u00fan el art\u00edculo 12 de GDPR y garantizando su seguridad. Si se descubre que los datos personales han sido obtenidos por personas no autorizadas de forma ilegal, se informar\u00e1 por escrito a la Junta de Protecci\u00f3n de Datos Personales inmediatamente, siguiendo la normativa legal.[\/vc_column_text][vc_custom_heading text=&#8221;8. Actualizaci\u00f3n y precisi\u00f3n de los datos personales&#8221; font_container=&#8221;tag:h4|text_align:left&#8221; use_theme_fonts=&#8221;yes&#8221;][vc_column_text css=&#8221;.vc_custom_1630497213511{padding-top: 20px !important;padding-bottom: 30px !important;}&#8221;]Seg\u00fan el art\u00edculo 4 del RGPD, Boz Medical es responsable de mantener sus datos personales precisos y actualizados. En consecuencia, nuestros miembros deben compartir datos precisos y actualizados o actualizar sus datos en la p\u00e1gina web\/aplicaci\u00f3n m\u00f3vil para que Boz Medical pueda asumir este compromiso.[\/vc_column_text][vc_custom_heading text=&#8221;9. Derechos del titular de los datos personales seg\u00fan 6698 GDPR&#8221; font_container=&#8221;tag:h4|text_align:left&#8221; use_theme_fonts=&#8221;yes&#8221;][vc_column_text css=&#8221;.vc_custom_1630497381960{padding-top: 20px !important;padding-bottom: 30px !important;}&#8221;]Siguiendo el art\u00edculo 11 de la KVKK No. 6698 que entr\u00f3 en vigor el 07 de octubre de 2016 y otros art\u00edculos afines, los derechos del titular de los datos personales despu\u00e9s de esta fecha son los siguientes:<\/p>\n<p>El titular de los datos personales puede solicitar a Boz Medical (supervisor de datos):<\/p>\n<p>Saber si se procesan sus datos personales.<\/p>\n<p>Solicitar informaci\u00f3n si se procesan sus datos personales.<\/p>\n<p>Saber qui\u00e9nes son las terceras partes involucradas a nivel nacional o internacional a las que se transfieren sus datos personales.<\/p>\n<p>Pedir la correcci\u00f3n de sus datos personales en caso de que falten o sean incorrectos.<\/p>\n<p>Eliminar\/destruir sus datos personales de acuerdo con el art\u00edculo 7 de TPDPL,<\/p>\n<p>Notificar a terceras partes que los datos personales se transfieren cuando estos se corrigen, eliminan o destruyen,<\/p>\n<p>Objetar cualquier resultado en detrimento suyo si los datos procesados se analizan exclusivamente mediante sistemas autom\u00e1ticos.[\/vc_column_text][vc_custom_heading text=&#8221;10. M\u00e9todo de comunicaci\u00f3n y aplicaci\u00f3n&#8221; font_container=&#8221;tag:h4|text_align:left&#8221; use_theme_fonts=&#8221;yes&#8221;][vc_column_text css=&#8221;.vc_custom_1630497436690{padding-top: 20px !important;padding-bottom: 30px !important;}&#8221;]Quien represente al supervisor de datos designado por Boz Medical se anunciar\u00e1 en el Registro del Supervisor de Datos y en el sitio web donde se encuentre este documento cuando se cree la infraestructura legal.<\/p>\n<p>Los titulares de datos personales pueden enviar preguntas, opiniones o solicitudes a boz@boztibbi.com<\/p>\n<p>Boz Medical le brindar\u00e1 una respuesta positiva\/negativa a las solicitudes en formato escrito o digital en un marco de 30 d\u00edas. Los procesos relacionados a las demandas ser\u00e1n gratuitos. Sin embargo, Boz Medical se reserva el derecho de exigir una tarifa si este proceso incurre en alg\u00fan costo. Dichas tarifas son establecidas por la Junta de Protecci\u00f3n de Datos Personales sobre la tarifa determinada de acuerdo con el art\u00edculo 13 de la Ley de Protecci\u00f3n de Datos Personales.<\/p>\n<p>Cuando comparte sus datos personales en nuestra p\u00e1gina web, aplicaciones y otros canales, acepta y declara m\u00e9todos de procesamiento, transferencia, venta y otros temas relacionados con nuestra pol\u00edtica en la p\u00e1gina de Boz Medical, canales de medios y canales de redes sociales, a la vez que comparte sus datos personales con terceros, de acuerdo con nuestra pol\u00edtica de privacidad. Consulte a Boz Medical antes de usar sus derechos legales como se expresa en GDPR.<\/p>\n<p>Este acuerdo fue actualizado por \u00faltima vez el 01\/04\/2020.[\/vc_column_text][\/vc_column][\/vc_row][vc_row][vc_column width=&#8221;1\/3&#8243;][vc_empty_space height=&#8221;30px&#8221;][vc_column_text]<a class=\"button download square white\" href=\"https:\/\/www.boztibbi.com\/es\/politica-de-privacidad\/\" target=\"_blank\" rel=\"noopener noreferrer\"><i class=\"fa fa-angle-double-right\"><\/i>Pol\u00edtica de privacidad<\/a>[\/vc_column_text][\/vc_column][vc_column width=&#8221;1\/3&#8243;][vc_empty_space height=&#8221;30px&#8221;][vc_column_text]<a class=\"button download square white\" href=\"https:\/\/www.boztibbi.com\/es\/cookies\/\" target=\"_blank\" rel=\"noopener noreferrer\"><i class=\"fa fa-angle-double-right\"><\/i>Cookies<\/a>[\/vc_column_text][\/vc_column][vc_column width=&#8221;1\/3&#8243;][vc_empty_space height=&#8221;30px&#8221;][vc_column_text]<a class=\"button download square white\" href=\"https:\/\/www.boztibbi.com\/kisisel-verileri-koruma-kanunu\/\" target=\"_blank\" rel=\"noopener noreferrer\"><i class=\"fa fa-angle-double-right\"><\/i>K.V.K. Kanunu<\/a>[\/vc_column_text][\/vc_column][\/vc_row]<\/p>\n<\/div>","protected":false},"excerpt":{"rendered":"<p>[vc_row][vc_column][vc_custom_heading text=&#8221;POL\u00cdTICA DE PRIVACIDAD Y PROTECCI\u00d3N DE DATOS PERSONALES&#8221; font_container=&#8221;tag:h3|text_align:left&#8221; use_theme_fonts=&#8221;yes&#8221;][vc_column_text css=&#8221;.vc_custom_1630496834809{padding-top: 20px !important;padding-bottom: 30px !important;}&#8221;]En Boz Medical, damos el m\u00e1ximo cuidado a la seguridad de sus datos personales. Estos se procesan y almacenan de acuerdo con la Ley de Protecci\u00f3n de Datos Personales 6698 (&#8220;GDPR&#8221;).[\/vc_column_text][vc_custom_heading text=&#8221;1 \u00bfC\u00f3mo procesamos sus datos?&#8221; font_container=&#8221;tag:h4|text_align:left&#8221; use_theme_fonts=&#8221;yes&#8221;][vc_column_text css=&#8221;.vc_custom_1630496851808{padding-top: 20px [&hellip;]<\/p>\n","protected":false},"author":1,"featured_media":0,"parent":0,"menu_order":0,"comment_status":"closed","ping_status":"closed","template":"","meta":{"_acf_changed":false,"footnotes":""},"class_list":["post-7639","page","type-page","status-publish","hentry"],"acf":[],"yoast_head":"<!-- This site is optimized with the Yoast SEO plugin v21.6 - https:\/\/yoast.com\/wordpress\/plugins\/seo\/ -->\n<title>Pol\u00edtica de privacidad - Boz Medical<\/title>\n<meta name=\"robots\" content=\"index, follow, max-snippet:-1, max-image-preview:large, max-video-preview:-1\" \/>\n<link rel=\"canonical\" href=\"https:\/\/www.boztibbi.com\/es\/politica-de-privacidad\/\" \/>\n<meta property=\"og:locale\" content=\"es_ES\" \/>\n<meta property=\"og:type\" content=\"article\" \/>\n<meta property=\"og:title\" content=\"Pol\u00edtica de privacidad - Boz Medical\" \/>\n<meta property=\"og:description\" content=\"[vc_row][vc_column][vc_custom_heading text=&#8221;POL\u00cdTICA DE PRIVACIDAD Y PROTECCI\u00d3N DE DATOS PERSONALES&#8221; font_container=&#8221;tag:h3|text_align:left&#8221; use_theme_fonts=&#8221;yes&#8221;][vc_column_text css=&#8221;.vc_custom_1630496834809{padding-top: 20px !important;padding-bottom: 30px !important;}&#8221;]En Boz Medical, damos el m\u00e1ximo cuidado a la seguridad de sus datos personales. Estos se procesan y almacenan de acuerdo con la Ley de Protecci\u00f3n de Datos Personales 6698 (&#8220;GDPR&#8221;).[\/vc_column_text][vc_custom_heading text=&#8221;1 \u00bfC\u00f3mo procesamos sus datos?&#8221; font_container=&#8221;tag:h4|text_align:left&#8221; use_theme_fonts=&#8221;yes&#8221;][vc_column_text css=&#8221;.vc_custom_1630496851808{padding-top: 20px [&hellip;]\" \/>\n<meta property=\"og:url\" content=\"https:\/\/www.boztibbi.com\/es\/politica-de-privacidad\/\" \/>\n<meta property=\"og:site_name\" content=\"Boz Medical\" \/>\n<meta property=\"article:publisher\" content=\"https:\/\/www.facebook.com\/bozmedical\/\" \/>\n<meta property=\"article:modified_time\" content=\"2021-09-01T12:00:31+00:00\" \/>\n<meta name=\"twitter:card\" content=\"summary_large_image\" \/>\n<meta name=\"twitter:site\" content=\"@bozmedical\" \/>\n<script type=\"application\/ld+json\" class=\"yoast-schema-graph\">{\"@context\":\"https:\/\/schema.org\",\"@graph\":[{\"@type\":\"WebPage\",\"@id\":\"https:\/\/www.boztibbi.com\/es\/politica-de-privacidad\/\",\"url\":\"https:\/\/www.boztibbi.com\/es\/politica-de-privacidad\/\",\"name\":\"Pol\u00edtica de privacidad - Boz Medical\",\"isPartOf\":{\"@id\":\"https:\/\/www.boztibbi.com\/#website\"},\"datePublished\":\"2020-04-08T11:48:55+00:00\",\"dateModified\":\"2021-09-01T12:00:31+00:00\",\"breadcrumb\":{\"@id\":\"https:\/\/www.boztibbi.com\/es\/politica-de-privacidad\/#breadcrumb\"},\"inLanguage\":\"es\",\"potentialAction\":[{\"@type\":\"ReadAction\",\"target\":[\"https:\/\/www.boztibbi.com\/es\/politica-de-privacidad\/\"]}]},{\"@type\":\"BreadcrumbList\",\"@id\":\"https:\/\/www.boztibbi.com\/es\/politica-de-privacidad\/#breadcrumb\",\"itemListElement\":[{\"@type\":\"ListItem\",\"position\":1,\"name\":\"P\u00e1gina de inicio\",\"item\":\"https:\/\/www.boztibbi.com\/es\/\"},{\"@type\":\"ListItem\",\"position\":2,\"name\":\"Pol\u00edtica de privacidad\"}]},{\"@type\":\"WebSite\",\"@id\":\"https:\/\/www.boztibbi.com\/#website\",\"url\":\"https:\/\/www.boztibbi.com\/\",\"name\":\"Boz Medical\",\"description\":\"Suturas quir\u00fargicas, hemost\u00e1ticos absorbibles y mallas quir\u00fargicas\",\"publisher\":{\"@id\":\"https:\/\/www.boztibbi.com\/#organization\"},\"potentialAction\":[{\"@type\":\"SearchAction\",\"target\":{\"@type\":\"EntryPoint\",\"urlTemplate\":\"https:\/\/www.boztibbi.com\/?s={search_term_string}\"},\"query-input\":\"required name=search_term_string\"}],\"inLanguage\":\"es\"},{\"@type\":\"Organization\",\"@id\":\"https:\/\/www.boztibbi.com\/#organization\",\"name\":\"Boz T\u0131bbi Malzeme Sanayi ve Ticaret A.\u015e.\",\"url\":\"https:\/\/www.boztibbi.com\/\",\"logo\":{\"@type\":\"ImageObject\",\"inLanguage\":\"es\",\"@id\":\"https:\/\/www.boztibbi.com\/#\/schema\/logo\/image\/\",\"url\":\"https:\/\/www.boztibbi.com\/wp-content\/uploads\/2018\/08\/boz-t\u0131bbi-malzemeler-medikal-tekstil-t\u00fcrkiye-istanbul-ankara-u\u015fak.png\",\"contentUrl\":\"https:\/\/www.boztibbi.com\/wp-content\/uploads\/2018\/08\/boz-t\u0131bbi-malzemeler-medikal-tekstil-t\u00fcrkiye-istanbul-ankara-u\u015fak.png\",\"width\":1024,\"height\":683,\"caption\":\"Boz T\u0131bbi Malzeme Sanayi ve Ticaret A.\u015e.\"},\"image\":{\"@id\":\"https:\/\/www.boztibbi.com\/#\/schema\/logo\/image\/\"},\"sameAs\":[\"https:\/\/www.facebook.com\/bozmedical\/\",\"https:\/\/twitter.com\/bozmedical\"]}]}<\/script>\n<!-- \/ Yoast SEO plugin. -->","yoast_head_json":{"title":"Pol\u00edtica de privacidad - Boz Medical","robots":{"index":"index","follow":"follow","max-snippet":"max-snippet:-1","max-image-preview":"max-image-preview:large","max-video-preview":"max-video-preview:-1"},"canonical":"https:\/\/www.boztibbi.com\/es\/politica-de-privacidad\/","og_locale":"es_ES","og_type":"article","og_title":"Pol\u00edtica de privacidad - Boz Medical","og_description":"[vc_row][vc_column][vc_custom_heading text=&#8221;POL\u00cdTICA DE PRIVACIDAD Y PROTECCI\u00d3N DE DATOS PERSONALES&#8221; font_container=&#8221;tag:h3|text_align:left&#8221; use_theme_fonts=&#8221;yes&#8221;][vc_column_text css=&#8221;.vc_custom_1630496834809{padding-top: 20px !important;padding-bottom: 30px !important;}&#8221;]En Boz Medical, damos el m\u00e1ximo cuidado a la seguridad de sus datos personales. Estos se procesan y almacenan de acuerdo con la Ley de Protecci\u00f3n de Datos Personales 6698 (&#8220;GDPR&#8221;).[\/vc_column_text][vc_custom_heading text=&#8221;1 \u00bfC\u00f3mo procesamos sus datos?&#8221; font_container=&#8221;tag:h4|text_align:left&#8221; use_theme_fonts=&#8221;yes&#8221;][vc_column_text css=&#8221;.vc_custom_1630496851808{padding-top: 20px [&hellip;]","og_url":"https:\/\/www.boztibbi.com\/es\/politica-de-privacidad\/","og_site_name":"Boz Medical","article_publisher":"https:\/\/www.facebook.com\/bozmedical\/","article_modified_time":"2021-09-01T12:00:31+00:00","twitter_card":"summary_large_image","twitter_site":"@bozmedical","schema":{"@context":"https:\/\/schema.org","@graph":[{"@type":"WebPage","@id":"https:\/\/www.boztibbi.com\/es\/politica-de-privacidad\/","url":"https:\/\/www.boztibbi.com\/es\/politica-de-privacidad\/","name":"Pol\u00edtica de privacidad - Boz Medical","isPartOf":{"@id":"https:\/\/www.boztibbi.com\/#website"},"datePublished":"2020-04-08T11:48:55+00:00","dateModified":"2021-09-01T12:00:31+00:00","breadcrumb":{"@id":"https:\/\/www.boztibbi.com\/es\/politica-de-privacidad\/#breadcrumb"},"inLanguage":"es","potentialAction":[{"@type":"ReadAction","target":["https:\/\/www.boztibbi.com\/es\/politica-de-privacidad\/"]}]},{"@type":"BreadcrumbList","@id":"https:\/\/www.boztibbi.com\/es\/politica-de-privacidad\/#breadcrumb","itemListElement":[{"@type":"ListItem","position":1,"name":"P\u00e1gina de inicio","item":"https:\/\/www.boztibbi.com\/es\/"},{"@type":"ListItem","position":2,"name":"Pol\u00edtica de privacidad"}]},{"@type":"WebSite","@id":"https:\/\/www.boztibbi.com\/#website","url":"https:\/\/www.boztibbi.com\/","name":"Boz Medical","description":"Suturas quir\u00fargicas, hemost\u00e1ticos absorbibles y mallas quir\u00fargicas","publisher":{"@id":"https:\/\/www.boztibbi.com\/#organization"},"potentialAction":[{"@type":"SearchAction","target":{"@type":"EntryPoint","urlTemplate":"https:\/\/www.boztibbi.com\/?s={search_term_string}"},"query-input":"required name=search_term_string"}],"inLanguage":"es"},{"@type":"Organization","@id":"https:\/\/www.boztibbi.com\/#organization","name":"Boz T\u0131bbi Malzeme Sanayi ve Ticaret A.\u015e.","url":"https:\/\/www.boztibbi.com\/","logo":{"@type":"ImageObject","inLanguage":"es","@id":"https:\/\/www.boztibbi.com\/#\/schema\/logo\/image\/","url":"https:\/\/www.boztibbi.com\/wp-content\/uploads\/2018\/08\/boz-t\u0131bbi-malzemeler-medikal-tekstil-t\u00fcrkiye-istanbul-ankara-u\u015fak.png","contentUrl":"https:\/\/www.boztibbi.com\/wp-content\/uploads\/2018\/08\/boz-t\u0131bbi-malzemeler-medikal-tekstil-t\u00fcrkiye-istanbul-ankara-u\u015fak.png","width":1024,"height":683,"caption":"Boz T\u0131bbi Malzeme Sanayi ve Ticaret A.\u015e."},"image":{"@id":"https:\/\/www.boztibbi.com\/#\/schema\/logo\/image\/"},"sameAs":["https:\/\/www.facebook.com\/bozmedical\/","https:\/\/twitter.com\/bozmedical"]}]}},"_links":{"self":[{"href":"https:\/\/www.boztibbi.com\/es\/wp-json\/wp\/v2\/pages\/7639","targetHints":{"allow":["GET"]}}],"collection":[{"href":"https:\/\/www.boztibbi.com\/es\/wp-json\/wp\/v2\/pages"}],"about":[{"href":"https:\/\/www.boztibbi.com\/es\/wp-json\/wp\/v2\/types\/page"}],"author":[{"embeddable":true,"href":"https:\/\/www.boztibbi.com\/es\/wp-json\/wp\/v2\/users\/1"}],"replies":[{"embeddable":true,"href":"https:\/\/www.boztibbi.com\/es\/wp-json\/wp\/v2\/comments?post=7639"}],"version-history":[{"count":2,"href":"https:\/\/www.boztibbi.com\/es\/wp-json\/wp\/v2\/pages\/7639\/revisions"}],"predecessor-version":[{"id":7641,"href":"https:\/\/www.boztibbi.com\/es\/wp-json\/wp\/v2\/pages\/7639\/revisions\/7641"}],"wp:attachment":[{"href":"https:\/\/www.boztibbi.com\/es\/wp-json\/wp\/v2\/media?parent=7639"}],"curies":[{"name":"wp","href":"https:\/\/api.w.org\/{rel}","templated":true}]}}