{"id":7636,"date":"2020-04-08T14:59:04","date_gmt":"2020-04-08T11:59:04","guid":{"rendered":"https:\/\/www.boztibbi.com\/cerez-politikasi\/"},"modified":"2021-09-01T15:02:20","modified_gmt":"2021-09-01T12:02:20","slug":"cookies","status":"publish","type":"page","link":"https:\/\/www.boztibbi.com\/es\/cookies\/","title":{"rendered":"Cookies"},"content":{"rendered":"<div class=\"wpb-content-wrapper\"><p>[vc_row][vc_column][vc_custom_heading text=&#8221;\u00bfQui\u00e9nes somos?&#8221; font_container=&#8221;tag:h3|text_align:left&#8221; use_theme_fonts=&#8221;yes&#8221;][vc_column_text css=&#8221;.vc_custom_1586346821410{padding-top: 20px !important;padding-bottom: 30px !important;}&#8221;]BOZ TIBB\u0130 MALZEME SANAY\u0130 ve T\u0130CARET ANON\u0130M \u015e\u0130RKET\u0130[\/vc_column_text][vc_custom_heading text=&#8221;\u00bfPor qu\u00e9 recopilamos datos personales?&#8221; font_container=&#8221;tag:h4|text_align:left&#8221; use_theme_fonts=&#8221;yes&#8221;][vc_column_text css=&#8221;.vc_custom_1630496658715{padding-top: 20px !important;padding-bottom: 30px !important;}&#8221;]<\/p>\n<h3><strong>Comentarios<\/strong><\/h3>\n<p>Cuando los visitantes dejen un comentario en la p\u00e1gina web, tomamos la direcci\u00f3n IP del visitante y la informaci\u00f3n del navegador para detectar si es spam y mostrar los detalles del comentario.<\/p>\n<p>Es posible que su correo electr\u00f3nico se proporcione a un servicio Gravat (referido a hash) para verificar si est\u00e1 utilizando el servicio. La pol\u00edtica de privacidad de Gravatar est\u00e1 disponible en esta direcci\u00f3n: https:\/\/automattic.com\/privacy\/ Luego de aprobarse su comentario, su foto de perfil y su comentario ser\u00e1n visibles para todos.<\/p>\n<h3>Ambiente<\/h3>\n<p>Si carga las im\u00e1genes en la p\u00e1gina web, por favor evite hacerlo con datos de ubicaci\u00f3n incrustrado (GPS EXIF). Los visitantes de la p\u00e1gina pueden obtener los datos de ubicaci\u00f3n de cualquier imagen en la p\u00e1gina.<\/p>\n<h3>Formulario de contacto<\/h3>\n<p>Deje un comentario en nuestra p\u00e1gina web, puede escoger guardar su nombre, su correo electr\u00f3nico y p\u00e1gina web para los cookies. Es solo por conveniencia, as\u00ed no ser\u00eda necesario ingresar de nuevo su informaci\u00f3n cuando deje otro comentario en el futuro. Esos cookies se almacenan por un a\u00f1o.<\/p>\n<p>Si visita nuestra p\u00e1gina, usaremos cookies temporales para preguntar si acepta los navegadores. Estos cookies no registran ning\u00fan dato personal y se eliminan cuando cierra el navegador.<\/p>\n<p>Cuando inicie sesi\u00f3n, almacenaremos algunos cookies para guardar su datos de inicio de sesi\u00f3n y selecciones de vista de pantalla. Los cookies de inicio se guardan por dos d\u00edas y los de opci\u00f3n de pantalla por un a\u00f1o. Si escoge la opci\u00f3n de &#8220;Recordarme&#8221;, su inicio de sesi\u00f3n se almacenar\u00e1 por dos semanas. Si cierra la sesi\u00f3n de su cuenta, se eliminar\u00e1n los cookies de inicio de sesi\u00f3n.<\/p>\n<p>Se almacena un cookie adicional en su navegador si edita o publica un art\u00edculo. Esta no contiene ninguna informaci\u00f3n de sus datos personales y muestra solo la identidad del art\u00edculo que ha editado\/publicado. Este cookie se almacena por un d\u00eda.<\/p>\n<h3>Contenido incrustado<\/h3>\n<p>Los art\u00edculos en esta p\u00e1gina web pueden contener contenidos incrustados (videos, im\u00e1genes, art\u00edculos, etc.). El contenido incrustado en otras p\u00e1ginas webs tomar\u00e1 en cuenta que visita esa p\u00e1gina en particular.<\/p>\n<p>Estas p\u00e1ginas web pueden recopilar datos sobre su persona, usar cookies, realizar un seguimiento con contenido incrustados de terceros y si tiene una cuenta e inici\u00f3n de sesi\u00f3n en esta p\u00e1gina, las otras pueden monitorear su interacci\u00f3n con este contenido incrustado, incluyendo el monitoreo de su interacci\u00f3n con la p\u00e1gina web, entre otros.<\/p>\n<h3>An\u00e1lisis<\/h3>\n<p>Si deja un comentario, este y los metadatos se almacenar\u00e1n indefinidamente. De esta forma, puede autom\u00e1ticamente reconocerse y obtener la aprobaci\u00f3n de sus comentarios siguientes en vez de esperar la auditor\u00eda y aprobaci\u00f3n.<\/p>\n<p>Almacenamos los datos personales que los individuos proporcionan en el perfil de usuario (si corresponde) al registrar el mismo en nuestra p\u00e1gina web. Todos los usuarios pueden ver, editar o eliminar sus datos personales cuando lo desee (excepto al cambiar el nombre de usuario). Los administradores de la p\u00e1gina pueden ver y editar estos datos.<\/p>\n<p>Si tiene una cuenta o comentario en esta p\u00e1gina, puede solicitar que todos sus datos personales, incluidos aquellos que nos ha proporcionado, se les sean dados en un formato de archivo exportado. Adem\u00e1s, puede solicitarnos que eliminemos todos esos datos. Tales solicitudes no incluyen ning\u00fan dato personal necesario para que cumplamos con prop\u00f3sitos legales y de seguridad.<\/p>\n<p>Los comentarios de los visitantes son controlados por un servicio de detecci\u00f3n autom\u00e1tica de spam.[\/vc_column_text][\/vc_column][\/vc_row][vc_row][vc_column width=&#8221;1\/3&#8243;][vc_empty_space height=&#8221;30px&#8221;][vc_column_text]<a class=\"button download square white\" href=\"https:\/\/www.boztibbi.com\/es\/politica-de-privacidad\/\" target=\"_blank\" rel=\"noopener noreferrer\"><i class=\"fa fa-angle-double-right\"><\/i>Pol\u00edtica de privacidad<\/a>[\/vc_column_text][\/vc_column][vc_column width=&#8221;1\/3&#8243;][vc_empty_space height=&#8221;30px&#8221;][vc_column_text]<a class=\"button download square white\" href=\"https:\/\/www.boztibbi.com\/es\/cerez-politikasi\/\" target=\"_blank\" rel=\"noopener noreferrer\"><i class=\"fa fa-angle-double-right\"><\/i>Cookies<\/a>[\/vc_column_text][\/vc_column][vc_column width=&#8221;1\/3&#8243;][vc_empty_space height=&#8221;30px&#8221;][vc_column_text]<a class=\"button download square white\" href=\"https:\/\/www.boztibbi.com\/kisisel-verileri-koruma-kanunu\/\" target=\"_blank\" rel=\"noopener noreferrer\"><i class=\"fa fa-angle-double-right\"><\/i>K.V.K. Kanunu<\/a>[\/vc_column_text][\/vc_column][\/vc_row]<\/p>\n<\/div>","protected":false},"excerpt":{"rendered":"<p>[vc_row][vc_column][vc_custom_heading text=&#8221;\u00bfQui\u00e9nes somos?&#8221; font_container=&#8221;tag:h3|text_align:left&#8221; use_theme_fonts=&#8221;yes&#8221;][vc_column_text css=&#8221;.vc_custom_1586346821410{padding-top: 20px !important;padding-bottom: 30px !important;}&#8221;]BOZ TIBB\u0130 MALZEME SANAY\u0130 ve T\u0130CARET ANON\u0130M \u015e\u0130RKET\u0130[\/vc_column_text][vc_custom_heading text=&#8221;\u00bfPor qu\u00e9 recopilamos datos personales?&#8221; font_container=&#8221;tag:h4|text_align:left&#8221; use_theme_fonts=&#8221;yes&#8221;][vc_column_text css=&#8221;.vc_custom_1630496658715{padding-top: 20px !important;padding-bottom: 30px !important;}&#8221;] Comentarios Cuando los visitantes dejen un comentario en la p\u00e1gina web, tomamos la direcci\u00f3n IP del visitante y la informaci\u00f3n del navegador para detectar si es [&hellip;]<\/p>\n","protected":false},"author":1,"featured_media":0,"parent":0,"menu_order":0,"comment_status":"closed","ping_status":"closed","template":"","meta":{"_acf_changed":false,"footnotes":""},"class_list":["post-7636","page","type-page","status-publish","hentry"],"acf":[],"yoast_head":"<!-- This site is optimized with the Yoast SEO plugin v21.6 - https:\/\/yoast.com\/wordpress\/plugins\/seo\/ -->\n<title>Cookies<\/title>\n<meta name=\"robots\" content=\"index, follow, max-snippet:-1, max-image-preview:large, max-video-preview:-1\" \/>\n<link rel=\"canonical\" href=\"https:\/\/www.boztibbi.com\/es\/cookies\/\" \/>\n<meta property=\"og:locale\" content=\"es_ES\" \/>\n<meta property=\"og:type\" content=\"article\" \/>\n<meta property=\"og:title\" content=\"Cookies\" \/>\n<meta property=\"og:description\" content=\"[vc_row][vc_column][vc_custom_heading text=&#8221;\u00bfQui\u00e9nes somos?&#8221; font_container=&#8221;tag:h3|text_align:left&#8221; use_theme_fonts=&#8221;yes&#8221;][vc_column_text css=&#8221;.vc_custom_1586346821410{padding-top: 20px !important;padding-bottom: 30px !important;}&#8221;]BOZ TIBB\u0130 MALZEME SANAY\u0130 ve T\u0130CARET ANON\u0130M \u015e\u0130RKET\u0130[\/vc_column_text][vc_custom_heading text=&#8221;\u00bfPor qu\u00e9 recopilamos datos personales?&#8221; font_container=&#8221;tag:h4|text_align:left&#8221; use_theme_fonts=&#8221;yes&#8221;][vc_column_text css=&#8221;.vc_custom_1630496658715{padding-top: 20px !important;padding-bottom: 30px !important;}&#8221;] Comentarios Cuando los visitantes dejen un comentario en la p\u00e1gina web, tomamos la direcci\u00f3n IP del visitante y la informaci\u00f3n del navegador para detectar si es [&hellip;]\" \/>\n<meta property=\"og:url\" content=\"https:\/\/www.boztibbi.com\/es\/cookies\/\" \/>\n<meta property=\"og:site_name\" content=\"Boz Medical\" \/>\n<meta property=\"article:publisher\" content=\"https:\/\/www.facebook.com\/bozmedical\/\" \/>\n<meta property=\"article:modified_time\" content=\"2021-09-01T12:02:20+00:00\" \/>\n<meta name=\"twitter:card\" content=\"summary_large_image\" \/>\n<meta name=\"twitter:site\" content=\"@bozmedical\" \/>\n<script type=\"application\/ld+json\" class=\"yoast-schema-graph\">{\"@context\":\"https:\/\/schema.org\",\"@graph\":[{\"@type\":\"WebPage\",\"@id\":\"https:\/\/www.boztibbi.com\/es\/cookies\/\",\"url\":\"https:\/\/www.boztibbi.com\/es\/cookies\/\",\"name\":\"Cookies\",\"isPartOf\":{\"@id\":\"https:\/\/www.boztibbi.com\/#website\"},\"datePublished\":\"2020-04-08T11:59:04+00:00\",\"dateModified\":\"2021-09-01T12:02:20+00:00\",\"breadcrumb\":{\"@id\":\"https:\/\/www.boztibbi.com\/es\/cookies\/#breadcrumb\"},\"inLanguage\":\"es\",\"potentialAction\":[{\"@type\":\"ReadAction\",\"target\":[\"https:\/\/www.boztibbi.com\/es\/cookies\/\"]}]},{\"@type\":\"BreadcrumbList\",\"@id\":\"https:\/\/www.boztibbi.com\/es\/cookies\/#breadcrumb\",\"itemListElement\":[{\"@type\":\"ListItem\",\"position\":1,\"name\":\"P\u00e1gina de inicio\",\"item\":\"https:\/\/www.boztibbi.com\/es\/\"},{\"@type\":\"ListItem\",\"position\":2,\"name\":\"Cookies\"}]},{\"@type\":\"WebSite\",\"@id\":\"https:\/\/www.boztibbi.com\/#website\",\"url\":\"https:\/\/www.boztibbi.com\/\",\"name\":\"Boz Medical\",\"description\":\"Suturas quir\u00fargicas, hemost\u00e1ticos absorbibles y mallas quir\u00fargicas\",\"publisher\":{\"@id\":\"https:\/\/www.boztibbi.com\/#organization\"},\"potentialAction\":[{\"@type\":\"SearchAction\",\"target\":{\"@type\":\"EntryPoint\",\"urlTemplate\":\"https:\/\/www.boztibbi.com\/?s={search_term_string}\"},\"query-input\":\"required name=search_term_string\"}],\"inLanguage\":\"es\"},{\"@type\":\"Organization\",\"@id\":\"https:\/\/www.boztibbi.com\/#organization\",\"name\":\"Boz T\u0131bbi Malzeme Sanayi ve Ticaret A.\u015e.\",\"url\":\"https:\/\/www.boztibbi.com\/\",\"logo\":{\"@type\":\"ImageObject\",\"inLanguage\":\"es\",\"@id\":\"https:\/\/www.boztibbi.com\/#\/schema\/logo\/image\/\",\"url\":\"https:\/\/www.boztibbi.com\/wp-content\/uploads\/2018\/08\/boz-t\u0131bbi-malzemeler-medikal-tekstil-t\u00fcrkiye-istanbul-ankara-u\u015fak.png\",\"contentUrl\":\"https:\/\/www.boztibbi.com\/wp-content\/uploads\/2018\/08\/boz-t\u0131bbi-malzemeler-medikal-tekstil-t\u00fcrkiye-istanbul-ankara-u\u015fak.png\",\"width\":1024,\"height\":683,\"caption\":\"Boz T\u0131bbi Malzeme Sanayi ve Ticaret A.\u015e.\"},\"image\":{\"@id\":\"https:\/\/www.boztibbi.com\/#\/schema\/logo\/image\/\"},\"sameAs\":[\"https:\/\/www.facebook.com\/bozmedical\/\",\"https:\/\/twitter.com\/bozmedical\"]}]}<\/script>\n<!-- \/ Yoast SEO plugin. -->","yoast_head_json":{"title":"Cookies","robots":{"index":"index","follow":"follow","max-snippet":"max-snippet:-1","max-image-preview":"max-image-preview:large","max-video-preview":"max-video-preview:-1"},"canonical":"https:\/\/www.boztibbi.com\/es\/cookies\/","og_locale":"es_ES","og_type":"article","og_title":"Cookies","og_description":"[vc_row][vc_column][vc_custom_heading text=&#8221;\u00bfQui\u00e9nes somos?&#8221; font_container=&#8221;tag:h3|text_align:left&#8221; use_theme_fonts=&#8221;yes&#8221;][vc_column_text css=&#8221;.vc_custom_1586346821410{padding-top: 20px !important;padding-bottom: 30px !important;}&#8221;]BOZ TIBB\u0130 MALZEME SANAY\u0130 ve T\u0130CARET ANON\u0130M \u015e\u0130RKET\u0130[\/vc_column_text][vc_custom_heading text=&#8221;\u00bfPor qu\u00e9 recopilamos datos personales?&#8221; font_container=&#8221;tag:h4|text_align:left&#8221; use_theme_fonts=&#8221;yes&#8221;][vc_column_text css=&#8221;.vc_custom_1630496658715{padding-top: 20px !important;padding-bottom: 30px !important;}&#8221;] Comentarios Cuando los visitantes dejen un comentario en la p\u00e1gina web, tomamos la direcci\u00f3n IP del visitante y la informaci\u00f3n del navegador para detectar si es [&hellip;]","og_url":"https:\/\/www.boztibbi.com\/es\/cookies\/","og_site_name":"Boz Medical","article_publisher":"https:\/\/www.facebook.com\/bozmedical\/","article_modified_time":"2021-09-01T12:02:20+00:00","twitter_card":"summary_large_image","twitter_site":"@bozmedical","schema":{"@context":"https:\/\/schema.org","@graph":[{"@type":"WebPage","@id":"https:\/\/www.boztibbi.com\/es\/cookies\/","url":"https:\/\/www.boztibbi.com\/es\/cookies\/","name":"Cookies","isPartOf":{"@id":"https:\/\/www.boztibbi.com\/#website"},"datePublished":"2020-04-08T11:59:04+00:00","dateModified":"2021-09-01T12:02:20+00:00","breadcrumb":{"@id":"https:\/\/www.boztibbi.com\/es\/cookies\/#breadcrumb"},"inLanguage":"es","potentialAction":[{"@type":"ReadAction","target":["https:\/\/www.boztibbi.com\/es\/cookies\/"]}]},{"@type":"BreadcrumbList","@id":"https:\/\/www.boztibbi.com\/es\/cookies\/#breadcrumb","itemListElement":[{"@type":"ListItem","position":1,"name":"P\u00e1gina de inicio","item":"https:\/\/www.boztibbi.com\/es\/"},{"@type":"ListItem","position":2,"name":"Cookies"}]},{"@type":"WebSite","@id":"https:\/\/www.boztibbi.com\/#website","url":"https:\/\/www.boztibbi.com\/","name":"Boz Medical","description":"Suturas quir\u00fargicas, hemost\u00e1ticos absorbibles y mallas quir\u00fargicas","publisher":{"@id":"https:\/\/www.boztibbi.com\/#organization"},"potentialAction":[{"@type":"SearchAction","target":{"@type":"EntryPoint","urlTemplate":"https:\/\/www.boztibbi.com\/?s={search_term_string}"},"query-input":"required name=search_term_string"}],"inLanguage":"es"},{"@type":"Organization","@id":"https:\/\/www.boztibbi.com\/#organization","name":"Boz T\u0131bbi Malzeme Sanayi ve Ticaret A.\u015e.","url":"https:\/\/www.boztibbi.com\/","logo":{"@type":"ImageObject","inLanguage":"es","@id":"https:\/\/www.boztibbi.com\/#\/schema\/logo\/image\/","url":"https:\/\/www.boztibbi.com\/wp-content\/uploads\/2018\/08\/boz-t\u0131bbi-malzemeler-medikal-tekstil-t\u00fcrkiye-istanbul-ankara-u\u015fak.png","contentUrl":"https:\/\/www.boztibbi.com\/wp-content\/uploads\/2018\/08\/boz-t\u0131bbi-malzemeler-medikal-tekstil-t\u00fcrkiye-istanbul-ankara-u\u015fak.png","width":1024,"height":683,"caption":"Boz T\u0131bbi Malzeme Sanayi ve Ticaret A.\u015e."},"image":{"@id":"https:\/\/www.boztibbi.com\/#\/schema\/logo\/image\/"},"sameAs":["https:\/\/www.facebook.com\/bozmedical\/","https:\/\/twitter.com\/bozmedical"]}]}},"_links":{"self":[{"href":"https:\/\/www.boztibbi.com\/es\/wp-json\/wp\/v2\/pages\/7636","targetHints":{"allow":["GET"]}}],"collection":[{"href":"https:\/\/www.boztibbi.com\/es\/wp-json\/wp\/v2\/pages"}],"about":[{"href":"https:\/\/www.boztibbi.com\/es\/wp-json\/wp\/v2\/types\/page"}],"author":[{"embeddable":true,"href":"https:\/\/www.boztibbi.com\/es\/wp-json\/wp\/v2\/users\/1"}],"replies":[{"embeddable":true,"href":"https:\/\/www.boztibbi.com\/es\/wp-json\/wp\/v2\/comments?post=7636"}],"version-history":[{"count":3,"href":"https:\/\/www.boztibbi.com\/es\/wp-json\/wp\/v2\/pages\/7636\/revisions"}],"predecessor-version":[{"id":7642,"href":"https:\/\/www.boztibbi.com\/es\/wp-json\/wp\/v2\/pages\/7636\/revisions\/7642"}],"wp:attachment":[{"href":"https:\/\/www.boztibbi.com\/es\/wp-json\/wp\/v2\/media?parent=7636"}],"curies":[{"name":"wp","href":"https:\/\/api.w.org\/{rel}","templated":true}]}}