{"id":5017,"date":"2017-10-02T02:33:46","date_gmt":"2017-10-02T02:33:46","guid":{"rendered":"https:\/\/www.boztibbi.com\/corporativo\/referanslar\/"},"modified":"2019-06-25T12:41:47","modified_gmt":"2019-06-25T09:41:47","slug":"referencias","status":"publish","type":"page","link":"https:\/\/www.boztibbi.com\/es\/corporativo\/referencias\/","title":{"rendered":"Referencias"},"content":{"rendered":"<div class=\"wpb-content-wrapper\"><p>[vc_row css=&#8221;.vc_custom_1529410831489{margin-right: 0px !important;margin-bottom: 50px !important;margin-left: 0px !important;padding-top: 100px !important;padding-bottom: 100px !important;background-image: url(https:\/\/www.boztibbi.com\/wp-content\/uploads\/2018\/06\/referanslar-partnerler-i\u015f-ortaklar\u0131-t\u0131bbi-malzeme-boz-ankara.jpg?id=1945) !important;background-position: center !important;background-repeat: no-repeat !important;background-size: cover !important;}&#8221;][vc_column width=&#8221;1\/6&#8243;][\/vc_column][vc_column width=&#8221;2\/3&#8243;][vc_column_text css_animation=&#8221;appear&#8221; css=&#8221;.vc_custom_1561454687628{padding-top: 30px !important;padding-right: 30px !important;padding-bottom: 30px !important;padding-left: 30px !important;background-color: rgba(255,255,255,0.9) !important;*background-color: rgb(255,255,255) !important;}&#8221; el_class=&#8221;shadow&#8221;]<\/p>\n<h3 class=\"no-margin-top\" style=\"text-align: center; font-size: 2rem;\">Debemos nuestro m\u00e1ximo nivel a la gente que confi\u00f3 en nosotros<\/h3>\n<p>[\/vc_column_text][\/vc_column][vc_column width=&#8221;1\/6&#8243;][\/vc_column][\/vc_row][vc_row][vc_column width=&#8221;1\/4&#8243;][vc_custom_heading text=&#8221;Clientes felices y satisfechos&#8221; font_container=&#8221;tag:h3|text_align:left&#8221; use_theme_fonts=&#8221;yes&#8221;][vc_empty_space height=&#8221;20px&#8221;][\/vc_column][vc_column width=&#8221;3\/4&#8243;][vc_column_text]Desde 2009, nuestra empresa, cuyo objetivo es ser l\u00edder del sector, fabrica y ofrece material consumible para el sector sanitario. Hoy en d\u00eda, nuestra empresa trabaja con instituciones l\u00edderes en dicho sector. En nuestro viaje por el principio de \u201cmarcas crecientes y clientes satisfechos\u201d, estamos orgullosos de ir asumiendo los retos que tenemos por delante junto a nuestros clientes.[\/vc_column_text][vc_empty_space height=&#8221;10px&#8221;][\/vc_column][\/vc_row][vc_row][vc_column][vc_empty_space height=&#8221;15px&#8221;][vc_row_inner][vc_column_inner width=&#8221;1\/2&#8243;]\n\t<div class=\"testimonial   has-image\">\n\t\t\n\t\t<div class=\"testimonial-content\">\n\t\t\t<blockquote>\n\t\t\t\t<p>Boz T\u0131bbi \u00fcr\u00fcnlerini kullanmaya ba\u015flad\u0131\u011f\u0131m\u0131zdan beri t\u00fcm sa\u011fl\u0131k personelimizden olumlu \u015fekilde geri d\u00f6n\u00fc\u015fler al\u0131yoruz. \u00dcr\u00fcnlerinin kalitesinin haricinde yerli \u00fcretim olmas\u0131 da bizim i\u00e7in ayr\u0131 bir olumlu etken&#8230;<\/p>\n\t\t\t<\/blockquote>\n\t\t<\/div>\n\n\t\t<div class=\"testimonial-meta\">\n\t\t\t\n\t\t<div class=\"testimonial-image\">\n\t\t\t<img decoding=\"async\" src=\"https:\/\/www.boztibbi.com\/wp-content\/uploads\/2018\/09\/veteriner-hekim-g\u00fcven-t\u00fcrker-ar\u0131k.jpg\" alt=\"G\u00fcven T\u00dcRKER\" \/>\n\t\t<\/div>\n\t\t\t\t<h3 class=\"author-name\">G\u00fcven T\u00dcRKER<\/h3>\n\t\t\t<div class=\"author-info\"><span class=\"subtitle\">Veteriner Hekim<\/span> <span class=\"divider\">-<\/span> <span class=\"company\">Animacare Veteriner T\u0131p Merkezi<\/span><\/div>\n\t\t<\/div>\n\n\t<\/div>\n[\/vc_column_inner][vc_column_inner width=&#8221;1\/2&#8243;]\n\t<div class=\"testimonial   has-image\">\n\t\t\n\t\t<div class=\"testimonial-content\">\n\t\t\t<blockquote>\n\t\t\t\t<p>Boz T\u0131bbi \u00fcr\u00fcnlerini kullanmaya ba\u015flad\u0131\u011f\u0131m\u0131zdan beri t\u00fcm sa\u011fl\u0131k personelimizden olumlu \u015fekilde geri d\u00f6n\u00fc\u015fler al\u0131yoruz. \u00dcr\u00fcnlerinin kalitesinin haricinde yerli \u00fcretim olmas\u0131 da bizim i\u00e7in ayr\u0131 bir olumlu etken&#8230;<\/p>\n\t\t\t<\/blockquote>\n\t\t<\/div>\n\n\t\t<div class=\"testimonial-meta\">\n\t\t\t\n\t\t<div class=\"testimonial-image\">\n\t\t\t<img decoding=\"async\" src=\"https:\/\/www.boztibbi.com\/wp-content\/uploads\/2018\/09\/veteriner-hekim-g\u00fcven-t\u00fcrker-ar\u0131k.jpg\" alt=\"G\u00fcven T\u00dcRKER\" \/>\n\t\t<\/div>\n\t\t\t\t<h3 class=\"author-name\">G\u00fcven T\u00dcRKER<\/h3>\n\t\t\t<div class=\"author-info\"><span class=\"subtitle\">Veteriner Hekim<\/span> <span class=\"divider\">-<\/span> <span class=\"company\">Animacare Veteriner T\u0131p Merkezi<\/span><\/div>\n\t\t<\/div>\n\n\t<\/div>\n[\/vc_column_inner][\/vc_row_inner][\/vc_column][\/vc_row][vc_row][vc_column][vc_separator color=&#8221;custom&#8221; accent_color=&#8221;rgba(2,6,32,0.1)&#8221; css=&#8221;.vc_custom_1510110413692{margin-top: 50px !important;margin-bottom: 50px !important;}&#8221;]\n\t<div class=\"testimonial  \">\n\t\t\n\t\t<div class=\"testimonial-content\">\n\t\t\t<blockquote>\n\t\t\t\t<p>Boz T\u0131bbi \u00fcr\u00fcnlerini kullanmaya ba\u015flad\u0131\u011f\u0131m\u0131zdan beri t\u00fcm sa\u011fl\u0131k personelimizden olumlu \u015fekilde geri d\u00f6n\u00fc\u015fler al\u0131yoruz. \u00dcr\u00fcnlerinin kalitesinin haricinde yerli \u00fcretim olmas\u0131 da bizim i\u00e7in ayr\u0131 bir olumlu etken&#8230;<\/p>\n\t\t\t<\/blockquote>\n\t\t<\/div>\n\n\t\t<div class=\"testimonial-meta\">\n\t\t\t\t\t\t<h3 class=\"author-name\">G\u00fcven T\u00dcRKER<\/h3>\n\t\t\t<div class=\"author-info\"><span class=\"subtitle\">Veteriner Hekim<\/span> <span class=\"divider\">-<\/span> <span class=\"company\">Animacare Veteriner T\u0131p Merkezi<\/span><\/div>\n\t\t<\/div>\n\n\t<\/div>\n[vc_separator color=&#8221;custom&#8221; accent_color=&#8221;rgba(2,6,32,0.1)&#8221; css=&#8221;.vc_custom_1510110413692{margin-top: 50px !important;margin-bottom: 50px !important;}&#8221;]\n\t<div class=\"testimonial meta-left \">\n\t\t\n\t\t<div class=\"testimonial-content\">\n\t\t\t<blockquote>\n\t\t\t\t<p>M\u00fc\u015fteri temsilcilerinin g\u00fcler y\u00fcz\u00fc ve \u00fcr\u00fcnlerinin kalitesi sebebiyle Boz T\u0131bbi \u00fcr\u00fcnlerini hastanelerimizde kullanmaktan \u00e7ok memnununuz.<\/p>\n\t\t\t<\/blockquote>\n\t\t<\/div>\n\n\t\t<div class=\"testimonial-meta\">\n\t\t\t\t\t\t<h3 class=\"author-name\">Asena \u00d6ZT\u00dcRK<\/h3>\n\t\t\t<div class=\"author-info\"><span class=\"subtitle\">Genel M\u00fcd\u00fcr<\/span> <span class=\"divider\">-<\/span> <span class=\"company\">Medipatch Hastaneleri<\/span><\/div>\n\t\t<\/div>\n\n\t<\/div>\n[vc_separator color=&#8221;custom&#8221; accent_color=&#8221;rgba(2,6,32,0.1)&#8221; css=&#8221;.vc_custom_1510110413692{margin-top: 50px !important;margin-bottom: 50px !important;}&#8221;][\/vc_column][\/vc_row][vc_row][vc_column width=&#8221;1\/4&#8243;][vc_single_image image=&#8221;3136&#8243; img_size=&#8221;full&#8221; style=&#8221;vc_box_border&#8221;][vc_empty_space height=&#8221;30px&#8221;][\/vc_column][vc_column width=&#8221;1\/4&#8243;][vc_single_image image=&#8221;3137&#8243; img_size=&#8221;full&#8221; style=&#8221;vc_box_border&#8221;][vc_empty_space height=&#8221;30px&#8221;][\/vc_column][vc_column width=&#8221;1\/4&#8243;][vc_single_image image=&#8221;3134&#8243; img_size=&#8221;full&#8221; style=&#8221;vc_box_border&#8221;][vc_empty_space height=&#8221;30px&#8221;][\/vc_column][vc_column width=&#8221;1\/4&#8243;][vc_single_image image=&#8221;3138&#8243; img_size=&#8221;full&#8221; style=&#8221;vc_box_border&#8221;][vc_empty_space height=&#8221;30px&#8221;][\/vc_column][\/vc_row][vc_row][vc_column width=&#8221;1\/4&#8243;][vc_single_image image=&#8221;3133&#8243; img_size=&#8221;full&#8221; style=&#8221;vc_box_border&#8221;][vc_empty_space height=&#8221;30px&#8221;][\/vc_column][vc_column width=&#8221;1\/4&#8243;][vc_single_image image=&#8221;3132&#8243; img_size=&#8221;full&#8221; style=&#8221;vc_box_border&#8221;][vc_empty_space height=&#8221;30px&#8221;][\/vc_column][vc_column width=&#8221;1\/4&#8243;][vc_single_image image=&#8221;1352&#8243; img_size=&#8221;full&#8221; style=&#8221;vc_box_border&#8221;][vc_empty_space height=&#8221;30px&#8221;][\/vc_column][vc_column width=&#8221;1\/4&#8243;][vc_single_image image=&#8221;1351&#8243; img_size=&#8221;full&#8221; style=&#8221;vc_box_border&#8221;][vc_empty_space height=&#8221;30px&#8221;][\/vc_column][\/vc_row][vc_row][vc_column][vc_column_text]Para una informaci\u00f3n m\u00e1s detallada acerca de nuestras referencias, socios de negocio, productos y servicios, puede contactar con nosotros en <a href=\"mailto:boz@boztibbi.com\">boz@boztibbi.com<\/a>.[\/vc_column_text][\/vc_column][\/vc_row]<\/p>\n<\/div>","protected":false},"excerpt":{"rendered":"<p>[vc_row css=&#8221;.vc_custom_1529410831489{margin-right: 0px !important;margin-bottom: 50px !important;margin-left: 0px !important;padding-top: 100px !important;padding-bottom: 100px !important;background-image: url(https:\/\/www.boztibbi.com\/wp-content\/uploads\/2018\/06\/referanslar-partnerler-i\u015f-ortaklar\u0131-t\u0131bbi-malzeme-boz-ankara.jpg?id=1945) !important;background-position: center !important;background-repeat: no-repeat !important;background-size: cover !important;}&#8221;][vc_column width=&#8221;1\/6&#8243;][\/vc_column][vc_column width=&#8221;2\/3&#8243;][vc_column_text css_animation=&#8221;appear&#8221; css=&#8221;.vc_custom_1561454687628{padding-top: 30px !important;padding-right: 30px !important;padding-bottom: 30px !important;padding-left: 30px !important;background-color: rgba(255,255,255,0.9) !important;*background-color: rgb(255,255,255) !important;}&#8221; el_class=&#8221;shadow&#8221;] Debemos nuestro m\u00e1ximo nivel a la gente que confi\u00f3 en nosotros [\/vc_column_text][\/vc_column][vc_column width=&#8221;1\/6&#8243;][\/vc_column][\/vc_row][vc_row][vc_column width=&#8221;1\/4&#8243;][vc_custom_heading text=&#8221;Clientes felices y satisfechos&#8221; [&hellip;]<\/p>\n","protected":false},"author":1,"featured_media":0,"parent":4997,"menu_order":0,"comment_status":"closed","ping_status":"closed","template":"","meta":{"_acf_changed":false,"footnotes":""},"class_list":["post-5017","page","type-page","status-publish","hentry"],"acf":[],"yoast_head":"<!-- This site is optimized with the Yoast SEO plugin v21.6 - https:\/\/yoast.com\/wordpress\/plugins\/seo\/ -->\n<title>Referencias<\/title>\n<meta name=\"description\" content=\"Desde 2009, nuestra empresa, cuyo objetivo es ser l\u00edder del sector, fabrica y ofrece material consumible para el sector sanitario. Referencias ...\" \/>\n<meta name=\"robots\" content=\"index, follow, max-snippet:-1, max-image-preview:large, max-video-preview:-1\" \/>\n<link rel=\"canonical\" href=\"https:\/\/www.boztibbi.com\/es\/corporativo\/referencias\/\" \/>\n<meta property=\"og:locale\" content=\"es_ES\" \/>\n<meta property=\"og:type\" content=\"article\" \/>\n<meta property=\"og:title\" content=\"Referencias\" \/>\n<meta property=\"og:description\" content=\"Desde 2009, nuestra empresa, cuyo objetivo es ser l\u00edder del sector, fabrica y ofrece material consumible para el sector sanitario. Referencias ...\" \/>\n<meta property=\"og:url\" content=\"https:\/\/www.boztibbi.com\/es\/corporativo\/referencias\/\" \/>\n<meta property=\"og:site_name\" content=\"Boz Medical\" \/>\n<meta property=\"article:publisher\" content=\"https:\/\/www.facebook.com\/bozmedical\/\" \/>\n<meta property=\"article:modified_time\" content=\"2019-06-25T09:41:47+00:00\" \/>\n<meta name=\"twitter:card\" content=\"summary_large_image\" \/>\n<meta name=\"twitter:site\" content=\"@bozmedical\" \/>\n<script type=\"application\/ld+json\" class=\"yoast-schema-graph\">{\"@context\":\"https:\/\/schema.org\",\"@graph\":[{\"@type\":\"WebPage\",\"@id\":\"https:\/\/www.boztibbi.com\/es\/corporativo\/referencias\/\",\"url\":\"https:\/\/www.boztibbi.com\/es\/corporativo\/referencias\/\",\"name\":\"Referencias\",\"isPartOf\":{\"@id\":\"https:\/\/www.boztibbi.com\/#website\"},\"datePublished\":\"2017-10-02T02:33:46+00:00\",\"dateModified\":\"2019-06-25T09:41:47+00:00\",\"description\":\"Desde 2009, nuestra empresa, cuyo objetivo es ser l\u00edder del sector, fabrica y ofrece material consumible para el sector sanitario. Referencias ...\",\"breadcrumb\":{\"@id\":\"https:\/\/www.boztibbi.com\/es\/corporativo\/referencias\/#breadcrumb\"},\"inLanguage\":\"es\",\"potentialAction\":[{\"@type\":\"ReadAction\",\"target\":[\"https:\/\/www.boztibbi.com\/es\/corporativo\/referencias\/\"]}]},{\"@type\":\"BreadcrumbList\",\"@id\":\"https:\/\/www.boztibbi.com\/es\/corporativo\/referencias\/#breadcrumb\",\"itemListElement\":[{\"@type\":\"ListItem\",\"position\":1,\"name\":\"P\u00e1gina de inicio\",\"item\":\"https:\/\/www.boztibbi.com\/es\/\"},{\"@type\":\"ListItem\",\"position\":2,\"name\":\"Corporativo\",\"item\":\"https:\/\/www.boztibbi.com\/es\/corporativo\/\"},{\"@type\":\"ListItem\",\"position\":3,\"name\":\"Referencias\"}]},{\"@type\":\"WebSite\",\"@id\":\"https:\/\/www.boztibbi.com\/#website\",\"url\":\"https:\/\/www.boztibbi.com\/\",\"name\":\"Boz Medical\",\"description\":\"Suturas quir\u00fargicas, hemost\u00e1ticos absorbibles y mallas quir\u00fargicas\",\"publisher\":{\"@id\":\"https:\/\/www.boztibbi.com\/#organization\"},\"potentialAction\":[{\"@type\":\"SearchAction\",\"target\":{\"@type\":\"EntryPoint\",\"urlTemplate\":\"https:\/\/www.boztibbi.com\/?s={search_term_string}\"},\"query-input\":\"required name=search_term_string\"}],\"inLanguage\":\"es\"},{\"@type\":\"Organization\",\"@id\":\"https:\/\/www.boztibbi.com\/#organization\",\"name\":\"Boz T\u0131bbi Malzeme Sanayi ve Ticaret A.\u015e.\",\"url\":\"https:\/\/www.boztibbi.com\/\",\"logo\":{\"@type\":\"ImageObject\",\"inLanguage\":\"es\",\"@id\":\"https:\/\/www.boztibbi.com\/#\/schema\/logo\/image\/\",\"url\":\"https:\/\/www.boztibbi.com\/wp-content\/uploads\/2018\/08\/boz-t\u0131bbi-malzemeler-medikal-tekstil-t\u00fcrkiye-istanbul-ankara-u\u015fak.png\",\"contentUrl\":\"https:\/\/www.boztibbi.com\/wp-content\/uploads\/2018\/08\/boz-t\u0131bbi-malzemeler-medikal-tekstil-t\u00fcrkiye-istanbul-ankara-u\u015fak.png\",\"width\":1024,\"height\":683,\"caption\":\"Boz T\u0131bbi Malzeme Sanayi ve Ticaret A.\u015e.\"},\"image\":{\"@id\":\"https:\/\/www.boztibbi.com\/#\/schema\/logo\/image\/\"},\"sameAs\":[\"https:\/\/www.facebook.com\/bozmedical\/\",\"https:\/\/twitter.com\/bozmedical\"]}]}<\/script>\n<!-- \/ Yoast SEO plugin. -->","yoast_head_json":{"title":"Referencias","description":"Desde 2009, nuestra empresa, cuyo objetivo es ser l\u00edder del sector, fabrica y ofrece material consumible para el sector sanitario. Referencias ...","robots":{"index":"index","follow":"follow","max-snippet":"max-snippet:-1","max-image-preview":"max-image-preview:large","max-video-preview":"max-video-preview:-1"},"canonical":"https:\/\/www.boztibbi.com\/es\/corporativo\/referencias\/","og_locale":"es_ES","og_type":"article","og_title":"Referencias","og_description":"Desde 2009, nuestra empresa, cuyo objetivo es ser l\u00edder del sector, fabrica y ofrece material consumible para el sector sanitario. Referencias ...","og_url":"https:\/\/www.boztibbi.com\/es\/corporativo\/referencias\/","og_site_name":"Boz Medical","article_publisher":"https:\/\/www.facebook.com\/bozmedical\/","article_modified_time":"2019-06-25T09:41:47+00:00","twitter_card":"summary_large_image","twitter_site":"@bozmedical","schema":{"@context":"https:\/\/schema.org","@graph":[{"@type":"WebPage","@id":"https:\/\/www.boztibbi.com\/es\/corporativo\/referencias\/","url":"https:\/\/www.boztibbi.com\/es\/corporativo\/referencias\/","name":"Referencias","isPartOf":{"@id":"https:\/\/www.boztibbi.com\/#website"},"datePublished":"2017-10-02T02:33:46+00:00","dateModified":"2019-06-25T09:41:47+00:00","description":"Desde 2009, nuestra empresa, cuyo objetivo es ser l\u00edder del sector, fabrica y ofrece material consumible para el sector sanitario. Referencias ...","breadcrumb":{"@id":"https:\/\/www.boztibbi.com\/es\/corporativo\/referencias\/#breadcrumb"},"inLanguage":"es","potentialAction":[{"@type":"ReadAction","target":["https:\/\/www.boztibbi.com\/es\/corporativo\/referencias\/"]}]},{"@type":"BreadcrumbList","@id":"https:\/\/www.boztibbi.com\/es\/corporativo\/referencias\/#breadcrumb","itemListElement":[{"@type":"ListItem","position":1,"name":"P\u00e1gina de inicio","item":"https:\/\/www.boztibbi.com\/es\/"},{"@type":"ListItem","position":2,"name":"Corporativo","item":"https:\/\/www.boztibbi.com\/es\/corporativo\/"},{"@type":"ListItem","position":3,"name":"Referencias"}]},{"@type":"WebSite","@id":"https:\/\/www.boztibbi.com\/#website","url":"https:\/\/www.boztibbi.com\/","name":"Boz Medical","description":"Suturas quir\u00fargicas, hemost\u00e1ticos absorbibles y mallas quir\u00fargicas","publisher":{"@id":"https:\/\/www.boztibbi.com\/#organization"},"potentialAction":[{"@type":"SearchAction","target":{"@type":"EntryPoint","urlTemplate":"https:\/\/www.boztibbi.com\/?s={search_term_string}"},"query-input":"required name=search_term_string"}],"inLanguage":"es"},{"@type":"Organization","@id":"https:\/\/www.boztibbi.com\/#organization","name":"Boz T\u0131bbi Malzeme Sanayi ve Ticaret A.\u015e.","url":"https:\/\/www.boztibbi.com\/","logo":{"@type":"ImageObject","inLanguage":"es","@id":"https:\/\/www.boztibbi.com\/#\/schema\/logo\/image\/","url":"https:\/\/www.boztibbi.com\/wp-content\/uploads\/2018\/08\/boz-t\u0131bbi-malzemeler-medikal-tekstil-t\u00fcrkiye-istanbul-ankara-u\u015fak.png","contentUrl":"https:\/\/www.boztibbi.com\/wp-content\/uploads\/2018\/08\/boz-t\u0131bbi-malzemeler-medikal-tekstil-t\u00fcrkiye-istanbul-ankara-u\u015fak.png","width":1024,"height":683,"caption":"Boz T\u0131bbi Malzeme Sanayi ve Ticaret A.\u015e."},"image":{"@id":"https:\/\/www.boztibbi.com\/#\/schema\/logo\/image\/"},"sameAs":["https:\/\/www.facebook.com\/bozmedical\/","https:\/\/twitter.com\/bozmedical"]}]}},"_links":{"self":[{"href":"https:\/\/www.boztibbi.com\/es\/wp-json\/wp\/v2\/pages\/5017","targetHints":{"allow":["GET"]}}],"collection":[{"href":"https:\/\/www.boztibbi.com\/es\/wp-json\/wp\/v2\/pages"}],"about":[{"href":"https:\/\/www.boztibbi.com\/es\/wp-json\/wp\/v2\/types\/page"}],"author":[{"embeddable":true,"href":"https:\/\/www.boztibbi.com\/es\/wp-json\/wp\/v2\/users\/1"}],"replies":[{"embeddable":true,"href":"https:\/\/www.boztibbi.com\/es\/wp-json\/wp\/v2\/comments?post=5017"}],"version-history":[{"count":0,"href":"https:\/\/www.boztibbi.com\/es\/wp-json\/wp\/v2\/pages\/5017\/revisions"}],"up":[{"embeddable":true,"href":"https:\/\/www.boztibbi.com\/es\/wp-json\/wp\/v2\/pages\/4997"}],"wp:attachment":[{"href":"https:\/\/www.boztibbi.com\/es\/wp-json\/wp\/v2\/media?parent=5017"}],"curies":[{"name":"wp","href":"https:\/\/api.w.org\/{rel}","templated":true}]}}