{"id":5006,"date":"2017-10-02T02:33:24","date_gmt":"2017-10-02T02:33:24","guid":{"rendered":"https:\/\/www.boztibbi.com\/corporativo\/kalite-politikasi\/"},"modified":"2019-06-25T11:58:59","modified_gmt":"2019-06-25T08:58:59","slug":"politica-de-calidad","status":"publish","type":"page","link":"https:\/\/www.boztibbi.com\/es\/corporativo\/politica-de-calidad\/","title":{"rendered":"Pol\u00edtica de Calidad"},"content":{"rendered":"<div class=\"wpb-content-wrapper\"><p>[vc_row css=&#8221;.vc_custom_1528720001761{margin-right: 0px !important;margin-bottom: 50px !important;margin-left: 0px !important;padding-top: 100px !important;padding-bottom: 100px !important;background-image: url(https:\/\/www.boztibbi.com\/wp-content\/uploads\/2018\/06\/boz-t\u0131bbi-malzemeler-kalite-politikas\u0131-sertifikalar\u0131-quality-certificate-ankara-istanbul-background.jpg?id=1847) !important;background-position: center !important;background-repeat: no-repeat !important;background-size: cover !important;}&#8221;][vc_column width=&#8221;1\/6&#8243;][\/vc_column][vc_column width=&#8221;2\/3&#8243;][vc_custom_heading text=&#8221;Tecnolog\u00eda de vanguardia con calidad de total confianza&#8221; font_container=&#8221;tag:h2|font_size:48px|text_align:center|color:%23273272&#8243; use_theme_fonts=&#8221;yes&#8221; css=&#8221;.vc_custom_1561452602933{padding-top: 30px !important;padding-right: 30px !important;padding-bottom: 30px !important;padding-left: 30px !important;background-color: rgba(255,255,255,0.88) !important;*background-color: rgb(255,255,255) !important;}&#8221; el_class=&#8221;shadow&#8221;][\/vc_column][vc_column width=&#8221;1\/6&#8243;][\/vc_column][\/vc_row][vc_row][vc_column width=&#8221;1\/3&#8243;][vc_custom_heading text=&#8221;Nuestra pol\u00edtica de calidad&#8221; font_container=&#8221;tag:h3|text_align:left&#8221; use_theme_fonts=&#8221;yes&#8221;][vc_empty_space height=&#8221;20px&#8221;][\/vc_column][vc_column width=&#8221;2\/3&#8243;][vc_column_text]Boz Medical Equipment tiene como prop\u00f3sito desarrollar productos y servicios innovadores y ser socio en soluciones din\u00e1micas que cr\u00e9en valor para la industria y los accionistas. Nuestro principal objetivo es dar continuidad a la calidad de servicio y de los productos bas\u00e1ndonos en un enfoque de gesti\u00f3n orientado a nuestros clientes para mantener siempre su satisfacci\u00f3n al m\u00e1s alto nivel.[\/vc_column_text][vc_empty_space height=&#8221;50px&#8221;][\/vc_column][\/vc_row][vc_row][vc_column width=&#8221;1\/3&#8243;]<div class=\"iconbox aligncenter  vc_custom_1561452867409\">\n\t<div class=\"box-header\">\n\t\t<div class=\"box-icon\"><img decoding=\"async\" src=\"https:\/\/www.boztibbi.com\/wp-content\/uploads\/2018\/06\/udem-ce-certificate-boz-t\u0131bbi-icon-logo.png\" alt=\"Hemost\u00e1ticos Absorbibles\" \/><\/div>\n\t\t<h5 class=\"box-title\">Hemost\u00e1ticos Absorbibles<\/h5>\n\t<\/div>\n\t<div class=\"box-content\">\n\t\t<div class=\"box-detail\">\n\t\t\t<\/p>\n<p style=\"text-align: center\">Certificado de examen de dise\u00f1o<\/p>\n<p><a class=\"button download square white\" href=\"https:\/\/www.boztibbi.com\/wp-content\/uploads\/2018\/09\/TR-Boz-T\u0131bbi-Hemostatlar-Tasar\u0131m-\u0130nceleme-Sertifikas\u0131.jpg\" target=\"_blank\" rel=\"noopener noreferrer\"><i class=\"fa fa-file-pdf-o\"><\/i>SER-TR 187 KB<\/a><br \/>\n<a class=\"button download square white\" href=\"https:\/\/www.boztibbi.com\/wp-content\/uploads\/2018\/09\/EN-Boz-Tibbi-Haemostats-Design-Examination-Certificate.jpg\" target=\"_blank\" rel=\"noopener noreferrer\"><i class=\"fa fa-file-pdf-o\"><\/i>CER-ENG 186 KB<\/a><\/p>\n\n\t\t\t\n\t\t<\/div>\n\t<\/div>\n<\/div>[vc_empty_space height=&#8221;30px&#8221;][\/vc_column][vc_column width=&#8221;1\/3&#8243;]<div class=\"iconbox aligncenter  vc_custom_1561452873760\">\n\t<div class=\"box-header\">\n\t\t<div class=\"box-icon\"><img decoding=\"async\" src=\"https:\/\/www.boztibbi.com\/wp-content\/uploads\/2018\/06\/udem-ce-certificate-boz-t\u0131bbi-icon-logo.png\" alt=\"Hemost\u00e1ticos Absorbibles\" \/><\/div>\n\t\t<h5 class=\"box-title\">Hemost\u00e1ticos Absorbibles<\/h5>\n\t<\/div>\n\t<div class=\"box-content\">\n\t\t<div class=\"box-detail\">\n\t\t\t<\/p>\n<p style=\"text-align: center\">Sistema de garant\u00eda de calidad total<\/p>\n<p><a class=\"button download square white\" href=\"https:\/\/www.boztibbi.com\/wp-content\/uploads\/2018\/09\/TR-Boz-T\u0131bbi-Hemostatlar-Tam-Kalite-G\u00fcvence-Sistemi.jpg\" target=\"_blank\" rel=\"noopener noreferrer\"><i class=\"fa fa-file-pdf-o\"><\/i>SER-TR 176 KB<\/a><br \/>\n<a class=\"button download square white\" href=\"https:\/\/www.boztibbi.com\/wp-content\/uploads\/2018\/09\/EN-Boz-Tibbi-Haemostats-Full-Quality-Assurance-System.jpg\" target=\"_blank\" rel=\"noopener noreferrer\"><i class=\"fa fa-file-pdf-o\"><\/i>CER-ENG 191 KB<\/a><\/p>\n\n\t\t\t\n\t\t<\/div>\n\t<\/div>\n<\/div>[vc_empty_space height=&#8221;30px&#8221;][\/vc_column][vc_column width=&#8221;1\/3&#8243;]<div class=\"iconbox aligncenter  vc_custom_1561452902701\">\n\t<div class=\"box-header\">\n\t\t<div class=\"box-icon\"><img decoding=\"async\" src=\"https:\/\/www.boztibbi.com\/wp-content\/uploads\/2018\/06\/udem-ce-certificate-boz-t\u0131bbi-icon-logo.png\" alt=\"Suturas Absorbibles\" \/><\/div>\n\t\t<h5 class=\"box-title\">Suturas Absorbibles<\/h5>\n\t<\/div>\n\t<div class=\"box-content\">\n\t\t<div class=\"box-detail\">\n\t\t\t<\/p>\n<p style=\"text-align: center\">Certificado de examen de dise\u00f1o<\/p>\n<p><a class=\"button download square white\" href=\"https:\/\/www.boztibbi.com\/wp-content\/uploads\/2018\/09\/TR-Boz-T\u0131bbi-Emilebilir-S\u00fct\u00fcrler-Tasar\u0131m-\u0130nceleme-Sertifikas\u0131.jpg\" target=\"_blank\" rel=\"noopener noreferrer\"><i class=\"fa fa-file-pdf-o\"><\/i>SER-TR 185 KB<\/a><br \/>\n<a class=\"button download square white\" href=\"https:\/\/www.boztibbi.com\/wp-content\/uploads\/2018\/09\/EN-Boz-Tibbi-Absorbable-Sutures-Design-Examination-Certificate.jpg\" target=\"_blank\" rel=\"noopener noreferrer\"><i class=\"fa fa-file-pdf-o\"><\/i>CER-ENG 185 KB<\/a><\/p>\n\n\t\t\t\n\t\t<\/div>\n\t<\/div>\n<\/div>[vc_empty_space height=&#8221;30px&#8221;][\/vc_column][\/vc_row][vc_row][vc_column width=&#8221;1\/3&#8243;]<div class=\"iconbox aligncenter  vc_custom_1561452909702\">\n\t<div class=\"box-header\">\n\t\t<div class=\"box-icon\"><img decoding=\"async\" src=\"https:\/\/www.boztibbi.com\/wp-content\/uploads\/2018\/06\/udem-ce-certificate-boz-t\u0131bbi-icon-logo.png\" alt=\"Suturas Absorbibles\" \/><\/div>\n\t\t<h5 class=\"box-title\">Suturas Absorbibles<\/h5>\n\t<\/div>\n\t<div class=\"box-content\">\n\t\t<div class=\"box-detail\">\n\t\t\t<\/p>\n<p style=\"text-align: center\">Sistema de garant\u00eda de calidad total<\/p>\n<p><a class=\"button download square white\" href=\"https:\/\/www.boztibbi.com\/wp-content\/uploads\/2018\/09\/TR-Boz-T\u0131bbi-Emilebilir-S\u00fct\u00fcrler-Tam-Kalite-G\u00fcvence-Sistemi.jpg\" target=\"_blank\" rel=\"noopener noreferrer\"><i class=\"fa fa-file-pdf-o\"><\/i>SER-TR 174 KB<\/a><br \/>\n<a class=\"button download square white\" href=\"https:\/\/www.boztibbi.com\/wp-content\/uploads\/2018\/09\/EN-Boz-Tibbi-Absorbable-Sutures-Full-Quality-Assurance-System.jpg\" target=\"_blank\" rel=\"noopener noreferrer\"><i class=\"fa fa-file-pdf-o\"><\/i>CER-ENG 187 KB<\/a><\/p>\n\n\t\t\t\n\t\t<\/div>\n\t<\/div>\n<\/div>[vc_empty_space height=&#8221;30px&#8221;][\/vc_column][vc_column width=&#8221;1\/3&#8243;]<div class=\"iconbox aligncenter  vc_custom_1561452933680\">\n\t<div class=\"box-header\">\n\t\t<div class=\"box-icon\"><img decoding=\"async\" src=\"https:\/\/www.boztibbi.com\/wp-content\/uploads\/2018\/06\/EZ\u00dacertificate-logo-icon-esc-boz-tibbi.png\" alt=\"Suturas No-Absorbibles\" \/><\/div>\n\t\t<h5 class=\"box-title\">Suturas No-Absorbibles<\/h5>\n\t<\/div>\n\t<div class=\"box-content\">\n\t\t<div class=\"box-detail\">\n\t\t\t<\/p>\n<p style=\"text-align: center\">Certificado de examen de dise\u00f1o<\/p>\n<p><a class=\"button download square white\" href=\"https:\/\/www.boztibbi.com\/wp-content\/uploads\/2018\/09\/TR-Boz-T\u0131bbi-Emilemeyen-S\u00fct\u00fcrler-Tasar\u0131m-\u0130nceleme-Sertifikas\u0131.jpg\" target=\"_blank\" rel=\"noopener noreferrer\"><i class=\"fa fa-file-pdf-o\"><\/i>SER-TR 99 KB<\/a><br \/>\n<a class=\"button download square white\" href=\"https:\/\/www.boztibbi.com\/wp-content\/uploads\/2018\/09\/EN-Boz-Tibbi-Non-Absorbable-Sutures-Design-Examination-Certificate.jpg\" target=\"_blank\" rel=\"noopener noreferrer\"><i class=\"fa fa-file-pdf-o\"><\/i>CER-ENG 92 KB<\/a><\/p>\n\n\t\t\t\n\t\t<\/div>\n\t<\/div>\n<\/div>[vc_empty_space height=&#8221;30px&#8221;][\/vc_column][vc_column width=&#8221;1\/3&#8243;]<div class=\"iconbox aligncenter  vc_custom_1561452942098\">\n\t<div class=\"box-header\">\n\t\t<div class=\"box-icon\"><img decoding=\"async\" src=\"https:\/\/www.boztibbi.com\/wp-content\/uploads\/2018\/06\/EZ\u00dacertificate-logo-icon-esc-boz-tibbi.png\" alt=\"Suturas No-Absorbibles\" \/><\/div>\n\t\t<h5 class=\"box-title\">Suturas No-Absorbibles<\/h5>\n\t<\/div>\n\t<div class=\"box-content\">\n\t\t<div class=\"box-detail\">\n\t\t\t<\/p>\n<p style=\"text-align: center\">Sistema de garant\u00eda de calidad total<\/p>\n<p><a class=\"button download square white\" href=\"https:\/\/www.boztibbi.com\/wp-content\/uploads\/2018\/09\/TR-Boz-T\u0131bbi-Emilemeyen-S\u00fct\u00fcrler-Tam-Kalite-G\u00fcvence-Sistemi.jpg\" target=\"_blank\" rel=\"noopener noreferrer\"><i class=\"fa fa-file-pdf-o\"><\/i>SER-TR 103 KB<\/a><br \/>\n<a class=\"button download square white\" href=\"https:\/\/www.boztibbi.com\/wp-content\/uploads\/2018\/09\/EN-Boz-Tibbi-Non-Absorbable-Sutures-Full-Quality-Assurance-System.jpg\" target=\"_blank\" rel=\"noopener noreferrer\"><i class=\"fa fa-file-pdf-o\"><\/i>CER-ENG 111 KB<\/a><\/p>\n\n\t\t\t\n\t\t<\/div>\n\t<\/div>\n<\/div>[vc_empty_space height=&#8221;30px&#8221;][\/vc_column][\/vc_row]<\/p>\n<\/div>","protected":false},"excerpt":{"rendered":"<p>[vc_row css=&#8221;.vc_custom_1528720001761{margin-right: 0px !important;margin-bottom: 50px !important;margin-left: 0px !important;padding-top: 100px !important;padding-bottom: 100px !important;background-image: url(https:\/\/www.boztibbi.com\/wp-content\/uploads\/2018\/06\/boz-t\u0131bbi-malzemeler-kalite-politikas\u0131-sertifikalar\u0131-quality-certificate-ankara-istanbul-background.jpg?id=1847) !important;background-position: center !important;background-repeat: no-repeat !important;background-size: cover !important;}&#8221;][vc_column width=&#8221;1\/6&#8243;][\/vc_column][vc_column width=&#8221;2\/3&#8243;][vc_custom_heading text=&#8221;Tecnolog\u00eda de vanguardia con calidad de total confianza&#8221; font_container=&#8221;tag:h2|font_size:48px|text_align:center|color:%23273272&#8243; use_theme_fonts=&#8221;yes&#8221; css=&#8221;.vc_custom_1561452602933{padding-top: 30px !important;padding-right: 30px !important;padding-bottom: 30px !important;padding-left: 30px !important;background-color: rgba(255,255,255,0.88) !important;*background-color: rgb(255,255,255) !important;}&#8221; el_class=&#8221;shadow&#8221;][\/vc_column][vc_column width=&#8221;1\/6&#8243;][\/vc_column][\/vc_row][vc_row][vc_column width=&#8221;1\/3&#8243;][vc_custom_heading text=&#8221;Nuestra pol\u00edtica de calidad&#8221; font_container=&#8221;tag:h3|text_align:left&#8221; use_theme_fonts=&#8221;yes&#8221;][vc_empty_space height=&#8221;20px&#8221;][\/vc_column][vc_column [&hellip;]<\/p>\n","protected":false},"author":1,"featured_media":0,"parent":4997,"menu_order":0,"comment_status":"closed","ping_status":"closed","template":"","meta":{"_acf_changed":false,"footnotes":""},"class_list":["post-5006","page","type-page","status-publish","hentry"],"acf":[],"yoast_head":"<!-- This site is optimized with the Yoast SEO plugin v21.6 - https:\/\/yoast.com\/wordpress\/plugins\/seo\/ -->\n<title>Pol\u00edtica de Calidad<\/title>\n<meta name=\"description\" content=\"Boz Medical Equipment tiene como prop\u00f3sito desarrollar productos y servicios innovadores y ser socio... Pol\u00edtica de Calidad...\" \/>\n<meta name=\"robots\" content=\"index, follow, max-snippet:-1, max-image-preview:large, max-video-preview:-1\" \/>\n<link rel=\"canonical\" href=\"https:\/\/www.boztibbi.com\/es\/corporativo\/politica-de-calidad\/\" \/>\n<meta property=\"og:locale\" content=\"es_ES\" \/>\n<meta property=\"og:type\" content=\"article\" \/>\n<meta property=\"og:title\" content=\"Pol\u00edtica de Calidad\" \/>\n<meta property=\"og:description\" content=\"Boz Medical Equipment tiene como prop\u00f3sito desarrollar productos y servicios innovadores y ser socio... Pol\u00edtica de Calidad...\" \/>\n<meta property=\"og:url\" content=\"https:\/\/www.boztibbi.com\/es\/corporativo\/politica-de-calidad\/\" \/>\n<meta property=\"og:site_name\" content=\"Boz Medical\" \/>\n<meta property=\"article:publisher\" content=\"https:\/\/www.facebook.com\/bozmedical\/\" \/>\n<meta property=\"article:modified_time\" content=\"2019-06-25T08:58:59+00:00\" \/>\n<meta name=\"twitter:card\" content=\"summary_large_image\" \/>\n<meta name=\"twitter:site\" content=\"@bozmedical\" \/>\n<script type=\"application\/ld+json\" class=\"yoast-schema-graph\">{\"@context\":\"https:\/\/schema.org\",\"@graph\":[{\"@type\":\"WebPage\",\"@id\":\"https:\/\/www.boztibbi.com\/es\/corporativo\/politica-de-calidad\/\",\"url\":\"https:\/\/www.boztibbi.com\/es\/corporativo\/politica-de-calidad\/\",\"name\":\"Pol\u00edtica de Calidad\",\"isPartOf\":{\"@id\":\"https:\/\/www.boztibbi.com\/#website\"},\"datePublished\":\"2017-10-02T02:33:24+00:00\",\"dateModified\":\"2019-06-25T08:58:59+00:00\",\"description\":\"Boz Medical Equipment tiene como prop\u00f3sito desarrollar productos y servicios innovadores y ser socio... Pol\u00edtica de Calidad...\",\"breadcrumb\":{\"@id\":\"https:\/\/www.boztibbi.com\/es\/corporativo\/politica-de-calidad\/#breadcrumb\"},\"inLanguage\":\"es\",\"potentialAction\":[{\"@type\":\"ReadAction\",\"target\":[\"https:\/\/www.boztibbi.com\/es\/corporativo\/politica-de-calidad\/\"]}]},{\"@type\":\"BreadcrumbList\",\"@id\":\"https:\/\/www.boztibbi.com\/es\/corporativo\/politica-de-calidad\/#breadcrumb\",\"itemListElement\":[{\"@type\":\"ListItem\",\"position\":1,\"name\":\"P\u00e1gina de inicio\",\"item\":\"https:\/\/www.boztibbi.com\/es\/\"},{\"@type\":\"ListItem\",\"position\":2,\"name\":\"Corporativo\",\"item\":\"https:\/\/www.boztibbi.com\/es\/corporativo\/\"},{\"@type\":\"ListItem\",\"position\":3,\"name\":\"Pol\u00edtica de Calidad\"}]},{\"@type\":\"WebSite\",\"@id\":\"https:\/\/www.boztibbi.com\/#website\",\"url\":\"https:\/\/www.boztibbi.com\/\",\"name\":\"Boz Medical\",\"description\":\"Suturas quir\u00fargicas, hemost\u00e1ticos absorbibles y mallas quir\u00fargicas\",\"publisher\":{\"@id\":\"https:\/\/www.boztibbi.com\/#organization\"},\"potentialAction\":[{\"@type\":\"SearchAction\",\"target\":{\"@type\":\"EntryPoint\",\"urlTemplate\":\"https:\/\/www.boztibbi.com\/?s={search_term_string}\"},\"query-input\":\"required name=search_term_string\"}],\"inLanguage\":\"es\"},{\"@type\":\"Organization\",\"@id\":\"https:\/\/www.boztibbi.com\/#organization\",\"name\":\"Boz T\u0131bbi Malzeme Sanayi ve Ticaret A.\u015e.\",\"url\":\"https:\/\/www.boztibbi.com\/\",\"logo\":{\"@type\":\"ImageObject\",\"inLanguage\":\"es\",\"@id\":\"https:\/\/www.boztibbi.com\/#\/schema\/logo\/image\/\",\"url\":\"https:\/\/www.boztibbi.com\/wp-content\/uploads\/2018\/08\/boz-t\u0131bbi-malzemeler-medikal-tekstil-t\u00fcrkiye-istanbul-ankara-u\u015fak.png\",\"contentUrl\":\"https:\/\/www.boztibbi.com\/wp-content\/uploads\/2018\/08\/boz-t\u0131bbi-malzemeler-medikal-tekstil-t\u00fcrkiye-istanbul-ankara-u\u015fak.png\",\"width\":1024,\"height\":683,\"caption\":\"Boz T\u0131bbi Malzeme Sanayi ve Ticaret A.\u015e.\"},\"image\":{\"@id\":\"https:\/\/www.boztibbi.com\/#\/schema\/logo\/image\/\"},\"sameAs\":[\"https:\/\/www.facebook.com\/bozmedical\/\",\"https:\/\/twitter.com\/bozmedical\"]}]}<\/script>\n<!-- \/ Yoast SEO plugin. -->","yoast_head_json":{"title":"Pol\u00edtica de Calidad","description":"Boz Medical Equipment tiene como prop\u00f3sito desarrollar productos y servicios innovadores y ser socio... Pol\u00edtica de Calidad...","robots":{"index":"index","follow":"follow","max-snippet":"max-snippet:-1","max-image-preview":"max-image-preview:large","max-video-preview":"max-video-preview:-1"},"canonical":"https:\/\/www.boztibbi.com\/es\/corporativo\/politica-de-calidad\/","og_locale":"es_ES","og_type":"article","og_title":"Pol\u00edtica de Calidad","og_description":"Boz Medical Equipment tiene como prop\u00f3sito desarrollar productos y servicios innovadores y ser socio... Pol\u00edtica de Calidad...","og_url":"https:\/\/www.boztibbi.com\/es\/corporativo\/politica-de-calidad\/","og_site_name":"Boz Medical","article_publisher":"https:\/\/www.facebook.com\/bozmedical\/","article_modified_time":"2019-06-25T08:58:59+00:00","twitter_card":"summary_large_image","twitter_site":"@bozmedical","schema":{"@context":"https:\/\/schema.org","@graph":[{"@type":"WebPage","@id":"https:\/\/www.boztibbi.com\/es\/corporativo\/politica-de-calidad\/","url":"https:\/\/www.boztibbi.com\/es\/corporativo\/politica-de-calidad\/","name":"Pol\u00edtica de Calidad","isPartOf":{"@id":"https:\/\/www.boztibbi.com\/#website"},"datePublished":"2017-10-02T02:33:24+00:00","dateModified":"2019-06-25T08:58:59+00:00","description":"Boz Medical Equipment tiene como prop\u00f3sito desarrollar productos y servicios innovadores y ser socio... Pol\u00edtica de Calidad...","breadcrumb":{"@id":"https:\/\/www.boztibbi.com\/es\/corporativo\/politica-de-calidad\/#breadcrumb"},"inLanguage":"es","potentialAction":[{"@type":"ReadAction","target":["https:\/\/www.boztibbi.com\/es\/corporativo\/politica-de-calidad\/"]}]},{"@type":"BreadcrumbList","@id":"https:\/\/www.boztibbi.com\/es\/corporativo\/politica-de-calidad\/#breadcrumb","itemListElement":[{"@type":"ListItem","position":1,"name":"P\u00e1gina de inicio","item":"https:\/\/www.boztibbi.com\/es\/"},{"@type":"ListItem","position":2,"name":"Corporativo","item":"https:\/\/www.boztibbi.com\/es\/corporativo\/"},{"@type":"ListItem","position":3,"name":"Pol\u00edtica de Calidad"}]},{"@type":"WebSite","@id":"https:\/\/www.boztibbi.com\/#website","url":"https:\/\/www.boztibbi.com\/","name":"Boz Medical","description":"Suturas quir\u00fargicas, hemost\u00e1ticos absorbibles y mallas quir\u00fargicas","publisher":{"@id":"https:\/\/www.boztibbi.com\/#organization"},"potentialAction":[{"@type":"SearchAction","target":{"@type":"EntryPoint","urlTemplate":"https:\/\/www.boztibbi.com\/?s={search_term_string}"},"query-input":"required name=search_term_string"}],"inLanguage":"es"},{"@type":"Organization","@id":"https:\/\/www.boztibbi.com\/#organization","name":"Boz T\u0131bbi Malzeme Sanayi ve Ticaret A.\u015e.","url":"https:\/\/www.boztibbi.com\/","logo":{"@type":"ImageObject","inLanguage":"es","@id":"https:\/\/www.boztibbi.com\/#\/schema\/logo\/image\/","url":"https:\/\/www.boztibbi.com\/wp-content\/uploads\/2018\/08\/boz-t\u0131bbi-malzemeler-medikal-tekstil-t\u00fcrkiye-istanbul-ankara-u\u015fak.png","contentUrl":"https:\/\/www.boztibbi.com\/wp-content\/uploads\/2018\/08\/boz-t\u0131bbi-malzemeler-medikal-tekstil-t\u00fcrkiye-istanbul-ankara-u\u015fak.png","width":1024,"height":683,"caption":"Boz T\u0131bbi Malzeme Sanayi ve Ticaret A.\u015e."},"image":{"@id":"https:\/\/www.boztibbi.com\/#\/schema\/logo\/image\/"},"sameAs":["https:\/\/www.facebook.com\/bozmedical\/","https:\/\/twitter.com\/bozmedical"]}]}},"_links":{"self":[{"href":"https:\/\/www.boztibbi.com\/es\/wp-json\/wp\/v2\/pages\/5006","targetHints":{"allow":["GET"]}}],"collection":[{"href":"https:\/\/www.boztibbi.com\/es\/wp-json\/wp\/v2\/pages"}],"about":[{"href":"https:\/\/www.boztibbi.com\/es\/wp-json\/wp\/v2\/types\/page"}],"author":[{"embeddable":true,"href":"https:\/\/www.boztibbi.com\/es\/wp-json\/wp\/v2\/users\/1"}],"replies":[{"embeddable":true,"href":"https:\/\/www.boztibbi.com\/es\/wp-json\/wp\/v2\/comments?post=5006"}],"version-history":[{"count":0,"href":"https:\/\/www.boztibbi.com\/es\/wp-json\/wp\/v2\/pages\/5006\/revisions"}],"up":[{"embeddable":true,"href":"https:\/\/www.boztibbi.com\/es\/wp-json\/wp\/v2\/pages\/4997"}],"wp:attachment":[{"href":"https:\/\/www.boztibbi.com\/es\/wp-json\/wp\/v2\/media?parent=5006"}],"curies":[{"name":"wp","href":"https:\/\/api.w.org\/{rel}","templated":true}]}}