{"id":5003,"date":"2017-10-02T02:27:49","date_gmt":"2017-10-02T02:27:49","guid":{"rendered":"https:\/\/www.boztibbi.com\/corporativo\/misyon-ve-degerler\/"},"modified":"2019-06-25T11:50:59","modified_gmt":"2019-06-25T08:50:59","slug":"mision-y-sueno","status":"publish","type":"page","link":"https:\/\/www.boztibbi.com\/es\/corporativo\/mision-y-sueno\/","title":{"rendered":"Misi\u00f3n y Sue\u00f1o"},"content":{"rendered":"<div class=\"wpb-content-wrapper\"><p>[vc_row css=&#8221;.vc_custom_1528705764107{margin-right: 0px !important;margin-left: 0px !important;padding-top: 100px !important;padding-right: 40px !important;padding-bottom: 100px !important;padding-left: 40px !important;background-image: url(https:\/\/www.boztibbi.com\/wp-content\/uploads\/2018\/06\/t\u0131bbi-tekstil-\u00fcretimi-suture-s\u00fct\u00fcr-ameliyat-ipli\u011fi-ankara-istanbul-t\u00fcrkiye-turkey-manufacturing-boz-t\u0131bbi-medical-textile.jpg?id=1797) !important;background-position: center !important;background-repeat: no-repeat !important;background-size: cover !important;}&#8221;][vc_column width=&#8221;2\/3&#8243;][vc_column_text]<\/p>\n<h2 class=\"no-margin-top\" style=\"font-size: 2.5rem; font-weight: 300;\"><span style=\"color: #ffffff;\">Nuestro objetivo <strong>es ser el mejor<\/strong> fabricante de material m\u00e9dico.<\/span><\/h2>\n<p>[\/vc_column_text][\/vc_column][vc_column width=&#8221;1\/3&#8243;][\/vc_column][\/vc_row][vc_row css=&#8221;.vc_custom_1510549832750{padding-top: 50px !important;}&#8221;][vc_column width=&#8221;1\/4&#8243;][vc_custom_heading text=&#8221;Una vida mejor&#8221; font_container=&#8221;tag:h3|text_align:left&#8221; use_theme_fonts=&#8221;yes&#8221;][vc_empty_space height=&#8221;20px&#8221;][\/vc_column][vc_column width=&#8221;3\/4&#8243;][vc_column_text]Nuestro enfoque orientado a la innovaci\u00f3n es hacer que la vida de millones de personas sea mejor. Ofrecemos nuestra ayuda a pacientes de todo el mundo mediante la prevenci\u00f3n, la cura, el tratamiento de las enfermedades y proporcionar unas mejores oportunidades de diagn\u00f3stico.<\/p>\n<p>Nos aseguramos de suministrar los materiales m\u00e9dicos de alta calidad al nivel adecuado. Con nuestros materiales fabricados con tecnolog\u00eda avanzada, contribu\u00edmos a utilizar la energ\u00eda y los recursos de forma eficaz. Boz Medical se basa en decenas de a\u00f1os de experiencia, como base para alcanzar estos objetivos y nuestra compa\u00f1\u00eda combina la experiencia en materiales m\u00e9dicos de alta tecnolog\u00eda con la salud animal y vegetal. La clave para suministrar productos m\u00e9dicos en todos los mercados es nuestro enfoque en innovaci\u00f3n. Otra fuente de esta clave es considerar las necesidades de otros socios de nuestra empresa para dar valor a nuestros clientes y empleados.[\/vc_column_text][\/vc_column][\/vc_row][vc_row css=&#8221;.vc_custom_1510549832750{padding-top: 50px !important;}&#8221;][vc_column width=&#8221;1\/4&#8243;][vc_custom_heading text=&#8221;Nuestros valores&#8221; font_container=&#8221;tag:h3|text_align:left&#8221; use_theme_fonts=&#8221;yes&#8221;][vc_empty_space height=&#8221;20px&#8221;][\/vc_column][vc_column width=&#8221;3\/4&#8243;][vc_column_text]En nuestras actividades, estamos comprometidos en mantener la sostenibilidad y las responsabilidades \u00e9ticas y sociales. Los valores de liderazgo, eficacia, correcci\u00f3n y flexibilidad de Boz Medical se dirigen a conseguir nuestra misi\u00f3n de \u201cUna vida mejor\u201d.<\/p>\n<h6>LIDERAZGO<\/h6>\n<ul>\n<li>Proteger a los empleados y su rendimiento<\/li>\n<li>Tomar iniciativas personales, inspirando y motivando a los dem\u00e1s<\/li>\n<li>Ser responsable de acciones, resultados, intentos satisfactorios y no satisfactorios<\/li>\n<li>Ser justos y respectuosos hacia los dem\u00e1s<\/li>\n<li>Hacer comentarios abiertos, sinceros y a tiempo<\/li>\n<li>Gestionar todos los conflictos de una forma constructiva<\/li>\n<li>Crear valores para todos los accionistas<\/li>\n<li><\/li>\n<\/ul>\n<h6>EFICACIA<\/h6>\n<ul>\n<li>Gesti\u00f3n de recursos inteligente<\/li>\n<li>Centrado en actividades creadoras de valores<\/li>\n<li>Negocio simple y eficaz<\/li>\n<li>Negocio asequible, r\u00e1pido y de alta calidad<\/li>\n<li>Responsabilidad para una aplicaci\u00f3n coherente<\/li>\n<li>Acelerar mejores procesos de toma de decisiones<\/li>\n<li>Trabajo conjunto para encontrar mejores soluciones<\/li>\n<\/ul>\n<h6>CORRECCI\u00d3N<\/h6>\n<ul>\n<li>Dar ejemplo<\/li>\n<li>Cumplir con las leyes, normas y una buena \u00e9tica de negocio<\/li>\n<li>Confiar en los dem\u00e1s y forjar relaciones de confianza<\/li>\n<li>Ser de confianza<\/li>\n<li>Escuchar atentamente y mantener una comunicaci\u00f3n adecuada<\/li>\n<li>Garantizar la sostenibilidad<\/li>\n<li>Cuidar de la gente, la seguridad y el entorno<\/li>\n<\/ul>\n<h6>FLEXIBILIDAD<\/h6>\n<ul>\n<li>Gestionar el cambio de manera eficaz<\/li>\n<li>Estar preparado para cumplir con las tendencias y los requisitos futuros<\/li>\n<li>Cuestionarse el status quo<\/li>\n<li>Pensar y actuar de forma orientada al el cliente<\/li>\n<li>Analizar las oportunidades y tomar riesgos calculables<\/li>\n<li>Tener una mentalidad abierta<\/li>\n<li>Estar abierto a un aprendizaje para toda la vida<\/li>\n<li style=\"list-style-type: none;\"><\/li>\n<\/ul>\n<p>[\/vc_column_text][\/vc_column][\/vc_row]<\/p>\n<\/div>","protected":false},"excerpt":{"rendered":"<p>[vc_row css=&#8221;.vc_custom_1528705764107{margin-right: 0px !important;margin-left: 0px !important;padding-top: 100px !important;padding-right: 40px !important;padding-bottom: 100px !important;padding-left: 40px !important;background-image: url(https:\/\/www.boztibbi.com\/wp-content\/uploads\/2018\/06\/t\u0131bbi-tekstil-\u00fcretimi-suture-s\u00fct\u00fcr-ameliyat-ipli\u011fi-ankara-istanbul-t\u00fcrkiye-turkey-manufacturing-boz-t\u0131bbi-medical-textile.jpg?id=1797) !important;background-position: center !important;background-repeat: no-repeat !important;background-size: cover !important;}&#8221;][vc_column width=&#8221;2\/3&#8243;][vc_column_text] Nuestro objetivo es ser el mejor fabricante de material m\u00e9dico. [\/vc_column_text][\/vc_column][vc_column width=&#8221;1\/3&#8243;][\/vc_column][\/vc_row][vc_row css=&#8221;.vc_custom_1510549832750{padding-top: 50px !important;}&#8221;][vc_column width=&#8221;1\/4&#8243;][vc_custom_heading text=&#8221;Una vida mejor&#8221; font_container=&#8221;tag:h3|text_align:left&#8221; use_theme_fonts=&#8221;yes&#8221;][vc_empty_space height=&#8221;20px&#8221;][\/vc_column][vc_column width=&#8221;3\/4&#8243;][vc_column_text]Nuestro enfoque orientado a la innovaci\u00f3n es hacer que la [&hellip;]<\/p>\n","protected":false},"author":1,"featured_media":0,"parent":4997,"menu_order":0,"comment_status":"closed","ping_status":"closed","template":"","meta":{"_acf_changed":false,"footnotes":""},"class_list":["post-5003","page","type-page","status-publish","hentry"],"acf":[],"yoast_head":"<!-- This site is optimized with the Yoast SEO plugin v21.6 - https:\/\/yoast.com\/wordpress\/plugins\/seo\/ -->\n<title>Misi\u00f3n y Sue\u00f1o<\/title>\n<meta name=\"description\" content=\"Misi\u00f3n y Sue\u00f1o - Nuestro enfoque orientado a la innovaci\u00f3n es hacer que la vida de millones de personas sea mejor. Boz Medical\" \/>\n<meta name=\"robots\" content=\"index, follow, max-snippet:-1, max-image-preview:large, max-video-preview:-1\" \/>\n<link rel=\"canonical\" href=\"https:\/\/www.boztibbi.com\/es\/corporativo\/mision-y-sueno\/\" \/>\n<meta property=\"og:locale\" content=\"es_ES\" \/>\n<meta property=\"og:type\" content=\"article\" \/>\n<meta property=\"og:title\" content=\"Misi\u00f3n y Sue\u00f1o\" \/>\n<meta property=\"og:description\" content=\"Misi\u00f3n y Sue\u00f1o - Nuestro enfoque orientado a la innovaci\u00f3n es hacer que la vida de millones de personas sea mejor. Boz Medical\" \/>\n<meta property=\"og:url\" content=\"https:\/\/www.boztibbi.com\/es\/corporativo\/mision-y-sueno\/\" \/>\n<meta property=\"og:site_name\" content=\"Boz Medical\" \/>\n<meta property=\"article:publisher\" content=\"https:\/\/www.facebook.com\/bozmedical\/\" \/>\n<meta property=\"article:modified_time\" content=\"2019-06-25T08:50:59+00:00\" \/>\n<meta name=\"twitter:card\" content=\"summary_large_image\" \/>\n<meta name=\"twitter:site\" content=\"@bozmedical\" \/>\n<script type=\"application\/ld+json\" class=\"yoast-schema-graph\">{\"@context\":\"https:\/\/schema.org\",\"@graph\":[{\"@type\":\"WebPage\",\"@id\":\"https:\/\/www.boztibbi.com\/es\/corporativo\/mision-y-sueno\/\",\"url\":\"https:\/\/www.boztibbi.com\/es\/corporativo\/mision-y-sueno\/\",\"name\":\"Misi\u00f3n y Sue\u00f1o\",\"isPartOf\":{\"@id\":\"https:\/\/www.boztibbi.com\/#website\"},\"datePublished\":\"2017-10-02T02:27:49+00:00\",\"dateModified\":\"2019-06-25T08:50:59+00:00\",\"description\":\"Misi\u00f3n y Sue\u00f1o - Nuestro enfoque orientado a la innovaci\u00f3n es hacer que la vida de millones de personas sea mejor. Boz Medical\",\"breadcrumb\":{\"@id\":\"https:\/\/www.boztibbi.com\/es\/corporativo\/mision-y-sueno\/#breadcrumb\"},\"inLanguage\":\"es\",\"potentialAction\":[{\"@type\":\"ReadAction\",\"target\":[\"https:\/\/www.boztibbi.com\/es\/corporativo\/mision-y-sueno\/\"]}]},{\"@type\":\"BreadcrumbList\",\"@id\":\"https:\/\/www.boztibbi.com\/es\/corporativo\/mision-y-sueno\/#breadcrumb\",\"itemListElement\":[{\"@type\":\"ListItem\",\"position\":1,\"name\":\"P\u00e1gina de inicio\",\"item\":\"https:\/\/www.boztibbi.com\/es\/\"},{\"@type\":\"ListItem\",\"position\":2,\"name\":\"Corporativo\",\"item\":\"https:\/\/www.boztibbi.com\/es\/corporativo\/\"},{\"@type\":\"ListItem\",\"position\":3,\"name\":\"Misi\u00f3n y Sue\u00f1o\"}]},{\"@type\":\"WebSite\",\"@id\":\"https:\/\/www.boztibbi.com\/#website\",\"url\":\"https:\/\/www.boztibbi.com\/\",\"name\":\"Boz Medical\",\"description\":\"Suturas quir\u00fargicas, hemost\u00e1ticos absorbibles y mallas quir\u00fargicas\",\"publisher\":{\"@id\":\"https:\/\/www.boztibbi.com\/#organization\"},\"potentialAction\":[{\"@type\":\"SearchAction\",\"target\":{\"@type\":\"EntryPoint\",\"urlTemplate\":\"https:\/\/www.boztibbi.com\/?s={search_term_string}\"},\"query-input\":\"required name=search_term_string\"}],\"inLanguage\":\"es\"},{\"@type\":\"Organization\",\"@id\":\"https:\/\/www.boztibbi.com\/#organization\",\"name\":\"Boz T\u0131bbi Malzeme Sanayi ve Ticaret A.\u015e.\",\"url\":\"https:\/\/www.boztibbi.com\/\",\"logo\":{\"@type\":\"ImageObject\",\"inLanguage\":\"es\",\"@id\":\"https:\/\/www.boztibbi.com\/#\/schema\/logo\/image\/\",\"url\":\"https:\/\/www.boztibbi.com\/wp-content\/uploads\/2018\/08\/boz-t\u0131bbi-malzemeler-medikal-tekstil-t\u00fcrkiye-istanbul-ankara-u\u015fak.png\",\"contentUrl\":\"https:\/\/www.boztibbi.com\/wp-content\/uploads\/2018\/08\/boz-t\u0131bbi-malzemeler-medikal-tekstil-t\u00fcrkiye-istanbul-ankara-u\u015fak.png\",\"width\":1024,\"height\":683,\"caption\":\"Boz T\u0131bbi Malzeme Sanayi ve Ticaret A.\u015e.\"},\"image\":{\"@id\":\"https:\/\/www.boztibbi.com\/#\/schema\/logo\/image\/\"},\"sameAs\":[\"https:\/\/www.facebook.com\/bozmedical\/\",\"https:\/\/twitter.com\/bozmedical\"]}]}<\/script>\n<!-- \/ Yoast SEO plugin. -->","yoast_head_json":{"title":"Misi\u00f3n y Sue\u00f1o","description":"Misi\u00f3n y Sue\u00f1o - Nuestro enfoque orientado a la innovaci\u00f3n es hacer que la vida de millones de personas sea mejor. Boz Medical","robots":{"index":"index","follow":"follow","max-snippet":"max-snippet:-1","max-image-preview":"max-image-preview:large","max-video-preview":"max-video-preview:-1"},"canonical":"https:\/\/www.boztibbi.com\/es\/corporativo\/mision-y-sueno\/","og_locale":"es_ES","og_type":"article","og_title":"Misi\u00f3n y Sue\u00f1o","og_description":"Misi\u00f3n y Sue\u00f1o - Nuestro enfoque orientado a la innovaci\u00f3n es hacer que la vida de millones de personas sea mejor. Boz Medical","og_url":"https:\/\/www.boztibbi.com\/es\/corporativo\/mision-y-sueno\/","og_site_name":"Boz Medical","article_publisher":"https:\/\/www.facebook.com\/bozmedical\/","article_modified_time":"2019-06-25T08:50:59+00:00","twitter_card":"summary_large_image","twitter_site":"@bozmedical","schema":{"@context":"https:\/\/schema.org","@graph":[{"@type":"WebPage","@id":"https:\/\/www.boztibbi.com\/es\/corporativo\/mision-y-sueno\/","url":"https:\/\/www.boztibbi.com\/es\/corporativo\/mision-y-sueno\/","name":"Misi\u00f3n y Sue\u00f1o","isPartOf":{"@id":"https:\/\/www.boztibbi.com\/#website"},"datePublished":"2017-10-02T02:27:49+00:00","dateModified":"2019-06-25T08:50:59+00:00","description":"Misi\u00f3n y Sue\u00f1o - Nuestro enfoque orientado a la innovaci\u00f3n es hacer que la vida de millones de personas sea mejor. Boz Medical","breadcrumb":{"@id":"https:\/\/www.boztibbi.com\/es\/corporativo\/mision-y-sueno\/#breadcrumb"},"inLanguage":"es","potentialAction":[{"@type":"ReadAction","target":["https:\/\/www.boztibbi.com\/es\/corporativo\/mision-y-sueno\/"]}]},{"@type":"BreadcrumbList","@id":"https:\/\/www.boztibbi.com\/es\/corporativo\/mision-y-sueno\/#breadcrumb","itemListElement":[{"@type":"ListItem","position":1,"name":"P\u00e1gina de inicio","item":"https:\/\/www.boztibbi.com\/es\/"},{"@type":"ListItem","position":2,"name":"Corporativo","item":"https:\/\/www.boztibbi.com\/es\/corporativo\/"},{"@type":"ListItem","position":3,"name":"Misi\u00f3n y Sue\u00f1o"}]},{"@type":"WebSite","@id":"https:\/\/www.boztibbi.com\/#website","url":"https:\/\/www.boztibbi.com\/","name":"Boz Medical","description":"Suturas quir\u00fargicas, hemost\u00e1ticos absorbibles y mallas quir\u00fargicas","publisher":{"@id":"https:\/\/www.boztibbi.com\/#organization"},"potentialAction":[{"@type":"SearchAction","target":{"@type":"EntryPoint","urlTemplate":"https:\/\/www.boztibbi.com\/?s={search_term_string}"},"query-input":"required name=search_term_string"}],"inLanguage":"es"},{"@type":"Organization","@id":"https:\/\/www.boztibbi.com\/#organization","name":"Boz T\u0131bbi Malzeme Sanayi ve Ticaret A.\u015e.","url":"https:\/\/www.boztibbi.com\/","logo":{"@type":"ImageObject","inLanguage":"es","@id":"https:\/\/www.boztibbi.com\/#\/schema\/logo\/image\/","url":"https:\/\/www.boztibbi.com\/wp-content\/uploads\/2018\/08\/boz-t\u0131bbi-malzemeler-medikal-tekstil-t\u00fcrkiye-istanbul-ankara-u\u015fak.png","contentUrl":"https:\/\/www.boztibbi.com\/wp-content\/uploads\/2018\/08\/boz-t\u0131bbi-malzemeler-medikal-tekstil-t\u00fcrkiye-istanbul-ankara-u\u015fak.png","width":1024,"height":683,"caption":"Boz T\u0131bbi Malzeme Sanayi ve Ticaret A.\u015e."},"image":{"@id":"https:\/\/www.boztibbi.com\/#\/schema\/logo\/image\/"},"sameAs":["https:\/\/www.facebook.com\/bozmedical\/","https:\/\/twitter.com\/bozmedical"]}]}},"_links":{"self":[{"href":"https:\/\/www.boztibbi.com\/es\/wp-json\/wp\/v2\/pages\/5003","targetHints":{"allow":["GET"]}}],"collection":[{"href":"https:\/\/www.boztibbi.com\/es\/wp-json\/wp\/v2\/pages"}],"about":[{"href":"https:\/\/www.boztibbi.com\/es\/wp-json\/wp\/v2\/types\/page"}],"author":[{"embeddable":true,"href":"https:\/\/www.boztibbi.com\/es\/wp-json\/wp\/v2\/users\/1"}],"replies":[{"embeddable":true,"href":"https:\/\/www.boztibbi.com\/es\/wp-json\/wp\/v2\/comments?post=5003"}],"version-history":[{"count":0,"href":"https:\/\/www.boztibbi.com\/es\/wp-json\/wp\/v2\/pages\/5003\/revisions"}],"up":[{"embeddable":true,"href":"https:\/\/www.boztibbi.com\/es\/wp-json\/wp\/v2\/pages\/4997"}],"wp:attachment":[{"href":"https:\/\/www.boztibbi.com\/es\/wp-json\/wp\/v2\/media?parent=5003"}],"curies":[{"name":"wp","href":"https:\/\/api.w.org\/{rel}","templated":true}]}}