{"id":5000,"date":"2017-10-02T02:30:27","date_gmt":"2017-10-02T02:30:27","guid":{"rendered":"https:\/\/www.boztibbi.com\/corporativo\/kurumsal-sorumluluk\/"},"modified":"2019-06-25T11:43:54","modified_gmt":"2019-06-25T08:43:54","slug":"responsabilidad-empresarial","status":"publish","type":"page","link":"https:\/\/www.boztibbi.com\/es\/corporativo\/responsabilidad-empresarial\/","title":{"rendered":"Responsabilidad Empresarial"},"content":{"rendered":"<div class=\"wpb-content-wrapper\"><p>[vc_row][vc_column][vc_single_image image=&#8221;1793&#8243; img_size=&#8221;914&#215;500&#8243;][vc_empty_space height=&#8221;50px&#8221;][vc_row_inner][vc_column_inner width=&#8221;1\/3&#8243;][vc_custom_heading text=&#8221;Responsabilidad Empresarial&#8221; font_container=&#8221;tag:h3|text_align:left&#8221; use_theme_fonts=&#8221;yes&#8221;][vc_empty_space height=&#8221;20px&#8221;][\/vc_column_inner][vc_column_inner width=&#8221;2\/3&#8243;][vc_column_text]Creemos en adoptar aplicaciones de negocio responsables que supongan un cambio positivo en la sociedad. Queremos contribuir en todas las \u00e1reas de actividad de una forma positiva. As\u00ed, nuestro sue\u00f1o es crear una vida comercial sostenible a largo plazo y aplicar un programa de responsabilidad empresarial que tenga efectos positivos en la sociedad.[\/vc_column_text][vc_empty_space height=&#8221;50px&#8221;][\/vc_column_inner][\/vc_row_inner][\/vc_column][\/vc_row][vc_row][vc_column][vc_row_inner][vc_column_inner width=&#8221;1\/3&#8243;][vc_custom_heading text=&#8221;Responsabilidad social y ambiental&#8221; font_container=&#8221;tag:h3|text_align:left&#8221; use_theme_fonts=&#8221;yes&#8221;][vc_empty_space height=&#8221;20px&#8221;][\/vc_column_inner][vc_column_inner width=&#8221;2\/3&#8243;][vc_column_text]La creciente responsabilidad social en las empresas da lugar a desaf\u00edos acerca de la seguridad econ\u00f3mica y la rentabilidad. Boz Medical es consciente de esos riesgos y est\u00e1 creando nuevos requisitos y nuevas areas de actividad a nivel de gesti\u00f3n y de organizaci\u00f3n. Boz Medical y todos los empleados tienen en cuenta los efectos de cada uno de sus movimientos y actividades en la sociedad y en el entorno.<\/p>\n<p>Intentamos hacer del mundo un lugar m\u00e1s seguro combinando nuestras habilidades, ideas y conocimiento.[\/vc_column_text][vc_empty_space height=&#8221;50px&#8221;][\/vc_column_inner][\/vc_row_inner][vc_row_inner][vc_column_inner width=&#8221;1\/3&#8243;]<div class=\"iconbox aligncenter \">\n\t<div class=\"box-header\">\n\t\t<div class=\"box-icon\"><i class=\"entypo-icon entypo-icon-archive\"><\/i><\/div>\n\t\t<h3 class=\"box-title\">FORMACI\u00d3N<\/h3>\n\t<\/div>\n\t<div class=\"box-content\">\n\t\t<div class=\"box-detail\">\n\t\t\t<p>Apoyamos el desarrollo personal y profesional de nuestros empleados con constantes programas de formaci\u00f3n. Estamos organizando programas de formaci\u00f3n a corto y largo plazo para reunir las necesidades de desarrollo t\u00e9cnico y personal de nuestros empleados. Identificamos las \u00e1reas de desarrollo de nuestro personal y planificamos nuestra formaci\u00f3n en consecuencia.<\/p>\n\n\t\t\t\n\t\t<\/div>\n\t<\/div>\n<\/div>[vc_empty_space height=&#8221;30px&#8221;][\/vc_column_inner][vc_column_inner width=&#8221;1\/3&#8243;]<div class=\"iconbox aligncenter  vc_custom_1561451911417\">\n\t<div class=\"box-header\">\n\t\t<div class=\"box-icon\"><i class=\"entypo-icon entypo-icon-feather\"><\/i><\/div>\n\t\t<h3 class=\"box-title\">ENTORNO<\/h3>\n\t<\/div>\n\t<div class=\"box-content\">\n\t\t<div class=\"box-detail\">\n\t\t\t<p>Boz Medical se rige conforme a los reglamentos y legislaci\u00f3n jur\u00eddica nacionales e internacionales. Fabricamos productos respetuosos con el medio ambiente basados en un sistema de gesti\u00f3n ambiental en constante desarrollo. Nos preocupamos por dejar un entorno limpio y sano para las generaciones futuras.<\/p>\n\n\t\t\t\n\t\t<\/div>\n\t<\/div>\n<\/div>[vc_empty_space height=&#8221;30px&#8221;][\/vc_column_inner][vc_column_inner width=&#8221;1\/3&#8243;]<div class=\"iconbox aligncenter  vc_custom_1561451925332\">\n\t<div class=\"box-header\">\n\t\t<div class=\"box-icon\"><i class=\"entypo-icon entypo-icon-newspaper\"><\/i><\/div>\n\t\t<h3 class=\"box-title\">CALIDAD<\/h3>\n\t<\/div>\n\t<div class=\"box-content\">\n\t\t<div class=\"box-detail\">\n\t\t\t<p>Boz Medical tiene el certificado de Sistema de Gesti\u00f3n de Calidad seg\u00fan la normativa internacional ISO 9001 y est\u00e1 constantemente mejorando este sistema. Basado en nuestro enfoque de memoria constante, Boz Medical trabaja seg\u00fan los datos y aumenta el nivel de eficacia de sus procesos empresariales para competir a nivel internacional.<\/p>\n\n\t\t\t\n\t\t<\/div>\n\t<\/div>\n<\/div>[vc_empty_space height=&#8221;30px&#8221;][\/vc_column_inner][\/vc_row_inner][\/vc_column][\/vc_row][vc_row css=&#8221;.vc_custom_1510545251273{padding-top: 30px !important;}&#8221;][vc_column][vc_row_inner][vc_column_inner width=&#8221;1\/3&#8243;][vc_custom_heading text=&#8221;Enfoque ambiental en los productos y en la fabricaci\u00f3n&#8221; font_container=&#8221;tag:h3|text_align:left&#8221; use_theme_fonts=&#8221;yes&#8221;][vc_empty_space height=&#8221;20px&#8221;][\/vc_column_inner][vc_column_inner width=&#8221;2\/3&#8243;][vc_column_text]En cada etapa de nuestros procesos de fabricaci\u00f3n, el prop\u00f3sito es minimizar el efecto sobre el entorno y nuestra empresa es altamente eficaz con un m\u00ednimo consumo de recursos naturales.<\/p>\n<p>Nos preocupamos por dejar un entorno limpio y saludable a las generaciones futuras. Identificamos nuestros objetivos para controlar los efectos ambientales y minimizar el uso de los recursos. En este sentido, controlamos constantemente nuestro rendimiento ambiental.[\/vc_column_text][vc_empty_space height=&#8221;50px&#8221;][\/vc_column_inner][\/vc_row_inner][vc_row_inner][vc_column_inner]\n\t<div class=\"blog-shortcode  post-thumbnail-cover\">\n\t\t\n\t\t<div class=\"blog-entries\">\n\t\t\t\t\t\t\t<div class=\"entries-wrapper content-inner blog-grid\" data-grid=\"{&quot;itemSelector&quot;:&quot;.post&quot;}\" data-columns=\"3\">\n\t\t\t\t\t\t\t\t\t\t\t\n\t\t\t\t<div class=\"post post-10756 type-post status-publish format-standard has-post-thumbnail hentry category-feria-y-seminario tag-idex tag-justa\">\n\t\t\t\t\t<div class=\"post-inner\">\t\t\n\t\t\t\t\t\t\t\t\t\t\t\t\t\n\t\t\t\t\t\t\t\t\t\t\t\t\t\t\t\n\t\t\t\t\t\t\t\t<div class=\"post-image\">\n\t\t\t\t\t\t\t\t\t<h2 class=\"post-title\">\n\t\t\t\t\t\t\t\t\t\t<a href=\"https:\/\/www.boztibbi.com\/es\/el-sector-odontologico-global-se-reunio-en-idex-istanbul\/\">El sector odontol\u00f3gico global se reuni\u00f3 en IDEX Istanbul<\/a>\n\t\t\t\t\t\t\t\t\t<\/h2>\n\t\t\t\t\t\t\t\t\t<span class=\"post-categories\">\n\t\t\t\t\t\t\t\t\t\t<a href=\"https:\/\/www.boztibbi.com\/es\/kategori\/feria-y-seminario\/\" rel=\"category tag\">Feria y Seminario<\/a>\t\t\t\t\t\t\t\t\t<\/span>\n\t\t\t\t\t\t\t\t\t<a class=\"featured-image\" href=\"https:\/\/www.boztibbi.com\/es\/el-sector-odontologico-global-se-reunio-en-idex-istanbul\/\">\n\t\t\t\t\t\t\t\t\t\t<img decoding=\"async\" class=\"\" src=\"https:\/\/www.boztibbi.com\/wp-content\/uploads\/2022\/06\/istanbul-fuari-agiz-dis-sagligi-cihaz-ve-ekipmanlari-fuari-idex-2022-boz-tibbi-malzeme-600x600.jpg\" width=\"600\" height=\"600\" alt=\"17. Uluslararas\u0131 A\u011f\u0131z-Di\u015f Sa\u011fl\u0131\u011f\u0131 Cihaz ve Ekipmanlar\u0131 Fuar\u0131 IDEX \u0130stanbul - Boz T\u0131bbi Malzeme\" title=\"istanbul-fuari-agiz-dis-sagligi-cihaz-ve-ekipmanlari-fuari-idex-2022-boz-tibbi-malzeme\" loading=\"lazy\" \/>\t\t\t\t\t\t\t\t\t<\/a>\n\t\t\t\t\t\t\t\t<\/div>\n\n\t\t\t\t\t\t\t\n\t\t\t\t\t\t\n\t\t\t\t\t\t\n\t\t\t\t\t\t\t\t\t\t\t<\/div>\t\t\n\t\t\t\t<\/div>\n\n\t\t\t\t\t\t\t\t\n\t\t\t\t<div class=\"post post-10750 type-post status-publish format-standard has-post-thumbnail hentry category-feria-y-seminario tag-congreso tag-justa tag-noticias\">\n\t\t\t\t\t<div class=\"post-inner\">\t\t\n\t\t\t\t\t\t\t\t\t\t\t\t\t\n\t\t\t\t\t\t\t\t\t\t\t\t\t\t\t\n\t\t\t\t\t\t\t\t<div class=\"post-image\">\n\t\t\t\t\t\t\t\t\t<h2 class=\"post-title\">\n\t\t\t\t\t\t\t\t\t\t<a href=\"https:\/\/www.boztibbi.com\/es\/22-congreso-quirurgico-nacional-y-17-congreso-nacional-de-enfermeria-quirurgica\/\">22. Congreso Quir\u00fargico Nacional y 17. Congreso Nacional de Enfermer\u00eda Quir\u00fargica<\/a>\n\t\t\t\t\t\t\t\t\t<\/h2>\n\t\t\t\t\t\t\t\t\t<span class=\"post-categories\">\n\t\t\t\t\t\t\t\t\t\t<a href=\"https:\/\/www.boztibbi.com\/es\/kategori\/feria-y-seminario\/\" rel=\"category tag\">Feria y Seminario<\/a>\t\t\t\t\t\t\t\t\t<\/span>\n\t\t\t\t\t\t\t\t\t<a class=\"featured-image\" href=\"https:\/\/www.boztibbi.com\/es\/22-congreso-quirurgico-nacional-y-17-congreso-nacional-de-enfermeria-quirurgica\/\">\n\t\t\t\t\t\t\t\t\t\t<img decoding=\"async\" class=\"\" src=\"https:\/\/www.boztibbi.com\/wp-content\/uploads\/2022\/03\/22-ulusal-cerrah-kongresi-ve-17-ulusal-cerrahi-hemsireligi-kongresi-greceklesti-mart-2022-antalya-boz-tibbi-malzeme-600x600.jpg\" width=\"600\" height=\"600\" alt=\"22. Ulusal Cerrahi Kongresi ve 17. Ulusal Cerrahi Hem\u015fireli\u011fi Kongresi Ger\u00e7ekle\u015fti - Antalya, Mart 2022 - Boz T\u0131bbi Malzeme\" title=\"22-ulusal-cerrah-kongresi-ve-17-ulusal-cerrahi-hemsireligi-kongresi-greceklesti-mart-2022-antalya-boz-tibbi-malzeme\" loading=\"lazy\" \/>\t\t\t\t\t\t\t\t\t<\/a>\n\t\t\t\t\t\t\t\t<\/div>\n\n\t\t\t\t\t\t\t\n\t\t\t\t\t\t\n\t\t\t\t\t\t\n\t\t\t\t\t\t\t\t\t\t\t<\/div>\t\t\n\t\t\t\t<\/div>\n\n\t\t\t\t\t\t\t\t\n\t\t\t\t<div class=\"post post-10746 type-post status-publish format-standard has-post-thumbnail hentry category-feria-y-seminario tag-expomed-eurasia tag-justa tag-noticias\">\n\t\t\t\t\t<div class=\"post-inner\">\t\t\n\t\t\t\t\t\t\t\t\t\t\t\t\t\n\t\t\t\t\t\t\t\t\t\t\t\t\t\t\t\n\t\t\t\t\t\t\t\t<div class=\"post-image\">\n\t\t\t\t\t\t\t\t\t<h2 class=\"post-title\">\n\t\t\t\t\t\t\t\t\t\t<a href=\"https:\/\/www.boztibbi.com\/es\/estuvimos-aqui-en-la-exposicion-expomed-eurasia-2022\/\">Estuvimos aqu\u00ed, en la Exposici\u00f3n Expomed Eurasia 2022<\/a>\n\t\t\t\t\t\t\t\t\t<\/h2>\n\t\t\t\t\t\t\t\t\t<span class=\"post-categories\">\n\t\t\t\t\t\t\t\t\t\t<a href=\"https:\/\/www.boztibbi.com\/es\/kategori\/feria-y-seminario\/\" rel=\"category tag\">Feria y Seminario<\/a>\t\t\t\t\t\t\t\t\t<\/span>\n\t\t\t\t\t\t\t\t\t<a class=\"featured-image\" href=\"https:\/\/www.boztibbi.com\/es\/estuvimos-aqui-en-la-exposicion-expomed-eurasia-2022\/\">\n\t\t\t\t\t\t\t\t\t\t<img decoding=\"async\" class=\"\" src=\"https:\/\/www.boztibbi.com\/wp-content\/uploads\/2022\/03\/expomed-eurasia-2022-fuari-boz-tibbi-malzeme-istanbul-600x600.jpg\" width=\"600\" height=\"600\" alt=\"Expomed Eurasia 2022 Fuar\u0131ndayd\u0131k - Boz T\u0131bbi Malzeme\" title=\"expomed-eurasia-2022-fuari-boz-tibbi-malzeme-istanbul\" loading=\"lazy\" \/>\t\t\t\t\t\t\t\t\t<\/a>\n\t\t\t\t\t\t\t\t<\/div>\n\n\t\t\t\t\t\t\t\n\t\t\t\t\t\t\n\t\t\t\t\t\t\n\t\t\t\t\t\t\t\t\t\t\t<\/div>\t\t\n\t\t\t\t<\/div>\n\n\t\t\t\t\t\t\t\t\t\t\t<\/div>\n\t\t<\/div>\n\t<\/div>[\/vc_column_inner][\/vc_row_inner][\/vc_column][\/vc_row]<\/p>\n<\/div>","protected":false},"excerpt":{"rendered":"<p>[vc_row][vc_column][vc_single_image image=&#8221;1793&#8243; img_size=&#8221;914&#215;500&#8243;][vc_empty_space height=&#8221;50px&#8221;][vc_row_inner][vc_column_inner width=&#8221;1\/3&#8243;][vc_custom_heading text=&#8221;Responsabilidad Empresarial&#8221; font_container=&#8221;tag:h3|text_align:left&#8221; use_theme_fonts=&#8221;yes&#8221;][vc_empty_space height=&#8221;20px&#8221;][\/vc_column_inner][vc_column_inner width=&#8221;2\/3&#8243;][vc_column_text]Creemos en adoptar aplicaciones de negocio responsables que supongan un cambio positivo en la sociedad. Queremos contribuir en todas las \u00e1reas de actividad de una forma positiva. As\u00ed, nuestro sue\u00f1o es crear una vida comercial sostenible a largo plazo y aplicar un programa de responsabilidad [&hellip;]<\/p>\n","protected":false},"author":1,"featured_media":0,"parent":4997,"menu_order":0,"comment_status":"closed","ping_status":"closed","template":"","meta":{"_acf_changed":false,"footnotes":""},"class_list":["post-5000","page","type-page","status-publish","hentry"],"acf":[],"yoast_head":"<!-- This site is optimized with the Yoast SEO plugin v21.6 - https:\/\/yoast.com\/wordpress\/plugins\/seo\/ -->\n<title>Responsabilidad Empresarial - Boz Suministros m\u00e9dicos<\/title>\n<meta name=\"description\" content=\"Responsabilidad Empresarial - Creemos en adoptar aplicaciones de negocio responsables que supongan un cambio positivo en la sociedad.\" \/>\n<meta name=\"robots\" content=\"index, follow, max-snippet:-1, max-image-preview:large, max-video-preview:-1\" \/>\n<link rel=\"canonical\" href=\"https:\/\/www.boztibbi.com\/es\/corporativo\/responsabilidad-empresarial\/\" \/>\n<meta property=\"og:locale\" content=\"es_ES\" \/>\n<meta property=\"og:type\" content=\"article\" \/>\n<meta property=\"og:title\" content=\"Responsabilidad Empresarial - Boz Suministros m\u00e9dicos\" \/>\n<meta property=\"og:description\" content=\"Responsabilidad Empresarial - Creemos en adoptar aplicaciones de negocio responsables que supongan un cambio positivo en la sociedad.\" \/>\n<meta property=\"og:url\" content=\"https:\/\/www.boztibbi.com\/es\/corporativo\/responsabilidad-empresarial\/\" \/>\n<meta property=\"og:site_name\" content=\"Boz Medical\" \/>\n<meta property=\"article:publisher\" content=\"https:\/\/www.facebook.com\/bozmedical\/\" \/>\n<meta property=\"article:modified_time\" content=\"2019-06-25T08:43:54+00:00\" \/>\n<meta name=\"twitter:card\" content=\"summary_large_image\" \/>\n<meta name=\"twitter:site\" content=\"@bozmedical\" \/>\n<script type=\"application\/ld+json\" class=\"yoast-schema-graph\">{\"@context\":\"https:\/\/schema.org\",\"@graph\":[{\"@type\":\"WebPage\",\"@id\":\"https:\/\/www.boztibbi.com\/es\/corporativo\/responsabilidad-empresarial\/\",\"url\":\"https:\/\/www.boztibbi.com\/es\/corporativo\/responsabilidad-empresarial\/\",\"name\":\"Responsabilidad Empresarial - Boz Suministros m\u00e9dicos\",\"isPartOf\":{\"@id\":\"https:\/\/www.boztibbi.com\/#website\"},\"datePublished\":\"2017-10-02T02:30:27+00:00\",\"dateModified\":\"2019-06-25T08:43:54+00:00\",\"description\":\"Responsabilidad Empresarial - Creemos en adoptar aplicaciones de negocio responsables que supongan un cambio positivo en la sociedad.\",\"breadcrumb\":{\"@id\":\"https:\/\/www.boztibbi.com\/es\/corporativo\/responsabilidad-empresarial\/#breadcrumb\"},\"inLanguage\":\"es\",\"potentialAction\":[{\"@type\":\"ReadAction\",\"target\":[\"https:\/\/www.boztibbi.com\/es\/corporativo\/responsabilidad-empresarial\/\"]}]},{\"@type\":\"BreadcrumbList\",\"@id\":\"https:\/\/www.boztibbi.com\/es\/corporativo\/responsabilidad-empresarial\/#breadcrumb\",\"itemListElement\":[{\"@type\":\"ListItem\",\"position\":1,\"name\":\"P\u00e1gina de inicio\",\"item\":\"https:\/\/www.boztibbi.com\/es\/\"},{\"@type\":\"ListItem\",\"position\":2,\"name\":\"Corporativo\",\"item\":\"https:\/\/www.boztibbi.com\/es\/corporativo\/\"},{\"@type\":\"ListItem\",\"position\":3,\"name\":\"Responsabilidad Empresarial\"}]},{\"@type\":\"WebSite\",\"@id\":\"https:\/\/www.boztibbi.com\/#website\",\"url\":\"https:\/\/www.boztibbi.com\/\",\"name\":\"Boz Medical\",\"description\":\"Suturas quir\u00fargicas, hemost\u00e1ticos absorbibles y mallas quir\u00fargicas\",\"publisher\":{\"@id\":\"https:\/\/www.boztibbi.com\/#organization\"},\"potentialAction\":[{\"@type\":\"SearchAction\",\"target\":{\"@type\":\"EntryPoint\",\"urlTemplate\":\"https:\/\/www.boztibbi.com\/?s={search_term_string}\"},\"query-input\":\"required name=search_term_string\"}],\"inLanguage\":\"es\"},{\"@type\":\"Organization\",\"@id\":\"https:\/\/www.boztibbi.com\/#organization\",\"name\":\"Boz T\u0131bbi Malzeme Sanayi ve Ticaret A.\u015e.\",\"url\":\"https:\/\/www.boztibbi.com\/\",\"logo\":{\"@type\":\"ImageObject\",\"inLanguage\":\"es\",\"@id\":\"https:\/\/www.boztibbi.com\/#\/schema\/logo\/image\/\",\"url\":\"https:\/\/www.boztibbi.com\/wp-content\/uploads\/2018\/08\/boz-t\u0131bbi-malzemeler-medikal-tekstil-t\u00fcrkiye-istanbul-ankara-u\u015fak.png\",\"contentUrl\":\"https:\/\/www.boztibbi.com\/wp-content\/uploads\/2018\/08\/boz-t\u0131bbi-malzemeler-medikal-tekstil-t\u00fcrkiye-istanbul-ankara-u\u015fak.png\",\"width\":1024,\"height\":683,\"caption\":\"Boz T\u0131bbi Malzeme Sanayi ve Ticaret A.\u015e.\"},\"image\":{\"@id\":\"https:\/\/www.boztibbi.com\/#\/schema\/logo\/image\/\"},\"sameAs\":[\"https:\/\/www.facebook.com\/bozmedical\/\",\"https:\/\/twitter.com\/bozmedical\"]}]}<\/script>\n<!-- \/ Yoast SEO plugin. -->","yoast_head_json":{"title":"Responsabilidad Empresarial - Boz Suministros m\u00e9dicos","description":"Responsabilidad Empresarial - Creemos en adoptar aplicaciones de negocio responsables que supongan un cambio positivo en la sociedad.","robots":{"index":"index","follow":"follow","max-snippet":"max-snippet:-1","max-image-preview":"max-image-preview:large","max-video-preview":"max-video-preview:-1"},"canonical":"https:\/\/www.boztibbi.com\/es\/corporativo\/responsabilidad-empresarial\/","og_locale":"es_ES","og_type":"article","og_title":"Responsabilidad Empresarial - Boz Suministros m\u00e9dicos","og_description":"Responsabilidad Empresarial - Creemos en adoptar aplicaciones de negocio responsables que supongan un cambio positivo en la sociedad.","og_url":"https:\/\/www.boztibbi.com\/es\/corporativo\/responsabilidad-empresarial\/","og_site_name":"Boz Medical","article_publisher":"https:\/\/www.facebook.com\/bozmedical\/","article_modified_time":"2019-06-25T08:43:54+00:00","twitter_card":"summary_large_image","twitter_site":"@bozmedical","schema":{"@context":"https:\/\/schema.org","@graph":[{"@type":"WebPage","@id":"https:\/\/www.boztibbi.com\/es\/corporativo\/responsabilidad-empresarial\/","url":"https:\/\/www.boztibbi.com\/es\/corporativo\/responsabilidad-empresarial\/","name":"Responsabilidad Empresarial - Boz Suministros m\u00e9dicos","isPartOf":{"@id":"https:\/\/www.boztibbi.com\/#website"},"datePublished":"2017-10-02T02:30:27+00:00","dateModified":"2019-06-25T08:43:54+00:00","description":"Responsabilidad Empresarial - Creemos en adoptar aplicaciones de negocio responsables que supongan un cambio positivo en la sociedad.","breadcrumb":{"@id":"https:\/\/www.boztibbi.com\/es\/corporativo\/responsabilidad-empresarial\/#breadcrumb"},"inLanguage":"es","potentialAction":[{"@type":"ReadAction","target":["https:\/\/www.boztibbi.com\/es\/corporativo\/responsabilidad-empresarial\/"]}]},{"@type":"BreadcrumbList","@id":"https:\/\/www.boztibbi.com\/es\/corporativo\/responsabilidad-empresarial\/#breadcrumb","itemListElement":[{"@type":"ListItem","position":1,"name":"P\u00e1gina de inicio","item":"https:\/\/www.boztibbi.com\/es\/"},{"@type":"ListItem","position":2,"name":"Corporativo","item":"https:\/\/www.boztibbi.com\/es\/corporativo\/"},{"@type":"ListItem","position":3,"name":"Responsabilidad Empresarial"}]},{"@type":"WebSite","@id":"https:\/\/www.boztibbi.com\/#website","url":"https:\/\/www.boztibbi.com\/","name":"Boz Medical","description":"Suturas quir\u00fargicas, hemost\u00e1ticos absorbibles y mallas quir\u00fargicas","publisher":{"@id":"https:\/\/www.boztibbi.com\/#organization"},"potentialAction":[{"@type":"SearchAction","target":{"@type":"EntryPoint","urlTemplate":"https:\/\/www.boztibbi.com\/?s={search_term_string}"},"query-input":"required name=search_term_string"}],"inLanguage":"es"},{"@type":"Organization","@id":"https:\/\/www.boztibbi.com\/#organization","name":"Boz T\u0131bbi Malzeme Sanayi ve Ticaret A.\u015e.","url":"https:\/\/www.boztibbi.com\/","logo":{"@type":"ImageObject","inLanguage":"es","@id":"https:\/\/www.boztibbi.com\/#\/schema\/logo\/image\/","url":"https:\/\/www.boztibbi.com\/wp-content\/uploads\/2018\/08\/boz-t\u0131bbi-malzemeler-medikal-tekstil-t\u00fcrkiye-istanbul-ankara-u\u015fak.png","contentUrl":"https:\/\/www.boztibbi.com\/wp-content\/uploads\/2018\/08\/boz-t\u0131bbi-malzemeler-medikal-tekstil-t\u00fcrkiye-istanbul-ankara-u\u015fak.png","width":1024,"height":683,"caption":"Boz T\u0131bbi Malzeme Sanayi ve Ticaret A.\u015e."},"image":{"@id":"https:\/\/www.boztibbi.com\/#\/schema\/logo\/image\/"},"sameAs":["https:\/\/www.facebook.com\/bozmedical\/","https:\/\/twitter.com\/bozmedical"]}]}},"_links":{"self":[{"href":"https:\/\/www.boztibbi.com\/es\/wp-json\/wp\/v2\/pages\/5000","targetHints":{"allow":["GET"]}}],"collection":[{"href":"https:\/\/www.boztibbi.com\/es\/wp-json\/wp\/v2\/pages"}],"about":[{"href":"https:\/\/www.boztibbi.com\/es\/wp-json\/wp\/v2\/types\/page"}],"author":[{"embeddable":true,"href":"https:\/\/www.boztibbi.com\/es\/wp-json\/wp\/v2\/users\/1"}],"replies":[{"embeddable":true,"href":"https:\/\/www.boztibbi.com\/es\/wp-json\/wp\/v2\/comments?post=5000"}],"version-history":[{"count":0,"href":"https:\/\/www.boztibbi.com\/es\/wp-json\/wp\/v2\/pages\/5000\/revisions"}],"up":[{"embeddable":true,"href":"https:\/\/www.boztibbi.com\/es\/wp-json\/wp\/v2\/pages\/4997"}],"wp:attachment":[{"href":"https:\/\/www.boztibbi.com\/es\/wp-json\/wp\/v2\/media?parent=5000"}],"curies":[{"name":"wp","href":"https:\/\/api.w.org\/{rel}","templated":true}]}}