{"id":4997,"date":"2017-09-26T08:08:51","date_gmt":"2017-09-26T08:08:51","guid":{"rendered":"https:\/\/www.boztibbi.com\/kurumsal\/"},"modified":"2026-03-11T11:33:07","modified_gmt":"2026-03-11T08:33:07","slug":"corporativo","status":"publish","type":"page","link":"https:\/\/www.boztibbi.com\/es\/corporativo\/","title":{"rendered":"Corporativo"},"content":{"rendered":"<div class=\"wpb-content-wrapper\"><p>[vc_row][vc_column width=&#8221;2\/3&#8243;]\n\t\t\t<!-- START about REVOLUTION SLIDER 6.6.19 --><p class=\"rs-p-wp-fix\"><\/p>\n\t\t\t<rs-module-wrap id=\"rev_slider_3_1_wrapper\" data-source=\"gallery\" style=\"visibility:hidden;background:transparent;padding:0;margin:0px auto;margin-top:0;margin-bottom:0;\">\n\t\t\t\t<rs-module id=\"rev_slider_3_1\" style=\"\" data-version=\"6.6.19\">\n\t\t\t\t\t<rs-slides style=\"overflow: hidden; position: absolute;\">\n\t\t\t\t\t\t<rs-slide style=\"position: absolute;\" data-key=\"rs-7\" data-title=\"Slide\" data-thumb=\"\/\/www.boztibbi.com\/wp-content\/uploads\/2018\/06\/boz-t\u0131bbi-malzemeler-suture-s\u00fct\u00fcr-ameliyat-ipli\u011fi-slide-arkaplan-t\u00fcrkiye-100x50.jpg\" data-anim=\"adpr:false;\" data-in=\"o:0;\" data-out=\"a:false;\">\n\t\t\t\t\t\t\t<img decoding=\"async\" src=\"\/\/www.boztibbi.com\/wp-content\/plugins\/revslider\/public\/assets\/assets\/dummy.png\" alt=\"\" title=\"Corporativo\" class=\"rev-slidebg tp-rs-img rs-lazyload\" data-lazyload=\"\/\/www.boztibbi.com\/wp-content\/uploads\/2018\/06\/boz-t\u0131bbi-malzemeler-suture-s\u00fct\u00fcr-ameliyat-ipli\u011fi-slide-arkaplan-t\u00fcrkiye.jpg\" data-no-retina>\n<!--\n\t\t\t\t\t\t\t--><rs-layer\n\t\t\t\t\t\t\t\tid=\"slider-3-slide-7-layer-1\" \n\t\t\t\t\t\t\t\tdata-type=\"text\"\n\t\t\t\t\t\t\t\tdata-color=\"#273272\"\n\t\t\t\t\t\t\t\tdata-rsp_ch=\"on\"\n\t\t\t\t\t\t\t\tdata-xy=\"x:70px;y:c;\"\n\t\t\t\t\t\t\t\tdata-text=\"w:normal;l:25;a:inherit;\"\n\t\t\t\t\t\t\t\tdata-dim=\"w:315px;h:172px;\"\n\t\t\t\t\t\t\t\tdata-frame_0=\"o:1;\"\n\t\t\t\t\t\t\t\tdata-frame_0_sfx=\"se:blocktoright;\"\n\t\t\t\t\t\t\t\tdata-frame_1=\"e:power4.inOut;sp:2000;\"\n\t\t\t\t\t\t\t\tdata-frame_1_sfx=\"se:blocktoright;\"\n\t\t\t\t\t\t\t\tdata-frame_999=\"o:0;st:w;sR:7000;\"\n\t\t\t\t\t\t\t\tstyle=\"z-index:5;font-family:'Open Sans';\"\n\t\t\t\t\t\t\t><h1 class=\"slider-title no-margin-bottom\">T\u0131bbi Tekstil<br \/>\n\u00dcretiminde<br \/>\nEzber <strong class=\"slider-title-bold\">BOZ<\/strong>an<br \/>\n\u00c7\u00f6z\u00fcmler<\/h1> \n\t\t\t\t\t\t\t<\/rs-layer><!--\n-->\t\t\t\t\t\t<\/rs-slide>\n\t\t\t\t\t\t<rs-slide style=\"position: absolute;\" data-key=\"rs-9\" data-title=\"Slide\" data-thumb=\"\/\/www.boztibbi.com\/wp-content\/uploads\/2018\/09\/trusted-name-for-medical-device-productions-boz-medicals-materials-100x50.jpg\" data-anim=\"adpr:false;\" data-in=\"o:0;\" data-out=\"a:false;\">\n\t\t\t\t\t\t\t<img decoding=\"async\" src=\"\/\/www.boztibbi.com\/wp-content\/plugins\/revslider\/public\/assets\/assets\/dummy.png\" alt=\"\" title=\"Corporativo\" class=\"rev-slidebg tp-rs-img rs-lazyload\" data-lazyload=\"\/\/www.boztibbi.com\/wp-content\/uploads\/2018\/09\/trusted-name-for-medical-device-productions-boz-medicals-materials.jpg\" data-no-retina>\n<!--\n\t\t\t\t\t\t\t--><rs-layer\n\t\t\t\t\t\t\t\tid=\"slider-3-slide-9-layer-1\" \n\t\t\t\t\t\t\t\tdata-type=\"text\"\n\t\t\t\t\t\t\t\tdata-color=\"#ffffff\"\n\t\t\t\t\t\t\t\tdata-rsp_ch=\"on\"\n\t\t\t\t\t\t\t\tdata-xy=\"x:80px;y:c;\"\n\t\t\t\t\t\t\t\tdata-text=\"l:46;a:inherit;\"\n\t\t\t\t\t\t\t\tdata-frame_0=\"o:1;\"\n\t\t\t\t\t\t\t\tdata-frame_0_sfx=\"se:blocktoleft;\"\n\t\t\t\t\t\t\t\tdata-frame_1=\"e:power4.inOut;sp:2000;sR:10;\"\n\t\t\t\t\t\t\t\tdata-frame_1_sfx=\"se:blocktoleft;\"\n\t\t\t\t\t\t\t\tdata-frame_999=\"o:0;st:w;sR:6990;\"\n\t\t\t\t\t\t\t\tstyle=\"z-index:5;font-family:'Montserrat';\"\n\t\t\t\t\t\t\t><div class=\"slider-caption-1\">\n<h1 style=\"color:#fff\" class=\"slider-title no-margin-bottom\">T\u0131bbi Cihaz \u00dcretimi \u0130\u00e7in<br \/>\nG\u00fcvenilir \u0130sim<\/h1>\n<\/div> \n\t\t\t\t\t\t\t<\/rs-layer><!--\n-->\t\t\t\t\t\t<\/rs-slide>\n\t\t\t\t\t<\/rs-slides>\n\t\t\t\t<\/rs-module>\n\t\t\t\t<script>\n\t\t\t\t\tsetREVStartSize({c: 'rev_slider_3_1',rl:[1240,1024,778,480],el:[558],gw:[1170],gh:[558],type:'standard',justify:'',layout:'fullwidth',mh:\"0\"});if (window.RS_MODULES!==undefined && window.RS_MODULES.modules!==undefined && window.RS_MODULES.modules[\"revslider31\"]!==undefined) {window.RS_MODULES.modules[\"revslider31\"].once = false;window.revapi3 = undefined;if (window.RS_MODULES.checkMinimal!==undefined) window.RS_MODULES.checkMinimal()}\n\t\t\t\t<\/script>\n\t\t\t<\/rs-module-wrap>\n\t\t\t<!-- END REVOLUTION SLIDER -->\n[vc_empty_space height=&#8221;30px&#8221;][\/vc_column][vc_column width=&#8221;1\/3&#8243;]\n<!-- BEGIN .imagebox -->\n<div class=\"imagebox style2 \">\n\t\n\t\t<div class=\"box-header\">\n\t\t\t<h3 class=\"box-title\">\n\t\t\t\t<a href=\"https:\/\/www.boztibbi.com\/es\/corporativo\/politica-de-calidad\/\" target=\"_self\">\n\t\t\t\t\tCalidad\t\t\t\t<\/a>\n\t\t\t<\/h3>\n\n\t\t\t\t\t\t\t<span class=\"box-subtitle\">\n\t\t\t\t\tNuestra empresa conf\u00eda plenamente en sus productos. La empresa siempre cuida de la calidad y la satisfacci\u00f3n del cliente.\t\t\t\t<\/span>\n\t\t\t\t\t<\/div>\n\n\t\t<div class=\"box-content\"><\/div>\n\n\t\t<div class=\"box-image\">\n\t\t\t<a href=\"https:\/\/www.boztibbi.com\/es\/corporativo\/politica-de-calidad\/\" target=\"_self\">\n\t\t\t\t\n\t\t\t\t<img decoding=\"async\" class=\"\" src=\"https:\/\/www.boztibbi.com\/wp-content\/uploads\/2018\/06\/\u00fcr\u00fcn-kalitesi-quality-gazl\u0131-bez-gauze-absorbable-boz-t\u0131bbi-malzemeler-350x500.jpg\" width=\"350\" height=\"500\" alt=\"\u00fcr\u00fcn-kalitesi-quality-gazl\u0131-bez-gauze-absorbable-boz-t\u0131bbi-malzemeler-350x500\" title=\"\u00fcr\u00fcn-kalitesi-quality-gazl\u0131-bez-gauze-absorbable-boz-t\u0131bbi-malzemeler-350x500\" loading=\"lazy\" \/>\t\t\t<\/a>\n\t\t<\/div>\n\t<\/div>\n<!-- End .imagebox -->\n[vc_empty_space height=&#8221;30px&#8221;]\n<!-- BEGIN .imagebox -->\n<div class=\"imagebox style2 \">\n\t\n\t\t<div class=\"box-header\">\n\t\t\t<h3 class=\"box-title\">\n\t\t\t\t<a href=\"https:\/\/www.boztibbi.com\/es\/productos\/\" target=\"_self\">\n\t\t\t\t\tNuestros servicios\t\t\t\t<\/a>\n\t\t\t<\/h3>\n\n\t\t\t\t\t\t\t<span class=\"box-subtitle\">\n\t\t\t\t\tNuestra empresa ofrece servicios en el mercado de consumibles m\u00e9dicos mediante una amplia gama de productos.\t\t\t\t<\/span>\n\t\t\t\t\t<\/div>\n\n\t\t<div class=\"box-content\"><\/div>\n\n\t\t<div class=\"box-image\">\n\t\t\t<a href=\"https:\/\/www.boztibbi.com\/es\/productos\/\" target=\"_self\">\n\t\t\t\t\n\t\t\t\t<img decoding=\"async\" class=\"\" src=\"https:\/\/www.boztibbi.com\/wp-content\/uploads\/2018\/06\/gazl\u0131-bez-\u00fcreticisi-istanbul-ankara-t\u00fcrkiye-turkey-boz-t\u0131bbi-malzemeler.jpg\" width=\"350\" height=\"500\" alt=\"gazl\u0131-bez-\u00fcreticisi-istanbul-ankara-t\u00fcrkiye-turkey-boz-t\u0131bbi-malzemeler\" title=\"gazl\u0131-bez-\u00fcreticisi-istanbul-ankara-t\u00fcrkiye-turkey-boz-t\u0131bbi-malzemeler\" loading=\"lazy\" \/>\t\t\t<\/a>\n\t\t<\/div>\n\t<\/div>\n<!-- End .imagebox -->\n[vc_empty_space height=&#8221;30px&#8221;][\/vc_column][\/vc_row][vc_row][vc_column][vc_empty_space height=&#8221;40px&#8221;][vc_custom_heading text=&#8221;SERVICIO IMPECABLE PARA LAS NECESIDADES DEL SECTOR SANITARIO&#8221; font_container=&#8221;tag:h2|text_align:center&#8221; use_theme_fonts=&#8221;yes&#8221;][vc_empty_space height=&#8221;20px&#8221;][vc_row_inner gap=&#8221;35&#8243;][vc_column_inner width=&#8221;1\/2&#8243;][vc_column_text]Boz Medical Material Industry and Commerce Inc fue fundada en Agosto de 2009 en Ankara por Adil Boz y Ali Aykut Boz. El abuelo de los co-fundadores Adil Boz y su padre Adil Boz eran personas de gran reputaci\u00f3n en el sector sanitario de Turqu\u00eda.<\/p>\n<p>Nuestra empresa fabricaba materiales m\u00e9dicos consumibles para el sector sanitario. Nuestros antecedentes comerciales se remontan a los a\u00f1os 40. Nuestra empresa tiene 70 a\u00f1os de experiencia e historial en el comercio y aporta valor a\u00f1adido a nuestro pa\u00eds con poder de fabricaci\u00f3n nacional.[\/vc_column_text][vc_empty_space height=&#8221;20px&#8221;][\/vc_column_inner][vc_column_inner width=&#8221;1\/2&#8243;][vc_column_text]Desarrollamos soluciones para las necesidades del sector sanitario con materiales fabricados en nuestras propias instalaciones. Estamos actualizando continuamente nuestra maquinaria de producci\u00f3n y equipamiento para adaptar nuestras instalaciones de producci\u00f3n con las condiciones tecnol\u00f3gicas actuales. Nuestra empresa en Ankara tiene una zona cerrada de 8.600 m2 y una zona est\u00e9ril de 1.200 m2. Nuestras instalaciones est\u00e1n equipadas con un sistema de aire acondicionado moderno y las zonas est\u00e9riles son de clase III.<\/p>\n<p><a class=\"link\" href=\"#\">Nuestro poder de fabricaci\u00f3n<\/a>[\/vc_column_text][vc_empty_space height=&#8221;20px&#8221;][\/vc_column_inner][\/vc_row_inner][\/vc_column][\/vc_row][vc_row css=&#8221;.vc_custom_1513310048095{padding-top: 20px !important;padding-bottom: 50px !important;}&#8221;][vc_column width=&#8221;1\/6&#8243;][\/vc_column][vc_column width=&#8221;2\/3&#8243;][vc_row_inner][vc_column_inner width=&#8221;1\/3&#8243;]<div class=\"counter  \"><div class=\"counter-image\"><i class=\"fa fa-industry\"><\/i><\/div> <div class=\"counter-detail\">\n\t\t<h3 class=\"counter-content\">\n\t\t\t<span class=\"counter-prefix\"><\/span><span class=\"counter-value\" data-from=\"0\" data-to=\"5000\" data-speed=\"1000\">0<\/span><span class=\"counter-suffix\">Ton<\/span>\n\t\t<\/h3>\n\t<div class=\"counter-title\">Capacidad de producci\u00f3n<\/div><\/div><\/div>[\/vc_column_inner][vc_column_inner width=&#8221;1\/3&#8243;]<div class=\"counter  \"><div class=\"counter-image\"><i class=\"fa fa-clock-o\"><\/i><\/div> <div class=\"counter-detail\">\n\t\t<h3 class=\"counter-content\">\n\t\t\t<span class=\"counter-prefix\"><\/span><span class=\"counter-value\" data-from=\"0\" data-to=\"70\" data-speed=\"1000\">0<\/span><span class=\"counter-suffix\">+<\/span>\n\t\t<\/h3>\n\t<div class=\"counter-title\">a\u00f1os de experiencia<\/div><\/div><\/div>[\/vc_column_inner][vc_column_inner width=&#8221;1\/3&#8243;]<div class=\"counter  \"><div class=\"counter-image\"><i class=\"fa fa-users\"><\/i><\/div> <div class=\"counter-detail\">\n\t\t<h3 class=\"counter-content\">\n\t\t\t<span class=\"counter-prefix\"><\/span><span class=\"counter-value\" data-from=\"0\" data-to=\"130\" data-speed=\"1000\">0<\/span><span class=\"counter-suffix\">+<\/span>\n\t\t<\/h3>\n\t<div class=\"counter-title\">Personal<\/div><\/div><\/div>[\/vc_column_inner][\/vc_row_inner][\/vc_column][vc_column width=&#8221;1\/6&#8243;][\/vc_column][\/vc_row][vc_row full_width=&#8221;stretch_row&#8221; css=&#8221;.vc_custom_1513311899271{padding-top: 80px !important;padding-bottom: 40px !important;background: #020620 url(https:\/\/www.boztibbi.com\/wp-content\/uploads\/\/2017\/12\/bg-main.svg?id=1098) !important;background-position: center !important;background-repeat: no-repeat !important;background-size: cover !important;}&#8221;][vc_column][vc_row_inner][vc_column_inner width=&#8221;1\/12&#8243;][\/vc_column_inner][vc_column_inner width=&#8221;5\/6&#8243;][vc_custom_heading text=&#8221;La familia BOZ siempre jug\u00f3 un papel importante en los intereses nacionales desde el primer d\u00eda que empez\u00f3 el negocio.&#8221; font_container=&#8221;tag:h2|text_align:center|color:%23ffffff&#8221; use_theme_fonts=&#8221;yes&#8221;][\/vc_column_inner][vc_column_inner width=&#8221;1\/12&#8243;][\/vc_column_inner][\/vc_row_inner][vc_empty_space height=&#8221;30px&#8221;][vc_row_inner content_placement=&#8221;middle&#8221; gap=&#8221;30&#8243;][vc_column_inner width=&#8221;1\/2&#8243;]<ul class=\"iconlist iconlist iconlist-icon-small \"><li ><div class=\"iconlist-item-icon\"><i class=\"entypo-icon entypo-icon-hourglass\"><\/i><span class=\"shapes\"><\/span><\/div><div class=\"iconlist-item-content\"><span style=\"color: #8d8ea3\">Adil Boz (abuelo) comenz\u00f3 su vida empresarial en los a\u00f1os 40. Fund\u00f3 una peque\u00f1a empresa familiar y en 1960 empez\u00f3 a fabricar vendajes de gasa, y en 1970 algod\u00f3n hidrofilo y productos de escayola para el sector sanitario. Es uno de los primeros fabricantes de material m\u00e9dico de Turqu\u00eda.<\/span><\/div><\/li><li ><div class=\"iconlist-item-icon\"><i class=\"entypo-icon entypo-icon-users\"><\/i><span class=\"shapes\"><\/span><\/div><div class=\"iconlist-item-content\"><span style=\"color: #8d8ea3\">Desde 2007, la empresa fundada por Adil Boz ofreci\u00f3 oportunidades laborales a un total de 1.500 personas en las instalaciones de U\u015fak fabricando algod\u00f3n crudo, trenzado, tejido, materias primas y tejidos para el hogar y los hospitales.<\/span><\/div><\/li><li ><div class=\"iconlist-item-icon\"><i class=\"entypo-icon entypo-icon-briefcase\"><\/i><span class=\"shapes\"><\/span><\/div><div class=\"iconlist-item-content\"><span style=\"color: #8d8ea3\">Adil Boz fund\u00f3 la empresa que llevaba su nombre en 1983 en Ankara y empez\u00f3 su vida empresarial comercializando vendajes de gasa, algod\u00f3n hidrofilo y productos de escayola fabricados en U\u015fak por Adil Boz.<br \/>\n<\/span><\/div><\/li><li ><div class=\"iconlist-item-icon\"><i class=\"entypo-icon entypo-icon-suitcase\"><\/i><span class=\"shapes\"><\/span><\/div><div class=\"iconlist-item-content\"><span style=\"color: #8d8ea3\">Observ\u00f3 que hab\u00eda un vac\u00edo en el sector de material de suturas quir\u00fargicas y empez\u00f3 sus primeros intentos en 1993. Adil Boz abri\u00f3 una empresa de fabricaci\u00f3n de material de suturas quir\u00fargicas. En 1998, fabric\u00f3 productos como compresas de gasa, esponjas, almohadillas de algod\u00f3n y vendajes de gasa.<\/span><\/div><\/li><\/ul>[vc_empty_space height=&#8221;20px&#8221;][\/vc_column_inner][vc_column_inner width=&#8221;1\/2&#8243;][vc_video link=&#8221;https:\/\/youtu.be\/M8-oev5laK4&#8243; align=&#8221;center&#8221;][vc_empty_space height=&#8221;20px&#8221;][\/vc_column_inner][\/vc_row_inner][\/vc_column][\/vc_row][vc_row][vc_column][vc_empty_space height=&#8221;40px&#8221;][vc_row_inner][vc_column_inner width=&#8221;1\/3&#8243;][vc_column_text]<\/p>\n<h4>Recursos humanos<\/h4>\n<p>Nuestra empresa desea ser s\u00edmbolo de confianza, continuidad y respeto para todos los accionistas de todo el sector con todos los empleados de la empresa.<\/p>\n<p><a class=\"button no-bg\" href=\"https:\/\/www.boztibbi.com\/es\/corporativo\/recursos-humanos\/\">RECURSOS HUMANOS<\/a>[\/vc_column_text][vc_empty_space height=&#8221;20px&#8221;][vc_column_text]<\/p>\n<h4>Nuestra pol\u00edtica de calidad<\/h4>\n<p>Nuestra empresa tiene en cuenta que todos los productos que fabricamos reunan los procedimientos de calidad hasta que \u00e9stos se entregan al usuario final. Nuestros productos tienen varios certificados nacionales e internacionales.<\/p>\n<p><a class=\"button no-bg\" href=\"https:\/\/www.boztibbi.com\/es\/corporativo\/politica-de-calidad\/\">DOCUMENTOS DE CALIDAD<\/a>[\/vc_column_text][vc_empty_space height=&#8221;20px&#8221;][\/vc_column_inner][vc_column_inner width=&#8221;1\/3&#8243;][vc_column_text]<\/p>\n<h4>Responsibilidad<\/h4>\n<p>Creemos en adoptar aplicaciones de negocio responsables que impliquen un cambio positivo en la sociedad. Contribuimos de forma significativa y positiva en nuestra sociedad.<\/p>\n<p><a class=\"button no-bg\" href=\"https:\/\/www.boztibbi.com\/es\/corporativo\/responsabilidad-empresarial\/\">SOSTENIBILIDAD<\/a>[\/vc_column_text][vc_empty_space height=&#8221;20px&#8221;][vc_column_text]<\/p>\n<h4>Satisfacci\u00f3n del cliente<\/h4>\n<p>Desde que empezamos, nuestro principio ha sido ofrecer productos de alta calidad que satisfagan las necesidades de nuestros clientes. Trabajamos para la satisfacci\u00f3n del cliente y la conciencia ambiental.<\/p>\n<p><a class=\"button no-bg\" href=\"https:\/\/www.boztibbi.com\/es\/corporativo\/satisfaccion-del-cliente\/\">NUESTRA POL\u00cdTICA DE SATISFACCI\u00d3N<\/a>[\/vc_column_text][vc_empty_space height=&#8221;20px&#8221;][\/vc_column_inner][vc_column_inner width=&#8221;1\/3&#8243;][vc_column_text]<\/p>\n<h4>Misi\u00f3n y Sue\u00f1o<\/h4>\n<p>Nuestra misi\u00f3n es hacer mejoras importantes y permanentes bas\u00e1ndonos en las distintas necesidades de nuestros clientes. Nuestro sue\u00f1o es ser una empresa que mejore y mantenga constantemente sus valores con el desarrollo.<\/p>\n<p><a class=\"button no-bg\" href=\"https:\/\/www.boztibbi.com\/es\/corporativo\/responsabilidad-empresarial\/\">NUESTROS VALORES<\/a>[\/vc_column_text][vc_empty_space height=&#8221;20px&#8221;][vc_column_text]<\/p>\n<h4>Technolog\u00eda e Innovaci\u00f3n<\/h4>\n<p>Nuestro prop\u00f3sito es diferenciarnos constantemente y presentar nuestros productos en el \u00e1mbito mundial con nuestra tecnolog\u00eda. Nuestras actividades de I&amp;D est\u00e1n detr\u00e1s del sue\u00f1o de la empresa.<\/p>\n<p><a class=\"button no-bg\" href=\"#\">INVESTIGACI\u00d3N &amp; DESARROLLO<\/a>[\/vc_column_text][vc_empty_space height=&#8221;20px&#8221;][\/vc_column_inner][\/vc_row_inner][vc_empty_space height=&#8221;40px&#8221;][\/vc_column][\/vc_row][vc_row][vc_column width=&#8221;1\/6&#8243;][vc_single_image image=&#8221;3136&#8243; img_size=&#8221;full&#8221; style=&#8221;vc_box_border&#8221;][\/vc_column][vc_column width=&#8221;1\/6&#8243;][vc_single_image image=&#8221;3137&#8243; img_size=&#8221;full&#8221; style=&#8221;vc_box_border&#8221;][\/vc_column][vc_column width=&#8221;1\/6&#8243;][vc_single_image image=&#8221;3138&#8243; img_size=&#8221;full&#8221; style=&#8221;vc_box_border&#8221;][\/vc_column][vc_column width=&#8221;1\/6&#8243;][vc_single_image image=&#8221;3133&#8243; img_size=&#8221;full&#8221; style=&#8221;vc_box_border&#8221;][\/vc_column][vc_column width=&#8221;1\/6&#8243;][vc_single_image image=&#8221;3134&#8243; img_size=&#8221;full&#8221; style=&#8221;vc_box_border&#8221;][\/vc_column][vc_column width=&#8221;1\/6&#8243;][vc_single_image image=&#8221;3132&#8243; img_size=&#8221;full&#8221; style=&#8221;vc_box_border&#8221;][\/vc_column][\/vc_row]<\/p>\n<\/div>","protected":false},"excerpt":{"rendered":"<p>[vc_row][vc_column width=&#8221;2\/3&#8243;][vc_empty_space height=&#8221;30px&#8221;][\/vc_column][vc_column width=&#8221;1\/3&#8243;][vc_empty_space height=&#8221;30px&#8221;][vc_empty_space height=&#8221;30px&#8221;][\/vc_column][\/vc_row][vc_row][vc_column][vc_empty_space height=&#8221;40px&#8221;][vc_custom_heading text=&#8221;SERVICIO IMPECABLE PARA LAS NECESIDADES DEL SECTOR SANITARIO&#8221; font_container=&#8221;tag:h2|text_align:center&#8221; use_theme_fonts=&#8221;yes&#8221;][vc_empty_space height=&#8221;20px&#8221;][vc_row_inner gap=&#8221;35&#8243;][vc_column_inner width=&#8221;1\/2&#8243;][vc_column_text]Boz Medical Material Industry and Commerce Inc fue fundada en Agosto de 2009 en Ankara por Adil Boz y Ali Aykut Boz. El abuelo de los co-fundadores Adil Boz y su padre Adil Boz eran personas [&hellip;]<\/p>\n","protected":false},"author":1,"featured_media":0,"parent":0,"menu_order":0,"comment_status":"closed","ping_status":"open","template":"","meta":{"_acf_changed":false,"footnotes":""},"class_list":["post-4997","page","type-page","status-publish","hentry"],"acf":[],"yoast_head":"<!-- This site is optimized with the Yoast SEO plugin v21.6 - https:\/\/yoast.com\/wordpress\/plugins\/seo\/ -->\n<title>Corporativo - Boz Suministros M\u00e9dicos<\/title>\n<meta name=\"description\" content=\"Boz Medical es un fabricante de productos textiles m\u00e9dicos. Marca de confianza para la fabricaci\u00f3n de productos m\u00e9dicos. Boz Suministros M\u00e9dicos\" \/>\n<meta name=\"robots\" content=\"index, follow, max-snippet:-1, max-image-preview:large, max-video-preview:-1\" \/>\n<link rel=\"canonical\" href=\"https:\/\/www.boztibbi.com\/es\/corporativo\/\" \/>\n<meta property=\"og:locale\" content=\"es_ES\" \/>\n<meta property=\"og:type\" content=\"article\" \/>\n<meta property=\"og:title\" content=\"Corporativo - Boz Suministros M\u00e9dicos\" \/>\n<meta property=\"og:description\" content=\"Boz Medical es un fabricante de productos textiles m\u00e9dicos. Marca de confianza para la fabricaci\u00f3n de productos m\u00e9dicos. Boz Suministros M\u00e9dicos\" \/>\n<meta property=\"og:url\" content=\"https:\/\/www.boztibbi.com\/es\/corporativo\/\" \/>\n<meta property=\"og:site_name\" content=\"Boz Medical\" \/>\n<meta property=\"article:publisher\" content=\"https:\/\/www.facebook.com\/bozmedical\/\" \/>\n<meta property=\"article:modified_time\" content=\"2026-03-11T08:33:07+00:00\" \/>\n<meta name=\"twitter:card\" content=\"summary_large_image\" \/>\n<meta name=\"twitter:site\" content=\"@bozmedical\" \/>\n<script type=\"application\/ld+json\" class=\"yoast-schema-graph\">{\"@context\":\"https:\/\/schema.org\",\"@graph\":[{\"@type\":\"WebPage\",\"@id\":\"https:\/\/www.boztibbi.com\/es\/corporativo\/\",\"url\":\"https:\/\/www.boztibbi.com\/es\/corporativo\/\",\"name\":\"Corporativo - Boz Suministros M\u00e9dicos\",\"isPartOf\":{\"@id\":\"https:\/\/www.boztibbi.com\/#website\"},\"datePublished\":\"2017-09-26T08:08:51+00:00\",\"dateModified\":\"2026-03-11T08:33:07+00:00\",\"description\":\"Boz Medical es un fabricante de productos textiles m\u00e9dicos. Marca de confianza para la fabricaci\u00f3n de productos m\u00e9dicos. Boz Suministros M\u00e9dicos\",\"breadcrumb\":{\"@id\":\"https:\/\/www.boztibbi.com\/es\/corporativo\/#breadcrumb\"},\"inLanguage\":\"es\",\"potentialAction\":[{\"@type\":\"ReadAction\",\"target\":[\"https:\/\/www.boztibbi.com\/es\/corporativo\/\"]}]},{\"@type\":\"BreadcrumbList\",\"@id\":\"https:\/\/www.boztibbi.com\/es\/corporativo\/#breadcrumb\",\"itemListElement\":[{\"@type\":\"ListItem\",\"position\":1,\"name\":\"P\u00e1gina de inicio\",\"item\":\"https:\/\/www.boztibbi.com\/es\/\"},{\"@type\":\"ListItem\",\"position\":2,\"name\":\"Corporativo\"}]},{\"@type\":\"WebSite\",\"@id\":\"https:\/\/www.boztibbi.com\/#website\",\"url\":\"https:\/\/www.boztibbi.com\/\",\"name\":\"Boz Medical\",\"description\":\"Suturas quir\u00fargicas, hemost\u00e1ticos absorbibles y mallas quir\u00fargicas\",\"publisher\":{\"@id\":\"https:\/\/www.boztibbi.com\/#organization\"},\"potentialAction\":[{\"@type\":\"SearchAction\",\"target\":{\"@type\":\"EntryPoint\",\"urlTemplate\":\"https:\/\/www.boztibbi.com\/?s={search_term_string}\"},\"query-input\":\"required name=search_term_string\"}],\"inLanguage\":\"es\"},{\"@type\":\"Organization\",\"@id\":\"https:\/\/www.boztibbi.com\/#organization\",\"name\":\"Boz T\u0131bbi Malzeme Sanayi ve Ticaret A.\u015e.\",\"url\":\"https:\/\/www.boztibbi.com\/\",\"logo\":{\"@type\":\"ImageObject\",\"inLanguage\":\"es\",\"@id\":\"https:\/\/www.boztibbi.com\/#\/schema\/logo\/image\/\",\"url\":\"https:\/\/www.boztibbi.com\/wp-content\/uploads\/2018\/08\/boz-t\u0131bbi-malzemeler-medikal-tekstil-t\u00fcrkiye-istanbul-ankara-u\u015fak.png\",\"contentUrl\":\"https:\/\/www.boztibbi.com\/wp-content\/uploads\/2018\/08\/boz-t\u0131bbi-malzemeler-medikal-tekstil-t\u00fcrkiye-istanbul-ankara-u\u015fak.png\",\"width\":1024,\"height\":683,\"caption\":\"Boz T\u0131bbi Malzeme Sanayi ve Ticaret A.\u015e.\"},\"image\":{\"@id\":\"https:\/\/www.boztibbi.com\/#\/schema\/logo\/image\/\"},\"sameAs\":[\"https:\/\/www.facebook.com\/bozmedical\/\",\"https:\/\/twitter.com\/bozmedical\"]}]}<\/script>\n<!-- \/ Yoast SEO plugin. -->","yoast_head_json":{"title":"Corporativo - Boz Suministros M\u00e9dicos","description":"Boz Medical es un fabricante de productos textiles m\u00e9dicos. Marca de confianza para la fabricaci\u00f3n de productos m\u00e9dicos. Boz Suministros M\u00e9dicos","robots":{"index":"index","follow":"follow","max-snippet":"max-snippet:-1","max-image-preview":"max-image-preview:large","max-video-preview":"max-video-preview:-1"},"canonical":"https:\/\/www.boztibbi.com\/es\/corporativo\/","og_locale":"es_ES","og_type":"article","og_title":"Corporativo - Boz Suministros M\u00e9dicos","og_description":"Boz Medical es un fabricante de productos textiles m\u00e9dicos. Marca de confianza para la fabricaci\u00f3n de productos m\u00e9dicos. Boz Suministros M\u00e9dicos","og_url":"https:\/\/www.boztibbi.com\/es\/corporativo\/","og_site_name":"Boz Medical","article_publisher":"https:\/\/www.facebook.com\/bozmedical\/","article_modified_time":"2026-03-11T08:33:07+00:00","twitter_card":"summary_large_image","twitter_site":"@bozmedical","schema":{"@context":"https:\/\/schema.org","@graph":[{"@type":"WebPage","@id":"https:\/\/www.boztibbi.com\/es\/corporativo\/","url":"https:\/\/www.boztibbi.com\/es\/corporativo\/","name":"Corporativo - Boz Suministros M\u00e9dicos","isPartOf":{"@id":"https:\/\/www.boztibbi.com\/#website"},"datePublished":"2017-09-26T08:08:51+00:00","dateModified":"2026-03-11T08:33:07+00:00","description":"Boz Medical es un fabricante de productos textiles m\u00e9dicos. Marca de confianza para la fabricaci\u00f3n de productos m\u00e9dicos. Boz Suministros M\u00e9dicos","breadcrumb":{"@id":"https:\/\/www.boztibbi.com\/es\/corporativo\/#breadcrumb"},"inLanguage":"es","potentialAction":[{"@type":"ReadAction","target":["https:\/\/www.boztibbi.com\/es\/corporativo\/"]}]},{"@type":"BreadcrumbList","@id":"https:\/\/www.boztibbi.com\/es\/corporativo\/#breadcrumb","itemListElement":[{"@type":"ListItem","position":1,"name":"P\u00e1gina de inicio","item":"https:\/\/www.boztibbi.com\/es\/"},{"@type":"ListItem","position":2,"name":"Corporativo"}]},{"@type":"WebSite","@id":"https:\/\/www.boztibbi.com\/#website","url":"https:\/\/www.boztibbi.com\/","name":"Boz Medical","description":"Suturas quir\u00fargicas, hemost\u00e1ticos absorbibles y mallas quir\u00fargicas","publisher":{"@id":"https:\/\/www.boztibbi.com\/#organization"},"potentialAction":[{"@type":"SearchAction","target":{"@type":"EntryPoint","urlTemplate":"https:\/\/www.boztibbi.com\/?s={search_term_string}"},"query-input":"required name=search_term_string"}],"inLanguage":"es"},{"@type":"Organization","@id":"https:\/\/www.boztibbi.com\/#organization","name":"Boz T\u0131bbi Malzeme Sanayi ve Ticaret A.\u015e.","url":"https:\/\/www.boztibbi.com\/","logo":{"@type":"ImageObject","inLanguage":"es","@id":"https:\/\/www.boztibbi.com\/#\/schema\/logo\/image\/","url":"https:\/\/www.boztibbi.com\/wp-content\/uploads\/2018\/08\/boz-t\u0131bbi-malzemeler-medikal-tekstil-t\u00fcrkiye-istanbul-ankara-u\u015fak.png","contentUrl":"https:\/\/www.boztibbi.com\/wp-content\/uploads\/2018\/08\/boz-t\u0131bbi-malzemeler-medikal-tekstil-t\u00fcrkiye-istanbul-ankara-u\u015fak.png","width":1024,"height":683,"caption":"Boz T\u0131bbi Malzeme Sanayi ve Ticaret A.\u015e."},"image":{"@id":"https:\/\/www.boztibbi.com\/#\/schema\/logo\/image\/"},"sameAs":["https:\/\/www.facebook.com\/bozmedical\/","https:\/\/twitter.com\/bozmedical"]}]}},"_links":{"self":[{"href":"https:\/\/www.boztibbi.com\/es\/wp-json\/wp\/v2\/pages\/4997","targetHints":{"allow":["GET"]}}],"collection":[{"href":"https:\/\/www.boztibbi.com\/es\/wp-json\/wp\/v2\/pages"}],"about":[{"href":"https:\/\/www.boztibbi.com\/es\/wp-json\/wp\/v2\/types\/page"}],"author":[{"embeddable":true,"href":"https:\/\/www.boztibbi.com\/es\/wp-json\/wp\/v2\/users\/1"}],"replies":[{"embeddable":true,"href":"https:\/\/www.boztibbi.com\/es\/wp-json\/wp\/v2\/comments?post=4997"}],"version-history":[{"count":8,"href":"https:\/\/www.boztibbi.com\/es\/wp-json\/wp\/v2\/pages\/4997\/revisions"}],"predecessor-version":[{"id":15956,"href":"https:\/\/www.boztibbi.com\/es\/wp-json\/wp\/v2\/pages\/4997\/revisions\/15956"}],"wp:attachment":[{"href":"https:\/\/www.boztibbi.com\/es\/wp-json\/wp\/v2\/media?parent=4997"}],"curies":[{"name":"wp","href":"https:\/\/api.w.org\/{rel}","templated":true}]}}