{"id":6996,"date":"2018-06-19T14:01:17","date_gmt":"2018-06-19T11:01:17","guid":{"rendered":"https:\/\/www.boztibbi.com\/corporate\/kilometre-taslari\/"},"modified":"2022-07-30T15:25:17","modified_gmt":"2022-07-30T12:25:17","slug":"milestones","status":"publish","type":"page","link":"https:\/\/www.boztibbi.com\/en\/corporate\/milestones\/","title":{"rendered":"Milestones"},"content":{"rendered":"<div class=\"wpb-content-wrapper\"><p>[vc_row css=&#8221;.vc_custom_1529407998976{margin-right: 0px !important;margin-bottom: 50px !important;margin-left: 0px !important;padding-top: 80px !important;padding-right: 40px !important;padding-bottom: 80px !important;padding-left: 40px !important;background-image: url(https:\/\/www.boztibbi.com\/wp-content\/uploads\/2018\/06\/boz-t\u0131bbi-malzemeler-t\u00fcrkiye-yerli-\u00fcretim-\u00fcretici-t\u00fcrk-mal\u0131-istanbul-ankara-u\u015fak-cerrahi-iplik-gazl\u0131-bez-span\u00e7.jpg?id=1927) !important;background-position: center !important;background-repeat: no-repeat !important;background-size: cover !important;}&#8221;][vc_column width=&#8221;1\/2&#8243;][\/vc_column][vc_column width=&#8221;1\/2&#8243;][vc_column_text]<\/p>\n<h3 class=\"no-margin-top no-margin-bottom\" style=\"font-size: 3rem;\">More Than 70 Years of Experience<\/h3>\n<p>[\/vc_column_text][\/vc_column][\/vc_row][vc_row][vc_column]<ul class=\"iconlist iconlist iconlist-icon-large \"><li ><div class=\"iconlist-item-icon\"><i class=\"entypo-icon entypo-icon-check\"><\/i><span class=\"shapes\"><\/span><\/div><div class=\"iconlist-item-content\"><\/p>\n<h3>1940<\/h3>\n<p>Adil Boz (the grandfather) started his business career in 1940s.He founded a small scale family company. The company produced clothing and home textile products.<\/div><\/li><li ><div class=\"iconlist-item-icon\"><i class=\"entypo-icon entypo-icon-check\"><\/i><span class=\"shapes\"><\/span><\/div><div class=\"iconlist-item-content\"><\/p>\n<h3>1960<\/h3>\n<p>Adil Boz started gauze bandage manufacturing in the 1960s. Adil Boz initiated the first medical textile material manufacturing in Turkey.<\/div><\/li><li ><div class=\"iconlist-item-icon\"><i class=\"entypo-icon entypo-icon-check\"><\/i><span class=\"shapes\"><\/span><\/div><div class=\"iconlist-item-content\"><\/p>\n<h3>1969<\/h3>\n<p>After the gauze bandage the company started to produce cotton wool in 1969 to sustain the needs of medical sector. Moreover, in 1969 plaster bandage production was started by Adil Boz, for the first time in Turkey.<\/div><\/li><li ><div class=\"iconlist-item-icon\"><i class=\"entypo-icon entypo-icon-check\"><\/i><span class=\"shapes\"><\/span><\/div><div class=\"iconlist-item-content\"><\/p>\n<h3>1983<\/h3>\n<p>Orhan Boz established the Orhan Boz Medical Materials company in Ankara under this own name. Boz started his career in trade by marketing the gauze bandage, cast dressing and hydrophile cotton products manufactured by Adil Boz in U\u015fak.<\/div><\/li><li ><div class=\"iconlist-item-icon\"><i class=\"entypo-icon entypo-icon-check\"><\/i><span class=\"shapes\"><\/span><\/div><div class=\"iconlist-item-content\"><\/p>\n<h3>1993<\/h3>\n<p>Orhan Boz noticed the gap in surgical suture material field and started his first trials in 1993. Orhan Boz opened surgical suture material manufacturing factory in Ankara.<\/div><\/li><li ><div class=\"iconlist-item-icon\"><i class=\"entypo-icon entypo-icon-check\"><\/i><span class=\"shapes\"><\/span><\/div><div class=\"iconlist-item-content\"><\/p>\n<h3>1998<\/h3>\n<p>Adil Boz started to manufacture gauze compress products manufactured from gauze bandage, sponge, cotton ped and gauze dressing in 1998 in the medical textile manufacturing factory in Ankara. First machine sponge manufacturing in Turkey was initiated by Adil Boz in 1998.<\/div><\/li><li ><div class=\"iconlist-item-icon\"><i class=\"entypo-icon entypo-icon-check\"><\/i><span class=\"shapes\"><\/span><\/div><div class=\"iconlist-item-content\"><\/p>\n<h3>2009<\/h3>\n<p>Ali Aykut Boz and Adil Boz, the sons of Orhan Boz, established Boz Medical Materials company in 2009.<\/div><\/li><li ><div class=\"iconlist-item-icon\"><i class=\"entypo-icon entypo-icon-check\"><\/i><span class=\"shapes\"><\/span><\/div><div class=\"iconlist-item-content\"><\/p>\n<h3>2012<\/h3>\n<p>Boz Medical aims to become the manufacturer in the next 5 years after the establishment of the company in line with the developing market needs and conditions and reached this target on April 2012&#8230;<\/div><\/li><li ><div class=\"iconlist-item-icon\"><i class=\"entypo-icon entypo-icon-check\"><\/i><span class=\"shapes\"><\/span><\/div><div class=\"iconlist-item-content\"><\/p>\n<h3>2018&#8230;<\/h3>\n<p>Since 2007, firm founded by Adil Boz (grandfather) offered employment opportunities to total of 1500 people in U\u015fak facilities by manufacturing raw cotton, thread, weaving, weaving textile raw materials, home and hospital textile fabrics. Today, medical consumable are manufactured in the factories in Ankara. Boz Medical moves forward with 70 years of know-how and experience.<\/div><\/li><\/ul>[\/vc_column][\/vc_row]<\/p>\n<\/div>","protected":false},"excerpt":{"rendered":"<p>[vc_row css=&#8221;.vc_custom_1529407998976{margin-right: 0px !important;margin-bottom: 50px !important;margin-left: 0px !important;padding-top: 80px !important;padding-right: 40px !important;padding-bottom: 80px !important;padding-left: 40px !important;background-image: url(https:\/\/www.boztibbi.com\/wp-content\/uploads\/2018\/06\/boz-t\u0131bbi-malzemeler-t\u00fcrkiye-yerli-\u00fcretim-\u00fcretici-t\u00fcrk-mal\u0131-istanbul-ankara-u\u015fak-cerrahi-iplik-gazl\u0131-bez-span\u00e7.jpg?id=1927) !important;background-position: center !important;background-repeat: no-repeat !important;background-size: cover !important;}&#8221;][vc_column width=&#8221;1\/2&#8243;][\/vc_column][vc_column width=&#8221;1\/2&#8243;][vc_column_text] More Than 70 Years of Experience [\/vc_column_text][\/vc_column][\/vc_row][vc_row][vc_column][\/vc_column][\/vc_row]<\/p>\n","protected":false},"author":1,"featured_media":0,"parent":3428,"menu_order":0,"comment_status":"closed","ping_status":"closed","template":"","meta":{"_acf_changed":false,"footnotes":""},"class_list":["post-6996","page","type-page","status-publish","hentry"],"acf":[],"yoast_head":"<!-- This site is optimized with the Yoast SEO plugin v21.6 - https:\/\/yoast.com\/wordpress\/plugins\/seo\/ -->\n<title>Milestones - Boz Medical<\/title>\n<meta name=\"robots\" content=\"index, follow, max-snippet:-1, max-image-preview:large, max-video-preview:-1\" \/>\n<link rel=\"canonical\" href=\"https:\/\/www.boztibbi.com\/en\/corporate\/milestones\/\" \/>\n<meta property=\"og:locale\" content=\"en_US\" \/>\n<meta property=\"og:type\" content=\"article\" \/>\n<meta property=\"og:title\" content=\"Milestones - Boz Medical\" \/>\n<meta property=\"og:description\" content=\"[vc_row css=&#8221;.vc_custom_1529407998976{margin-right: 0px !important;margin-bottom: 50px !important;margin-left: 0px !important;padding-top: 80px !important;padding-right: 40px !important;padding-bottom: 80px !important;padding-left: 40px !important;background-image: url(https:\/\/www.boztibbi.com\/wp-content\/uploads\/2018\/06\/boz-t\u0131bbi-malzemeler-t\u00fcrkiye-yerli-\u00fcretim-\u00fcretici-t\u00fcrk-mal\u0131-istanbul-ankara-u\u015fak-cerrahi-iplik-gazl\u0131-bez-span\u00e7.jpg?id=1927) !important;background-position: center !important;background-repeat: no-repeat !important;background-size: cover !important;}&#8221;][vc_column width=&#8221;1\/2&#8243;][\/vc_column][vc_column width=&#8221;1\/2&#8243;][vc_column_text] More Than 70 Years of Experience [\/vc_column_text][\/vc_column][\/vc_row][vc_row][vc_column][\/vc_column][\/vc_row]\" \/>\n<meta property=\"og:url\" content=\"https:\/\/www.boztibbi.com\/en\/corporate\/milestones\/\" \/>\n<meta property=\"og:site_name\" content=\"Boz Medical\" \/>\n<meta property=\"article:publisher\" content=\"https:\/\/www.facebook.com\/bozmedical\/\" \/>\n<meta property=\"article:modified_time\" content=\"2022-07-30T12:25:17+00:00\" \/>\n<meta name=\"twitter:card\" content=\"summary_large_image\" \/>\n<meta name=\"twitter:site\" content=\"@bozmedical\" \/>\n<script type=\"application\/ld+json\" class=\"yoast-schema-graph\">{\"@context\":\"https:\/\/schema.org\",\"@graph\":[{\"@type\":\"WebPage\",\"@id\":\"https:\/\/www.boztibbi.com\/en\/corporate\/milestones\/\",\"url\":\"https:\/\/www.boztibbi.com\/en\/corporate\/milestones\/\",\"name\":\"Milestones - Boz Medical\",\"isPartOf\":{\"@id\":\"https:\/\/www.boztibbi.com\/#website\"},\"datePublished\":\"2018-06-19T11:01:17+00:00\",\"dateModified\":\"2022-07-30T12:25:17+00:00\",\"breadcrumb\":{\"@id\":\"https:\/\/www.boztibbi.com\/en\/corporate\/milestones\/#breadcrumb\"},\"inLanguage\":\"en-US\",\"potentialAction\":[{\"@type\":\"ReadAction\",\"target\":[\"https:\/\/www.boztibbi.com\/en\/corporate\/milestones\/\"]}]},{\"@type\":\"BreadcrumbList\",\"@id\":\"https:\/\/www.boztibbi.com\/en\/corporate\/milestones\/#breadcrumb\",\"itemListElement\":[{\"@type\":\"ListItem\",\"position\":1,\"name\":\"Home Page\",\"item\":\"https:\/\/www.boztibbi.com\/en\/\"},{\"@type\":\"ListItem\",\"position\":2,\"name\":\"Corporate\",\"item\":\"https:\/\/www.boztibbi.com\/en\/corporate\/\"},{\"@type\":\"ListItem\",\"position\":3,\"name\":\"Milestones\"}]},{\"@type\":\"WebSite\",\"@id\":\"https:\/\/www.boztibbi.com\/#website\",\"url\":\"https:\/\/www.boztibbi.com\/\",\"name\":\"Boz Medical\",\"description\":\"Surgical Sutures, Absorbable Hemostats and Surgical Meshes\",\"publisher\":{\"@id\":\"https:\/\/www.boztibbi.com\/#organization\"},\"potentialAction\":[{\"@type\":\"SearchAction\",\"target\":{\"@type\":\"EntryPoint\",\"urlTemplate\":\"https:\/\/www.boztibbi.com\/?s={search_term_string}\"},\"query-input\":\"required name=search_term_string\"}],\"inLanguage\":\"en-US\"},{\"@type\":\"Organization\",\"@id\":\"https:\/\/www.boztibbi.com\/#organization\",\"name\":\"Boz T\u0131bbi Malzeme Sanayi ve Ticaret A.\u015e.\",\"url\":\"https:\/\/www.boztibbi.com\/\",\"logo\":{\"@type\":\"ImageObject\",\"inLanguage\":\"en-US\",\"@id\":\"https:\/\/www.boztibbi.com\/#\/schema\/logo\/image\/\",\"url\":\"https:\/\/www.boztibbi.com\/wp-content\/uploads\/2018\/08\/boz-t\u0131bbi-malzemeler-medikal-tekstil-t\u00fcrkiye-istanbul-ankara-u\u015fak.png\",\"contentUrl\":\"https:\/\/www.boztibbi.com\/wp-content\/uploads\/2018\/08\/boz-t\u0131bbi-malzemeler-medikal-tekstil-t\u00fcrkiye-istanbul-ankara-u\u015fak.png\",\"width\":1024,\"height\":683,\"caption\":\"Boz T\u0131bbi Malzeme Sanayi ve Ticaret A.\u015e.\"},\"image\":{\"@id\":\"https:\/\/www.boztibbi.com\/#\/schema\/logo\/image\/\"},\"sameAs\":[\"https:\/\/www.facebook.com\/bozmedical\/\",\"https:\/\/twitter.com\/bozmedical\"]}]}<\/script>\n<!-- \/ Yoast SEO plugin. -->","yoast_head_json":{"title":"Milestones - Boz Medical","robots":{"index":"index","follow":"follow","max-snippet":"max-snippet:-1","max-image-preview":"max-image-preview:large","max-video-preview":"max-video-preview:-1"},"canonical":"https:\/\/www.boztibbi.com\/en\/corporate\/milestones\/","og_locale":"en_US","og_type":"article","og_title":"Milestones - Boz Medical","og_description":"[vc_row css=&#8221;.vc_custom_1529407998976{margin-right: 0px !important;margin-bottom: 50px !important;margin-left: 0px !important;padding-top: 80px !important;padding-right: 40px !important;padding-bottom: 80px !important;padding-left: 40px !important;background-image: url(https:\/\/www.boztibbi.com\/wp-content\/uploads\/2018\/06\/boz-t\u0131bbi-malzemeler-t\u00fcrkiye-yerli-\u00fcretim-\u00fcretici-t\u00fcrk-mal\u0131-istanbul-ankara-u\u015fak-cerrahi-iplik-gazl\u0131-bez-span\u00e7.jpg?id=1927) !important;background-position: center !important;background-repeat: no-repeat !important;background-size: cover !important;}&#8221;][vc_column width=&#8221;1\/2&#8243;][\/vc_column][vc_column width=&#8221;1\/2&#8243;][vc_column_text] More Than 70 Years of Experience [\/vc_column_text][\/vc_column][\/vc_row][vc_row][vc_column][\/vc_column][\/vc_row]","og_url":"https:\/\/www.boztibbi.com\/en\/corporate\/milestones\/","og_site_name":"Boz Medical","article_publisher":"https:\/\/www.facebook.com\/bozmedical\/","article_modified_time":"2022-07-30T12:25:17+00:00","twitter_card":"summary_large_image","twitter_site":"@bozmedical","schema":{"@context":"https:\/\/schema.org","@graph":[{"@type":"WebPage","@id":"https:\/\/www.boztibbi.com\/en\/corporate\/milestones\/","url":"https:\/\/www.boztibbi.com\/en\/corporate\/milestones\/","name":"Milestones - Boz Medical","isPartOf":{"@id":"https:\/\/www.boztibbi.com\/#website"},"datePublished":"2018-06-19T11:01:17+00:00","dateModified":"2022-07-30T12:25:17+00:00","breadcrumb":{"@id":"https:\/\/www.boztibbi.com\/en\/corporate\/milestones\/#breadcrumb"},"inLanguage":"en-US","potentialAction":[{"@type":"ReadAction","target":["https:\/\/www.boztibbi.com\/en\/corporate\/milestones\/"]}]},{"@type":"BreadcrumbList","@id":"https:\/\/www.boztibbi.com\/en\/corporate\/milestones\/#breadcrumb","itemListElement":[{"@type":"ListItem","position":1,"name":"Home Page","item":"https:\/\/www.boztibbi.com\/en\/"},{"@type":"ListItem","position":2,"name":"Corporate","item":"https:\/\/www.boztibbi.com\/en\/corporate\/"},{"@type":"ListItem","position":3,"name":"Milestones"}]},{"@type":"WebSite","@id":"https:\/\/www.boztibbi.com\/#website","url":"https:\/\/www.boztibbi.com\/","name":"Boz Medical","description":"Surgical Sutures, Absorbable Hemostats and Surgical Meshes","publisher":{"@id":"https:\/\/www.boztibbi.com\/#organization"},"potentialAction":[{"@type":"SearchAction","target":{"@type":"EntryPoint","urlTemplate":"https:\/\/www.boztibbi.com\/?s={search_term_string}"},"query-input":"required name=search_term_string"}],"inLanguage":"en-US"},{"@type":"Organization","@id":"https:\/\/www.boztibbi.com\/#organization","name":"Boz T\u0131bbi Malzeme Sanayi ve Ticaret A.\u015e.","url":"https:\/\/www.boztibbi.com\/","logo":{"@type":"ImageObject","inLanguage":"en-US","@id":"https:\/\/www.boztibbi.com\/#\/schema\/logo\/image\/","url":"https:\/\/www.boztibbi.com\/wp-content\/uploads\/2018\/08\/boz-t\u0131bbi-malzemeler-medikal-tekstil-t\u00fcrkiye-istanbul-ankara-u\u015fak.png","contentUrl":"https:\/\/www.boztibbi.com\/wp-content\/uploads\/2018\/08\/boz-t\u0131bbi-malzemeler-medikal-tekstil-t\u00fcrkiye-istanbul-ankara-u\u015fak.png","width":1024,"height":683,"caption":"Boz T\u0131bbi Malzeme Sanayi ve Ticaret A.\u015e."},"image":{"@id":"https:\/\/www.boztibbi.com\/#\/schema\/logo\/image\/"},"sameAs":["https:\/\/www.facebook.com\/bozmedical\/","https:\/\/twitter.com\/bozmedical"]}]}},"_links":{"self":[{"href":"https:\/\/www.boztibbi.com\/en\/wp-json\/wp\/v2\/pages\/6996","targetHints":{"allow":["GET"]}}],"collection":[{"href":"https:\/\/www.boztibbi.com\/en\/wp-json\/wp\/v2\/pages"}],"about":[{"href":"https:\/\/www.boztibbi.com\/en\/wp-json\/wp\/v2\/types\/page"}],"author":[{"embeddable":true,"href":"https:\/\/www.boztibbi.com\/en\/wp-json\/wp\/v2\/users\/1"}],"replies":[{"embeddable":true,"href":"https:\/\/www.boztibbi.com\/en\/wp-json\/wp\/v2\/comments?post=6996"}],"version-history":[{"count":4,"href":"https:\/\/www.boztibbi.com\/en\/wp-json\/wp\/v2\/pages\/6996\/revisions"}],"predecessor-version":[{"id":10418,"href":"https:\/\/www.boztibbi.com\/en\/wp-json\/wp\/v2\/pages\/6996\/revisions\/10418"}],"up":[{"embeddable":true,"href":"https:\/\/www.boztibbi.com\/en\/wp-json\/wp\/v2\/pages\/3428"}],"wp:attachment":[{"href":"https:\/\/www.boztibbi.com\/en\/wp-json\/wp\/v2\/media?parent=6996"}],"curies":[{"name":"wp","href":"https:\/\/api.w.org\/{rel}","templated":true}]}}