{"id":6943,"date":"2017-09-27T08:30:26","date_gmt":"2017-09-27T08:30:26","guid":{"rendered":"https:\/\/www.boztibbi.com\/corporate\/hizmet-noktalari\/"},"modified":"2021-08-04T09:36:41","modified_gmt":"2021-08-04T06:36:41","slug":"points-of-service","status":"publish","type":"page","link":"https:\/\/www.boztibbi.com\/en\/corporate\/points-of-service\/","title":{"rendered":"Points of Service"},"content":{"rendered":"<div class=\"wpb-content-wrapper\"><p>[vc_row content_placement=&#8221;middle&#8221;][vc_column width=&#8221;1\/2&#8243;][vc_column_text]<\/p>\n<h3 class=\"no-margin-top\">Main Office<\/h3>\n<p><strong>Boz T\u0131bbi Malzeme Sanayi ve Ticaret A.\u015e<\/strong><br \/>\nSa\u011fl\u0131k Mah. Sa\u011fl\u0131k-1 Sk. No:33\/5<br \/>\n06420 S\u0131hhiye \u2013 ANKARA \/ TURKEY<\/p>\n<p>Tel: +90 312 254 03 40<br \/>\nFax: +90 312 254 03 49<br \/>\nE-mail: <a href=\"mailto:boz@boztibbi.com\">boz@boztibbi.com<\/a>[\/vc_column_text][vc_empty_space height=&#8221;30px&#8221;][\/vc_column][vc_column width=&#8221;1\/2&#8243;][vc_raw_html]JTNDaWZyYW1lJTIwc3JjJTNEJTIyaHR0cHMlM0ElMkYlMkZ3d3cuZ29vZ2xlLmNvbSUyRm1hcHMlMkZlbWJlZCUzRnBiJTNEJTIxMW0xNCUyMTFtOCUyMTFtMyUyMTFkNjExOS40MzYzOTk5OTY1MDklMjEyZDMyLjg1NjI3MjMlMjEzZDM5LjkyNTMyMjElMjEzbTIlMjExaTEwMjQlMjEyaTc2OCUyMTRmMTMuMSUyMTNtMyUyMTFtMiUyMTFzMHgxNGQzNGZlMTA0ZGNkYWEzJTI1M0EweDhhNTRkM2I4ZTMxM2ZlYTclMjEyc0JveiUyNTIwVCUyNUM0JTI1QjFiYmklMjUyME1hbHplbWVsZXIlMjE1ZTAlMjEzbTIlMjExc2VuJTIxMnN0ciUyMTR2MTYyNjA5NDY2MTU3MyUyMTVtMiUyMTFzZW4lMjEyc3RyJTIyJTIwd2lkdGglM0QlMjIxMDAlMjUlMjIlMjBoZWlnaHQlM0QlMjIzMDAlMjIlMjBzdHlsZSUzRCUyMmJvcmRlciUzQTAlM0IlMjIlMjBhbGxvd2Z1bGxzY3JlZW4lM0QlMjIlMjIlMjBsb2FkaW5nJTNEJTIybGF6eSUyMiUzRSUzQyUyRmlmcmFtZSUzRQ==[\/vc_raw_html][vc_empty_space height=&#8221;30px&#8221;][\/vc_column][\/vc_row][vc_row][vc_column][vc_separator color=&#8221;custom&#8221; accent_color=&#8221;rgba(2,6,32,0.1)&#8221; css=&#8221;.vc_custom_1513053280115{padding-top: 20px !important;padding-bottom: 50px !important;}&#8221;][\/vc_column][\/vc_row][vc_row content_placement=&#8221;middle&#8221;][vc_column width=&#8221;1\/2&#8243;][vc_column_text]<\/p>\n<h3 class=\"no-margin-top\">Istanbul Branch<\/h3>\n<p>Oru\u00e7 Reis Mah. Giyimkent 19. Sk. No:14-16<br \/>\n34237 Esenler &#8211; \u0130STANBUL \/ TURKEY<\/p>\n<p>Tel: +90 212 438 76 10<br \/>\nFax: +90 212 438 76 14<br \/>\nE-mail: <a href=\"mailto:boz@boztibbi.com\">boz@boztibbi.com<\/a>[\/vc_column_text][vc_empty_space height=&#8221;30px&#8221;][\/vc_column][vc_column width=&#8221;1\/2&#8243;][vc_raw_html]JTNDaWZyYW1lJTIwc3JjJTNEJTIyaHR0cHMlM0ElMkYlMkZ3d3cuZ29vZ2xlLmNvbSUyRm1hcHMlMkZlbWJlZCUzRnBiJTNEJTIxMW0xOCUyMTFtMTIlMjExbTMlMjExZDMwMDcuODY1MDI2MDczMzA0MyUyMTJkMjguODcxNDExNDE0ODI4MDQ2JTIxM2Q0MS4wNzE5NDI5MjM0NTQ2MzUlMjEybTMlMjExZjAlMjEyZjAlMjEzZjAlMjEzbTIlMjExaTEwMjQlMjEyaTc2OCUyMTRmMTMuMSUyMTNtMyUyMTFtMiUyMTFzMHgxNGNhYjAxMGY5YzNlMjliJTI1M0EweGY0Zjk2OWQ2NmYzZDcxNjglMjEyc1NreXRla3MlMjE1ZTAlMjEzbTIlMjExc2VuJTIxMnN0ciUyMTR2MTYyNjA5NDc4NDczOSUyMTVtMiUyMTFzZW4lMjEyc3RyJTIyJTIwd2lkdGglM0QlMjIxMDAlMjUlMjIlMjBoZWlnaHQlM0QlMjIzMDAlMjIlMjBzdHlsZSUzRCUyMmJvcmRlciUzQTAlM0IlMjIlMjBhbGxvd2Z1bGxzY3JlZW4lM0QlMjIlMjIlMjBsb2FkaW5nJTNEJTIybGF6eSUyMiUzRSUzQyUyRmlmcmFtZSUzRQ==[\/vc_raw_html][vc_empty_space height=&#8221;30px&#8221;][\/vc_column][\/vc_row][vc_row][vc_column][vc_separator color=&#8221;custom&#8221; accent_color=&#8221;rgba(2,6,32,0.1)&#8221; css=&#8221;.vc_custom_1513053268286{padding-top: 20px !important;padding-bottom: 50px !important;}&#8221;][\/vc_column][\/vc_row][vc_row content_placement=&#8221;middle&#8221;][vc_column width=&#8221;1\/2&#8243;][vc_column_text]<\/p>\n<h3 class=\"no-margin-top\">Izmir Branch<\/h3>\n<p>847. Sk. Sebat \u0130\u015f Han\u0131 No: 25 Kat: 1\/103<br \/>\n35260 Konak &#8211; \u0130ZM\u0130R \/ T\u00dcRK\u0130YE<\/p>\n<p>Tel: +90 232 483 93 14<br \/>\nFax: +90 232 483 93 15<br \/>\nE-mail: <a href=\"mailto:boz@boztibbi.com\">izmir@boztibbi.com<\/a>[\/vc_column_text][vc_empty_space height=&#8221;30px&#8221;][\/vc_column][vc_column width=&#8221;1\/2&#8243;][vc_raw_html]JTNDaWZyYW1lJTIwc3JjJTNEJTIyaHR0cHMlM0ElMkYlMkZ3d3cuZ29vZ2xlLmNvbSUyRm1hcHMlMkZlbWJlZCUzRnBiJTNEJTIxMW0xNCUyMTFtOCUyMTFtMyUyMTFkMTI1MDQuMjM4NDAxMDY0MTk4JTIxMmQyNy4xMzAzMTk0JTIxM2QzOC40MTY5ODc1JTIxM20yJTIxMWkxMDI0JTIxMmk3NjglMjE0ZjEzLjElMjEzbTMlMjExbTIlMjExczB4MCUyNTNBMHhiZDVkM2NmY2M0ZjM3MDEyJTIxMnNTa3l0ZWtzJTI1MjAlMjVDNCUyNUIwem1pciUyMTVlMCUyMTNtMiUyMTFzZW4lMjEyc3RyJTIxNHYxNjI2MDk2OTg3NTkxJTIxNW0yJTIxMXNlbiUyMTJzdHIlMjIlMjB3aWR0aCUzRCUyMjEwMCUyNSUyMiUyMGhlaWdodCUzRCUyMjMwMCUyMiUyMHN0eWxlJTNEJTIyYm9yZGVyJTNBMCUzQiUyMiUyMGFsbG93ZnVsbHNjcmVlbiUzRCUyMiUyMiUyMGxvYWRpbmclM0QlMjJsYXp5JTIyJTNFJTNDJTJGaWZyYW1lJTNF[\/vc_raw_html][vc_empty_space height=&#8221;30px&#8221;][\/vc_column][\/vc_row][vc_row][vc_column][vc_separator color=&#8221;custom&#8221; accent_color=&#8221;rgba(2,6,32,0.1)&#8221; css=&#8221;.vc_custom_1513053268286{padding-top: 20px !important;padding-bottom: 50px !important;}&#8221;][\/vc_column][\/vc_row][vc_row content_placement=&#8221;middle&#8221;][vc_column width=&#8221;1\/2&#8243;][vc_column_text]<\/p>\n<h3 class=\"no-margin-top\">Adana Branch<\/h3>\n<p>Ziyapa\u015fa Mh. 67041 Sk. No: 18\/A<br \/>\n01140 Seyhan &#8211; ADANA \/ TURKEY<\/p>\n<p>Tel: +90 322 456 17 92<br \/>\nFax: +90 322 456 17 94<br \/>\nE-mail: <a href=\"mailto:boz@boztibbi.com\">adana@boztibbi.com<\/a>[\/vc_column_text][vc_empty_space height=&#8221;30px&#8221;][\/vc_column][vc_column width=&#8221;1\/2&#8243;][vc_raw_html]JTNDaWZyYW1lJTIwc3JjJTNEJTIyaHR0cHMlM0ElMkYlMkZ3d3cuZ29vZ2xlLmNvbSUyRm1hcHMlMkZlbWJlZCUzRnBiJTNEJTIxMW0xNCUyMTFtOCUyMTFtMyUyMTFkMTI3NDMuMTU1OTY3MTcwNTQ1JTIxMmQzNS4zMjQ3NTE3JTIxM2QzNy4wMTQ4MyUyMTNtMiUyMTFpMTAyNCUyMTJpNzY4JTIxNGYxMy4xJTIxM20zJTIxMW0yJTIxMXMweDAlMjUzQTB4YWE4ODg0MGYxMzczMDk2NyUyMTJzU2t5dGVrcyUyNTIwQWRhbmElMjE1ZTAlMjEzbTIlMjExc2VuJTIxMnN0ciUyMTR2MTYyNjA5NzIxNjU0NCUyMTVtMiUyMTFzZW4lMjEyc3RyJTIyJTIwd2lkdGglM0QlMjIxMDAlMjUlMjIlMjBoZWlnaHQlM0QlMjIzMDAlMjIlMjBzdHlsZSUzRCUyMmJvcmRlciUzQTAlM0IlMjIlMjBhbGxvd2Z1bGxzY3JlZW4lM0QlMjIlMjIlMjBsb2FkaW5nJTNEJTIybGF6eSUyMiUzRSUzQyUyRmlmcmFtZSUzRQ==[\/vc_raw_html][vc_empty_space height=&#8221;30px&#8221;][\/vc_column][\/vc_row]<\/p>\n<\/div>","protected":false},"excerpt":{"rendered":"<p>[vc_row content_placement=&#8221;middle&#8221;][vc_column width=&#8221;1\/2&#8243;][vc_column_text] Main Office Boz T\u0131bbi Malzeme Sanayi ve Ticaret A.\u015e Sa\u011fl\u0131k Mah. Sa\u011fl\u0131k-1 Sk. No:33\/5 06420 S\u0131hhiye \u2013 ANKARA \/ TURKEY Tel: +90 312 254 03 40 Fax: +90 312 254 03 49 E-mail: boz@boztibbi.com[\/vc_column_text][vc_empty_space height=&#8221;30px&#8221;][\/vc_column][vc_column width=&#8221;1\/2&#8243;][vc_raw_html]JTNDaWZyYW1lJTIwc3JjJTNEJTIyaHR0cHMlM0ElMkYlMkZ3d3cuZ29vZ2xlLmNvbSUyRm1hcHMlMkZlbWJlZCUzRnBiJTNEJTIxMW0xNCUyMTFtOCUyMTFtMyUyMTFkNjExOS40MzYzOTk5OTY1MDklMjEyZDMyLjg1NjI3MjMlMjEzZDM5LjkyNTMyMjElMjEzbTIlMjExaTEwMjQlMjEyaTc2OCUyMTRmMTMuMSUyMTNtMyUyMTFtMiUyMTFzMHgxNGQzNGZlMTA0ZGNkYWEzJTI1M0EweDhhNTRkM2I4ZTMxM2ZlYTclMjEyc0JveiUyNTIwVCUyNUM0JTI1QjFiYmklMjUyME1hbHplbWVsZXIlMjE1ZTAlMjEzbTIlMjExc2VuJTIxMnN0ciUyMTR2MTYyNjA5NDY2MTU3MyUyMTVtMiUyMTFzZW4lMjEyc3RyJTIyJTIwd2lkdGglM0QlMjIxMDAlMjUlMjIlMjBoZWlnaHQlM0QlMjIzMDAlMjIlMjBzdHlsZSUzRCUyMmJvcmRlciUzQTAlM0IlMjIlMjBhbGxvd2Z1bGxzY3JlZW4lM0QlMjIlMjIlMjBsb2FkaW5nJTNEJTIybGF6eSUyMiUzRSUzQyUyRmlmcmFtZSUzRQ==[\/vc_raw_html][vc_empty_space height=&#8221;30px&#8221;][\/vc_column][\/vc_row][vc_row][vc_column][vc_separator color=&#8221;custom&#8221; accent_color=&#8221;rgba(2,6,32,0.1)&#8221; css=&#8221;.vc_custom_1513053280115{padding-top: 20px !important;padding-bottom: 50px !important;}&#8221;][\/vc_column][\/vc_row][vc_row content_placement=&#8221;middle&#8221;][vc_column width=&#8221;1\/2&#8243;][vc_column_text] Istanbul Branch Oru\u00e7 Reis Mah. Giyimkent [&hellip;]<\/p>\n","protected":false},"author":1,"featured_media":0,"parent":3428,"menu_order":0,"comment_status":"closed","ping_status":"closed","template":"","meta":{"_acf_changed":false,"footnotes":""},"class_list":["post-6943","page","type-page","status-publish","hentry"],"acf":[],"yoast_head":"<!-- This site is optimized with the Yoast SEO plugin v21.6 - https:\/\/yoast.com\/wordpress\/plugins\/seo\/ -->\n<title>Points of Service - Boz Medical Branches<\/title>\n<meta name=\"description\" content=\"You can find all the branches&#039; addresses and contact info of Boz Medical Equipments in this page. Please check all the service points.\" \/>\n<meta name=\"robots\" content=\"index, follow, max-snippet:-1, max-image-preview:large, max-video-preview:-1\" \/>\n<link rel=\"canonical\" href=\"https:\/\/www.boztibbi.com\/en\/corporate\/points-of-service\/\" \/>\n<meta property=\"og:locale\" content=\"en_US\" \/>\n<meta property=\"og:type\" content=\"article\" \/>\n<meta property=\"og:title\" content=\"Points of Service - Boz Medical Branches\" \/>\n<meta property=\"og:description\" content=\"You can find all the branches&#039; addresses and contact info of Boz Medical Equipments in this page. Please check all the service points.\" \/>\n<meta property=\"og:url\" content=\"https:\/\/www.boztibbi.com\/en\/corporate\/points-of-service\/\" \/>\n<meta property=\"og:site_name\" content=\"Boz Medical\" \/>\n<meta property=\"article:publisher\" content=\"https:\/\/www.facebook.com\/bozmedical\/\" \/>\n<meta property=\"article:modified_time\" content=\"2021-08-04T06:36:41+00:00\" \/>\n<meta name=\"twitter:card\" content=\"summary_large_image\" \/>\n<meta name=\"twitter:site\" content=\"@bozmedical\" \/>\n<script type=\"application\/ld+json\" class=\"yoast-schema-graph\">{\"@context\":\"https:\/\/schema.org\",\"@graph\":[{\"@type\":\"WebPage\",\"@id\":\"https:\/\/www.boztibbi.com\/en\/corporate\/points-of-service\/\",\"url\":\"https:\/\/www.boztibbi.com\/en\/corporate\/points-of-service\/\",\"name\":\"Points of Service - Boz Medical Branches\",\"isPartOf\":{\"@id\":\"https:\/\/www.boztibbi.com\/#website\"},\"datePublished\":\"2017-09-27T08:30:26+00:00\",\"dateModified\":\"2021-08-04T06:36:41+00:00\",\"description\":\"You can find all the branches' addresses and contact info of Boz Medical Equipments in this page. Please check all the service points.\",\"breadcrumb\":{\"@id\":\"https:\/\/www.boztibbi.com\/en\/corporate\/points-of-service\/#breadcrumb\"},\"inLanguage\":\"en-US\",\"potentialAction\":[{\"@type\":\"ReadAction\",\"target\":[\"https:\/\/www.boztibbi.com\/en\/corporate\/points-of-service\/\"]}]},{\"@type\":\"BreadcrumbList\",\"@id\":\"https:\/\/www.boztibbi.com\/en\/corporate\/points-of-service\/#breadcrumb\",\"itemListElement\":[{\"@type\":\"ListItem\",\"position\":1,\"name\":\"Home Page\",\"item\":\"https:\/\/www.boztibbi.com\/en\/\"},{\"@type\":\"ListItem\",\"position\":2,\"name\":\"Corporate\",\"item\":\"https:\/\/www.boztibbi.com\/en\/corporate\/\"},{\"@type\":\"ListItem\",\"position\":3,\"name\":\"Points of Service\"}]},{\"@type\":\"WebSite\",\"@id\":\"https:\/\/www.boztibbi.com\/#website\",\"url\":\"https:\/\/www.boztibbi.com\/\",\"name\":\"Boz Medical\",\"description\":\"Surgical Sutures, Absorbable Hemostats and Surgical Meshes\",\"publisher\":{\"@id\":\"https:\/\/www.boztibbi.com\/#organization\"},\"potentialAction\":[{\"@type\":\"SearchAction\",\"target\":{\"@type\":\"EntryPoint\",\"urlTemplate\":\"https:\/\/www.boztibbi.com\/?s={search_term_string}\"},\"query-input\":\"required name=search_term_string\"}],\"inLanguage\":\"en-US\"},{\"@type\":\"Organization\",\"@id\":\"https:\/\/www.boztibbi.com\/#organization\",\"name\":\"Boz T\u0131bbi Malzeme Sanayi ve Ticaret A.\u015e.\",\"url\":\"https:\/\/www.boztibbi.com\/\",\"logo\":{\"@type\":\"ImageObject\",\"inLanguage\":\"en-US\",\"@id\":\"https:\/\/www.boztibbi.com\/#\/schema\/logo\/image\/\",\"url\":\"https:\/\/www.boztibbi.com\/wp-content\/uploads\/2018\/08\/boz-t\u0131bbi-malzemeler-medikal-tekstil-t\u00fcrkiye-istanbul-ankara-u\u015fak.png\",\"contentUrl\":\"https:\/\/www.boztibbi.com\/wp-content\/uploads\/2018\/08\/boz-t\u0131bbi-malzemeler-medikal-tekstil-t\u00fcrkiye-istanbul-ankara-u\u015fak.png\",\"width\":1024,\"height\":683,\"caption\":\"Boz T\u0131bbi Malzeme Sanayi ve Ticaret A.\u015e.\"},\"image\":{\"@id\":\"https:\/\/www.boztibbi.com\/#\/schema\/logo\/image\/\"},\"sameAs\":[\"https:\/\/www.facebook.com\/bozmedical\/\",\"https:\/\/twitter.com\/bozmedical\"]}]}<\/script>\n<!-- \/ Yoast SEO plugin. -->","yoast_head_json":{"title":"Points of Service - Boz Medical Branches","description":"You can find all the branches' addresses and contact info of Boz Medical Equipments in this page. Please check all the service points.","robots":{"index":"index","follow":"follow","max-snippet":"max-snippet:-1","max-image-preview":"max-image-preview:large","max-video-preview":"max-video-preview:-1"},"canonical":"https:\/\/www.boztibbi.com\/en\/corporate\/points-of-service\/","og_locale":"en_US","og_type":"article","og_title":"Points of Service - Boz Medical Branches","og_description":"You can find all the branches' addresses and contact info of Boz Medical Equipments in this page. Please check all the service points.","og_url":"https:\/\/www.boztibbi.com\/en\/corporate\/points-of-service\/","og_site_name":"Boz Medical","article_publisher":"https:\/\/www.facebook.com\/bozmedical\/","article_modified_time":"2021-08-04T06:36:41+00:00","twitter_card":"summary_large_image","twitter_site":"@bozmedical","schema":{"@context":"https:\/\/schema.org","@graph":[{"@type":"WebPage","@id":"https:\/\/www.boztibbi.com\/en\/corporate\/points-of-service\/","url":"https:\/\/www.boztibbi.com\/en\/corporate\/points-of-service\/","name":"Points of Service - Boz Medical Branches","isPartOf":{"@id":"https:\/\/www.boztibbi.com\/#website"},"datePublished":"2017-09-27T08:30:26+00:00","dateModified":"2021-08-04T06:36:41+00:00","description":"You can find all the branches' addresses and contact info of Boz Medical Equipments in this page. Please check all the service points.","breadcrumb":{"@id":"https:\/\/www.boztibbi.com\/en\/corporate\/points-of-service\/#breadcrumb"},"inLanguage":"en-US","potentialAction":[{"@type":"ReadAction","target":["https:\/\/www.boztibbi.com\/en\/corporate\/points-of-service\/"]}]},{"@type":"BreadcrumbList","@id":"https:\/\/www.boztibbi.com\/en\/corporate\/points-of-service\/#breadcrumb","itemListElement":[{"@type":"ListItem","position":1,"name":"Home Page","item":"https:\/\/www.boztibbi.com\/en\/"},{"@type":"ListItem","position":2,"name":"Corporate","item":"https:\/\/www.boztibbi.com\/en\/corporate\/"},{"@type":"ListItem","position":3,"name":"Points of Service"}]},{"@type":"WebSite","@id":"https:\/\/www.boztibbi.com\/#website","url":"https:\/\/www.boztibbi.com\/","name":"Boz Medical","description":"Surgical Sutures, Absorbable Hemostats and Surgical Meshes","publisher":{"@id":"https:\/\/www.boztibbi.com\/#organization"},"potentialAction":[{"@type":"SearchAction","target":{"@type":"EntryPoint","urlTemplate":"https:\/\/www.boztibbi.com\/?s={search_term_string}"},"query-input":"required name=search_term_string"}],"inLanguage":"en-US"},{"@type":"Organization","@id":"https:\/\/www.boztibbi.com\/#organization","name":"Boz T\u0131bbi Malzeme Sanayi ve Ticaret A.\u015e.","url":"https:\/\/www.boztibbi.com\/","logo":{"@type":"ImageObject","inLanguage":"en-US","@id":"https:\/\/www.boztibbi.com\/#\/schema\/logo\/image\/","url":"https:\/\/www.boztibbi.com\/wp-content\/uploads\/2018\/08\/boz-t\u0131bbi-malzemeler-medikal-tekstil-t\u00fcrkiye-istanbul-ankara-u\u015fak.png","contentUrl":"https:\/\/www.boztibbi.com\/wp-content\/uploads\/2018\/08\/boz-t\u0131bbi-malzemeler-medikal-tekstil-t\u00fcrkiye-istanbul-ankara-u\u015fak.png","width":1024,"height":683,"caption":"Boz T\u0131bbi Malzeme Sanayi ve Ticaret A.\u015e."},"image":{"@id":"https:\/\/www.boztibbi.com\/#\/schema\/logo\/image\/"},"sameAs":["https:\/\/www.facebook.com\/bozmedical\/","https:\/\/twitter.com\/bozmedical"]}]}},"_links":{"self":[{"href":"https:\/\/www.boztibbi.com\/en\/wp-json\/wp\/v2\/pages\/6943","targetHints":{"allow":["GET"]}}],"collection":[{"href":"https:\/\/www.boztibbi.com\/en\/wp-json\/wp\/v2\/pages"}],"about":[{"href":"https:\/\/www.boztibbi.com\/en\/wp-json\/wp\/v2\/types\/page"}],"author":[{"embeddable":true,"href":"https:\/\/www.boztibbi.com\/en\/wp-json\/wp\/v2\/users\/1"}],"replies":[{"embeddable":true,"href":"https:\/\/www.boztibbi.com\/en\/wp-json\/wp\/v2\/comments?post=6943"}],"version-history":[{"count":4,"href":"https:\/\/www.boztibbi.com\/en\/wp-json\/wp\/v2\/pages\/6943\/revisions"}],"predecessor-version":[{"id":6949,"href":"https:\/\/www.boztibbi.com\/en\/wp-json\/wp\/v2\/pages\/6943\/revisions\/6949"}],"up":[{"embeddable":true,"href":"https:\/\/www.boztibbi.com\/en\/wp-json\/wp\/v2\/pages\/3428"}],"wp:attachment":[{"href":"https:\/\/www.boztibbi.com\/en\/wp-json\/wp\/v2\/media?parent=6943"}],"curies":[{"name":"wp","href":"https:\/\/api.w.org\/{rel}","templated":true}]}}