{"id":6749,"date":"2019-05-07T16:19:38","date_gmt":"2019-05-07T13:19:38","guid":{"rendered":"https:\/\/www.boztibbi.com\/special-sutures-for-surgical-branches\/oral-dental-and-maxillofacial-surgery-sutures\/politetrafloroetilen-ptfe-dental-dikis-ipligi-monotef\/"},"modified":"2024-08-21T11:54:40","modified_gmt":"2024-08-21T08:54:40","slug":"polytetrafluoroethylene-ptfe-dental-suture-monotef","status":"publish","type":"page","link":"https:\/\/www.boztibbi.com\/en\/special-sutures-for-surgical-branches\/oral-dental-and-maxillofacial-surgery-sutures\/polytetrafluoroethylene-ptfe-dental-suture-monotef\/","title":{"rendered":"Polytetrafluoroethylene PTFE Dental Suture &#8211; Monotef"},"content":{"rendered":"<div class=\"wpb-content-wrapper\"><p>[vc_row][vc_column width=&#8221;1\/2&#8243;][vc_custom_heading text=&#8221;MONOTEF&#8221; font_container=&#8221;tag:h1|font_size:50px|text_align:left&#8221; use_theme_fonts=&#8221;yes&#8221;][vc_custom_heading text=&#8221;Polytetrafluoroethylene (PTFE)&#8221; font_container=&#8221;tag:h6|font_size:20px|text_align:left&#8221; use_theme_fonts=&#8221;yes&#8221;][vc_empty_space height=&#8221;20px&#8221;][vc_column_text]<a class=\"button no-bg\" href=\"https:\/\/www.boztibbi.com\/en\/products\/sutures\/non-absorbable-sutures\/monotef\/\" target=\"_blank\" rel=\"noopener noreferrer\">Non-Absorbable Surgical Suture <sup>Dental Suture<\/sup><\/a>[\/vc_column_text][vc_empty_space height=&#8221;20px&#8221;][vc_row_inner][vc_column_inner width=&#8221;1\/2&#8243;]<ul class=\"iconlist iconlist iconlist-icon-mini \"><li ><div class=\"iconlist-item-icon\"><i class=\"sl-arrow-right\"><\/i><span class=\"shapes\"><\/span><\/div><div class=\"iconlist-item-content\">Non-Absorbable<\/div><\/li><li ><div class=\"iconlist-item-icon\"><i class=\"sl-arrow-right\"><\/i><span class=\"shapes\"><\/span><\/div><div class=\"iconlist-item-content\">Uncoated<\/div><\/li><li ><div class=\"iconlist-item-icon\"><i class=\"sl-arrow-right\"><\/i><span class=\"shapes\"><\/span><\/div><div class=\"iconlist-item-content\">Monofilament<\/div><\/li><\/ul>[\/vc_column_inner][vc_column_inner width=&#8221;1\/2&#8243;]<ul class=\"iconlist iconlist iconlist-icon-mini \"><li ><div class=\"iconlist-item-icon\"><i class=\"sl-arrow-right\"><\/i><span class=\"shapes\"><\/span><\/div><div class=\"iconlist-item-content\">Synthetic<\/div><\/li><li ><div class=\"iconlist-item-icon\"><i class=\"sl-arrow-right\"><\/i><span class=\"shapes\"><\/span><\/div><div class=\"iconlist-item-content\">White<\/div><\/li><\/ul>[\/vc_column_inner][\/vc_row_inner][\/vc_column][vc_column width=&#8221;1\/2&#8243;][vc_images_carousel images=&#8221;4718,4719,4720&#8243; img_size=&#8221;full&#8221; onclick=&#8221;link_no&#8221; speed=&#8221;3000&#8243; autoplay=&#8221;yes&#8221; hide_pagination_control=&#8221;yes&#8221; hide_prev_next_buttons=&#8221;yes&#8221; wrap=&#8221;yes&#8221; css_animation=&#8221;fadeInRight&#8221;][\/vc_column][\/vc_row][vc_row][vc_column][vc_empty_space height=&#8221;20px&#8221;][vc_column_text]Monotef is a polytetraphloroetylen (PTFE), non-absorbable, monofilament sterile surgical suture. This suture is manufactured from high-density 100% polytetraphloroetylen that enables a minimum pore size and volume structure, while keeping integrity and tensile strength. This suture is colourless and contains no white material, additive or PFOA.[\/vc_column_text][vc_empty_space height=&#8221;30px&#8221;][\/vc_column][\/vc_row][vc_row][vc_column][vc_column_text]\n<table id=\"tablepress-DMT-EN\" class=\"tablepress tablepress-id-DMT-EN\">\n<thead>\n<tr class=\"row-1 odd\">\n\t<th class=\"column-1\">Needle Size<\/th><th colspan=\"2\" class=\"column-2\">Needle Shape<\/th><th class=\"column-4\">Product Code<\/th><th class=\"column-5\">USP<\/th><th class=\"column-6\">EP<\/th><th class=\"column-7\">Lenght<\/th><th class=\"column-8\">Piece<\/th><th class=\"column-9\">Color<\/th><th class=\"column-10\">Order<\/th>\n<\/tr>\n<\/thead>\n<tbody class=\"row-hover\">\n<tr class=\"row-2 even\">\n\t<td class=\"column-1\">8 mm<\/td><td class=\"column-2\">1\/2 Taper Point<br \/>\n<sub>280 Micron<\/sub><\/td><td class=\"column-3\"><img loading=\"lazy\" decoding=\"async\" src=\"https:\/\/www.boztibbi.com\/wp-content\/uploads\/2019\/04\/suture-needle-icons-dental-s\u00fct\u00fcr-1.png\" alt=\"\" width=\"100\" height=\"14\" class=\"alignnone size-full wp-image-4721\" \/><\/td><td class=\"column-4\">MT5770<\/td><td class=\"column-5\">6\/0<\/td><td class=\"column-6\">0,7<\/td><td class=\"column-7\">45 cm<\/td><td class=\"column-8\">12<\/td><td class=\"column-9\">White<\/td><td class=\"column-10\"><p style=\"text-align: center;\"><a class=\"link\" href=\"https:\/\/www.boztibbi.com\/en\/contact\/\" target=\"_blank\" rel=\"noopener\"><i class=\"fa fa-shopping-cart size-41\"><\/i><\/a><\/p><\/td>\n<\/tr>\n<tr class=\"row-3 odd\">\n\t<td rowspan=\"2\" class=\"column-1\">12 mm<\/td><td rowspan=\"2\" class=\"column-2\">3\/8 Reverse Cutting<br \/>\n<sub>330 Micron<\/sub><\/td><td rowspan=\"2\" class=\"column-3\"><img loading=\"lazy\" decoding=\"async\" src=\"https:\/\/www.boztibbi.com\/wp-content\/uploads\/2019\/04\/suture-needle-icons-dental-s\u00fct\u00fcr-2.png\" alt=\"\" width=\"100\" height=\"14\" class=\"alignnone size-full wp-image-4751\" \/><\/td><td class=\"column-4\">MT1540<\/td><td class=\"column-5\">6\/0<\/td><td class=\"column-6\">0,7<\/td><td class=\"column-7\">45 cm<\/td><td class=\"column-8\">12<\/td><td class=\"column-9\">White<\/td><td class=\"column-10\"><p style=\"text-align: center;\"><a class=\"link\" href=\"https:\/\/www.boztibbi.com\/en\/contact\/\" target=\"_blank\" rel=\"noopener\"><i class=\"fa fa-shopping-cart size-41\"><\/i><\/a><\/p><\/td>\n<\/tr>\n<tr class=\"row-4 even\">\n\t<td class=\"column-4\">MT6019<\/td><td class=\"column-5\">6\/0<\/td><td class=\"column-6\">0,7<\/td><td class=\"column-7\">60 cm<\/td><td class=\"column-8\">12<\/td><td class=\"column-9\">White<\/td><td class=\"column-10\"><p style=\"text-align: center;\"><a class=\"link\" href=\"https:\/\/www.boztibbi.com\/en\/contact\/\" target=\"_blank\" rel=\"noopener\"><i class=\"fa fa-shopping-cart size-41\"><\/i><\/a><\/p><\/td>\n<\/tr>\n<tr class=\"row-5 odd\">\n\t<td class=\"column-1\">12,3 mm<\/td><td class=\"column-2\">3\/8 Reverse Cutting<\/td><td class=\"column-3\"><img loading=\"lazy\" decoding=\"async\" src=\"https:\/\/www.boztibbi.com\/wp-content\/uploads\/2019\/04\/suture-needle-icons-dental-s\u00fct\u00fcr-2.png\" alt=\"\" width=\"100\" height=\"14\" class=\"alignnone size-full wp-image-4751\" \/><\/td><td class=\"column-4\">MT5763<\/td><td class=\"column-5\">5\/0<\/td><td class=\"column-6\">1<\/td><td class=\"column-7\">55 cm<\/td><td class=\"column-8\">12<\/td><td class=\"column-9\">White<\/td><td class=\"column-10\"><p style=\"text-align: center;\"><a class=\"link\" href=\"https:\/\/www.boztibbi.com\/en\/contact\/\" target=\"_blank\" rel=\"noopener\"><i class=\"fa fa-shopping-cart size-41\"><\/i><\/a><\/p><\/td>\n<\/tr>\n<tr class=\"row-6 even\">\n\t<td class=\"column-1\">15 mm<\/td><td class=\"column-2\">3\/8 Reverse Cutting<\/td><td class=\"column-3\"><img loading=\"lazy\" decoding=\"async\" src=\"https:\/\/www.boztibbi.com\/wp-content\/uploads\/2019\/04\/suture-needle-icons-dental-s\u00fct\u00fcr-2.png\" alt=\"\" width=\"100\" height=\"14\" class=\"alignnone size-full wp-image-4751\" \/><\/td><td class=\"column-4\">MT5769<\/td><td class=\"column-5\">6\/0<\/td><td class=\"column-6\">0,7<\/td><td class=\"column-7\">45 cm<\/td><td class=\"column-8\">12<\/td><td class=\"column-9\">White<\/td><td class=\"column-10\"><p style=\"text-align: center;\"><a class=\"link\" href=\"https:\/\/www.boztibbi.com\/en\/contact\/\" target=\"_blank\" rel=\"noopener\"><i class=\"fa fa-shopping-cart size-41\"><\/i><\/a><\/p><\/td>\n<\/tr>\n<tr class=\"row-7 odd\">\n\t<td rowspan=\"3\" class=\"column-1\">16 mm<\/td><td rowspan=\"3\" class=\"column-2\">3\/8 Reverse Cutting<\/td><td rowspan=\"3\" class=\"column-3\"><img loading=\"lazy\" decoding=\"async\" src=\"https:\/\/www.boztibbi.com\/wp-content\/uploads\/2019\/04\/suture-needle-icons-dental-s\u00fct\u00fcr-2.png\" alt=\"\" width=\"100\" height=\"14\" class=\"alignnone size-full wp-image-4751\" \/><\/td><td class=\"column-4\">MT5771<\/td><td class=\"column-5\">5\/0<\/td><td class=\"column-6\">1<\/td><td class=\"column-7\">45 cm<\/td><td class=\"column-8\">12<\/td><td class=\"column-9\">White<\/td><td class=\"column-10\"><p style=\"text-align: center;\"><a class=\"link\" href=\"https:\/\/www.boztibbi.com\/en\/contact\/\" target=\"_blank\" rel=\"noopener\"><i class=\"fa fa-shopping-cart size-41\"><\/i><\/a><\/p><\/td>\n<\/tr>\n<tr class=\"row-8 even\">\n\t<td class=\"column-4\">MT5969<\/td><td class=\"column-5\">5\/0<\/td><td class=\"column-6\">1<\/td><td class=\"column-7\">60 cm<\/td><td class=\"column-8\">12<\/td><td class=\"column-9\">White<\/td><td class=\"column-10\"><p style=\"text-align: center;\"><a class=\"link\" href=\"https:\/\/www.boztibbi.com\/en\/contact\/\" target=\"_blank\" rel=\"noopener\"><i class=\"fa fa-shopping-cart size-41\"><\/i><\/a><\/p><\/td>\n<\/tr>\n<tr class=\"row-9 odd\">\n\t<td class=\"column-4\">MT5772<\/td><td class=\"column-5\">4\/0<\/td><td class=\"column-6\">1,5<\/td><td class=\"column-7\">45 cm<\/td><td class=\"column-8\">12<\/td><td class=\"column-9\">White<\/td><td class=\"column-10\"><p style=\"text-align: center;\"><a class=\"link\" href=\"https:\/\/www.boztibbi.com\/en\/contact\/\" target=\"_blank\" rel=\"noopener\"><i class=\"fa fa-shopping-cart size-41\"><\/i><\/a><\/p><\/td>\n<\/tr>\n<tr class=\"row-10 even\">\n\t<td class=\"column-1\">16,2 mm<\/td><td class=\"column-2\">3\/8 Reverse Cutting<\/td><td class=\"column-3\"><img loading=\"lazy\" decoding=\"async\" src=\"https:\/\/www.boztibbi.com\/wp-content\/uploads\/2019\/04\/suture-needle-icons-dental-s\u00fct\u00fcr-2.png\" alt=\"\" width=\"100\" height=\"14\" class=\"alignnone size-full wp-image-4751\" \/><\/td><td class=\"column-4\">MT5766<\/td><td class=\"column-5\">4\/0<\/td><td class=\"column-6\">1,5<\/td><td class=\"column-7\">75 cm<\/td><td class=\"column-8\">12<\/td><td class=\"column-9\">White<\/td><td class=\"column-10\"><p style=\"text-align: center;\"><a class=\"link\" href=\"https:\/\/www.boztibbi.com\/en\/contact\/\" target=\"_blank\" rel=\"noopener\"><i class=\"fa fa-shopping-cart size-41\"><\/i><\/a><\/p><\/td>\n<\/tr>\n<tr class=\"row-11 odd\">\n\t<td class=\"column-1\">18 mm<\/td><td class=\"column-2\">3\/8 Reverse Cutting<\/td><td class=\"column-3\"><img loading=\"lazy\" decoding=\"async\" src=\"https:\/\/www.boztibbi.com\/wp-content\/uploads\/2019\/04\/suture-needle-icons-dental-s\u00fct\u00fcr-2.png\" alt=\"\" width=\"100\" height=\"14\" class=\"alignnone size-full wp-image-4751\" \/><\/td><td class=\"column-4\">MT5829<\/td><td class=\"column-5\">3\/0<\/td><td class=\"column-6\">2<\/td><td class=\"column-7\">45 cm<\/td><td class=\"column-8\">12<\/td><td class=\"column-9\">White<\/td><td class=\"column-10\"><p style=\"text-align: center;\"><a class=\"link\" href=\"https:\/\/www.boztibbi.com\/en\/contact\/\" target=\"_blank\" rel=\"noopener\"><i class=\"fa fa-shopping-cart size-41\"><\/i><\/a><\/p><\/td>\n<\/tr>\n<tr class=\"row-12 even\">\n\t<td rowspan=\"2\" class=\"column-1\">19 mm<\/td><td rowspan=\"2\" class=\"column-2\">3\/8 Reverse Cutting<\/td><td rowspan=\"2\" class=\"column-3\"><img loading=\"lazy\" decoding=\"async\" src=\"https:\/\/www.boztibbi.com\/wp-content\/uploads\/2019\/04\/suture-needle-icons-dental-s\u00fct\u00fcr-2.png\" alt=\"\" width=\"100\" height=\"14\" class=\"alignnone size-full wp-image-4751\" \/><\/td><td class=\"column-4\">MT5773<\/td><td class=\"column-5\">4\/0<\/td><td class=\"column-6\">1,5<\/td><td class=\"column-7\">45 cm<\/td><td class=\"column-8\">12<\/td><td class=\"column-9\">White<\/td><td class=\"column-10\"><p style=\"text-align: center;\"><a class=\"link\" href=\"https:\/\/www.boztibbi.com\/en\/contact\/\" target=\"_blank\" rel=\"noopener\"><i class=\"fa fa-shopping-cart size-41\"><\/i><\/a><\/p><\/td>\n<\/tr>\n<tr class=\"row-13 odd\">\n\t<td class=\"column-4\">MT6020<\/td><td class=\"column-5\">4\/0<\/td><td class=\"column-6\">1,5<\/td><td class=\"column-7\">60 cm<\/td><td class=\"column-8\">12<\/td><td class=\"column-9\">White<\/td><td class=\"column-10\"><p style=\"text-align: center;\"><a class=\"link\" href=\"https:\/\/www.boztibbi.com\/en\/contact\/\" target=\"_blank\" rel=\"noopener\"><i class=\"fa fa-shopping-cart size-41\"><\/i><\/a><\/p><\/td>\n<\/tr>\n<\/tbody>\n<\/table>\n<!-- #tablepress-DMT-EN from cache -->[\/vc_column_text][vc_empty_space height=&#8221;30px&#8221;][vc_column_text]Our product range are not limited with the products listed above. The list includes the most preferred products. If you need different types of sutures for oral and jaw surgery, please click to the button below to order the products you need.<\/p>\n<p><a class=\"button download square white\" href=\"https:\/\/www.boztibbi.com\/en\/contact\/\" target=\"_blank\" rel=\"noopener noreferrer\"><i class=\"fa fa-file-text-o\"><\/i>PRODUCT ORDER FORM<\/a>[\/vc_column_text][\/vc_column][\/vc_row]<\/p>\n<\/div>","protected":false},"excerpt":{"rendered":"<p>[vc_row][vc_column width=&#8221;1\/2&#8243;][vc_custom_heading text=&#8221;MONOTEF&#8221; font_container=&#8221;tag:h1|font_size:50px|text_align:left&#8221; use_theme_fonts=&#8221;yes&#8221;][vc_custom_heading text=&#8221;Polytetrafluoroethylene (PTFE)&#8221; font_container=&#8221;tag:h6|font_size:20px|text_align:left&#8221; use_theme_fonts=&#8221;yes&#8221;][vc_empty_space height=&#8221;20px&#8221;][vc_column_text]Non-Absorbable Surgical Suture Dental Suture[\/vc_column_text][vc_empty_space height=&#8221;20px&#8221;][vc_row_inner][vc_column_inner width=&#8221;1\/2&#8243;][\/vc_column_inner][vc_column_inner width=&#8221;1\/2&#8243;][\/vc_column_inner][\/vc_row_inner][\/vc_column][vc_column width=&#8221;1\/2&#8243;][vc_images_carousel images=&#8221;4718,4719,4720&#8243; img_size=&#8221;full&#8221; onclick=&#8221;link_no&#8221; speed=&#8221;3000&#8243; autoplay=&#8221;yes&#8221; hide_pagination_control=&#8221;yes&#8221; hide_prev_next_buttons=&#8221;yes&#8221; wrap=&#8221;yes&#8221; css_animation=&#8221;fadeInRight&#8221;][\/vc_column][\/vc_row][vc_row][vc_column][vc_empty_space height=&#8221;20px&#8221;][vc_column_text]Monotef is a polytetraphloroetylen (PTFE), non-absorbable, monofilament sterile surgical suture. This suture is manufactured from high-density 100% polytetraphloroetylen that enables a minimum pore size and volume structure, while [&hellip;]<\/p>\n","protected":false},"author":1,"featured_media":0,"parent":6701,"menu_order":0,"comment_status":"closed","ping_status":"closed","template":"","meta":{"_acf_changed":false,"footnotes":""},"class_list":["post-6749","page","type-page","status-publish","hentry"],"acf":[],"yoast_head":"<!-- This site is optimized with the Yoast SEO plugin v21.6 - https:\/\/yoast.com\/wordpress\/plugins\/seo\/ -->\n<title>Polytetrafluoroethylene PTFE Dental Suture - Monotef - Boz Medical<\/title>\n<meta name=\"description\" content=\"Polytetrafluoroethylene PTFE dental suture Monotef is a non-absorbable, monofilament, sterile surgical suture. This suture is manufactured from...\" \/>\n<meta name=\"robots\" content=\"index, follow, max-snippet:-1, max-image-preview:large, max-video-preview:-1\" \/>\n<link rel=\"canonical\" href=\"https:\/\/www.boztibbi.com\/en\/special-sutures-for-surgical-branches\/oral-dental-and-maxillofacial-surgery-sutures\/polytetrafluoroethylene-ptfe-dental-suture-monotef\/\" \/>\n<meta property=\"og:locale\" content=\"en_US\" \/>\n<meta property=\"og:type\" content=\"article\" \/>\n<meta property=\"og:title\" content=\"Polytetrafluoroethylene PTFE Dental Suture - Monotef - Boz Medical\" \/>\n<meta property=\"og:description\" content=\"Polytetrafluoroethylene PTFE dental suture Monotef is a non-absorbable, monofilament, sterile surgical suture. This suture is manufactured from...\" \/>\n<meta property=\"og:url\" content=\"https:\/\/www.boztibbi.com\/en\/special-sutures-for-surgical-branches\/oral-dental-and-maxillofacial-surgery-sutures\/polytetrafluoroethylene-ptfe-dental-suture-monotef\/\" \/>\n<meta property=\"og:site_name\" content=\"Boz Medical\" \/>\n<meta property=\"article:publisher\" content=\"https:\/\/www.facebook.com\/bozmedical\/\" \/>\n<meta property=\"article:modified_time\" content=\"2024-08-21T08:54:40+00:00\" \/>\n<meta name=\"twitter:card\" content=\"summary_large_image\" \/>\n<meta name=\"twitter:site\" content=\"@bozmedical\" \/>\n<script type=\"application\/ld+json\" class=\"yoast-schema-graph\">{\"@context\":\"https:\/\/schema.org\",\"@graph\":[{\"@type\":\"WebPage\",\"@id\":\"https:\/\/www.boztibbi.com\/en\/special-sutures-for-surgical-branches\/oral-dental-and-maxillofacial-surgery-sutures\/polytetrafluoroethylene-ptfe-dental-suture-monotef\/\",\"url\":\"https:\/\/www.boztibbi.com\/en\/special-sutures-for-surgical-branches\/oral-dental-and-maxillofacial-surgery-sutures\/polytetrafluoroethylene-ptfe-dental-suture-monotef\/\",\"name\":\"Polytetrafluoroethylene PTFE Dental Suture - Monotef - Boz Medical\",\"isPartOf\":{\"@id\":\"https:\/\/www.boztibbi.com\/#website\"},\"datePublished\":\"2019-05-07T13:19:38+00:00\",\"dateModified\":\"2024-08-21T08:54:40+00:00\",\"description\":\"Polytetrafluoroethylene PTFE dental suture Monotef is a non-absorbable, monofilament, sterile surgical suture. This suture is manufactured from...\",\"breadcrumb\":{\"@id\":\"https:\/\/www.boztibbi.com\/en\/special-sutures-for-surgical-branches\/oral-dental-and-maxillofacial-surgery-sutures\/polytetrafluoroethylene-ptfe-dental-suture-monotef\/#breadcrumb\"},\"inLanguage\":\"en-US\",\"potentialAction\":[{\"@type\":\"ReadAction\",\"target\":[\"https:\/\/www.boztibbi.com\/en\/special-sutures-for-surgical-branches\/oral-dental-and-maxillofacial-surgery-sutures\/polytetrafluoroethylene-ptfe-dental-suture-monotef\/\"]}]},{\"@type\":\"BreadcrumbList\",\"@id\":\"https:\/\/www.boztibbi.com\/en\/special-sutures-for-surgical-branches\/oral-dental-and-maxillofacial-surgery-sutures\/polytetrafluoroethylene-ptfe-dental-suture-monotef\/#breadcrumb\",\"itemListElement\":[{\"@type\":\"ListItem\",\"position\":1,\"name\":\"Home Page\",\"item\":\"https:\/\/www.boztibbi.com\/en\/\"},{\"@type\":\"ListItem\",\"position\":2,\"name\":\"Special Sutures For Surgical Branches\",\"item\":\"https:\/\/www.boztibbi.com\/en\/special-sutures-for-surgical-branches\/\"},{\"@type\":\"ListItem\",\"position\":3,\"name\":\"Oral, Dental and Maxillofacial Surgery Sutures\",\"item\":\"https:\/\/www.boztibbi.com\/en\/special-sutures-for-surgical-branches\/oral-dental-and-maxillofacial-surgery-sutures\/\"},{\"@type\":\"ListItem\",\"position\":4,\"name\":\"Polytetrafluoroethylene PTFE Dental Suture &#8211; Monotef\"}]},{\"@type\":\"WebSite\",\"@id\":\"https:\/\/www.boztibbi.com\/#website\",\"url\":\"https:\/\/www.boztibbi.com\/\",\"name\":\"Boz Medical\",\"description\":\"Surgical Sutures, Absorbable Hemostats and Surgical Meshes\",\"publisher\":{\"@id\":\"https:\/\/www.boztibbi.com\/#organization\"},\"potentialAction\":[{\"@type\":\"SearchAction\",\"target\":{\"@type\":\"EntryPoint\",\"urlTemplate\":\"https:\/\/www.boztibbi.com\/?s={search_term_string}\"},\"query-input\":\"required name=search_term_string\"}],\"inLanguage\":\"en-US\"},{\"@type\":\"Organization\",\"@id\":\"https:\/\/www.boztibbi.com\/#organization\",\"name\":\"Boz T\u0131bbi Malzeme Sanayi ve Ticaret A.\u015e.\",\"url\":\"https:\/\/www.boztibbi.com\/\",\"logo\":{\"@type\":\"ImageObject\",\"inLanguage\":\"en-US\",\"@id\":\"https:\/\/www.boztibbi.com\/#\/schema\/logo\/image\/\",\"url\":\"https:\/\/www.boztibbi.com\/wp-content\/uploads\/2018\/08\/boz-t\u0131bbi-malzemeler-medikal-tekstil-t\u00fcrkiye-istanbul-ankara-u\u015fak.png\",\"contentUrl\":\"https:\/\/www.boztibbi.com\/wp-content\/uploads\/2018\/08\/boz-t\u0131bbi-malzemeler-medikal-tekstil-t\u00fcrkiye-istanbul-ankara-u\u015fak.png\",\"width\":1024,\"height\":683,\"caption\":\"Boz T\u0131bbi Malzeme Sanayi ve Ticaret A.\u015e.\"},\"image\":{\"@id\":\"https:\/\/www.boztibbi.com\/#\/schema\/logo\/image\/\"},\"sameAs\":[\"https:\/\/www.facebook.com\/bozmedical\/\",\"https:\/\/twitter.com\/bozmedical\"]}]}<\/script>\n<!-- \/ Yoast SEO plugin. -->","yoast_head_json":{"title":"Polytetrafluoroethylene PTFE Dental Suture - Monotef - Boz Medical","description":"Polytetrafluoroethylene PTFE dental suture Monotef is a non-absorbable, monofilament, sterile surgical suture. This suture is manufactured from...","robots":{"index":"index","follow":"follow","max-snippet":"max-snippet:-1","max-image-preview":"max-image-preview:large","max-video-preview":"max-video-preview:-1"},"canonical":"https:\/\/www.boztibbi.com\/en\/special-sutures-for-surgical-branches\/oral-dental-and-maxillofacial-surgery-sutures\/polytetrafluoroethylene-ptfe-dental-suture-monotef\/","og_locale":"en_US","og_type":"article","og_title":"Polytetrafluoroethylene PTFE Dental Suture - Monotef - Boz Medical","og_description":"Polytetrafluoroethylene PTFE dental suture Monotef is a non-absorbable, monofilament, sterile surgical suture. This suture is manufactured from...","og_url":"https:\/\/www.boztibbi.com\/en\/special-sutures-for-surgical-branches\/oral-dental-and-maxillofacial-surgery-sutures\/polytetrafluoroethylene-ptfe-dental-suture-monotef\/","og_site_name":"Boz Medical","article_publisher":"https:\/\/www.facebook.com\/bozmedical\/","article_modified_time":"2024-08-21T08:54:40+00:00","twitter_card":"summary_large_image","twitter_site":"@bozmedical","schema":{"@context":"https:\/\/schema.org","@graph":[{"@type":"WebPage","@id":"https:\/\/www.boztibbi.com\/en\/special-sutures-for-surgical-branches\/oral-dental-and-maxillofacial-surgery-sutures\/polytetrafluoroethylene-ptfe-dental-suture-monotef\/","url":"https:\/\/www.boztibbi.com\/en\/special-sutures-for-surgical-branches\/oral-dental-and-maxillofacial-surgery-sutures\/polytetrafluoroethylene-ptfe-dental-suture-monotef\/","name":"Polytetrafluoroethylene PTFE Dental Suture - Monotef - Boz Medical","isPartOf":{"@id":"https:\/\/www.boztibbi.com\/#website"},"datePublished":"2019-05-07T13:19:38+00:00","dateModified":"2024-08-21T08:54:40+00:00","description":"Polytetrafluoroethylene PTFE dental suture Monotef is a non-absorbable, monofilament, sterile surgical suture. This suture is manufactured from...","breadcrumb":{"@id":"https:\/\/www.boztibbi.com\/en\/special-sutures-for-surgical-branches\/oral-dental-and-maxillofacial-surgery-sutures\/polytetrafluoroethylene-ptfe-dental-suture-monotef\/#breadcrumb"},"inLanguage":"en-US","potentialAction":[{"@type":"ReadAction","target":["https:\/\/www.boztibbi.com\/en\/special-sutures-for-surgical-branches\/oral-dental-and-maxillofacial-surgery-sutures\/polytetrafluoroethylene-ptfe-dental-suture-monotef\/"]}]},{"@type":"BreadcrumbList","@id":"https:\/\/www.boztibbi.com\/en\/special-sutures-for-surgical-branches\/oral-dental-and-maxillofacial-surgery-sutures\/polytetrafluoroethylene-ptfe-dental-suture-monotef\/#breadcrumb","itemListElement":[{"@type":"ListItem","position":1,"name":"Home Page","item":"https:\/\/www.boztibbi.com\/en\/"},{"@type":"ListItem","position":2,"name":"Special Sutures For Surgical Branches","item":"https:\/\/www.boztibbi.com\/en\/special-sutures-for-surgical-branches\/"},{"@type":"ListItem","position":3,"name":"Oral, Dental and Maxillofacial Surgery Sutures","item":"https:\/\/www.boztibbi.com\/en\/special-sutures-for-surgical-branches\/oral-dental-and-maxillofacial-surgery-sutures\/"},{"@type":"ListItem","position":4,"name":"Polytetrafluoroethylene PTFE Dental Suture &#8211; Monotef"}]},{"@type":"WebSite","@id":"https:\/\/www.boztibbi.com\/#website","url":"https:\/\/www.boztibbi.com\/","name":"Boz Medical","description":"Surgical Sutures, Absorbable Hemostats and Surgical Meshes","publisher":{"@id":"https:\/\/www.boztibbi.com\/#organization"},"potentialAction":[{"@type":"SearchAction","target":{"@type":"EntryPoint","urlTemplate":"https:\/\/www.boztibbi.com\/?s={search_term_string}"},"query-input":"required name=search_term_string"}],"inLanguage":"en-US"},{"@type":"Organization","@id":"https:\/\/www.boztibbi.com\/#organization","name":"Boz T\u0131bbi Malzeme Sanayi ve Ticaret A.\u015e.","url":"https:\/\/www.boztibbi.com\/","logo":{"@type":"ImageObject","inLanguage":"en-US","@id":"https:\/\/www.boztibbi.com\/#\/schema\/logo\/image\/","url":"https:\/\/www.boztibbi.com\/wp-content\/uploads\/2018\/08\/boz-t\u0131bbi-malzemeler-medikal-tekstil-t\u00fcrkiye-istanbul-ankara-u\u015fak.png","contentUrl":"https:\/\/www.boztibbi.com\/wp-content\/uploads\/2018\/08\/boz-t\u0131bbi-malzemeler-medikal-tekstil-t\u00fcrkiye-istanbul-ankara-u\u015fak.png","width":1024,"height":683,"caption":"Boz T\u0131bbi Malzeme Sanayi ve Ticaret A.\u015e."},"image":{"@id":"https:\/\/www.boztibbi.com\/#\/schema\/logo\/image\/"},"sameAs":["https:\/\/www.facebook.com\/bozmedical\/","https:\/\/twitter.com\/bozmedical"]}]}},"_links":{"self":[{"href":"https:\/\/www.boztibbi.com\/en\/wp-json\/wp\/v2\/pages\/6749","targetHints":{"allow":["GET"]}}],"collection":[{"href":"https:\/\/www.boztibbi.com\/en\/wp-json\/wp\/v2\/pages"}],"about":[{"href":"https:\/\/www.boztibbi.com\/en\/wp-json\/wp\/v2\/types\/page"}],"author":[{"embeddable":true,"href":"https:\/\/www.boztibbi.com\/en\/wp-json\/wp\/v2\/users\/1"}],"replies":[{"embeddable":true,"href":"https:\/\/www.boztibbi.com\/en\/wp-json\/wp\/v2\/comments?post=6749"}],"version-history":[{"count":2,"href":"https:\/\/www.boztibbi.com\/en\/wp-json\/wp\/v2\/pages\/6749\/revisions"}],"predecessor-version":[{"id":13472,"href":"https:\/\/www.boztibbi.com\/en\/wp-json\/wp\/v2\/pages\/6749\/revisions\/13472"}],"up":[{"embeddable":true,"href":"https:\/\/www.boztibbi.com\/en\/wp-json\/wp\/v2\/pages\/6701"}],"wp:attachment":[{"href":"https:\/\/www.boztibbi.com\/en\/wp-json\/wp\/v2\/media?parent=6749"}],"curies":[{"name":"wp","href":"https:\/\/api.w.org\/{rel}","templated":true}]}}