{"id":6730,"date":"2019-05-08T13:31:23","date_gmt":"2019-05-08T10:31:23","guid":{"rendered":"https:\/\/www.boztibbi.com\/special-sutures-for-surgical-branches\/oral-dental-and-maxillofacial-surgery-sutures\/polidioksanon-pdo-dental-sutur-polidiox\/"},"modified":"2024-08-21T12:01:48","modified_gmt":"2024-08-21T09:01:48","slug":"polydioxanone-pdo-dental-suture-polidiox","status":"publish","type":"page","link":"https:\/\/www.boztibbi.com\/en\/special-sutures-for-surgical-branches\/oral-dental-and-maxillofacial-surgery-sutures\/polydioxanone-pdo-dental-suture-polidiox\/","title":{"rendered":"Polydioxanone PDO Dental Suture &#8211; Polidiox"},"content":{"rendered":"<div class=\"wpb-content-wrapper\"><p>[vc_row][vc_column width=&#8221;1\/2&#8243;][vc_custom_heading text=&#8221;POLIDIOX&#8221; font_container=&#8221;tag:h1|font_size:50px|text_align:left&#8221; use_theme_fonts=&#8221;yes&#8221;][vc_custom_heading text=&#8221;Polydioxanone PDO&#8221; font_container=&#8221;tag:h6|font_size:20px|text_align:left&#8221; use_theme_fonts=&#8221;yes&#8221;][vc_empty_space height=&#8221;20px&#8221;][vc_column_text]<a class=\"button no-bg\" href=\"https:\/\/www.boztibbi.com\/en\/products\/sutures\/absorbable-sutures\/polidiox\/\" target=\"_blank\" rel=\"noopener noreferrer\">Absorbable Surgical Suture <sup>Dental Suture<\/sup><\/a>[\/vc_column_text][vc_empty_space height=&#8221;20px&#8221;][vc_row_inner][vc_column_inner width=&#8221;1\/2&#8243;]<ul class=\"iconlist iconlist iconlist-icon-mini \"><li ><div class=\"iconlist-item-icon\"><i class=\"sl-arrow-right\"><\/i><span class=\"shapes\"><\/span><\/div><div class=\"iconlist-item-content\">Absorbable<\/div><\/li><li ><div class=\"iconlist-item-icon\"><i class=\"sl-arrow-right\"><\/i><span class=\"shapes\"><\/span><\/div><div class=\"iconlist-item-content\">100% Polydioxanone<\/div><\/li><li ><div class=\"iconlist-item-icon\"><i class=\"sl-arrow-right\"><\/i><span class=\"shapes\"><\/span><\/div><div class=\"iconlist-item-content\">Monofilament<\/div><\/li><\/ul>[\/vc_column_inner][vc_column_inner width=&#8221;1\/2&#8243;]<ul class=\"iconlist iconlist iconlist-icon-mini \"><li ><div class=\"iconlist-item-icon\"><i class=\"sl-arrow-right\"><\/i><span class=\"shapes\"><\/span><\/div><div class=\"iconlist-item-content\">Synthetic<\/div><\/li><li ><div class=\"iconlist-item-icon\"><i class=\"sl-arrow-right\"><\/i><span class=\"shapes\"><\/span><\/div><div class=\"iconlist-item-content\">Violet<\/div><\/li><\/ul>[\/vc_column_inner][\/vc_row_inner][\/vc_column][vc_column width=&#8221;1\/2&#8243;][vc_images_carousel images=&#8221;4851,4852,4853&#8243; img_size=&#8221;full&#8221; onclick=&#8221;link_no&#8221; speed=&#8221;3000&#8243; autoplay=&#8221;yes&#8221; hide_pagination_control=&#8221;yes&#8221; hide_prev_next_buttons=&#8221;yes&#8221; wrap=&#8221;yes&#8221; css_animation=&#8221;fadeInRight&#8221;][\/vc_column][\/vc_row][vc_row][vc_column][vc_empty_space height=&#8221;20px&#8221;][vc_column_text]Polydioxanone PDO dental suture Polidiox (polydioxanone) is a monofilament, synthetic, absorbable suture consisting of poly (p-dioxanone) polyester. Empirical molecular formula of polymer is (C<sub>4<\/sub>H<sub>6<\/sub>O<sub>3<\/sub>)x. This suture is coloured with violet colour (D&amp;C Violet No. 2 C.I. #60725\/Solvent Violet 13) to achieve easy visibility on tissue. Polydioxanone polymer has non-antigen and non-pyrogenic structure and shows slight tissue reaction during absorption.[\/vc_column_text][vc_empty_space height=&#8221;30px&#8221;][\/vc_column][\/vc_row][vc_row][vc_column][vc_column_text]\n<table id=\"tablepress-DPX-EN\" class=\"tablepress tablepress-id-DPX-EN\">\n<thead>\n<tr class=\"row-1 odd\">\n\t<th class=\"column-1\">Needle Size<\/th><th colspan=\"2\" class=\"column-2\">Needle Shape<\/th><th class=\"column-4\">Product Code<\/th><th class=\"column-5\">USP<\/th><th class=\"column-6\">EP<\/th><th class=\"column-7\">Lenght<\/th><th class=\"column-8\">Piece<\/th><th class=\"column-9\">Color<\/th><th class=\"column-10\">Order<\/th>\n<\/tr>\n<\/thead>\n<tbody class=\"row-hover\">\n<tr class=\"row-2 even\">\n\t<td class=\"column-1\">12 mm<br \/>\n<\/td><td class=\"column-2\">3\/8 Reverse Cutting<br \/>\n<sub>380 Micron<\/sub><\/td><td class=\"column-3\"><img loading=\"lazy\" decoding=\"async\" src=\"https:\/\/www.boztibbi.com\/wp-content\/uploads\/2019\/04\/suture-needle-icons-dental-s\u00fct\u00fcr-2.png\" alt=\"\" width=\"100\" height=\"14\" class=\"alignnone size-full wp-image-4751\" \/><\/td><td class=\"column-4\">PX1846<\/td><td class=\"column-5\">5\/0<\/td><td class=\"column-6\">1<\/td><td class=\"column-7\">45 cm<\/td><td class=\"column-8\">12<\/td><td class=\"column-9\">Violet <sup>Purple<\/sup><\/td><td class=\"column-10\"><p style=\"text-align: center;\"><a class=\"link\" href=\"https:\/\/www.boztibbi.com\/en\/contact\/\" target=\"_blank\" rel=\"noopener\"><i class=\"fa fa-shopping-cart size-41\"><\/i><\/a><\/p><\/td>\n<\/tr>\n<tr class=\"row-3 odd\">\n\t<td class=\"column-1\">12 mm<\/td><td class=\"column-2\">3\/8 Reverse Cutting<br \/>\n<sub>330 Micron<\/sub><\/td><td class=\"column-3\"><img loading=\"lazy\" decoding=\"async\" src=\"https:\/\/www.boztibbi.com\/wp-content\/uploads\/2019\/04\/suture-needle-icons-dental-s\u00fct\u00fcr-2.png\" alt=\"\" width=\"100\" height=\"14\" class=\"alignnone size-full wp-image-4751\" \/><\/td><td class=\"column-4\">PX5851<\/td><td class=\"column-5\">6\/0<\/td><td class=\"column-6\">0,7<\/td><td class=\"column-7\">45 cm<\/td><td class=\"column-8\">12<\/td><td class=\"column-9\">Violet <sup>Purple<\/sup><\/td><td class=\"column-10\"><p style=\"text-align: center;\"><a class=\"link\" href=\"https:\/\/www.boztibbi.com\/en\/contact\/\" target=\"_blank\" rel=\"noopener\"><i class=\"fa fa-shopping-cart size-41\"><\/i><\/a><\/p><\/td>\n<\/tr>\n<tr class=\"row-4 even\">\n\t<td rowspan=\"2\" class=\"column-1\">16 mm<\/td><td rowspan=\"2\" class=\"column-2\">3\/8 Reverse Cutting<\/td><td rowspan=\"2\" class=\"column-3\"><img loading=\"lazy\" decoding=\"async\" src=\"https:\/\/www.boztibbi.com\/wp-content\/uploads\/2019\/04\/suture-needle-icons-dental-s\u00fct\u00fcr-2.png\" alt=\"\" width=\"100\" height=\"14\" class=\"alignnone size-full wp-image-4751\" \/><\/td><td class=\"column-4\">PX2540<\/td><td class=\"column-5\">4\/0<\/td><td class=\"column-6\">1,5<\/td><td class=\"column-7\">75 cm<\/td><td class=\"column-8\">12<\/td><td class=\"column-9\">Violet <sup>Purple<\/sup><\/td><td class=\"column-10\"><p style=\"text-align: center;\"><a class=\"link\" href=\"https:\/\/www.boztibbi.com\/en\/contact\/\" target=\"_blank\" rel=\"noopener\"><i class=\"fa fa-shopping-cart size-41\"><\/i><\/a><\/p><\/td>\n<\/tr>\n<tr class=\"row-5 odd\">\n\t<td class=\"column-4\">PX2021<\/td><td class=\"column-5\">5\/0<\/td><td class=\"column-6\">1<\/td><td class=\"column-7\">75 cm<\/td><td class=\"column-8\">12<\/td><td class=\"column-9\">Violet <sup>Purple<\/sup><\/td><td class=\"column-10\"><p style=\"text-align: center;\"><a class=\"link\" href=\"https:\/\/www.boztibbi.com\/en\/contact\/\" target=\"_blank\" rel=\"noopener\"><i class=\"fa fa-shopping-cart size-41\"><\/i><\/a><\/p><\/td>\n<\/tr>\n<tr class=\"row-6 even\">\n\t<td rowspan=\"2\" class=\"column-1\">19 mm<\/td><td rowspan=\"2\" class=\"column-2\">3\/8 Reverse Cutting<\/td><td rowspan=\"2\" class=\"column-3\"><img loading=\"lazy\" decoding=\"async\" src=\"https:\/\/www.boztibbi.com\/wp-content\/uploads\/2019\/04\/suture-needle-icons-dental-s\u00fct\u00fcr-2.png\" alt=\"\" width=\"100\" height=\"14\" class=\"alignnone size-full wp-image-4751\" \/><\/td><td class=\"column-4\">PX5466<\/td><td class=\"column-5\">3\/0<\/td><td class=\"column-6\">2<\/td><td class=\"column-7\">70 cm<\/td><td class=\"column-8\">12<\/td><td class=\"column-9\">Violet <sup>Purple<\/sup><\/td><td class=\"column-10\"><p style=\"text-align: center;\"><a class=\"link\" href=\"https:\/\/www.boztibbi.com\/en\/contact\/\" target=\"_blank\" rel=\"noopener\"><i class=\"fa fa-shopping-cart size-41\"><\/i><\/a><\/p><\/td>\n<\/tr>\n<tr class=\"row-7 odd\">\n\t<td class=\"column-4\">PX2635<\/td><td class=\"column-5\">4\/0<\/td><td class=\"column-6\">1,5<\/td><td class=\"column-7\">45 cm<\/td><td class=\"column-8\">12<\/td><td class=\"column-9\">Violet <sup>Purple<\/sup><\/td><td class=\"column-10\"><p style=\"text-align: center;\"><a class=\"link\" href=\"https:\/\/www.boztibbi.com\/en\/contact\/\" target=\"_blank\" rel=\"noopener\"><i class=\"fa fa-shopping-cart size-41\"><\/i><\/a><\/p><\/td>\n<\/tr>\n<tr class=\"row-8 even\">\n\t<td class=\"column-1\">20 mm<\/td><td class=\"column-2\">3\/8 Reverse Cutting<\/td><td class=\"column-3\"><img loading=\"lazy\" decoding=\"async\" src=\"https:\/\/www.boztibbi.com\/wp-content\/uploads\/2019\/04\/suture-needle-icons-dental-s\u00fct\u00fcr-2.png\" alt=\"\" width=\"100\" height=\"14\" class=\"alignnone size-full wp-image-4751\" \/><\/td><td class=\"column-4\">PX2719<\/td><td class=\"column-5\">4\/0<\/td><td class=\"column-6\">1,5<\/td><td class=\"column-7\">75 cm<\/td><td class=\"column-8\">12<\/td><td class=\"column-9\">Violet <sup>Purple<\/sup><\/td><td class=\"column-10\"><p style=\"text-align: center;\"><a class=\"link\" href=\"https:\/\/www.boztibbi.com\/en\/contact\/\" target=\"_blank\" rel=\"noopener\"><i class=\"fa fa-shopping-cart size-41\"><\/i><\/a><\/p><\/td>\n<\/tr>\n<\/tbody>\n<\/table>\n<!-- #tablepress-DPX-EN from cache -->[\/vc_column_text][vc_empty_space height=&#8221;30px&#8221;][vc_column_text]Our product range are not limited with the products listed above. The list includes the most preferred products. If you need different types of sutures for oral and jaw surgery, please click to the button below to order the products you need.<\/p>\n<p><a class=\"button download square white\" href=\"https:\/\/www.boztibbi.com\/en\/contact\/\" target=\"_blank\" rel=\"noopener noreferrer\"><i class=\"fa fa-file-text-o\"><\/i>PRODUCT ORDER FORM<\/a>[\/vc_column_text][\/vc_column][\/vc_row]<\/p>\n<\/div>","protected":false},"excerpt":{"rendered":"<p>[vc_row][vc_column width=&#8221;1\/2&#8243;][vc_custom_heading text=&#8221;POLIDIOX&#8221; font_container=&#8221;tag:h1|font_size:50px|text_align:left&#8221; use_theme_fonts=&#8221;yes&#8221;][vc_custom_heading text=&#8221;Polydioxanone PDO&#8221; font_container=&#8221;tag:h6|font_size:20px|text_align:left&#8221; use_theme_fonts=&#8221;yes&#8221;][vc_empty_space height=&#8221;20px&#8221;][vc_column_text]Absorbable Surgical Suture Dental Suture[\/vc_column_text][vc_empty_space height=&#8221;20px&#8221;][vc_row_inner][vc_column_inner width=&#8221;1\/2&#8243;][\/vc_column_inner][vc_column_inner width=&#8221;1\/2&#8243;][\/vc_column_inner][\/vc_row_inner][\/vc_column][vc_column width=&#8221;1\/2&#8243;][vc_images_carousel images=&#8221;4851,4852,4853&#8243; img_size=&#8221;full&#8221; onclick=&#8221;link_no&#8221; speed=&#8221;3000&#8243; autoplay=&#8221;yes&#8221; hide_pagination_control=&#8221;yes&#8221; hide_prev_next_buttons=&#8221;yes&#8221; wrap=&#8221;yes&#8221; css_animation=&#8221;fadeInRight&#8221;][\/vc_column][\/vc_row][vc_row][vc_column][vc_empty_space height=&#8221;20px&#8221;][vc_column_text]Polydioxanone PDO dental suture Polidiox (polydioxanone) is a monofilament, synthetic, absorbable suture consisting of poly (p-dioxanone) polyester. Empirical molecular formula of polymer is (C4H6O3)x. This suture is coloured [&hellip;]<\/p>\n","protected":false},"author":1,"featured_media":0,"parent":6701,"menu_order":0,"comment_status":"closed","ping_status":"closed","template":"","meta":{"_acf_changed":false,"footnotes":""},"class_list":["post-6730","page","type-page","status-publish","hentry"],"acf":[],"yoast_head":"<!-- This site is optimized with the Yoast SEO plugin v21.6 - https:\/\/yoast.com\/wordpress\/plugins\/seo\/ -->\n<title>Polydioxanone PDO Dental Suture - Polidiox - Boz Medical<\/title>\n<meta name=\"description\" content=\"Polydioxanone PDO dental suture Polidiox (polydioxanone) is a monofilament, synthetic, absorbable surgical suture consisting of poly (p-dioxanone)...\" \/>\n<meta name=\"robots\" content=\"index, follow, max-snippet:-1, max-image-preview:large, max-video-preview:-1\" \/>\n<link rel=\"canonical\" href=\"https:\/\/www.boztibbi.com\/en\/special-sutures-for-surgical-branches\/oral-dental-and-maxillofacial-surgery-sutures\/polydioxanone-pdo-dental-suture-polidiox\/\" \/>\n<meta property=\"og:locale\" content=\"en_US\" \/>\n<meta property=\"og:type\" content=\"article\" \/>\n<meta property=\"og:title\" content=\"Polidioksanon PDO Dental S\u00fct\u00fcr - Polidiox\" \/>\n<meta property=\"og:description\" content=\"Monofilaman, sentetik, emilebilir cerrahi diki\u015f ipli\u011fi\" \/>\n<meta property=\"og:url\" content=\"https:\/\/www.boztibbi.com\/en\/special-sutures-for-surgical-branches\/oral-dental-and-maxillofacial-surgery-sutures\/polydioxanone-pdo-dental-suture-polidiox\/\" \/>\n<meta property=\"og:site_name\" content=\"Boz Medical\" \/>\n<meta property=\"article:publisher\" content=\"https:\/\/www.facebook.com\/bozmedical\/\" \/>\n<meta property=\"article:modified_time\" content=\"2024-08-21T09:01:48+00:00\" \/>\n<meta property=\"og:image\" content=\"https:\/\/www.boztibbi.com\/wp-content\/uploads\/2019\/05\/polidiox-PDO-polidioksanon-emilebilir-dental-suture-s\u00fct\u00fcr-ameliyat-ipli\u011fi-cerrahi-diki\u015f.jpg\" \/>\n\t<meta property=\"og:image:width\" content=\"1000\" \/>\n\t<meta property=\"og:image:height\" content=\"667\" \/>\n\t<meta property=\"og:image:type\" content=\"image\/jpeg\" \/>\n<meta name=\"twitter:card\" content=\"summary_large_image\" \/>\n<meta name=\"twitter:title\" content=\"Polidioksanon PDO Dental S\u00fct\u00fcr - Polidiox\" \/>\n<meta name=\"twitter:description\" content=\"Monofilaman, sentetik, emilebilir cerrahi diki\u015f ipli\u011fi\" \/>\n<meta name=\"twitter:site\" content=\"@bozmedical\" \/>\n<script type=\"application\/ld+json\" class=\"yoast-schema-graph\">{\"@context\":\"https:\/\/schema.org\",\"@graph\":[{\"@type\":\"WebPage\",\"@id\":\"https:\/\/www.boztibbi.com\/en\/special-sutures-for-surgical-branches\/oral-dental-and-maxillofacial-surgery-sutures\/polydioxanone-pdo-dental-suture-polidiox\/\",\"url\":\"https:\/\/www.boztibbi.com\/en\/special-sutures-for-surgical-branches\/oral-dental-and-maxillofacial-surgery-sutures\/polydioxanone-pdo-dental-suture-polidiox\/\",\"name\":\"Polydioxanone PDO Dental Suture - Polidiox - Boz Medical\",\"isPartOf\":{\"@id\":\"https:\/\/www.boztibbi.com\/#website\"},\"datePublished\":\"2019-05-08T10:31:23+00:00\",\"dateModified\":\"2024-08-21T09:01:48+00:00\",\"description\":\"Polydioxanone PDO dental suture Polidiox (polydioxanone) is a monofilament, synthetic, absorbable surgical suture consisting of poly (p-dioxanone)...\",\"breadcrumb\":{\"@id\":\"https:\/\/www.boztibbi.com\/en\/special-sutures-for-surgical-branches\/oral-dental-and-maxillofacial-surgery-sutures\/polydioxanone-pdo-dental-suture-polidiox\/#breadcrumb\"},\"inLanguage\":\"en-US\",\"potentialAction\":[{\"@type\":\"ReadAction\",\"target\":[\"https:\/\/www.boztibbi.com\/en\/special-sutures-for-surgical-branches\/oral-dental-and-maxillofacial-surgery-sutures\/polydioxanone-pdo-dental-suture-polidiox\/\"]}]},{\"@type\":\"BreadcrumbList\",\"@id\":\"https:\/\/www.boztibbi.com\/en\/special-sutures-for-surgical-branches\/oral-dental-and-maxillofacial-surgery-sutures\/polydioxanone-pdo-dental-suture-polidiox\/#breadcrumb\",\"itemListElement\":[{\"@type\":\"ListItem\",\"position\":1,\"name\":\"Home Page\",\"item\":\"https:\/\/www.boztibbi.com\/en\/\"},{\"@type\":\"ListItem\",\"position\":2,\"name\":\"Special Sutures For Surgical Branches\",\"item\":\"https:\/\/www.boztibbi.com\/en\/special-sutures-for-surgical-branches\/\"},{\"@type\":\"ListItem\",\"position\":3,\"name\":\"Oral, Dental and Maxillofacial Surgery Sutures\",\"item\":\"https:\/\/www.boztibbi.com\/en\/special-sutures-for-surgical-branches\/oral-dental-and-maxillofacial-surgery-sutures\/\"},{\"@type\":\"ListItem\",\"position\":4,\"name\":\"Polydioxanone PDO Dental Suture &#8211; Polidiox\"}]},{\"@type\":\"WebSite\",\"@id\":\"https:\/\/www.boztibbi.com\/#website\",\"url\":\"https:\/\/www.boztibbi.com\/\",\"name\":\"Boz Medical\",\"description\":\"Surgical Sutures, Absorbable Hemostats and Surgical Meshes\",\"publisher\":{\"@id\":\"https:\/\/www.boztibbi.com\/#organization\"},\"potentialAction\":[{\"@type\":\"SearchAction\",\"target\":{\"@type\":\"EntryPoint\",\"urlTemplate\":\"https:\/\/www.boztibbi.com\/?s={search_term_string}\"},\"query-input\":\"required name=search_term_string\"}],\"inLanguage\":\"en-US\"},{\"@type\":\"Organization\",\"@id\":\"https:\/\/www.boztibbi.com\/#organization\",\"name\":\"Boz T\u0131bbi Malzeme Sanayi ve Ticaret A.\u015e.\",\"url\":\"https:\/\/www.boztibbi.com\/\",\"logo\":{\"@type\":\"ImageObject\",\"inLanguage\":\"en-US\",\"@id\":\"https:\/\/www.boztibbi.com\/#\/schema\/logo\/image\/\",\"url\":\"https:\/\/www.boztibbi.com\/wp-content\/uploads\/2018\/08\/boz-t\u0131bbi-malzemeler-medikal-tekstil-t\u00fcrkiye-istanbul-ankara-u\u015fak.png\",\"contentUrl\":\"https:\/\/www.boztibbi.com\/wp-content\/uploads\/2018\/08\/boz-t\u0131bbi-malzemeler-medikal-tekstil-t\u00fcrkiye-istanbul-ankara-u\u015fak.png\",\"width\":1024,\"height\":683,\"caption\":\"Boz T\u0131bbi Malzeme Sanayi ve Ticaret A.\u015e.\"},\"image\":{\"@id\":\"https:\/\/www.boztibbi.com\/#\/schema\/logo\/image\/\"},\"sameAs\":[\"https:\/\/www.facebook.com\/bozmedical\/\",\"https:\/\/twitter.com\/bozmedical\"]}]}<\/script>\n<!-- \/ Yoast SEO plugin. -->","yoast_head_json":{"title":"Polydioxanone PDO Dental Suture - Polidiox - Boz Medical","description":"Polydioxanone PDO dental suture Polidiox (polydioxanone) is a monofilament, synthetic, absorbable surgical suture consisting of poly (p-dioxanone)...","robots":{"index":"index","follow":"follow","max-snippet":"max-snippet:-1","max-image-preview":"max-image-preview:large","max-video-preview":"max-video-preview:-1"},"canonical":"https:\/\/www.boztibbi.com\/en\/special-sutures-for-surgical-branches\/oral-dental-and-maxillofacial-surgery-sutures\/polydioxanone-pdo-dental-suture-polidiox\/","og_locale":"en_US","og_type":"article","og_title":"Polidioksanon PDO Dental S\u00fct\u00fcr - Polidiox","og_description":"Monofilaman, sentetik, emilebilir cerrahi diki\u015f ipli\u011fi","og_url":"https:\/\/www.boztibbi.com\/en\/special-sutures-for-surgical-branches\/oral-dental-and-maxillofacial-surgery-sutures\/polydioxanone-pdo-dental-suture-polidiox\/","og_site_name":"Boz Medical","article_publisher":"https:\/\/www.facebook.com\/bozmedical\/","article_modified_time":"2024-08-21T09:01:48+00:00","og_image":[{"width":1000,"height":667,"url":"https:\/\/www.boztibbi.com\/wp-content\/uploads\/2019\/05\/polidiox-PDO-polidioksanon-emilebilir-dental-suture-s\u00fct\u00fcr-ameliyat-ipli\u011fi-cerrahi-diki\u015f.jpg","type":"image\/jpeg"}],"twitter_card":"summary_large_image","twitter_title":"Polidioksanon PDO Dental S\u00fct\u00fcr - Polidiox","twitter_description":"Monofilaman, sentetik, emilebilir cerrahi diki\u015f ipli\u011fi","twitter_site":"@bozmedical","schema":{"@context":"https:\/\/schema.org","@graph":[{"@type":"WebPage","@id":"https:\/\/www.boztibbi.com\/en\/special-sutures-for-surgical-branches\/oral-dental-and-maxillofacial-surgery-sutures\/polydioxanone-pdo-dental-suture-polidiox\/","url":"https:\/\/www.boztibbi.com\/en\/special-sutures-for-surgical-branches\/oral-dental-and-maxillofacial-surgery-sutures\/polydioxanone-pdo-dental-suture-polidiox\/","name":"Polydioxanone PDO Dental Suture - Polidiox - Boz Medical","isPartOf":{"@id":"https:\/\/www.boztibbi.com\/#website"},"datePublished":"2019-05-08T10:31:23+00:00","dateModified":"2024-08-21T09:01:48+00:00","description":"Polydioxanone PDO dental suture Polidiox (polydioxanone) is a monofilament, synthetic, absorbable surgical suture consisting of poly (p-dioxanone)...","breadcrumb":{"@id":"https:\/\/www.boztibbi.com\/en\/special-sutures-for-surgical-branches\/oral-dental-and-maxillofacial-surgery-sutures\/polydioxanone-pdo-dental-suture-polidiox\/#breadcrumb"},"inLanguage":"en-US","potentialAction":[{"@type":"ReadAction","target":["https:\/\/www.boztibbi.com\/en\/special-sutures-for-surgical-branches\/oral-dental-and-maxillofacial-surgery-sutures\/polydioxanone-pdo-dental-suture-polidiox\/"]}]},{"@type":"BreadcrumbList","@id":"https:\/\/www.boztibbi.com\/en\/special-sutures-for-surgical-branches\/oral-dental-and-maxillofacial-surgery-sutures\/polydioxanone-pdo-dental-suture-polidiox\/#breadcrumb","itemListElement":[{"@type":"ListItem","position":1,"name":"Home Page","item":"https:\/\/www.boztibbi.com\/en\/"},{"@type":"ListItem","position":2,"name":"Special Sutures For Surgical Branches","item":"https:\/\/www.boztibbi.com\/en\/special-sutures-for-surgical-branches\/"},{"@type":"ListItem","position":3,"name":"Oral, Dental and Maxillofacial Surgery Sutures","item":"https:\/\/www.boztibbi.com\/en\/special-sutures-for-surgical-branches\/oral-dental-and-maxillofacial-surgery-sutures\/"},{"@type":"ListItem","position":4,"name":"Polydioxanone PDO Dental Suture &#8211; Polidiox"}]},{"@type":"WebSite","@id":"https:\/\/www.boztibbi.com\/#website","url":"https:\/\/www.boztibbi.com\/","name":"Boz Medical","description":"Surgical Sutures, Absorbable Hemostats and Surgical Meshes","publisher":{"@id":"https:\/\/www.boztibbi.com\/#organization"},"potentialAction":[{"@type":"SearchAction","target":{"@type":"EntryPoint","urlTemplate":"https:\/\/www.boztibbi.com\/?s={search_term_string}"},"query-input":"required name=search_term_string"}],"inLanguage":"en-US"},{"@type":"Organization","@id":"https:\/\/www.boztibbi.com\/#organization","name":"Boz T\u0131bbi Malzeme Sanayi ve Ticaret A.\u015e.","url":"https:\/\/www.boztibbi.com\/","logo":{"@type":"ImageObject","inLanguage":"en-US","@id":"https:\/\/www.boztibbi.com\/#\/schema\/logo\/image\/","url":"https:\/\/www.boztibbi.com\/wp-content\/uploads\/2018\/08\/boz-t\u0131bbi-malzemeler-medikal-tekstil-t\u00fcrkiye-istanbul-ankara-u\u015fak.png","contentUrl":"https:\/\/www.boztibbi.com\/wp-content\/uploads\/2018\/08\/boz-t\u0131bbi-malzemeler-medikal-tekstil-t\u00fcrkiye-istanbul-ankara-u\u015fak.png","width":1024,"height":683,"caption":"Boz T\u0131bbi Malzeme Sanayi ve Ticaret A.\u015e."},"image":{"@id":"https:\/\/www.boztibbi.com\/#\/schema\/logo\/image\/"},"sameAs":["https:\/\/www.facebook.com\/bozmedical\/","https:\/\/twitter.com\/bozmedical"]}]}},"_links":{"self":[{"href":"https:\/\/www.boztibbi.com\/en\/wp-json\/wp\/v2\/pages\/6730","targetHints":{"allow":["GET"]}}],"collection":[{"href":"https:\/\/www.boztibbi.com\/en\/wp-json\/wp\/v2\/pages"}],"about":[{"href":"https:\/\/www.boztibbi.com\/en\/wp-json\/wp\/v2\/types\/page"}],"author":[{"embeddable":true,"href":"https:\/\/www.boztibbi.com\/en\/wp-json\/wp\/v2\/users\/1"}],"replies":[{"embeddable":true,"href":"https:\/\/www.boztibbi.com\/en\/wp-json\/wp\/v2\/comments?post=6730"}],"version-history":[{"count":4,"href":"https:\/\/www.boztibbi.com\/en\/wp-json\/wp\/v2\/pages\/6730\/revisions"}],"predecessor-version":[{"id":13507,"href":"https:\/\/www.boztibbi.com\/en\/wp-json\/wp\/v2\/pages\/6730\/revisions\/13507"}],"up":[{"embeddable":true,"href":"https:\/\/www.boztibbi.com\/en\/wp-json\/wp\/v2\/pages\/6701"}],"wp:attachment":[{"href":"https:\/\/www.boztibbi.com\/en\/wp-json\/wp\/v2\/media?parent=6730"}],"curies":[{"name":"wp","href":"https:\/\/api.w.org\/{rel}","templated":true}]}}