{"id":6701,"date":"2019-05-21T10:17:55","date_gmt":"2019-05-21T07:17:55","guid":{"rendered":"https:\/\/www.boztibbi.com\/special-sutures-for-surgical-branches\/agiz-dis-ve-cene-cerrahisi-suturleri\/"},"modified":"2024-08-21T10:33:13","modified_gmt":"2024-08-21T07:33:13","slug":"oral-dental-and-maxillofacial-surgery-sutures","status":"publish","type":"page","link":"https:\/\/www.boztibbi.com\/en\/special-sutures-for-surgical-branches\/oral-dental-and-maxillofacial-surgery-sutures\/","title":{"rendered":"Oral, Dental and Maxillofacial Surgery Sutures"},"content":{"rendered":"<div class=\"wpb-content-wrapper\"><p>[vc_row content_placement=&#8221;middle&#8221; css=&#8221;.vc_custom_1557325368653{margin-right: 0px !important;margin-bottom: 35px !important;margin-left: 0px !important;background-image: url(https:\/\/www.boztibbi.com\/wp-content\/uploads\/2019\/05\/a\u011f\u0131z-di\u015f-ve-\u00e7ene-cerrahisi-diki\u015f-atma-s\u00fct\u00fcr-suture-oral-and-maxillofacial-surgery-dental-suturing-boz-t\u0131bbi.jpg?id=4909) !important;background-position: center !important;background-repeat: no-repeat !important;background-size: cover !important;}&#8221;][vc_column width=&#8221;2\/3&#8243;][\/vc_column][vc_column width=&#8221;1\/3&#8243;][vc_widget_sidebar sidebar_id=&#8221;sidebar-5cd3bd2fae00a&#8221; el_class=&#8221;main-sidebar&#8221;][\/vc_column][\/vc_row][vc_row gap=&#8221;30&#8243;][vc_column width=&#8221;1\/2&#8243;][vc_custom_heading text=&#8221;Oral, Dental and Maxillofacial Surgery Sutures&#8221; font_container=&#8221;tag:h2|font_size:34px|text_align:left&#8221; use_theme_fonts=&#8221;yes&#8221;][vc_empty_space height=&#8221;20px&#8221;][vc_column_text]<a class=\"button no-bg\" href=\"https:\/\/www.boztibbi.com\/en\/special-sutures-for-surgical-branches\/\">Back to Surgical Branches<\/a>[\/vc_column_text][vc_empty_space height=&#8221;20px&#8221;][\/vc_column][vc_column width=&#8221;1\/2&#8243;][vc_custom_heading text=&#8221;Boz Medical offers suture types for a wide range of usage area.&#8221; font_container=&#8221;tag:div|font_size:24px|text_align:left|color:%23d6002a|line_height:1.325&#8243; use_theme_fonts=&#8221;yes&#8221;][vc_empty_space height=&#8221;20px&#8221;][vc_column_text]Suturing in oral, dental and maxillofacial surgery is completed to connect the open tissue, stop the bleeding and to make separated tissues stronger against external factors. Depending on the surgical operation, the dentist uses soluble sutures that are gone in 3-5 weeks or insoluble sutures that are removed by the dentist 7-10 days after the operation.[\/vc_column_text][vc_empty_space height=&#8221;20px&#8221;][\/vc_column][\/vc_row][vc_row][vc_column width=&#8221;1\/3&#8243;]\n<!-- BEGIN .imagebox -->\n<div class=\"imagebox   vc_custom_1625735679216\">\n\t\n\t\t<div class=\"box-header\">\n\t\t\t<h3 class=\"box-title\">\n\t\t\t\t<a href=\"https:\/\/www.boztibbi.com\/en\/special-sutures-for-surgical-branches\/oral-dental-and-maxillofacial-surgery-sutures\/fast-absorbable-pgla-dental-suture-fastlak\/\" target=\"_self\">\n\t\t\t\t\tPGLA DENTAL SUTURE\t\t\t\t<\/a>\n\t\t\t<\/h3>\n\n\t\t\t\t\t<\/div>\n\n\t\t<div class=\"box-content\"><p>Polyglycolactic Acid Fast Absorbable Suture<\/p>\n<\/div>\n\n\t\t<div class=\"box-image\">\n\t\t\t<a href=\"https:\/\/www.boztibbi.com\/en\/special-sutures-for-surgical-branches\/oral-dental-and-maxillofacial-surgery-sutures\/fast-absorbable-pgla-dental-suture-fastlak\/\" target=\"_self\">\n\t\t\t\t\t\t\t\t\t<div class=\"box-button button\">\t\n\t\t\t\t\t\t<span>Fastlak<\/span><i class=\"ion-log-in\"><\/i>\n\t\t\t\t\t<\/div>\n\t\t\t\t\n\t\t\t\t<img decoding=\"async\" class=\"\" src=\"https:\/\/www.boztibbi.com\/wp-content\/uploads\/2019\/05\/a\u011f\u0131z-di\u015f-ve-\u00e7ene-cerrahisi-s\u00fct\u00fcr-diki\u015f-atma-fastlak.jpg\" width=\"636\" height=\"350\" alt=\"a\u011f\u0131z-di\u015f-ve-\u00e7ene-cerrahisi-s\u00fct\u00fcr-diki\u015f-atma-fastlak\" title=\"a\u011f\u0131z-di\u015f-ve-\u00e7ene-cerrahisi-s\u00fct\u00fcr-diki\u015f-atma-fastlak\" loading=\"lazy\" \/>\t\t\t<\/a>\n\t\t<\/div>\n\t<\/div>\n<!-- End .imagebox -->\n[vc_empty_space height=&#8221;30px&#8221;]\n<!-- BEGIN .imagebox -->\n<div class=\"imagebox   vc_custom_1625735757571\">\n\t\n\t\t<div class=\"box-header\">\n\t\t\t<h3 class=\"box-title\">\n\t\t\t\t<a href=\"https:\/\/www.boztibbi.com\/en\/special-sutures-for-surgical-branches\/oral-dental-and-maxillofacial-surgery-sutures\/polypropylene-pp-dental-suture-monoprolen\/\" target=\"_self\">\n\t\t\t\t\tPP DENTAL SUTURE\t\t\t\t<\/a>\n\t\t\t<\/h3>\n\n\t\t\t\t\t<\/div>\n\n\t\t<div class=\"box-content\"><p>Polypropylene Surgical Dental Suture<\/p>\n<\/div>\n\n\t\t<div class=\"box-image\">\n\t\t\t<a href=\"https:\/\/www.boztibbi.com\/en\/special-sutures-for-surgical-branches\/oral-dental-and-maxillofacial-surgery-sutures\/polypropylene-pp-dental-suture-monoprolen\/\" target=\"_self\">\n\t\t\t\t\t\t\t\t\t<div class=\"box-button button\">\t\n\t\t\t\t\t\t<span>Monoprolen<\/span><i class=\"ion-log-in\"><\/i>\n\t\t\t\t\t<\/div>\n\t\t\t\t\n\t\t\t\t<img decoding=\"async\" class=\"\" src=\"https:\/\/www.boztibbi.com\/wp-content\/uploads\/2019\/05\/a\u011f\u0131z-di\u015f-ve-\u00e7ene-cerrahisi-s\u00fct\u00fcr-diki\u015f-atma-monoprolen.jpg\" width=\"636\" height=\"350\" alt=\"a\u011f\u0131z-di\u015f-ve-\u00e7ene-cerrahisi-s\u00fct\u00fcr-diki\u015f-atma-monoprolen\" title=\"a\u011f\u0131z-di\u015f-ve-\u00e7ene-cerrahisi-s\u00fct\u00fcr-diki\u015f-atma-monoprolen\" loading=\"lazy\" \/>\t\t\t<\/a>\n\t\t<\/div>\n\t<\/div>\n<!-- End .imagebox -->\n[vc_empty_space height=&#8221;30px&#8221;]\n<!-- BEGIN .imagebox -->\n<div class=\"imagebox   vc_custom_1687511293137\">\n\t\n\t\t<div class=\"box-header\">\n\t\t\t<h3 class=\"box-title\">\n\t\t\t\t<a href=\"https:\/\/www.boztibbi.com\/en\/special-sutures-for-surgical-branches\/oral-dental-and-maxillofacial-surgery-sutures\/polydioxanone-pdo-dental-suture-polidiox\/\" target=\"_self\">\n\t\t\t\t\tPDO Dental Suture\t\t\t\t<\/a>\n\t\t\t<\/h3>\n\n\t\t\t\t\t<\/div>\n\n\t\t<div class=\"box-content\"><p>Polydioxanone Surgical Dental Suture<\/p>\n<\/div>\n\n\t\t<div class=\"box-image\">\n\t\t\t<a href=\"https:\/\/www.boztibbi.com\/en\/special-sutures-for-surgical-branches\/oral-dental-and-maxillofacial-surgery-sutures\/polydioxanone-pdo-dental-suture-polidiox\/\" target=\"_self\">\n\t\t\t\t\t\t\t\t\t<div class=\"box-button button\">\t\n\t\t\t\t\t\t<span>Polidiox<\/span><i class=\"ion-log-in\"><\/i>\n\t\t\t\t\t<\/div>\n\t\t\t\t\n\t\t\t\t<img decoding=\"async\" class=\"\" src=\"https:\/\/www.boztibbi.com\/wp-content\/uploads\/2019\/05\/a\u011f\u0131z-di\u015f-ve-\u00e7ene-cerrahisi-s\u00fct\u00fcr-diki\u015f-atma-polidiox.jpg\" width=\"636\" height=\"350\" alt=\"a\u011f\u0131z-di\u015f-ve-\u00e7ene-cerrahisi-s\u00fct\u00fcr-diki\u015f-atma-polidiox\" title=\"a\u011f\u0131z-di\u015f-ve-\u00e7ene-cerrahisi-s\u00fct\u00fcr-diki\u015f-atma-polidiox\" loading=\"lazy\" \/>\t\t\t<\/a>\n\t\t<\/div>\n\t<\/div>\n<!-- End .imagebox -->\n[vc_empty_space height=&#8221;20px&#8221;][\/vc_column][vc_column width=&#8221;1\/3&#8243;]\n<!-- BEGIN .imagebox -->\n<div class=\"imagebox   vc_custom_1625735706193\">\n\t\n\t\t<div class=\"box-header\">\n\t\t\t<h3 class=\"box-title\">\n\t\t\t\t<a href=\"https:\/\/www.boztibbi.com\/en\/special-sutures-for-surgical-branches\/oral-dental-and-maxillofacial-surgery-sutures\/polytetrafluoroethylene-ptfe-dental-suture-monotef\/\" target=\"_self\">\n\t\t\t\t\tPTFE DENTAL SUTURE\t\t\t\t<\/a>\n\t\t\t<\/h3>\n\n\t\t\t\t\t<\/div>\n\n\t\t<div class=\"box-content\"><p>Polytetrafluoroethylene Surgical Dental Suture<\/p>\n<\/div>\n\n\t\t<div class=\"box-image\">\n\t\t\t<a href=\"https:\/\/www.boztibbi.com\/en\/special-sutures-for-surgical-branches\/oral-dental-and-maxillofacial-surgery-sutures\/polytetrafluoroethylene-ptfe-dental-suture-monotef\/\" target=\"_self\">\n\t\t\t\t\t\t\t\t\t<div class=\"box-button button\">\t\n\t\t\t\t\t\t<span>Monotef<\/span><i class=\"ion-log-in\"><\/i>\n\t\t\t\t\t<\/div>\n\t\t\t\t\n\t\t\t\t<img decoding=\"async\" class=\"\" src=\"https:\/\/www.boztibbi.com\/wp-content\/uploads\/2019\/05\/a\u011f\u0131z-di\u015f-ve-\u00e7ene-cerrahisi-s\u00fct\u00fcr-diki\u015f-atma-monotef.jpg\" width=\"636\" height=\"350\" alt=\"a\u011f\u0131z-di\u015f-ve-\u00e7ene-cerrahisi-s\u00fct\u00fcr-diki\u015f-atma-monotef\" title=\"a\u011f\u0131z-di\u015f-ve-\u00e7ene-cerrahisi-s\u00fct\u00fcr-diki\u015f-atma-monotef\" loading=\"lazy\" \/>\t\t\t<\/a>\n\t\t<\/div>\n\t<\/div>\n<!-- End .imagebox -->\n[vc_empty_space height=&#8221;30px&#8221;]\n<!-- BEGIN .imagebox -->\n<div class=\"imagebox   vc_custom_1625735803593\">\n\t\n\t\t<div class=\"box-header\">\n\t\t\t<h3 class=\"box-title\">\n\t\t\t\t<a href=\"https:\/\/www.boztibbi.com\/en\/special-sutures-for-surgical-branches\/oral-dental-and-maxillofacial-surgery-sutures\/silk-dental-non-absorbable-surgical-suture\/\" target=\"_self\">\n\t\t\t\t\tSILK DENTAL SUTURE\t\t\t\t<\/a>\n\t\t\t<\/h3>\n\n\t\t\t\t\t<\/div>\n\n\t\t<div class=\"box-content\"><p>Natural Silk Surgical Dental Suture<\/p>\n<\/div>\n\n\t\t<div class=\"box-image\">\n\t\t\t<a href=\"https:\/\/www.boztibbi.com\/en\/special-sutures-for-surgical-branches\/oral-dental-and-maxillofacial-surgery-sutures\/silk-dental-non-absorbable-surgical-suture\/\" target=\"_self\">\n\t\t\t\t\t\t\t\t\t<div class=\"box-button button\">\t\n\t\t\t\t\t\t<span>\u0130pek - Silk<\/span><i class=\"ion-log-in\"><\/i>\n\t\t\t\t\t<\/div>\n\t\t\t\t\n\t\t\t\t<img decoding=\"async\" class=\"\" src=\"https:\/\/www.boztibbi.com\/wp-content\/uploads\/2019\/05\/a\u011f\u0131z-di\u015f-ve-\u00e7ene-cerrahisi-s\u00fct\u00fcr-diki\u015f-atma-ipek.jpg\" width=\"636\" height=\"350\" alt=\"a\u011f\u0131z-di\u015f-ve-\u00e7ene-cerrahisi-s\u00fct\u00fcr-diki\u015f-atma-ipek\" title=\"a\u011f\u0131z-di\u015f-ve-\u00e7ene-cerrahisi-s\u00fct\u00fcr-diki\u015f-atma-ipek\" loading=\"lazy\" \/>\t\t\t<\/a>\n\t\t<\/div>\n\t<\/div>\n<!-- End .imagebox -->\n[vc_empty_space height=&#8221;30px&#8221;]\n<!-- BEGIN .imagebox -->\n<div class=\"imagebox   vc_custom_1625735953134\">\n\t\n\t\t<div class=\"box-header\">\n\t\t\t<h3 class=\"box-title\">\n\t\t\t\t<a href=\"https:\/\/www.boztibbi.com\/en\/special-sutures-for-surgical-branches\/oral-dental-and-maxillofacial-surgery-sutures\/polyamide-pa-dental-suture-monamid\/\" target=\"_self\">\n\t\t\t\t\tPA DENTAL SUTURE\t\t\t\t<\/a>\n\t\t\t<\/h3>\n\n\t\t\t\t\t<\/div>\n\n\t\t<div class=\"box-content\"><p>Polyamide Surgical Dental Suture<\/p>\n<\/div>\n\n\t\t<div class=\"box-image\">\n\t\t\t<a href=\"https:\/\/www.boztibbi.com\/en\/special-sutures-for-surgical-branches\/oral-dental-and-maxillofacial-surgery-sutures\/polyamide-pa-dental-suture-monamid\/\" target=\"_self\">\n\t\t\t\t\t\t\t\t\t<div class=\"box-button button\">\t\n\t\t\t\t\t\t<span>Monamid<\/span><i class=\"ion-log-in\"><\/i>\n\t\t\t\t\t<\/div>\n\t\t\t\t\n\t\t\t\t<img decoding=\"async\" class=\"\" src=\"https:\/\/www.boztibbi.com\/wp-content\/uploads\/2019\/05\/a\u011f\u0131z-di\u015f-ve-\u00e7ene-cerrahisi-s\u00fct\u00fcr-diki\u015f-atma-monamid.jpg\" width=\"636\" height=\"350\" alt=\"a\u011f\u0131z-di\u015f-ve-\u00e7ene-cerrahisi-s\u00fct\u00fcr-diki\u015f-atma-monamid\" title=\"a\u011f\u0131z-di\u015f-ve-\u00e7ene-cerrahisi-s\u00fct\u00fcr-diki\u015f-atma-monamid\" loading=\"lazy\" \/>\t\t\t<\/a>\n\t\t<\/div>\n\t<\/div>\n<!-- End .imagebox -->\n[vc_empty_space height=&#8221;20px&#8221;][\/vc_column][vc_column width=&#8221;1\/3&#8243;]\n<!-- BEGIN .imagebox -->\n<div class=\"imagebox   vc_custom_1724225583071\">\n\t\n\t\t<div class=\"box-header\">\n\t\t\t<h3 class=\"box-title\">\n\t\t\t\t<a href=\"https:\/\/www.boztibbi.com\/en\/special-sutures-for-surgical-branches\/oral-dental-and-maxillofacial-surgery-sutures\/polyglycolide-co-caprolactone-pgcl-dental-suture-monokaprol\/\" target=\"_self\">\n\t\t\t\t\tPGCL DENTAL SUTURE\t\t\t\t<\/a>\n\t\t\t<\/h3>\n\n\t\t\t\t\t<\/div>\n\n\t\t<div class=\"box-content\"><p>Polyglycolidecocaprolactone Dental Suture<\/p>\n<\/div>\n\n\t\t<div class=\"box-image\">\n\t\t\t<a href=\"https:\/\/www.boztibbi.com\/en\/special-sutures-for-surgical-branches\/oral-dental-and-maxillofacial-surgery-sutures\/polyglycolide-co-caprolactone-pgcl-dental-suture-monokaprol\/\" target=\"_self\">\n\t\t\t\t\t\t\t\t\t<div class=\"box-button button\">\t\n\t\t\t\t\t\t<span>MONOKAPROL<\/span><i class=\"ion-log-in\"><\/i>\n\t\t\t\t\t<\/div>\n\t\t\t\t\n\t\t\t\t<img decoding=\"async\" class=\"\" src=\"https:\/\/www.boztibbi.com\/wp-content\/uploads\/2019\/05\/a\u011f\u0131z-di\u015f-ve-\u00e7ene-cerrahisi-s\u00fct\u00fcr-diki\u015f-atma-monakaprol.jpg\" width=\"636\" height=\"350\" alt=\"a\u011f\u0131z-di\u015f-ve-\u00e7ene-cerrahisi-s\u00fct\u00fcr-diki\u015f-atma-monakaprol\" title=\"a\u011f\u0131z-di\u015f-ve-\u00e7ene-cerrahisi-s\u00fct\u00fcr-diki\u015f-atma-monakaprol\" loading=\"lazy\" \/>\t\t\t<\/a>\n\t\t<\/div>\n\t<\/div>\n<!-- End .imagebox -->\n[vc_empty_space height=&#8221;30px&#8221;]\n<!-- BEGIN .imagebox -->\n<div class=\"imagebox   vc_custom_1625735856187\">\n\t\n\t\t<div class=\"box-header\">\n\t\t\t<h3 class=\"box-title\">\n\t\t\t\t<a href=\"https:\/\/www.boztibbi.com\/en\/special-sutures-for-surgical-branches\/oral-dental-and-maxillofacial-surgery-sutures\/polyglycolide-lactid-acide-pgla-dental-suture-glikolak\/\" target=\"_self\">\n\t\t\t\t\tPGLA DENTAL SUTURE\t\t\t\t<\/a>\n\t\t\t<\/h3>\n\n\t\t\t\t\t<\/div>\n\n\t\t<div class=\"box-content\"><p>Polyglycolacticacid Surgical Dental Suture<\/p>\n<\/div>\n\n\t\t<div class=\"box-image\">\n\t\t\t<a href=\"https:\/\/www.boztibbi.com\/en\/special-sutures-for-surgical-branches\/oral-dental-and-maxillofacial-surgery-sutures\/polyglycolide-lactid-acide-pgla-dental-suture-glikolak\/\" target=\"_self\">\n\t\t\t\t\t\t\t\t\t<div class=\"box-button button\">\t\n\t\t\t\t\t\t<span>Glikolak<\/span><i class=\"ion-log-in\"><\/i>\n\t\t\t\t\t<\/div>\n\t\t\t\t\n\t\t\t\t<img decoding=\"async\" class=\"\" src=\"https:\/\/www.boztibbi.com\/wp-content\/uploads\/2019\/05\/a\u011f\u0131z-di\u015f-ve-\u00e7ene-cerrahisi-s\u00fct\u00fcr-diki\u015f-atma-glikolak.jpg\" width=\"636\" height=\"350\" alt=\"a\u011f\u0131z-di\u015f-ve-\u00e7ene-cerrahisi-s\u00fct\u00fcr-diki\u015f-atma-glikolak\" title=\"a\u011f\u0131z-di\u015f-ve-\u00e7ene-cerrahisi-s\u00fct\u00fcr-diki\u015f-atma-glikolak\" loading=\"lazy\" \/>\t\t\t<\/a>\n\t\t<\/div>\n\t<\/div>\n<!-- End .imagebox -->\n[vc_empty_space height=&#8221;30px&#8221;][\/vc_column][\/vc_row]<\/p>\n<\/div>","protected":false},"excerpt":{"rendered":"<p>[vc_row content_placement=&#8221;middle&#8221; css=&#8221;.vc_custom_1557325368653{margin-right: 0px !important;margin-bottom: 35px !important;margin-left: 0px !important;background-image: url(https:\/\/www.boztibbi.com\/wp-content\/uploads\/2019\/05\/a\u011f\u0131z-di\u015f-ve-\u00e7ene-cerrahisi-diki\u015f-atma-s\u00fct\u00fcr-suture-oral-and-maxillofacial-surgery-dental-suturing-boz-t\u0131bbi.jpg?id=4909) !important;background-position: center !important;background-repeat: no-repeat !important;background-size: cover !important;}&#8221;][vc_column width=&#8221;2\/3&#8243;][\/vc_column][vc_column width=&#8221;1\/3&#8243;][vc_widget_sidebar sidebar_id=&#8221;sidebar-5cd3bd2fae00a&#8221; el_class=&#8221;main-sidebar&#8221;][\/vc_column][\/vc_row][vc_row gap=&#8221;30&#8243;][vc_column width=&#8221;1\/2&#8243;][vc_custom_heading text=&#8221;Oral, Dental and Maxillofacial Surgery Sutures&#8221; font_container=&#8221;tag:h2|font_size:34px|text_align:left&#8221; use_theme_fonts=&#8221;yes&#8221;][vc_empty_space height=&#8221;20px&#8221;][vc_column_text]Back to Surgical Branches[\/vc_column_text][vc_empty_space height=&#8221;20px&#8221;][\/vc_column][vc_column width=&#8221;1\/2&#8243;][vc_custom_heading text=&#8221;Boz Medical offers suture types for a wide range of usage area.&#8221; font_container=&#8221;tag:div|font_size:24px|text_align:left|color:%23d6002a|line_height:1.325&#8243; use_theme_fonts=&#8221;yes&#8221;][vc_empty_space height=&#8221;20px&#8221;][vc_column_text]Suturing in oral, dental [&hellip;]<\/p>\n","protected":false},"author":1,"featured_media":0,"parent":6696,"menu_order":0,"comment_status":"closed","ping_status":"closed","template":"","meta":{"_acf_changed":false,"footnotes":""},"class_list":["post-6701","page","type-page","status-publish","hentry"],"acf":[],"yoast_head":"<!-- This site is optimized with the Yoast SEO plugin v21.6 - https:\/\/yoast.com\/wordpress\/plugins\/seo\/ -->\n<title>Oral, Dental and Maxillofacial Surgery Sutures (Surgical Suture)<\/title>\n<meta name=\"description\" content=\"Check our oral, dental and maxillofacial surgery sutures and choose the suture material you need. Oral, dental and maxillofacial surgical suture...\" \/>\n<meta name=\"robots\" content=\"index, follow, max-snippet:-1, max-image-preview:large, max-video-preview:-1\" \/>\n<link rel=\"canonical\" href=\"https:\/\/www.boztibbi.com\/en\/special-sutures-for-surgical-branches\/oral-dental-and-maxillofacial-surgery-sutures\/\" \/>\n<meta property=\"og:locale\" content=\"en_US\" \/>\n<meta property=\"og:type\" content=\"article\" \/>\n<meta property=\"og:title\" content=\"Oral, Dental and Maxillofacial Surgery Sutures (Surgical Suture)\" \/>\n<meta property=\"og:description\" content=\"Check our oral, dental and maxillofacial surgery sutures and choose the suture material you need. Oral, dental and maxillofacial surgical suture...\" \/>\n<meta property=\"og:url\" content=\"https:\/\/www.boztibbi.com\/en\/special-sutures-for-surgical-branches\/oral-dental-and-maxillofacial-surgery-sutures\/\" \/>\n<meta property=\"og:site_name\" content=\"Boz Medical\" \/>\n<meta property=\"article:publisher\" content=\"https:\/\/www.facebook.com\/bozmedical\/\" \/>\n<meta property=\"article:modified_time\" content=\"2024-08-21T07:33:13+00:00\" \/>\n<meta name=\"twitter:card\" content=\"summary_large_image\" \/>\n<meta name=\"twitter:site\" content=\"@bozmedical\" \/>\n<script type=\"application\/ld+json\" class=\"yoast-schema-graph\">{\"@context\":\"https:\/\/schema.org\",\"@graph\":[{\"@type\":\"WebPage\",\"@id\":\"https:\/\/www.boztibbi.com\/en\/special-sutures-for-surgical-branches\/oral-dental-and-maxillofacial-surgery-sutures\/\",\"url\":\"https:\/\/www.boztibbi.com\/en\/special-sutures-for-surgical-branches\/oral-dental-and-maxillofacial-surgery-sutures\/\",\"name\":\"Oral, Dental and Maxillofacial Surgery Sutures (Surgical Suture)\",\"isPartOf\":{\"@id\":\"https:\/\/www.boztibbi.com\/#website\"},\"datePublished\":\"2019-05-21T07:17:55+00:00\",\"dateModified\":\"2024-08-21T07:33:13+00:00\",\"description\":\"Check our oral, dental and maxillofacial surgery sutures and choose the suture material you need. Oral, dental and maxillofacial surgical suture...\",\"breadcrumb\":{\"@id\":\"https:\/\/www.boztibbi.com\/en\/special-sutures-for-surgical-branches\/oral-dental-and-maxillofacial-surgery-sutures\/#breadcrumb\"},\"inLanguage\":\"en-US\",\"potentialAction\":[{\"@type\":\"ReadAction\",\"target\":[\"https:\/\/www.boztibbi.com\/en\/special-sutures-for-surgical-branches\/oral-dental-and-maxillofacial-surgery-sutures\/\"]}]},{\"@type\":\"BreadcrumbList\",\"@id\":\"https:\/\/www.boztibbi.com\/en\/special-sutures-for-surgical-branches\/oral-dental-and-maxillofacial-surgery-sutures\/#breadcrumb\",\"itemListElement\":[{\"@type\":\"ListItem\",\"position\":1,\"name\":\"Home Page\",\"item\":\"https:\/\/www.boztibbi.com\/en\/\"},{\"@type\":\"ListItem\",\"position\":2,\"name\":\"Special Sutures For Surgical Branches\",\"item\":\"https:\/\/www.boztibbi.com\/en\/special-sutures-for-surgical-branches\/\"},{\"@type\":\"ListItem\",\"position\":3,\"name\":\"Oral, Dental and Maxillofacial Surgery Sutures\"}]},{\"@type\":\"WebSite\",\"@id\":\"https:\/\/www.boztibbi.com\/#website\",\"url\":\"https:\/\/www.boztibbi.com\/\",\"name\":\"Boz Medical\",\"description\":\"Surgical Sutures, Absorbable Hemostats and Surgical Meshes\",\"publisher\":{\"@id\":\"https:\/\/www.boztibbi.com\/#organization\"},\"potentialAction\":[{\"@type\":\"SearchAction\",\"target\":{\"@type\":\"EntryPoint\",\"urlTemplate\":\"https:\/\/www.boztibbi.com\/?s={search_term_string}\"},\"query-input\":\"required name=search_term_string\"}],\"inLanguage\":\"en-US\"},{\"@type\":\"Organization\",\"@id\":\"https:\/\/www.boztibbi.com\/#organization\",\"name\":\"Boz T\u0131bbi Malzeme Sanayi ve Ticaret A.\u015e.\",\"url\":\"https:\/\/www.boztibbi.com\/\",\"logo\":{\"@type\":\"ImageObject\",\"inLanguage\":\"en-US\",\"@id\":\"https:\/\/www.boztibbi.com\/#\/schema\/logo\/image\/\",\"url\":\"https:\/\/www.boztibbi.com\/wp-content\/uploads\/2018\/08\/boz-t\u0131bbi-malzemeler-medikal-tekstil-t\u00fcrkiye-istanbul-ankara-u\u015fak.png\",\"contentUrl\":\"https:\/\/www.boztibbi.com\/wp-content\/uploads\/2018\/08\/boz-t\u0131bbi-malzemeler-medikal-tekstil-t\u00fcrkiye-istanbul-ankara-u\u015fak.png\",\"width\":1024,\"height\":683,\"caption\":\"Boz T\u0131bbi Malzeme Sanayi ve Ticaret A.\u015e.\"},\"image\":{\"@id\":\"https:\/\/www.boztibbi.com\/#\/schema\/logo\/image\/\"},\"sameAs\":[\"https:\/\/www.facebook.com\/bozmedical\/\",\"https:\/\/twitter.com\/bozmedical\"]}]}<\/script>\n<!-- \/ Yoast SEO plugin. -->","yoast_head_json":{"title":"Oral, Dental and Maxillofacial Surgery Sutures (Surgical Suture)","description":"Check our oral, dental and maxillofacial surgery sutures and choose the suture material you need. Oral, dental and maxillofacial surgical suture...","robots":{"index":"index","follow":"follow","max-snippet":"max-snippet:-1","max-image-preview":"max-image-preview:large","max-video-preview":"max-video-preview:-1"},"canonical":"https:\/\/www.boztibbi.com\/en\/special-sutures-for-surgical-branches\/oral-dental-and-maxillofacial-surgery-sutures\/","og_locale":"en_US","og_type":"article","og_title":"Oral, Dental and Maxillofacial Surgery Sutures (Surgical Suture)","og_description":"Check our oral, dental and maxillofacial surgery sutures and choose the suture material you need. Oral, dental and maxillofacial surgical suture...","og_url":"https:\/\/www.boztibbi.com\/en\/special-sutures-for-surgical-branches\/oral-dental-and-maxillofacial-surgery-sutures\/","og_site_name":"Boz Medical","article_publisher":"https:\/\/www.facebook.com\/bozmedical\/","article_modified_time":"2024-08-21T07:33:13+00:00","twitter_card":"summary_large_image","twitter_site":"@bozmedical","schema":{"@context":"https:\/\/schema.org","@graph":[{"@type":"WebPage","@id":"https:\/\/www.boztibbi.com\/en\/special-sutures-for-surgical-branches\/oral-dental-and-maxillofacial-surgery-sutures\/","url":"https:\/\/www.boztibbi.com\/en\/special-sutures-for-surgical-branches\/oral-dental-and-maxillofacial-surgery-sutures\/","name":"Oral, Dental and Maxillofacial Surgery Sutures (Surgical Suture)","isPartOf":{"@id":"https:\/\/www.boztibbi.com\/#website"},"datePublished":"2019-05-21T07:17:55+00:00","dateModified":"2024-08-21T07:33:13+00:00","description":"Check our oral, dental and maxillofacial surgery sutures and choose the suture material you need. Oral, dental and maxillofacial surgical suture...","breadcrumb":{"@id":"https:\/\/www.boztibbi.com\/en\/special-sutures-for-surgical-branches\/oral-dental-and-maxillofacial-surgery-sutures\/#breadcrumb"},"inLanguage":"en-US","potentialAction":[{"@type":"ReadAction","target":["https:\/\/www.boztibbi.com\/en\/special-sutures-for-surgical-branches\/oral-dental-and-maxillofacial-surgery-sutures\/"]}]},{"@type":"BreadcrumbList","@id":"https:\/\/www.boztibbi.com\/en\/special-sutures-for-surgical-branches\/oral-dental-and-maxillofacial-surgery-sutures\/#breadcrumb","itemListElement":[{"@type":"ListItem","position":1,"name":"Home Page","item":"https:\/\/www.boztibbi.com\/en\/"},{"@type":"ListItem","position":2,"name":"Special Sutures For Surgical Branches","item":"https:\/\/www.boztibbi.com\/en\/special-sutures-for-surgical-branches\/"},{"@type":"ListItem","position":3,"name":"Oral, Dental and Maxillofacial Surgery Sutures"}]},{"@type":"WebSite","@id":"https:\/\/www.boztibbi.com\/#website","url":"https:\/\/www.boztibbi.com\/","name":"Boz Medical","description":"Surgical Sutures, Absorbable Hemostats and Surgical Meshes","publisher":{"@id":"https:\/\/www.boztibbi.com\/#organization"},"potentialAction":[{"@type":"SearchAction","target":{"@type":"EntryPoint","urlTemplate":"https:\/\/www.boztibbi.com\/?s={search_term_string}"},"query-input":"required name=search_term_string"}],"inLanguage":"en-US"},{"@type":"Organization","@id":"https:\/\/www.boztibbi.com\/#organization","name":"Boz T\u0131bbi Malzeme Sanayi ve Ticaret A.\u015e.","url":"https:\/\/www.boztibbi.com\/","logo":{"@type":"ImageObject","inLanguage":"en-US","@id":"https:\/\/www.boztibbi.com\/#\/schema\/logo\/image\/","url":"https:\/\/www.boztibbi.com\/wp-content\/uploads\/2018\/08\/boz-t\u0131bbi-malzemeler-medikal-tekstil-t\u00fcrkiye-istanbul-ankara-u\u015fak.png","contentUrl":"https:\/\/www.boztibbi.com\/wp-content\/uploads\/2018\/08\/boz-t\u0131bbi-malzemeler-medikal-tekstil-t\u00fcrkiye-istanbul-ankara-u\u015fak.png","width":1024,"height":683,"caption":"Boz T\u0131bbi Malzeme Sanayi ve Ticaret A.\u015e."},"image":{"@id":"https:\/\/www.boztibbi.com\/#\/schema\/logo\/image\/"},"sameAs":["https:\/\/www.facebook.com\/bozmedical\/","https:\/\/twitter.com\/bozmedical"]}]}},"_links":{"self":[{"href":"https:\/\/www.boztibbi.com\/en\/wp-json\/wp\/v2\/pages\/6701","targetHints":{"allow":["GET"]}}],"collection":[{"href":"https:\/\/www.boztibbi.com\/en\/wp-json\/wp\/v2\/pages"}],"about":[{"href":"https:\/\/www.boztibbi.com\/en\/wp-json\/wp\/v2\/types\/page"}],"author":[{"embeddable":true,"href":"https:\/\/www.boztibbi.com\/en\/wp-json\/wp\/v2\/users\/1"}],"replies":[{"embeddable":true,"href":"https:\/\/www.boztibbi.com\/en\/wp-json\/wp\/v2\/comments?post=6701"}],"version-history":[{"count":8,"href":"https:\/\/www.boztibbi.com\/en\/wp-json\/wp\/v2\/pages\/6701\/revisions"}],"predecessor-version":[{"id":13394,"href":"https:\/\/www.boztibbi.com\/en\/wp-json\/wp\/v2\/pages\/6701\/revisions\/13394"}],"up":[{"embeddable":true,"href":"https:\/\/www.boztibbi.com\/en\/wp-json\/wp\/v2\/pages\/6696"}],"wp:attachment":[{"href":"https:\/\/www.boztibbi.com\/en\/wp-json\/wp\/v2\/media?parent=6701"}],"curies":[{"name":"wp","href":"https:\/\/api.w.org\/{rel}","templated":true}]}}