{"id":6692,"date":"2020-04-08T14:48:55","date_gmt":"2020-04-08T11:48:55","guid":{"rendered":"https:\/\/www.boztibbi.com\/gizlilik-politikasi\/"},"modified":"2021-07-12T14:21:17","modified_gmt":"2021-07-12T11:21:17","slug":"privacy-policy","status":"publish","type":"page","link":"https:\/\/www.boztibbi.com\/en\/privacy-policy\/","title":{"rendered":"Privacy Policy"},"content":{"rendered":"<div class=\"wpb-content-wrapper\"><p>[vc_row][vc_column][vc_custom_heading text=&#8221;PRIVACY AND PROTECTION OF PERSONAL DATA POLICY&#8221; font_container=&#8221;tag:h3|text_align:left&#8221; use_theme_fonts=&#8221;yes&#8221;][vc_column_text css=&#8221;.vc_custom_1625576259315{padding-top: 20px !important;padding-bottom: 30px !important;}&#8221;]As Boz Medical, we show the utmost care for the security of your personal data. Your personal data is processed and stored according to 6698 Personal Data Protection Law (\u201cGDPR\u201d).[\/vc_column_text][vc_custom_heading text=&#8221;1. How Can We Process Your Data?&#8221; font_container=&#8221;tag:h4|text_align:left&#8221; use_theme_fonts=&#8221;yes&#8221;][vc_column_text css=&#8221;.vc_custom_1625576285353{padding-top: 20px !important;padding-bottom: 30px !important;}&#8221;]Under 6698 GDPR, your personal data that you share with Boz Medical can be processed by recording, storing, modifying, rearranging, fully or partially, automatically or by non-automatic means by us. All operation applied on data under GDPR is accepted as \u201cprocessing of personal data\u201d.[\/vc_column_text][vc_custom_heading text=&#8221;2. Personal Data Processing Purposes And Legal Reasons&#8221; font_container=&#8221;tag:h4|text_align:left&#8221; use_theme_fonts=&#8221;yes&#8221;][vc_column_text css=&#8221;.vc_custom_1625576360506{padding-top: 20px !important;padding-bottom: 30px !important;}&#8221;]The personal data you share can be processed to provide the services according to the agreement and technology and to develop provided products and services,<\/p>\n<p>To provide information to prosecutors&#8217; offices, courts and relevant public officials on matters of public safety and legal disputes, upon request and in accordance with the legislation,<\/p>\n<p>To offer a wide range of opportunities to our members or to share these opportunities with persons or institutions that can offer them within the legal framework,<\/p>\n<p>To analyse advertisement preferences,<\/p>\n<p>According to secondary regulations related to 6698 GDPR.[\/vc_column_text][vc_custom_heading text=&#8221;3. Information About Third Parties Or Organizations To Which Your Personal Data Can Be Transferred&#8221; font_container=&#8221;tag:h4|text_align:left&#8221; use_theme_fonts=&#8221;yes&#8221;][vc_column_text css=&#8221;.vc_custom_1625576400596{padding-top: 20px !important;padding-bottom: 30px !important;}&#8221;]For the abovementioned purposes, Boz Medical can transfer your personal data to our main shareholders, shareholders, advertisers, direct or indirect domestic \/ foreign affiliates and without any limitation to program partner organizations, domestic \/ international organizations and other third party companies that use Boz Medical infrastructure and persons and organizations related to the service provided, we receive service, cooperate with.<\/p>\n<p>Our regulations related to cookies for advertisement purposes are provided in \u201cBoz Medical Cookies Policy\u201d and this cookies policy is the integrated part of this \u201cPrivacy and Personal Data Protection Policy\u201d. Please click here to learn more about our Cookies. (You can find the cookie policy examples from the link at the bottom of this document.)[\/vc_column_text][vc_custom_heading text=&#8221;4. Personal Data Collection Methods&#8221; font_container=&#8221;tag:h4|text_align:left&#8221; use_theme_fonts=&#8221;yes&#8221;][vc_column_text css=&#8221;.vc_custom_1625576475220{padding-top: 20px !important;padding-bottom: 30px !important;}&#8221;]Your personal data,<\/p>\n<p>Boz Medical can process and collect that by using forms on website and mobile applications and information such as name, surname, address, telephone, business or private e-mail address, the preferences on the pages logged in using the user name and password, the IP records of the transactions performed, the cookie data collected by the browser, and the browsing time;<\/p>\n<p>From physical or virtual environment, face-to-face or in writing, verbal or written or received from people who share their personal data with business cards, CVs, bids and other ways for purposes such as establishing a commercial relationship with Boz Medical, applying for a job, making offers, etc.;<\/p>\n<p>Data obtained from (micro) websites and social media indirectly obtained from different channels, used for websites, blogs, contests, surveys, games, campaigns and similar purposes, e-bulletin reading or click movements, data provided by public databases and from profiles and data that are open to sharing from social media platforms (Facebook, Twitter, Google, Instagram, Snapchat etc.[\/vc_column_text][vc_custom_heading text=&#8221;5. Your Personal Data Obtained Before GDPR Regulation&#8221; font_container=&#8221;tag:h4|text_align:left&#8221; use_theme_fonts=&#8221;yes&#8221;][vc_column_text css=&#8221;.vc_custom_1625576524407{padding-top: 20px !important;padding-bottom: 30px !important;}&#8221;]Boz Medical does not have any of your personal data before GDPR regulation entered into force on 07 April 2016. (If your website was collecting data before this date, you need to specify how the data is processed and stored.)[\/vc_column_text][vc_custom_heading text=&#8221;6. Transfer of Personal Data&#8221; font_container=&#8221;tag:h4|text_align:left&#8221; use_theme_fonts=&#8221;yes&#8221;][vc_column_text css=&#8221;.vc_custom_1625576711749{padding-top: 20px !important;padding-bottom: 30px !important;}&#8221;]The data collected to be processed in Turkey or to be processed outside Turkey but stored in Turkey can be transferred to service providers abroad by following the GDPR scope for personal data collection and in line with the agreement (to the countries accredited by the Personal Data Board and where there is sufficient protection for the protection of personal data).<\/p>\n<p>Your personal data can be transferred<\/p>\n<p>to our business partners that we collaborate and\/or receive service to present and promote the products and services,<\/p>\n<p>to the competent authorities who will determine your location in case of an emergency call,<\/p>\n<p>to regulatory and supervisory institutions and other official institutions such as courts and enforcement offices, other public institutions or organizations that are authorized to request your personal data,<\/p>\n<p>to legal entities that have a commercial relationship with Boz Medical and have your phone number.[\/vc_column_text][vc_custom_heading text=&#8221;7. Personal Data Storage and Protection&#8221; font_container=&#8221;tag:h4|text_align:left&#8221; use_theme_fonts=&#8221;yes&#8221;][vc_column_text css=&#8221;.vc_custom_1625576735150{padding-top: 20px !important;padding-bottom: 30px !important;}&#8221;]Boz Medical is liable to take necessary software precautions such as hash, encryption, transaction records, access methods and physical security measures for systems and databases that store personal data to prevent illegal or unauthorized access according to Article 12 of GDPR and ensure security. If it is detected that the personal data has been obtained by unauthorized parties illegally, this will be reported in written format to the Personal Data Protection Board immediately, in accordance with the legal regulation.[\/vc_column_text][vc_custom_heading text=&#8221;8. Updatedness and Accuracy of Personal Data&#8221; font_container=&#8221;tag:h4|text_align:left&#8221; use_theme_fonts=&#8221;yes&#8221;][vc_column_text css=&#8221;.vc_custom_1625576758048{padding-top: 20px !important;padding-bottom: 30px !important;}&#8221;]Under Article 4 of GDPR, Boz Medical is liable to keep your personal data accurate and up-to-date. Accordingly, our members need to share accurate and up-to-date data or update their data on website\/mobile app for Boz Medical to undertake this liability.[\/vc_column_text][vc_custom_heading text=&#8221;9. Personal Data Owner Rights Under 6698 GDPR&#8221; font_container=&#8221;tag:h4|text_align:left&#8221; use_theme_fonts=&#8221;yes&#8221;][vc_column_text css=&#8221;.vc_custom_1625576848178{padding-top: 20px !important;padding-bottom: 30px !important;}&#8221;]According to Article 11 of the KVKK No. 6698 entered into force on 07 October 2016 and other relevant articles, the rights of the Personal Data Owner after this date are as follows:<\/p>\n<p>Personal Data Owner can request from Boz Medical (Data Supervisor) to:<\/p>\n<p>Learn whether your personal data is processed.<\/p>\n<p>Demand information if your personal data is processed.<\/p>\n<p>Learn the purpose to process your personal data and whether such data is used purposefully.<\/p>\n<p>Learn the third parties domestically or internationally that your personal data are transferred.<\/p>\n<p>To ask for correction of your personal data if such data is missing or incorrect.<\/p>\n<p>Delete\/destroy your personal data according to TPDPL Article 7,<\/p>\n<p>To notify third parties that the personal data is transferred to when the personal data is corrected, deleted or destroyed,<\/p>\n<p>Object to any results to the detriment of you when processed data is exclusively analysed via automatic systems.[\/vc_column_text][vc_custom_heading text=&#8221;10. Communication and Application Method&#8221; font_container=&#8221;tag:h4|text_align:left&#8221; use_theme_fonts=&#8221;yes&#8221;][vc_column_text css=&#8221;.vc_custom_1625576922868{padding-top: 20px !important;padding-bottom: 30px !important;}&#8221;]The Data Supervisor Representative to be appointed by Boz Medical will be announced in the Data Supervisor Registry and on website where this document is located when the legal infrastructure is provided.<\/p>\n<p>Personal Data Owners can send any questions, views or requests to boz@boztibbi.com.<\/p>\n<p>Boz Medical will provide a positive\/negative response to the requests in written or digital format with the justification within 30 days. The processes related to the demands shall be free. However, Boz Medical reserves the right to demand fee if this process incurs any costs. These fees are determined by the Personal Data Protection Board over the tariff determined in accordance with Article 13 of the Personal Data Protection Law.<\/p>\n<p>By sharing your personal data on our website, applications and other channels, you accept and declare processing methods, transfer, sale and other related issues in our policy on Boz Medical website, media channels and social media channels and sharing your personal data with third parties in line with our Privacy Policy and consult to Boz Medical before using your legal rights as expressed in GDPR.<\/p>\n<p>This agreement is last updated on 01\/04\/2020.[\/vc_column_text][\/vc_column][\/vc_row][vc_row][vc_column width=&#8221;1\/3&#8243;][vc_empty_space height=&#8221;30px&#8221;][vc_column_text]<a class=\"button download square white\" href=\"https:\/\/www.boztibbi.com\/en\/privacy-policy\/\" target=\"_blank\" rel=\"noopener noreferrer\"><i class=\"fa fa-angle-double-right\"><\/i>Privacy Policy<\/a>[\/vc_column_text][\/vc_column][vc_column width=&#8221;1\/3&#8243;][vc_empty_space height=&#8221;30px&#8221;][vc_column_text]<a class=\"button download square white\" href=\"https:\/\/www.boztibbi.com\/en\/cookies\/\" target=\"_blank\" rel=\"noopener noreferrer\"><i class=\"fa fa-angle-double-right\"><\/i>Cookies<\/a>[\/vc_column_text][\/vc_column][vc_column width=&#8221;1\/3&#8243;][vc_empty_space height=&#8221;30px&#8221;][vc_column_text]<a class=\"button download square white\" href=\"https:\/\/www.boztibbi.com\/kisisel-verileri-koruma-kanunu\/\" target=\"_blank\" rel=\"noopener noreferrer\"><i class=\"fa fa-angle-double-right\"><\/i>K.V.K. Kanunu<\/a>[\/vc_column_text][\/vc_column][\/vc_row]<\/p>\n<\/div>","protected":false},"excerpt":{"rendered":"<p>[vc_row][vc_column][vc_custom_heading text=&#8221;PRIVACY AND PROTECTION OF PERSONAL DATA POLICY&#8221; font_container=&#8221;tag:h3|text_align:left&#8221; use_theme_fonts=&#8221;yes&#8221;][vc_column_text css=&#8221;.vc_custom_1625576259315{padding-top: 20px !important;padding-bottom: 30px !important;}&#8221;]As Boz Medical, we show the utmost care for the security of your personal data. Your personal data is processed and stored according to 6698 Personal Data Protection Law (\u201cGDPR\u201d).[\/vc_column_text][vc_custom_heading text=&#8221;1. How Can We Process Your Data?&#8221; font_container=&#8221;tag:h4|text_align:left&#8221; use_theme_fonts=&#8221;yes&#8221;][vc_column_text css=&#8221;.vc_custom_1625576285353{padding-top: 20px [&hellip;]<\/p>\n","protected":false},"author":1,"featured_media":0,"parent":0,"menu_order":0,"comment_status":"closed","ping_status":"closed","template":"","meta":{"_acf_changed":false,"footnotes":""},"class_list":["post-6692","page","type-page","status-publish","hentry"],"acf":[],"yoast_head":"<!-- This site is optimized with the Yoast SEO plugin v21.6 - https:\/\/yoast.com\/wordpress\/plugins\/seo\/ -->\n<title>Privacy Policy - Boz Medical<\/title>\n<meta name=\"description\" content=\"As Boz Medical, we show the utmost care for the security of your personal data. Your personal data is processed and stored according to 6698 Personal...\" \/>\n<meta name=\"robots\" content=\"index, follow, max-snippet:-1, max-image-preview:large, max-video-preview:-1\" \/>\n<link rel=\"canonical\" href=\"https:\/\/www.boztibbi.com\/en\/privacy-policy\/\" \/>\n<meta property=\"og:locale\" content=\"en_US\" \/>\n<meta property=\"og:type\" content=\"article\" \/>\n<meta property=\"og:title\" content=\"Privacy Policy - Boz Medical\" \/>\n<meta property=\"og:description\" content=\"As Boz Medical, we show the utmost care for the security of your personal data. Your personal data is processed and stored according to 6698 Personal...\" \/>\n<meta property=\"og:url\" content=\"https:\/\/www.boztibbi.com\/en\/privacy-policy\/\" \/>\n<meta property=\"og:site_name\" content=\"Boz Medical\" \/>\n<meta property=\"article:publisher\" content=\"https:\/\/www.facebook.com\/bozmedical\/\" \/>\n<meta property=\"article:modified_time\" content=\"2021-07-12T11:21:17+00:00\" \/>\n<meta name=\"twitter:card\" content=\"summary_large_image\" \/>\n<meta name=\"twitter:site\" content=\"@bozmedical\" \/>\n<script type=\"application\/ld+json\" class=\"yoast-schema-graph\">{\"@context\":\"https:\/\/schema.org\",\"@graph\":[{\"@type\":\"WebPage\",\"@id\":\"https:\/\/www.boztibbi.com\/en\/privacy-policy\/\",\"url\":\"https:\/\/www.boztibbi.com\/en\/privacy-policy\/\",\"name\":\"Privacy Policy - Boz Medical\",\"isPartOf\":{\"@id\":\"https:\/\/www.boztibbi.com\/#website\"},\"datePublished\":\"2020-04-08T11:48:55+00:00\",\"dateModified\":\"2021-07-12T11:21:17+00:00\",\"description\":\"As Boz Medical, we show the utmost care for the security of your personal data. Your personal data is processed and stored according to 6698 Personal...\",\"breadcrumb\":{\"@id\":\"https:\/\/www.boztibbi.com\/en\/privacy-policy\/#breadcrumb\"},\"inLanguage\":\"en-US\",\"potentialAction\":[{\"@type\":\"ReadAction\",\"target\":[\"https:\/\/www.boztibbi.com\/en\/privacy-policy\/\"]}]},{\"@type\":\"BreadcrumbList\",\"@id\":\"https:\/\/www.boztibbi.com\/en\/privacy-policy\/#breadcrumb\",\"itemListElement\":[{\"@type\":\"ListItem\",\"position\":1,\"name\":\"Home Page\",\"item\":\"https:\/\/www.boztibbi.com\/en\/\"},{\"@type\":\"ListItem\",\"position\":2,\"name\":\"Privacy Policy\"}]},{\"@type\":\"WebSite\",\"@id\":\"https:\/\/www.boztibbi.com\/#website\",\"url\":\"https:\/\/www.boztibbi.com\/\",\"name\":\"Boz Medical\",\"description\":\"Surgical Sutures, Absorbable Hemostats and Surgical Meshes\",\"publisher\":{\"@id\":\"https:\/\/www.boztibbi.com\/#organization\"},\"potentialAction\":[{\"@type\":\"SearchAction\",\"target\":{\"@type\":\"EntryPoint\",\"urlTemplate\":\"https:\/\/www.boztibbi.com\/?s={search_term_string}\"},\"query-input\":\"required name=search_term_string\"}],\"inLanguage\":\"en-US\"},{\"@type\":\"Organization\",\"@id\":\"https:\/\/www.boztibbi.com\/#organization\",\"name\":\"Boz T\u0131bbi Malzeme Sanayi ve Ticaret A.\u015e.\",\"url\":\"https:\/\/www.boztibbi.com\/\",\"logo\":{\"@type\":\"ImageObject\",\"inLanguage\":\"en-US\",\"@id\":\"https:\/\/www.boztibbi.com\/#\/schema\/logo\/image\/\",\"url\":\"https:\/\/www.boztibbi.com\/wp-content\/uploads\/2018\/08\/boz-t\u0131bbi-malzemeler-medikal-tekstil-t\u00fcrkiye-istanbul-ankara-u\u015fak.png\",\"contentUrl\":\"https:\/\/www.boztibbi.com\/wp-content\/uploads\/2018\/08\/boz-t\u0131bbi-malzemeler-medikal-tekstil-t\u00fcrkiye-istanbul-ankara-u\u015fak.png\",\"width\":1024,\"height\":683,\"caption\":\"Boz T\u0131bbi Malzeme Sanayi ve Ticaret A.\u015e.\"},\"image\":{\"@id\":\"https:\/\/www.boztibbi.com\/#\/schema\/logo\/image\/\"},\"sameAs\":[\"https:\/\/www.facebook.com\/bozmedical\/\",\"https:\/\/twitter.com\/bozmedical\"]}]}<\/script>\n<!-- \/ Yoast SEO plugin. -->","yoast_head_json":{"title":"Privacy Policy - Boz Medical","description":"As Boz Medical, we show the utmost care for the security of your personal data. Your personal data is processed and stored according to 6698 Personal...","robots":{"index":"index","follow":"follow","max-snippet":"max-snippet:-1","max-image-preview":"max-image-preview:large","max-video-preview":"max-video-preview:-1"},"canonical":"https:\/\/www.boztibbi.com\/en\/privacy-policy\/","og_locale":"en_US","og_type":"article","og_title":"Privacy Policy - Boz Medical","og_description":"As Boz Medical, we show the utmost care for the security of your personal data. Your personal data is processed and stored according to 6698 Personal...","og_url":"https:\/\/www.boztibbi.com\/en\/privacy-policy\/","og_site_name":"Boz Medical","article_publisher":"https:\/\/www.facebook.com\/bozmedical\/","article_modified_time":"2021-07-12T11:21:17+00:00","twitter_card":"summary_large_image","twitter_site":"@bozmedical","schema":{"@context":"https:\/\/schema.org","@graph":[{"@type":"WebPage","@id":"https:\/\/www.boztibbi.com\/en\/privacy-policy\/","url":"https:\/\/www.boztibbi.com\/en\/privacy-policy\/","name":"Privacy Policy - Boz Medical","isPartOf":{"@id":"https:\/\/www.boztibbi.com\/#website"},"datePublished":"2020-04-08T11:48:55+00:00","dateModified":"2021-07-12T11:21:17+00:00","description":"As Boz Medical, we show the utmost care for the security of your personal data. Your personal data is processed and stored according to 6698 Personal...","breadcrumb":{"@id":"https:\/\/www.boztibbi.com\/en\/privacy-policy\/#breadcrumb"},"inLanguage":"en-US","potentialAction":[{"@type":"ReadAction","target":["https:\/\/www.boztibbi.com\/en\/privacy-policy\/"]}]},{"@type":"BreadcrumbList","@id":"https:\/\/www.boztibbi.com\/en\/privacy-policy\/#breadcrumb","itemListElement":[{"@type":"ListItem","position":1,"name":"Home Page","item":"https:\/\/www.boztibbi.com\/en\/"},{"@type":"ListItem","position":2,"name":"Privacy Policy"}]},{"@type":"WebSite","@id":"https:\/\/www.boztibbi.com\/#website","url":"https:\/\/www.boztibbi.com\/","name":"Boz Medical","description":"Surgical Sutures, Absorbable Hemostats and Surgical Meshes","publisher":{"@id":"https:\/\/www.boztibbi.com\/#organization"},"potentialAction":[{"@type":"SearchAction","target":{"@type":"EntryPoint","urlTemplate":"https:\/\/www.boztibbi.com\/?s={search_term_string}"},"query-input":"required name=search_term_string"}],"inLanguage":"en-US"},{"@type":"Organization","@id":"https:\/\/www.boztibbi.com\/#organization","name":"Boz T\u0131bbi Malzeme Sanayi ve Ticaret A.\u015e.","url":"https:\/\/www.boztibbi.com\/","logo":{"@type":"ImageObject","inLanguage":"en-US","@id":"https:\/\/www.boztibbi.com\/#\/schema\/logo\/image\/","url":"https:\/\/www.boztibbi.com\/wp-content\/uploads\/2018\/08\/boz-t\u0131bbi-malzemeler-medikal-tekstil-t\u00fcrkiye-istanbul-ankara-u\u015fak.png","contentUrl":"https:\/\/www.boztibbi.com\/wp-content\/uploads\/2018\/08\/boz-t\u0131bbi-malzemeler-medikal-tekstil-t\u00fcrkiye-istanbul-ankara-u\u015fak.png","width":1024,"height":683,"caption":"Boz T\u0131bbi Malzeme Sanayi ve Ticaret A.\u015e."},"image":{"@id":"https:\/\/www.boztibbi.com\/#\/schema\/logo\/image\/"},"sameAs":["https:\/\/www.facebook.com\/bozmedical\/","https:\/\/twitter.com\/bozmedical"]}]}},"_links":{"self":[{"href":"https:\/\/www.boztibbi.com\/en\/wp-json\/wp\/v2\/pages\/6692","targetHints":{"allow":["GET"]}}],"collection":[{"href":"https:\/\/www.boztibbi.com\/en\/wp-json\/wp\/v2\/pages"}],"about":[{"href":"https:\/\/www.boztibbi.com\/en\/wp-json\/wp\/v2\/types\/page"}],"author":[{"embeddable":true,"href":"https:\/\/www.boztibbi.com\/en\/wp-json\/wp\/v2\/users\/1"}],"replies":[{"embeddable":true,"href":"https:\/\/www.boztibbi.com\/en\/wp-json\/wp\/v2\/comments?post=6692"}],"version-history":[{"count":3,"href":"https:\/\/www.boztibbi.com\/en\/wp-json\/wp\/v2\/pages\/6692\/revisions"}],"predecessor-version":[{"id":6695,"href":"https:\/\/www.boztibbi.com\/en\/wp-json\/wp\/v2\/pages\/6692\/revisions\/6695"}],"wp:attachment":[{"href":"https:\/\/www.boztibbi.com\/en\/wp-json\/wp\/v2\/media?parent=6692"}],"curies":[{"name":"wp","href":"https:\/\/api.w.org\/{rel}","templated":true}]}}