{"id":3446,"date":"2017-10-02T02:32:28","date_gmt":"2017-10-02T02:32:28","guid":{"rendered":"https:\/\/www.boztibbi.com\/corporate\/ekibimiz\/"},"modified":"2026-03-11T11:36:47","modified_gmt":"2026-03-11T08:36:47","slug":"our-team","status":"publish","type":"page","link":"https:\/\/www.boztibbi.com\/en\/corporate\/our-team\/","title":{"rendered":"Our Team"},"content":{"rendered":"<div class=\"wpb-content-wrapper\"><p>[vc_row][vc_column width=&#8221;1\/4&#8243;][vc_custom_heading text=&#8221;Professional Team&#8221; font_container=&#8221;tag:h3|text_align:left&#8221; use_theme_fonts=&#8221;yes&#8221;][vc_empty_space height=&#8221;20px&#8221;][\/vc_column][vc_column width=&#8221;3\/4&#8243;][vc_column_text]Boz Medical is a company with more than 150 employees and headquarters in Ankara. We are trying to be at every corner of life, make life easier, and provide constant development with our products. We combine professional and multi-cultural approach of our employees with unique and long-lasting responsibility culture.[\/vc_column_text][vc_empty_space height=&#8221;40px&#8221;][\/vc_column][\/vc_row][vc_row css=&#8221;.vc_custom_1510028831561{padding-bottom: 40px !important;}&#8221;][vc_column width=&#8221;1\/2&#8243;]\n\t<div class=\"member   vc_custom_1658487135978\">\t\n\t\t<div class=\"member-content\">\n\t\t\t<div class=\"member-image\">\n\t\t\t\t\n\t\t\t\t<div class=\"member-subtitle\">Chairman<\/div>\n\t\t\t<\/div>\n\t\t\t<div class=\"member-info\">\n\t\t\t\t<h3 class=\"member-name\">Adil BOZ<\/h3>\n\t\t\t\t<div class=\"member-desc\"><p>Founding Partner of Boz T\u0131bbi and chairman\u00a0of the board<\/p>\n<\/div>\n\t\t\t\t<div class=\"social-icons\"> <a href=\"#\" data-title=\"Twitter\" class=\"twitter\"><i class=\"fa fa-twitter\"><\/i><\/a> <a href=\"#\" data-title=\"LinkedIn\" class=\"linkedin\"><i class=\"fa fa-linkedin\"><\/i><\/a> <a href=\"#\" data-title=\"Google Plus\" class=\"google-plus\"><i class=\"fa fa-google-plus\"><\/i><\/a><\/div>\n\t\t\t<\/div>\n\t\t<\/div>\n\t<\/div>[vc_empty_space height=&#8221;30px&#8221;]\n\t<div class=\"member   vc_custom_1773218200566\">\t\n\t\t<div class=\"member-content\">\n\t\t\t<div class=\"member-image\">\n\t\t\t\t\n\t\t\t\t<div class=\"member-subtitle\">Foreign Trade Manager<\/div>\n\t\t\t<\/div>\n\t\t\t<div class=\"member-info\">\n\t\t\t\t<h3 class=\"member-name\">Co\u015fkun A\u015e\u00c7I<\/h3>\n\t\t\t\t<div class=\"member-desc\"><p><a class=\"link\" href=\"mailto:coskun.asci@boztibbi.com\">coskun.asci@boztibbi.com<\/a><\/p>\n<p><a href=\"tel:+903126401690\"><i class=\"fa fa-phone\"><\/i> Call Now!<\/a><\/p>\n<\/div>\n\t\t\t\t<div class=\"social-icons\"> <a href=\"#\" data-title=\"Facebook\" class=\"facebook\"><i class=\"fa fa-facebook\"><\/i><\/a> <a href=\"#\" data-title=\"Twitter\" class=\"twitter\"><i class=\"fa fa-twitter\"><\/i><\/a><\/div>\n\t\t\t<\/div>\n\t\t<\/div>\n\t<\/div>[vc_empty_space height=&#8221;30px&#8221;][\/vc_column][vc_column width=&#8221;1\/2&#8243;]\n\t<div class=\"member   vc_custom_1540456924307\">\t\n\t\t<div class=\"member-content\">\n\t\t\t<div class=\"member-image\">\n\t\t\t\t\n\t\t\t\t<div class=\"member-subtitle\">Vice Chairman<\/div>\n\t\t\t<\/div>\n\t\t\t<div class=\"member-info\">\n\t\t\t\t<h3 class=\"member-name\">Ali Aykut BOZ<\/h3>\n\t\t\t\t<div class=\"member-desc\"><p>Founding Partner of Boz T\u0131bbi and vice chairman\u00a0of the board<\/p>\n<\/div>\n\t\t\t\t<div class=\"social-icons\"> <a href=\"https:\/\/www.facebook.com\/ali.a.boz.7\" data-title=\"Facebook\" class=\"facebook\"><i class=\"fa fa-facebook\"><\/i><\/a> <a href=\"https:\/\/www.linkedin.com\/in\/ali-aykut-boz-2b337778\/\" data-title=\"LinkedIn\" class=\"linkedin\"><i class=\"fa fa-linkedin\"><\/i><\/a><\/div>\n\t\t\t<\/div>\n\t\t<\/div>\n\t<\/div>[vc_empty_space height=&#8221;30px&#8221;]\n\t<div class=\"member   vc_custom_1773218206578\">\t\n\t\t<div class=\"member-content\">\n\t\t\t<div class=\"member-image\">\n\t\t\t\t\n\t\t\t\t<div class=\"member-subtitle\">Human Resources<\/div>\n\t\t\t<\/div>\n\t\t\t<div class=\"member-info\">\n\t\t\t\t<h3 class=\"member-name\">Buket YED\u0130R\u0130<\/h3>\n\t\t\t\t<div class=\"member-desc\"><p><a class=\"link\" href=\"mailto:buket.yediri@boztibbi.com\">buket.yediri@boztibbi.com<\/a><\/p>\n<p><a href=\"tel:+903126401690\"><i class=\"fa fa-phone\"><\/i> Call Now!<\/a><\/p>\n<\/div>\n\t\t\t\t<div class=\"social-icons\"> <a href=\"#\" data-title=\"Facebook\" class=\"facebook\"><i class=\"fa fa-facebook\"><\/i><\/a> <a href=\"#\" data-title=\"Twitter\" class=\"twitter\"><i class=\"fa fa-twitter\"><\/i><\/a> <a href=\"#\" data-title=\"LinkedIn\" class=\"linkedin\"><i class=\"fa fa-linkedin\"><\/i><\/a><\/div>\n\t\t\t<\/div>\n\t\t<\/div>\n\t<\/div>[vc_empty_space height=&#8221;30px&#8221;][\/vc_column][\/vc_row][vc_row content_placement=&#8221;bottom&#8221;][vc_column][vc_column_text]<\/p>\n<h3 class=\"no-margin-top\">\u0130nsan\u0131m\u0131z<\/h3>\n<p>Hedeflerimize ula\u015fman\u0131n en \u00f6nemli unsurunun, kalifiye ve mutlu \u00e7al\u0131\u015fanlar oldu\u011funun bilincindeyiz. \u00d6z g\u00fcveni y\u00fcksek, hayallerinin pe\u015finden giden ve bu hayallerini hayata ge\u00e7iren insanlar\u0131n daha mutlu olaca\u011f\u0131na inan\u0131yoruz.<\/p>\n<p>Boz T\u0131bbi&#8217;deki kariyer f\u0131rsatlar\u0131n\u0131 incelemek ve aram\u0131za kat\u0131lmak i\u00e7in alttaki ba\u011flant\u0131y\u0131 kullanarak g\u00fcncel i\u015f ilanlar\u0131m\u0131z\u0131 inceleyebilirsiniz.[\/vc_column_text][vc_empty_space height=&#8221;20&#8243;][vc_column_text]<a class=\"link\" href=\"https:\/\/www.boztibbi.com\/kurumsal\/insan-kaynaklari\/\">Aram\u0131za Kat\u0131l<\/a>[\/vc_column_text][vc_empty_space height=&#8221;20px&#8221;][\/vc_column][\/vc_row]<\/p>\n<\/div>","protected":false},"excerpt":{"rendered":"<p>[vc_row][vc_column width=&#8221;1\/4&#8243;][vc_custom_heading text=&#8221;Professional Team&#8221; font_container=&#8221;tag:h3|text_align:left&#8221; use_theme_fonts=&#8221;yes&#8221;][vc_empty_space height=&#8221;20px&#8221;][\/vc_column][vc_column width=&#8221;3\/4&#8243;][vc_column_text]Boz Medical is a company with more than 150 employees and headquarters in Ankara. We are trying to be at every corner of life, make life easier, and provide constant development with our products. We combine professional and multi-cultural approach of our employees with unique and long-lasting responsibility [&hellip;]<\/p>\n","protected":false},"author":1,"featured_media":0,"parent":3428,"menu_order":0,"comment_status":"closed","ping_status":"closed","template":"","meta":{"_acf_changed":false,"footnotes":""},"class_list":["post-3446","page","type-page","status-publish","hentry"],"acf":[],"yoast_head":"<!-- This site is optimized with the Yoast SEO plugin v21.6 - https:\/\/yoast.com\/wordpress\/plugins\/seo\/ -->\n<title>Our Team - Boz Medical Supplies<\/title>\n<meta name=\"description\" content=\"Boz Medical is a company with more than 150 employees and a headquarters in Ankara. You can access the management staff and other team members of the Boz here.\" \/>\n<meta name=\"robots\" content=\"index, follow, max-snippet:-1, max-image-preview:large, max-video-preview:-1\" \/>\n<link rel=\"canonical\" href=\"https:\/\/www.boztibbi.com\/en\/corporate\/our-team\/\" \/>\n<meta property=\"og:locale\" content=\"en_US\" \/>\n<meta property=\"og:type\" content=\"article\" \/>\n<meta property=\"og:title\" content=\"Our Team - Boz Medical Supplies\" \/>\n<meta property=\"og:description\" content=\"Boz Medical is a company with more than 150 employees and a headquarters in Ankara. You can access the management staff and other team members of the Boz here.\" \/>\n<meta property=\"og:url\" content=\"https:\/\/www.boztibbi.com\/en\/corporate\/our-team\/\" \/>\n<meta property=\"og:site_name\" content=\"Boz Medical\" \/>\n<meta property=\"article:publisher\" content=\"https:\/\/www.facebook.com\/bozmedical\/\" \/>\n<meta property=\"article:modified_time\" content=\"2026-03-11T08:36:47+00:00\" \/>\n<meta name=\"twitter:card\" content=\"summary_large_image\" \/>\n<meta name=\"twitter:site\" content=\"@bozmedical\" \/>\n<script type=\"application\/ld+json\" class=\"yoast-schema-graph\">{\"@context\":\"https:\/\/schema.org\",\"@graph\":[{\"@type\":\"WebPage\",\"@id\":\"https:\/\/www.boztibbi.com\/en\/corporate\/our-team\/\",\"url\":\"https:\/\/www.boztibbi.com\/en\/corporate\/our-team\/\",\"name\":\"Our Team - Boz Medical Supplies\",\"isPartOf\":{\"@id\":\"https:\/\/www.boztibbi.com\/#website\"},\"datePublished\":\"2017-10-02T02:32:28+00:00\",\"dateModified\":\"2026-03-11T08:36:47+00:00\",\"description\":\"Boz Medical is a company with more than 150 employees and a headquarters in Ankara. You can access the management staff and other team members of the Boz here.\",\"breadcrumb\":{\"@id\":\"https:\/\/www.boztibbi.com\/en\/corporate\/our-team\/#breadcrumb\"},\"inLanguage\":\"en-US\",\"potentialAction\":[{\"@type\":\"ReadAction\",\"target\":[\"https:\/\/www.boztibbi.com\/en\/corporate\/our-team\/\"]}]},{\"@type\":\"BreadcrumbList\",\"@id\":\"https:\/\/www.boztibbi.com\/en\/corporate\/our-team\/#breadcrumb\",\"itemListElement\":[{\"@type\":\"ListItem\",\"position\":1,\"name\":\"Home Page\",\"item\":\"https:\/\/www.boztibbi.com\/en\/\"},{\"@type\":\"ListItem\",\"position\":2,\"name\":\"Corporate\",\"item\":\"https:\/\/www.boztibbi.com\/en\/corporate\/\"},{\"@type\":\"ListItem\",\"position\":3,\"name\":\"Our Team\"}]},{\"@type\":\"WebSite\",\"@id\":\"https:\/\/www.boztibbi.com\/#website\",\"url\":\"https:\/\/www.boztibbi.com\/\",\"name\":\"Boz Medical\",\"description\":\"Surgical Sutures, Absorbable Hemostats and Surgical Meshes\",\"publisher\":{\"@id\":\"https:\/\/www.boztibbi.com\/#organization\"},\"potentialAction\":[{\"@type\":\"SearchAction\",\"target\":{\"@type\":\"EntryPoint\",\"urlTemplate\":\"https:\/\/www.boztibbi.com\/?s={search_term_string}\"},\"query-input\":\"required name=search_term_string\"}],\"inLanguage\":\"en-US\"},{\"@type\":\"Organization\",\"@id\":\"https:\/\/www.boztibbi.com\/#organization\",\"name\":\"Boz T\u0131bbi Malzeme Sanayi ve Ticaret A.\u015e.\",\"url\":\"https:\/\/www.boztibbi.com\/\",\"logo\":{\"@type\":\"ImageObject\",\"inLanguage\":\"en-US\",\"@id\":\"https:\/\/www.boztibbi.com\/#\/schema\/logo\/image\/\",\"url\":\"https:\/\/www.boztibbi.com\/wp-content\/uploads\/2018\/08\/boz-t\u0131bbi-malzemeler-medikal-tekstil-t\u00fcrkiye-istanbul-ankara-u\u015fak.png\",\"contentUrl\":\"https:\/\/www.boztibbi.com\/wp-content\/uploads\/2018\/08\/boz-t\u0131bbi-malzemeler-medikal-tekstil-t\u00fcrkiye-istanbul-ankara-u\u015fak.png\",\"width\":1024,\"height\":683,\"caption\":\"Boz T\u0131bbi Malzeme Sanayi ve Ticaret A.\u015e.\"},\"image\":{\"@id\":\"https:\/\/www.boztibbi.com\/#\/schema\/logo\/image\/\"},\"sameAs\":[\"https:\/\/www.facebook.com\/bozmedical\/\",\"https:\/\/twitter.com\/bozmedical\"]}]}<\/script>\n<!-- \/ Yoast SEO plugin. -->","yoast_head_json":{"title":"Our Team - Boz Medical Supplies","description":"Boz Medical is a company with more than 150 employees and a headquarters in Ankara. You can access the management staff and other team members of the Boz here.","robots":{"index":"index","follow":"follow","max-snippet":"max-snippet:-1","max-image-preview":"max-image-preview:large","max-video-preview":"max-video-preview:-1"},"canonical":"https:\/\/www.boztibbi.com\/en\/corporate\/our-team\/","og_locale":"en_US","og_type":"article","og_title":"Our Team - Boz Medical Supplies","og_description":"Boz Medical is a company with more than 150 employees and a headquarters in Ankara. You can access the management staff and other team members of the Boz here.","og_url":"https:\/\/www.boztibbi.com\/en\/corporate\/our-team\/","og_site_name":"Boz Medical","article_publisher":"https:\/\/www.facebook.com\/bozmedical\/","article_modified_time":"2026-03-11T08:36:47+00:00","twitter_card":"summary_large_image","twitter_site":"@bozmedical","schema":{"@context":"https:\/\/schema.org","@graph":[{"@type":"WebPage","@id":"https:\/\/www.boztibbi.com\/en\/corporate\/our-team\/","url":"https:\/\/www.boztibbi.com\/en\/corporate\/our-team\/","name":"Our Team - Boz Medical Supplies","isPartOf":{"@id":"https:\/\/www.boztibbi.com\/#website"},"datePublished":"2017-10-02T02:32:28+00:00","dateModified":"2026-03-11T08:36:47+00:00","description":"Boz Medical is a company with more than 150 employees and a headquarters in Ankara. You can access the management staff and other team members of the Boz here.","breadcrumb":{"@id":"https:\/\/www.boztibbi.com\/en\/corporate\/our-team\/#breadcrumb"},"inLanguage":"en-US","potentialAction":[{"@type":"ReadAction","target":["https:\/\/www.boztibbi.com\/en\/corporate\/our-team\/"]}]},{"@type":"BreadcrumbList","@id":"https:\/\/www.boztibbi.com\/en\/corporate\/our-team\/#breadcrumb","itemListElement":[{"@type":"ListItem","position":1,"name":"Home Page","item":"https:\/\/www.boztibbi.com\/en\/"},{"@type":"ListItem","position":2,"name":"Corporate","item":"https:\/\/www.boztibbi.com\/en\/corporate\/"},{"@type":"ListItem","position":3,"name":"Our Team"}]},{"@type":"WebSite","@id":"https:\/\/www.boztibbi.com\/#website","url":"https:\/\/www.boztibbi.com\/","name":"Boz Medical","description":"Surgical Sutures, Absorbable Hemostats and Surgical Meshes","publisher":{"@id":"https:\/\/www.boztibbi.com\/#organization"},"potentialAction":[{"@type":"SearchAction","target":{"@type":"EntryPoint","urlTemplate":"https:\/\/www.boztibbi.com\/?s={search_term_string}"},"query-input":"required name=search_term_string"}],"inLanguage":"en-US"},{"@type":"Organization","@id":"https:\/\/www.boztibbi.com\/#organization","name":"Boz T\u0131bbi Malzeme Sanayi ve Ticaret A.\u015e.","url":"https:\/\/www.boztibbi.com\/","logo":{"@type":"ImageObject","inLanguage":"en-US","@id":"https:\/\/www.boztibbi.com\/#\/schema\/logo\/image\/","url":"https:\/\/www.boztibbi.com\/wp-content\/uploads\/2018\/08\/boz-t\u0131bbi-malzemeler-medikal-tekstil-t\u00fcrkiye-istanbul-ankara-u\u015fak.png","contentUrl":"https:\/\/www.boztibbi.com\/wp-content\/uploads\/2018\/08\/boz-t\u0131bbi-malzemeler-medikal-tekstil-t\u00fcrkiye-istanbul-ankara-u\u015fak.png","width":1024,"height":683,"caption":"Boz T\u0131bbi Malzeme Sanayi ve Ticaret A.\u015e."},"image":{"@id":"https:\/\/www.boztibbi.com\/#\/schema\/logo\/image\/"},"sameAs":["https:\/\/www.facebook.com\/bozmedical\/","https:\/\/twitter.com\/bozmedical"]}]}},"_links":{"self":[{"href":"https:\/\/www.boztibbi.com\/en\/wp-json\/wp\/v2\/pages\/3446","targetHints":{"allow":["GET"]}}],"collection":[{"href":"https:\/\/www.boztibbi.com\/en\/wp-json\/wp\/v2\/pages"}],"about":[{"href":"https:\/\/www.boztibbi.com\/en\/wp-json\/wp\/v2\/types\/page"}],"author":[{"embeddable":true,"href":"https:\/\/www.boztibbi.com\/en\/wp-json\/wp\/v2\/users\/1"}],"replies":[{"embeddable":true,"href":"https:\/\/www.boztibbi.com\/en\/wp-json\/wp\/v2\/comments?post=3446"}],"version-history":[{"count":6,"href":"https:\/\/www.boztibbi.com\/en\/wp-json\/wp\/v2\/pages\/3446\/revisions"}],"predecessor-version":[{"id":15958,"href":"https:\/\/www.boztibbi.com\/en\/wp-json\/wp\/v2\/pages\/3446\/revisions\/15958"}],"up":[{"embeddable":true,"href":"https:\/\/www.boztibbi.com\/en\/wp-json\/wp\/v2\/pages\/3428"}],"wp:attachment":[{"href":"https:\/\/www.boztibbi.com\/en\/wp-json\/wp\/v2\/media?parent=3446"}],"curies":[{"name":"wp","href":"https:\/\/api.w.org\/{rel}","templated":true}]}}