{"id":3443,"date":"2017-10-02T02:36:42","date_gmt":"2017-10-02T02:36:42","guid":{"rendered":"https:\/\/www.boztibbi.com\/corporate\/musteri-memnuniyeti\/"},"modified":"2022-12-22T14:55:55","modified_gmt":"2022-12-22T11:55:55","slug":"customer-satisfaction","status":"publish","type":"page","link":"https:\/\/www.boztibbi.com\/en\/corporate\/customer-satisfaction\/","title":{"rendered":"Customer Satisfaction"},"content":{"rendered":"<div class=\"wpb-content-wrapper\"><p>[vc_row css=&#8221;.vc_custom_1529403450828{margin-right: 0px !important;margin-bottom: 50px !important;margin-left: 0px !important;padding-top: 80px !important;padding-right: 40px !important;padding-bottom: 80px !important;padding-left: 40px !important;background-image: url(https:\/\/www.boztibbi.com\/wp-content\/uploads\/2018\/06\/boz-t\u0131bbi-m\u00fc\u015fteri-politikas\u0131-mutlu-doktor-hastane-personeli.jpg?id=1906) !important;background-position: center !important;background-repeat: no-repeat !important;background-size: cover !important;}&#8221;][vc_column width=&#8221;1\/2&#8243;][\/vc_column][vc_column width=&#8221;1\/2&#8243;][vc_column_text]<\/p>\n<h3 class=\"no-margin-top no-margin-bottom\" style=\"font-size: 3rem;\">Quality Products That Make Life Easier<\/h3>\n<p>[\/vc_column_text][\/vc_column][\/vc_row][vc_row][vc_column][vc_row_inner][vc_column_inner width=&#8221;1\/3&#8243;][vc_custom_heading text=&#8221;Customer Satisfaction&#8221; font_container=&#8221;tag:h3|text_align:left&#8221; use_theme_fonts=&#8221;yes&#8221;][vc_empty_space height=&#8221;20px&#8221;][\/vc_column_inner][vc_column_inner width=&#8221;2\/3&#8243;][vc_column_text]Principle of Boz Medical since the day of establishment is to offer high-quality products that will make life easier for customer and enrich their life. Our company adopts customer satisfaction and environmentally conscious approach and defines the secret of success as \u201cquality product, superb sales force, and effective after sales services\u201d.<\/p>\n<p>Boz Medical\u2019s secret for success are product quality, strong sales organisation, and effective after sales services. This formula had never changed since the first day.<\/p>\n<p>Today, in all the markets we are in, we never end our customer relations with sales. On contrary, it starts with purchasing and continues all the way. Our customer satisfaction model is standardised and the source of this model is customer-oriented approach. As main principle of satisfaction, we have emphasised <a href=\"https:\/\/www.boztibbi.com\/en\/corporate\/quality-policy\/\">Quality Policies<\/a>.[\/vc_column_text][vc_empty_space height=&#8221;50px&#8221;][\/vc_column_inner][\/vc_row_inner][vc_row_inner][vc_column_inner width=&#8221;1\/3&#8243;][vc_custom_heading text=&#8221;Our Satisfaction Policy&#8221; font_container=&#8221;tag:h3|text_align:left&#8221; use_theme_fonts=&#8221;yes&#8221;][vc_empty_space height=&#8221;20px&#8221;][\/vc_column_inner][vc_column_inner width=&#8221;2\/3&#8243;][vc_column_text]We are accepting all demands and recommendations regarding our products from all channels without any customer profile distinction (phone, fax, e-mail, www.boztibbi.com, letter, social media, franchise). When we receive demands and recommendations from our customers, we are forwarding these demands to related departments. All demands are answered within 24 hours after the related unit is notified. All process is collected under traceable, reportable, transparent, and secure single information pool. All these records are handled and evaluated under related legal regulations, and in objective, fair, and private way.<\/p>\n<p>We adopt a customer-oriented approach where processes are constantly controlled and improved, and perfect customer experience is accepted as main principle. In line with our approach, we integrated digital management system to all our processes that controls each other. Management objectives are supplied on this system.[\/vc_column_text][vc_empty_space height=&#8221;50px&#8221;][\/vc_column_inner][\/vc_row_inner][\/vc_column][\/vc_row]<\/p>\n<\/div>","protected":false},"excerpt":{"rendered":"<p>[vc_row css=&#8221;.vc_custom_1529403450828{margin-right: 0px !important;margin-bottom: 50px !important;margin-left: 0px !important;padding-top: 80px !important;padding-right: 40px !important;padding-bottom: 80px !important;padding-left: 40px !important;background-image: url(https:\/\/www.boztibbi.com\/wp-content\/uploads\/2018\/06\/boz-t\u0131bbi-m\u00fc\u015fteri-politikas\u0131-mutlu-doktor-hastane-personeli.jpg?id=1906) !important;background-position: center !important;background-repeat: no-repeat !important;background-size: cover !important;}&#8221;][vc_column width=&#8221;1\/2&#8243;][\/vc_column][vc_column width=&#8221;1\/2&#8243;][vc_column_text] Quality Products That Make Life Easier [\/vc_column_text][\/vc_column][\/vc_row][vc_row][vc_column][vc_row_inner][vc_column_inner width=&#8221;1\/3&#8243;][vc_custom_heading text=&#8221;Customer Satisfaction&#8221; font_container=&#8221;tag:h3|text_align:left&#8221; use_theme_fonts=&#8221;yes&#8221;][vc_empty_space height=&#8221;20px&#8221;][\/vc_column_inner][vc_column_inner width=&#8221;2\/3&#8243;][vc_column_text]Principle of Boz Medical since the day of establishment is to offer high-quality products that will [&hellip;]<\/p>\n","protected":false},"author":1,"featured_media":0,"parent":3428,"menu_order":0,"comment_status":"closed","ping_status":"closed","template":"","meta":{"_acf_changed":false,"footnotes":""},"class_list":["post-3443","page","type-page","status-publish","hentry"],"acf":[],"yoast_head":"<!-- This site is optimized with the Yoast SEO plugin v21.6 - https:\/\/yoast.com\/wordpress\/plugins\/seo\/ -->\n<title>Customer Satisfaction - Boz Medical Supplies<\/title>\n<meta name=\"description\" content=\"Acting with customer satisfaction and care for the environmental, Boz identifies the secret to his success as quality products, superior sales force and effective aftersales service.\" \/>\n<meta name=\"robots\" content=\"index, follow, max-snippet:-1, max-image-preview:large, max-video-preview:-1\" \/>\n<link rel=\"canonical\" href=\"https:\/\/www.boztibbi.com\/kurumsal\/musteri-memnuniyeti\/\" \/>\n<meta property=\"og:locale\" content=\"en_US\" \/>\n<meta property=\"og:type\" content=\"article\" \/>\n<meta property=\"og:title\" content=\"Customer Satisfaction - Boz Medical Supplies\" \/>\n<meta property=\"og:description\" content=\"Acting with customer satisfaction and care for the environmental, Boz identifies the secret to his success as quality products, superior sales force and effective aftersales service.\" \/>\n<meta property=\"og:url\" content=\"https:\/\/www.boztibbi.com\/kurumsal\/musteri-memnuniyeti\/\" \/>\n<meta property=\"og:site_name\" content=\"Boz Medical\" \/>\n<meta property=\"article:publisher\" content=\"https:\/\/www.facebook.com\/bozmedical\/\" \/>\n<meta property=\"article:modified_time\" content=\"2022-12-22T11:55:55+00:00\" \/>\n<meta name=\"twitter:card\" content=\"summary_large_image\" \/>\n<meta name=\"twitter:site\" content=\"@bozmedical\" \/>\n<script type=\"application\/ld+json\" class=\"yoast-schema-graph\">{\"@context\":\"https:\/\/schema.org\",\"@graph\":[{\"@type\":\"WebPage\",\"@id\":\"https:\/\/www.boztibbi.com\/kurumsal\/musteri-memnuniyeti\/\",\"url\":\"https:\/\/www.boztibbi.com\/kurumsal\/musteri-memnuniyeti\/\",\"name\":\"Customer Satisfaction - Boz Medical Supplies\",\"isPartOf\":{\"@id\":\"https:\/\/www.boztibbi.com\/#website\"},\"datePublished\":\"2017-10-02T02:36:42+00:00\",\"dateModified\":\"2022-12-22T11:55:55+00:00\",\"description\":\"Acting with customer satisfaction and care for the environmental, Boz identifies the secret to his success as quality products, superior sales force and effective aftersales service.\",\"breadcrumb\":{\"@id\":\"https:\/\/www.boztibbi.com\/kurumsal\/musteri-memnuniyeti\/#breadcrumb\"},\"inLanguage\":\"en-US\",\"potentialAction\":[{\"@type\":\"ReadAction\",\"target\":[\"https:\/\/www.boztibbi.com\/kurumsal\/musteri-memnuniyeti\/\"]}]},{\"@type\":\"BreadcrumbList\",\"@id\":\"https:\/\/www.boztibbi.com\/kurumsal\/musteri-memnuniyeti\/#breadcrumb\",\"itemListElement\":[{\"@type\":\"ListItem\",\"position\":1,\"name\":\"Home Page\",\"item\":\"https:\/\/www.boztibbi.com\/en\/\"},{\"@type\":\"ListItem\",\"position\":2,\"name\":\"Corporate\",\"item\":\"https:\/\/www.boztibbi.com\/en\/corporate\/\"},{\"@type\":\"ListItem\",\"position\":3,\"name\":\"Customer Satisfaction\"}]},{\"@type\":\"WebSite\",\"@id\":\"https:\/\/www.boztibbi.com\/#website\",\"url\":\"https:\/\/www.boztibbi.com\/\",\"name\":\"Boz Medical\",\"description\":\"Surgical Sutures, Absorbable Hemostats and Surgical Meshes\",\"publisher\":{\"@id\":\"https:\/\/www.boztibbi.com\/#organization\"},\"potentialAction\":[{\"@type\":\"SearchAction\",\"target\":{\"@type\":\"EntryPoint\",\"urlTemplate\":\"https:\/\/www.boztibbi.com\/?s={search_term_string}\"},\"query-input\":\"required name=search_term_string\"}],\"inLanguage\":\"en-US\"},{\"@type\":\"Organization\",\"@id\":\"https:\/\/www.boztibbi.com\/#organization\",\"name\":\"Boz T\u0131bbi Malzeme Sanayi ve Ticaret A.\u015e.\",\"url\":\"https:\/\/www.boztibbi.com\/\",\"logo\":{\"@type\":\"ImageObject\",\"inLanguage\":\"en-US\",\"@id\":\"https:\/\/www.boztibbi.com\/#\/schema\/logo\/image\/\",\"url\":\"https:\/\/www.boztibbi.com\/wp-content\/uploads\/2018\/08\/boz-t\u0131bbi-malzemeler-medikal-tekstil-t\u00fcrkiye-istanbul-ankara-u\u015fak.png\",\"contentUrl\":\"https:\/\/www.boztibbi.com\/wp-content\/uploads\/2018\/08\/boz-t\u0131bbi-malzemeler-medikal-tekstil-t\u00fcrkiye-istanbul-ankara-u\u015fak.png\",\"width\":1024,\"height\":683,\"caption\":\"Boz T\u0131bbi Malzeme Sanayi ve Ticaret A.\u015e.\"},\"image\":{\"@id\":\"https:\/\/www.boztibbi.com\/#\/schema\/logo\/image\/\"},\"sameAs\":[\"https:\/\/www.facebook.com\/bozmedical\/\",\"https:\/\/twitter.com\/bozmedical\"]}]}<\/script>\n<!-- \/ Yoast SEO plugin. -->","yoast_head_json":{"title":"Customer Satisfaction - Boz Medical Supplies","description":"Acting with customer satisfaction and care for the environmental, Boz identifies the secret to his success as quality products, superior sales force and effective aftersales service.","robots":{"index":"index","follow":"follow","max-snippet":"max-snippet:-1","max-image-preview":"max-image-preview:large","max-video-preview":"max-video-preview:-1"},"canonical":"https:\/\/www.boztibbi.com\/kurumsal\/musteri-memnuniyeti\/","og_locale":"en_US","og_type":"article","og_title":"Customer Satisfaction - Boz Medical Supplies","og_description":"Acting with customer satisfaction and care for the environmental, Boz identifies the secret to his success as quality products, superior sales force and effective aftersales service.","og_url":"https:\/\/www.boztibbi.com\/kurumsal\/musteri-memnuniyeti\/","og_site_name":"Boz Medical","article_publisher":"https:\/\/www.facebook.com\/bozmedical\/","article_modified_time":"2022-12-22T11:55:55+00:00","twitter_card":"summary_large_image","twitter_site":"@bozmedical","schema":{"@context":"https:\/\/schema.org","@graph":[{"@type":"WebPage","@id":"https:\/\/www.boztibbi.com\/kurumsal\/musteri-memnuniyeti\/","url":"https:\/\/www.boztibbi.com\/kurumsal\/musteri-memnuniyeti\/","name":"Customer Satisfaction - Boz Medical Supplies","isPartOf":{"@id":"https:\/\/www.boztibbi.com\/#website"},"datePublished":"2017-10-02T02:36:42+00:00","dateModified":"2022-12-22T11:55:55+00:00","description":"Acting with customer satisfaction and care for the environmental, Boz identifies the secret to his success as quality products, superior sales force and effective aftersales service.","breadcrumb":{"@id":"https:\/\/www.boztibbi.com\/kurumsal\/musteri-memnuniyeti\/#breadcrumb"},"inLanguage":"en-US","potentialAction":[{"@type":"ReadAction","target":["https:\/\/www.boztibbi.com\/kurumsal\/musteri-memnuniyeti\/"]}]},{"@type":"BreadcrumbList","@id":"https:\/\/www.boztibbi.com\/kurumsal\/musteri-memnuniyeti\/#breadcrumb","itemListElement":[{"@type":"ListItem","position":1,"name":"Home Page","item":"https:\/\/www.boztibbi.com\/en\/"},{"@type":"ListItem","position":2,"name":"Corporate","item":"https:\/\/www.boztibbi.com\/en\/corporate\/"},{"@type":"ListItem","position":3,"name":"Customer Satisfaction"}]},{"@type":"WebSite","@id":"https:\/\/www.boztibbi.com\/#website","url":"https:\/\/www.boztibbi.com\/","name":"Boz Medical","description":"Surgical Sutures, Absorbable Hemostats and Surgical Meshes","publisher":{"@id":"https:\/\/www.boztibbi.com\/#organization"},"potentialAction":[{"@type":"SearchAction","target":{"@type":"EntryPoint","urlTemplate":"https:\/\/www.boztibbi.com\/?s={search_term_string}"},"query-input":"required name=search_term_string"}],"inLanguage":"en-US"},{"@type":"Organization","@id":"https:\/\/www.boztibbi.com\/#organization","name":"Boz T\u0131bbi Malzeme Sanayi ve Ticaret A.\u015e.","url":"https:\/\/www.boztibbi.com\/","logo":{"@type":"ImageObject","inLanguage":"en-US","@id":"https:\/\/www.boztibbi.com\/#\/schema\/logo\/image\/","url":"https:\/\/www.boztibbi.com\/wp-content\/uploads\/2018\/08\/boz-t\u0131bbi-malzemeler-medikal-tekstil-t\u00fcrkiye-istanbul-ankara-u\u015fak.png","contentUrl":"https:\/\/www.boztibbi.com\/wp-content\/uploads\/2018\/08\/boz-t\u0131bbi-malzemeler-medikal-tekstil-t\u00fcrkiye-istanbul-ankara-u\u015fak.png","width":1024,"height":683,"caption":"Boz T\u0131bbi Malzeme Sanayi ve Ticaret A.\u015e."},"image":{"@id":"https:\/\/www.boztibbi.com\/#\/schema\/logo\/image\/"},"sameAs":["https:\/\/www.facebook.com\/bozmedical\/","https:\/\/twitter.com\/bozmedical"]}]}},"_links":{"self":[{"href":"https:\/\/www.boztibbi.com\/en\/wp-json\/wp\/v2\/pages\/3443","targetHints":{"allow":["GET"]}}],"collection":[{"href":"https:\/\/www.boztibbi.com\/en\/wp-json\/wp\/v2\/pages"}],"about":[{"href":"https:\/\/www.boztibbi.com\/en\/wp-json\/wp\/v2\/types\/page"}],"author":[{"embeddable":true,"href":"https:\/\/www.boztibbi.com\/en\/wp-json\/wp\/v2\/users\/1"}],"replies":[{"embeddable":true,"href":"https:\/\/www.boztibbi.com\/en\/wp-json\/wp\/v2\/comments?post=3443"}],"version-history":[{"count":1,"href":"https:\/\/www.boztibbi.com\/en\/wp-json\/wp\/v2\/pages\/3443\/revisions"}],"predecessor-version":[{"id":11544,"href":"https:\/\/www.boztibbi.com\/en\/wp-json\/wp\/v2\/pages\/3443\/revisions\/11544"}],"up":[{"embeddable":true,"href":"https:\/\/www.boztibbi.com\/en\/wp-json\/wp\/v2\/pages\/3428"}],"wp:attachment":[{"href":"https:\/\/www.boztibbi.com\/en\/wp-json\/wp\/v2\/media?parent=3443"}],"curies":[{"name":"wp","href":"https:\/\/api.w.org\/{rel}","templated":true}]}}