{"id":3440,"date":"2017-10-02T02:27:49","date_gmt":"2017-10-02T02:27:49","guid":{"rendered":"https:\/\/www.boztibbi.com\/corporate\/misyon-ve-degerler\/"},"modified":"2022-12-22T14:51:20","modified_gmt":"2022-12-22T11:51:20","slug":"mission-and-values","status":"publish","type":"page","link":"https:\/\/www.boztibbi.com\/en\/corporate\/mission-and-values\/","title":{"rendered":"Mission and Values"},"content":{"rendered":"<div class=\"wpb-content-wrapper\"><p>[vc_row css=&#8221;.vc_custom_1528705764107{margin-right: 0px !important;margin-left: 0px !important;padding-top: 100px !important;padding-right: 40px !important;padding-bottom: 100px !important;padding-left: 40px !important;background-image: url(https:\/\/www.boztibbi.com\/wp-content\/uploads\/2018\/06\/t\u0131bbi-tekstil-\u00fcretimi-suture-s\u00fct\u00fcr-ameliyat-ipli\u011fi-ankara-istanbul-t\u00fcrkiye-turkey-manufacturing-boz-t\u0131bbi-medical-textile.jpg?id=1797) !important;background-position: center !important;background-repeat: no-repeat !important;background-size: cover !important;}&#8221;][vc_column width=&#8221;2\/3&#8243;][vc_column_text]<\/p>\n<h2 class=\"no-margin-top\" style=\"font-size: 2.5rem; font-weight: 300;\"><span style=\"color: #ffffff;\">Our aim is to be <strong>the best<\/strong> in medical material manufacturing.<\/span><\/h2>\n<p>[\/vc_column_text][\/vc_column][vc_column width=&#8221;1\/3&#8243;][\/vc_column][\/vc_row][vc_row css=&#8221;.vc_custom_1510549832750{padding-top: 50px !important;}&#8221;][vc_column width=&#8221;1\/4&#8243;][vc_custom_heading text=&#8221;A Better Life&#8221; font_container=&#8221;tag:h3|text_align:left&#8221; use_theme_fonts=&#8221;yes&#8221;][vc_empty_space height=&#8221;20px&#8221;][\/vc_column][vc_column width=&#8221;3\/4&#8243;][vc_column_text]Our innovation oriented approach is to make lives of millions of people better. We are offering our help to patients around the world by preventing, soothing, treating diseases, and providing better diagnosis opportunities.<\/p>\n<p>We ensure that high-quality medical materials are supplied at adequate levels. With our materials manufactured with advanced technology, we contribute to effectively use energy and resources. Boz Medical is based on tens of years of experience that form the foundation to reach these objectives and our company combined high technology medical material expertise with animal and plant health. Our key to supply medical products in all markets is our focus on innovation. Another source of this key is considering needs of other shareholders in our society while creating value for our customers and employees.[\/vc_column_text][\/vc_column][\/vc_row][vc_row css=&#8221;.vc_custom_1510549832750{padding-top: 50px !important;}&#8221;][vc_column width=&#8221;1\/4&#8243;][vc_custom_heading text=&#8221;Our Values&#8221; font_container=&#8221;tag:h3|text_align:left&#8221; use_theme_fonts=&#8221;yes&#8221;][vc_empty_space height=&#8221;20px&#8221;][\/vc_column][vc_column width=&#8221;3\/4&#8243;][vc_column_text]In our activities, we are committed to undertake sustainability as well as social and ethical responsibilities. Boz Medicals Leadership, Efficiency, Correctness, and Flexibility values are directing to realise our \u201cA Better Life\u201d mission.<\/p>\n<h6>LEADERSHIP<\/h6>\n<ul>\n<li>Protecting employee and performance<\/li>\n<li>Taking personal initiatives, inspiring and motivating others<\/li>\n<li>Taking responsibility for actions, results, successful, and unsuccessful attempts<\/li>\n<li>Being fair and respectful towards others<\/li>\n<li>Open, sincere, and on-time feedback<\/li>\n<li>Managing all conflicts in constructive manner<\/li>\n<li>Creating value for all shareholders<\/li>\n<\/ul>\n<h6>EFFICIENCY<\/h6>\n<ul>\n<li>Smart resource management<\/li>\n<li>Focusing on value creating activities<\/li>\n<li>Simple and effective business<\/li>\n<li>Affordable, fast, and high quality business<\/li>\n<li>Taking responsibility for consistent application<\/li>\n<li>Accelerating better decision making processes<\/li>\n<li>Working together to find better solutions<\/li>\n<\/ul>\n<h6>CORRECTNESS<\/h6>\n<ul>\n<li>Setting an example<\/li>\n<li>Complying with laws, rules, and good business ethics<\/li>\n<li>Trusting others and forming trustful relationships<\/li>\n<li>Being trustworthy and reliable<\/li>\n<li>Listening carefully and maintaining appropriate communication<\/li>\n<li>Ensuring sustainability<\/li>\n<li>Caring for people, safety, and environment<\/li>\n<\/ul>\n<h6>FLEXIBILITY<\/h6>\n<ul>\n<li>Managing change in effective manner<\/li>\n<li>Being prepared to comply with future trends and requirement<\/li>\n<li>Questioning status quo<\/li>\n<li>Thinking and acting in customer-oriented way<\/li>\n<li>Analysing opportunities and taking calculable risks<\/li>\n<li>Having open mind<\/li>\n<li>Being open to lifelong learning<\/li>\n<\/ul>\n<p>[\/vc_column_text][\/vc_column][\/vc_row]<\/p>\n<\/div>","protected":false},"excerpt":{"rendered":"<p>[vc_row css=&#8221;.vc_custom_1528705764107{margin-right: 0px !important;margin-left: 0px !important;padding-top: 100px !important;padding-right: 40px !important;padding-bottom: 100px !important;padding-left: 40px !important;background-image: url(https:\/\/www.boztibbi.com\/wp-content\/uploads\/2018\/06\/t\u0131bbi-tekstil-\u00fcretimi-suture-s\u00fct\u00fcr-ameliyat-ipli\u011fi-ankara-istanbul-t\u00fcrkiye-turkey-manufacturing-boz-t\u0131bbi-medical-textile.jpg?id=1797) !important;background-position: center !important;background-repeat: no-repeat !important;background-size: cover !important;}&#8221;][vc_column width=&#8221;2\/3&#8243;][vc_column_text] Our aim is to be the best in medical material manufacturing. [\/vc_column_text][\/vc_column][vc_column width=&#8221;1\/3&#8243;][\/vc_column][\/vc_row][vc_row css=&#8221;.vc_custom_1510549832750{padding-top: 50px !important;}&#8221;][vc_column width=&#8221;1\/4&#8243;][vc_custom_heading text=&#8221;A Better Life&#8221; font_container=&#8221;tag:h3|text_align:left&#8221; use_theme_fonts=&#8221;yes&#8221;][vc_empty_space height=&#8221;20px&#8221;][\/vc_column][vc_column width=&#8221;3\/4&#8243;][vc_column_text]Our innovation oriented approach is to make lives of [&hellip;]<\/p>\n","protected":false},"author":1,"featured_media":0,"parent":3428,"menu_order":0,"comment_status":"closed","ping_status":"closed","template":"","meta":{"_acf_changed":false,"footnotes":""},"class_list":["post-3440","page","type-page","status-publish","hentry"],"acf":[],"yoast_head":"<!-- This site is optimized with the Yoast SEO plugin v21.6 - https:\/\/yoast.com\/wordpress\/plugins\/seo\/ -->\n<title>Mission and Values - Boz Medical Supplies<\/title>\n<meta name=\"description\" content=\"You can access the mission and values of the Boz Medical Company from this page\u2026\" \/>\n<meta name=\"robots\" content=\"index, follow, max-snippet:-1, max-image-preview:large, max-video-preview:-1\" \/>\n<link rel=\"canonical\" href=\"https:\/\/www.boztibbi.com\/kurumsal\/misyon-ve-degerler\/\" \/>\n<meta property=\"og:locale\" content=\"en_US\" \/>\n<meta property=\"og:type\" content=\"article\" \/>\n<meta property=\"og:title\" content=\"Mission and Values - Boz Medical Supplies\" \/>\n<meta property=\"og:description\" content=\"You can access the mission and values of the Boz Medical Company from this page\u2026\" \/>\n<meta property=\"og:url\" content=\"https:\/\/www.boztibbi.com\/kurumsal\/misyon-ve-degerler\/\" \/>\n<meta property=\"og:site_name\" content=\"Boz Medical\" \/>\n<meta property=\"article:publisher\" content=\"https:\/\/www.facebook.com\/bozmedical\/\" \/>\n<meta property=\"article:modified_time\" content=\"2022-12-22T11:51:20+00:00\" \/>\n<meta name=\"twitter:card\" content=\"summary_large_image\" \/>\n<meta name=\"twitter:site\" content=\"@bozmedical\" \/>\n<script type=\"application\/ld+json\" class=\"yoast-schema-graph\">{\"@context\":\"https:\/\/schema.org\",\"@graph\":[{\"@type\":\"WebPage\",\"@id\":\"https:\/\/www.boztibbi.com\/kurumsal\/misyon-ve-degerler\/\",\"url\":\"https:\/\/www.boztibbi.com\/kurumsal\/misyon-ve-degerler\/\",\"name\":\"Mission and Values - Boz Medical Supplies\",\"isPartOf\":{\"@id\":\"https:\/\/www.boztibbi.com\/#website\"},\"datePublished\":\"2017-10-02T02:27:49+00:00\",\"dateModified\":\"2022-12-22T11:51:20+00:00\",\"description\":\"You can access the mission and values of the Boz Medical Company from this page\u2026\",\"breadcrumb\":{\"@id\":\"https:\/\/www.boztibbi.com\/kurumsal\/misyon-ve-degerler\/#breadcrumb\"},\"inLanguage\":\"en-US\",\"potentialAction\":[{\"@type\":\"ReadAction\",\"target\":[\"https:\/\/www.boztibbi.com\/kurumsal\/misyon-ve-degerler\/\"]}]},{\"@type\":\"BreadcrumbList\",\"@id\":\"https:\/\/www.boztibbi.com\/kurumsal\/misyon-ve-degerler\/#breadcrumb\",\"itemListElement\":[{\"@type\":\"ListItem\",\"position\":1,\"name\":\"Home Page\",\"item\":\"https:\/\/www.boztibbi.com\/en\/\"},{\"@type\":\"ListItem\",\"position\":2,\"name\":\"Corporate\",\"item\":\"https:\/\/www.boztibbi.com\/en\/corporate\/\"},{\"@type\":\"ListItem\",\"position\":3,\"name\":\"Mission and Values\"}]},{\"@type\":\"WebSite\",\"@id\":\"https:\/\/www.boztibbi.com\/#website\",\"url\":\"https:\/\/www.boztibbi.com\/\",\"name\":\"Boz Medical\",\"description\":\"Surgical Sutures, Absorbable Hemostats and Surgical Meshes\",\"publisher\":{\"@id\":\"https:\/\/www.boztibbi.com\/#organization\"},\"potentialAction\":[{\"@type\":\"SearchAction\",\"target\":{\"@type\":\"EntryPoint\",\"urlTemplate\":\"https:\/\/www.boztibbi.com\/?s={search_term_string}\"},\"query-input\":\"required name=search_term_string\"}],\"inLanguage\":\"en-US\"},{\"@type\":\"Organization\",\"@id\":\"https:\/\/www.boztibbi.com\/#organization\",\"name\":\"Boz T\u0131bbi Malzeme Sanayi ve Ticaret A.\u015e.\",\"url\":\"https:\/\/www.boztibbi.com\/\",\"logo\":{\"@type\":\"ImageObject\",\"inLanguage\":\"en-US\",\"@id\":\"https:\/\/www.boztibbi.com\/#\/schema\/logo\/image\/\",\"url\":\"https:\/\/www.boztibbi.com\/wp-content\/uploads\/2018\/08\/boz-t\u0131bbi-malzemeler-medikal-tekstil-t\u00fcrkiye-istanbul-ankara-u\u015fak.png\",\"contentUrl\":\"https:\/\/www.boztibbi.com\/wp-content\/uploads\/2018\/08\/boz-t\u0131bbi-malzemeler-medikal-tekstil-t\u00fcrkiye-istanbul-ankara-u\u015fak.png\",\"width\":1024,\"height\":683,\"caption\":\"Boz T\u0131bbi Malzeme Sanayi ve Ticaret A.\u015e.\"},\"image\":{\"@id\":\"https:\/\/www.boztibbi.com\/#\/schema\/logo\/image\/\"},\"sameAs\":[\"https:\/\/www.facebook.com\/bozmedical\/\",\"https:\/\/twitter.com\/bozmedical\"]}]}<\/script>\n<!-- \/ Yoast SEO plugin. -->","yoast_head_json":{"title":"Mission and Values - Boz Medical Supplies","description":"You can access the mission and values of the Boz Medical Company from this page\u2026","robots":{"index":"index","follow":"follow","max-snippet":"max-snippet:-1","max-image-preview":"max-image-preview:large","max-video-preview":"max-video-preview:-1"},"canonical":"https:\/\/www.boztibbi.com\/kurumsal\/misyon-ve-degerler\/","og_locale":"en_US","og_type":"article","og_title":"Mission and Values - Boz Medical Supplies","og_description":"You can access the mission and values of the Boz Medical Company from this page\u2026","og_url":"https:\/\/www.boztibbi.com\/kurumsal\/misyon-ve-degerler\/","og_site_name":"Boz Medical","article_publisher":"https:\/\/www.facebook.com\/bozmedical\/","article_modified_time":"2022-12-22T11:51:20+00:00","twitter_card":"summary_large_image","twitter_site":"@bozmedical","schema":{"@context":"https:\/\/schema.org","@graph":[{"@type":"WebPage","@id":"https:\/\/www.boztibbi.com\/kurumsal\/misyon-ve-degerler\/","url":"https:\/\/www.boztibbi.com\/kurumsal\/misyon-ve-degerler\/","name":"Mission and Values - Boz Medical Supplies","isPartOf":{"@id":"https:\/\/www.boztibbi.com\/#website"},"datePublished":"2017-10-02T02:27:49+00:00","dateModified":"2022-12-22T11:51:20+00:00","description":"You can access the mission and values of the Boz Medical Company from this page\u2026","breadcrumb":{"@id":"https:\/\/www.boztibbi.com\/kurumsal\/misyon-ve-degerler\/#breadcrumb"},"inLanguage":"en-US","potentialAction":[{"@type":"ReadAction","target":["https:\/\/www.boztibbi.com\/kurumsal\/misyon-ve-degerler\/"]}]},{"@type":"BreadcrumbList","@id":"https:\/\/www.boztibbi.com\/kurumsal\/misyon-ve-degerler\/#breadcrumb","itemListElement":[{"@type":"ListItem","position":1,"name":"Home Page","item":"https:\/\/www.boztibbi.com\/en\/"},{"@type":"ListItem","position":2,"name":"Corporate","item":"https:\/\/www.boztibbi.com\/en\/corporate\/"},{"@type":"ListItem","position":3,"name":"Mission and Values"}]},{"@type":"WebSite","@id":"https:\/\/www.boztibbi.com\/#website","url":"https:\/\/www.boztibbi.com\/","name":"Boz Medical","description":"Surgical Sutures, Absorbable Hemostats and Surgical Meshes","publisher":{"@id":"https:\/\/www.boztibbi.com\/#organization"},"potentialAction":[{"@type":"SearchAction","target":{"@type":"EntryPoint","urlTemplate":"https:\/\/www.boztibbi.com\/?s={search_term_string}"},"query-input":"required name=search_term_string"}],"inLanguage":"en-US"},{"@type":"Organization","@id":"https:\/\/www.boztibbi.com\/#organization","name":"Boz T\u0131bbi Malzeme Sanayi ve Ticaret A.\u015e.","url":"https:\/\/www.boztibbi.com\/","logo":{"@type":"ImageObject","inLanguage":"en-US","@id":"https:\/\/www.boztibbi.com\/#\/schema\/logo\/image\/","url":"https:\/\/www.boztibbi.com\/wp-content\/uploads\/2018\/08\/boz-t\u0131bbi-malzemeler-medikal-tekstil-t\u00fcrkiye-istanbul-ankara-u\u015fak.png","contentUrl":"https:\/\/www.boztibbi.com\/wp-content\/uploads\/2018\/08\/boz-t\u0131bbi-malzemeler-medikal-tekstil-t\u00fcrkiye-istanbul-ankara-u\u015fak.png","width":1024,"height":683,"caption":"Boz T\u0131bbi Malzeme Sanayi ve Ticaret A.\u015e."},"image":{"@id":"https:\/\/www.boztibbi.com\/#\/schema\/logo\/image\/"},"sameAs":["https:\/\/www.facebook.com\/bozmedical\/","https:\/\/twitter.com\/bozmedical"]}]}},"_links":{"self":[{"href":"https:\/\/www.boztibbi.com\/en\/wp-json\/wp\/v2\/pages\/3440","targetHints":{"allow":["GET"]}}],"collection":[{"href":"https:\/\/www.boztibbi.com\/en\/wp-json\/wp\/v2\/pages"}],"about":[{"href":"https:\/\/www.boztibbi.com\/en\/wp-json\/wp\/v2\/types\/page"}],"author":[{"embeddable":true,"href":"https:\/\/www.boztibbi.com\/en\/wp-json\/wp\/v2\/users\/1"}],"replies":[{"embeddable":true,"href":"https:\/\/www.boztibbi.com\/en\/wp-json\/wp\/v2\/comments?post=3440"}],"version-history":[{"count":2,"href":"https:\/\/www.boztibbi.com\/en\/wp-json\/wp\/v2\/pages\/3440\/revisions"}],"predecessor-version":[{"id":11536,"href":"https:\/\/www.boztibbi.com\/en\/wp-json\/wp\/v2\/pages\/3440\/revisions\/11536"}],"up":[{"embeddable":true,"href":"https:\/\/www.boztibbi.com\/en\/wp-json\/wp\/v2\/pages\/3428"}],"wp:attachment":[{"href":"https:\/\/www.boztibbi.com\/en\/wp-json\/wp\/v2\/media?parent=3440"}],"curies":[{"name":"wp","href":"https:\/\/api.w.org\/{rel}","templated":true}]}}