{"id":15708,"date":"2025-07-18T10:36:06","date_gmt":"2025-07-18T07:36:06","guid":{"rendered":"https:\/\/www.boztibbi.com\/special-sutures-for-surgical-branches\/brain-and-neurosurgery-sutures\/polidiox-emilebilir-beyin-ve-sinir-cerrahisi-suturu\/"},"modified":"2025-07-31T16:42:11","modified_gmt":"2025-07-31T13:42:11","slug":"polidiox-absorbable-brain-and-neurosurgery-suture","status":"publish","type":"page","link":"https:\/\/www.boztibbi.com\/en\/special-sutures-for-surgical-branches\/brain-and-neurosurgery-sutures\/polidiox-absorbable-brain-and-neurosurgery-suture\/","title":{"rendered":"Polidiox &#8211; Absorbable Brain and Neurosurgery Suture"},"content":{"rendered":"<div class=\"wpb-content-wrapper\"><p>[vc_row][vc_column width=&#8221;1\/2&#8243;][vc_custom_heading text=&#8221;POLIDIOX&#8221; font_container=&#8221;tag:h1|font_size:50px|text_align:left&#8221; use_theme_fonts=&#8221;yes&#8221;][vc_custom_heading text=&#8221;Polydioxanone (PDO)&#8221; font_container=&#8221;tag:h6|font_size:20px|text_align:left&#8221; use_theme_fonts=&#8221;yes&#8221;][vc_empty_space height=&#8221;20px&#8221;][vc_column_text]<a class=\"button no-bg\" href=\"https:\/\/www.boztibbi.com\/en\/products\/sutures\/absorbable-sutures\/polidiox\/\" target=\"_blank\" rel=\"noopener noreferrer\">Absorbable Surgical Suture <sup>Brain and Neurosurgery Suture<\/sup><\/a>[\/vc_column_text][vc_empty_space height=&#8221;20px&#8221;][vc_row_inner][vc_column_inner width=&#8221;1\/2&#8243;]<ul class=\"iconlist iconlist iconlist-icon-mini \"><li ><div class=\"iconlist-item-icon\"><i class=\"sl-arrow-right\"><\/i><span class=\"shapes\"><\/span><\/div><div class=\"iconlist-item-content\">Absorbable<\/div><\/li><li ><div class=\"iconlist-item-icon\"><i class=\"sl-arrow-right\"><\/i><span class=\"shapes\"><\/span><\/div><div class=\"iconlist-item-content\">%100 Polidiaxanone<\/div><\/li><li ><div class=\"iconlist-item-icon\"><i class=\"sl-arrow-right\"><\/i><span class=\"shapes\"><\/span><\/div><div class=\"iconlist-item-content\">Monofilament<\/div><\/li><\/ul>[\/vc_column_inner][vc_column_inner width=&#8221;1\/2&#8243;]<ul class=\"iconlist iconlist iconlist-icon-mini \"><li ><div class=\"iconlist-item-icon\"><i class=\"sl-arrow-right\"><\/i><span class=\"shapes\"><\/span><\/div><div class=\"iconlist-item-content\">Synthetic<\/div><\/li><li ><div class=\"iconlist-item-icon\"><i class=\"sl-arrow-right\"><\/i><span class=\"shapes\"><\/span><\/div><div class=\"iconlist-item-content\">Violet<\/div><\/li><\/ul>[\/vc_column_inner][\/vc_row_inner][\/vc_column][vc_column width=&#8221;1\/2&#8243;][vc_images_carousel images=&#8221;15477,15483,15489,15495&#8243; img_size=&#8221;full&#8221; onclick=&#8221;link_no&#8221; speed=&#8221;3000&#8243; autoplay=&#8221;yes&#8221; hide_pagination_control=&#8221;yes&#8221; hide_prev_next_buttons=&#8221;yes&#8221; wrap=&#8221;yes&#8221; css_animation=&#8221;fadeInRight&#8221;][\/vc_column][\/vc_row][vc_row][vc_column][vc_empty_space height=&#8221;20px&#8221;][vc_column_text]<strong>Polidiox \u2013 Absorbable Brain and Neurosurgical Suture<\/strong> is a polydioxanone (poly(p-dioxanone))-based synthetic surgical suture with a monofilament structure. Due to its absorbable properties, Polidiox is completely absorbed by the body over time, making it particularly preferred in surgical areas where long-term wound support is required. Its purple-colored structure enhances visibility within the surgical field, while its tissue-compatible, nonantigenic, and nonpyrogenic structure ensures safe use.[\/vc_column_text][vc_empty_space height=&#8221;15px&#8221;][vc_column_text]Polidiox sutures, manufactured in specialized sizes and specifications for neurosurgery, are available in thicknesses ranging from USP 7\/0 to USP 2, in lengths from 45 cm to 150 cm, and with stainless steel needles. This suture, which offers an ideal solution for procedures requiring high tissue sensitivity in neurosurgery, can be successfully used in specialized applications such as pediatric neurosurgery, as well as microsurgery and adult cardiovascular tissue. Polidiox, dyed purple with natural dyes, is specifically designed to provide long-term support for absorbable suture requirements.[\/vc_column_text][vc_empty_space height=&#8221;30px&#8221;][\/vc_column][\/vc_row][vc_row][vc_column][vc_column_text]\n<table id=\"tablepress-BPX-EN\" class=\"tablepress tablepress-id-BPX-EN\">\n<thead>\n<tr class=\"row-1 odd\">\n\t<th class=\"column-1\">Needle Size<\/th><th colspan=\"2\" class=\"column-2\">Needle Shape<\/th><th class=\"column-4\">Product Code<\/th><th class=\"column-5\">USP<\/th><th class=\"column-6\">EP<\/th><th class=\"column-7\">Length<\/th><th class=\"column-8\">Piece<\/th><th class=\"column-9\">Color<\/th>\n<\/tr>\n<\/thead>\n<tbody class=\"row-hover\">\n<tr class=\"row-2 even\">\n\t<td rowspan=\"2\" class=\"column-1\">13 mm<\/td><td class=\"column-2\">1\/2 Round Body, Taper Point<br><sub>330 Micron<\/sub><\/td><td class=\"column-3\"><img decoding=\"async\" src=\"https:\/\/www.boztibbi.com\/wp-content\/uploads\/2025\/06\/suture-needle-icons-okuloplasti-orbita-sutur-13.png\" alt=\"\" width=\"100%\" height=\"14px\" class=\"alignnone size-full wp-image-4721\" \/><\/td><td class=\"column-4\">PX1564<\/td><td class=\"column-5\">6\/0<\/td><td class=\"column-6\">0,7<\/td><td class=\"column-7\">75 cm<\/td><td class=\"column-8\">12<\/td><td class=\"column-9\">Violet<\/td>\n<\/tr>\n<tr class=\"row-3 odd\">\n\t<td class=\"column-2\">3\/8 Round Body, Taper Point<br><sub>320 Micron<\/sub><\/td><td class=\"column-3\"><img decoding=\"async\" src=\"https:\/\/www.boztibbi.com\/wp-content\/uploads\/2025\/06\/suture-needle-icons-okuloplasti-orbita-sutur-6.png\" alt=\"\" width=\"100%\" height=\"14px\" class=\"alignnone size-full wp-image-4721\" \/><\/td><td class=\"column-4\">PX1575<\/td><td class=\"column-5\">6\/0<\/td><td class=\"column-6\">0,7<\/td><td class=\"column-7\">45 cm<\/td><td class=\"column-8\">12<\/td><td class=\"column-9\">Violet<\/td>\n<\/tr>\n<\/tbody>\n<\/table>\n<!-- #tablepress-BPX-EN from cache -->[\/vc_column_text][vc_empty_space height=&#8221;30px&#8221;][vc_column_text]Brain surgery sutures are not limited to the products listed above. The list includes the most popular types. If you need different sutures for brain and neurosurgery, you can contact us via the button below and request a product.[\/vc_column_text][vc_empty_space][vc_row_inner][vc_column_inner width=&#8221;1\/2&#8243;][vc_column_text]<a class=\"button download square white\" href=\"https:\/\/www.boztibbi.com\/wp-content\/uploads\/2018\/11\/polidiox-infographic-2018.pdf\" target=\"_blank\" rel=\"noopener noreferrer\"><i class=\"fa fa-file-text-o\"><\/i>DOWNLOAD PRODUCT LIST<\/a>[\/vc_column_text][\/vc_column_inner][vc_column_inner width=&#8221;1\/2&#8243;][vc_column_text]<a class=\"button download square white\" href=\"https:\/\/www.boztibbi.com\/en\/contact\/\" target=\"_blank\" rel=\"noopener noreferrer\"><i class=\"fa fa-file-text-o\"><\/i>CONTACT US<\/a>[\/vc_column_text][\/vc_column_inner][\/vc_row_inner][\/vc_column][\/vc_row]<\/p>\n<\/div>","protected":false},"excerpt":{"rendered":"<p>[vc_row][vc_column width=&#8221;1\/2&#8243;][vc_custom_heading text=&#8221;POLIDIOX&#8221; font_container=&#8221;tag:h1|font_size:50px|text_align:left&#8221; use_theme_fonts=&#8221;yes&#8221;][vc_custom_heading text=&#8221;Polydioxanone (PDO)&#8221; font_container=&#8221;tag:h6|font_size:20px|text_align:left&#8221; use_theme_fonts=&#8221;yes&#8221;][vc_empty_space height=&#8221;20px&#8221;][vc_column_text]Absorbable Surgical Suture Brain and Neurosurgery Suture[\/vc_column_text][vc_empty_space height=&#8221;20px&#8221;][vc_row_inner][vc_column_inner width=&#8221;1\/2&#8243;][\/vc_column_inner][vc_column_inner width=&#8221;1\/2&#8243;][\/vc_column_inner][\/vc_row_inner][\/vc_column][vc_column width=&#8221;1\/2&#8243;][vc_images_carousel images=&#8221;15477,15483,15489,15495&#8243; img_size=&#8221;full&#8221; onclick=&#8221;link_no&#8221; speed=&#8221;3000&#8243; autoplay=&#8221;yes&#8221; hide_pagination_control=&#8221;yes&#8221; hide_prev_next_buttons=&#8221;yes&#8221; wrap=&#8221;yes&#8221; css_animation=&#8221;fadeInRight&#8221;][\/vc_column][\/vc_row][vc_row][vc_column][vc_empty_space height=&#8221;20px&#8221;][vc_column_text]Polidiox \u2013 Absorbable Brain and Neurosurgical Suture is a polydioxanone (poly(p-dioxanone))-based synthetic surgical suture with a monofilament structure. Due to its absorbable properties, Polidiox is completely [&hellip;]<\/p>\n","protected":false},"author":3,"featured_media":0,"parent":15642,"menu_order":0,"comment_status":"closed","ping_status":"closed","template":"","meta":{"_acf_changed":false,"footnotes":""},"class_list":["post-15708","page","type-page","status-publish","hentry"],"acf":[],"yoast_head":"<!-- This site is optimized with the Yoast SEO plugin v21.6 - https:\/\/yoast.com\/wordpress\/plugins\/seo\/ -->\n<title>Polidiox - PDO Absorbable Brain and Neurosurgery Suture - Boz Medical<\/title>\n<meta name=\"description\" content=\"Polidiox is a synthetic neurosurgical suture with a monofilament structure based on polydioxanone (poly(p-dioxanone)).\" \/>\n<meta name=\"robots\" content=\"index, follow, max-snippet:-1, max-image-preview:large, max-video-preview:-1\" \/>\n<link rel=\"canonical\" href=\"https:\/\/www.boztibbi.com\/en\/special-sutures-for-surgical-branches\/brain-and-neurosurgery-sutures\/polidiox-absorbable-brain-and-neurosurgery-suture\/\" \/>\n<meta property=\"og:locale\" content=\"en_US\" \/>\n<meta property=\"og:type\" content=\"article\" \/>\n<meta property=\"og:title\" content=\"Polidiox - PDO Absorbable Brain and Neurosurgery Suture - Boz Medical\" \/>\n<meta property=\"og:description\" content=\"Polidiox is a synthetic neurosurgical suture with a monofilament structure based on polydioxanone (poly(p-dioxanone)).\" \/>\n<meta property=\"og:url\" content=\"https:\/\/www.boztibbi.com\/en\/special-sutures-for-surgical-branches\/brain-and-neurosurgery-sutures\/polidiox-absorbable-brain-and-neurosurgery-suture\/\" \/>\n<meta property=\"og:site_name\" content=\"Boz Medical\" \/>\n<meta property=\"article:publisher\" content=\"https:\/\/www.facebook.com\/bozmedical\/\" \/>\n<meta property=\"article:modified_time\" content=\"2025-07-31T13:42:11+00:00\" \/>\n<meta name=\"twitter:card\" content=\"summary_large_image\" \/>\n<meta name=\"twitter:site\" content=\"@bozmedical\" \/>\n<script type=\"application\/ld+json\" class=\"yoast-schema-graph\">{\"@context\":\"https:\/\/schema.org\",\"@graph\":[{\"@type\":\"WebPage\",\"@id\":\"https:\/\/www.boztibbi.com\/en\/special-sutures-for-surgical-branches\/brain-and-neurosurgery-sutures\/polidiox-absorbable-brain-and-neurosurgery-suture\/\",\"url\":\"https:\/\/www.boztibbi.com\/en\/special-sutures-for-surgical-branches\/brain-and-neurosurgery-sutures\/polidiox-absorbable-brain-and-neurosurgery-suture\/\",\"name\":\"Polidiox - PDO Absorbable Brain and Neurosurgery Suture - Boz Medical\",\"isPartOf\":{\"@id\":\"https:\/\/www.boztibbi.com\/#website\"},\"datePublished\":\"2025-07-18T07:36:06+00:00\",\"dateModified\":\"2025-07-31T13:42:11+00:00\",\"description\":\"Polidiox is a synthetic neurosurgical suture with a monofilament structure based on polydioxanone (poly(p-dioxanone)).\",\"breadcrumb\":{\"@id\":\"https:\/\/www.boztibbi.com\/en\/special-sutures-for-surgical-branches\/brain-and-neurosurgery-sutures\/polidiox-absorbable-brain-and-neurosurgery-suture\/#breadcrumb\"},\"inLanguage\":\"en-US\",\"potentialAction\":[{\"@type\":\"ReadAction\",\"target\":[\"https:\/\/www.boztibbi.com\/en\/special-sutures-for-surgical-branches\/brain-and-neurosurgery-sutures\/polidiox-absorbable-brain-and-neurosurgery-suture\/\"]}]},{\"@type\":\"BreadcrumbList\",\"@id\":\"https:\/\/www.boztibbi.com\/en\/special-sutures-for-surgical-branches\/brain-and-neurosurgery-sutures\/polidiox-absorbable-brain-and-neurosurgery-suture\/#breadcrumb\",\"itemListElement\":[{\"@type\":\"ListItem\",\"position\":1,\"name\":\"Home Page\",\"item\":\"https:\/\/www.boztibbi.com\/en\/\"},{\"@type\":\"ListItem\",\"position\":2,\"name\":\"Special Sutures For Surgical Branches\",\"item\":\"https:\/\/www.boztibbi.com\/en\/special-sutures-for-surgical-branches\/\"},{\"@type\":\"ListItem\",\"position\":3,\"name\":\"Brain and Neurosurgery Sutures\",\"item\":\"https:\/\/www.boztibbi.com\/en\/special-sutures-for-surgical-branches\/brain-and-neurosurgery-sutures\/\"},{\"@type\":\"ListItem\",\"position\":4,\"name\":\"Polidiox &#8211; Absorbable Brain and Neurosurgery Suture\"}]},{\"@type\":\"WebSite\",\"@id\":\"https:\/\/www.boztibbi.com\/#website\",\"url\":\"https:\/\/www.boztibbi.com\/\",\"name\":\"Boz Medical\",\"description\":\"Surgical Sutures, Absorbable Hemostats and Surgical Meshes\",\"publisher\":{\"@id\":\"https:\/\/www.boztibbi.com\/#organization\"},\"potentialAction\":[{\"@type\":\"SearchAction\",\"target\":{\"@type\":\"EntryPoint\",\"urlTemplate\":\"https:\/\/www.boztibbi.com\/?s={search_term_string}\"},\"query-input\":\"required name=search_term_string\"}],\"inLanguage\":\"en-US\"},{\"@type\":\"Organization\",\"@id\":\"https:\/\/www.boztibbi.com\/#organization\",\"name\":\"Boz T\u0131bbi Malzeme Sanayi ve Ticaret A.\u015e.\",\"url\":\"https:\/\/www.boztibbi.com\/\",\"logo\":{\"@type\":\"ImageObject\",\"inLanguage\":\"en-US\",\"@id\":\"https:\/\/www.boztibbi.com\/#\/schema\/logo\/image\/\",\"url\":\"https:\/\/www.boztibbi.com\/wp-content\/uploads\/2018\/08\/boz-t\u0131bbi-malzemeler-medikal-tekstil-t\u00fcrkiye-istanbul-ankara-u\u015fak.png\",\"contentUrl\":\"https:\/\/www.boztibbi.com\/wp-content\/uploads\/2018\/08\/boz-t\u0131bbi-malzemeler-medikal-tekstil-t\u00fcrkiye-istanbul-ankara-u\u015fak.png\",\"width\":1024,\"height\":683,\"caption\":\"Boz T\u0131bbi Malzeme Sanayi ve Ticaret A.\u015e.\"},\"image\":{\"@id\":\"https:\/\/www.boztibbi.com\/#\/schema\/logo\/image\/\"},\"sameAs\":[\"https:\/\/www.facebook.com\/bozmedical\/\",\"https:\/\/twitter.com\/bozmedical\"]}]}<\/script>\n<!-- \/ Yoast SEO plugin. -->","yoast_head_json":{"title":"Polidiox - PDO Absorbable Brain and Neurosurgery Suture - Boz Medical","description":"Polidiox is a synthetic neurosurgical suture with a monofilament structure based on polydioxanone (poly(p-dioxanone)).","robots":{"index":"index","follow":"follow","max-snippet":"max-snippet:-1","max-image-preview":"max-image-preview:large","max-video-preview":"max-video-preview:-1"},"canonical":"https:\/\/www.boztibbi.com\/en\/special-sutures-for-surgical-branches\/brain-and-neurosurgery-sutures\/polidiox-absorbable-brain-and-neurosurgery-suture\/","og_locale":"en_US","og_type":"article","og_title":"Polidiox - PDO Absorbable Brain and Neurosurgery Suture - Boz Medical","og_description":"Polidiox is a synthetic neurosurgical suture with a monofilament structure based on polydioxanone (poly(p-dioxanone)).","og_url":"https:\/\/www.boztibbi.com\/en\/special-sutures-for-surgical-branches\/brain-and-neurosurgery-sutures\/polidiox-absorbable-brain-and-neurosurgery-suture\/","og_site_name":"Boz Medical","article_publisher":"https:\/\/www.facebook.com\/bozmedical\/","article_modified_time":"2025-07-31T13:42:11+00:00","twitter_card":"summary_large_image","twitter_site":"@bozmedical","schema":{"@context":"https:\/\/schema.org","@graph":[{"@type":"WebPage","@id":"https:\/\/www.boztibbi.com\/en\/special-sutures-for-surgical-branches\/brain-and-neurosurgery-sutures\/polidiox-absorbable-brain-and-neurosurgery-suture\/","url":"https:\/\/www.boztibbi.com\/en\/special-sutures-for-surgical-branches\/brain-and-neurosurgery-sutures\/polidiox-absorbable-brain-and-neurosurgery-suture\/","name":"Polidiox - PDO Absorbable Brain and Neurosurgery Suture - Boz Medical","isPartOf":{"@id":"https:\/\/www.boztibbi.com\/#website"},"datePublished":"2025-07-18T07:36:06+00:00","dateModified":"2025-07-31T13:42:11+00:00","description":"Polidiox is a synthetic neurosurgical suture with a monofilament structure based on polydioxanone (poly(p-dioxanone)).","breadcrumb":{"@id":"https:\/\/www.boztibbi.com\/en\/special-sutures-for-surgical-branches\/brain-and-neurosurgery-sutures\/polidiox-absorbable-brain-and-neurosurgery-suture\/#breadcrumb"},"inLanguage":"en-US","potentialAction":[{"@type":"ReadAction","target":["https:\/\/www.boztibbi.com\/en\/special-sutures-for-surgical-branches\/brain-and-neurosurgery-sutures\/polidiox-absorbable-brain-and-neurosurgery-suture\/"]}]},{"@type":"BreadcrumbList","@id":"https:\/\/www.boztibbi.com\/en\/special-sutures-for-surgical-branches\/brain-and-neurosurgery-sutures\/polidiox-absorbable-brain-and-neurosurgery-suture\/#breadcrumb","itemListElement":[{"@type":"ListItem","position":1,"name":"Home Page","item":"https:\/\/www.boztibbi.com\/en\/"},{"@type":"ListItem","position":2,"name":"Special Sutures For Surgical Branches","item":"https:\/\/www.boztibbi.com\/en\/special-sutures-for-surgical-branches\/"},{"@type":"ListItem","position":3,"name":"Brain and Neurosurgery Sutures","item":"https:\/\/www.boztibbi.com\/en\/special-sutures-for-surgical-branches\/brain-and-neurosurgery-sutures\/"},{"@type":"ListItem","position":4,"name":"Polidiox &#8211; Absorbable Brain and Neurosurgery Suture"}]},{"@type":"WebSite","@id":"https:\/\/www.boztibbi.com\/#website","url":"https:\/\/www.boztibbi.com\/","name":"Boz Medical","description":"Surgical Sutures, Absorbable Hemostats and Surgical Meshes","publisher":{"@id":"https:\/\/www.boztibbi.com\/#organization"},"potentialAction":[{"@type":"SearchAction","target":{"@type":"EntryPoint","urlTemplate":"https:\/\/www.boztibbi.com\/?s={search_term_string}"},"query-input":"required name=search_term_string"}],"inLanguage":"en-US"},{"@type":"Organization","@id":"https:\/\/www.boztibbi.com\/#organization","name":"Boz T\u0131bbi Malzeme Sanayi ve Ticaret A.\u015e.","url":"https:\/\/www.boztibbi.com\/","logo":{"@type":"ImageObject","inLanguage":"en-US","@id":"https:\/\/www.boztibbi.com\/#\/schema\/logo\/image\/","url":"https:\/\/www.boztibbi.com\/wp-content\/uploads\/2018\/08\/boz-t\u0131bbi-malzemeler-medikal-tekstil-t\u00fcrkiye-istanbul-ankara-u\u015fak.png","contentUrl":"https:\/\/www.boztibbi.com\/wp-content\/uploads\/2018\/08\/boz-t\u0131bbi-malzemeler-medikal-tekstil-t\u00fcrkiye-istanbul-ankara-u\u015fak.png","width":1024,"height":683,"caption":"Boz T\u0131bbi Malzeme Sanayi ve Ticaret A.\u015e."},"image":{"@id":"https:\/\/www.boztibbi.com\/#\/schema\/logo\/image\/"},"sameAs":["https:\/\/www.facebook.com\/bozmedical\/","https:\/\/twitter.com\/bozmedical"]}]}},"_links":{"self":[{"href":"https:\/\/www.boztibbi.com\/en\/wp-json\/wp\/v2\/pages\/15708","targetHints":{"allow":["GET"]}}],"collection":[{"href":"https:\/\/www.boztibbi.com\/en\/wp-json\/wp\/v2\/pages"}],"about":[{"href":"https:\/\/www.boztibbi.com\/en\/wp-json\/wp\/v2\/types\/page"}],"author":[{"embeddable":true,"href":"https:\/\/www.boztibbi.com\/en\/wp-json\/wp\/v2\/users\/3"}],"replies":[{"embeddable":true,"href":"https:\/\/www.boztibbi.com\/en\/wp-json\/wp\/v2\/comments?post=15708"}],"version-history":[{"count":2,"href":"https:\/\/www.boztibbi.com\/en\/wp-json\/wp\/v2\/pages\/15708\/revisions"}],"predecessor-version":[{"id":15710,"href":"https:\/\/www.boztibbi.com\/en\/wp-json\/wp\/v2\/pages\/15708\/revisions\/15710"}],"up":[{"embeddable":true,"href":"https:\/\/www.boztibbi.com\/en\/wp-json\/wp\/v2\/pages\/15642"}],"wp:attachment":[{"href":"https:\/\/www.boztibbi.com\/en\/wp-json\/wp\/v2\/media?parent=15708"}],"curies":[{"name":"wp","href":"https:\/\/api.w.org\/{rel}","templated":true}]}}