{"id":15684,"date":"2025-07-18T10:21:59","date_gmt":"2025-07-18T07:21:59","guid":{"rendered":"https:\/\/www.boztibbi.com\/special-sutures-for-surgical-branches\/brain-and-neurosurgery-sutures\/fastlak-hizli-emilebilir-beyin-ve-sinir-cerrahisi-suturu\/"},"modified":"2025-07-31T16:02:18","modified_gmt":"2025-07-31T13:02:18","slug":"fastlak-fast-absorbable-brain-and-neurosurgery-suture","status":"publish","type":"page","link":"https:\/\/www.boztibbi.com\/en\/special-sutures-for-surgical-branches\/brain-and-neurosurgery-sutures\/fastlak-fast-absorbable-brain-and-neurosurgery-suture\/","title":{"rendered":"Fastlak &#8211; Fast Absorbable Brain and Neurosurgery Suture"},"content":{"rendered":"<div class=\"wpb-content-wrapper\"><p>[vc_row][vc_column width=&#8221;1\/2&#8243;][vc_custom_heading text=&#8221;FASTLAK&#8221; font_container=&#8221;tag:h1|font_size:50px|text_align:left&#8221; use_theme_fonts=&#8221;yes&#8221;][vc_custom_heading text=&#8221;Polygylicolide Lactide Acit (PGLA)&#8221; font_container=&#8221;tag:h6|font_size:20px|text_align:left&#8221; use_theme_fonts=&#8221;yes&#8221;][vc_empty_space height=&#8221;20px&#8221;][vc_column_text]<a class=\"button no-bg\" href=\"https:\/\/www.boztibbi.com\/en\/products\/sutures\/absorbable-sutures\/fastlak\/\" target=\"_blank\" rel=\"noopener noreferrer\">Fast Absorbable Surgical Suture <sup>Brain and Neurosurgery Suture<\/sup><\/a>[\/vc_column_text][vc_empty_space height=&#8221;20px&#8221;][vc_row_inner][vc_column_inner width=&#8221;1\/2&#8243;]<ul class=\"iconlist iconlist iconlist-icon-mini \"><li ><div class=\"iconlist-item-icon\"><i class=\"sl-arrow-right\"><\/i><span class=\"shapes\"><\/span><\/div><div class=\"iconlist-item-content\">Fast Absorbable<\/div><\/li><li ><div class=\"iconlist-item-icon\"><i class=\"sl-arrow-right\"><\/i><span class=\"shapes\"><\/span><\/div><div class=\"iconlist-item-content\">Poly (Glycolide Lactide) and calcium stearate coated<\/div><\/li><li ><div class=\"iconlist-item-icon\"><i class=\"sl-arrow-right\"><\/i><span class=\"shapes\"><\/span><\/div><div class=\"iconlist-item-content\">Multifilament<\/div><\/li><\/ul>[\/vc_column_inner][vc_column_inner width=&#8221;1\/2&#8243;]<ul class=\"iconlist iconlist iconlist-icon-mini \"><li ><div class=\"iconlist-item-icon\"><i class=\"sl-arrow-right\"><\/i><span class=\"shapes\"><\/span><\/div><div class=\"iconlist-item-content\">Synthetic<\/div><\/li><li ><div class=\"iconlist-item-icon\"><i class=\"sl-arrow-right\"><\/i><span class=\"shapes\"><\/span><\/div><div class=\"iconlist-item-content\">Colorless<\/div><\/li><\/ul>[\/vc_column_inner][\/vc_row_inner][\/vc_column][vc_column width=&#8221;1\/2&#8243;][vc_images_carousel images=&#8221;15421,15427,15433,15439&#8243; img_size=&#8221;full&#8221; onclick=&#8221;link_no&#8221; speed=&#8221;3000&#8243; autoplay=&#8221;yes&#8221; hide_pagination_control=&#8221;yes&#8221; hide_prev_next_buttons=&#8221;yes&#8221; wrap=&#8221;yes&#8221; css_animation=&#8221;fadeInRight&#8221;][\/vc_column][\/vc_row][vc_row][vc_column][vc_empty_space height=&#8221;20px&#8221;][vc_column_text]<strong>Fastlak \u2013 Fast Absorbable Brain and Neurosurgery Suture<\/strong> is a flexible, synthetic, fast absorbable, and sterile surgical suture with a copolymer structure synthesized from 90% glycolide and 10% L-lactide. This multifilament suture, with an empirical formula of (C\u2082H\u2082O\u2082)\u2098(C\u2083H\u2084O\u2082)\u2099, is produced by knitting fibers and is developed with a low molecular weight PGL form that enables rapid hydrolysis and absorption. Used in brain and neurosurgery, Fastlak offers secure attachment in soft tissues, high knot security, and minimal tissue reaction. The coating material is composed of a proprietary blend of calcium stearate, 30% glycolide, and 70% lactide, ensuring a controlled absorption process without damaging the tissue.[\/vc_column_text][vc_empty_space height=&#8221;15px&#8221;][vc_column_text]Fastlak sutures are manufactured in specialized sizes and specifications for neurosurgery. They are available in a wide range of thicknesses from USP 8\/0 to USP 2 (metric 0.4-5), in various lengths, and with various stainless steel needle options. Available in a natural (colorless) form and absorbable within 6 weeks, this surgical suture is designed to meet the delicate demands of neurosurgery. Fastlak, with its absorbable structure that prevents excessive irritation, is preferred for surgical procedures focused on safe, comfortable, and rapid recovery. Offered with the Boz guarantee, Fastlak is an effective and modern suture solution in neurosurgery.[\/vc_column_text][vc_empty_space height=&#8221;30px&#8221;][\/vc_column][\/vc_row][vc_row][vc_column][vc_column_text]\n<table id=\"tablepress-BFL-EN\" class=\"tablepress tablepress-id-BFL-EN\">\n<thead>\n<tr class=\"row-1 odd\">\n\t<th class=\"column-1\">Needle Size<\/th><th colspan=\"2\" class=\"column-2\">Needle Shape<\/th><th class=\"column-4\">Product Code<\/th><th class=\"column-5\">USP<\/th><th class=\"column-6\">EP<\/th><th class=\"column-7\">Length<\/th><th class=\"column-8\">Piece<\/th><th class=\"column-9\">Color<\/th>\n<\/tr>\n<\/thead>\n<tbody class=\"row-hover\">\n<tr class=\"row-2 even\">\n\t<td rowspan=\"2\" class=\"column-1\">13 mm<\/td><td class=\"column-2\">3\/8 Reverse Cutting<br><sub>380 Micron<\/sub><\/td><td class=\"column-3\"><img decoding=\"async\" src=\"https:\/\/www.boztibbi.com\/wp-content\/uploads\/2025\/06\/suture-needle-icons-okuloplasti-orbita-sutur-9.png\" alt=\"\" width=\"100%\" height=\"14px\" class=\"alignnone size-full wp-image-4721\" \/><\/td><td class=\"column-4\">FL1926<\/td><td class=\"column-5\">5\/0<\/td><td class=\"column-6\">1,0<\/td><td class=\"column-7\">45 cm<\/td><td class=\"column-8\">12<\/td><td class=\"column-9\">Colorless<\/td>\n<\/tr>\n<tr class=\"row-3 odd\">\n\t<td class=\"column-2\">1\/2 Round Body, Taper Point<\/td><td class=\"column-3\"><img decoding=\"async\" src=\"https:\/\/www.boztibbi.com\/wp-content\/uploads\/2025\/06\/suture-needle-icons-okuloplasti-orbita-sutur-13.png\" alt=\"\" width=\"100%\" height=\"14px\" class=\"alignnone size-full wp-image-4721\" \/><\/td><td class=\"column-4\">FL1886<\/td><td class=\"column-5\">5\/0<\/td><td class=\"column-6\">1,0<\/td><td class=\"column-7\">75 cm<\/td><td class=\"column-8\">12<\/td><td class=\"column-9\">Colorless<\/td>\n<\/tr>\n<tr class=\"row-4 even\">\n\t<td rowspan=\"3\" class=\"column-1\">16 mm<\/td><td class=\"column-2\">1\/2 Round Body, Taper Point<\/td><td class=\"column-3\"><img decoding=\"async\" src=\"https:\/\/www.boztibbi.com\/wp-content\/uploads\/2025\/06\/suture-needle-icons-okuloplasti-orbita-sutur-13.png\" alt=\"\" width=\"100%\" height=\"14px\" class=\"alignnone size-full wp-image-4721\" \/><\/td><td class=\"column-4\">FL1989<\/td><td class=\"column-5\">5\/0<\/td><td class=\"column-6\">1,0<\/td><td class=\"column-7\">75 cm<\/td><td class=\"column-8\">12<\/td><td class=\"column-9\">Colorless<\/td>\n<\/tr>\n<tr class=\"row-5 odd\">\n\t<td rowspan=\"2\" class=\"column-2\">3\/8 Reverse Cutting<\/td><td rowspan=\"2\" class=\"column-3\"><img decoding=\"async\" src=\"https:\/\/www.boztibbi.com\/wp-content\/uploads\/2025\/06\/suture-needle-icons-okuloplasti-orbita-sutur-9.png\" alt=\"\" width=\"100%\" height=\"14px\" class=\"alignnone size-full wp-image-4721\" \/><\/td><td class=\"column-4\">FL1673<\/td><td class=\"column-5\">6\/0<\/td><td class=\"column-6\">0,7<\/td><td class=\"column-7\">75 cm<\/td><td class=\"column-8\">12<\/td><td class=\"column-9\">Colorless<\/td>\n<\/tr>\n<tr class=\"row-6 even\">\n\t<td class=\"column-4\">FL2019<\/td><td class=\"column-5\">5\/0<\/td><td class=\"column-6\">1,0<\/td><td class=\"column-7\">75 cm<\/td><td class=\"column-8\">12<\/td><td class=\"column-9\">Colorless<\/td>\n<\/tr>\n<\/tbody>\n<\/table>\n<!-- #tablepress-BFL-EN from cache -->[\/vc_column_text][vc_empty_space height=&#8221;30px&#8221;][vc_column_text]Brain surgery sutures are not limited to the products listed above. The list includes the most popular types. If you need different sutures for brain and neurosurgery, you can contact us via the button below and request a product.[\/vc_column_text][vc_empty_space][vc_row_inner][vc_column_inner width=&#8221;1\/2&#8243;][vc_column_text]<a class=\"button download square white\" href=\"https:\/\/www.boztibbi.com\/wp-content\/uploads\/2018\/11\/fastlak-infographic-2018.pdf\" target=\"_blank\" rel=\"noopener noreferrer\"><i class=\"fa fa-file-text-o\"><\/i>DOWNLOAD PRODUCT LIST<\/a>[\/vc_column_text][\/vc_column_inner][vc_column_inner width=&#8221;1\/2&#8243;][vc_column_text]<a class=\"button download square white\" href=\"https:\/\/www.boztibbi.com\/en\/contact\/\" target=\"_blank\" rel=\"noopener noreferrer\"><i class=\"fa fa-file-text-o\"><\/i>CONTACT US<\/a>[\/vc_column_text][\/vc_column_inner][\/vc_row_inner][\/vc_column][\/vc_row]<\/p>\n<\/div>","protected":false},"excerpt":{"rendered":"<p>[vc_row][vc_column width=&#8221;1\/2&#8243;][vc_custom_heading text=&#8221;FASTLAK&#8221; font_container=&#8221;tag:h1|font_size:50px|text_align:left&#8221; use_theme_fonts=&#8221;yes&#8221;][vc_custom_heading text=&#8221;Polygylicolide Lactide Acit (PGLA)&#8221; font_container=&#8221;tag:h6|font_size:20px|text_align:left&#8221; use_theme_fonts=&#8221;yes&#8221;][vc_empty_space height=&#8221;20px&#8221;][vc_column_text]Fast Absorbable Surgical Suture Brain and Neurosurgery Suture[\/vc_column_text][vc_empty_space height=&#8221;20px&#8221;][vc_row_inner][vc_column_inner width=&#8221;1\/2&#8243;][\/vc_column_inner][vc_column_inner width=&#8221;1\/2&#8243;][\/vc_column_inner][\/vc_row_inner][\/vc_column][vc_column width=&#8221;1\/2&#8243;][vc_images_carousel images=&#8221;15421,15427,15433,15439&#8243; img_size=&#8221;full&#8221; onclick=&#8221;link_no&#8221; speed=&#8221;3000&#8243; autoplay=&#8221;yes&#8221; hide_pagination_control=&#8221;yes&#8221; hide_prev_next_buttons=&#8221;yes&#8221; wrap=&#8221;yes&#8221; css_animation=&#8221;fadeInRight&#8221;][\/vc_column][\/vc_row][vc_row][vc_column][vc_empty_space height=&#8221;20px&#8221;][vc_column_text]Fastlak \u2013 Fast Absorbable Brain and Neurosurgery Suture is a flexible, synthetic, fast absorbable, and sterile surgical suture with a copolymer structure synthesized [&hellip;]<\/p>\n","protected":false},"author":3,"featured_media":0,"parent":15642,"menu_order":0,"comment_status":"closed","ping_status":"closed","template":"","meta":{"_acf_changed":false,"footnotes":""},"class_list":["post-15684","page","type-page","status-publish","hentry"],"acf":[],"yoast_head":"<!-- This site is optimized with the Yoast SEO plugin v21.6 - https:\/\/yoast.com\/wordpress\/plugins\/seo\/ -->\n<title>Fastlak - PGLA Fast Absorbable Brain and Neurosurgery Suture - Boz Medical<\/title>\n<meta name=\"description\" content=\"Fastlak is a flexible, synthetic, rapidly absorbable and sterile brain and neurosurgery suture with a copolymer structure synthesized from glycolide and L-lactide.\" \/>\n<meta name=\"robots\" content=\"index, follow, max-snippet:-1, max-image-preview:large, max-video-preview:-1\" \/>\n<link rel=\"canonical\" href=\"https:\/\/www.boztibbi.com\/en\/special-sutures-for-surgical-branches\/brain-and-neurosurgery-sutures\/fastlak-fast-absorbable-brain-and-neurosurgery-suture\/\" \/>\n<meta property=\"og:locale\" content=\"en_US\" \/>\n<meta property=\"og:type\" content=\"article\" \/>\n<meta property=\"og:title\" content=\"Fastlak - PGLA Fast Absorbable Brain and Neurosurgery Suture - Boz Medical\" \/>\n<meta property=\"og:description\" content=\"Fastlak is a flexible, synthetic, rapidly absorbable and sterile brain and neurosurgery suture with a copolymer structure synthesized from glycolide and L-lactide.\" \/>\n<meta property=\"og:url\" content=\"https:\/\/www.boztibbi.com\/en\/special-sutures-for-surgical-branches\/brain-and-neurosurgery-sutures\/fastlak-fast-absorbable-brain-and-neurosurgery-suture\/\" \/>\n<meta property=\"og:site_name\" content=\"Boz Medical\" \/>\n<meta property=\"article:publisher\" content=\"https:\/\/www.facebook.com\/bozmedical\/\" \/>\n<meta property=\"article:modified_time\" content=\"2025-07-31T13:02:18+00:00\" \/>\n<meta name=\"twitter:card\" content=\"summary_large_image\" \/>\n<meta name=\"twitter:site\" content=\"@bozmedical\" \/>\n<script type=\"application\/ld+json\" class=\"yoast-schema-graph\">{\"@context\":\"https:\/\/schema.org\",\"@graph\":[{\"@type\":\"WebPage\",\"@id\":\"https:\/\/www.boztibbi.com\/en\/special-sutures-for-surgical-branches\/brain-and-neurosurgery-sutures\/fastlak-fast-absorbable-brain-and-neurosurgery-suture\/\",\"url\":\"https:\/\/www.boztibbi.com\/en\/special-sutures-for-surgical-branches\/brain-and-neurosurgery-sutures\/fastlak-fast-absorbable-brain-and-neurosurgery-suture\/\",\"name\":\"Fastlak - PGLA Fast Absorbable Brain and Neurosurgery Suture - Boz Medical\",\"isPartOf\":{\"@id\":\"https:\/\/www.boztibbi.com\/#website\"},\"datePublished\":\"2025-07-18T07:21:59+00:00\",\"dateModified\":\"2025-07-31T13:02:18+00:00\",\"description\":\"Fastlak is a flexible, synthetic, rapidly absorbable and sterile brain and neurosurgery suture with a copolymer structure synthesized from glycolide and L-lactide.\",\"breadcrumb\":{\"@id\":\"https:\/\/www.boztibbi.com\/en\/special-sutures-for-surgical-branches\/brain-and-neurosurgery-sutures\/fastlak-fast-absorbable-brain-and-neurosurgery-suture\/#breadcrumb\"},\"inLanguage\":\"en-US\",\"potentialAction\":[{\"@type\":\"ReadAction\",\"target\":[\"https:\/\/www.boztibbi.com\/en\/special-sutures-for-surgical-branches\/brain-and-neurosurgery-sutures\/fastlak-fast-absorbable-brain-and-neurosurgery-suture\/\"]}]},{\"@type\":\"BreadcrumbList\",\"@id\":\"https:\/\/www.boztibbi.com\/en\/special-sutures-for-surgical-branches\/brain-and-neurosurgery-sutures\/fastlak-fast-absorbable-brain-and-neurosurgery-suture\/#breadcrumb\",\"itemListElement\":[{\"@type\":\"ListItem\",\"position\":1,\"name\":\"Home Page\",\"item\":\"https:\/\/www.boztibbi.com\/en\/\"},{\"@type\":\"ListItem\",\"position\":2,\"name\":\"Special Sutures For Surgical Branches\",\"item\":\"https:\/\/www.boztibbi.com\/en\/special-sutures-for-surgical-branches\/\"},{\"@type\":\"ListItem\",\"position\":3,\"name\":\"Brain and Neurosurgery Sutures\",\"item\":\"https:\/\/www.boztibbi.com\/en\/special-sutures-for-surgical-branches\/brain-and-neurosurgery-sutures\/\"},{\"@type\":\"ListItem\",\"position\":4,\"name\":\"Fastlak &#8211; Fast Absorbable Brain and Neurosurgery Suture\"}]},{\"@type\":\"WebSite\",\"@id\":\"https:\/\/www.boztibbi.com\/#website\",\"url\":\"https:\/\/www.boztibbi.com\/\",\"name\":\"Boz Medical\",\"description\":\"Surgical Sutures, Absorbable Hemostats and Surgical Meshes\",\"publisher\":{\"@id\":\"https:\/\/www.boztibbi.com\/#organization\"},\"potentialAction\":[{\"@type\":\"SearchAction\",\"target\":{\"@type\":\"EntryPoint\",\"urlTemplate\":\"https:\/\/www.boztibbi.com\/?s={search_term_string}\"},\"query-input\":\"required name=search_term_string\"}],\"inLanguage\":\"en-US\"},{\"@type\":\"Organization\",\"@id\":\"https:\/\/www.boztibbi.com\/#organization\",\"name\":\"Boz T\u0131bbi Malzeme Sanayi ve Ticaret A.\u015e.\",\"url\":\"https:\/\/www.boztibbi.com\/\",\"logo\":{\"@type\":\"ImageObject\",\"inLanguage\":\"en-US\",\"@id\":\"https:\/\/www.boztibbi.com\/#\/schema\/logo\/image\/\",\"url\":\"https:\/\/www.boztibbi.com\/wp-content\/uploads\/2018\/08\/boz-t\u0131bbi-malzemeler-medikal-tekstil-t\u00fcrkiye-istanbul-ankara-u\u015fak.png\",\"contentUrl\":\"https:\/\/www.boztibbi.com\/wp-content\/uploads\/2018\/08\/boz-t\u0131bbi-malzemeler-medikal-tekstil-t\u00fcrkiye-istanbul-ankara-u\u015fak.png\",\"width\":1024,\"height\":683,\"caption\":\"Boz T\u0131bbi Malzeme Sanayi ve Ticaret A.\u015e.\"},\"image\":{\"@id\":\"https:\/\/www.boztibbi.com\/#\/schema\/logo\/image\/\"},\"sameAs\":[\"https:\/\/www.facebook.com\/bozmedical\/\",\"https:\/\/twitter.com\/bozmedical\"]}]}<\/script>\n<!-- \/ Yoast SEO plugin. -->","yoast_head_json":{"title":"Fastlak - PGLA Fast Absorbable Brain and Neurosurgery Suture - Boz Medical","description":"Fastlak is a flexible, synthetic, rapidly absorbable and sterile brain and neurosurgery suture with a copolymer structure synthesized from glycolide and L-lactide.","robots":{"index":"index","follow":"follow","max-snippet":"max-snippet:-1","max-image-preview":"max-image-preview:large","max-video-preview":"max-video-preview:-1"},"canonical":"https:\/\/www.boztibbi.com\/en\/special-sutures-for-surgical-branches\/brain-and-neurosurgery-sutures\/fastlak-fast-absorbable-brain-and-neurosurgery-suture\/","og_locale":"en_US","og_type":"article","og_title":"Fastlak - PGLA Fast Absorbable Brain and Neurosurgery Suture - Boz Medical","og_description":"Fastlak is a flexible, synthetic, rapidly absorbable and sterile brain and neurosurgery suture with a copolymer structure synthesized from glycolide and L-lactide.","og_url":"https:\/\/www.boztibbi.com\/en\/special-sutures-for-surgical-branches\/brain-and-neurosurgery-sutures\/fastlak-fast-absorbable-brain-and-neurosurgery-suture\/","og_site_name":"Boz Medical","article_publisher":"https:\/\/www.facebook.com\/bozmedical\/","article_modified_time":"2025-07-31T13:02:18+00:00","twitter_card":"summary_large_image","twitter_site":"@bozmedical","schema":{"@context":"https:\/\/schema.org","@graph":[{"@type":"WebPage","@id":"https:\/\/www.boztibbi.com\/en\/special-sutures-for-surgical-branches\/brain-and-neurosurgery-sutures\/fastlak-fast-absorbable-brain-and-neurosurgery-suture\/","url":"https:\/\/www.boztibbi.com\/en\/special-sutures-for-surgical-branches\/brain-and-neurosurgery-sutures\/fastlak-fast-absorbable-brain-and-neurosurgery-suture\/","name":"Fastlak - PGLA Fast Absorbable Brain and Neurosurgery Suture - Boz Medical","isPartOf":{"@id":"https:\/\/www.boztibbi.com\/#website"},"datePublished":"2025-07-18T07:21:59+00:00","dateModified":"2025-07-31T13:02:18+00:00","description":"Fastlak is a flexible, synthetic, rapidly absorbable and sterile brain and neurosurgery suture with a copolymer structure synthesized from glycolide and L-lactide.","breadcrumb":{"@id":"https:\/\/www.boztibbi.com\/en\/special-sutures-for-surgical-branches\/brain-and-neurosurgery-sutures\/fastlak-fast-absorbable-brain-and-neurosurgery-suture\/#breadcrumb"},"inLanguage":"en-US","potentialAction":[{"@type":"ReadAction","target":["https:\/\/www.boztibbi.com\/en\/special-sutures-for-surgical-branches\/brain-and-neurosurgery-sutures\/fastlak-fast-absorbable-brain-and-neurosurgery-suture\/"]}]},{"@type":"BreadcrumbList","@id":"https:\/\/www.boztibbi.com\/en\/special-sutures-for-surgical-branches\/brain-and-neurosurgery-sutures\/fastlak-fast-absorbable-brain-and-neurosurgery-suture\/#breadcrumb","itemListElement":[{"@type":"ListItem","position":1,"name":"Home Page","item":"https:\/\/www.boztibbi.com\/en\/"},{"@type":"ListItem","position":2,"name":"Special Sutures For Surgical Branches","item":"https:\/\/www.boztibbi.com\/en\/special-sutures-for-surgical-branches\/"},{"@type":"ListItem","position":3,"name":"Brain and Neurosurgery Sutures","item":"https:\/\/www.boztibbi.com\/en\/special-sutures-for-surgical-branches\/brain-and-neurosurgery-sutures\/"},{"@type":"ListItem","position":4,"name":"Fastlak &#8211; Fast Absorbable Brain and Neurosurgery Suture"}]},{"@type":"WebSite","@id":"https:\/\/www.boztibbi.com\/#website","url":"https:\/\/www.boztibbi.com\/","name":"Boz Medical","description":"Surgical Sutures, Absorbable Hemostats and Surgical Meshes","publisher":{"@id":"https:\/\/www.boztibbi.com\/#organization"},"potentialAction":[{"@type":"SearchAction","target":{"@type":"EntryPoint","urlTemplate":"https:\/\/www.boztibbi.com\/?s={search_term_string}"},"query-input":"required name=search_term_string"}],"inLanguage":"en-US"},{"@type":"Organization","@id":"https:\/\/www.boztibbi.com\/#organization","name":"Boz T\u0131bbi Malzeme Sanayi ve Ticaret A.\u015e.","url":"https:\/\/www.boztibbi.com\/","logo":{"@type":"ImageObject","inLanguage":"en-US","@id":"https:\/\/www.boztibbi.com\/#\/schema\/logo\/image\/","url":"https:\/\/www.boztibbi.com\/wp-content\/uploads\/2018\/08\/boz-t\u0131bbi-malzemeler-medikal-tekstil-t\u00fcrkiye-istanbul-ankara-u\u015fak.png","contentUrl":"https:\/\/www.boztibbi.com\/wp-content\/uploads\/2018\/08\/boz-t\u0131bbi-malzemeler-medikal-tekstil-t\u00fcrkiye-istanbul-ankara-u\u015fak.png","width":1024,"height":683,"caption":"Boz T\u0131bbi Malzeme Sanayi ve Ticaret A.\u015e."},"image":{"@id":"https:\/\/www.boztibbi.com\/#\/schema\/logo\/image\/"},"sameAs":["https:\/\/www.facebook.com\/bozmedical\/","https:\/\/twitter.com\/bozmedical"]}]}},"_links":{"self":[{"href":"https:\/\/www.boztibbi.com\/en\/wp-json\/wp\/v2\/pages\/15684","targetHints":{"allow":["GET"]}}],"collection":[{"href":"https:\/\/www.boztibbi.com\/en\/wp-json\/wp\/v2\/pages"}],"about":[{"href":"https:\/\/www.boztibbi.com\/en\/wp-json\/wp\/v2\/types\/page"}],"author":[{"embeddable":true,"href":"https:\/\/www.boztibbi.com\/en\/wp-json\/wp\/v2\/users\/3"}],"replies":[{"embeddable":true,"href":"https:\/\/www.boztibbi.com\/en\/wp-json\/wp\/v2\/comments?post=15684"}],"version-history":[{"count":3,"href":"https:\/\/www.boztibbi.com\/en\/wp-json\/wp\/v2\/pages\/15684\/revisions"}],"predecessor-version":[{"id":15689,"href":"https:\/\/www.boztibbi.com\/en\/wp-json\/wp\/v2\/pages\/15684\/revisions\/15689"}],"up":[{"embeddable":true,"href":"https:\/\/www.boztibbi.com\/en\/wp-json\/wp\/v2\/pages\/15642"}],"wp:attachment":[{"href":"https:\/\/www.boztibbi.com\/en\/wp-json\/wp\/v2\/media?parent=15684"}],"curies":[{"name":"wp","href":"https:\/\/api.w.org\/{rel}","templated":true}]}}