{"id":15681,"date":"2025-07-18T10:18:55","date_gmt":"2025-07-18T07:18:55","guid":{"rendered":"https:\/\/www.boztibbi.com\/special-sutures-for-surgical-branches\/brain-and-neurosurgery-sutures\/glikolak-emilebilir-beyin-ve-sinir-cerrahisi-suturu\/"},"modified":"2025-07-31T15:51:29","modified_gmt":"2025-07-31T12:51:29","slug":"glikolak-absorbable-brain-and-neurosurgery-suture","status":"publish","type":"page","link":"https:\/\/www.boztibbi.com\/en\/special-sutures-for-surgical-branches\/brain-and-neurosurgery-sutures\/glikolak-absorbable-brain-and-neurosurgery-suture\/","title":{"rendered":"Glikolak &#8211; Absorbable Brain and Neurosurgery Suture"},"content":{"rendered":"<div class=\"wpb-content-wrapper\"><p>[vc_row][vc_column width=&#8221;1\/2&#8243;][vc_custom_heading text=&#8221;GLIKOLAK&#8221; font_container=&#8221;tag:h1|font_size:50px|text_align:left&#8221; use_theme_fonts=&#8221;yes&#8221;][vc_custom_heading text=&#8221;Polygylicolic Lactic Acid (PGLA)&#8221; font_container=&#8221;tag:h6|font_size:20px|text_align:left&#8221; use_theme_fonts=&#8221;yes&#8221;][vc_empty_space height=&#8221;20px&#8221;][vc_column_text]<a class=\"button no-bg\" href=\"https:\/\/www.boztibbi.com\/en\/products\/sutures\/absorbable-sutures\/glikolak\/\" target=\"_blank\" rel=\"noopener noreferrer\">Absorbable Surgical Suture <sup>Brain and Neurosurgery Suture<\/sup><\/a>[\/vc_column_text][vc_empty_space height=&#8221;20px&#8221;][vc_row_inner][vc_column_inner width=&#8221;1\/2&#8243;]<ul class=\"iconlist iconlist iconlist-icon-mini \"><li ><div class=\"iconlist-item-icon\"><i class=\"sl-arrow-right\"><\/i><span class=\"shapes\"><\/span><\/div><div class=\"iconlist-item-content\">Absorbable<\/div><\/li><li ><div class=\"iconlist-item-icon\"><i class=\"sl-arrow-right\"><\/i><span class=\"shapes\"><\/span><\/div><div class=\"iconlist-item-content\">Poly (Glycolide Lactide) and calcium stearate coated<\/div><\/li><li ><div class=\"iconlist-item-icon\"><i class=\"sl-arrow-right\"><\/i><span class=\"shapes\"><\/span><\/div><div class=\"iconlist-item-content\">Multifilament<\/div><\/li><\/ul>[\/vc_column_inner][vc_column_inner width=&#8221;1\/2&#8243;]<ul class=\"iconlist iconlist iconlist-icon-mini \"><li ><div class=\"iconlist-item-icon\"><i class=\"sl-arrow-right\"><\/i><span class=\"shapes\"><\/span><\/div><div class=\"iconlist-item-content\">Sentetik<\/div><\/li><li ><div class=\"iconlist-item-icon\"><i class=\"sl-arrow-right\"><\/i><span class=\"shapes\"><\/span><\/div><div class=\"iconlist-item-content\">Colorless \/ Violet<\/div><\/li><\/ul>[\/vc_column_inner][\/vc_row_inner][\/vc_column][vc_column width=&#8221;1\/2&#8243;][vc_images_carousel images=&#8221;15369,15375,15387,15381&#8243; img_size=&#8221;full&#8221; onclick=&#8221;link_no&#8221; speed=&#8221;3000&#8243; autoplay=&#8221;yes&#8221; hide_pagination_control=&#8221;yes&#8221; hide_prev_next_buttons=&#8221;yes&#8221; wrap=&#8221;yes&#8221; css_animation=&#8221;fadeInRight&#8221;][\/vc_column][\/vc_row][vc_row][vc_column][vc_empty_space height=&#8221;20px&#8221;][vc_column_text]<strong>Glikolak \u2013 Absorbable Brain and Neurosurgery Suture<\/strong> is a sterile, absorbable surgical suture designed in a striped form with a synthetic structure composed of polyglycolide and lactide. Ideal for suturing applications requiring high precision in neurosurgery, Glikolak offers a smooth transition and minimal tissue trauma in the surgical field. The calcium stearate and poly(glycolide\/lactide) (30\/70) blend in its special coating formula enhances the suture&#8217;s lubrication, facilitating surgical procedures and controlling the absorption process. Dyed purple with natural dyes, Glikolak provides superior visibility in the surgical field.[\/vc_column_text][vc_empty_space height=&#8221;15px&#8221;][vc_column_text]Manufactured in specialized sizes and specifications for neurosurgery, Glikolak sutures are available in 8\/0 thickness, in lengths ranging from 30 cm to 150 cm, and with or without a stainless steel needle. With high tissue compatibility, reliable absorption performance, and minimal tissue reaction, Glikolak is a safe, absorbable suture preferred by surgeons in neurosurgery. With a 55\u201370 day absorption period, Glikolak is an effective and modern solution for professionals seeking successful outcomes in neurosurgery.[\/vc_column_text][vc_empty_space height=&#8221;30px&#8221;][\/vc_column][\/vc_row][vc_row][vc_column][vc_column_text]\n<table id=\"tablepress-BGL-EN\" class=\"tablepress tablepress-id-BGL-EN\">\n<thead>\n<tr class=\"row-1 odd\">\n\t<th class=\"column-1\">Needle Size<\/th><th colspan=\"2\" class=\"column-2\">Needle Shape<\/th><th class=\"column-4\">Product Code<\/th><th class=\"column-5\">USP<\/th><th class=\"column-6\">EP<\/th><th class=\"column-7\">Length<\/th><th class=\"column-8\">Piece<\/th><th class=\"column-9\">Color<\/th>\n<\/tr>\n<\/thead>\n<tbody class=\"row-hover\">\n<tr class=\"row-2 even\">\n\t<td rowspan=\"7\" class=\"column-1\">13 mm<\/td><td rowspan=\"2\" class=\"column-2\">1\/2 Round Body, Taper Point<br><sub>330 Micron<\/sub><\/td><td rowspan=\"2\" class=\"column-3\"><img decoding=\"async\" src=\"https:\/\/www.boztibbi.com\/wp-content\/uploads\/2025\/06\/suture-needle-icons-okuloplasti-orbita-sutur-13.png\" alt=\"\" width=\"100%\" height=\"14px\" class=\"alignnone size-full wp-image-4721\" \/><\/td><td class=\"column-4\">GL1560<\/td><td class=\"column-5\">6\/0<\/td><td class=\"column-6\">0,7<\/td><td class=\"column-7\">45 cm<\/td><td class=\"column-8\">12<\/td><td class=\"column-9\">Violet<\/td>\n<\/tr>\n<tr class=\"row-3 odd\">\n\t<td class=\"column-4\">GL1564<\/td><td class=\"column-5\">6\/0<\/td><td class=\"column-6\">0,7<\/td><td class=\"column-7\">75 cm<\/td><td class=\"column-8\">12<\/td><td class=\"column-9\">Violet<\/td>\n<\/tr>\n<tr class=\"row-4 even\">\n\t<td rowspan=\"2\" class=\"column-2\">1\/2 Round Body, Taper Point<br><sub>430 Micron<\/sub><\/td><td rowspan=\"2\" class=\"column-3\"><img decoding=\"async\" src=\"https:\/\/www.boztibbi.com\/wp-content\/uploads\/2025\/06\/suture-needle-icons-okuloplasti-orbita-sutur-13.png\" alt=\"\" width=\"100%\" height=\"14px\" class=\"alignnone size-full wp-image-4721\" \/><\/td><td class=\"column-4\">GL1894<\/td><td class=\"column-5\">5\/0<\/td><td class=\"column-6\">1,0<\/td><td class=\"column-7\">75 cm<\/td><td class=\"column-8\">12<\/td><td class=\"column-9\">Violet<\/td>\n<\/tr>\n<tr class=\"row-5 odd\">\n\t<td class=\"column-4\">GL1900<\/td><td class=\"column-5\">5\/0<\/td><td class=\"column-6\">1,0<\/td><td class=\"column-7\">90 cm<\/td><td class=\"column-8\">12<\/td><td class=\"column-9\">Violet<\/td>\n<\/tr>\n<tr class=\"row-6 even\">\n\t<td class=\"column-2\">3\/8 Round Body, Taper Point<br><sub>330 Micron<\/sub><\/td><td class=\"column-3\"><img decoding=\"async\" src=\"https:\/\/www.boztibbi.com\/wp-content\/uploads\/2025\/06\/suture-needle-icons-okuloplasti-orbita-sutur-8.png\" alt=\"\" width=\"100%\" height=\"14px\" class=\"alignnone size-full wp-image-4721\" \/><\/td><td class=\"column-4\">GL1580<\/td><td class=\"column-5\">6\/0<\/td><td class=\"column-6\">0,7<\/td><td class=\"column-7\">45 cm<\/td><td class=\"column-8\">12<\/td><td class=\"column-9\">Violet<\/td>\n<\/tr>\n<tr class=\"row-7 odd\">\n\t<td class=\"column-2\">3\/8 Round Body, Taper Point<br><sub>380 Micron<\/sub><\/td><td class=\"column-3\"><img decoding=\"async\" src=\"https:\/\/www.boztibbi.com\/wp-content\/uploads\/2025\/06\/suture-needle-icons-okuloplasti-orbita-sutur-8.png\" alt=\"\" width=\"100%\" height=\"14px\" class=\"alignnone size-full wp-image-4721\" \/><\/td><td class=\"column-4\">GL1914<\/td><td class=\"column-5\">5\/0<\/td><td class=\"column-6\">1,0<\/td><td class=\"column-7\">75 cm<\/td><td class=\"column-8\">12<\/td><td class=\"column-9\">Violet<\/td>\n<\/tr>\n<tr class=\"row-8 even\">\n\t<td class=\"column-2\">3\/8 Round Body, Taper Point<br><sub>430 Micron<\/sub><\/td><td class=\"column-3\"><img decoding=\"async\" src=\"https:\/\/www.boztibbi.com\/wp-content\/uploads\/2025\/06\/suture-needle-icons-okuloplasti-orbita-sutur-8.png\" alt=\"\" width=\"100%\" height=\"14px\" class=\"alignnone size-full wp-image-4721\" \/><\/td><td class=\"column-4\">GL2434<\/td><td class=\"column-5\">4\/0<\/td><td class=\"column-6\">1,5<\/td><td class=\"column-7\">60 cm<\/td><td class=\"column-8\">12<\/td><td class=\"column-9\">Violet<\/td>\n<\/tr>\n<tr class=\"row-9 odd\">\n\t<td rowspan=\"4\" class=\"column-1\">16 mm<\/td><td class=\"column-2\">1\/2 Round Body, Taper Point<\/td><td class=\"column-3\"><img decoding=\"async\" src=\"https:\/\/www.boztibbi.com\/wp-content\/uploads\/2025\/06\/suture-needle-icons-okuloplasti-orbita-sutur-13.png\" alt=\"\" width=\"100%\" height=\"14px\" class=\"alignnone size-full wp-image-4721\" \/><\/td><td class=\"column-4\">GL2504<\/td><td class=\"column-5\">4\/0<\/td><td class=\"column-6\">1,5<\/td><td class=\"column-7\">75 cm<\/td><td class=\"column-8\">12<\/td><td class=\"column-9\">Violet<\/td>\n<\/tr>\n<tr class=\"row-10 even\">\n\t<td class=\"column-2\">3\/8 Reverse Cutting<\/td><td class=\"column-3\"><img decoding=\"async\" src=\"https:\/\/www.boztibbi.com\/wp-content\/uploads\/2025\/06\/suture-needle-icons-okuloplasti-orbita-sutur-12.png\" alt=\"\" width=\"100%\" height=\"14px\" class=\"alignnone size-full wp-image-4751\" \/><\/td><td class=\"column-4\">GL2021<\/td><td class=\"column-5\">5\/0<\/td><td class=\"column-6\">1,0<\/td><td class=\"column-7\">75 cm<\/td><td class=\"column-8\">12<\/td><td class=\"column-9\">Violet<\/td>\n<\/tr>\n<tr class=\"row-11 odd\">\n\t<td class=\"column-2\">3\/8 Inside Cutting<\/td><td class=\"column-3\"><img decoding=\"async\" src=\"https:\/\/www.boztibbi.com\/wp-content\/uploads\/2025\/06\/suture-needle-icons-okuloplasti-orbita-sutur-11.png\" alt=\"\" width=\"100%\" height=\"14px\" class=\"alignnone size-full wp-image-4751\" \/><\/td><td class=\"column-4\">GL2144<\/td><td class=\"column-5\">5\/0<\/td><td class=\"column-6\">1,0<\/td><td class=\"column-7\">75 cm<\/td><td class=\"column-8\">12<\/td><td class=\"column-9\">Violet<\/td>\n<\/tr>\n<tr class=\"row-12 even\">\n\t<td class=\"column-2\">3\/8 Inside Cutting<\/td><td class=\"column-3\"><img decoding=\"async\" src=\"https:\/\/www.boztibbi.com\/wp-content\/uploads\/2025\/06\/suture-needle-icons-okuloplasti-orbita-sutur-11.png\" alt=\"\" width=\"100%\" height=\"14px\" class=\"alignnone size-full wp-image-4751\" \/><\/td><td class=\"column-4\">GL2557<\/td><td class=\"column-5\">4\/0<\/td><td class=\"column-6\">1,5<\/td><td class=\"column-7\">75 cm<\/td><td class=\"column-8\">12<\/td><td class=\"column-9\">Colorless<\/td>\n<\/tr>\n<tr class=\"row-13 odd\">\n\t<td class=\"column-1\">17 mm<\/td><td class=\"column-2\">1\/2 Round Body, Taper Point<\/td><td class=\"column-3\"><img decoding=\"async\" src=\"https:\/\/www.boztibbi.com\/wp-content\/uploads\/2025\/06\/suture-needle-icons-okuloplasti-orbita-sutur-13.png\" alt=\"\" width=\"100%\" height=\"14px\" class=\"alignnone size-full wp-image-4751\" \/><\/td><td class=\"column-4\">GL2165<\/td><td class=\"column-5\">5\/0<\/td><td class=\"column-6\">1,0<\/td><td class=\"column-7\">75 cm<\/td><td class=\"column-8\">12<\/td><td class=\"column-9\">Violet<\/td>\n<\/tr>\n<tr class=\"row-14 even\">\n\t<td class=\"column-1\">19 mm<\/td><td class=\"column-2\">3\/8 Reverse Cutting<\/td><td class=\"column-3\"><img decoding=\"async\" src=\"https:\/\/www.boztibbi.com\/wp-content\/uploads\/2025\/06\/suture-needle-icons-okuloplasti-orbita-sutur-12.png\" alt=\"\" width=\"100%\" height=\"14px\" class=\"alignnone size-full wp-image-4721\" \/><\/td><td class=\"column-4\">GL2206<\/td><td class=\"column-5\">5\/0<\/td><td class=\"column-6\">1,0<\/td><td class=\"column-7\">75 cm<\/td><td class=\"column-8\">12<\/td><td class=\"column-9\">Violet<\/td>\n<\/tr>\n<\/tbody>\n<\/table>\n<!-- #tablepress-BGL-EN from cache -->[\/vc_column_text][vc_empty_space height=&#8221;30px&#8221;][vc_column_text]Brain surgery sutures are not limited to the products listed above. The list includes the most popular types. If you need different sutures for brain and neurosurgery, you can contact us via the button below and request a product.[\/vc_column_text][vc_empty_space][vc_row_inner][vc_column_inner width=&#8221;1\/2&#8243;][vc_column_text]<a class=\"button download square white\" href=\"https:\/\/www.boztibbi.com\/wp-content\/uploads\/2018\/11\/glikolak-infographic-2018.pdf\" target=\"_blank\" rel=\"noopener noreferrer\"><i class=\"fa fa-file-text-o\"><\/i>DOWNLOAD PRODUCT LIST<\/a>[\/vc_column_text][\/vc_column_inner][vc_column_inner width=&#8221;1\/2&#8243;][vc_column_text]<a class=\"button download square white\" href=\"https:\/\/www.boztibbi.com\/en\/contact\/\" target=\"_blank\" rel=\"noopener noreferrer\"><i class=\"fa fa-file-text-o\"><\/i>CONTACT US<\/a>[\/vc_column_text][\/vc_column_inner][\/vc_row_inner][\/vc_column][\/vc_row]<\/p>\n<\/div>","protected":false},"excerpt":{"rendered":"<p>[vc_row][vc_column width=&#8221;1\/2&#8243;][vc_custom_heading text=&#8221;GLIKOLAK&#8221; font_container=&#8221;tag:h1|font_size:50px|text_align:left&#8221; use_theme_fonts=&#8221;yes&#8221;][vc_custom_heading text=&#8221;Polygylicolic Lactic Acid (PGLA)&#8221; font_container=&#8221;tag:h6|font_size:20px|text_align:left&#8221; use_theme_fonts=&#8221;yes&#8221;][vc_empty_space height=&#8221;20px&#8221;][vc_column_text]Absorbable Surgical Suture Brain and Neurosurgery Suture[\/vc_column_text][vc_empty_space height=&#8221;20px&#8221;][vc_row_inner][vc_column_inner width=&#8221;1\/2&#8243;][\/vc_column_inner][vc_column_inner width=&#8221;1\/2&#8243;][\/vc_column_inner][\/vc_row_inner][\/vc_column][vc_column width=&#8221;1\/2&#8243;][vc_images_carousel images=&#8221;15369,15375,15387,15381&#8243; img_size=&#8221;full&#8221; onclick=&#8221;link_no&#8221; speed=&#8221;3000&#8243; autoplay=&#8221;yes&#8221; hide_pagination_control=&#8221;yes&#8221; hide_prev_next_buttons=&#8221;yes&#8221; wrap=&#8221;yes&#8221; css_animation=&#8221;fadeInRight&#8221;][\/vc_column][\/vc_row][vc_row][vc_column][vc_empty_space height=&#8221;20px&#8221;][vc_column_text]Glikolak \u2013 Absorbable Brain and Neurosurgery Suture is a sterile, absorbable surgical suture designed in a striped form with a synthetic structure composed of [&hellip;]<\/p>\n","protected":false},"author":3,"featured_media":0,"parent":15642,"menu_order":0,"comment_status":"closed","ping_status":"closed","template":"","meta":{"_acf_changed":false,"footnotes":""},"class_list":["post-15681","page","type-page","status-publish","hentry"],"acf":[],"yoast_head":"<!-- This site is optimized with the Yoast SEO plugin v21.6 - https:\/\/yoast.com\/wordpress\/plugins\/seo\/ -->\n<title>Glikolak - PGLA Absorbable Brain and Neurosurgery Suture - Boz Medical<\/title>\n<meta name=\"description\" content=\"Glikolak is an absorbable and sterile brain and neurosuregry suture with a synthetic structure consisting of glycolide and lactide.\" \/>\n<meta name=\"robots\" content=\"index, follow, max-snippet:-1, max-image-preview:large, max-video-preview:-1\" \/>\n<link rel=\"canonical\" href=\"https:\/\/www.boztibbi.com\/en\/special-sutures-for-surgical-branches\/brain-and-neurosurgery-sutures\/glikolak-absorbable-brain-and-neurosurgery-suture\/\" \/>\n<meta property=\"og:locale\" content=\"en_US\" \/>\n<meta property=\"og:type\" content=\"article\" \/>\n<meta property=\"og:title\" content=\"Glikolak - PGLA Absorbable Brain and Neurosurgery Suture - Boz Medical\" \/>\n<meta property=\"og:description\" content=\"Glikolak is an absorbable and sterile brain and neurosuregry suture with a synthetic structure consisting of glycolide and lactide.\" \/>\n<meta property=\"og:url\" content=\"https:\/\/www.boztibbi.com\/en\/special-sutures-for-surgical-branches\/brain-and-neurosurgery-sutures\/glikolak-absorbable-brain-and-neurosurgery-suture\/\" \/>\n<meta property=\"og:site_name\" content=\"Boz Medical\" \/>\n<meta property=\"article:publisher\" content=\"https:\/\/www.facebook.com\/bozmedical\/\" \/>\n<meta property=\"article:modified_time\" content=\"2025-07-31T12:51:29+00:00\" \/>\n<meta name=\"twitter:card\" content=\"summary_large_image\" \/>\n<meta name=\"twitter:site\" content=\"@bozmedical\" \/>\n<script type=\"application\/ld+json\" class=\"yoast-schema-graph\">{\"@context\":\"https:\/\/schema.org\",\"@graph\":[{\"@type\":\"WebPage\",\"@id\":\"https:\/\/www.boztibbi.com\/en\/special-sutures-for-surgical-branches\/brain-and-neurosurgery-sutures\/glikolak-absorbable-brain-and-neurosurgery-suture\/\",\"url\":\"https:\/\/www.boztibbi.com\/en\/special-sutures-for-surgical-branches\/brain-and-neurosurgery-sutures\/glikolak-absorbable-brain-and-neurosurgery-suture\/\",\"name\":\"Glikolak - PGLA Absorbable Brain and Neurosurgery Suture - Boz Medical\",\"isPartOf\":{\"@id\":\"https:\/\/www.boztibbi.com\/#website\"},\"datePublished\":\"2025-07-18T07:18:55+00:00\",\"dateModified\":\"2025-07-31T12:51:29+00:00\",\"description\":\"Glikolak is an absorbable and sterile brain and neurosuregry suture with a synthetic structure consisting of glycolide and lactide.\",\"breadcrumb\":{\"@id\":\"https:\/\/www.boztibbi.com\/en\/special-sutures-for-surgical-branches\/brain-and-neurosurgery-sutures\/glikolak-absorbable-brain-and-neurosurgery-suture\/#breadcrumb\"},\"inLanguage\":\"en-US\",\"potentialAction\":[{\"@type\":\"ReadAction\",\"target\":[\"https:\/\/www.boztibbi.com\/en\/special-sutures-for-surgical-branches\/brain-and-neurosurgery-sutures\/glikolak-absorbable-brain-and-neurosurgery-suture\/\"]}]},{\"@type\":\"BreadcrumbList\",\"@id\":\"https:\/\/www.boztibbi.com\/en\/special-sutures-for-surgical-branches\/brain-and-neurosurgery-sutures\/glikolak-absorbable-brain-and-neurosurgery-suture\/#breadcrumb\",\"itemListElement\":[{\"@type\":\"ListItem\",\"position\":1,\"name\":\"Home Page\",\"item\":\"https:\/\/www.boztibbi.com\/en\/\"},{\"@type\":\"ListItem\",\"position\":2,\"name\":\"Special Sutures For Surgical Branches\",\"item\":\"https:\/\/www.boztibbi.com\/en\/special-sutures-for-surgical-branches\/\"},{\"@type\":\"ListItem\",\"position\":3,\"name\":\"Brain and Neurosurgery Sutures\",\"item\":\"https:\/\/www.boztibbi.com\/en\/special-sutures-for-surgical-branches\/brain-and-neurosurgery-sutures\/\"},{\"@type\":\"ListItem\",\"position\":4,\"name\":\"Glikolak &#8211; Absorbable Brain and Neurosurgery Suture\"}]},{\"@type\":\"WebSite\",\"@id\":\"https:\/\/www.boztibbi.com\/#website\",\"url\":\"https:\/\/www.boztibbi.com\/\",\"name\":\"Boz Medical\",\"description\":\"Surgical Sutures, Absorbable Hemostats and Surgical Meshes\",\"publisher\":{\"@id\":\"https:\/\/www.boztibbi.com\/#organization\"},\"potentialAction\":[{\"@type\":\"SearchAction\",\"target\":{\"@type\":\"EntryPoint\",\"urlTemplate\":\"https:\/\/www.boztibbi.com\/?s={search_term_string}\"},\"query-input\":\"required name=search_term_string\"}],\"inLanguage\":\"en-US\"},{\"@type\":\"Organization\",\"@id\":\"https:\/\/www.boztibbi.com\/#organization\",\"name\":\"Boz T\u0131bbi Malzeme Sanayi ve Ticaret A.\u015e.\",\"url\":\"https:\/\/www.boztibbi.com\/\",\"logo\":{\"@type\":\"ImageObject\",\"inLanguage\":\"en-US\",\"@id\":\"https:\/\/www.boztibbi.com\/#\/schema\/logo\/image\/\",\"url\":\"https:\/\/www.boztibbi.com\/wp-content\/uploads\/2018\/08\/boz-t\u0131bbi-malzemeler-medikal-tekstil-t\u00fcrkiye-istanbul-ankara-u\u015fak.png\",\"contentUrl\":\"https:\/\/www.boztibbi.com\/wp-content\/uploads\/2018\/08\/boz-t\u0131bbi-malzemeler-medikal-tekstil-t\u00fcrkiye-istanbul-ankara-u\u015fak.png\",\"width\":1024,\"height\":683,\"caption\":\"Boz T\u0131bbi Malzeme Sanayi ve Ticaret A.\u015e.\"},\"image\":{\"@id\":\"https:\/\/www.boztibbi.com\/#\/schema\/logo\/image\/\"},\"sameAs\":[\"https:\/\/www.facebook.com\/bozmedical\/\",\"https:\/\/twitter.com\/bozmedical\"]}]}<\/script>\n<!-- \/ Yoast SEO plugin. -->","yoast_head_json":{"title":"Glikolak - PGLA Absorbable Brain and Neurosurgery Suture - Boz Medical","description":"Glikolak is an absorbable and sterile brain and neurosuregry suture with a synthetic structure consisting of glycolide and lactide.","robots":{"index":"index","follow":"follow","max-snippet":"max-snippet:-1","max-image-preview":"max-image-preview:large","max-video-preview":"max-video-preview:-1"},"canonical":"https:\/\/www.boztibbi.com\/en\/special-sutures-for-surgical-branches\/brain-and-neurosurgery-sutures\/glikolak-absorbable-brain-and-neurosurgery-suture\/","og_locale":"en_US","og_type":"article","og_title":"Glikolak - PGLA Absorbable Brain and Neurosurgery Suture - Boz Medical","og_description":"Glikolak is an absorbable and sterile brain and neurosuregry suture with a synthetic structure consisting of glycolide and lactide.","og_url":"https:\/\/www.boztibbi.com\/en\/special-sutures-for-surgical-branches\/brain-and-neurosurgery-sutures\/glikolak-absorbable-brain-and-neurosurgery-suture\/","og_site_name":"Boz Medical","article_publisher":"https:\/\/www.facebook.com\/bozmedical\/","article_modified_time":"2025-07-31T12:51:29+00:00","twitter_card":"summary_large_image","twitter_site":"@bozmedical","schema":{"@context":"https:\/\/schema.org","@graph":[{"@type":"WebPage","@id":"https:\/\/www.boztibbi.com\/en\/special-sutures-for-surgical-branches\/brain-and-neurosurgery-sutures\/glikolak-absorbable-brain-and-neurosurgery-suture\/","url":"https:\/\/www.boztibbi.com\/en\/special-sutures-for-surgical-branches\/brain-and-neurosurgery-sutures\/glikolak-absorbable-brain-and-neurosurgery-suture\/","name":"Glikolak - PGLA Absorbable Brain and Neurosurgery Suture - Boz Medical","isPartOf":{"@id":"https:\/\/www.boztibbi.com\/#website"},"datePublished":"2025-07-18T07:18:55+00:00","dateModified":"2025-07-31T12:51:29+00:00","description":"Glikolak is an absorbable and sterile brain and neurosuregry suture with a synthetic structure consisting of glycolide and lactide.","breadcrumb":{"@id":"https:\/\/www.boztibbi.com\/en\/special-sutures-for-surgical-branches\/brain-and-neurosurgery-sutures\/glikolak-absorbable-brain-and-neurosurgery-suture\/#breadcrumb"},"inLanguage":"en-US","potentialAction":[{"@type":"ReadAction","target":["https:\/\/www.boztibbi.com\/en\/special-sutures-for-surgical-branches\/brain-and-neurosurgery-sutures\/glikolak-absorbable-brain-and-neurosurgery-suture\/"]}]},{"@type":"BreadcrumbList","@id":"https:\/\/www.boztibbi.com\/en\/special-sutures-for-surgical-branches\/brain-and-neurosurgery-sutures\/glikolak-absorbable-brain-and-neurosurgery-suture\/#breadcrumb","itemListElement":[{"@type":"ListItem","position":1,"name":"Home Page","item":"https:\/\/www.boztibbi.com\/en\/"},{"@type":"ListItem","position":2,"name":"Special Sutures For Surgical Branches","item":"https:\/\/www.boztibbi.com\/en\/special-sutures-for-surgical-branches\/"},{"@type":"ListItem","position":3,"name":"Brain and Neurosurgery Sutures","item":"https:\/\/www.boztibbi.com\/en\/special-sutures-for-surgical-branches\/brain-and-neurosurgery-sutures\/"},{"@type":"ListItem","position":4,"name":"Glikolak &#8211; Absorbable Brain and Neurosurgery Suture"}]},{"@type":"WebSite","@id":"https:\/\/www.boztibbi.com\/#website","url":"https:\/\/www.boztibbi.com\/","name":"Boz Medical","description":"Surgical Sutures, Absorbable Hemostats and Surgical Meshes","publisher":{"@id":"https:\/\/www.boztibbi.com\/#organization"},"potentialAction":[{"@type":"SearchAction","target":{"@type":"EntryPoint","urlTemplate":"https:\/\/www.boztibbi.com\/?s={search_term_string}"},"query-input":"required name=search_term_string"}],"inLanguage":"en-US"},{"@type":"Organization","@id":"https:\/\/www.boztibbi.com\/#organization","name":"Boz T\u0131bbi Malzeme Sanayi ve Ticaret A.\u015e.","url":"https:\/\/www.boztibbi.com\/","logo":{"@type":"ImageObject","inLanguage":"en-US","@id":"https:\/\/www.boztibbi.com\/#\/schema\/logo\/image\/","url":"https:\/\/www.boztibbi.com\/wp-content\/uploads\/2018\/08\/boz-t\u0131bbi-malzemeler-medikal-tekstil-t\u00fcrkiye-istanbul-ankara-u\u015fak.png","contentUrl":"https:\/\/www.boztibbi.com\/wp-content\/uploads\/2018\/08\/boz-t\u0131bbi-malzemeler-medikal-tekstil-t\u00fcrkiye-istanbul-ankara-u\u015fak.png","width":1024,"height":683,"caption":"Boz T\u0131bbi Malzeme Sanayi ve Ticaret A.\u015e."},"image":{"@id":"https:\/\/www.boztibbi.com\/#\/schema\/logo\/image\/"},"sameAs":["https:\/\/www.facebook.com\/bozmedical\/","https:\/\/twitter.com\/bozmedical"]}]}},"_links":{"self":[{"href":"https:\/\/www.boztibbi.com\/en\/wp-json\/wp\/v2\/pages\/15681","targetHints":{"allow":["GET"]}}],"collection":[{"href":"https:\/\/www.boztibbi.com\/en\/wp-json\/wp\/v2\/pages"}],"about":[{"href":"https:\/\/www.boztibbi.com\/en\/wp-json\/wp\/v2\/types\/page"}],"author":[{"embeddable":true,"href":"https:\/\/www.boztibbi.com\/en\/wp-json\/wp\/v2\/users\/3"}],"replies":[{"embeddable":true,"href":"https:\/\/www.boztibbi.com\/en\/wp-json\/wp\/v2\/comments?post=15681"}],"version-history":[{"count":2,"href":"https:\/\/www.boztibbi.com\/en\/wp-json\/wp\/v2\/pages\/15681\/revisions"}],"predecessor-version":[{"id":15683,"href":"https:\/\/www.boztibbi.com\/en\/wp-json\/wp\/v2\/pages\/15681\/revisions\/15683"}],"up":[{"embeddable":true,"href":"https:\/\/www.boztibbi.com\/en\/wp-json\/wp\/v2\/pages\/15642"}],"wp:attachment":[{"href":"https:\/\/www.boztibbi.com\/en\/wp-json\/wp\/v2\/media?parent=15681"}],"curies":[{"name":"wp","href":"https:\/\/api.w.org\/{rel}","templated":true}]}}