{"id":15117,"date":"2025-06-16T16:26:20","date_gmt":"2025-06-16T13:26:20","guid":{"rendered":"https:\/\/www.boztibbi.com\/special-sutures-for-surgical-branches\/oculoplastic-and-orbital-surgery-sutures\/monoprolen-emilmeyen-okuloplasti-ve-orbita-cerrahisi-suturu\/"},"modified":"2025-06-20T09:29:14","modified_gmt":"2025-06-20T06:29:14","slug":"monoprolen-non-absorbable-oculoplastic-and-orbital-surgery-sutures","status":"publish","type":"page","link":"https:\/\/www.boztibbi.com\/en\/special-sutures-for-surgical-branches\/oculoplastic-and-orbital-surgery-sutures\/monoprolen-non-absorbable-oculoplastic-and-orbital-surgery-sutures\/","title":{"rendered":"Monoprolen &#8211; Non-Absorbable Oculoplastic and Orbital Surgery Sutures"},"content":{"rendered":"<div class=\"wpb-content-wrapper\"><p>[vc_row][vc_column width=&#8221;1\/2&#8243;][vc_custom_heading text=&#8221;MONOPROLEN&#8221; font_container=&#8221;tag:h1|font_size:50px|text_align:left&#8221; use_theme_fonts=&#8221;yes&#8221;][vc_custom_heading text=&#8221;Polypropylene (PP)&#8221; font_container=&#8221;tag:h6|font_size:20px|text_align:left&#8221; use_theme_fonts=&#8221;yes&#8221;][vc_empty_space height=&#8221;20px&#8221;][vc_column_text]<a class=\"button no-bg\" href=\"https:\/\/www.boztibbi.com\/en\/products\/sutures\/non-absorbable-sutures\/monoprolen\/\" target=\"_blank\" rel=\"noopener noreferrer\">Non-Absorbable Surgical Suture <sup>Eye Surgery Suture<\/sup><\/a>[\/vc_column_text][vc_empty_space height=&#8221;20px&#8221;][vc_row_inner][vc_column_inner width=&#8221;1\/2&#8243;]<ul class=\"iconlist iconlist iconlist-icon-mini \"><li ><div class=\"iconlist-item-icon\"><i class=\"sl-arrow-right\"><\/i><span class=\"shapes\"><\/span><\/div><div class=\"iconlist-item-content\">Non-Absorbable<\/div><\/li><li ><div class=\"iconlist-item-icon\"><i class=\"sl-arrow-right\"><\/i><span class=\"shapes\"><\/span><\/div><div class=\"iconlist-item-content\">Uncoated<\/div><\/li><li ><div class=\"iconlist-item-icon\"><i class=\"sl-arrow-right\"><\/i><span class=\"shapes\"><\/span><\/div><div class=\"iconlist-item-content\">Monofilament<\/div><\/li><\/ul>[\/vc_column_inner][vc_column_inner width=&#8221;1\/2&#8243;]<ul class=\"iconlist iconlist iconlist-icon-mini \"><li ><div class=\"iconlist-item-icon\"><i class=\"sl-arrow-right\"><\/i><span class=\"shapes\"><\/span><\/div><div class=\"iconlist-item-content\">Synthetic<\/div><\/li><li ><div class=\"iconlist-item-icon\"><i class=\"sl-arrow-right\"><\/i><span class=\"shapes\"><\/span><\/div><div class=\"iconlist-item-content\">Blue<\/div><\/li><\/ul>[\/vc_column_inner][\/vc_row_inner][\/vc_column][vc_column width=&#8221;1\/2&#8243;][vc_images_carousel images=&#8221;14891,14897,14903&#8243; img_size=&#8221;full&#8221; onclick=&#8221;link_no&#8221; speed=&#8221;3000&#8243; autoplay=&#8221;yes&#8221; hide_pagination_control=&#8221;yes&#8221; hide_prev_next_buttons=&#8221;yes&#8221; wrap=&#8221;yes&#8221; css_animation=&#8221;fadeInRight&#8221;][\/vc_column][\/vc_row][vc_row][vc_column][vc_empty_space height=&#8221;20px&#8221;][vc_column_text]<strong>Monoprolen \u2013 Non-absorbable oculoplasty and Orbital surgical suture<\/strong> is a synthetic, linear and monophilamental sterile surgical thread produced from polypropylene (PP) stereoisomer with an isotactic crystalline structure. High node safety in oculoplasty and orbital surgeries provides minimal trauma in soft tissues and long-term tissue support. In addition to the colorless option to enhance visibility, Monoprolene is painted with blue (C.I. #61568\/#74160) or black (C.I. #77266) pigments, providing superior performance in sensitive eye circumference operations with its inert, nonantigenic and nonpyrogenic structure. It is the ideal unabsorbed suture option for professionals looking for comfortable handling, low tissue reaction and reliable surgical results.[\/vc_column_text][vc_empty_space height=&#8221;30px&#8221;][\/vc_column][\/vc_row][vc_row][vc_column][vc_column_text]\n<table id=\"tablepress-GML-EN\" class=\"tablepress tablepress-id-GML-EN\">\n<thead>\n<tr class=\"row-1 odd\">\n\t<th class=\"column-1\">Needle Size<\/th><th colspan=\"2\" class=\"column-2\">Needle Shape<\/th><th class=\"column-4\">Product Code<\/th><th class=\"column-5\">USP<\/th><th class=\"column-6\">EP<\/th><th class=\"column-7\">Length<\/th><th class=\"column-8\">Piece<\/th><th class=\"column-9\">Color<\/th>\n<\/tr>\n<\/thead>\n<tbody class=\"row-hover\">\n<tr class=\"row-2 even\">\n\t<td class=\"column-1\">5 mm<\/td><td class=\"column-2\">3\/8 Round Body, Taper Point<br><sub>130 Micron<\/sub><\/td><td class=\"column-3\"><img decoding=\"async\" src=\"https:\/\/www.boztibbi.com\/wp-content\/uploads\/2025\/06\/suture-needle-icons-okuloplasti-orbita-sutur-13.png\" alt=\"\" width=\"100%\" height=\"14px\" class=\"alignnone size-full wp-image-4721\" \/><\/td><td class=\"column-4\">ML1047<\/td><td class=\"column-5\">10\/0<\/td><td class=\"column-6\">0,2<\/td><td class=\"column-7\">13 cm<\/td><td class=\"column-8\">12<\/td><td class=\"column-9\">Black<\/td>\n<\/tr>\n<tr class=\"row-3 odd\">\n\t<td class=\"column-1\">5,1 mm<\/td><td class=\"column-2\">3\/8 Round Body, Taper Point<br><sub>100 Micron<\/sub><\/td><td class=\"column-3\"><img decoding=\"async\" src=\"https:\/\/www.boztibbi.com\/wp-content\/uploads\/2025\/06\/suture-needle-icons-okuloplasti-orbita-sutur-13.png\" alt=\"\" width=\"100%\" height=\"14px\" class=\"alignnone size-full wp-image-4721\" \/><\/td><td class=\"column-4\">ML1110<\/td><td class=\"column-5\">9\/0<\/td><td class=\"column-6\">0,3<\/td><td class=\"column-7\">13 cm<\/td><td class=\"column-8\">12<\/td><td class=\"column-9\">Blue<\/td>\n<\/tr>\n<tr class=\"row-4 even\">\n\t<td class=\"column-1\">6,5 mm<\/td><td class=\"column-2\">3\/8 Spatula<br><sub>130 Micron<\/sub><\/td><td class=\"column-3\"><img decoding=\"async\" src=\"https:\/\/www.boztibbi.com\/wp-content\/uploads\/2025\/06\/suture-needle-icons-okuloplasti-orbita-sutur-3.png\" alt=\"\" width=\"100%\" height=\"14px\" class=\"alignnone size-full wp-image-4721\" \/><\/td><td class=\"column-4\">ML1172<\/td><td class=\"column-5\">8\/0<\/td><td class=\"column-6\">0,4<\/td><td class=\"column-7\">45 cm<\/td><td class=\"column-8\">12<\/td><td class=\"column-9\">Blue<\/td>\n<\/tr>\n<tr class=\"row-5 odd\">\n\t<td class=\"column-1\">8 mm<\/td><td class=\"column-2\">3\/8 Spatula<br><sub>230 Micron<\/sub><\/td><td class=\"column-3\"><img decoding=\"async\" src=\"https:\/\/www.boztibbi.com\/wp-content\/uploads\/2025\/06\/suture-needle-icons-okuloplasti-orbita-sutur-3.png\" alt=\"\" width=\"100%\" height=\"14px\" class=\"alignnone size-full wp-image-4721\" \/><\/td><td class=\"column-4\">ML1284<\/td><td class=\"column-5\">7\/0<\/td><td class=\"column-6\">0,5<\/td><td class=\"column-7\">75 cm<\/td><td class=\"column-8\">12<\/td><td class=\"column-9\">Blue<\/td>\n<\/tr>\n<tr class=\"row-6 even\">\n\t<td class=\"column-1\">13 mm<\/td><td class=\"column-2\">3\/8 Spatula<br><sub>280 Micron<\/sub><\/td><td class=\"column-3\"><img decoding=\"async\" src=\"https:\/\/www.boztibbi.com\/wp-content\/uploads\/2025\/06\/suture-needle-icons-okuloplasti-orbita-sutur-14.png\" alt=\"\" width=\"100%\" height=\"14px\" class=\"alignnone size-full wp-image-4721\" \/><\/td><td class=\"column-4\">ML1606<\/td><td class=\"column-5\">6\/0<\/td><td class=\"column-6\">0,7<\/td><td class=\"column-7\">75 cm<\/td><td class=\"column-8\">12<\/td><td class=\"column-9\">Blue<\/td>\n<\/tr>\n<\/tbody>\n<\/table>\n<!-- #tablepress-GML-EN from cache -->[\/vc_column_text][vc_empty_space height=&#8221;30px&#8221;][vc_column_text]Our range of eye surgery sutures is not limited to the products listed above. There are often preferred types on the list. If you need a different suture to be used in oculoplastic and orbital surgery, you can contact us by clicking the button below and request a product.[\/vc_column_text][vc_empty_space][vc_row_inner][vc_column_inner width=&#8221;1\/2&#8243;][vc_column_text]<a class=\"button download square white\" href=\"https:\/\/www.boztibbi.com\/wp-content\/uploads\/2018\/11\/monoprolen-infographic-2018.pdf\" target=\"_blank\" rel=\"noopener noreferrer\"><i class=\"fa fa-file-text-o\"><\/i>DOWNLOAD PRODUCT LIST<\/a>[\/vc_column_text][\/vc_column_inner][vc_column_inner width=&#8221;1\/2&#8243;][vc_column_text]<a class=\"button download square white\" href=\"https:\/\/www.boztibbi.com\/en\/contact\/\" target=\"_blank\" rel=\"noopener noreferrer\"><i class=\"fa fa-file-text-o\"><\/i>CONTACT US<\/a>[\/vc_column_text][\/vc_column_inner][\/vc_row_inner][\/vc_column][\/vc_row]<\/p>\n<\/div>","protected":false},"excerpt":{"rendered":"<p>[vc_row][vc_column width=&#8221;1\/2&#8243;][vc_custom_heading text=&#8221;MONOPROLEN&#8221; font_container=&#8221;tag:h1|font_size:50px|text_align:left&#8221; use_theme_fonts=&#8221;yes&#8221;][vc_custom_heading text=&#8221;Polypropylene (PP)&#8221; font_container=&#8221;tag:h6|font_size:20px|text_align:left&#8221; use_theme_fonts=&#8221;yes&#8221;][vc_empty_space height=&#8221;20px&#8221;][vc_column_text]Non-Absorbable Surgical Suture Eye Surgery Suture[\/vc_column_text][vc_empty_space height=&#8221;20px&#8221;][vc_row_inner][vc_column_inner width=&#8221;1\/2&#8243;][\/vc_column_inner][vc_column_inner width=&#8221;1\/2&#8243;][\/vc_column_inner][\/vc_row_inner][\/vc_column][vc_column width=&#8221;1\/2&#8243;][vc_images_carousel images=&#8221;14891,14897,14903&#8243; img_size=&#8221;full&#8221; onclick=&#8221;link_no&#8221; speed=&#8221;3000&#8243; autoplay=&#8221;yes&#8221; hide_pagination_control=&#8221;yes&#8221; hide_prev_next_buttons=&#8221;yes&#8221; wrap=&#8221;yes&#8221; css_animation=&#8221;fadeInRight&#8221;][\/vc_column][\/vc_row][vc_row][vc_column][vc_empty_space height=&#8221;20px&#8221;][vc_column_text]Monoprolen \u2013 Non-absorbable oculoplasty and Orbital surgical suture is a synthetic, linear and monophilamental sterile surgical thread produced from polypropylene (PP) stereoisomer with an isotactic crystalline structure. [&hellip;]<\/p>\n","protected":false},"author":3,"featured_media":0,"parent":15033,"menu_order":0,"comment_status":"closed","ping_status":"closed","template":"","meta":{"_acf_changed":false,"footnotes":""},"class_list":["post-15117","page","type-page","status-publish","hentry"],"acf":[],"yoast_head":"<!-- This site is optimized with the Yoast SEO plugin v21.6 - https:\/\/yoast.com\/wordpress\/plugins\/seo\/ -->\n<title>Monoprolen - Non-Absorbable Oculoplastic and Orbital Surgery Sutures<\/title>\n<meta name=\"description\" content=\"Monoprolen Non-absorbable eye surgery suture is a synthetic, linear and monophilamental sterile surgical thread produced from polypropylene (PP) stereoisomer with an isotactic crystalline structure.\" \/>\n<meta name=\"robots\" content=\"index, follow, max-snippet:-1, max-image-preview:large, max-video-preview:-1\" \/>\n<link rel=\"canonical\" href=\"https:\/\/www.boztibbi.com\/en\/special-sutures-for-surgical-branches\/oculoplastic-and-orbital-surgery-sutures\/monoprolen-non-absorbable-oculoplastic-and-orbital-surgery-sutures\/\" \/>\n<meta property=\"og:locale\" content=\"en_US\" \/>\n<meta property=\"og:type\" content=\"article\" \/>\n<meta property=\"og:title\" content=\"Monoprolen - Non-Absorbable Oculoplastic and Orbital Surgery Sutures\" \/>\n<meta property=\"og:description\" content=\"Monoprolen Non-absorbable eye surgery suture is a synthetic, linear and monophilamental sterile surgical thread produced from polypropylene (PP) stereoisomer with an isotactic crystalline structure.\" \/>\n<meta property=\"og:url\" content=\"https:\/\/www.boztibbi.com\/en\/special-sutures-for-surgical-branches\/oculoplastic-and-orbital-surgery-sutures\/monoprolen-non-absorbable-oculoplastic-and-orbital-surgery-sutures\/\" \/>\n<meta property=\"og:site_name\" content=\"Boz Medical\" \/>\n<meta property=\"article:publisher\" content=\"https:\/\/www.facebook.com\/bozmedical\/\" \/>\n<meta property=\"article:modified_time\" content=\"2025-06-20T06:29:14+00:00\" \/>\n<meta name=\"twitter:card\" content=\"summary_large_image\" \/>\n<meta name=\"twitter:site\" content=\"@bozmedical\" \/>\n<script type=\"application\/ld+json\" class=\"yoast-schema-graph\">{\"@context\":\"https:\/\/schema.org\",\"@graph\":[{\"@type\":\"WebPage\",\"@id\":\"https:\/\/www.boztibbi.com\/en\/special-sutures-for-surgical-branches\/oculoplastic-and-orbital-surgery-sutures\/monoprolen-non-absorbable-oculoplastic-and-orbital-surgery-sutures\/\",\"url\":\"https:\/\/www.boztibbi.com\/en\/special-sutures-for-surgical-branches\/oculoplastic-and-orbital-surgery-sutures\/monoprolen-non-absorbable-oculoplastic-and-orbital-surgery-sutures\/\",\"name\":\"Monoprolen - Non-Absorbable Oculoplastic and Orbital Surgery Sutures\",\"isPartOf\":{\"@id\":\"https:\/\/www.boztibbi.com\/#website\"},\"datePublished\":\"2025-06-16T13:26:20+00:00\",\"dateModified\":\"2025-06-20T06:29:14+00:00\",\"description\":\"Monoprolen Non-absorbable eye surgery suture is a synthetic, linear and monophilamental sterile surgical thread produced from polypropylene (PP) stereoisomer with an isotactic crystalline structure.\",\"breadcrumb\":{\"@id\":\"https:\/\/www.boztibbi.com\/en\/special-sutures-for-surgical-branches\/oculoplastic-and-orbital-surgery-sutures\/monoprolen-non-absorbable-oculoplastic-and-orbital-surgery-sutures\/#breadcrumb\"},\"inLanguage\":\"en-US\",\"potentialAction\":[{\"@type\":\"ReadAction\",\"target\":[\"https:\/\/www.boztibbi.com\/en\/special-sutures-for-surgical-branches\/oculoplastic-and-orbital-surgery-sutures\/monoprolen-non-absorbable-oculoplastic-and-orbital-surgery-sutures\/\"]}]},{\"@type\":\"BreadcrumbList\",\"@id\":\"https:\/\/www.boztibbi.com\/en\/special-sutures-for-surgical-branches\/oculoplastic-and-orbital-surgery-sutures\/monoprolen-non-absorbable-oculoplastic-and-orbital-surgery-sutures\/#breadcrumb\",\"itemListElement\":[{\"@type\":\"ListItem\",\"position\":1,\"name\":\"Home Page\",\"item\":\"https:\/\/www.boztibbi.com\/en\/\"},{\"@type\":\"ListItem\",\"position\":2,\"name\":\"Special Sutures For Surgical Branches\",\"item\":\"https:\/\/www.boztibbi.com\/en\/special-sutures-for-surgical-branches\/\"},{\"@type\":\"ListItem\",\"position\":3,\"name\":\"Oculoplastic and Orbital Surgery Sutures\",\"item\":\"https:\/\/www.boztibbi.com\/en\/special-sutures-for-surgical-branches\/oculoplastic-and-orbital-surgery-sutures\/\"},{\"@type\":\"ListItem\",\"position\":4,\"name\":\"Monoprolen &#8211; Non-Absorbable Oculoplastic and Orbital Surgery Sutures\"}]},{\"@type\":\"WebSite\",\"@id\":\"https:\/\/www.boztibbi.com\/#website\",\"url\":\"https:\/\/www.boztibbi.com\/\",\"name\":\"Boz Medical\",\"description\":\"Surgical Sutures, Absorbable Hemostats and Surgical Meshes\",\"publisher\":{\"@id\":\"https:\/\/www.boztibbi.com\/#organization\"},\"potentialAction\":[{\"@type\":\"SearchAction\",\"target\":{\"@type\":\"EntryPoint\",\"urlTemplate\":\"https:\/\/www.boztibbi.com\/?s={search_term_string}\"},\"query-input\":\"required name=search_term_string\"}],\"inLanguage\":\"en-US\"},{\"@type\":\"Organization\",\"@id\":\"https:\/\/www.boztibbi.com\/#organization\",\"name\":\"Boz T\u0131bbi Malzeme Sanayi ve Ticaret A.\u015e.\",\"url\":\"https:\/\/www.boztibbi.com\/\",\"logo\":{\"@type\":\"ImageObject\",\"inLanguage\":\"en-US\",\"@id\":\"https:\/\/www.boztibbi.com\/#\/schema\/logo\/image\/\",\"url\":\"https:\/\/www.boztibbi.com\/wp-content\/uploads\/2018\/08\/boz-t\u0131bbi-malzemeler-medikal-tekstil-t\u00fcrkiye-istanbul-ankara-u\u015fak.png\",\"contentUrl\":\"https:\/\/www.boztibbi.com\/wp-content\/uploads\/2018\/08\/boz-t\u0131bbi-malzemeler-medikal-tekstil-t\u00fcrkiye-istanbul-ankara-u\u015fak.png\",\"width\":1024,\"height\":683,\"caption\":\"Boz T\u0131bbi Malzeme Sanayi ve Ticaret A.\u015e.\"},\"image\":{\"@id\":\"https:\/\/www.boztibbi.com\/#\/schema\/logo\/image\/\"},\"sameAs\":[\"https:\/\/www.facebook.com\/bozmedical\/\",\"https:\/\/twitter.com\/bozmedical\"]}]}<\/script>\n<!-- \/ Yoast SEO plugin. -->","yoast_head_json":{"title":"Monoprolen - Non-Absorbable Oculoplastic and Orbital Surgery Sutures","description":"Monoprolen Non-absorbable eye surgery suture is a synthetic, linear and monophilamental sterile surgical thread produced from polypropylene (PP) stereoisomer with an isotactic crystalline structure.","robots":{"index":"index","follow":"follow","max-snippet":"max-snippet:-1","max-image-preview":"max-image-preview:large","max-video-preview":"max-video-preview:-1"},"canonical":"https:\/\/www.boztibbi.com\/en\/special-sutures-for-surgical-branches\/oculoplastic-and-orbital-surgery-sutures\/monoprolen-non-absorbable-oculoplastic-and-orbital-surgery-sutures\/","og_locale":"en_US","og_type":"article","og_title":"Monoprolen - Non-Absorbable Oculoplastic and Orbital Surgery Sutures","og_description":"Monoprolen Non-absorbable eye surgery suture is a synthetic, linear and monophilamental sterile surgical thread produced from polypropylene (PP) stereoisomer with an isotactic crystalline structure.","og_url":"https:\/\/www.boztibbi.com\/en\/special-sutures-for-surgical-branches\/oculoplastic-and-orbital-surgery-sutures\/monoprolen-non-absorbable-oculoplastic-and-orbital-surgery-sutures\/","og_site_name":"Boz Medical","article_publisher":"https:\/\/www.facebook.com\/bozmedical\/","article_modified_time":"2025-06-20T06:29:14+00:00","twitter_card":"summary_large_image","twitter_site":"@bozmedical","schema":{"@context":"https:\/\/schema.org","@graph":[{"@type":"WebPage","@id":"https:\/\/www.boztibbi.com\/en\/special-sutures-for-surgical-branches\/oculoplastic-and-orbital-surgery-sutures\/monoprolen-non-absorbable-oculoplastic-and-orbital-surgery-sutures\/","url":"https:\/\/www.boztibbi.com\/en\/special-sutures-for-surgical-branches\/oculoplastic-and-orbital-surgery-sutures\/monoprolen-non-absorbable-oculoplastic-and-orbital-surgery-sutures\/","name":"Monoprolen - Non-Absorbable Oculoplastic and Orbital Surgery Sutures","isPartOf":{"@id":"https:\/\/www.boztibbi.com\/#website"},"datePublished":"2025-06-16T13:26:20+00:00","dateModified":"2025-06-20T06:29:14+00:00","description":"Monoprolen Non-absorbable eye surgery suture is a synthetic, linear and monophilamental sterile surgical thread produced from polypropylene (PP) stereoisomer with an isotactic crystalline structure.","breadcrumb":{"@id":"https:\/\/www.boztibbi.com\/en\/special-sutures-for-surgical-branches\/oculoplastic-and-orbital-surgery-sutures\/monoprolen-non-absorbable-oculoplastic-and-orbital-surgery-sutures\/#breadcrumb"},"inLanguage":"en-US","potentialAction":[{"@type":"ReadAction","target":["https:\/\/www.boztibbi.com\/en\/special-sutures-for-surgical-branches\/oculoplastic-and-orbital-surgery-sutures\/monoprolen-non-absorbable-oculoplastic-and-orbital-surgery-sutures\/"]}]},{"@type":"BreadcrumbList","@id":"https:\/\/www.boztibbi.com\/en\/special-sutures-for-surgical-branches\/oculoplastic-and-orbital-surgery-sutures\/monoprolen-non-absorbable-oculoplastic-and-orbital-surgery-sutures\/#breadcrumb","itemListElement":[{"@type":"ListItem","position":1,"name":"Home Page","item":"https:\/\/www.boztibbi.com\/en\/"},{"@type":"ListItem","position":2,"name":"Special Sutures For Surgical Branches","item":"https:\/\/www.boztibbi.com\/en\/special-sutures-for-surgical-branches\/"},{"@type":"ListItem","position":3,"name":"Oculoplastic and Orbital Surgery Sutures","item":"https:\/\/www.boztibbi.com\/en\/special-sutures-for-surgical-branches\/oculoplastic-and-orbital-surgery-sutures\/"},{"@type":"ListItem","position":4,"name":"Monoprolen &#8211; Non-Absorbable Oculoplastic and Orbital Surgery Sutures"}]},{"@type":"WebSite","@id":"https:\/\/www.boztibbi.com\/#website","url":"https:\/\/www.boztibbi.com\/","name":"Boz Medical","description":"Surgical Sutures, Absorbable Hemostats and Surgical Meshes","publisher":{"@id":"https:\/\/www.boztibbi.com\/#organization"},"potentialAction":[{"@type":"SearchAction","target":{"@type":"EntryPoint","urlTemplate":"https:\/\/www.boztibbi.com\/?s={search_term_string}"},"query-input":"required name=search_term_string"}],"inLanguage":"en-US"},{"@type":"Organization","@id":"https:\/\/www.boztibbi.com\/#organization","name":"Boz T\u0131bbi Malzeme Sanayi ve Ticaret A.\u015e.","url":"https:\/\/www.boztibbi.com\/","logo":{"@type":"ImageObject","inLanguage":"en-US","@id":"https:\/\/www.boztibbi.com\/#\/schema\/logo\/image\/","url":"https:\/\/www.boztibbi.com\/wp-content\/uploads\/2018\/08\/boz-t\u0131bbi-malzemeler-medikal-tekstil-t\u00fcrkiye-istanbul-ankara-u\u015fak.png","contentUrl":"https:\/\/www.boztibbi.com\/wp-content\/uploads\/2018\/08\/boz-t\u0131bbi-malzemeler-medikal-tekstil-t\u00fcrkiye-istanbul-ankara-u\u015fak.png","width":1024,"height":683,"caption":"Boz T\u0131bbi Malzeme Sanayi ve Ticaret A.\u015e."},"image":{"@id":"https:\/\/www.boztibbi.com\/#\/schema\/logo\/image\/"},"sameAs":["https:\/\/www.facebook.com\/bozmedical\/","https:\/\/twitter.com\/bozmedical"]}]}},"_links":{"self":[{"href":"https:\/\/www.boztibbi.com\/en\/wp-json\/wp\/v2\/pages\/15117","targetHints":{"allow":["GET"]}}],"collection":[{"href":"https:\/\/www.boztibbi.com\/en\/wp-json\/wp\/v2\/pages"}],"about":[{"href":"https:\/\/www.boztibbi.com\/en\/wp-json\/wp\/v2\/types\/page"}],"author":[{"embeddable":true,"href":"https:\/\/www.boztibbi.com\/en\/wp-json\/wp\/v2\/users\/3"}],"replies":[{"embeddable":true,"href":"https:\/\/www.boztibbi.com\/en\/wp-json\/wp\/v2\/comments?post=15117"}],"version-history":[{"count":5,"href":"https:\/\/www.boztibbi.com\/en\/wp-json\/wp\/v2\/pages\/15117\/revisions"}],"predecessor-version":[{"id":15145,"href":"https:\/\/www.boztibbi.com\/en\/wp-json\/wp\/v2\/pages\/15117\/revisions\/15145"}],"up":[{"embeddable":true,"href":"https:\/\/www.boztibbi.com\/en\/wp-json\/wp\/v2\/pages\/15033"}],"wp:attachment":[{"href":"https:\/\/www.boztibbi.com\/en\/wp-json\/wp\/v2\/media?parent=15117"}],"curies":[{"name":"wp","href":"https:\/\/api.w.org\/{rel}","templated":true}]}}