{"id":9050,"date":"2019-05-08T13:31:23","date_gmt":"2019-05-08T10:31:23","guid":{"rendered":"https:\/\/www.boztibbi.com\/spezialnaehte-fuer-chirurgische-bereiche\/nahtmaterial-fuer-die-mund-zahn-und-kieferchirurgie\/polidioksanon-pdo-dental-sutur-polidiox\/"},"modified":"2024-08-21T12:01:46","modified_gmt":"2024-08-21T09:01:46","slug":"polydioxanon-pdo-dentalnahtmaterial-polidiox","status":"publish","type":"page","link":"https:\/\/www.boztibbi.com\/de\/spezialnaehte-fuer-chirurgische-bereiche\/nahtmaterial-fuer-die-mund-zahn-und-kieferchirurgie\/polydioxanon-pdo-dentalnahtmaterial-polidiox\/","title":{"rendered":"Polydioxanon PDO-Dentalnahtmaterial &#8211; Polidiox"},"content":{"rendered":"<div class=\"wpb-content-wrapper\"><p>[vc_row][vc_column width=&#8221;1\/2&#8243;][vc_custom_heading text=&#8221;POL\u0130D\u0130OX&#8221; font_container=&#8221;tag:h1|font_size:50px|text_align:left&#8221; use_theme_fonts=&#8221;yes&#8221;][vc_custom_heading text=&#8221;Polydioxanon (PDO)&#8221; font_container=&#8221;tag:h6|font_size:20px|text_align:left&#8221; use_theme_fonts=&#8221;yes&#8221;][vc_empty_space height=&#8221;20px&#8221;][vc_column_text]<a class=\"button no-bg\" href=\"https:\/\/www.boztibbi.com\/de\/unsere-produkte\/chirurgische-naehte\/resorbierbares-nahtmaterial\/polidiox\/\" target=\"_blank\" rel=\"noopener noreferrer\">NICHT RESORBIERBARES CHIRURGISCHES NAHTMATERIAL<br \/>\n<sup>ZAHN\u00c4RZTLICHES NAHTMATERIAL<\/sup><\/a>[\/vc_column_text][vc_empty_space height=&#8221;20px&#8221;][vc_row_inner][vc_column_inner width=&#8221;1\/2&#8243;]<ul class=\"iconlist iconlist iconlist-icon-mini \"><li ><div class=\"iconlist-item-icon\"><i class=\"sl-arrow-right\"><\/i><span class=\"shapes\"><\/span><\/div><div class=\"iconlist-item-content\">Resorbierbar<\/div><\/li><li ><div class=\"iconlist-item-icon\"><i class=\"sl-arrow-right\"><\/i><span class=\"shapes\"><\/span><\/div><div class=\"iconlist-item-content\">100% Polydioxanon<\/div><\/li><li ><div class=\"iconlist-item-icon\"><i class=\"sl-arrow-right\"><\/i><span class=\"shapes\"><\/span><\/div><div class=\"iconlist-item-content\">Monofilament<\/div><\/li><\/ul>[\/vc_column_inner][vc_column_inner width=&#8221;1\/2&#8243;]<ul class=\"iconlist iconlist iconlist-icon-mini \"><li ><div class=\"iconlist-item-icon\"><i class=\"sl-arrow-right\"><\/i><span class=\"shapes\"><\/span><\/div><div class=\"iconlist-item-content\">Synthetisch<\/div><\/li><li ><div class=\"iconlist-item-icon\"><i class=\"sl-arrow-right\"><\/i><span class=\"shapes\"><\/span><\/div><div class=\"iconlist-item-content\">Violett<\/div><\/li><\/ul>[\/vc_column_inner][\/vc_row_inner][\/vc_column][vc_column width=&#8221;1\/2&#8243;][vc_images_carousel images=&#8221;4851,4852,4853&#8243; img_size=&#8221;full&#8221; onclick=&#8221;link_no&#8221; speed=&#8221;3000&#8243; autoplay=&#8221;yes&#8221; hide_pagination_control=&#8221;yes&#8221; hide_prev_next_buttons=&#8221;yes&#8221; wrap=&#8221;yes&#8221; css_animation=&#8221;fadeInRight&#8221;][\/vc_column][\/vc_row][vc_row][vc_column][vc_empty_space height=&#8221;20px&#8221;][vc_column_text]Polydioxanon PDO-Zahnmedizinisches Nahtmaterial Polidiox (Polydioxanon) ist ein monofiles, synthetisches, resorbierbares Nahtmaterial aus Poly(p-dioxanon)-Polyester. Die empirische Summenformel des Polymers lautet (C<sub>4<\/sub>H<sub>6<\/sub>O<sub>3<\/sub>)x. Dieses Nahtmaterial ist mit violetter Farbe (D&amp;C Violet No. 2 C.I. #60725\/Solvent Violet 13) gef\u00e4rbt, um eine gute Sichtbarkeit auf dem Gewebe zu erreichen. Das Polydioxanon-Polymer hat eine nicht-antigene und nicht-pyrogene Struktur und zeigt bei der Absorption eine leichte Gewebereaktion.[\/vc_column_text][vc_empty_space height=&#8221;30px&#8221;][\/vc_column][\/vc_row][vc_row][vc_column][vc_column_text]\n<table id=\"tablepress-DPX-DE\" class=\"tablepress tablepress-id-DPX-DE\">\n<thead>\n<tr class=\"row-1 odd\">\n\t<th class=\"column-1\">Nadelgr\u00f6\u00dfe<\/th><th colspan=\"2\" class=\"column-2\">Nadelform<\/th><th class=\"column-4\">Produktcode<\/th><th class=\"column-5\">USP<\/th><th class=\"column-6\">EP<\/th><th class=\"column-7\">L\u00e4nge<\/th><th class=\"column-8\">St\u00fcck<\/th><th class=\"column-9\">Farbe<\/th><th class=\"column-10\">Bestellung<\/th>\n<\/tr>\n<\/thead>\n<tbody class=\"row-hover\">\n<tr class=\"row-2 even\">\n\t<td class=\"column-1\">12 mm<br \/>\n<\/td><td class=\"column-2\">3\/8 Umgekehrter Schliff<br \/>\n<sub>380 Mikron<\/sub><\/td><td class=\"column-3\"><img loading=\"lazy\" decoding=\"async\" src=\"https:\/\/www.boztibbi.com\/wp-content\/uploads\/2019\/04\/suture-needle-icons-dental-s\u00fct\u00fcr-2.png\" alt=\"\" width=\"100\" height=\"14\" class=\"alignnone size-full wp-image-4751\" \/><\/td><td class=\"column-4\">PX1846<\/td><td class=\"column-5\">5\/0<\/td><td class=\"column-6\">1<\/td><td class=\"column-7\">45 cm<\/td><td class=\"column-8\">12<\/td><td class=\"column-9\">Violett<\/td><td class=\"column-10\"><p style=\"text-align: center;\"><a class=\"link\" href=\"https:\/\/www.boztibbi.com\/de\/kontakt\/\" target=\"_blank\" rel=\"noopener\"><i class=\"fa fa-shopping-cart size-41\"><\/i><\/a><\/p><\/td>\n<\/tr>\n<tr class=\"row-3 odd\">\n\t<td class=\"column-1\">12 mm<\/td><td class=\"column-2\">3\/8 Umgekehrter Schliff<br \/>\n<sub>330 Mikron<\/sub><\/td><td class=\"column-3\"><img loading=\"lazy\" decoding=\"async\" src=\"https:\/\/www.boztibbi.com\/wp-content\/uploads\/2019\/04\/suture-needle-icons-dental-s\u00fct\u00fcr-2.png\" alt=\"\" width=\"100\" height=\"14\" class=\"alignnone size-full wp-image-4751\" \/><\/td><td class=\"column-4\">PX5851<\/td><td class=\"column-5\">6\/0<\/td><td class=\"column-6\">0,7<\/td><td class=\"column-7\">45 cm<\/td><td class=\"column-8\">12<\/td><td class=\"column-9\">Violett<\/td><td class=\"column-10\"><p style=\"text-align: center;\"><a class=\"link\" href=\"https:\/\/www.boztibbi.com\/de\/kontakt\/\" target=\"_blank\" rel=\"noopener\"><i class=\"fa fa-shopping-cart size-41\"><\/i><\/a><\/p><\/td>\n<\/tr>\n<tr class=\"row-4 even\">\n\t<td rowspan=\"2\" class=\"column-1\">16 mm<\/td><td rowspan=\"2\" class=\"column-2\">3\/8 Umgekehrter Schliff<\/td><td rowspan=\"2\" class=\"column-3\"><img loading=\"lazy\" decoding=\"async\" src=\"https:\/\/www.boztibbi.com\/wp-content\/uploads\/2019\/04\/suture-needle-icons-dental-s\u00fct\u00fcr-2.png\" alt=\"\" width=\"100\" height=\"14\" class=\"alignnone size-full wp-image-4751\" \/><\/td><td class=\"column-4\">PX2540<\/td><td class=\"column-5\">4\/0<\/td><td class=\"column-6\">1,5<\/td><td class=\"column-7\">75 cm<\/td><td class=\"column-8\">12<\/td><td class=\"column-9\">Violett<\/td><td class=\"column-10\"><p style=\"text-align: center;\"><a class=\"link\" href=\"https:\/\/www.boztibbi.com\/de\/kontakt\/\" target=\"_blank\" rel=\"noopener\"><i class=\"fa fa-shopping-cart size-41\"><\/i><\/a><\/p><\/td>\n<\/tr>\n<tr class=\"row-5 odd\">\n\t<td class=\"column-4\">PX2021<\/td><td class=\"column-5\">5\/0<\/td><td class=\"column-6\">1<\/td><td class=\"column-7\">75 cm<\/td><td class=\"column-8\">12<\/td><td class=\"column-9\">Violett<\/td><td class=\"column-10\"><p style=\"text-align: center;\"><a class=\"link\" href=\"https:\/\/www.boztibbi.com\/de\/kontakt\/\" target=\"_blank\" rel=\"noopener\"><i class=\"fa fa-shopping-cart size-41\"><\/i><\/a><\/p><\/td>\n<\/tr>\n<tr class=\"row-6 even\">\n\t<td rowspan=\"2\" class=\"column-1\">19 mm<\/td><td rowspan=\"2\" class=\"column-2\">3\/8 Umgekehrter Schliff<\/td><td rowspan=\"2\" class=\"column-3\"><img loading=\"lazy\" decoding=\"async\" src=\"https:\/\/www.boztibbi.com\/wp-content\/uploads\/2019\/04\/suture-needle-icons-dental-s\u00fct\u00fcr-2.png\" alt=\"\" width=\"100\" height=\"14\" class=\"alignnone size-full wp-image-4751\" \/><\/td><td class=\"column-4\">PX5466<\/td><td class=\"column-5\">3\/0<\/td><td class=\"column-6\">2<\/td><td class=\"column-7\">70 cm<\/td><td class=\"column-8\">12<\/td><td class=\"column-9\">Violett<\/td><td class=\"column-10\"><p style=\"text-align: center;\"><a class=\"link\" href=\"https:\/\/www.boztibbi.com\/de\/kontakt\/\" target=\"_blank\" rel=\"noopener\"><i class=\"fa fa-shopping-cart size-41\"><\/i><\/a><\/p><\/td>\n<\/tr>\n<tr class=\"row-7 odd\">\n\t<td class=\"column-4\">PX2635<\/td><td class=\"column-5\">4\/0<\/td><td class=\"column-6\">1,5<\/td><td class=\"column-7\">45 cm<\/td><td class=\"column-8\">12<\/td><td class=\"column-9\">Violett<\/td><td class=\"column-10\"><p style=\"text-align: center;\"><a class=\"link\" href=\"https:\/\/www.boztibbi.com\/de\/kontakt\/\" target=\"_blank\" rel=\"noopener\"><i class=\"fa fa-shopping-cart size-41\"><\/i><\/a><\/p><\/td>\n<\/tr>\n<tr class=\"row-8 even\">\n\t<td class=\"column-1\">20 mm<\/td><td class=\"column-2\">3\/8 Umgekehrter Schliff<\/td><td class=\"column-3\"><img loading=\"lazy\" decoding=\"async\" src=\"https:\/\/www.boztibbi.com\/wp-content\/uploads\/2019\/04\/suture-needle-icons-dental-s\u00fct\u00fcr-2.png\" alt=\"\" width=\"100\" height=\"14\" class=\"alignnone size-full wp-image-4751\" \/><\/td><td class=\"column-4\">PX2719<\/td><td class=\"column-5\">4\/0<\/td><td class=\"column-6\">1,5<\/td><td class=\"column-7\">75 cm<\/td><td class=\"column-8\">12<\/td><td class=\"column-9\">Violett<\/td><td class=\"column-10\"><p style=\"text-align: center;\"><a class=\"link\" href=\"https:\/\/www.boztibbi.com\/de\/kontakt\/\" target=\"_blank\" rel=\"noopener\"><i class=\"fa fa-shopping-cart size-41\"><\/i><\/a><\/p><\/td>\n<\/tr>\n<\/tbody>\n<\/table>\n<!-- #tablepress-DPX-DE from cache -->[\/vc_column_text][vc_empty_space height=&#8221;30px&#8221;][vc_column_text]Unsere Produktpalette beschr\u00e4nkt sich nicht nur auf das oben aufgef\u00fchrte chirurgische tier\u00e4rztliche Nahtmaterial. Die Liste enth\u00e4lt die am meisten bevorzugten Produkte. Wenn Sie verschiedene Arten von Nahtmaterial f\u00fcr die Veterin\u00e4rchirurgie ben\u00f6tigen, klicken Sie bitte auf die Schaltfl\u00e4che unten, um uns zu kontaktieren und die gew\u00fcnschten Produkte anzufordern.<\/p>\n<p><a class=\"button download square white\" href=\"https:\/\/www.boztibbi.com\/de\/kontakt\/\" target=\"_blank\" rel=\"noopener noreferrer\"><i class=\"fa fa-file-text-o\"><\/i>PRODUKT-BESTELLFORMULAR<\/a>[\/vc_column_text][\/vc_column][\/vc_row]<\/p>\n<\/div>","protected":false},"excerpt":{"rendered":"<p>[vc_row][vc_column width=&#8221;1\/2&#8243;][vc_custom_heading text=&#8221;POL\u0130D\u0130OX&#8221; font_container=&#8221;tag:h1|font_size:50px|text_align:left&#8221; use_theme_fonts=&#8221;yes&#8221;][vc_custom_heading text=&#8221;Polydioxanon (PDO)&#8221; font_container=&#8221;tag:h6|font_size:20px|text_align:left&#8221; use_theme_fonts=&#8221;yes&#8221;][vc_empty_space height=&#8221;20px&#8221;][vc_column_text]NICHT RESORBIERBARES CHIRURGISCHES NAHTMATERIAL ZAHN\u00c4RZTLICHES NAHTMATERIAL[\/vc_column_text][vc_empty_space height=&#8221;20px&#8221;][vc_row_inner][vc_column_inner width=&#8221;1\/2&#8243;][\/vc_column_inner][vc_column_inner width=&#8221;1\/2&#8243;][\/vc_column_inner][\/vc_row_inner][\/vc_column][vc_column width=&#8221;1\/2&#8243;][vc_images_carousel images=&#8221;4851,4852,4853&#8243; img_size=&#8221;full&#8221; onclick=&#8221;link_no&#8221; speed=&#8221;3000&#8243; autoplay=&#8221;yes&#8221; hide_pagination_control=&#8221;yes&#8221; hide_prev_next_buttons=&#8221;yes&#8221; wrap=&#8221;yes&#8221; css_animation=&#8221;fadeInRight&#8221;][\/vc_column][\/vc_row][vc_row][vc_column][vc_empty_space height=&#8221;20px&#8221;][vc_column_text]Polydioxanon PDO-Zahnmedizinisches Nahtmaterial Polidiox (Polydioxanon) ist ein monofiles, synthetisches, resorbierbares Nahtmaterial aus Poly(p-dioxanon)-Polyester. Die empirische Summenformel des Polymers lautet (C4H6O3)x. Dieses Nahtmaterial ist mit violetter Farbe (D&amp;C [&hellip;]<\/p>\n","protected":false},"author":1,"featured_media":0,"parent":8993,"menu_order":0,"comment_status":"closed","ping_status":"closed","template":"","meta":{"_acf_changed":false,"footnotes":""},"class_list":["post-9050","page","type-page","status-publish","hentry"],"acf":[],"yoast_head":"<!-- This site is optimized with the Yoast SEO plugin v21.6 - https:\/\/yoast.com\/wordpress\/plugins\/seo\/ -->\n<title>Polydioxanon PDO-Dentalnahtmaterial - Polidiox - Boz Medical<\/title>\n<meta name=\"description\" content=\"Polydioxanon PDO-Zahnmedizinisches Nahtmaterial Polidiox (Polydioxanon) ist ein monofiles, synthetisches, resorbierbares chirurgisches Nahtmaterial, das...\" \/>\n<meta name=\"robots\" content=\"index, follow, max-snippet:-1, max-image-preview:large, max-video-preview:-1\" \/>\n<link rel=\"canonical\" href=\"https:\/\/www.boztibbi.com\/de\/spezialnaehte-fuer-chirurgische-bereiche\/nahtmaterial-fuer-die-mund-zahn-und-kieferchirurgie\/polydioxanon-pdo-dentalnahtmaterial-polidiox\/\" \/>\n<meta property=\"og:locale\" content=\"de_DE\" \/>\n<meta property=\"og:type\" content=\"article\" \/>\n<meta property=\"og:title\" content=\"Polidioksanon PDO Dental S\u00fct\u00fcr - Polidiox\" \/>\n<meta property=\"og:description\" content=\"Monofilaman, sentetik, emilebilir cerrahi diki\u015f ipli\u011fi\" \/>\n<meta property=\"og:url\" content=\"https:\/\/www.boztibbi.com\/de\/spezialnaehte-fuer-chirurgische-bereiche\/nahtmaterial-fuer-die-mund-zahn-und-kieferchirurgie\/polydioxanon-pdo-dentalnahtmaterial-polidiox\/\" \/>\n<meta property=\"og:site_name\" content=\"Boz Medical\" \/>\n<meta property=\"article:publisher\" content=\"https:\/\/www.facebook.com\/bozmedical\/\" \/>\n<meta property=\"article:modified_time\" content=\"2024-08-21T09:01:46+00:00\" \/>\n<meta property=\"og:image\" content=\"https:\/\/www.boztibbi.com\/wp-content\/uploads\/2019\/05\/polidiox-PDO-polidioksanon-emilebilir-dental-suture-s\u00fct\u00fcr-ameliyat-ipli\u011fi-cerrahi-diki\u015f.jpg\" \/>\n\t<meta property=\"og:image:width\" content=\"1000\" \/>\n\t<meta property=\"og:image:height\" content=\"667\" \/>\n\t<meta property=\"og:image:type\" content=\"image\/jpeg\" \/>\n<meta name=\"twitter:card\" content=\"summary_large_image\" \/>\n<meta name=\"twitter:title\" content=\"Polidioksanon PDO Dental S\u00fct\u00fcr - Polidiox\" \/>\n<meta name=\"twitter:description\" content=\"Monofilaman, sentetik, emilebilir cerrahi diki\u015f ipli\u011fi\" \/>\n<meta name=\"twitter:site\" content=\"@bozmedical\" \/>\n<script type=\"application\/ld+json\" class=\"yoast-schema-graph\">{\"@context\":\"https:\/\/schema.org\",\"@graph\":[{\"@type\":\"WebPage\",\"@id\":\"https:\/\/www.boztibbi.com\/de\/spezialnaehte-fuer-chirurgische-bereiche\/nahtmaterial-fuer-die-mund-zahn-und-kieferchirurgie\/polydioxanon-pdo-dentalnahtmaterial-polidiox\/\",\"url\":\"https:\/\/www.boztibbi.com\/de\/spezialnaehte-fuer-chirurgische-bereiche\/nahtmaterial-fuer-die-mund-zahn-und-kieferchirurgie\/polydioxanon-pdo-dentalnahtmaterial-polidiox\/\",\"name\":\"Polydioxanon PDO-Dentalnahtmaterial - Polidiox - Boz Medical\",\"isPartOf\":{\"@id\":\"https:\/\/www.boztibbi.com\/#website\"},\"datePublished\":\"2019-05-08T10:31:23+00:00\",\"dateModified\":\"2024-08-21T09:01:46+00:00\",\"description\":\"Polydioxanon PDO-Zahnmedizinisches Nahtmaterial Polidiox (Polydioxanon) ist ein monofiles, synthetisches, resorbierbares chirurgisches Nahtmaterial, das...\",\"breadcrumb\":{\"@id\":\"https:\/\/www.boztibbi.com\/de\/spezialnaehte-fuer-chirurgische-bereiche\/nahtmaterial-fuer-die-mund-zahn-und-kieferchirurgie\/polydioxanon-pdo-dentalnahtmaterial-polidiox\/#breadcrumb\"},\"inLanguage\":\"de\",\"potentialAction\":[{\"@type\":\"ReadAction\",\"target\":[\"https:\/\/www.boztibbi.com\/de\/spezialnaehte-fuer-chirurgische-bereiche\/nahtmaterial-fuer-die-mund-zahn-und-kieferchirurgie\/polydioxanon-pdo-dentalnahtmaterial-polidiox\/\"]}]},{\"@type\":\"BreadcrumbList\",\"@id\":\"https:\/\/www.boztibbi.com\/de\/spezialnaehte-fuer-chirurgische-bereiche\/nahtmaterial-fuer-die-mund-zahn-und-kieferchirurgie\/polydioxanon-pdo-dentalnahtmaterial-polidiox\/#breadcrumb\",\"itemListElement\":[{\"@type\":\"ListItem\",\"position\":1,\"name\":\"Hauptseite\",\"item\":\"https:\/\/www.boztibbi.com\/de\/\"},{\"@type\":\"ListItem\",\"position\":2,\"name\":\"Spezialn\u00e4hte f\u00fcr Chirurgische Bereiche\",\"item\":\"https:\/\/www.boztibbi.com\/de\/spezialnaehte-fuer-chirurgische-bereiche\/\"},{\"@type\":\"ListItem\",\"position\":3,\"name\":\"Nahtmaterial f\u00fcr die Mund-, Zahn- und Kieferchirurgie\",\"item\":\"https:\/\/www.boztibbi.com\/de\/spezialnaehte-fuer-chirurgische-bereiche\/nahtmaterial-fuer-die-mund-zahn-und-kieferchirurgie\/\"},{\"@type\":\"ListItem\",\"position\":4,\"name\":\"Polydioxanon PDO-Dentalnahtmaterial &#8211; Polidiox\"}]},{\"@type\":\"WebSite\",\"@id\":\"https:\/\/www.boztibbi.com\/#website\",\"url\":\"https:\/\/www.boztibbi.com\/\",\"name\":\"Boz Medical\",\"description\":\"Chirurgisches Nahtmaterial, resorbierbare H\u00e4mostate und chirurgische Maschen\",\"publisher\":{\"@id\":\"https:\/\/www.boztibbi.com\/#organization\"},\"potentialAction\":[{\"@type\":\"SearchAction\",\"target\":{\"@type\":\"EntryPoint\",\"urlTemplate\":\"https:\/\/www.boztibbi.com\/?s={search_term_string}\"},\"query-input\":\"required name=search_term_string\"}],\"inLanguage\":\"de\"},{\"@type\":\"Organization\",\"@id\":\"https:\/\/www.boztibbi.com\/#organization\",\"name\":\"Boz T\u0131bbi Malzeme Sanayi ve Ticaret A.\u015e.\",\"url\":\"https:\/\/www.boztibbi.com\/\",\"logo\":{\"@type\":\"ImageObject\",\"inLanguage\":\"de\",\"@id\":\"https:\/\/www.boztibbi.com\/#\/schema\/logo\/image\/\",\"url\":\"https:\/\/www.boztibbi.com\/wp-content\/uploads\/2018\/08\/boz-t\u0131bbi-malzemeler-medikal-tekstil-t\u00fcrkiye-istanbul-ankara-u\u015fak.png\",\"contentUrl\":\"https:\/\/www.boztibbi.com\/wp-content\/uploads\/2018\/08\/boz-t\u0131bbi-malzemeler-medikal-tekstil-t\u00fcrkiye-istanbul-ankara-u\u015fak.png\",\"width\":1024,\"height\":683,\"caption\":\"Boz T\u0131bbi Malzeme Sanayi ve Ticaret A.\u015e.\"},\"image\":{\"@id\":\"https:\/\/www.boztibbi.com\/#\/schema\/logo\/image\/\"},\"sameAs\":[\"https:\/\/www.facebook.com\/bozmedical\/\",\"https:\/\/twitter.com\/bozmedical\"]}]}<\/script>\n<!-- \/ Yoast SEO plugin. -->","yoast_head_json":{"title":"Polydioxanon PDO-Dentalnahtmaterial - Polidiox - Boz Medical","description":"Polydioxanon PDO-Zahnmedizinisches Nahtmaterial Polidiox (Polydioxanon) ist ein monofiles, synthetisches, resorbierbares chirurgisches Nahtmaterial, das...","robots":{"index":"index","follow":"follow","max-snippet":"max-snippet:-1","max-image-preview":"max-image-preview:large","max-video-preview":"max-video-preview:-1"},"canonical":"https:\/\/www.boztibbi.com\/de\/spezialnaehte-fuer-chirurgische-bereiche\/nahtmaterial-fuer-die-mund-zahn-und-kieferchirurgie\/polydioxanon-pdo-dentalnahtmaterial-polidiox\/","og_locale":"de_DE","og_type":"article","og_title":"Polidioksanon PDO Dental S\u00fct\u00fcr - Polidiox","og_description":"Monofilaman, sentetik, emilebilir cerrahi diki\u015f ipli\u011fi","og_url":"https:\/\/www.boztibbi.com\/de\/spezialnaehte-fuer-chirurgische-bereiche\/nahtmaterial-fuer-die-mund-zahn-und-kieferchirurgie\/polydioxanon-pdo-dentalnahtmaterial-polidiox\/","og_site_name":"Boz Medical","article_publisher":"https:\/\/www.facebook.com\/bozmedical\/","article_modified_time":"2024-08-21T09:01:46+00:00","og_image":[{"width":1000,"height":667,"url":"https:\/\/www.boztibbi.com\/wp-content\/uploads\/2019\/05\/polidiox-PDO-polidioksanon-emilebilir-dental-suture-s\u00fct\u00fcr-ameliyat-ipli\u011fi-cerrahi-diki\u015f.jpg","type":"image\/jpeg"}],"twitter_card":"summary_large_image","twitter_title":"Polidioksanon PDO Dental S\u00fct\u00fcr - Polidiox","twitter_description":"Monofilaman, sentetik, emilebilir cerrahi diki\u015f ipli\u011fi","twitter_site":"@bozmedical","schema":{"@context":"https:\/\/schema.org","@graph":[{"@type":"WebPage","@id":"https:\/\/www.boztibbi.com\/de\/spezialnaehte-fuer-chirurgische-bereiche\/nahtmaterial-fuer-die-mund-zahn-und-kieferchirurgie\/polydioxanon-pdo-dentalnahtmaterial-polidiox\/","url":"https:\/\/www.boztibbi.com\/de\/spezialnaehte-fuer-chirurgische-bereiche\/nahtmaterial-fuer-die-mund-zahn-und-kieferchirurgie\/polydioxanon-pdo-dentalnahtmaterial-polidiox\/","name":"Polydioxanon PDO-Dentalnahtmaterial - Polidiox - Boz Medical","isPartOf":{"@id":"https:\/\/www.boztibbi.com\/#website"},"datePublished":"2019-05-08T10:31:23+00:00","dateModified":"2024-08-21T09:01:46+00:00","description":"Polydioxanon PDO-Zahnmedizinisches Nahtmaterial Polidiox (Polydioxanon) ist ein monofiles, synthetisches, resorbierbares chirurgisches Nahtmaterial, das...","breadcrumb":{"@id":"https:\/\/www.boztibbi.com\/de\/spezialnaehte-fuer-chirurgische-bereiche\/nahtmaterial-fuer-die-mund-zahn-und-kieferchirurgie\/polydioxanon-pdo-dentalnahtmaterial-polidiox\/#breadcrumb"},"inLanguage":"de","potentialAction":[{"@type":"ReadAction","target":["https:\/\/www.boztibbi.com\/de\/spezialnaehte-fuer-chirurgische-bereiche\/nahtmaterial-fuer-die-mund-zahn-und-kieferchirurgie\/polydioxanon-pdo-dentalnahtmaterial-polidiox\/"]}]},{"@type":"BreadcrumbList","@id":"https:\/\/www.boztibbi.com\/de\/spezialnaehte-fuer-chirurgische-bereiche\/nahtmaterial-fuer-die-mund-zahn-und-kieferchirurgie\/polydioxanon-pdo-dentalnahtmaterial-polidiox\/#breadcrumb","itemListElement":[{"@type":"ListItem","position":1,"name":"Hauptseite","item":"https:\/\/www.boztibbi.com\/de\/"},{"@type":"ListItem","position":2,"name":"Spezialn\u00e4hte f\u00fcr Chirurgische Bereiche","item":"https:\/\/www.boztibbi.com\/de\/spezialnaehte-fuer-chirurgische-bereiche\/"},{"@type":"ListItem","position":3,"name":"Nahtmaterial f\u00fcr die Mund-, Zahn- und Kieferchirurgie","item":"https:\/\/www.boztibbi.com\/de\/spezialnaehte-fuer-chirurgische-bereiche\/nahtmaterial-fuer-die-mund-zahn-und-kieferchirurgie\/"},{"@type":"ListItem","position":4,"name":"Polydioxanon PDO-Dentalnahtmaterial &#8211; Polidiox"}]},{"@type":"WebSite","@id":"https:\/\/www.boztibbi.com\/#website","url":"https:\/\/www.boztibbi.com\/","name":"Boz Medical","description":"Chirurgisches Nahtmaterial, resorbierbare H\u00e4mostate und chirurgische Maschen","publisher":{"@id":"https:\/\/www.boztibbi.com\/#organization"},"potentialAction":[{"@type":"SearchAction","target":{"@type":"EntryPoint","urlTemplate":"https:\/\/www.boztibbi.com\/?s={search_term_string}"},"query-input":"required name=search_term_string"}],"inLanguage":"de"},{"@type":"Organization","@id":"https:\/\/www.boztibbi.com\/#organization","name":"Boz T\u0131bbi Malzeme Sanayi ve Ticaret A.\u015e.","url":"https:\/\/www.boztibbi.com\/","logo":{"@type":"ImageObject","inLanguage":"de","@id":"https:\/\/www.boztibbi.com\/#\/schema\/logo\/image\/","url":"https:\/\/www.boztibbi.com\/wp-content\/uploads\/2018\/08\/boz-t\u0131bbi-malzemeler-medikal-tekstil-t\u00fcrkiye-istanbul-ankara-u\u015fak.png","contentUrl":"https:\/\/www.boztibbi.com\/wp-content\/uploads\/2018\/08\/boz-t\u0131bbi-malzemeler-medikal-tekstil-t\u00fcrkiye-istanbul-ankara-u\u015fak.png","width":1024,"height":683,"caption":"Boz T\u0131bbi Malzeme Sanayi ve Ticaret A.\u015e."},"image":{"@id":"https:\/\/www.boztibbi.com\/#\/schema\/logo\/image\/"},"sameAs":["https:\/\/www.facebook.com\/bozmedical\/","https:\/\/twitter.com\/bozmedical"]}]}},"_links":{"self":[{"href":"https:\/\/www.boztibbi.com\/de\/wp-json\/wp\/v2\/pages\/9050","targetHints":{"allow":["GET"]}}],"collection":[{"href":"https:\/\/www.boztibbi.com\/de\/wp-json\/wp\/v2\/pages"}],"about":[{"href":"https:\/\/www.boztibbi.com\/de\/wp-json\/wp\/v2\/types\/page"}],"author":[{"embeddable":true,"href":"https:\/\/www.boztibbi.com\/de\/wp-json\/wp\/v2\/users\/1"}],"replies":[{"embeddable":true,"href":"https:\/\/www.boztibbi.com\/de\/wp-json\/wp\/v2\/comments?post=9050"}],"version-history":[{"count":3,"href":"https:\/\/www.boztibbi.com\/de\/wp-json\/wp\/v2\/pages\/9050\/revisions"}],"predecessor-version":[{"id":13503,"href":"https:\/\/www.boztibbi.com\/de\/wp-json\/wp\/v2\/pages\/9050\/revisions\/13503"}],"up":[{"embeddable":true,"href":"https:\/\/www.boztibbi.com\/de\/wp-json\/wp\/v2\/pages\/8993"}],"wp:attachment":[{"href":"https:\/\/www.boztibbi.com\/de\/wp-json\/wp\/v2\/media?parent=9050"}],"curies":[{"name":"wp","href":"https:\/\/api.w.org\/{rel}","templated":true}]}}