{"id":8993,"date":"2019-05-21T10:17:55","date_gmt":"2019-05-21T07:17:55","guid":{"rendered":"https:\/\/www.boztibbi.com\/spezialnaehte-fuer-chirurgische-bereiche\/agiz-dis-ve-cene-cerrahisi-suturleri\/"},"modified":"2024-08-21T10:33:01","modified_gmt":"2024-08-21T07:33:01","slug":"nahtmaterial-fuer-die-mund-zahn-und-kieferchirurgie","status":"publish","type":"page","link":"https:\/\/www.boztibbi.com\/de\/spezialnaehte-fuer-chirurgische-bereiche\/nahtmaterial-fuer-die-mund-zahn-und-kieferchirurgie\/","title":{"rendered":"Nahtmaterial f\u00fcr die Mund-, Zahn- und Kieferchirurgie"},"content":{"rendered":"<div class=\"wpb-content-wrapper\"><p>[vc_row content_placement=&#8221;middle&#8221; css=&#8221;.vc_custom_1557325368653{margin-right: 0px !important;margin-bottom: 35px !important;margin-left: 0px !important;background-image: url(https:\/\/www.boztibbi.com\/wp-content\/uploads\/2019\/05\/a\u011f\u0131z-di\u015f-ve-\u00e7ene-cerrahisi-diki\u015f-atma-s\u00fct\u00fcr-suture-oral-and-maxillofacial-surgery-dental-suturing-boz-t\u0131bbi.jpg?id=4909) !important;background-position: center !important;background-repeat: no-repeat !important;background-size: cover !important;}&#8221;][vc_column width=&#8221;2\/3&#8243;][\/vc_column][vc_column width=&#8221;1\/3&#8243;][vc_widget_sidebar sidebar_id=&#8221;sidebar-5cd3bd2fae00a&#8221; el_class=&#8221;main-sidebar&#8221;][\/vc_column][\/vc_row][vc_row gap=&#8221;30&#8243;][vc_column width=&#8221;1\/2&#8243;][vc_custom_heading text=&#8221;Nahtmaterial f\u00fcr die Mund-, Zahn- und Kieferchirurgie&#8221; font_container=&#8221;tag:h2|font_size:34px|text_align:left&#8221; use_theme_fonts=&#8221;yes&#8221;][vc_empty_space height=&#8221;20px&#8221;][vc_column_text]<a class=\"button no-bg\" href=\"https:\/\/www.boztibbi.com\/de\/spezialnaehte-fuer-chirurgische-bereiche\/\">ZUR\u00dcCK ZU DEN CHIRURGISCHEN BEREICHEN<\/a>[\/vc_column_text][vc_empty_space height=&#8221;20px&#8221;][\/vc_column][vc_column width=&#8221;1\/2&#8243;][vc_custom_heading text=&#8221;Boz Medical bietet Nahtmaterial f\u00fcr ein breites Spektrum von Anwendungsbereichen an.&#8221; font_container=&#8221;tag:div|font_size:24px|text_align:left|color:%23d6002a|line_height:1.325&#8243; use_theme_fonts=&#8221;yes&#8221;][vc_empty_space height=&#8221;20px&#8221;][vc_column_text]Das N\u00e4hen in der Mund-, Zahn- und Kieferchirurgie dient dazu, das offene Gewebe zu verbinden, die Blutung zu stillen und das getrennte Gewebe gegen \u00e4u\u00dfere Einfl\u00fcsse zu st\u00e4rken. Je nach chirurgischem Eingriff verwendet der Zahnarzt l\u00f6sliches Nahtmaterial, das nach 3 bis 5 Wochen entfernt wird, oder unl\u00f6sliches Nahtmaterial, das 7 bis 10 Tage nach dem Eingriff vom Zahnarzt entfernt wird.[\/vc_column_text][vc_empty_space height=&#8221;20px&#8221;][\/vc_column][\/vc_row][vc_row][vc_column width=&#8221;1\/3&#8243;]\n<!-- BEGIN .imagebox -->\n<div class=\"imagebox   vc_custom_1636368940402\">\n\t\n\t\t<div class=\"box-header\">\n\t\t\t<h3 class=\"box-title\">\n\t\t\t\t<a href=\"https:\/\/www.boztibbi.com\/de\/spezialnaehte-fuer-chirurgische-bereiche\/nahtmaterial-fuer-die-mund-zahn-und-kieferchirurgie\/schnell-resorbierbares-pgla-dental-nahtmaterial-fastlak\/\" target=\"_self\">\n\t\t\t\t\tPGLA Zahn\u00e4rztliche Naht\t\t\t\t<\/a>\n\t\t\t<\/h3>\n\n\t\t\t\t\t<\/div>\n\n\t\t<div class=\"box-content\"><p>Schnell resorbierbares Nahtmaterial aus Polyglykolakts\u00e4ure<\/p>\n<\/div>\n\n\t\t<div class=\"box-image\">\n\t\t\t<a href=\"https:\/\/www.boztibbi.com\/de\/spezialnaehte-fuer-chirurgische-bereiche\/nahtmaterial-fuer-die-mund-zahn-und-kieferchirurgie\/schnell-resorbierbares-pgla-dental-nahtmaterial-fastlak\/\" target=\"_self\">\n\t\t\t\t\t\t\t\t\t<div class=\"box-button button\">\t\n\t\t\t\t\t\t<span>Fastlak<\/span><i class=\"ion-log-in\"><\/i>\n\t\t\t\t\t<\/div>\n\t\t\t\t\n\t\t\t\t<img decoding=\"async\" class=\"\" src=\"https:\/\/www.boztibbi.com\/wp-content\/uploads\/2019\/05\/a\u011f\u0131z-di\u015f-ve-\u00e7ene-cerrahisi-s\u00fct\u00fcr-diki\u015f-atma-fastlak.jpg\" width=\"636\" height=\"350\" alt=\"a\u011f\u0131z-di\u015f-ve-\u00e7ene-cerrahisi-s\u00fct\u00fcr-diki\u015f-atma-fastlak\" title=\"a\u011f\u0131z-di\u015f-ve-\u00e7ene-cerrahisi-s\u00fct\u00fcr-diki\u015f-atma-fastlak\" loading=\"lazy\" \/>\t\t\t<\/a>\n\t\t<\/div>\n\t<\/div>\n<!-- End .imagebox -->\n[vc_empty_space height=&#8221;30px&#8221;]\n<!-- BEGIN .imagebox -->\n<div class=\"imagebox   vc_custom_1636119105106\">\n\t\n\t\t<div class=\"box-header\">\n\t\t\t<h3 class=\"box-title\">\n\t\t\t\t<a href=\"https:\/\/www.boztibbi.com\/de\/spezialnaehte-fuer-chirurgische-bereiche\/nahtmaterial-fuer-die-mund-zahn-und-kieferchirurgie\/polypropylen-pp-zahnaerztliches-nahtmaterial-monoprolen\/\" target=\"_self\">\n\t\t\t\t\tPP Zahn\u00e4rztliche Naht\t\t\t\t<\/a>\n\t\t\t<\/h3>\n\n\t\t\t\t\t<\/div>\n\n\t\t<div class=\"box-content\"><p>Chirurgisches zahnmedizinisches Nahtmaterial aus Polypropylen<\/p>\n<\/div>\n\n\t\t<div class=\"box-image\">\n\t\t\t<a href=\"https:\/\/www.boztibbi.com\/de\/spezialnaehte-fuer-chirurgische-bereiche\/nahtmaterial-fuer-die-mund-zahn-und-kieferchirurgie\/polypropylen-pp-zahnaerztliches-nahtmaterial-monoprolen\/\" target=\"_self\">\n\t\t\t\t\t\t\t\t\t<div class=\"box-button button\">\t\n\t\t\t\t\t\t<span>Monoprolen<\/span><i class=\"ion-log-in\"><\/i>\n\t\t\t\t\t<\/div>\n\t\t\t\t\n\t\t\t\t<img decoding=\"async\" class=\"\" src=\"https:\/\/www.boztibbi.com\/wp-content\/uploads\/2019\/05\/a\u011f\u0131z-di\u015f-ve-\u00e7ene-cerrahisi-s\u00fct\u00fcr-diki\u015f-atma-monoprolen.jpg\" width=\"636\" height=\"350\" alt=\"a\u011f\u0131z-di\u015f-ve-\u00e7ene-cerrahisi-s\u00fct\u00fcr-diki\u015f-atma-monoprolen\" title=\"a\u011f\u0131z-di\u015f-ve-\u00e7ene-cerrahisi-s\u00fct\u00fcr-diki\u015f-atma-monoprolen\" loading=\"lazy\" \/>\t\t\t<\/a>\n\t\t<\/div>\n\t<\/div>\n<!-- End .imagebox -->\n[vc_empty_space height=&#8221;30px&#8221;]\n<!-- BEGIN .imagebox -->\n<div class=\"imagebox   vc_custom_1636355541593\">\n\t\n\t\t<div class=\"box-header\">\n\t\t\t<h3 class=\"box-title\">\n\t\t\t\t<a href=\"https:\/\/www.boztibbi.com\/de\/spezialnaehte-fuer-chirurgische-bereiche\/nahtmaterial-fuer-die-mund-zahn-und-kieferchirurgie\/polydioxanon-pdo-dentalnahtmaterial-polidiox\/\" target=\"_self\">\n\t\t\t\t\tPDO Zahn\u00e4rztliche Naht\t\t\t\t<\/a>\n\t\t\t<\/h3>\n\n\t\t\t\t\t<\/div>\n\n\t\t<div class=\"box-content\"><p>Chirurgisches zahnmedizinisches Nahtmaterial aus Polydioxanon<\/p>\n<\/div>\n\n\t\t<div class=\"box-image\">\n\t\t\t<a href=\"https:\/\/www.boztibbi.com\/de\/spezialnaehte-fuer-chirurgische-bereiche\/nahtmaterial-fuer-die-mund-zahn-und-kieferchirurgie\/polydioxanon-pdo-dentalnahtmaterial-polidiox\/\" target=\"_self\">\n\t\t\t\t\t\t\t\t\t<div class=\"box-button button\">\t\n\t\t\t\t\t\t<span>Polidiox<\/span><i class=\"ion-log-in\"><\/i>\n\t\t\t\t\t<\/div>\n\t\t\t\t\n\t\t\t\t<img decoding=\"async\" class=\"\" src=\"https:\/\/www.boztibbi.com\/wp-content\/uploads\/2019\/05\/a\u011f\u0131z-di\u015f-ve-\u00e7ene-cerrahisi-s\u00fct\u00fcr-diki\u015f-atma-polidiox.jpg\" width=\"636\" height=\"350\" alt=\"a\u011f\u0131z-di\u015f-ve-\u00e7ene-cerrahisi-s\u00fct\u00fcr-diki\u015f-atma-polidiox\" title=\"a\u011f\u0131z-di\u015f-ve-\u00e7ene-cerrahisi-s\u00fct\u00fcr-diki\u015f-atma-polidiox\" loading=\"lazy\" \/>\t\t\t<\/a>\n\t\t<\/div>\n\t<\/div>\n<!-- End .imagebox -->\n[vc_empty_space height=&#8221;20px&#8221;][\/vc_column][vc_column width=&#8221;1\/3&#8243;]\n<!-- BEGIN .imagebox -->\n<div class=\"imagebox   vc_custom_1636117295477\">\n\t\n\t\t<div class=\"box-header\">\n\t\t\t<h3 class=\"box-title\">\n\t\t\t\t<a href=\"https:\/\/www.boztibbi.com\/de\/spezialnaehte-fuer-chirurgische-bereiche\/nahtmaterial-fuer-die-mund-zahn-und-kieferchirurgie\/polytetrafluorethylen-ptfe-zahnaerztliches-nahtmaterial-monotef\/\" target=\"_self\">\n\t\t\t\t\tPTFE Zahn\u00e4rztliche Naht\t\t\t\t<\/a>\n\t\t\t<\/h3>\n\n\t\t\t\t\t<\/div>\n\n\t\t<div class=\"box-content\"><p>Chirurgisches zahn\u00e4rztliches Nahtmaterial aus Polytetrafluorethylen<\/p>\n<\/div>\n\n\t\t<div class=\"box-image\">\n\t\t\t<a href=\"https:\/\/www.boztibbi.com\/de\/spezialnaehte-fuer-chirurgische-bereiche\/nahtmaterial-fuer-die-mund-zahn-und-kieferchirurgie\/polytetrafluorethylen-ptfe-zahnaerztliches-nahtmaterial-monotef\/\" target=\"_self\">\n\t\t\t\t\t\t\t\t\t<div class=\"box-button button\">\t\n\t\t\t\t\t\t<span>Monotef<\/span><i class=\"ion-log-in\"><\/i>\n\t\t\t\t\t<\/div>\n\t\t\t\t\n\t\t\t\t<img decoding=\"async\" class=\"\" src=\"https:\/\/www.boztibbi.com\/wp-content\/uploads\/2019\/05\/a\u011f\u0131z-di\u015f-ve-\u00e7ene-cerrahisi-s\u00fct\u00fcr-diki\u015f-atma-monotef.jpg\" width=\"636\" height=\"350\" alt=\"a\u011f\u0131z-di\u015f-ve-\u00e7ene-cerrahisi-s\u00fct\u00fcr-diki\u015f-atma-monotef\" title=\"a\u011f\u0131z-di\u015f-ve-\u00e7ene-cerrahisi-s\u00fct\u00fcr-diki\u015f-atma-monotef\" loading=\"lazy\" \/>\t\t\t<\/a>\n\t\t<\/div>\n\t<\/div>\n<!-- End .imagebox -->\n[vc_empty_space height=&#8221;30px&#8221;]\n<!-- BEGIN .imagebox -->\n<div class=\"imagebox   vc_custom_1636363429810\">\n\t\n\t\t<div class=\"box-header\">\n\t\t\t<h3 class=\"box-title\">\n\t\t\t\t<a href=\"https:\/\/www.boztibbi.com\/de\/spezialnaehte-fuer-chirurgische-bereiche\/nahtmaterial-fuer-die-mund-zahn-und-kieferchirurgie\/nicht-resorbierbares-chirurgisches-nahtmaterial-aus-seide\/\" target=\"_self\">\n\t\t\t\t\tSeide | Silk Zahn\u00e4rztliche Naht\t\t\t\t<\/a>\n\t\t\t<\/h3>\n\n\t\t\t\t\t<\/div>\n\n\t\t<div class=\"box-content\"><p>Chirurgisches zahnmedizinisches Nahtmaterial aus nat\u00fcrlicher Seide<\/p>\n<\/div>\n\n\t\t<div class=\"box-image\">\n\t\t\t<a href=\"https:\/\/www.boztibbi.com\/de\/spezialnaehte-fuer-chirurgische-bereiche\/nahtmaterial-fuer-die-mund-zahn-und-kieferchirurgie\/nicht-resorbierbares-chirurgisches-nahtmaterial-aus-seide\/\" target=\"_self\">\n\t\t\t\t\t\t\t\t\t<div class=\"box-button button\">\t\n\t\t\t\t\t\t<span>Seide - Silk<\/span><i class=\"ion-log-in\"><\/i>\n\t\t\t\t\t<\/div>\n\t\t\t\t\n\t\t\t\t<img decoding=\"async\" class=\"\" src=\"https:\/\/www.boztibbi.com\/wp-content\/uploads\/2019\/05\/a\u011f\u0131z-di\u015f-ve-\u00e7ene-cerrahisi-s\u00fct\u00fcr-diki\u015f-atma-ipek.jpg\" width=\"636\" height=\"350\" alt=\"a\u011f\u0131z-di\u015f-ve-\u00e7ene-cerrahisi-s\u00fct\u00fcr-diki\u015f-atma-ipek\" title=\"a\u011f\u0131z-di\u015f-ve-\u00e7ene-cerrahisi-s\u00fct\u00fcr-diki\u015f-atma-ipek\" loading=\"lazy\" \/>\t\t\t<\/a>\n\t\t<\/div>\n\t<\/div>\n<!-- End .imagebox -->\n[vc_empty_space height=&#8221;30px&#8221;]\n<!-- BEGIN .imagebox -->\n<div class=\"imagebox   vc_custom_1636116030801\">\n\t\n\t\t<div class=\"box-header\">\n\t\t\t<h3 class=\"box-title\">\n\t\t\t\t<a href=\"https:\/\/www.boztibbi.com\/de\/spezialnaehte-fuer-chirurgische-bereiche\/nahtmaterial-fuer-die-mund-zahn-und-kieferchirurgie\/polyamid-pa-zahnnahtmaterial-monamid\/\" target=\"_self\">\n\t\t\t\t\tPA Zahn\u00e4rztliche Naht\t\t\t\t<\/a>\n\t\t\t<\/h3>\n\n\t\t\t\t\t<\/div>\n\n\t\t<div class=\"box-content\"><p>Chirurgisches zahnmedizinisches Nahtmaterial aus Polyamid<\/p>\n<\/div>\n\n\t\t<div class=\"box-image\">\n\t\t\t<a href=\"https:\/\/www.boztibbi.com\/de\/spezialnaehte-fuer-chirurgische-bereiche\/nahtmaterial-fuer-die-mund-zahn-und-kieferchirurgie\/polyamid-pa-zahnnahtmaterial-monamid\/\" target=\"_self\">\n\t\t\t\t\t\t\t\t\t<div class=\"box-button button\">\t\n\t\t\t\t\t\t<span>Monamid<\/span><i class=\"ion-log-in\"><\/i>\n\t\t\t\t\t<\/div>\n\t\t\t\t\n\t\t\t\t<img decoding=\"async\" class=\"\" src=\"https:\/\/www.boztibbi.com\/wp-content\/uploads\/2019\/05\/a\u011f\u0131z-di\u015f-ve-\u00e7ene-cerrahisi-s\u00fct\u00fcr-diki\u015f-atma-monamid.jpg\" width=\"636\" height=\"350\" alt=\"a\u011f\u0131z-di\u015f-ve-\u00e7ene-cerrahisi-s\u00fct\u00fcr-diki\u015f-atma-monamid\" title=\"a\u011f\u0131z-di\u015f-ve-\u00e7ene-cerrahisi-s\u00fct\u00fcr-diki\u015f-atma-monamid\" loading=\"lazy\" \/>\t\t\t<\/a>\n\t\t<\/div>\n\t<\/div>\n<!-- End .imagebox -->\n[vc_empty_space height=&#8221;20px&#8221;][\/vc_column][vc_column width=&#8221;1\/3&#8243;]\n<!-- BEGIN .imagebox -->\n<div class=\"imagebox   vc_custom_1724225577071\">\n\t\n\t\t<div class=\"box-header\">\n\t\t\t<h3 class=\"box-title\">\n\t\t\t\t<a href=\"https:\/\/www.boztibbi.com\/de\/spezialnaehte-fuer-chirurgische-bereiche\/nahtmaterial-fuer-die-mund-zahn-und-kieferchirurgie\/polyglycolid-co-caprolacton-pgcl-zahnaerztliches-nahtmaterial-monokaprol\/\" target=\"_self\">\n\t\t\t\t\tPGCL Zahn\u00e4rztliche Naht\t\t\t\t<\/a>\n\t\t\t<\/h3>\n\n\t\t\t\t\t<\/div>\n\n\t\t<div class=\"box-content\"><p>Zahn\u00e4rztliches Nahtmaterial aus Polyglykolidecocaprolacton<\/p>\n<\/div>\n\n\t\t<div class=\"box-image\">\n\t\t\t<a href=\"https:\/\/www.boztibbi.com\/de\/spezialnaehte-fuer-chirurgische-bereiche\/nahtmaterial-fuer-die-mund-zahn-und-kieferchirurgie\/polyglycolid-co-caprolacton-pgcl-zahnaerztliches-nahtmaterial-monokaprol\/\" target=\"_self\">\n\t\t\t\t\t\t\t\t\t<div class=\"box-button button\">\t\n\t\t\t\t\t\t<span>MONOKAPROL<\/span><i class=\"ion-log-in\"><\/i>\n\t\t\t\t\t<\/div>\n\t\t\t\t\n\t\t\t\t<img decoding=\"async\" class=\"\" src=\"https:\/\/www.boztibbi.com\/wp-content\/uploads\/2019\/05\/a\u011f\u0131z-di\u015f-ve-\u00e7ene-cerrahisi-s\u00fct\u00fcr-diki\u015f-atma-monakaprol.jpg\" width=\"636\" height=\"350\" alt=\"a\u011f\u0131z-di\u015f-ve-\u00e7ene-cerrahisi-s\u00fct\u00fcr-diki\u015f-atma-monakaprol\" title=\"a\u011f\u0131z-di\u015f-ve-\u00e7ene-cerrahisi-s\u00fct\u00fcr-diki\u015f-atma-monakaprol\" loading=\"lazy\" \/>\t\t\t<\/a>\n\t\t<\/div>\n\t<\/div>\n<!-- End .imagebox -->\n[vc_empty_space height=&#8221;30px&#8221;]\n<!-- BEGIN .imagebox -->\n<div class=\"imagebox   vc_custom_1636358095009\">\n\t\n\t\t<div class=\"box-header\">\n\t\t\t<h3 class=\"box-title\">\n\t\t\t\t<a href=\"https:\/\/www.boztibbi.com\/de\/spezialnaehte-fuer-chirurgische-bereiche\/nahtmaterial-fuer-die-mund-zahn-und-kieferchirurgie\/zahnaerztliches-nahtmaterial-aus-polyglykolidlactidsaeure-pgla-glikolak\/\" target=\"_self\">\n\t\t\t\t\tPGLA Zahn\u00e4rztliche Naht\t\t\t\t<\/a>\n\t\t\t<\/h3>\n\n\t\t\t\t\t<\/div>\n\n\t\t<div class=\"box-content\"><p>Chirurgisches zahnmedizinisches Nahtmaterial aus Polyglykolaktyls\u00e4ure<\/p>\n<\/div>\n\n\t\t<div class=\"box-image\">\n\t\t\t<a href=\"https:\/\/www.boztibbi.com\/de\/spezialnaehte-fuer-chirurgische-bereiche\/nahtmaterial-fuer-die-mund-zahn-und-kieferchirurgie\/zahnaerztliches-nahtmaterial-aus-polyglykolidlactidsaeure-pgla-glikolak\/\" target=\"_self\">\n\t\t\t\t\t\t\t\t\t<div class=\"box-button button\">\t\n\t\t\t\t\t\t<span>Glikolak<\/span><i class=\"ion-log-in\"><\/i>\n\t\t\t\t\t<\/div>\n\t\t\t\t\n\t\t\t\t<img decoding=\"async\" class=\"\" src=\"https:\/\/www.boztibbi.com\/wp-content\/uploads\/2019\/05\/a\u011f\u0131z-di\u015f-ve-\u00e7ene-cerrahisi-s\u00fct\u00fcr-diki\u015f-atma-glikolak.jpg\" width=\"636\" height=\"350\" alt=\"a\u011f\u0131z-di\u015f-ve-\u00e7ene-cerrahisi-s\u00fct\u00fcr-diki\u015f-atma-glikolak\" title=\"a\u011f\u0131z-di\u015f-ve-\u00e7ene-cerrahisi-s\u00fct\u00fcr-diki\u015f-atma-glikolak\" loading=\"lazy\" \/>\t\t\t<\/a>\n\t\t<\/div>\n\t<\/div>\n<!-- End .imagebox -->\n[vc_empty_space height=&#8221;30px&#8221;][\/vc_column][\/vc_row]<\/p>\n<\/div>","protected":false},"excerpt":{"rendered":"<p>[vc_row content_placement=&#8221;middle&#8221; css=&#8221;.vc_custom_1557325368653{margin-right: 0px !important;margin-bottom: 35px !important;margin-left: 0px !important;background-image: url(https:\/\/www.boztibbi.com\/wp-content\/uploads\/2019\/05\/a\u011f\u0131z-di\u015f-ve-\u00e7ene-cerrahisi-diki\u015f-atma-s\u00fct\u00fcr-suture-oral-and-maxillofacial-surgery-dental-suturing-boz-t\u0131bbi.jpg?id=4909) !important;background-position: center !important;background-repeat: no-repeat !important;background-size: cover !important;}&#8221;][vc_column width=&#8221;2\/3&#8243;][\/vc_column][vc_column width=&#8221;1\/3&#8243;][vc_widget_sidebar sidebar_id=&#8221;sidebar-5cd3bd2fae00a&#8221; el_class=&#8221;main-sidebar&#8221;][\/vc_column][\/vc_row][vc_row gap=&#8221;30&#8243;][vc_column width=&#8221;1\/2&#8243;][vc_custom_heading text=&#8221;Nahtmaterial f\u00fcr die Mund-, Zahn- und Kieferchirurgie&#8221; font_container=&#8221;tag:h2|font_size:34px|text_align:left&#8221; use_theme_fonts=&#8221;yes&#8221;][vc_empty_space height=&#8221;20px&#8221;][vc_column_text]ZUR\u00dcCK ZU DEN CHIRURGISCHEN BEREICHEN[\/vc_column_text][vc_empty_space height=&#8221;20px&#8221;][\/vc_column][vc_column width=&#8221;1\/2&#8243;][vc_custom_heading text=&#8221;Boz Medical bietet Nahtmaterial f\u00fcr ein breites Spektrum von Anwendungsbereichen an.&#8221; font_container=&#8221;tag:div|font_size:24px|text_align:left|color:%23d6002a|line_height:1.325&#8243; use_theme_fonts=&#8221;yes&#8221;][vc_empty_space height=&#8221;20px&#8221;][vc_column_text]Das N\u00e4hen in [&hellip;]<\/p>\n","protected":false},"author":1,"featured_media":0,"parent":8882,"menu_order":0,"comment_status":"closed","ping_status":"closed","template":"","meta":{"_acf_changed":false,"footnotes":""},"class_list":["post-8993","page","type-page","status-publish","hentry"],"acf":[],"yoast_head":"<!-- This site is optimized with the Yoast SEO plugin v21.6 - https:\/\/yoast.com\/wordpress\/plugins\/seo\/ -->\n<title>Nahtmaterial f\u00fcr die Mund-, Zahn- und Kieferchirurgie - Boz Medical<\/title>\n<meta name=\"description\" content=\"Pr\u00fcfen Sie unser speziell f\u00fcr Ihren chirurgischen Zweig vorbereitetes Nahtmaterial. Hier finden Sie den Einsatzbereich, technische Details und...\" \/>\n<meta name=\"robots\" content=\"index, follow, max-snippet:-1, max-image-preview:large, max-video-preview:-1\" \/>\n<link rel=\"canonical\" href=\"https:\/\/www.boztibbi.com\/de\/spezialnaehte-fuer-chirurgische-bereiche\/nahtmaterial-fuer-die-mund-zahn-und-kieferchirurgie\/\" \/>\n<meta property=\"og:locale\" content=\"de_DE\" \/>\n<meta property=\"og:type\" content=\"article\" \/>\n<meta property=\"og:title\" content=\"Nahtmaterial f\u00fcr die Mund-, Zahn- und Kieferchirurgie - Boz Medical\" \/>\n<meta property=\"og:description\" content=\"Pr\u00fcfen Sie unser speziell f\u00fcr Ihren chirurgischen Zweig vorbereitetes Nahtmaterial. Hier finden Sie den Einsatzbereich, technische Details und...\" \/>\n<meta property=\"og:url\" content=\"https:\/\/www.boztibbi.com\/de\/spezialnaehte-fuer-chirurgische-bereiche\/nahtmaterial-fuer-die-mund-zahn-und-kieferchirurgie\/\" \/>\n<meta property=\"og:site_name\" content=\"Boz Medical\" \/>\n<meta property=\"article:publisher\" content=\"https:\/\/www.facebook.com\/bozmedical\/\" \/>\n<meta property=\"article:modified_time\" content=\"2024-08-21T07:33:01+00:00\" \/>\n<meta name=\"twitter:card\" content=\"summary_large_image\" \/>\n<meta name=\"twitter:site\" content=\"@bozmedical\" \/>\n<script type=\"application\/ld+json\" class=\"yoast-schema-graph\">{\"@context\":\"https:\/\/schema.org\",\"@graph\":[{\"@type\":\"WebPage\",\"@id\":\"https:\/\/www.boztibbi.com\/de\/spezialnaehte-fuer-chirurgische-bereiche\/nahtmaterial-fuer-die-mund-zahn-und-kieferchirurgie\/\",\"url\":\"https:\/\/www.boztibbi.com\/de\/spezialnaehte-fuer-chirurgische-bereiche\/nahtmaterial-fuer-die-mund-zahn-und-kieferchirurgie\/\",\"name\":\"Nahtmaterial f\u00fcr die Mund-, Zahn- und Kieferchirurgie - Boz Medical\",\"isPartOf\":{\"@id\":\"https:\/\/www.boztibbi.com\/#website\"},\"datePublished\":\"2019-05-21T07:17:55+00:00\",\"dateModified\":\"2024-08-21T07:33:01+00:00\",\"description\":\"Pr\u00fcfen Sie unser speziell f\u00fcr Ihren chirurgischen Zweig vorbereitetes Nahtmaterial. Hier finden Sie den Einsatzbereich, technische Details und...\",\"breadcrumb\":{\"@id\":\"https:\/\/www.boztibbi.com\/de\/spezialnaehte-fuer-chirurgische-bereiche\/nahtmaterial-fuer-die-mund-zahn-und-kieferchirurgie\/#breadcrumb\"},\"inLanguage\":\"de\",\"potentialAction\":[{\"@type\":\"ReadAction\",\"target\":[\"https:\/\/www.boztibbi.com\/de\/spezialnaehte-fuer-chirurgische-bereiche\/nahtmaterial-fuer-die-mund-zahn-und-kieferchirurgie\/\"]}]},{\"@type\":\"BreadcrumbList\",\"@id\":\"https:\/\/www.boztibbi.com\/de\/spezialnaehte-fuer-chirurgische-bereiche\/nahtmaterial-fuer-die-mund-zahn-und-kieferchirurgie\/#breadcrumb\",\"itemListElement\":[{\"@type\":\"ListItem\",\"position\":1,\"name\":\"Hauptseite\",\"item\":\"https:\/\/www.boztibbi.com\/de\/\"},{\"@type\":\"ListItem\",\"position\":2,\"name\":\"Spezialn\u00e4hte f\u00fcr Chirurgische Bereiche\",\"item\":\"https:\/\/www.boztibbi.com\/de\/spezialnaehte-fuer-chirurgische-bereiche\/\"},{\"@type\":\"ListItem\",\"position\":3,\"name\":\"Nahtmaterial f\u00fcr die Mund-, Zahn- und Kieferchirurgie\"}]},{\"@type\":\"WebSite\",\"@id\":\"https:\/\/www.boztibbi.com\/#website\",\"url\":\"https:\/\/www.boztibbi.com\/\",\"name\":\"Boz Medical\",\"description\":\"Chirurgisches Nahtmaterial, resorbierbare H\u00e4mostate und chirurgische Maschen\",\"publisher\":{\"@id\":\"https:\/\/www.boztibbi.com\/#organization\"},\"potentialAction\":[{\"@type\":\"SearchAction\",\"target\":{\"@type\":\"EntryPoint\",\"urlTemplate\":\"https:\/\/www.boztibbi.com\/?s={search_term_string}\"},\"query-input\":\"required name=search_term_string\"}],\"inLanguage\":\"de\"},{\"@type\":\"Organization\",\"@id\":\"https:\/\/www.boztibbi.com\/#organization\",\"name\":\"Boz T\u0131bbi Malzeme Sanayi ve Ticaret A.\u015e.\",\"url\":\"https:\/\/www.boztibbi.com\/\",\"logo\":{\"@type\":\"ImageObject\",\"inLanguage\":\"de\",\"@id\":\"https:\/\/www.boztibbi.com\/#\/schema\/logo\/image\/\",\"url\":\"https:\/\/www.boztibbi.com\/wp-content\/uploads\/2018\/08\/boz-t\u0131bbi-malzemeler-medikal-tekstil-t\u00fcrkiye-istanbul-ankara-u\u015fak.png\",\"contentUrl\":\"https:\/\/www.boztibbi.com\/wp-content\/uploads\/2018\/08\/boz-t\u0131bbi-malzemeler-medikal-tekstil-t\u00fcrkiye-istanbul-ankara-u\u015fak.png\",\"width\":1024,\"height\":683,\"caption\":\"Boz T\u0131bbi Malzeme Sanayi ve Ticaret A.\u015e.\"},\"image\":{\"@id\":\"https:\/\/www.boztibbi.com\/#\/schema\/logo\/image\/\"},\"sameAs\":[\"https:\/\/www.facebook.com\/bozmedical\/\",\"https:\/\/twitter.com\/bozmedical\"]}]}<\/script>\n<!-- \/ Yoast SEO plugin. -->","yoast_head_json":{"title":"Nahtmaterial f\u00fcr die Mund-, Zahn- und Kieferchirurgie - Boz Medical","description":"Pr\u00fcfen Sie unser speziell f\u00fcr Ihren chirurgischen Zweig vorbereitetes Nahtmaterial. Hier finden Sie den Einsatzbereich, technische Details und...","robots":{"index":"index","follow":"follow","max-snippet":"max-snippet:-1","max-image-preview":"max-image-preview:large","max-video-preview":"max-video-preview:-1"},"canonical":"https:\/\/www.boztibbi.com\/de\/spezialnaehte-fuer-chirurgische-bereiche\/nahtmaterial-fuer-die-mund-zahn-und-kieferchirurgie\/","og_locale":"de_DE","og_type":"article","og_title":"Nahtmaterial f\u00fcr die Mund-, Zahn- und Kieferchirurgie - Boz Medical","og_description":"Pr\u00fcfen Sie unser speziell f\u00fcr Ihren chirurgischen Zweig vorbereitetes Nahtmaterial. Hier finden Sie den Einsatzbereich, technische Details und...","og_url":"https:\/\/www.boztibbi.com\/de\/spezialnaehte-fuer-chirurgische-bereiche\/nahtmaterial-fuer-die-mund-zahn-und-kieferchirurgie\/","og_site_name":"Boz Medical","article_publisher":"https:\/\/www.facebook.com\/bozmedical\/","article_modified_time":"2024-08-21T07:33:01+00:00","twitter_card":"summary_large_image","twitter_site":"@bozmedical","schema":{"@context":"https:\/\/schema.org","@graph":[{"@type":"WebPage","@id":"https:\/\/www.boztibbi.com\/de\/spezialnaehte-fuer-chirurgische-bereiche\/nahtmaterial-fuer-die-mund-zahn-und-kieferchirurgie\/","url":"https:\/\/www.boztibbi.com\/de\/spezialnaehte-fuer-chirurgische-bereiche\/nahtmaterial-fuer-die-mund-zahn-und-kieferchirurgie\/","name":"Nahtmaterial f\u00fcr die Mund-, Zahn- und Kieferchirurgie - Boz Medical","isPartOf":{"@id":"https:\/\/www.boztibbi.com\/#website"},"datePublished":"2019-05-21T07:17:55+00:00","dateModified":"2024-08-21T07:33:01+00:00","description":"Pr\u00fcfen Sie unser speziell f\u00fcr Ihren chirurgischen Zweig vorbereitetes Nahtmaterial. Hier finden Sie den Einsatzbereich, technische Details und...","breadcrumb":{"@id":"https:\/\/www.boztibbi.com\/de\/spezialnaehte-fuer-chirurgische-bereiche\/nahtmaterial-fuer-die-mund-zahn-und-kieferchirurgie\/#breadcrumb"},"inLanguage":"de","potentialAction":[{"@type":"ReadAction","target":["https:\/\/www.boztibbi.com\/de\/spezialnaehte-fuer-chirurgische-bereiche\/nahtmaterial-fuer-die-mund-zahn-und-kieferchirurgie\/"]}]},{"@type":"BreadcrumbList","@id":"https:\/\/www.boztibbi.com\/de\/spezialnaehte-fuer-chirurgische-bereiche\/nahtmaterial-fuer-die-mund-zahn-und-kieferchirurgie\/#breadcrumb","itemListElement":[{"@type":"ListItem","position":1,"name":"Hauptseite","item":"https:\/\/www.boztibbi.com\/de\/"},{"@type":"ListItem","position":2,"name":"Spezialn\u00e4hte f\u00fcr Chirurgische Bereiche","item":"https:\/\/www.boztibbi.com\/de\/spezialnaehte-fuer-chirurgische-bereiche\/"},{"@type":"ListItem","position":3,"name":"Nahtmaterial f\u00fcr die Mund-, Zahn- und Kieferchirurgie"}]},{"@type":"WebSite","@id":"https:\/\/www.boztibbi.com\/#website","url":"https:\/\/www.boztibbi.com\/","name":"Boz Medical","description":"Chirurgisches Nahtmaterial, resorbierbare H\u00e4mostate und chirurgische Maschen","publisher":{"@id":"https:\/\/www.boztibbi.com\/#organization"},"potentialAction":[{"@type":"SearchAction","target":{"@type":"EntryPoint","urlTemplate":"https:\/\/www.boztibbi.com\/?s={search_term_string}"},"query-input":"required name=search_term_string"}],"inLanguage":"de"},{"@type":"Organization","@id":"https:\/\/www.boztibbi.com\/#organization","name":"Boz T\u0131bbi Malzeme Sanayi ve Ticaret A.\u015e.","url":"https:\/\/www.boztibbi.com\/","logo":{"@type":"ImageObject","inLanguage":"de","@id":"https:\/\/www.boztibbi.com\/#\/schema\/logo\/image\/","url":"https:\/\/www.boztibbi.com\/wp-content\/uploads\/2018\/08\/boz-t\u0131bbi-malzemeler-medikal-tekstil-t\u00fcrkiye-istanbul-ankara-u\u015fak.png","contentUrl":"https:\/\/www.boztibbi.com\/wp-content\/uploads\/2018\/08\/boz-t\u0131bbi-malzemeler-medikal-tekstil-t\u00fcrkiye-istanbul-ankara-u\u015fak.png","width":1024,"height":683,"caption":"Boz T\u0131bbi Malzeme Sanayi ve Ticaret A.\u015e."},"image":{"@id":"https:\/\/www.boztibbi.com\/#\/schema\/logo\/image\/"},"sameAs":["https:\/\/www.facebook.com\/bozmedical\/","https:\/\/twitter.com\/bozmedical"]}]}},"_links":{"self":[{"href":"https:\/\/www.boztibbi.com\/de\/wp-json\/wp\/v2\/pages\/8993","targetHints":{"allow":["GET"]}}],"collection":[{"href":"https:\/\/www.boztibbi.com\/de\/wp-json\/wp\/v2\/pages"}],"about":[{"href":"https:\/\/www.boztibbi.com\/de\/wp-json\/wp\/v2\/types\/page"}],"author":[{"embeddable":true,"href":"https:\/\/www.boztibbi.com\/de\/wp-json\/wp\/v2\/users\/1"}],"replies":[{"embeddable":true,"href":"https:\/\/www.boztibbi.com\/de\/wp-json\/wp\/v2\/comments?post=8993"}],"version-history":[{"count":12,"href":"https:\/\/www.boztibbi.com\/de\/wp-json\/wp\/v2\/pages\/8993\/revisions"}],"predecessor-version":[{"id":13393,"href":"https:\/\/www.boztibbi.com\/de\/wp-json\/wp\/v2\/pages\/8993\/revisions\/13393"}],"up":[{"embeddable":true,"href":"https:\/\/www.boztibbi.com\/de\/wp-json\/wp\/v2\/pages\/8882"}],"wp:attachment":[{"href":"https:\/\/www.boztibbi.com\/de\/wp-json\/wp\/v2\/media?parent=8993"}],"curies":[{"name":"wp","href":"https:\/\/api.w.org\/{rel}","templated":true}]}}