{"id":8952,"date":"2019-09-09T13:38:40","date_gmt":"2019-09-09T10:38:40","guid":{"rendered":"https:\/\/www.boztibbi.com\/spezialnaehte-fuer-chirurgische-bereiche\/veterinaerchirurgisches-nahtmaterial\/monamid-emilmeyen-cerrahi-veteriner-suturu\/"},"modified":"2024-08-21T15:16:38","modified_gmt":"2024-08-21T12:16:38","slug":"monamid-nicht-resorbierbares-chirurgisches-veterinaernahtmaterial","status":"publish","type":"page","link":"https:\/\/www.boztibbi.com\/de\/spezialnaehte-fuer-chirurgische-bereiche\/veterinaerchirurgisches-nahtmaterial\/monamid-nicht-resorbierbares-chirurgisches-veterinaernahtmaterial\/","title":{"rendered":"Monamid &#8211; Nicht resorbierbares chirurgisches Veterin\u00e4rnahtmaterial"},"content":{"rendered":"<div class=\"wpb-content-wrapper\"><p>[vc_row][vc_column width=&#8221;1\/2&#8243;][vc_custom_heading text=&#8221;MONAMID&#8221; font_container=&#8221;tag:h1|font_size:50px|text_align:left&#8221; use_theme_fonts=&#8221;yes&#8221;][vc_custom_heading text=&#8221;Polyamid (PA)&#8221; font_container=&#8221;tag:h6|font_size:20px|text_align:left&#8221; use_theme_fonts=&#8221;yes&#8221;][vc_empty_space height=&#8221;20px&#8221;][vc_column_text]<a class=\"button no-bg\" href=\"https:\/\/www.boztibbi.com\/de\/unsere-produkte\/chirurgische-naehte\/nicht-resorbierbare-nahtmaterial\/monamid\" target=\"_blank\" rel=\"noopener noreferrer\">NICHT RESORBIERBARES CHIRURGISCHES NAHTMATERIAL<br \/>\n<sup>TIER\u00c4RZTLICHES NAHTMATERIAL<\/sup><\/a>[\/vc_column_text][vc_empty_space height=&#8221;20px&#8221;][vc_row_inner][vc_column_inner width=&#8221;1\/2&#8243;]<ul class=\"iconlist iconlist iconlist-icon-mini \"><li ><div class=\"iconlist-item-icon\"><i class=\"sl-arrow-right\"><\/i><span class=\"shapes\"><\/span><\/div><div class=\"iconlist-item-content\">Nicht Resorbierbar<\/div><\/li><li ><div class=\"iconlist-item-icon\"><i class=\"sl-arrow-right\"><\/i><span class=\"shapes\"><\/span><\/div><div class=\"iconlist-item-content\">Monofilament<\/div><\/li><\/ul>[\/vc_column_inner][vc_column_inner width=&#8221;1\/2&#8243;]<ul class=\"iconlist iconlist iconlist-icon-mini \"><li ><div class=\"iconlist-item-icon\"><i class=\"sl-arrow-right\"><\/i><span class=\"shapes\"><\/span><\/div><div class=\"iconlist-item-content\">Nylon 6 \/ Nylon 6,6<\/div><\/li><li ><div class=\"iconlist-item-icon\"><i class=\"sl-arrow-right\"><\/i><span class=\"shapes\"><\/span><\/div><div class=\"iconlist-item-content\">Steril<\/div><\/li><\/ul>[\/vc_column_inner][\/vc_row_inner][\/vc_column][vc_column width=&#8221;1\/2&#8243;][vc_images_carousel images=&#8221;5517,5518,5519&#8243; img_size=&#8221;full&#8221; onclick=&#8221;link_no&#8221; speed=&#8221;3000&#8243; autoplay=&#8221;yes&#8221; hide_pagination_control=&#8221;yes&#8221; hide_prev_next_buttons=&#8221;yes&#8221; wrap=&#8221;yes&#8221; css_animation=&#8221;fadeInRight&#8221;][\/vc_column][\/vc_row][vc_row][vc_column][vc_empty_space height=&#8221;20px&#8221;][vc_column_text]Monamid Nylon 6 und Nylon 6.6 ist nicht resorbierbares, steriles, monofiles chirurgisches Nahtmaterial, das aus langkettigen aliphatischen Polymerketten besteht. Chirurgisches Nahtmaterial aus Monamid ist indigo (C.I. Farbindex Nr. 74160) und schwarz (C.I. Farbindex Nr. 77266) gef\u00e4rbt, um die Sichtbarkeit auf dem Gewebe zu erh\u00f6hen. Monamid Nahtmaterial erf\u00fcllt alle Anforderungen der amerikanischen (U.S.P.) und europ\u00e4ischen Pharmakop\u00f6e (E.P.) f\u00fcr nicht resorbierbares Nahtmaterial.[\/vc_column_text][vc_empty_space height=&#8221;30px&#8221;][\/vc_column][\/vc_row][vc_row][vc_column][vc_column_text]\n<table id=\"tablepress-VMS-EN\" class=\"tablepress tablepress-id-VMS-EN\">\n<thead>\n<tr class=\"row-1 odd\">\n\t<th class=\"column-1\">Needle Size<\/th><th colspan=\"2\" class=\"column-2\">Needle Shape<\/th><th class=\"column-4\">Product Code<\/th><th class=\"column-5\">USP<\/th><th class=\"column-6\">EP<\/th><th class=\"column-7\">Length<\/th><th class=\"column-8\">Piece<\/th><th class=\"column-9\">Color<\/th>\n<\/tr>\n<\/thead>\n<tbody class=\"row-hover\">\n<tr class=\"row-2 even\">\n\t<td rowspan=\"2\" class=\"column-1\">26 mm<\/td><td rowspan=\"2\" class=\"column-2\">1\/2 Taper Point<\/td><td rowspan=\"2\" class=\"column-3\"><img loading=\"lazy\" decoding=\"async\" src=\"https:\/\/www.boztibbi.com\/wp-content\/uploads\/2019\/04\/suture-needle-icons-dental-s\u00fct\u00fcr-1.png\" alt=\"\" width=\"100\" height=\"14\" class=\"alignnone size-full wp-image-4721\" \/><\/td><td class=\"column-4\">MA3789<\/td><td class=\"column-5\">2\/0<\/td><td class=\"column-6\">3,5<\/td><td class=\"column-7\">75 cm<\/td><td class=\"column-8\">12<\/td><td class=\"column-9\">Black<\/td>\n<\/tr>\n<tr class=\"row-3 odd\">\n\t<td class=\"column-4\">MA4216<\/td><td class=\"column-5\">0<\/td><td class=\"column-6\">4<\/td><td class=\"column-7\">75 cm<\/td><td class=\"column-8\">12<\/td><td class=\"column-9\">Blue<\/td>\n<\/tr>\n<tr class=\"row-4 even\">\n\t<td class=\"column-1\">26 mm<\/td><td class=\"column-2\">3\/8 Reverse Cutting<\/td><td class=\"column-3\"><img loading=\"lazy\" decoding=\"async\" src=\"https:\/\/www.boztibbi.com\/wp-content\/uploads\/2019\/04\/suture-needle-icons-dental-s\u00fct\u00fcr-2.png\" alt=\"\" width=\"100\" height=\"14\" class=\"alignnone size-full wp-image-4751\" \/><\/td><td class=\"column-4\">MA3823<\/td><td class=\"column-5\">2\/0<\/td><td class=\"column-6\">3,5<\/td><td class=\"column-7\">75 cm<\/td><td class=\"column-8\">12<\/td><td class=\"column-9\">Blue<\/td>\n<\/tr>\n<tr class=\"row-5 odd\">\n\t<td class=\"column-1\">30 mm<\/td><td class=\"column-2\">1\/2 Taper Point<\/td><td class=\"column-3\"><img loading=\"lazy\" decoding=\"async\" src=\"https:\/\/www.boztibbi.com\/wp-content\/uploads\/2019\/04\/suture-needle-icons-dental-s\u00fct\u00fcr-1.png\" alt=\"\" width=\"100\" height=\"14\" class=\"alignnone size-full wp-image-4721\" \/><\/td><td class=\"column-4\">MA3859<\/td><td class=\"column-5\">2\/0<\/td><td class=\"column-6\">3,5<\/td><td class=\"column-7\">75 cm<\/td><td class=\"column-8\">12<\/td><td class=\"column-9\">Black<\/td>\n<\/tr>\n<tr class=\"row-6 even\">\n\t<td rowspan=\"2\" class=\"column-1\">30 mm<\/td><td rowspan=\"2\" class=\"column-2\">3\/8 Reverse Cutting<\/td><td rowspan=\"2\" class=\"column-3\"><img loading=\"lazy\" decoding=\"async\" src=\"https:\/\/www.boztibbi.com\/wp-content\/uploads\/2019\/04\/suture-needle-icons-dental-s\u00fct\u00fcr-2.png\" alt=\"\" width=\"100\" height=\"14\" class=\"alignnone size-full wp-image-4751\" \/><\/td><td class=\"column-4\">MA3893<\/td><td class=\"column-5\">2\/0<\/td><td class=\"column-6\">3,5<\/td><td class=\"column-7\">75 cm<\/td><td class=\"column-8\">12<\/td><td class=\"column-9\">Black<\/td>\n<\/tr>\n<tr class=\"row-7 odd\">\n\t<td class=\"column-4\">MA4630<\/td><td class=\"column-5\">1<\/td><td class=\"column-6\">5<\/td><td class=\"column-7\">75 cm<\/td><td class=\"column-8\">12<\/td><td class=\"column-9\">Black<\/td>\n<\/tr>\n<tr class=\"row-8 even\">\n\t<td rowspan=\"3\" class=\"column-1\">40 mm<\/td><td rowspan=\"3\" class=\"column-2\">1\/2 Taper Point<\/td><td rowspan=\"3\" class=\"column-3\"><img loading=\"lazy\" decoding=\"async\" src=\"https:\/\/www.boztibbi.com\/wp-content\/uploads\/2019\/04\/suture-needle-icons-dental-s\u00fct\u00fcr-1.png\" alt=\"\" width=\"100\" height=\"14\" class=\"alignnone size-full wp-image-4721\" \/><\/td><td class=\"column-4\">MA4370<\/td><td class=\"column-5\">0<\/td><td class=\"column-6\">4<\/td><td class=\"column-7\">75 cm<\/td><td class=\"column-8\">12<\/td><td class=\"column-9\">Black<\/td>\n<\/tr>\n<tr class=\"row-9 odd\">\n\t<td class=\"column-4\">ML4715<\/td><td class=\"column-5\">1<\/td><td class=\"column-6\">5<\/td><td class=\"column-7\">75 cm<\/td><td class=\"column-8\">12<\/td><td class=\"column-9\">Blue<\/td>\n<\/tr>\n<tr class=\"row-10 even\">\n\t<td class=\"column-4\">MA5002<\/td><td class=\"column-5\">4<\/td><td class=\"column-6\">8<\/td><td class=\"column-7\">75 cm<\/td><td class=\"column-8\">12<\/td><td class=\"column-9\">Blue<\/td>\n<\/tr>\n<tr class=\"row-11 odd\">\n\t<td rowspan=\"3\" class=\"column-1\">40 mm<\/td><td rowspan=\"3\" class=\"column-2\">3\/8 Reverse Cutting<\/td><td rowspan=\"3\" class=\"column-3\"><img loading=\"lazy\" decoding=\"async\" src=\"https:\/\/www.boztibbi.com\/wp-content\/uploads\/2019\/04\/suture-needle-icons-dental-s\u00fct\u00fcr-2.png\" alt=\"\" width=\"100\" height=\"14\" class=\"alignnone size-full wp-image-4751\" \/><\/td><td class=\"column-4\">MA4006<\/td><td class=\"column-5\">2\/0<\/td><td class=\"column-6\">3,5<\/td><td class=\"column-7\">75 cm<\/td><td class=\"column-8\">12<\/td><td class=\"column-9\">Blue<\/td>\n<\/tr>\n<tr class=\"row-12 even\">\n\t<td class=\"column-4\">MA6242<\/td><td class=\"column-5\">0<\/td><td class=\"column-6\">4<\/td><td class=\"column-7\">75 cm<\/td><td class=\"column-8\">12<\/td><td class=\"column-9\">Blue<\/td>\n<\/tr>\n<tr class=\"row-13 odd\">\n\t<td class=\"column-4\">MA4758<\/td><td class=\"column-5\">1<\/td><td class=\"column-6\">5<\/td><td class=\"column-7\">75 cm<\/td><td class=\"column-8\">12<\/td><td class=\"column-9\">Blue<\/td>\n<\/tr>\n<tr class=\"row-14 even\">\n\t<td rowspan=\"2\" class=\"column-1\">50 mm<\/td><td rowspan=\"2\" class=\"column-2\">1\/2 Taper Point<\/td><td rowspan=\"2\" class=\"column-3\"><img loading=\"lazy\" decoding=\"async\" src=\"https:\/\/www.boztibbi.com\/wp-content\/uploads\/2019\/04\/suture-needle-icons-dental-s\u00fct\u00fcr-1.png\" alt=\"\" width=\"100\" height=\"14\" class=\"alignnone size-full wp-image-4721\" \/><\/td><td class=\"column-4\">MA4813<\/td><td class=\"column-5\">1<\/td><td class=\"column-6\">5<\/td><td class=\"column-7\">75 cm<\/td><td class=\"column-8\">12<\/td><td class=\"column-9\">Blue<\/td>\n<\/tr>\n<tr class=\"row-15 odd\">\n\t<td class=\"column-4\">MA5068<\/td><td class=\"column-5\">2<\/td><td class=\"column-6\">6<\/td><td class=\"column-7\">75 cm<\/td><td class=\"column-8\">12<\/td><td class=\"column-9\">Blue<\/td>\n<\/tr>\n<tr class=\"row-16 even\">\n\t<td rowspan=\"2\" class=\"column-1\">50 mm<\/td><td rowspan=\"2\" class=\"column-2\">3\/8 Reverse Cutting<\/td><td rowspan=\"2\" class=\"column-3\"><img loading=\"lazy\" decoding=\"async\" src=\"https:\/\/www.boztibbi.com\/wp-content\/uploads\/2019\/04\/suture-needle-icons-dental-s\u00fct\u00fcr-2.png\" alt=\"\" width=\"100\" height=\"14\" class=\"alignnone size-full wp-image-4751\" \/><\/td><td class=\"column-4\">MA4045<\/td><td class=\"column-5\">2\/0<\/td><td class=\"column-6\">3,5<\/td><td class=\"column-7\">75 cm<\/td><td class=\"column-8\">12<\/td><td class=\"column-9\">Blue<\/td>\n<\/tr>\n<tr class=\"row-17 odd\">\n\t<td class=\"column-4\">MA4841<\/td><td class=\"column-5\">1<\/td><td class=\"column-6\">5<\/td><td class=\"column-7\">75 cm<\/td><td class=\"column-8\">12<\/td><td class=\"column-9\">Blue<\/td>\n<\/tr>\n<\/tbody>\n<\/table>\n<!-- #tablepress-VMS-EN from cache -->[\/vc_column_text][vc_empty_space height=&#8221;30px&#8221;][vc_column_text]Unsere Produktpalette beschr\u00e4nkt sich nicht nur auf das oben aufgef\u00fchrte chirurgische tier\u00e4rztliche Nahtmaterial. Die Liste enth\u00e4lt die am meisten bevorzugten Produkte. Wenn Sie verschiedene Arten von Nahtmaterial f\u00fcr die Veterin\u00e4rchirurgie ben\u00f6tigen, klicken Sie bitte auf die Schaltfl\u00e4che unten, um uns zu kontaktieren und die gew\u00fcnschten Produkte anzufordern.[\/vc_column_text][vc_empty_space][vc_row_inner][vc_column_inner width=&#8221;1\/2&#8243;][vc_column_text]<a class=\"button download square white\" href=\"https:\/\/www.boztibbi.com\/wp-content\/uploads\/2019\/09\/Monamid-Cerrahi-Veteriner-S\u00fct\u00fcrleri-Katalo\u011fu-Boz-T\u0131bbi.pdf\" target=\"_blank\" rel=\"noopener noreferrer\"><i class=\"fa fa-file-text-o\"><\/i>PRODUKTLISTE HERUNTERLADEN<\/a>[\/vc_column_text][\/vc_column_inner][vc_column_inner width=&#8221;1\/2&#8243;][vc_column_text]<a class=\"button download square white\" href=\"https:\/\/www.boztibbi.com\/de\/kontakt\/\" target=\"_blank\" rel=\"noopener noreferrer\"><i class=\"fa fa-file-text-o\"><\/i>KONTAKTIEREN SIE UNS<\/a>[\/vc_column_text][\/vc_column_inner][\/vc_row_inner][\/vc_column][\/vc_row]<\/p>\n<\/div>","protected":false},"excerpt":{"rendered":"<p>[vc_row][vc_column width=&#8221;1\/2&#8243;][vc_custom_heading text=&#8221;MONAMID&#8221; font_container=&#8221;tag:h1|font_size:50px|text_align:left&#8221; use_theme_fonts=&#8221;yes&#8221;][vc_custom_heading text=&#8221;Polyamid (PA)&#8221; font_container=&#8221;tag:h6|font_size:20px|text_align:left&#8221; use_theme_fonts=&#8221;yes&#8221;][vc_empty_space height=&#8221;20px&#8221;][vc_column_text]NICHT RESORBIERBARES CHIRURGISCHES NAHTMATERIAL TIER\u00c4RZTLICHES NAHTMATERIAL[\/vc_column_text][vc_empty_space height=&#8221;20px&#8221;][vc_row_inner][vc_column_inner width=&#8221;1\/2&#8243;][\/vc_column_inner][vc_column_inner width=&#8221;1\/2&#8243;][\/vc_column_inner][\/vc_row_inner][\/vc_column][vc_column width=&#8221;1\/2&#8243;][vc_images_carousel images=&#8221;5517,5518,5519&#8243; img_size=&#8221;full&#8221; onclick=&#8221;link_no&#8221; speed=&#8221;3000&#8243; autoplay=&#8221;yes&#8221; hide_pagination_control=&#8221;yes&#8221; hide_prev_next_buttons=&#8221;yes&#8221; wrap=&#8221;yes&#8221; css_animation=&#8221;fadeInRight&#8221;][\/vc_column][\/vc_row][vc_row][vc_column][vc_empty_space height=&#8221;20px&#8221;][vc_column_text]Monamid Nylon 6 und Nylon 6.6 ist nicht resorbierbares, steriles, monofiles chirurgisches Nahtmaterial, das aus langkettigen aliphatischen Polymerketten besteht. Chirurgisches Nahtmaterial aus Monamid ist indigo (C.I. Farbindex [&hellip;]<\/p>\n","protected":false},"author":1,"featured_media":0,"parent":8886,"menu_order":0,"comment_status":"closed","ping_status":"closed","template":"","meta":{"_acf_changed":false,"footnotes":""},"class_list":["post-8952","page","type-page","status-publish","hentry"],"acf":[],"yoast_head":"<!-- This site is optimized with the Yoast SEO plugin v21.6 - https:\/\/yoast.com\/wordpress\/plugins\/seo\/ -->\n<title>Monamid - Nicht resorbierbares chirurgisches tier\u00e4rztliches Nahtmaterial<\/title>\n<meta name=\"description\" content=\"Monamid Nylon 6 und Nylon 6.6 ist nicht resorbierbares, steriles, monofiles chirurgisches Nahtmaterial, das aus langkettigen aliphatischen Polymerketten...\" \/>\n<meta name=\"robots\" content=\"index, follow, max-snippet:-1, max-image-preview:large, max-video-preview:-1\" \/>\n<link rel=\"canonical\" href=\"https:\/\/www.boztibbi.com\/de\/spezialnaehte-fuer-chirurgische-bereiche\/veterinaerchirurgisches-nahtmaterial\/monamid-nicht-resorbierbares-chirurgisches-veterinaernahtmaterial\/\" \/>\n<meta property=\"og:locale\" content=\"de_DE\" \/>\n<meta property=\"og:type\" content=\"article\" \/>\n<meta property=\"og:title\" content=\"Monamid - Nicht resorbierbares chirurgisches tier\u00e4rztliches Nahtmaterial\" \/>\n<meta property=\"og:description\" content=\"Monamid Nylon 6 und Nylon 6.6 ist nicht resorbierbares, steriles, monofiles chirurgisches Nahtmaterial, das aus langkettigen aliphatischen Polymerketten...\" \/>\n<meta property=\"og:url\" content=\"https:\/\/www.boztibbi.com\/de\/spezialnaehte-fuer-chirurgische-bereiche\/veterinaerchirurgisches-nahtmaterial\/monamid-nicht-resorbierbares-chirurgisches-veterinaernahtmaterial\/\" \/>\n<meta property=\"og:site_name\" content=\"Boz Medical\" \/>\n<meta property=\"article:publisher\" content=\"https:\/\/www.facebook.com\/bozmedical\/\" \/>\n<meta property=\"article:modified_time\" content=\"2024-08-21T12:16:38+00:00\" \/>\n<meta name=\"twitter:card\" content=\"summary_large_image\" \/>\n<meta name=\"twitter:site\" content=\"@bozmedical\" \/>\n<script type=\"application\/ld+json\" class=\"yoast-schema-graph\">{\"@context\":\"https:\/\/schema.org\",\"@graph\":[{\"@type\":\"WebPage\",\"@id\":\"https:\/\/www.boztibbi.com\/de\/spezialnaehte-fuer-chirurgische-bereiche\/veterinaerchirurgisches-nahtmaterial\/monamid-nicht-resorbierbares-chirurgisches-veterinaernahtmaterial\/\",\"url\":\"https:\/\/www.boztibbi.com\/de\/spezialnaehte-fuer-chirurgische-bereiche\/veterinaerchirurgisches-nahtmaterial\/monamid-nicht-resorbierbares-chirurgisches-veterinaernahtmaterial\/\",\"name\":\"Monamid - Nicht resorbierbares chirurgisches tier\u00e4rztliches Nahtmaterial\",\"isPartOf\":{\"@id\":\"https:\/\/www.boztibbi.com\/#website\"},\"datePublished\":\"2019-09-09T10:38:40+00:00\",\"dateModified\":\"2024-08-21T12:16:38+00:00\",\"description\":\"Monamid Nylon 6 und Nylon 6.6 ist nicht resorbierbares, steriles, monofiles chirurgisches Nahtmaterial, das aus langkettigen aliphatischen Polymerketten...\",\"breadcrumb\":{\"@id\":\"https:\/\/www.boztibbi.com\/de\/spezialnaehte-fuer-chirurgische-bereiche\/veterinaerchirurgisches-nahtmaterial\/monamid-nicht-resorbierbares-chirurgisches-veterinaernahtmaterial\/#breadcrumb\"},\"inLanguage\":\"de\",\"potentialAction\":[{\"@type\":\"ReadAction\",\"target\":[\"https:\/\/www.boztibbi.com\/de\/spezialnaehte-fuer-chirurgische-bereiche\/veterinaerchirurgisches-nahtmaterial\/monamid-nicht-resorbierbares-chirurgisches-veterinaernahtmaterial\/\"]}]},{\"@type\":\"BreadcrumbList\",\"@id\":\"https:\/\/www.boztibbi.com\/de\/spezialnaehte-fuer-chirurgische-bereiche\/veterinaerchirurgisches-nahtmaterial\/monamid-nicht-resorbierbares-chirurgisches-veterinaernahtmaterial\/#breadcrumb\",\"itemListElement\":[{\"@type\":\"ListItem\",\"position\":1,\"name\":\"Hauptseite\",\"item\":\"https:\/\/www.boztibbi.com\/de\/\"},{\"@type\":\"ListItem\",\"position\":2,\"name\":\"Spezialn\u00e4hte f\u00fcr Chirurgische Bereiche\",\"item\":\"https:\/\/www.boztibbi.com\/de\/spezialnaehte-fuer-chirurgische-bereiche\/\"},{\"@type\":\"ListItem\",\"position\":3,\"name\":\"Veterin\u00e4rchirurgisches Nahtmaterial\",\"item\":\"https:\/\/www.boztibbi.com\/de\/spezialnaehte-fuer-chirurgische-bereiche\/veterinaerchirurgisches-nahtmaterial\/\"},{\"@type\":\"ListItem\",\"position\":4,\"name\":\"Monamid &#8211; Nicht resorbierbares chirurgisches Veterin\u00e4rnahtmaterial\"}]},{\"@type\":\"WebSite\",\"@id\":\"https:\/\/www.boztibbi.com\/#website\",\"url\":\"https:\/\/www.boztibbi.com\/\",\"name\":\"Boz Medical\",\"description\":\"Chirurgisches Nahtmaterial, resorbierbare H\u00e4mostate und chirurgische Maschen\",\"publisher\":{\"@id\":\"https:\/\/www.boztibbi.com\/#organization\"},\"potentialAction\":[{\"@type\":\"SearchAction\",\"target\":{\"@type\":\"EntryPoint\",\"urlTemplate\":\"https:\/\/www.boztibbi.com\/?s={search_term_string}\"},\"query-input\":\"required name=search_term_string\"}],\"inLanguage\":\"de\"},{\"@type\":\"Organization\",\"@id\":\"https:\/\/www.boztibbi.com\/#organization\",\"name\":\"Boz T\u0131bbi Malzeme Sanayi ve Ticaret A.\u015e.\",\"url\":\"https:\/\/www.boztibbi.com\/\",\"logo\":{\"@type\":\"ImageObject\",\"inLanguage\":\"de\",\"@id\":\"https:\/\/www.boztibbi.com\/#\/schema\/logo\/image\/\",\"url\":\"https:\/\/www.boztibbi.com\/wp-content\/uploads\/2018\/08\/boz-t\u0131bbi-malzemeler-medikal-tekstil-t\u00fcrkiye-istanbul-ankara-u\u015fak.png\",\"contentUrl\":\"https:\/\/www.boztibbi.com\/wp-content\/uploads\/2018\/08\/boz-t\u0131bbi-malzemeler-medikal-tekstil-t\u00fcrkiye-istanbul-ankara-u\u015fak.png\",\"width\":1024,\"height\":683,\"caption\":\"Boz T\u0131bbi Malzeme Sanayi ve Ticaret A.\u015e.\"},\"image\":{\"@id\":\"https:\/\/www.boztibbi.com\/#\/schema\/logo\/image\/\"},\"sameAs\":[\"https:\/\/www.facebook.com\/bozmedical\/\",\"https:\/\/twitter.com\/bozmedical\"]}]}<\/script>\n<!-- \/ Yoast SEO plugin. -->","yoast_head_json":{"title":"Monamid - Nicht resorbierbares chirurgisches tier\u00e4rztliches Nahtmaterial","description":"Monamid Nylon 6 und Nylon 6.6 ist nicht resorbierbares, steriles, monofiles chirurgisches Nahtmaterial, das aus langkettigen aliphatischen Polymerketten...","robots":{"index":"index","follow":"follow","max-snippet":"max-snippet:-1","max-image-preview":"max-image-preview:large","max-video-preview":"max-video-preview:-1"},"canonical":"https:\/\/www.boztibbi.com\/de\/spezialnaehte-fuer-chirurgische-bereiche\/veterinaerchirurgisches-nahtmaterial\/monamid-nicht-resorbierbares-chirurgisches-veterinaernahtmaterial\/","og_locale":"de_DE","og_type":"article","og_title":"Monamid - Nicht resorbierbares chirurgisches tier\u00e4rztliches Nahtmaterial","og_description":"Monamid Nylon 6 und Nylon 6.6 ist nicht resorbierbares, steriles, monofiles chirurgisches Nahtmaterial, das aus langkettigen aliphatischen Polymerketten...","og_url":"https:\/\/www.boztibbi.com\/de\/spezialnaehte-fuer-chirurgische-bereiche\/veterinaerchirurgisches-nahtmaterial\/monamid-nicht-resorbierbares-chirurgisches-veterinaernahtmaterial\/","og_site_name":"Boz Medical","article_publisher":"https:\/\/www.facebook.com\/bozmedical\/","article_modified_time":"2024-08-21T12:16:38+00:00","twitter_card":"summary_large_image","twitter_site":"@bozmedical","schema":{"@context":"https:\/\/schema.org","@graph":[{"@type":"WebPage","@id":"https:\/\/www.boztibbi.com\/de\/spezialnaehte-fuer-chirurgische-bereiche\/veterinaerchirurgisches-nahtmaterial\/monamid-nicht-resorbierbares-chirurgisches-veterinaernahtmaterial\/","url":"https:\/\/www.boztibbi.com\/de\/spezialnaehte-fuer-chirurgische-bereiche\/veterinaerchirurgisches-nahtmaterial\/monamid-nicht-resorbierbares-chirurgisches-veterinaernahtmaterial\/","name":"Monamid - Nicht resorbierbares chirurgisches tier\u00e4rztliches Nahtmaterial","isPartOf":{"@id":"https:\/\/www.boztibbi.com\/#website"},"datePublished":"2019-09-09T10:38:40+00:00","dateModified":"2024-08-21T12:16:38+00:00","description":"Monamid Nylon 6 und Nylon 6.6 ist nicht resorbierbares, steriles, monofiles chirurgisches Nahtmaterial, das aus langkettigen aliphatischen Polymerketten...","breadcrumb":{"@id":"https:\/\/www.boztibbi.com\/de\/spezialnaehte-fuer-chirurgische-bereiche\/veterinaerchirurgisches-nahtmaterial\/monamid-nicht-resorbierbares-chirurgisches-veterinaernahtmaterial\/#breadcrumb"},"inLanguage":"de","potentialAction":[{"@type":"ReadAction","target":["https:\/\/www.boztibbi.com\/de\/spezialnaehte-fuer-chirurgische-bereiche\/veterinaerchirurgisches-nahtmaterial\/monamid-nicht-resorbierbares-chirurgisches-veterinaernahtmaterial\/"]}]},{"@type":"BreadcrumbList","@id":"https:\/\/www.boztibbi.com\/de\/spezialnaehte-fuer-chirurgische-bereiche\/veterinaerchirurgisches-nahtmaterial\/monamid-nicht-resorbierbares-chirurgisches-veterinaernahtmaterial\/#breadcrumb","itemListElement":[{"@type":"ListItem","position":1,"name":"Hauptseite","item":"https:\/\/www.boztibbi.com\/de\/"},{"@type":"ListItem","position":2,"name":"Spezialn\u00e4hte f\u00fcr Chirurgische Bereiche","item":"https:\/\/www.boztibbi.com\/de\/spezialnaehte-fuer-chirurgische-bereiche\/"},{"@type":"ListItem","position":3,"name":"Veterin\u00e4rchirurgisches Nahtmaterial","item":"https:\/\/www.boztibbi.com\/de\/spezialnaehte-fuer-chirurgische-bereiche\/veterinaerchirurgisches-nahtmaterial\/"},{"@type":"ListItem","position":4,"name":"Monamid &#8211; Nicht resorbierbares chirurgisches Veterin\u00e4rnahtmaterial"}]},{"@type":"WebSite","@id":"https:\/\/www.boztibbi.com\/#website","url":"https:\/\/www.boztibbi.com\/","name":"Boz Medical","description":"Chirurgisches Nahtmaterial, resorbierbare H\u00e4mostate und chirurgische Maschen","publisher":{"@id":"https:\/\/www.boztibbi.com\/#organization"},"potentialAction":[{"@type":"SearchAction","target":{"@type":"EntryPoint","urlTemplate":"https:\/\/www.boztibbi.com\/?s={search_term_string}"},"query-input":"required name=search_term_string"}],"inLanguage":"de"},{"@type":"Organization","@id":"https:\/\/www.boztibbi.com\/#organization","name":"Boz T\u0131bbi Malzeme Sanayi ve Ticaret A.\u015e.","url":"https:\/\/www.boztibbi.com\/","logo":{"@type":"ImageObject","inLanguage":"de","@id":"https:\/\/www.boztibbi.com\/#\/schema\/logo\/image\/","url":"https:\/\/www.boztibbi.com\/wp-content\/uploads\/2018\/08\/boz-t\u0131bbi-malzemeler-medikal-tekstil-t\u00fcrkiye-istanbul-ankara-u\u015fak.png","contentUrl":"https:\/\/www.boztibbi.com\/wp-content\/uploads\/2018\/08\/boz-t\u0131bbi-malzemeler-medikal-tekstil-t\u00fcrkiye-istanbul-ankara-u\u015fak.png","width":1024,"height":683,"caption":"Boz T\u0131bbi Malzeme Sanayi ve Ticaret A.\u015e."},"image":{"@id":"https:\/\/www.boztibbi.com\/#\/schema\/logo\/image\/"},"sameAs":["https:\/\/www.facebook.com\/bozmedical\/","https:\/\/twitter.com\/bozmedical"]}]}},"_links":{"self":[{"href":"https:\/\/www.boztibbi.com\/de\/wp-json\/wp\/v2\/pages\/8952","targetHints":{"allow":["GET"]}}],"collection":[{"href":"https:\/\/www.boztibbi.com\/de\/wp-json\/wp\/v2\/pages"}],"about":[{"href":"https:\/\/www.boztibbi.com\/de\/wp-json\/wp\/v2\/types\/page"}],"author":[{"embeddable":true,"href":"https:\/\/www.boztibbi.com\/de\/wp-json\/wp\/v2\/users\/1"}],"replies":[{"embeddable":true,"href":"https:\/\/www.boztibbi.com\/de\/wp-json\/wp\/v2\/comments?post=8952"}],"version-history":[{"count":4,"href":"https:\/\/www.boztibbi.com\/de\/wp-json\/wp\/v2\/pages\/8952\/revisions"}],"predecessor-version":[{"id":13600,"href":"https:\/\/www.boztibbi.com\/de\/wp-json\/wp\/v2\/pages\/8952\/revisions\/13600"}],"up":[{"embeddable":true,"href":"https:\/\/www.boztibbi.com\/de\/wp-json\/wp\/v2\/pages\/8886"}],"wp:attachment":[{"href":"https:\/\/www.boztibbi.com\/de\/wp-json\/wp\/v2\/media?parent=8952"}],"curies":[{"name":"wp","href":"https:\/\/api.w.org\/{rel}","templated":true}]}}