{"id":8852,"date":"2017-09-27T08:30:26","date_gmt":"2017-09-27T08:30:26","guid":{"rendered":"https:\/\/www.boztibbi.com\/corporate\/hizmet-noktalari\/"},"modified":"2021-11-03T16:46:38","modified_gmt":"2021-11-03T13:46:38","slug":"dienststellen","status":"publish","type":"page","link":"https:\/\/www.boztibbi.com\/de\/corporate\/dienststellen\/","title":{"rendered":"Dienststellen"},"content":{"rendered":"<div class=\"wpb-content-wrapper\"><p>[vc_row content_placement=&#8221;middle&#8221;][vc_column width=&#8221;1\/2&#8243;][vc_column_text]<\/p>\n<h3 class=\"no-margin-top\">Hauptsitz<\/h3>\n<p><strong>Boz T\u0131bbi Malzeme Sanayi ve Ticaret A.\u015e<\/strong><br \/>\nSa\u011fl\u0131k Mah. Sa\u011fl\u0131k-1 Sk. No:33\/5<br \/>\n06420 S\u0131hhiye \u2013 ANKARA \/ T\u00fcrkei<\/p>\n<p>Tel: +90 312 254 03 40<br \/>\nFax: +90 312 254 03 49<br \/>\nE-mail: <a href=\"mailto:boz@boztibbi.com\">boz@boztibbi.com<\/a>[\/vc_column_text][vc_empty_space height=&#8221;30px&#8221;][\/vc_column][vc_column width=&#8221;1\/2&#8243;][vc_raw_html]JTNDaWZyYW1lJTIwc3JjJTNEJTIyaHR0cHMlM0ElMkYlMkZ3d3cuZ29vZ2xlLmNvbSUyRm1hcHMlMkZlbWJlZCUzRnBiJTNEJTIxMW0xOCUyMTFtMTIlMjExbTMlMjExZDMwNTkuNzA4MTg5NDM0Nzc2NiUyMTJkMzIuODU2NjI4MzE0NzA5NTklMjEzZDM5LjkyNTU0NjA5MzI5MDI4JTIxMm0zJTIxMWYwJTIxMmYwJTIxM2YwJTIxM20yJTIxMWkxMDI0JTIxMmk3NjglMjE0ZjEzLjElMjEzbTMlMjExbTIlMjExczB4MTRkMzRmZTEwNGRjZGFhMyUyNTNBMHg4YTU0ZDNiOGUzMTNmZWE3JTIxMnNCb3olMjUyMFQlMjVDNCUyNUIxYmJpJTI1MjBNYWx6ZW1lbGVyJTIxNWUwJTIxM20yJTIxMXNkZSUyMTJzdHIlMjE0djE2MzU5NDcwMDUyNDYlMjE1bTIlMjExc2RlJTIxMnN0ciUyMiUyMHdpZHRoJTNEJTIyMTAwJTI1JTIyJTIwaGVpZ2h0JTNEJTIyMzAwcHglMjIlMjBzdHlsZSUzRCUyMmJvcmRlciUzQTAlM0IlMjIlMjBhbGxvd2Z1bGxzY3JlZW4lM0QlMjIlMjIlMjBsb2FkaW5nJTNEJTIybGF6eSUyMiUzRSUzQyUyRmlmcmFtZSUzRQ==[\/vc_raw_html][vc_empty_space height=&#8221;30px&#8221;][\/vc_column][\/vc_row][vc_row][vc_column][vc_separator color=&#8221;custom&#8221; accent_color=&#8221;rgba(2,6,32,0.1)&#8221; css=&#8221;.vc_custom_1513053280115{padding-top: 20px !important;padding-bottom: 50px !important;}&#8221;][\/vc_column][\/vc_row][vc_row content_placement=&#8221;middle&#8221;][vc_column width=&#8221;1\/2&#8243;][vc_column_text]<\/p>\n<h3 class=\"no-margin-top\">Zweigstelle Istanbul<\/h3>\n<p>Oru\u00e7 Reis Mah. Giyimkent 19. Sk. No:14-16<br \/>\n34237 Esenler &#8211; \u0130STANBUL \/ T\u00fcrkei<\/p>\n<p>Tel: +90 212 438 76 10<br \/>\nFax: +90 212 438 76 14<br \/>\nE-mail: <a href=\"mailto:boz@boztibbi.com\">boz@boztibbi.com<\/a>[\/vc_column_text][vc_empty_space height=&#8221;30px&#8221;][\/vc_column][vc_column width=&#8221;1\/2&#8243;][vc_raw_html]JTNDaWZyYW1lJTIwc3JjJTNEJTIyaHR0cHMlM0ElMkYlMkZ3d3cuZ29vZ2xlLmNvbSUyRm1hcHMlMkZlbWJlZCUzRnBiJTNEJTIxMW0xOCUyMTFtMTIlMjExbTMlMjExZDMwMDguNTc4MzUyMTA5MzQ2MyUyMTJkMjguODUzMjkzMzE1NDE1NDg1JTIxM2Q0MS4wNTYzNDg5NzkyOTU4OCUyMTJtMyUyMTFmMCUyMTJmMCUyMTNmMCUyMTNtMiUyMTFpMTAyNCUyMTJpNzY4JTIxNGYxMy4xJTIxM20zJTIxMW0yJTIxMXMweDE0Y2FhNTUyNzI4N2I0YmQlMjUzQTB4OTE4ZGQxYzk1MDM5NWE2YyUyMTJzU2t5dGVrcyUyNTIwVGVrc3RpbCUyNTIwU2ElMjVDNCUyNTlGbCUyNUM0JTI1QjFrJTI1MjBWZSUyNTIwTWF0YmFhJTI1MjBNYWx6LiUyNTIwU2FuLiUyNTIwVGljLiUyNTIwTHRkLiUyNTIwJTI1QzUlMjU5RXRpLiUyMTVlMCUyMTNtMiUyMTFzZGUlMjEyc3RyJTIxNHYxNjM1OTQ2OTcxMjA0JTIxNW0yJTIxMXNkZSUyMTJzdHIlMjIlMjB3aWR0aCUzRCUyMjEwMCUyNSUyMiUyMGhlaWdodCUzRCUyMjMwMHB4JTIyJTIwc3R5bGUlM0QlMjJib3JkZXIlM0EwJTNCJTIyJTIwYWxsb3dmdWxsc2NyZWVuJTNEJTIyJTIyJTIwbG9hZGluZyUzRCUyMmxhenklMjIlM0UlM0MlMkZpZnJhbWUlM0U=[\/vc_raw_html][vc_empty_space height=&#8221;30px&#8221;][\/vc_column][\/vc_row][vc_row][vc_column][vc_separator color=&#8221;custom&#8221; accent_color=&#8221;rgba(2,6,32,0.1)&#8221; css=&#8221;.vc_custom_1513053268286{padding-top: 20px !important;padding-bottom: 50px !important;}&#8221;][\/vc_column][\/vc_row][vc_row content_placement=&#8221;middle&#8221;][vc_column width=&#8221;1\/2&#8243;][vc_column_text]<\/p>\n<h3 class=\"no-margin-top\">Zweigstelle Izmir<\/h3>\n<p>847. Sk. Sebat \u0130\u015f Han\u0131 No: 25 Kat: 1\/103<br \/>\n35260 Konak &#8211; \u0130ZM\u0130R \/ T\u00fcrkei<\/p>\n<p>Tel: +90 232 483 93 14<br \/>\nFax: +90 232 483 93 15<br \/>\nE-mail: <a href=\"mailto:boz@boztibbi.com\">izmir@boztibbi.com<\/a>[\/vc_column_text][vc_empty_space height=&#8221;30px&#8221;][\/vc_column][vc_column width=&#8221;1\/2&#8243;][vc_raw_html]JTNDaWZyYW1lJTIwc3JjJTNEJTIyaHR0cHMlM0ElMkYlMkZ3d3cuZ29vZ2xlLmNvbSUyRm1hcHMlMkZlbWJlZCUzRnBiJTNEJTIxMW0xOCUyMTFtMTIlMjExbTMlMjExZDMxMjYuMDU5NDE5Mjc5MTg3JTIxMmQyNy4xMjgxMzA3MTQ2NTcyOCUyMTNkMzguNDE2OTkxNjgyNzIzODklMjEybTMlMjExZjAlMjEyZjAlMjEzZjAlMjEzbTIlMjExaTEwMjQlMjEyaTc2OCUyMTRmMTMuMSUyMTNtMyUyMTFtMiUyMTFzMHgxNGJiZDljMTlkNWRlZjQ1JTI1M0EweGJkNWQzY2ZjYzRmMzcwMTIlMjEyc1NreXRla3MlMjUyMCUyNUM0JTI1QjB6bWlyJTIxNWUwJTIxM20yJTIxMXNkZSUyMTJzdHIlMjE0djE2MzU5NDcwNTA1OTklMjE1bTIlMjExc2RlJTIxMnN0ciUyMiUyMHdpZHRoJTNEJTIyMTAwJTI1JTIyJTIwaGVpZ2h0JTNEJTIyMzAwcHglMjIlMjBzdHlsZSUzRCUyMmJvcmRlciUzQTAlM0IlMjIlMjBhbGxvd2Z1bGxzY3JlZW4lM0QlMjIlMjIlMjBsb2FkaW5nJTNEJTIybGF6eSUyMiUzRSUzQyUyRmlmcmFtZSUzRQ==[\/vc_raw_html][vc_empty_space height=&#8221;30px&#8221;][\/vc_column][\/vc_row][vc_row][vc_column][vc_separator color=&#8221;custom&#8221; accent_color=&#8221;rgba(2,6,32,0.1)&#8221; css=&#8221;.vc_custom_1513053268286{padding-top: 20px !important;padding-bottom: 50px !important;}&#8221;][\/vc_column][\/vc_row][vc_row content_placement=&#8221;middle&#8221;][vc_column width=&#8221;1\/2&#8243;][vc_column_text]<\/p>\n<h3 class=\"no-margin-top\">Zweigstelle Adana<\/h3>\n<p>Ziyapa\u015fa Mh. 67041 Sk. No: 18\/A<br \/>\n01140 Seyhan &#8211; ADANA \/ T\u00fcrkei<\/p>\n<p>Tel: +90 322 456 17 92<br \/>\nFax: +90 322 456 17 94<br \/>\nE-mail: <a href=\"mailto:boz@boztibbi.com\">adana@boztibbi.com<\/a>[\/vc_column_text][vc_empty_space height=&#8221;30px&#8221;][\/vc_column][vc_column width=&#8221;1\/2&#8243;][vc_raw_html]JTNDaWZyYW1lJTIwc3JjJTNEJTIyaHR0cHMlM0ElMkYlMkZ3d3cuZ29vZ2xlLmNvbSUyRm1hcHMlMkZlbWJlZCUzRnBiJTNEJTIxMW0xOCUyMTFtMTIlMjExbTMlMjExZDMxODUuNzg3MjQwOTg4NjQ1NCUyMTJkMzUuMzIyNjY0NjY0NjEwNDg1JTIxM2QzNy4wMTQ4NzE3NjMyODcwNCUyMTJtMyUyMTFmMCUyMTJmMCUyMTNmMCUyMTNtMiUyMTFpMTAyNCUyMTJpNzY4JTIxNGYxMy4xJTIxM20zJTIxMW0yJTIxMXMweDE1Mjg4ZjE4YTY0M2IyOTUlMjUzQTB4MTQ5ZmEzMzA5ZDM2NjE4ZCUyMTJzU2t5dGVrcyUyNTIwVGVrc3RpbCUyNTIwU2ElMjVDNCUyNTlGbCUyNUM0JTI1QjFrJTI1MjB2ZSUyNTIwTWF0YmFhJTI1MjBNYWx6LiUyNTIwU2FuLiUyNTIwVGljLiUyNTIwTHRkLiUyNTIwJTI1QzUlMjU5RXRpLiUyNTIwQWRhbmElMjUyMCUyNUM1JTI1OUV1YmUlMjE1ZTAlMjEzbTIlMjExc2RlJTIxMnN0ciUyMTR2MTYzNTk0NzEwNzU1NCUyMTVtMiUyMTFzZGUlMjEyc3RyJTIyJTIwd2lkdGglM0QlMjIxMDAlMjUlMjIlMjBoZWlnaHQlM0QlMjIzMDBweCUyMiUyMHN0eWxlJTNEJTIyYm9yZGVyJTNBMCUzQiUyMiUyMGFsbG93ZnVsbHNjcmVlbiUzRCUyMiUyMiUyMGxvYWRpbmclM0QlMjJsYXp5JTIyJTNFJTNDJTJGaWZyYW1lJTNF[\/vc_raw_html][vc_empty_space height=&#8221;30px&#8221;][\/vc_column][\/vc_row]<\/p>\n<\/div>","protected":false},"excerpt":{"rendered":"<p>[vc_row content_placement=&#8221;middle&#8221;][vc_column width=&#8221;1\/2&#8243;][vc_column_text] Hauptsitz Boz T\u0131bbi Malzeme Sanayi ve Ticaret A.\u015e Sa\u011fl\u0131k Mah. Sa\u011fl\u0131k-1 Sk. No:33\/5 06420 S\u0131hhiye \u2013 ANKARA \/ T\u00fcrkei Tel: +90 312 254 03 40 Fax: +90 312 254 03 49 E-mail: boz@boztibbi.com[\/vc_column_text][vc_empty_space height=&#8221;30px&#8221;][\/vc_column][vc_column width=&#8221;1\/2&#8243;][vc_raw_html]JTNDaWZyYW1lJTIwc3JjJTNEJTIyaHR0cHMlM0ElMkYlMkZ3d3cuZ29vZ2xlLmNvbSUyRm1hcHMlMkZlbWJlZCUzRnBiJTNEJTIxMW0xOCUyMTFtMTIlMjExbTMlMjExZDMwNTkuNzA4MTg5NDM0Nzc2NiUyMTJkMzIuODU2NjI4MzE0NzA5NTklMjEzZDM5LjkyNTU0NjA5MzI5MDI4JTIxMm0zJTIxMWYwJTIxMmYwJTIxM2YwJTIxM20yJTIxMWkxMDI0JTIxMmk3NjglMjE0ZjEzLjElMjEzbTMlMjExbTIlMjExczB4MTRkMzRmZTEwNGRjZGFhMyUyNTNBMHg4YTU0ZDNiOGUzMTNmZWE3JTIxMnNCb3olMjUyMFQlMjVDNCUyNUIxYmJpJTI1MjBNYWx6ZW1lbGVyJTIxNWUwJTIxM20yJTIxMXNkZSUyMTJzdHIlMjE0djE2MzU5NDcwMDUyNDYlMjE1bTIlMjExc2RlJTIxMnN0ciUyMiUyMHdpZHRoJTNEJTIyMTAwJTI1JTIyJTIwaGVpZ2h0JTNEJTIyMzAwcHglMjIlMjBzdHlsZSUzRCUyMmJvcmRlciUzQTAlM0IlMjIlMjBhbGxvd2Z1bGxzY3JlZW4lM0QlMjIlMjIlMjBsb2FkaW5nJTNEJTIybGF6eSUyMiUzRSUzQyUyRmlmcmFtZSUzRQ==[\/vc_raw_html][vc_empty_space height=&#8221;30px&#8221;][\/vc_column][\/vc_row][vc_row][vc_column][vc_separator color=&#8221;custom&#8221; accent_color=&#8221;rgba(2,6,32,0.1)&#8221; css=&#8221;.vc_custom_1513053280115{padding-top: 20px !important;padding-bottom: 50px !important;}&#8221;][\/vc_column][\/vc_row][vc_row content_placement=&#8221;middle&#8221;][vc_column width=&#8221;1\/2&#8243;][vc_column_text] Zweigstelle Istanbul Oru\u00e7 Reis Mah. Giyimkent 19. [&hellip;]<\/p>\n","protected":false},"author":1,"featured_media":0,"parent":3968,"menu_order":0,"comment_status":"closed","ping_status":"closed","template":"","meta":{"_acf_changed":false,"footnotes":""},"class_list":["post-8852","page","type-page","status-publish","hentry"],"acf":[],"yoast_head":"<!-- This site is optimized with the Yoast SEO plugin v21.6 - https:\/\/yoast.com\/wordpress\/plugins\/seo\/ -->\n<title>Dienststellen - Boz Medical<\/title>\n<meta name=\"description\" content=\"Auf dieser Seite finden Sie alle Adressen und Kontaktinformationen der Niederlassungen von Boz Medical Equipments. Bitte \u00fcberpr\u00fcfen Sie alle Dienststellen.\" \/>\n<meta name=\"robots\" content=\"index, follow, max-snippet:-1, max-image-preview:large, max-video-preview:-1\" \/>\n<link rel=\"canonical\" href=\"https:\/\/www.boztibbi.com\/de\/corporate\/dienststellen\/\" \/>\n<meta property=\"og:locale\" content=\"de_DE\" \/>\n<meta property=\"og:type\" content=\"article\" \/>\n<meta property=\"og:title\" content=\"Dienststellen - Boz Medical\" \/>\n<meta property=\"og:description\" content=\"Auf dieser Seite finden Sie alle Adressen und Kontaktinformationen der Niederlassungen von Boz Medical Equipments. Bitte \u00fcberpr\u00fcfen Sie alle Dienststellen.\" \/>\n<meta property=\"og:url\" content=\"https:\/\/www.boztibbi.com\/de\/corporate\/dienststellen\/\" \/>\n<meta property=\"og:site_name\" content=\"Boz Medical\" \/>\n<meta property=\"article:publisher\" content=\"https:\/\/www.facebook.com\/bozmedical\/\" \/>\n<meta property=\"article:modified_time\" content=\"2021-11-03T13:46:38+00:00\" \/>\n<meta name=\"twitter:card\" content=\"summary_large_image\" \/>\n<meta name=\"twitter:site\" content=\"@bozmedical\" \/>\n<script type=\"application\/ld+json\" class=\"yoast-schema-graph\">{\"@context\":\"https:\/\/schema.org\",\"@graph\":[{\"@type\":\"WebPage\",\"@id\":\"https:\/\/www.boztibbi.com\/de\/corporate\/dienststellen\/\",\"url\":\"https:\/\/www.boztibbi.com\/de\/corporate\/dienststellen\/\",\"name\":\"Dienststellen - Boz Medical\",\"isPartOf\":{\"@id\":\"https:\/\/www.boztibbi.com\/#website\"},\"datePublished\":\"2017-09-27T08:30:26+00:00\",\"dateModified\":\"2021-11-03T13:46:38+00:00\",\"description\":\"Auf dieser Seite finden Sie alle Adressen und Kontaktinformationen der Niederlassungen von Boz Medical Equipments. Bitte \u00fcberpr\u00fcfen Sie alle Dienststellen.\",\"breadcrumb\":{\"@id\":\"https:\/\/www.boztibbi.com\/de\/corporate\/dienststellen\/#breadcrumb\"},\"inLanguage\":\"de\",\"potentialAction\":[{\"@type\":\"ReadAction\",\"target\":[\"https:\/\/www.boztibbi.com\/de\/corporate\/dienststellen\/\"]}]},{\"@type\":\"BreadcrumbList\",\"@id\":\"https:\/\/www.boztibbi.com\/de\/corporate\/dienststellen\/#breadcrumb\",\"itemListElement\":[{\"@type\":\"ListItem\",\"position\":1,\"name\":\"Hauptseite\",\"item\":\"https:\/\/www.boztibbi.com\/de\/\"},{\"@type\":\"ListItem\",\"position\":2,\"name\":\"Corporate\",\"item\":\"https:\/\/www.boztibbi.com\/de\/corporate\/\"},{\"@type\":\"ListItem\",\"position\":3,\"name\":\"Dienststellen\"}]},{\"@type\":\"WebSite\",\"@id\":\"https:\/\/www.boztibbi.com\/#website\",\"url\":\"https:\/\/www.boztibbi.com\/\",\"name\":\"Boz Medical\",\"description\":\"Chirurgisches Nahtmaterial, resorbierbare H\u00e4mostate und chirurgische Maschen\",\"publisher\":{\"@id\":\"https:\/\/www.boztibbi.com\/#organization\"},\"potentialAction\":[{\"@type\":\"SearchAction\",\"target\":{\"@type\":\"EntryPoint\",\"urlTemplate\":\"https:\/\/www.boztibbi.com\/?s={search_term_string}\"},\"query-input\":\"required name=search_term_string\"}],\"inLanguage\":\"de\"},{\"@type\":\"Organization\",\"@id\":\"https:\/\/www.boztibbi.com\/#organization\",\"name\":\"Boz T\u0131bbi Malzeme Sanayi ve Ticaret A.\u015e.\",\"url\":\"https:\/\/www.boztibbi.com\/\",\"logo\":{\"@type\":\"ImageObject\",\"inLanguage\":\"de\",\"@id\":\"https:\/\/www.boztibbi.com\/#\/schema\/logo\/image\/\",\"url\":\"https:\/\/www.boztibbi.com\/wp-content\/uploads\/2018\/08\/boz-t\u0131bbi-malzemeler-medikal-tekstil-t\u00fcrkiye-istanbul-ankara-u\u015fak.png\",\"contentUrl\":\"https:\/\/www.boztibbi.com\/wp-content\/uploads\/2018\/08\/boz-t\u0131bbi-malzemeler-medikal-tekstil-t\u00fcrkiye-istanbul-ankara-u\u015fak.png\",\"width\":1024,\"height\":683,\"caption\":\"Boz T\u0131bbi Malzeme Sanayi ve Ticaret A.\u015e.\"},\"image\":{\"@id\":\"https:\/\/www.boztibbi.com\/#\/schema\/logo\/image\/\"},\"sameAs\":[\"https:\/\/www.facebook.com\/bozmedical\/\",\"https:\/\/twitter.com\/bozmedical\"]}]}<\/script>\n<!-- \/ Yoast SEO plugin. -->","yoast_head_json":{"title":"Dienststellen - Boz Medical","description":"Auf dieser Seite finden Sie alle Adressen und Kontaktinformationen der Niederlassungen von Boz Medical Equipments. Bitte \u00fcberpr\u00fcfen Sie alle Dienststellen.","robots":{"index":"index","follow":"follow","max-snippet":"max-snippet:-1","max-image-preview":"max-image-preview:large","max-video-preview":"max-video-preview:-1"},"canonical":"https:\/\/www.boztibbi.com\/de\/corporate\/dienststellen\/","og_locale":"de_DE","og_type":"article","og_title":"Dienststellen - Boz Medical","og_description":"Auf dieser Seite finden Sie alle Adressen und Kontaktinformationen der Niederlassungen von Boz Medical Equipments. Bitte \u00fcberpr\u00fcfen Sie alle Dienststellen.","og_url":"https:\/\/www.boztibbi.com\/de\/corporate\/dienststellen\/","og_site_name":"Boz Medical","article_publisher":"https:\/\/www.facebook.com\/bozmedical\/","article_modified_time":"2021-11-03T13:46:38+00:00","twitter_card":"summary_large_image","twitter_site":"@bozmedical","schema":{"@context":"https:\/\/schema.org","@graph":[{"@type":"WebPage","@id":"https:\/\/www.boztibbi.com\/de\/corporate\/dienststellen\/","url":"https:\/\/www.boztibbi.com\/de\/corporate\/dienststellen\/","name":"Dienststellen - Boz Medical","isPartOf":{"@id":"https:\/\/www.boztibbi.com\/#website"},"datePublished":"2017-09-27T08:30:26+00:00","dateModified":"2021-11-03T13:46:38+00:00","description":"Auf dieser Seite finden Sie alle Adressen und Kontaktinformationen der Niederlassungen von Boz Medical Equipments. Bitte \u00fcberpr\u00fcfen Sie alle Dienststellen.","breadcrumb":{"@id":"https:\/\/www.boztibbi.com\/de\/corporate\/dienststellen\/#breadcrumb"},"inLanguage":"de","potentialAction":[{"@type":"ReadAction","target":["https:\/\/www.boztibbi.com\/de\/corporate\/dienststellen\/"]}]},{"@type":"BreadcrumbList","@id":"https:\/\/www.boztibbi.com\/de\/corporate\/dienststellen\/#breadcrumb","itemListElement":[{"@type":"ListItem","position":1,"name":"Hauptseite","item":"https:\/\/www.boztibbi.com\/de\/"},{"@type":"ListItem","position":2,"name":"Corporate","item":"https:\/\/www.boztibbi.com\/de\/corporate\/"},{"@type":"ListItem","position":3,"name":"Dienststellen"}]},{"@type":"WebSite","@id":"https:\/\/www.boztibbi.com\/#website","url":"https:\/\/www.boztibbi.com\/","name":"Boz Medical","description":"Chirurgisches Nahtmaterial, resorbierbare H\u00e4mostate und chirurgische Maschen","publisher":{"@id":"https:\/\/www.boztibbi.com\/#organization"},"potentialAction":[{"@type":"SearchAction","target":{"@type":"EntryPoint","urlTemplate":"https:\/\/www.boztibbi.com\/?s={search_term_string}"},"query-input":"required name=search_term_string"}],"inLanguage":"de"},{"@type":"Organization","@id":"https:\/\/www.boztibbi.com\/#organization","name":"Boz T\u0131bbi Malzeme Sanayi ve Ticaret A.\u015e.","url":"https:\/\/www.boztibbi.com\/","logo":{"@type":"ImageObject","inLanguage":"de","@id":"https:\/\/www.boztibbi.com\/#\/schema\/logo\/image\/","url":"https:\/\/www.boztibbi.com\/wp-content\/uploads\/2018\/08\/boz-t\u0131bbi-malzemeler-medikal-tekstil-t\u00fcrkiye-istanbul-ankara-u\u015fak.png","contentUrl":"https:\/\/www.boztibbi.com\/wp-content\/uploads\/2018\/08\/boz-t\u0131bbi-malzemeler-medikal-tekstil-t\u00fcrkiye-istanbul-ankara-u\u015fak.png","width":1024,"height":683,"caption":"Boz T\u0131bbi Malzeme Sanayi ve Ticaret A.\u015e."},"image":{"@id":"https:\/\/www.boztibbi.com\/#\/schema\/logo\/image\/"},"sameAs":["https:\/\/www.facebook.com\/bozmedical\/","https:\/\/twitter.com\/bozmedical"]}]}},"_links":{"self":[{"href":"https:\/\/www.boztibbi.com\/de\/wp-json\/wp\/v2\/pages\/8852","targetHints":{"allow":["GET"]}}],"collection":[{"href":"https:\/\/www.boztibbi.com\/de\/wp-json\/wp\/v2\/pages"}],"about":[{"href":"https:\/\/www.boztibbi.com\/de\/wp-json\/wp\/v2\/types\/page"}],"author":[{"embeddable":true,"href":"https:\/\/www.boztibbi.com\/de\/wp-json\/wp\/v2\/users\/1"}],"replies":[{"embeddable":true,"href":"https:\/\/www.boztibbi.com\/de\/wp-json\/wp\/v2\/comments?post=8852"}],"version-history":[{"count":2,"href":"https:\/\/www.boztibbi.com\/de\/wp-json\/wp\/v2\/pages\/8852\/revisions"}],"predecessor-version":[{"id":8855,"href":"https:\/\/www.boztibbi.com\/de\/wp-json\/wp\/v2\/pages\/8852\/revisions\/8855"}],"up":[{"embeddable":true,"href":"https:\/\/www.boztibbi.com\/de\/wp-json\/wp\/v2\/pages\/3968"}],"wp:attachment":[{"href":"https:\/\/www.boztibbi.com\/de\/wp-json\/wp\/v2\/media?parent=8852"}],"curies":[{"name":"wp","href":"https:\/\/api.w.org\/{rel}","templated":true}]}}