{"id":8830,"date":"2020-04-08T14:59:04","date_gmt":"2020-04-08T11:59:04","guid":{"rendered":"https:\/\/www.boztibbi.com\/cerez-politikasi\/"},"modified":"2021-11-02T11:10:33","modified_gmt":"2021-11-02T08:10:33","slug":"cookies","status":"publish","type":"page","link":"https:\/\/www.boztibbi.com\/de\/cookies\/","title":{"rendered":"Cookies"},"content":{"rendered":"<div class=\"wpb-content-wrapper\"><p>[vc_row][vc_column][vc_custom_heading text=&#8221;\u00dcBER UNS&#8221; font_container=&#8221;tag:h3|text_align:left&#8221; use_theme_fonts=&#8221;yes&#8221;][vc_column_text css=&#8221;.vc_custom_1586346821410{padding-top: 20px !important;padding-bottom: 30px !important;}&#8221;]BOZ TIBB\u0130 MALZEME SANAY\u0130 ve T\u0130CARET ANON\u0130M \u015e\u0130RKET\u0130[\/vc_column_text][vc_custom_heading text=&#8221;Warum sammeln wir personenbezogene Daten?&#8221; font_container=&#8221;tag:h4|text_align:left&#8221; use_theme_fonts=&#8221;yes&#8221;][vc_column_text css=&#8221;.vc_custom_1635839767493{padding-top: 20px !important;padding-bottom: 30px !important;}&#8221;]<strong>Kommentare<\/strong><br \/>\nWenn die Besucher einen Kommentar auf der Website hinterlassen, sammeln wir die IP-Adresse des Besuchers und Browser-Informationen zur Spam-Erkennung und um die Details des Kommentars anzuzeigen.<\/p>\n<p>Ihre E-Mail kann an einen anonymisierten Gravatar-Dienst (einen Hash) \u00fcbermittelt werden, um zu sehen, ob Sie den Dienst nutzen. Die Datenschutzbestimmungen des Gravatar-Dienstes finden Sie unter dieser Adresse: https:\/\/automattic.com\/privacy\/ Nachdem Ihr Kommentar genehmigt wurde, sind Ihr Profilbild und Ihr Kommentar f\u00fcr alle sichtbar.<\/p>\n<p><strong>Umgebung<\/strong><br \/>\nWenn Sie die Bilder auf die Website hochladen, vermeiden Sie bitte das Hochladen von Bildern mit eingebetteten Standortdaten (EXIF-GPS). Website-Besucher k\u00f6nnen Standortdaten von Bildern auf der Website erhalten.<\/p>\n<p><strong>Kontaktformulare<\/strong><br \/>\nWenn Sie einen Kommentar auf unserer Website hinterlassen, k\u00f6nnen Sie Ihren Namen, Ihre E-Mail-Adresse und Ihre Website in den Cookies speichern. Dies dient nur der Vereinfachung und Sie m\u00fcssen Ihre Daten nicht erneut eingeben, wenn Sie in Zukunft einen weiteren Kommentar hinterlassen. Diese Cookies werden f\u00fcr 1 (ein) Jahr gespeichert.<\/p>\n<p>Wenn Sie unsere Anmeldeseite besuchen, werden wir ein tempor\u00e4res Cookie verwenden, um Sie zu fragen, ob Ihr Browser Cookies akzeptiert. Diese Cookies sammeln keine pers\u00f6nlichen Daten und werden gel\u00f6scht, wenn Sie Ihren Browser schlie\u00dfen.<\/p>\n<p>Wenn Sie sich anmelden, speichern wir bestimmte Cookies, um Ihre Anmeldedaten und Bildschirmauswahlen zu speichern. Die Anmelde-Cookies werden 2 (zwei) Tage lang gespeichert und die Cookies f\u00fcr die Bildschirmoptionen bleiben 1 (ein) Jahr lang erhalten. Wenn Sie die Option &#8220;Remember Me&#8221; w\u00e4hlen, bleibt Ihr Login f\u00fcr 2 (zwei) Wochen bestehen. Wenn Sie sich von Ihrem Konto abmelden, werden die Anmelde-Cookies entfernt.<\/p>\n<p>Ein zus\u00e4tzliches Cookie wird in Ihrem Browser gespeichert, wenn Sie einen Artikel bearbeiten oder ver\u00f6ffentlichen. Diese Cookies enthalten keine pers\u00f6nlichen Daten und zeigen nur die Identit\u00e4t des von Ihnen bearbeiteten\/ver\u00f6ffentlichten Artikels an. Die G\u00fcltigkeit dieses Cookies betr\u00e4gt 1 Tag.<\/p>\n<p><strong>Eingebettete Inhalte<\/strong><br \/>\nDie Artikel auf dieser Website k\u00f6nnen eingebettete Inhalte (wie Videos, Bilder, Artikel usw.) enthalten. Von anderen Websites eingebettete Inhalte werden als Besuch dieser Website betrachtet.<\/p>\n<p>Diese Websites k\u00f6nnen Daten \u00fcber Sie sammeln, Cookies verwenden, eingebettete Inhalte von Dritten verfolgen und, wenn Sie ein Konto haben und auf dieser Website angemeldet sind, k\u00f6nnen diese Websites Ihre Interaktion mit diesen eingebetteten Inhalten \u00fcberwachen, einschlie\u00dflich aber nicht beschr\u00e4nkt auf die \u00dcberwachung Ihrer Interaktion mit der Website.<\/p>\n<p><strong>Analyse<\/strong><br \/>\nWenn Sie einen Kommentar hinterlassen, werden der Kommentar und die Metadaten auf unbestimmte Zeit gespeichert. So k\u00f6nnen Sie Ihre folgenden Kommentare automatisch anerkennen und genehmigen lassen, anstatt auf die Pr\u00fcfung und Genehmigung zu warten.<\/p>\n<p>Wir speichern die personenbezogenen Daten der Personen, die bei der Anmeldung auf unserer Website ein Benutzerprofil erstellen (falls vorhanden). Alle Nutzer k\u00f6nnen ihre pers\u00f6nlichen Daten jederzeit einsehen, bearbeiten oder l\u00f6schen (mit Ausnahme der \u00c4nderung des Benutzernamens). Website-Administratoren k\u00f6nnen diese Daten auch sehen und bearbeiten.<\/p>\n<p>Wenn Sie ein Konto oder einen Kommentar auf dieser Website haben, k\u00f6nnen Sie alle Ihre pers\u00f6nlichen Daten einschlie\u00dflich der Daten, die Sie uns zur Verf\u00fcgung gestellt haben, in einem exportierten Dateiformat anfordern. Au\u00dferdem k\u00f6nnen Sie uns auffordern, alle \u00fcber Sie gespeicherten personenbezogenen Daten zu l\u00f6schen. Diese Anfragen umfassen keine personenbezogenen Daten, die wir f\u00fcr die Erf\u00fcllung rechtlicher und sicherheitsrelevanter Zwecke ben\u00f6tigen.<\/p>\n<p>Die Kommentare der Besucher werden von einem automatischen Spam-Erkennungsdienst kontrolliert.[\/vc_column_text][\/vc_column][\/vc_row][vc_row][vc_column width=&#8221;1\/3&#8243;][vc_empty_space height=&#8221;30px&#8221;][vc_column_text]<a class=\"button download square white\" href=\"https:\/\/www.boztibbi.com\/de\/datenschutzerklaerung\/\" target=\"_blank\" rel=\"noopener noreferrer\"><i class=\"fa fa-angle-double-right\"><\/i>Datenschutzerkl\u00e4rung<\/a>[\/vc_column_text][\/vc_column][vc_column width=&#8221;1\/3&#8243;][vc_empty_space height=&#8221;30px&#8221;][vc_column_text]<a class=\"button download square white\" href=\"https:\/\/www.boztibbi.com\/de\/cookies\/\" target=\"_blank\" rel=\"noopener noreferrer\"><i class=\"fa fa-angle-double-right\"><\/i>Cookies<\/a>[\/vc_column_text][\/vc_column][vc_column width=&#8221;1\/3&#8243;][vc_empty_space height=&#8221;30px&#8221;][vc_column_text]<a class=\"button download square white\" href=\"https:\/\/www.boztibbi.com\/kisisel-verileri-koruma-kanunu\/\" target=\"_blank\" rel=\"noopener noreferrer\"><i class=\"fa fa-angle-double-right\"><\/i>K.V.K. Kanunu<\/a>[\/vc_column_text][\/vc_column][\/vc_row]<\/p>\n<\/div>","protected":false},"excerpt":{"rendered":"<p>[vc_row][vc_column][vc_custom_heading text=&#8221;\u00dcBER UNS&#8221; font_container=&#8221;tag:h3|text_align:left&#8221; use_theme_fonts=&#8221;yes&#8221;][vc_column_text css=&#8221;.vc_custom_1586346821410{padding-top: 20px !important;padding-bottom: 30px !important;}&#8221;]BOZ TIBB\u0130 MALZEME SANAY\u0130 ve T\u0130CARET ANON\u0130M \u015e\u0130RKET\u0130[\/vc_column_text][vc_custom_heading text=&#8221;Warum sammeln wir personenbezogene Daten?&#8221; font_container=&#8221;tag:h4|text_align:left&#8221; use_theme_fonts=&#8221;yes&#8221;][vc_column_text css=&#8221;.vc_custom_1635839767493{padding-top: 20px !important;padding-bottom: 30px !important;}&#8221;]Kommentare Wenn die Besucher einen Kommentar auf der Website hinterlassen, sammeln wir die IP-Adresse des Besuchers und Browser-Informationen zur Spam-Erkennung und um die Details des Kommentars anzuzeigen. [&hellip;]<\/p>\n","protected":false},"author":1,"featured_media":0,"parent":0,"menu_order":0,"comment_status":"closed","ping_status":"closed","template":"","meta":{"_acf_changed":false,"footnotes":""},"class_list":["post-8830","page","type-page","status-publish","hentry"],"acf":[],"yoast_head":"<!-- This site is optimized with the Yoast SEO plugin v21.6 - https:\/\/yoast.com\/wordpress\/plugins\/seo\/ -->\n<title>Cookies<\/title>\n<meta name=\"robots\" content=\"index, follow, max-snippet:-1, max-image-preview:large, max-video-preview:-1\" \/>\n<link rel=\"canonical\" href=\"https:\/\/www.boztibbi.com\/de\/cookies\/\" \/>\n<meta property=\"og:locale\" content=\"de_DE\" \/>\n<meta property=\"og:type\" content=\"article\" \/>\n<meta property=\"og:title\" content=\"Cookies\" \/>\n<meta property=\"og:description\" content=\"[vc_row][vc_column][vc_custom_heading text=&#8221;\u00dcBER UNS&#8221; font_container=&#8221;tag:h3|text_align:left&#8221; use_theme_fonts=&#8221;yes&#8221;][vc_column_text css=&#8221;.vc_custom_1586346821410{padding-top: 20px !important;padding-bottom: 30px !important;}&#8221;]BOZ TIBB\u0130 MALZEME SANAY\u0130 ve T\u0130CARET ANON\u0130M \u015e\u0130RKET\u0130[\/vc_column_text][vc_custom_heading text=&#8221;Warum sammeln wir personenbezogene Daten?&#8221; font_container=&#8221;tag:h4|text_align:left&#8221; use_theme_fonts=&#8221;yes&#8221;][vc_column_text css=&#8221;.vc_custom_1635839767493{padding-top: 20px !important;padding-bottom: 30px !important;}&#8221;]Kommentare Wenn die Besucher einen Kommentar auf der Website hinterlassen, sammeln wir die IP-Adresse des Besuchers und Browser-Informationen zur Spam-Erkennung und um die Details des Kommentars anzuzeigen. [&hellip;]\" \/>\n<meta property=\"og:url\" content=\"https:\/\/www.boztibbi.com\/de\/cookies\/\" \/>\n<meta property=\"og:site_name\" content=\"Boz Medical\" \/>\n<meta property=\"article:publisher\" content=\"https:\/\/www.facebook.com\/bozmedical\/\" \/>\n<meta property=\"article:modified_time\" content=\"2021-11-02T08:10:33+00:00\" \/>\n<meta name=\"twitter:card\" content=\"summary_large_image\" \/>\n<meta name=\"twitter:site\" content=\"@bozmedical\" \/>\n<script type=\"application\/ld+json\" class=\"yoast-schema-graph\">{\"@context\":\"https:\/\/schema.org\",\"@graph\":[{\"@type\":\"WebPage\",\"@id\":\"https:\/\/www.boztibbi.com\/de\/cookies\/\",\"url\":\"https:\/\/www.boztibbi.com\/de\/cookies\/\",\"name\":\"Cookies\",\"isPartOf\":{\"@id\":\"https:\/\/www.boztibbi.com\/#website\"},\"datePublished\":\"2020-04-08T11:59:04+00:00\",\"dateModified\":\"2021-11-02T08:10:33+00:00\",\"breadcrumb\":{\"@id\":\"https:\/\/www.boztibbi.com\/de\/cookies\/#breadcrumb\"},\"inLanguage\":\"de\",\"potentialAction\":[{\"@type\":\"ReadAction\",\"target\":[\"https:\/\/www.boztibbi.com\/de\/cookies\/\"]}]},{\"@type\":\"BreadcrumbList\",\"@id\":\"https:\/\/www.boztibbi.com\/de\/cookies\/#breadcrumb\",\"itemListElement\":[{\"@type\":\"ListItem\",\"position\":1,\"name\":\"Hauptseite\",\"item\":\"https:\/\/www.boztibbi.com\/de\/\"},{\"@type\":\"ListItem\",\"position\":2,\"name\":\"Cookies\"}]},{\"@type\":\"WebSite\",\"@id\":\"https:\/\/www.boztibbi.com\/#website\",\"url\":\"https:\/\/www.boztibbi.com\/\",\"name\":\"Boz Medical\",\"description\":\"Chirurgisches Nahtmaterial, resorbierbare H\u00e4mostate und chirurgische Maschen\",\"publisher\":{\"@id\":\"https:\/\/www.boztibbi.com\/#organization\"},\"potentialAction\":[{\"@type\":\"SearchAction\",\"target\":{\"@type\":\"EntryPoint\",\"urlTemplate\":\"https:\/\/www.boztibbi.com\/?s={search_term_string}\"},\"query-input\":\"required name=search_term_string\"}],\"inLanguage\":\"de\"},{\"@type\":\"Organization\",\"@id\":\"https:\/\/www.boztibbi.com\/#organization\",\"name\":\"Boz T\u0131bbi Malzeme Sanayi ve Ticaret A.\u015e.\",\"url\":\"https:\/\/www.boztibbi.com\/\",\"logo\":{\"@type\":\"ImageObject\",\"inLanguage\":\"de\",\"@id\":\"https:\/\/www.boztibbi.com\/#\/schema\/logo\/image\/\",\"url\":\"https:\/\/www.boztibbi.com\/wp-content\/uploads\/2018\/08\/boz-t\u0131bbi-malzemeler-medikal-tekstil-t\u00fcrkiye-istanbul-ankara-u\u015fak.png\",\"contentUrl\":\"https:\/\/www.boztibbi.com\/wp-content\/uploads\/2018\/08\/boz-t\u0131bbi-malzemeler-medikal-tekstil-t\u00fcrkiye-istanbul-ankara-u\u015fak.png\",\"width\":1024,\"height\":683,\"caption\":\"Boz T\u0131bbi Malzeme Sanayi ve Ticaret A.\u015e.\"},\"image\":{\"@id\":\"https:\/\/www.boztibbi.com\/#\/schema\/logo\/image\/\"},\"sameAs\":[\"https:\/\/www.facebook.com\/bozmedical\/\",\"https:\/\/twitter.com\/bozmedical\"]}]}<\/script>\n<!-- \/ Yoast SEO plugin. -->","yoast_head_json":{"title":"Cookies","robots":{"index":"index","follow":"follow","max-snippet":"max-snippet:-1","max-image-preview":"max-image-preview:large","max-video-preview":"max-video-preview:-1"},"canonical":"https:\/\/www.boztibbi.com\/de\/cookies\/","og_locale":"de_DE","og_type":"article","og_title":"Cookies","og_description":"[vc_row][vc_column][vc_custom_heading text=&#8221;\u00dcBER UNS&#8221; font_container=&#8221;tag:h3|text_align:left&#8221; use_theme_fonts=&#8221;yes&#8221;][vc_column_text css=&#8221;.vc_custom_1586346821410{padding-top: 20px !important;padding-bottom: 30px !important;}&#8221;]BOZ TIBB\u0130 MALZEME SANAY\u0130 ve T\u0130CARET ANON\u0130M \u015e\u0130RKET\u0130[\/vc_column_text][vc_custom_heading text=&#8221;Warum sammeln wir personenbezogene Daten?&#8221; font_container=&#8221;tag:h4|text_align:left&#8221; use_theme_fonts=&#8221;yes&#8221;][vc_column_text css=&#8221;.vc_custom_1635839767493{padding-top: 20px !important;padding-bottom: 30px !important;}&#8221;]Kommentare Wenn die Besucher einen Kommentar auf der Website hinterlassen, sammeln wir die IP-Adresse des Besuchers und Browser-Informationen zur Spam-Erkennung und um die Details des Kommentars anzuzeigen. [&hellip;]","og_url":"https:\/\/www.boztibbi.com\/de\/cookies\/","og_site_name":"Boz Medical","article_publisher":"https:\/\/www.facebook.com\/bozmedical\/","article_modified_time":"2021-11-02T08:10:33+00:00","twitter_card":"summary_large_image","twitter_site":"@bozmedical","schema":{"@context":"https:\/\/schema.org","@graph":[{"@type":"WebPage","@id":"https:\/\/www.boztibbi.com\/de\/cookies\/","url":"https:\/\/www.boztibbi.com\/de\/cookies\/","name":"Cookies","isPartOf":{"@id":"https:\/\/www.boztibbi.com\/#website"},"datePublished":"2020-04-08T11:59:04+00:00","dateModified":"2021-11-02T08:10:33+00:00","breadcrumb":{"@id":"https:\/\/www.boztibbi.com\/de\/cookies\/#breadcrumb"},"inLanguage":"de","potentialAction":[{"@type":"ReadAction","target":["https:\/\/www.boztibbi.com\/de\/cookies\/"]}]},{"@type":"BreadcrumbList","@id":"https:\/\/www.boztibbi.com\/de\/cookies\/#breadcrumb","itemListElement":[{"@type":"ListItem","position":1,"name":"Hauptseite","item":"https:\/\/www.boztibbi.com\/de\/"},{"@type":"ListItem","position":2,"name":"Cookies"}]},{"@type":"WebSite","@id":"https:\/\/www.boztibbi.com\/#website","url":"https:\/\/www.boztibbi.com\/","name":"Boz Medical","description":"Chirurgisches Nahtmaterial, resorbierbare H\u00e4mostate und chirurgische Maschen","publisher":{"@id":"https:\/\/www.boztibbi.com\/#organization"},"potentialAction":[{"@type":"SearchAction","target":{"@type":"EntryPoint","urlTemplate":"https:\/\/www.boztibbi.com\/?s={search_term_string}"},"query-input":"required name=search_term_string"}],"inLanguage":"de"},{"@type":"Organization","@id":"https:\/\/www.boztibbi.com\/#organization","name":"Boz T\u0131bbi Malzeme Sanayi ve Ticaret A.\u015e.","url":"https:\/\/www.boztibbi.com\/","logo":{"@type":"ImageObject","inLanguage":"de","@id":"https:\/\/www.boztibbi.com\/#\/schema\/logo\/image\/","url":"https:\/\/www.boztibbi.com\/wp-content\/uploads\/2018\/08\/boz-t\u0131bbi-malzemeler-medikal-tekstil-t\u00fcrkiye-istanbul-ankara-u\u015fak.png","contentUrl":"https:\/\/www.boztibbi.com\/wp-content\/uploads\/2018\/08\/boz-t\u0131bbi-malzemeler-medikal-tekstil-t\u00fcrkiye-istanbul-ankara-u\u015fak.png","width":1024,"height":683,"caption":"Boz T\u0131bbi Malzeme Sanayi ve Ticaret A.\u015e."},"image":{"@id":"https:\/\/www.boztibbi.com\/#\/schema\/logo\/image\/"},"sameAs":["https:\/\/www.facebook.com\/bozmedical\/","https:\/\/twitter.com\/bozmedical"]}]}},"_links":{"self":[{"href":"https:\/\/www.boztibbi.com\/de\/wp-json\/wp\/v2\/pages\/8830","targetHints":{"allow":["GET"]}}],"collection":[{"href":"https:\/\/www.boztibbi.com\/de\/wp-json\/wp\/v2\/pages"}],"about":[{"href":"https:\/\/www.boztibbi.com\/de\/wp-json\/wp\/v2\/types\/page"}],"author":[{"embeddable":true,"href":"https:\/\/www.boztibbi.com\/de\/wp-json\/wp\/v2\/users\/1"}],"replies":[{"embeddable":true,"href":"https:\/\/www.boztibbi.com\/de\/wp-json\/wp\/v2\/comments?post=8830"}],"version-history":[{"count":2,"href":"https:\/\/www.boztibbi.com\/de\/wp-json\/wp\/v2\/pages\/8830\/revisions"}],"predecessor-version":[{"id":8835,"href":"https:\/\/www.boztibbi.com\/de\/wp-json\/wp\/v2\/pages\/8830\/revisions\/8835"}],"wp:attachment":[{"href":"https:\/\/www.boztibbi.com\/de\/wp-json\/wp\/v2\/media?parent=8830"}],"curies":[{"name":"wp","href":"https:\/\/api.w.org\/{rel}","templated":true}]}}