{"id":4008,"date":"2017-10-02T02:27:49","date_gmt":"2017-10-02T02:27:49","guid":{"rendered":"https:\/\/www.boztibbi.com\/corporate\/misyon-ve-degerler\/"},"modified":"2018-12-20T17:44:55","modified_gmt":"2018-12-20T14:44:55","slug":"mission-und-vision","status":"publish","type":"page","link":"https:\/\/www.boztibbi.com\/de\/corporate\/mission-und-vision\/","title":{"rendered":"Mission Und Vision"},"content":{"rendered":"<div class=\"wpb-content-wrapper\"><p>[vc_row css=&#8221;.vc_custom_1528705764107{margin-right: 0px !important;margin-left: 0px !important;padding-top: 100px !important;padding-right: 40px !important;padding-bottom: 100px !important;padding-left: 40px !important;background-image: url(https:\/\/www.boztibbi.com\/wp-content\/uploads\/2018\/06\/t\u0131bbi-tekstil-\u00fcretimi-suture-s\u00fct\u00fcr-ameliyat-ipli\u011fi-ankara-istanbul-t\u00fcrkiye-turkey-manufacturing-boz-t\u0131bbi-medical-textile.jpg?id=1797) !important;background-position: center !important;background-repeat: no-repeat !important;background-size: cover !important;}&#8221;][vc_column width=&#8221;2\/3&#8243;][vc_column_text]<\/p>\n<h2 class=\"no-margin-top\" style=\"font-size: 2.5rem; font-weight: 300;\"><span style=\"color: #ffffff;\">Unser Ziel ist es, <strong>die Besten<\/strong> in der medizinischen Materialherstellung zu sein.<\/span><\/h2>\n<p>[\/vc_column_text][\/vc_column][vc_column width=&#8221;1\/3&#8243;][\/vc_column][\/vc_row][vc_row css=&#8221;.vc_custom_1510549832750{padding-top: 50px !important;}&#8221;][vc_column width=&#8221;1\/4&#8243;][vc_custom_heading text=&#8221;Ein besseres Leben&#8221; font_container=&#8221;tag:h3|text_align:left&#8221; use_theme_fonts=&#8221;yes&#8221;][vc_empty_space height=&#8221;20px&#8221;][\/vc_column][vc_column width=&#8221;3\/4&#8243;][vc_column_text]Unser innovationsorientierter Ansatz ist es, das Leben von Millionen von Menschen besser zu machen. Wir bieten Patienten auf der ganzen Welt unsere Hilfe an, indem wir Krankheiten vorbeugen, lindern, behandeln und bessere Diagnosem\u00f6glichkeiten bieten.<\/p>\n<p>Wir stellen sicher, dass qualitativ hochwertiges medizinisches Material in angemessener Menge zur Verf\u00fcgung steht. Wir tragen mit unseren mit modernster Technologie hergestellten Materialien dazu bei, Energie und Ressourcen effektiv zu nutzen. Boz Medical basiert auf jahrzehntelanger Erfahrung, die die Grundlage f\u00fcr die Verwirklichung dieser Ziele bildet, und unser Unternehmen kombiniert hochtechnologisches medizinisches Materialwissen mit Mensch-, Tier- und Pflanzengesundheit. Der Schl\u00fcssel zur Versorgung mit Medizinprodukten aller M\u00e4rkten liegt in unserer Fokussierung auf Innovation. Eine weitere Quelle dieses Schl\u00fcssels ist die Ber\u00fccksichtigung der Bed\u00fcrfnisse anderer Teilnehmer unserer Gesellschaft bei gleichzeitiger Wertsch\u00f6pfung f\u00fcr unsere Kunden und Mitarbeiter.[\/vc_column_text][\/vc_column][\/vc_row][vc_row css=&#8221;.vc_custom_1510549832750{padding-top: 50px !important;}&#8221;][vc_column width=&#8221;1\/4&#8243;][vc_custom_heading text=&#8221;Unsere Grundwerte&#8221; font_container=&#8221;tag:h3|text_align:left&#8221; use_theme_fonts=&#8221;yes&#8221;][vc_empty_space height=&#8221;20px&#8221;][\/vc_column][vc_column width=&#8221;3\/4&#8243;][vc_column_text]In unseren Aktivit\u00e4ten bekennen wir uns zu Nachhaltigkeit sowie zu sozialer und ethischer Verantwortung. Grundwerte von Boz Medicals wie F\u00fchrung, Effizienz, Korrektheit und Flexibilit\u00e4t sind ausschlaggebend f\u00fcr die Umsetzung unserer Mission &#8220;Ein besseres Leben&#8221;.<\/p>\n<h6>Liderlik<\/h6>\n<ul>\n<li>Schutz von Mitarbeitern und Leistung<\/li>\n<li>Eigeninitiative ergreifen, andere inspirieren und motivieren<\/li>\n<li>\u00dcbernahme von Verantwortung f\u00fcr Ma\u00dfnahmen, Ergebnisse, erfolgreiche und erfolglose Versuche<\/li>\n<li>Fair und respektvoll gegen\u00fcber anderen sein<\/li>\n<li>Offenes, aufrichtiges und p\u00fcnktliches Feedback<\/li>\n<li>Konstruktives Management aller Konflikte<\/li>\n<li>Wertsch\u00f6pfung f\u00fcr alle Teilhaber<\/li>\n<\/ul>\n<h6>EFFIZIENZ<\/h6>\n<ul>\n<li>Intelligentes Ressourcenmanagement<\/li>\n<li>Fokussierung auf wertsch\u00f6pfende Aktivit\u00e4ten<\/li>\n<li>Einfaches und effektives Unternehmen<\/li>\n<li>Erschwingliche, schnelle und qualitativ hochwertige Gesch\u00e4fte<\/li>\n<li>Verantwortung f\u00fcr eine konsistente Anwendung \u00fcbernehmen<\/li>\n<li>Beschleunigung besserer Entscheidungsprozesse<\/li>\n<li>Gemeinsam bessere L\u00f6sungen finden<\/li>\n<\/ul>\n<h6>AUFRECHTIGKEIT<\/h6>\n<ul>\n<li>Vorbildlich sein<\/li>\n<li>Einhaltung von Gesetzen, Regeln und guter Gesch\u00e4ftsethik<\/li>\n<li>Anderen vertrauen und vertrauensvolle Beziehungen aufbauen<\/li>\n<li>Vertrauensw\u00fcrdig und zuverl\u00e4ssig sein<\/li>\n<li>Sorgf\u00e4ltiges Zuh\u00f6ren und Aufrechterhaltung einer angemessenen Kommunikation<\/li>\n<li>Sicherstellung der Nachhaltigkeit<\/li>\n<li>F\u00fcrsorge f\u00fcr Mensch, Sicherheit und Umwelt<\/li>\n<\/ul>\n<h6>FLEXIBILIT\u00c4T<\/h6>\n<ul>\n<li>Effektive Verwaltung von Ver\u00e4nderungen<\/li>\n<li>Bereit sein, zuk\u00fcnftigen Trends und Anforderungen gerecht zu werden<\/li>\n<li>Infragestellung des Status quo<\/li>\n<li>Kundenorientiertes Denken und Handeln<\/li>\n<li>Chancen analysieren und kalkulierbare Risiken eingehen<\/li>\n<li>Aufgeschlossenheit<\/li>\n<li style=\"list-style-type: none;\"><\/li>\n<li>Offenheit f\u00fcr lebenslanges Lernen<\/li>\n<\/ul>\n<p>[\/vc_column_text][\/vc_column][\/vc_row]<\/p>\n<\/div>","protected":false},"excerpt":{"rendered":"<p>[vc_row css=&#8221;.vc_custom_1528705764107{margin-right: 0px !important;margin-left: 0px !important;padding-top: 100px !important;padding-right: 40px !important;padding-bottom: 100px !important;padding-left: 40px !important;background-image: url(https:\/\/www.boztibbi.com\/wp-content\/uploads\/2018\/06\/t\u0131bbi-tekstil-\u00fcretimi-suture-s\u00fct\u00fcr-ameliyat-ipli\u011fi-ankara-istanbul-t\u00fcrkiye-turkey-manufacturing-boz-t\u0131bbi-medical-textile.jpg?id=1797) !important;background-position: center !important;background-repeat: no-repeat !important;background-size: cover !important;}&#8221;][vc_column width=&#8221;2\/3&#8243;][vc_column_text] Unser Ziel ist es, die Besten in der medizinischen Materialherstellung zu sein. [\/vc_column_text][\/vc_column][vc_column width=&#8221;1\/3&#8243;][\/vc_column][\/vc_row][vc_row css=&#8221;.vc_custom_1510549832750{padding-top: 50px !important;}&#8221;][vc_column width=&#8221;1\/4&#8243;][vc_custom_heading text=&#8221;Ein besseres Leben&#8221; font_container=&#8221;tag:h3|text_align:left&#8221; use_theme_fonts=&#8221;yes&#8221;][vc_empty_space height=&#8221;20px&#8221;][\/vc_column][vc_column width=&#8221;3\/4&#8243;][vc_column_text]Unser innovationsorientierter Ansatz ist es, das Leben von [&hellip;]<\/p>\n","protected":false},"author":1,"featured_media":0,"parent":3968,"menu_order":0,"comment_status":"closed","ping_status":"closed","template":"","meta":{"_acf_changed":false,"footnotes":""},"class_list":["post-4008","page","type-page","status-publish","hentry"],"acf":[],"yoast_head":"<!-- This site is optimized with the Yoast SEO plugin v21.6 - https:\/\/yoast.com\/wordpress\/plugins\/seo\/ -->\n<title>Mission Und Vision - Boz Medical<\/title>\n<meta name=\"robots\" content=\"index, follow, max-snippet:-1, max-image-preview:large, max-video-preview:-1\" \/>\n<link rel=\"canonical\" href=\"https:\/\/www.boztibbi.com\/de\/corporate\/mission-und-vision\/\" \/>\n<meta property=\"og:locale\" content=\"de_DE\" \/>\n<meta property=\"og:type\" content=\"article\" \/>\n<meta property=\"og:title\" content=\"Mission Und Vision - Boz Medical\" \/>\n<meta property=\"og:description\" content=\"[vc_row css=&#8221;.vc_custom_1528705764107{margin-right: 0px !important;margin-left: 0px !important;padding-top: 100px !important;padding-right: 40px !important;padding-bottom: 100px !important;padding-left: 40px !important;background-image: url(https:\/\/www.boztibbi.com\/wp-content\/uploads\/2018\/06\/t\u0131bbi-tekstil-\u00fcretimi-suture-s\u00fct\u00fcr-ameliyat-ipli\u011fi-ankara-istanbul-t\u00fcrkiye-turkey-manufacturing-boz-t\u0131bbi-medical-textile.jpg?id=1797) !important;background-position: center !important;background-repeat: no-repeat !important;background-size: cover !important;}&#8221;][vc_column width=&#8221;2\/3&#8243;][vc_column_text] Unser Ziel ist es, die Besten in der medizinischen Materialherstellung zu sein. [\/vc_column_text][\/vc_column][vc_column width=&#8221;1\/3&#8243;][\/vc_column][\/vc_row][vc_row css=&#8221;.vc_custom_1510549832750{padding-top: 50px !important;}&#8221;][vc_column width=&#8221;1\/4&#8243;][vc_custom_heading text=&#8221;Ein besseres Leben&#8221; font_container=&#8221;tag:h3|text_align:left&#8221; use_theme_fonts=&#8221;yes&#8221;][vc_empty_space height=&#8221;20px&#8221;][\/vc_column][vc_column width=&#8221;3\/4&#8243;][vc_column_text]Unser innovationsorientierter Ansatz ist es, das Leben von [&hellip;]\" \/>\n<meta property=\"og:url\" content=\"https:\/\/www.boztibbi.com\/de\/corporate\/mission-und-vision\/\" \/>\n<meta property=\"og:site_name\" content=\"Boz Medical\" \/>\n<meta property=\"article:publisher\" content=\"https:\/\/www.facebook.com\/bozmedical\/\" \/>\n<meta property=\"article:modified_time\" content=\"2018-12-20T14:44:55+00:00\" \/>\n<meta name=\"twitter:card\" content=\"summary_large_image\" \/>\n<meta name=\"twitter:site\" content=\"@bozmedical\" \/>\n<script type=\"application\/ld+json\" class=\"yoast-schema-graph\">{\"@context\":\"https:\/\/schema.org\",\"@graph\":[{\"@type\":\"WebPage\",\"@id\":\"https:\/\/www.boztibbi.com\/de\/corporate\/mission-und-vision\/\",\"url\":\"https:\/\/www.boztibbi.com\/de\/corporate\/mission-und-vision\/\",\"name\":\"Mission Und Vision - Boz Medical\",\"isPartOf\":{\"@id\":\"https:\/\/www.boztibbi.com\/#website\"},\"datePublished\":\"2017-10-02T02:27:49+00:00\",\"dateModified\":\"2018-12-20T14:44:55+00:00\",\"breadcrumb\":{\"@id\":\"https:\/\/www.boztibbi.com\/de\/corporate\/mission-und-vision\/#breadcrumb\"},\"inLanguage\":\"de\",\"potentialAction\":[{\"@type\":\"ReadAction\",\"target\":[\"https:\/\/www.boztibbi.com\/de\/corporate\/mission-und-vision\/\"]}]},{\"@type\":\"BreadcrumbList\",\"@id\":\"https:\/\/www.boztibbi.com\/de\/corporate\/mission-und-vision\/#breadcrumb\",\"itemListElement\":[{\"@type\":\"ListItem\",\"position\":1,\"name\":\"Hauptseite\",\"item\":\"https:\/\/www.boztibbi.com\/de\/\"},{\"@type\":\"ListItem\",\"position\":2,\"name\":\"Corporate\",\"item\":\"https:\/\/www.boztibbi.com\/de\/corporate\/\"},{\"@type\":\"ListItem\",\"position\":3,\"name\":\"Mission Und Vision\"}]},{\"@type\":\"WebSite\",\"@id\":\"https:\/\/www.boztibbi.com\/#website\",\"url\":\"https:\/\/www.boztibbi.com\/\",\"name\":\"Boz Medical\",\"description\":\"Chirurgisches Nahtmaterial, resorbierbare H\u00e4mostate und chirurgische Maschen\",\"publisher\":{\"@id\":\"https:\/\/www.boztibbi.com\/#organization\"},\"potentialAction\":[{\"@type\":\"SearchAction\",\"target\":{\"@type\":\"EntryPoint\",\"urlTemplate\":\"https:\/\/www.boztibbi.com\/?s={search_term_string}\"},\"query-input\":\"required name=search_term_string\"}],\"inLanguage\":\"de\"},{\"@type\":\"Organization\",\"@id\":\"https:\/\/www.boztibbi.com\/#organization\",\"name\":\"Boz T\u0131bbi Malzeme Sanayi ve Ticaret A.\u015e.\",\"url\":\"https:\/\/www.boztibbi.com\/\",\"logo\":{\"@type\":\"ImageObject\",\"inLanguage\":\"de\",\"@id\":\"https:\/\/www.boztibbi.com\/#\/schema\/logo\/image\/\",\"url\":\"https:\/\/www.boztibbi.com\/wp-content\/uploads\/2018\/08\/boz-t\u0131bbi-malzemeler-medikal-tekstil-t\u00fcrkiye-istanbul-ankara-u\u015fak.png\",\"contentUrl\":\"https:\/\/www.boztibbi.com\/wp-content\/uploads\/2018\/08\/boz-t\u0131bbi-malzemeler-medikal-tekstil-t\u00fcrkiye-istanbul-ankara-u\u015fak.png\",\"width\":1024,\"height\":683,\"caption\":\"Boz T\u0131bbi Malzeme Sanayi ve Ticaret A.\u015e.\"},\"image\":{\"@id\":\"https:\/\/www.boztibbi.com\/#\/schema\/logo\/image\/\"},\"sameAs\":[\"https:\/\/www.facebook.com\/bozmedical\/\",\"https:\/\/twitter.com\/bozmedical\"]}]}<\/script>\n<!-- \/ Yoast SEO plugin. -->","yoast_head_json":{"title":"Mission Und Vision - Boz Medical","robots":{"index":"index","follow":"follow","max-snippet":"max-snippet:-1","max-image-preview":"max-image-preview:large","max-video-preview":"max-video-preview:-1"},"canonical":"https:\/\/www.boztibbi.com\/de\/corporate\/mission-und-vision\/","og_locale":"de_DE","og_type":"article","og_title":"Mission Und Vision - Boz Medical","og_description":"[vc_row css=&#8221;.vc_custom_1528705764107{margin-right: 0px !important;margin-left: 0px !important;padding-top: 100px !important;padding-right: 40px !important;padding-bottom: 100px !important;padding-left: 40px !important;background-image: url(https:\/\/www.boztibbi.com\/wp-content\/uploads\/2018\/06\/t\u0131bbi-tekstil-\u00fcretimi-suture-s\u00fct\u00fcr-ameliyat-ipli\u011fi-ankara-istanbul-t\u00fcrkiye-turkey-manufacturing-boz-t\u0131bbi-medical-textile.jpg?id=1797) !important;background-position: center !important;background-repeat: no-repeat !important;background-size: cover !important;}&#8221;][vc_column width=&#8221;2\/3&#8243;][vc_column_text] Unser Ziel ist es, die Besten in der medizinischen Materialherstellung zu sein. [\/vc_column_text][\/vc_column][vc_column width=&#8221;1\/3&#8243;][\/vc_column][\/vc_row][vc_row css=&#8221;.vc_custom_1510549832750{padding-top: 50px !important;}&#8221;][vc_column width=&#8221;1\/4&#8243;][vc_custom_heading text=&#8221;Ein besseres Leben&#8221; font_container=&#8221;tag:h3|text_align:left&#8221; use_theme_fonts=&#8221;yes&#8221;][vc_empty_space height=&#8221;20px&#8221;][\/vc_column][vc_column width=&#8221;3\/4&#8243;][vc_column_text]Unser innovationsorientierter Ansatz ist es, das Leben von [&hellip;]","og_url":"https:\/\/www.boztibbi.com\/de\/corporate\/mission-und-vision\/","og_site_name":"Boz Medical","article_publisher":"https:\/\/www.facebook.com\/bozmedical\/","article_modified_time":"2018-12-20T14:44:55+00:00","twitter_card":"summary_large_image","twitter_site":"@bozmedical","schema":{"@context":"https:\/\/schema.org","@graph":[{"@type":"WebPage","@id":"https:\/\/www.boztibbi.com\/de\/corporate\/mission-und-vision\/","url":"https:\/\/www.boztibbi.com\/de\/corporate\/mission-und-vision\/","name":"Mission Und Vision - Boz Medical","isPartOf":{"@id":"https:\/\/www.boztibbi.com\/#website"},"datePublished":"2017-10-02T02:27:49+00:00","dateModified":"2018-12-20T14:44:55+00:00","breadcrumb":{"@id":"https:\/\/www.boztibbi.com\/de\/corporate\/mission-und-vision\/#breadcrumb"},"inLanguage":"de","potentialAction":[{"@type":"ReadAction","target":["https:\/\/www.boztibbi.com\/de\/corporate\/mission-und-vision\/"]}]},{"@type":"BreadcrumbList","@id":"https:\/\/www.boztibbi.com\/de\/corporate\/mission-und-vision\/#breadcrumb","itemListElement":[{"@type":"ListItem","position":1,"name":"Hauptseite","item":"https:\/\/www.boztibbi.com\/de\/"},{"@type":"ListItem","position":2,"name":"Corporate","item":"https:\/\/www.boztibbi.com\/de\/corporate\/"},{"@type":"ListItem","position":3,"name":"Mission Und Vision"}]},{"@type":"WebSite","@id":"https:\/\/www.boztibbi.com\/#website","url":"https:\/\/www.boztibbi.com\/","name":"Boz Medical","description":"Chirurgisches Nahtmaterial, resorbierbare H\u00e4mostate und chirurgische Maschen","publisher":{"@id":"https:\/\/www.boztibbi.com\/#organization"},"potentialAction":[{"@type":"SearchAction","target":{"@type":"EntryPoint","urlTemplate":"https:\/\/www.boztibbi.com\/?s={search_term_string}"},"query-input":"required name=search_term_string"}],"inLanguage":"de"},{"@type":"Organization","@id":"https:\/\/www.boztibbi.com\/#organization","name":"Boz T\u0131bbi Malzeme Sanayi ve Ticaret A.\u015e.","url":"https:\/\/www.boztibbi.com\/","logo":{"@type":"ImageObject","inLanguage":"de","@id":"https:\/\/www.boztibbi.com\/#\/schema\/logo\/image\/","url":"https:\/\/www.boztibbi.com\/wp-content\/uploads\/2018\/08\/boz-t\u0131bbi-malzemeler-medikal-tekstil-t\u00fcrkiye-istanbul-ankara-u\u015fak.png","contentUrl":"https:\/\/www.boztibbi.com\/wp-content\/uploads\/2018\/08\/boz-t\u0131bbi-malzemeler-medikal-tekstil-t\u00fcrkiye-istanbul-ankara-u\u015fak.png","width":1024,"height":683,"caption":"Boz T\u0131bbi Malzeme Sanayi ve Ticaret A.\u015e."},"image":{"@id":"https:\/\/www.boztibbi.com\/#\/schema\/logo\/image\/"},"sameAs":["https:\/\/www.facebook.com\/bozmedical\/","https:\/\/twitter.com\/bozmedical"]}]}},"_links":{"self":[{"href":"https:\/\/www.boztibbi.com\/de\/wp-json\/wp\/v2\/pages\/4008","targetHints":{"allow":["GET"]}}],"collection":[{"href":"https:\/\/www.boztibbi.com\/de\/wp-json\/wp\/v2\/pages"}],"about":[{"href":"https:\/\/www.boztibbi.com\/de\/wp-json\/wp\/v2\/types\/page"}],"author":[{"embeddable":true,"href":"https:\/\/www.boztibbi.com\/de\/wp-json\/wp\/v2\/users\/1"}],"replies":[{"embeddable":true,"href":"https:\/\/www.boztibbi.com\/de\/wp-json\/wp\/v2\/comments?post=4008"}],"version-history":[{"count":0,"href":"https:\/\/www.boztibbi.com\/de\/wp-json\/wp\/v2\/pages\/4008\/revisions"}],"up":[{"embeddable":true,"href":"https:\/\/www.boztibbi.com\/de\/wp-json\/wp\/v2\/pages\/3968"}],"wp:attachment":[{"href":"https:\/\/www.boztibbi.com\/de\/wp-json\/wp\/v2\/media?parent=4008"}],"curies":[{"name":"wp","href":"https:\/\/api.w.org\/{rel}","templated":true}]}}