{"id":4004,"date":"2018-06-19T14:01:17","date_gmt":"2018-06-19T11:01:17","guid":{"rendered":"https:\/\/www.boztibbi.com\/corporate\/kilometre-taslari\/"},"modified":"2022-07-30T15:26:23","modified_gmt":"2022-07-30T12:26:23","slug":"meilensteine","status":"publish","type":"page","link":"https:\/\/www.boztibbi.com\/de\/corporate\/meilensteine\/","title":{"rendered":"Meilensteine"},"content":{"rendered":"<div class=\"wpb-content-wrapper\"><p>[vc_row css=&#8221;.vc_custom_1529407998976{margin-right: 0px !important;margin-bottom: 50px !important;margin-left: 0px !important;padding-top: 80px !important;padding-right: 40px !important;padding-bottom: 80px !important;padding-left: 40px !important;background-image: url(https:\/\/www.boztibbi.com\/wp-content\/uploads\/2018\/06\/boz-t\u0131bbi-malzemeler-t\u00fcrkiye-yerli-\u00fcretim-\u00fcretici-t\u00fcrk-mal\u0131-istanbul-ankara-u\u015fak-cerrahi-iplik-gazl\u0131-bez-span\u00e7.jpg?id=1927) !important;background-position: center !important;background-repeat: no-repeat !important;background-size: cover !important;}&#8221;][vc_column width=&#8221;1\/2&#8243;][\/vc_column][vc_column width=&#8221;1\/2&#8243;][vc_column_text]<\/p>\n<h3 class=\"no-margin-top no-margin-bottom\" style=\"font-size: 3rem;\">\u00dcber<\/h3>\n<h3 class=\"no-margin-top no-margin-bottom\" style=\"font-size: 3rem;\">70 Jahre<\/h3>\n<h3 class=\"no-margin-top no-margin-bottom\" style=\"font-size: 3rem;\">Erfahrung<\/h3>\n<p>[\/vc_column_text][\/vc_column][\/vc_row][vc_row][vc_column]<ul class=\"iconlist iconlist iconlist-icon-large \"><li ><div class=\"iconlist-item-icon\"><i class=\"entypo-icon entypo-icon-check\"><\/i><span class=\"shapes\"><\/span><\/div><div class=\"iconlist-item-content\"><\/p>\n<h3>1940<\/h3>\n<p>Adil Boz (Gro\u00dfvater) begann sein Berufsleben in den 1940er Jahren. Er gr\u00fcndete ein kleines Familienunternehmen. Dieses Unternehmen wurde gegr\u00fcndet, um Bekleidung und Heimtextilien herzustellen.<\/div><\/li><li ><div class=\"iconlist-item-icon\"><i class=\"entypo-icon entypo-icon-check\"><\/i><span class=\"shapes\"><\/span><\/div><div class=\"iconlist-item-content\"><\/p>\n<h3>1960<\/h3>\n<p>1960 begann Adil Boz mit der Produktion von Mullbinden. Adil Boz, war der Initiator der ersten medizinischen Textilproduktion in der T\u00fcrkei.<\/div><\/li><li ><div class=\"iconlist-item-icon\"><i class=\"entypo-icon entypo-icon-check\"><\/i><span class=\"shapes\"><\/span><\/div><div class=\"iconlist-item-content\"><\/p>\n<h3>1969<\/h3>\n<p>1969 wurde nach den Mullbinden mit der Produktion von hydrophiler Baumwolle begonnen, um den Bed\u00fcrfnissen des Gesundheitssektors gerecht zu werden. Es ist auch die erste Produktion von Gipsbindenprodukten, die 1969 von Adil Boz in der T\u00fcrkei hergestellt wurden.<\/div><\/li><li ><div class=\"iconlist-item-icon\"><i class=\"entypo-icon entypo-icon-check\"><\/i><span class=\"shapes\"><\/span><\/div><div class=\"iconlist-item-content\"><\/p>\n<h3>1983<\/h3>\n<p>Orhan Boz gr\u00fcndete die Orhan Boz Medizinische Verbrauchsmaterialien und Industrie Firma in Ankara. Adil Boz begann seine kommerzielle T\u00e4tigkeit mit der Vermarktung von Gaze-, Gips- und hydrophilen Baumwollprodukten, die in Usak hergestellt wurden.<\/div><\/li><li ><div class=\"iconlist-item-icon\"><i class=\"entypo-icon entypo-icon-check\"><\/i><span class=\"shapes\"><\/span><\/div><div class=\"iconlist-item-content\"><\/p>\n<h3>1993<\/h3>\n<p>Orhan Boz erkannte den Mangel an chirurgischen Nahtmaterialien und startete 1993 die Versuchsproduktion und nahm die Fabrik f\u00fcr chirurgische Nahtmaterialien in Ankara in Betrieb.<\/div><\/li><li ><div class=\"iconlist-item-icon\"><i class=\"entypo-icon entypo-icon-check\"><\/i><span class=\"shapes\"><\/span><\/div><div class=\"iconlist-item-content\"><\/p>\n<h3>1998<\/h3>\n<p>Adil Boz begann mit der Produktion von Gazekompressenprodukten, Schw\u00e4mmen, Wattepads und Gazebandagen, die 1998 in der Fabrik f\u00fcr medizinische Textilmaterialien in Ankara produziert wurden. 1998 wurde bei Adil Boz die erste maschinelle Schwammproduktion in der T\u00fcrkei in Betrieb genommen.<\/div><\/li><li ><div class=\"iconlist-item-icon\"><i class=\"entypo-icon entypo-icon-check\"><\/i><span class=\"shapes\"><\/span><\/div><div class=\"iconlist-item-content\"><\/p>\n<h3>2009<\/h3>\n<p>2009 wurde von Ali Aykut Boz und Adil Boz, den S\u00f6hnen von Orhan Boz die Firma Boz medizinische Vebrauchsmaterialien in Ankara gegr\u00fcndet.<\/div><\/li><li ><div class=\"iconlist-item-icon\"><i class=\"entypo-icon entypo-icon-check\"><\/i><span class=\"shapes\"><\/span><\/div><div class=\"iconlist-item-content\"><\/p>\n<h3>2012<\/h3>\n<p>Im Einklang mit den sich entwickelnden Marktbed\u00fcrfnissen und -anforderungen hat sich Boz Medical das Ziel gesetzt, innerhalb von 5 Jahren nach seiner Gr\u00fcndung ein Produzent zu werden und sein Ziel im April 2012 zu erreichen.<\/div><\/li><li ><div class=\"iconlist-item-icon\"><i class=\"entypo-icon entypo-icon-check\"><\/i><span class=\"shapes\"><\/span><\/div><div class=\"iconlist-item-content\"><\/p>\n<h3>2018&#8230;<\/h3>\n<p>Bis 2007 wurde in der von Adil Boz (Gro\u00dfvater) in U\u015fak gegr\u00fcndeten Anlage die Produktion von Rohbaumwollgarn, Webgarn, textilen Rohstoffen, Heim- und Krankenhaustextilien fortgesetzt und damit wurden insgesamt 1500 Personen besch\u00e4ftigt. Heute findet die Produktion von medizinischen Verbrauchsmaterialien in den Fabriken in Ankara statt. Die Firme Boz schreitet mit ihrer Erfahrung und ihrem Wissen aus 70 Jahren mit Zuversicht der Zukunft entgegen.<\/div><\/li><\/ul>[\/vc_column][\/vc_row]<\/p>\n<\/div>","protected":false},"excerpt":{"rendered":"<p>[vc_row css=&#8221;.vc_custom_1529407998976{margin-right: 0px !important;margin-bottom: 50px !important;margin-left: 0px !important;padding-top: 80px !important;padding-right: 40px !important;padding-bottom: 80px !important;padding-left: 40px !important;background-image: url(https:\/\/www.boztibbi.com\/wp-content\/uploads\/2018\/06\/boz-t\u0131bbi-malzemeler-t\u00fcrkiye-yerli-\u00fcretim-\u00fcretici-t\u00fcrk-mal\u0131-istanbul-ankara-u\u015fak-cerrahi-iplik-gazl\u0131-bez-span\u00e7.jpg?id=1927) !important;background-position: center !important;background-repeat: no-repeat !important;background-size: cover !important;}&#8221;][vc_column width=&#8221;1\/2&#8243;][\/vc_column][vc_column width=&#8221;1\/2&#8243;][vc_column_text] \u00dcber 70 Jahre Erfahrung [\/vc_column_text][\/vc_column][\/vc_row][vc_row][vc_column][\/vc_column][\/vc_row]<\/p>\n","protected":false},"author":1,"featured_media":0,"parent":3968,"menu_order":0,"comment_status":"closed","ping_status":"closed","template":"","meta":{"_acf_changed":false,"footnotes":""},"class_list":["post-4004","page","type-page","status-publish","hentry"],"acf":[],"yoast_head":"<!-- This site is optimized with the Yoast SEO plugin v21.6 - https:\/\/yoast.com\/wordpress\/plugins\/seo\/ -->\n<title>Meilensteine - Boz Medical<\/title>\n<meta name=\"robots\" content=\"index, follow, max-snippet:-1, max-image-preview:large, max-video-preview:-1\" \/>\n<link rel=\"canonical\" href=\"https:\/\/www.boztibbi.com\/de\/corporate\/meilensteine\/\" \/>\n<meta property=\"og:locale\" content=\"de_DE\" \/>\n<meta property=\"og:type\" content=\"article\" \/>\n<meta property=\"og:title\" content=\"Meilensteine - Boz Medical\" \/>\n<meta property=\"og:description\" content=\"[vc_row css=&#8221;.vc_custom_1529407998976{margin-right: 0px !important;margin-bottom: 50px !important;margin-left: 0px !important;padding-top: 80px !important;padding-right: 40px !important;padding-bottom: 80px !important;padding-left: 40px !important;background-image: url(https:\/\/www.boztibbi.com\/wp-content\/uploads\/2018\/06\/boz-t\u0131bbi-malzemeler-t\u00fcrkiye-yerli-\u00fcretim-\u00fcretici-t\u00fcrk-mal\u0131-istanbul-ankara-u\u015fak-cerrahi-iplik-gazl\u0131-bez-span\u00e7.jpg?id=1927) !important;background-position: center !important;background-repeat: no-repeat !important;background-size: cover !important;}&#8221;][vc_column width=&#8221;1\/2&#8243;][\/vc_column][vc_column width=&#8221;1\/2&#8243;][vc_column_text] \u00dcber 70 Jahre Erfahrung [\/vc_column_text][\/vc_column][\/vc_row][vc_row][vc_column][\/vc_column][\/vc_row]\" \/>\n<meta property=\"og:url\" content=\"https:\/\/www.boztibbi.com\/de\/corporate\/meilensteine\/\" \/>\n<meta property=\"og:site_name\" content=\"Boz Medical\" \/>\n<meta property=\"article:publisher\" content=\"https:\/\/www.facebook.com\/bozmedical\/\" \/>\n<meta property=\"article:modified_time\" content=\"2022-07-30T12:26:23+00:00\" \/>\n<meta name=\"twitter:card\" content=\"summary_large_image\" \/>\n<meta name=\"twitter:site\" content=\"@bozmedical\" \/>\n<script type=\"application\/ld+json\" class=\"yoast-schema-graph\">{\"@context\":\"https:\/\/schema.org\",\"@graph\":[{\"@type\":\"WebPage\",\"@id\":\"https:\/\/www.boztibbi.com\/de\/corporate\/meilensteine\/\",\"url\":\"https:\/\/www.boztibbi.com\/de\/corporate\/meilensteine\/\",\"name\":\"Meilensteine - Boz Medical\",\"isPartOf\":{\"@id\":\"https:\/\/www.boztibbi.com\/#website\"},\"datePublished\":\"2018-06-19T11:01:17+00:00\",\"dateModified\":\"2022-07-30T12:26:23+00:00\",\"breadcrumb\":{\"@id\":\"https:\/\/www.boztibbi.com\/de\/corporate\/meilensteine\/#breadcrumb\"},\"inLanguage\":\"de\",\"potentialAction\":[{\"@type\":\"ReadAction\",\"target\":[\"https:\/\/www.boztibbi.com\/de\/corporate\/meilensteine\/\"]}]},{\"@type\":\"BreadcrumbList\",\"@id\":\"https:\/\/www.boztibbi.com\/de\/corporate\/meilensteine\/#breadcrumb\",\"itemListElement\":[{\"@type\":\"ListItem\",\"position\":1,\"name\":\"Hauptseite\",\"item\":\"https:\/\/www.boztibbi.com\/de\/\"},{\"@type\":\"ListItem\",\"position\":2,\"name\":\"Corporate\",\"item\":\"https:\/\/www.boztibbi.com\/de\/corporate\/\"},{\"@type\":\"ListItem\",\"position\":3,\"name\":\"Meilensteine\"}]},{\"@type\":\"WebSite\",\"@id\":\"https:\/\/www.boztibbi.com\/#website\",\"url\":\"https:\/\/www.boztibbi.com\/\",\"name\":\"Boz Medical\",\"description\":\"Chirurgisches Nahtmaterial, resorbierbare H\u00e4mostate und chirurgische Maschen\",\"publisher\":{\"@id\":\"https:\/\/www.boztibbi.com\/#organization\"},\"potentialAction\":[{\"@type\":\"SearchAction\",\"target\":{\"@type\":\"EntryPoint\",\"urlTemplate\":\"https:\/\/www.boztibbi.com\/?s={search_term_string}\"},\"query-input\":\"required name=search_term_string\"}],\"inLanguage\":\"de\"},{\"@type\":\"Organization\",\"@id\":\"https:\/\/www.boztibbi.com\/#organization\",\"name\":\"Boz T\u0131bbi Malzeme Sanayi ve Ticaret A.\u015e.\",\"url\":\"https:\/\/www.boztibbi.com\/\",\"logo\":{\"@type\":\"ImageObject\",\"inLanguage\":\"de\",\"@id\":\"https:\/\/www.boztibbi.com\/#\/schema\/logo\/image\/\",\"url\":\"https:\/\/www.boztibbi.com\/wp-content\/uploads\/2018\/08\/boz-t\u0131bbi-malzemeler-medikal-tekstil-t\u00fcrkiye-istanbul-ankara-u\u015fak.png\",\"contentUrl\":\"https:\/\/www.boztibbi.com\/wp-content\/uploads\/2018\/08\/boz-t\u0131bbi-malzemeler-medikal-tekstil-t\u00fcrkiye-istanbul-ankara-u\u015fak.png\",\"width\":1024,\"height\":683,\"caption\":\"Boz T\u0131bbi Malzeme Sanayi ve Ticaret A.\u015e.\"},\"image\":{\"@id\":\"https:\/\/www.boztibbi.com\/#\/schema\/logo\/image\/\"},\"sameAs\":[\"https:\/\/www.facebook.com\/bozmedical\/\",\"https:\/\/twitter.com\/bozmedical\"]}]}<\/script>\n<!-- \/ Yoast SEO plugin. -->","yoast_head_json":{"title":"Meilensteine - Boz Medical","robots":{"index":"index","follow":"follow","max-snippet":"max-snippet:-1","max-image-preview":"max-image-preview:large","max-video-preview":"max-video-preview:-1"},"canonical":"https:\/\/www.boztibbi.com\/de\/corporate\/meilensteine\/","og_locale":"de_DE","og_type":"article","og_title":"Meilensteine - Boz Medical","og_description":"[vc_row css=&#8221;.vc_custom_1529407998976{margin-right: 0px !important;margin-bottom: 50px !important;margin-left: 0px !important;padding-top: 80px !important;padding-right: 40px !important;padding-bottom: 80px !important;padding-left: 40px !important;background-image: url(https:\/\/www.boztibbi.com\/wp-content\/uploads\/2018\/06\/boz-t\u0131bbi-malzemeler-t\u00fcrkiye-yerli-\u00fcretim-\u00fcretici-t\u00fcrk-mal\u0131-istanbul-ankara-u\u015fak-cerrahi-iplik-gazl\u0131-bez-span\u00e7.jpg?id=1927) !important;background-position: center !important;background-repeat: no-repeat !important;background-size: cover !important;}&#8221;][vc_column width=&#8221;1\/2&#8243;][\/vc_column][vc_column width=&#8221;1\/2&#8243;][vc_column_text] \u00dcber 70 Jahre Erfahrung [\/vc_column_text][\/vc_column][\/vc_row][vc_row][vc_column][\/vc_column][\/vc_row]","og_url":"https:\/\/www.boztibbi.com\/de\/corporate\/meilensteine\/","og_site_name":"Boz Medical","article_publisher":"https:\/\/www.facebook.com\/bozmedical\/","article_modified_time":"2022-07-30T12:26:23+00:00","twitter_card":"summary_large_image","twitter_site":"@bozmedical","schema":{"@context":"https:\/\/schema.org","@graph":[{"@type":"WebPage","@id":"https:\/\/www.boztibbi.com\/de\/corporate\/meilensteine\/","url":"https:\/\/www.boztibbi.com\/de\/corporate\/meilensteine\/","name":"Meilensteine - Boz Medical","isPartOf":{"@id":"https:\/\/www.boztibbi.com\/#website"},"datePublished":"2018-06-19T11:01:17+00:00","dateModified":"2022-07-30T12:26:23+00:00","breadcrumb":{"@id":"https:\/\/www.boztibbi.com\/de\/corporate\/meilensteine\/#breadcrumb"},"inLanguage":"de","potentialAction":[{"@type":"ReadAction","target":["https:\/\/www.boztibbi.com\/de\/corporate\/meilensteine\/"]}]},{"@type":"BreadcrumbList","@id":"https:\/\/www.boztibbi.com\/de\/corporate\/meilensteine\/#breadcrumb","itemListElement":[{"@type":"ListItem","position":1,"name":"Hauptseite","item":"https:\/\/www.boztibbi.com\/de\/"},{"@type":"ListItem","position":2,"name":"Corporate","item":"https:\/\/www.boztibbi.com\/de\/corporate\/"},{"@type":"ListItem","position":3,"name":"Meilensteine"}]},{"@type":"WebSite","@id":"https:\/\/www.boztibbi.com\/#website","url":"https:\/\/www.boztibbi.com\/","name":"Boz Medical","description":"Chirurgisches Nahtmaterial, resorbierbare H\u00e4mostate und chirurgische Maschen","publisher":{"@id":"https:\/\/www.boztibbi.com\/#organization"},"potentialAction":[{"@type":"SearchAction","target":{"@type":"EntryPoint","urlTemplate":"https:\/\/www.boztibbi.com\/?s={search_term_string}"},"query-input":"required name=search_term_string"}],"inLanguage":"de"},{"@type":"Organization","@id":"https:\/\/www.boztibbi.com\/#organization","name":"Boz T\u0131bbi Malzeme Sanayi ve Ticaret A.\u015e.","url":"https:\/\/www.boztibbi.com\/","logo":{"@type":"ImageObject","inLanguage":"de","@id":"https:\/\/www.boztibbi.com\/#\/schema\/logo\/image\/","url":"https:\/\/www.boztibbi.com\/wp-content\/uploads\/2018\/08\/boz-t\u0131bbi-malzemeler-medikal-tekstil-t\u00fcrkiye-istanbul-ankara-u\u015fak.png","contentUrl":"https:\/\/www.boztibbi.com\/wp-content\/uploads\/2018\/08\/boz-t\u0131bbi-malzemeler-medikal-tekstil-t\u00fcrkiye-istanbul-ankara-u\u015fak.png","width":1024,"height":683,"caption":"Boz T\u0131bbi Malzeme Sanayi ve Ticaret A.\u015e."},"image":{"@id":"https:\/\/www.boztibbi.com\/#\/schema\/logo\/image\/"},"sameAs":["https:\/\/www.facebook.com\/bozmedical\/","https:\/\/twitter.com\/bozmedical"]}]}},"_links":{"self":[{"href":"https:\/\/www.boztibbi.com\/de\/wp-json\/wp\/v2\/pages\/4004","targetHints":{"allow":["GET"]}}],"collection":[{"href":"https:\/\/www.boztibbi.com\/de\/wp-json\/wp\/v2\/pages"}],"about":[{"href":"https:\/\/www.boztibbi.com\/de\/wp-json\/wp\/v2\/types\/page"}],"author":[{"embeddable":true,"href":"https:\/\/www.boztibbi.com\/de\/wp-json\/wp\/v2\/users\/1"}],"replies":[{"embeddable":true,"href":"https:\/\/www.boztibbi.com\/de\/wp-json\/wp\/v2\/comments?post=4004"}],"version-history":[{"count":1,"href":"https:\/\/www.boztibbi.com\/de\/wp-json\/wp\/v2\/pages\/4004\/revisions"}],"predecessor-version":[{"id":10421,"href":"https:\/\/www.boztibbi.com\/de\/wp-json\/wp\/v2\/pages\/4004\/revisions\/10421"}],"up":[{"embeddable":true,"href":"https:\/\/www.boztibbi.com\/de\/wp-json\/wp\/v2\/pages\/3968"}],"wp:attachment":[{"href":"https:\/\/www.boztibbi.com\/de\/wp-json\/wp\/v2\/media?parent=4004"}],"curies":[{"name":"wp","href":"https:\/\/api.w.org\/{rel}","templated":true}]}}