{"id":3998,"date":"2017-10-02T02:30:27","date_gmt":"2017-10-02T02:30:27","guid":{"rendered":"https:\/\/www.boztibbi.com\/corporate\/kurumsal-sorumluluk\/"},"modified":"2024-09-04T15:39:34","modified_gmt":"2024-09-04T12:39:34","slug":"unternehmensverantwortung","status":"publish","type":"page","link":"https:\/\/www.boztibbi.com\/de\/corporate\/unternehmensverantwortung\/","title":{"rendered":"Unternehmensverantwortung"},"content":{"rendered":"<div class=\"wpb-content-wrapper\"><p>[vc_row][vc_column][vc_single_image image=&#8221;1793&#8243; img_size=&#8221;914&#215;500&#8243;][vc_empty_space height=&#8221;50px&#8221;][vc_row_inner][vc_column_inner width=&#8221;1\/2&#8243;][vc_custom_heading text=&#8221;Unternehmensverantwortung&#8221; font_container=&#8221;tag:h3|text_align:left&#8221; use_theme_fonts=&#8221;yes&#8221;][vc_empty_space height=&#8221;20px&#8221;][\/vc_column_inner][vc_column_inner width=&#8221;1\/2&#8243;][vc_column_text]Wir glauben, dass verantwortungsvolle Unternehmensanwendungen, die einen positiven Wandel in der Gesellschaft bewirken, eingef\u00fchrt werden m\u00fcssen. Wir wollen in allen T\u00e4tigkeitsbereichen einen positiven Beitrag leisten. Daher ist es unsere Vision, ein langfristiges, nachhaltiges Gesch\u00e4ftsleben zu schaffen und ein Unternehmensverantwortungsprogramm anzuwenden, das positive Auswirkungen auf die Gesellschaft haben wird.[\/vc_column_text][vc_empty_space height=&#8221;50px&#8221;][\/vc_column_inner][\/vc_row_inner][\/vc_column][\/vc_row][vc_row][vc_column][vc_row_inner][vc_column_inner width=&#8221;1\/2&#8243;][vc_custom_heading text=&#8221;Soziale und \u00f6kologische Verantwortung&#8221; font_container=&#8221;tag:h3|text_align:left&#8221; use_theme_fonts=&#8221;yes&#8221;][vc_empty_space height=&#8221;20px&#8221;][\/vc_column_inner][vc_column_inner width=&#8221;1\/2&#8243;][vc_column_text]Eine erh\u00f6hte soziale Verantwortung bei Unternehmen stellt Herausforderungen an die Rentabilit\u00e4t und finanzielle Sicherheit. Boz Medical ist sich dieser Risiken bewusst und schafft neue Anforderungen und neue T\u00e4tigkeitsfelder auf organisatorischer und betriebswirtschaftlicher Ebene. Boz Medical und alle Mitarbeiter ber\u00fccksichtigen die Auswirkungen ihrer einzelnen Schritte und Aktivit\u00e4ten auf Gesellschaft und Umwelt.<\/p>\n<p>Wir sind bestrebt, die Welt zu einem besseren Ort zu machen, indem wir unsere F\u00e4higkeiten, Ideen und unser Wissen miteinander kombinieren.[\/vc_column_text][vc_empty_space height=&#8221;50px&#8221;][\/vc_column_inner][\/vc_row_inner][vc_row_inner][vc_column_inner width=&#8221;1\/3&#8243;]<div class=\"iconbox aligncenter \">\n\t<div class=\"box-header\">\n\t\t<div class=\"box-icon\"><i class=\"entypo-icon entypo-icon-archive\"><\/i><\/div>\n\t\t<h3 class=\"box-title\">BILDUNG<\/h3>\n\t<\/div>\n\t<div class=\"box-content\">\n\t\t<div class=\"box-detail\">\n\t\t\t<p>Die fachliche und pers\u00f6nliche Entwicklung unserer Mitarbeiter unterst\u00fctzen wir durch st\u00e4ndige Weiterbildungsma\u00dfnahmen. Wir organisieren kurz- und langfristige Ausbildungsprogramme, um den fachlichen und pers\u00f6nlichen Entwicklungsbedarf unserer Mitarbeiter zu decken. Wir identifizieren Entwicklungsbereiche unserer Mitarbeiter und planen unsere Schulungen entsprechend.<\/p>\n\n\t\t\t\n\t\t<\/div>\n\t<\/div>\n<\/div>[vc_empty_space height=&#8221;30px&#8221;][\/vc_column_inner][vc_column_inner width=&#8221;1\/3&#8243;]<div class=\"iconbox aligncenter  vc_custom_1545145163165\">\n\t<div class=\"box-header\">\n\t\t<div class=\"box-icon\"><i class=\"entypo-icon entypo-icon-feather\"><\/i><\/div>\n\t\t<h3 class=\"box-title\">UMWELT<\/h3>\n\t<\/div>\n\t<div class=\"box-content\">\n\t\t<div class=\"box-detail\">\n\t\t\t<p>Als Boz Medical halten wir uns an nationale und internationale Vorschriften und Gesetze. Wir stellen umweltfreundliche Produkte her, die auf einem sich st\u00e4ndig weiterentwickelnden Umweltmanagementsystem basieren. Wir sind bestrebt, der n\u00e4chsten Generation eine saubere und gesunde Umwelt zu hinterlassen.<\/p>\n\n\t\t\t\n\t\t<\/div>\n\t<\/div>\n<\/div>[vc_empty_space height=&#8221;30px&#8221;][\/vc_column_inner][vc_column_inner width=&#8221;1\/3&#8243;]<div class=\"iconbox aligncenter  vc_custom_1545145201528\">\n\t<div class=\"box-header\">\n\t\t<div class=\"box-icon\"><i class=\"entypo-icon entypo-icon-newspaper\"><\/i><\/div>\n\t\t<h3 class=\"box-title\">QUALIT\u00c4T<\/h3>\n\t<\/div>\n\t<div class=\"box-content\">\n\t\t<div class=\"box-detail\">\n\t\t\t<p>Boz Medical verf\u00fcgt \u00fcber ein zertifiziertes Qualit\u00e4tsmanagementsystem nach der internationalen Norm ISO 9001 und optimiert dieses st\u00e4ndig. Basierend auf unserem Ansatz der kontinuierlichen Verbesserung ber\u00fccksichtigt Boz Medical die Arbeit auf der Grundlage von Daten und erh\u00f6ht die Effizienz der Gesch\u00e4ftsprozesse im internationalen Wettbewerb.<\/p>\n\n\t\t\t\n\t\t<\/div>\n\t<\/div>\n<\/div>[vc_empty_space height=&#8221;30px&#8221;][\/vc_column_inner][\/vc_row_inner][\/vc_column][\/vc_row][vc_row css=&#8221;.vc_custom_1510545251273{padding-top: 30px !important;}&#8221;][vc_column][vc_row_inner][vc_column_inner width=&#8221;1\/3&#8243;][vc_custom_heading text=&#8221;Umweltansatz bei Produkten und Herstellung&#8221; font_container=&#8221;tag:h3|text_align:left&#8221; use_theme_fonts=&#8221;yes&#8221;][vc_empty_space height=&#8221;20px&#8221;][\/vc_column_inner][vc_column_inner width=&#8221;2\/3&#8243;][vc_column_text]In jeder Phase unserer Produktionsprozesse ist es unser Ziel, die Auswirkungen auf die Umwelt zu minimieren. Unser Unternehmen verf\u00fcgt \u00fcber eine hohe Effizienz bei minimalem Verbrauch nat\u00fcrlicher Ressourcen.<\/p>\n<p>Wir sind bestrebt, eine saubere und gesunde Umwelt an die n\u00e4chsten Generationen weiterzugeben. Wir identifizieren unsere Ziele mit der Kontrolle der Umweltauswirkungen und der Minimierung des Ressourceneinsatzes. In diesem Sinne \u00fcberwachen wir st\u00e4ndig unsere Umweltleistungen.[\/vc_column_text][vc_empty_space height=&#8221;50px&#8221;][\/vc_column_inner][\/vc_row_inner][vc_row_inner][vc_column_inner]\n\t<div class=\"blog-shortcode  post-thumbnail-cover\">\n\t\t\n\t\t<div class=\"blog-entries\">\n\t\t\t\t\t\t\t<div class=\"entries-wrapper content-inner blog-grid\" data-grid=\"{&quot;itemSelector&quot;:&quot;.post&quot;}\" data-columns=\"3\">\n\t\t\t\t\t\t\t\t\t\t\t\n\t\t\t\t<div class=\"post post-11315 type-post status-publish format-standard has-post-thumbnail hentry category-messe-seminar tag-idex tag-messe\">\n\t\t\t\t\t<div class=\"post-inner\">\t\t\n\t\t\t\t\t\t\t\t\t\t\t\t\t\n\t\t\t\t\t\t\t\t\t\t\t\t\t\t\t\n\t\t\t\t\t\t\t\t<div class=\"post-image\">\n\t\t\t\t\t\t\t\t\t<h2 class=\"post-title\">\n\t\t\t\t\t\t\t\t\t\t<a href=\"https:\/\/www.boztibbi.com\/de\/die-globale-zahnmedizinbranche-versammelte-sich-auf-der-idex-istanbul\/\">Die globale Zahnmedizinbranche versammelte sich auf der Idex Istanbul<\/a>\n\t\t\t\t\t\t\t\t\t<\/h2>\n\t\t\t\t\t\t\t\t\t<span class=\"post-categories\">\n\t\t\t\t\t\t\t\t\t\t<a href=\"https:\/\/www.boztibbi.com\/de\/kategori\/messe-seminar\/\" rel=\"category tag\">Messe &amp; Seminar<\/a>\t\t\t\t\t\t\t\t\t<\/span>\n\t\t\t\t\t\t\t\t\t<a class=\"featured-image\" href=\"https:\/\/www.boztibbi.com\/de\/die-globale-zahnmedizinbranche-versammelte-sich-auf-der-idex-istanbul\/\">\n\t\t\t\t\t\t\t\t\t\t<img decoding=\"async\" class=\"\" src=\"https:\/\/www.boztibbi.com\/wp-content\/uploads\/2022\/06\/istanbul-fuari-agiz-dis-sagligi-cihaz-ve-ekipmanlari-fuari-idex-2022-boz-tibbi-malzeme-600x600.jpg\" width=\"600\" height=\"600\" alt=\"17. Uluslararas\u0131 A\u011f\u0131z-Di\u015f Sa\u011fl\u0131\u011f\u0131 Cihaz ve Ekipmanlar\u0131 Fuar\u0131 IDEX \u0130stanbul - Boz T\u0131bbi Malzeme\" title=\"istanbul-fuari-agiz-dis-sagligi-cihaz-ve-ekipmanlari-fuari-idex-2022-boz-tibbi-malzeme\" loading=\"lazy\" \/>\t\t\t\t\t\t\t\t\t<\/a>\n\t\t\t\t\t\t\t\t<\/div>\n\n\t\t\t\t\t\t\t\n\t\t\t\t\t\t\n\t\t\t\t\t\t\n\t\t\t\t\t\t\t\t\t\t\t<\/div>\t\t\n\t\t\t\t<\/div>\n\n\t\t\t\t\t\t\t\t\n\t\t\t\t<div class=\"post post-11312 type-post status-publish format-standard has-post-thumbnail hentry category-messe-seminar tag-kongress tag-messe tag-nachrichten\">\n\t\t\t\t\t<div class=\"post-inner\">\t\t\n\t\t\t\t\t\t\t\t\t\t\t\t\t\n\t\t\t\t\t\t\t\t\t\t\t\t\t\t\t\n\t\t\t\t\t\t\t\t<div class=\"post-image\">\n\t\t\t\t\t\t\t\t\t<h2 class=\"post-title\">\n\t\t\t\t\t\t\t\t\t\t<a href=\"https:\/\/www.boztibbi.com\/de\/22-nationaler-chirurgiekongress-und-17-nationaler-kongress-fuer-chirurgische-krankenpflege\/\">22. Nationaler Chirurgiekongress und 17. Nationaler Kongress f\u00fcr chirurgische Krankenpflege<\/a>\n\t\t\t\t\t\t\t\t\t<\/h2>\n\t\t\t\t\t\t\t\t\t<span class=\"post-categories\">\n\t\t\t\t\t\t\t\t\t\t<a href=\"https:\/\/www.boztibbi.com\/de\/kategori\/messe-seminar\/\" rel=\"category tag\">Messe &amp; Seminar<\/a>\t\t\t\t\t\t\t\t\t<\/span>\n\t\t\t\t\t\t\t\t\t<a class=\"featured-image\" href=\"https:\/\/www.boztibbi.com\/de\/22-nationaler-chirurgiekongress-und-17-nationaler-kongress-fuer-chirurgische-krankenpflege\/\">\n\t\t\t\t\t\t\t\t\t\t<img decoding=\"async\" class=\"\" src=\"https:\/\/www.boztibbi.com\/wp-content\/uploads\/2022\/03\/22-ulusal-cerrah-kongresi-ve-17-ulusal-cerrahi-hemsireligi-kongresi-greceklesti-mart-2022-antalya-boz-tibbi-malzeme-600x600.jpg\" width=\"600\" height=\"600\" alt=\"22. Ulusal Cerrahi Kongresi ve 17. Ulusal Cerrahi Hem\u015fireli\u011fi Kongresi Ger\u00e7ekle\u015fti - Antalya, Mart 2022 - Boz T\u0131bbi Malzeme\" title=\"22-ulusal-cerrah-kongresi-ve-17-ulusal-cerrahi-hemsireligi-kongresi-greceklesti-mart-2022-antalya-boz-tibbi-malzeme\" loading=\"lazy\" \/>\t\t\t\t\t\t\t\t\t<\/a>\n\t\t\t\t\t\t\t\t<\/div>\n\n\t\t\t\t\t\t\t\n\t\t\t\t\t\t\n\t\t\t\t\t\t\n\t\t\t\t\t\t\t\t\t\t\t<\/div>\t\t\n\t\t\t\t<\/div>\n\n\t\t\t\t\t\t\t\t\n\t\t\t\t<div class=\"post post-11309 type-post status-publish format-standard has-post-thumbnail hentry category-messe-seminar tag-expomed-eurasia tag-messe tag-nachrichten\">\n\t\t\t\t\t<div class=\"post-inner\">\t\t\n\t\t\t\t\t\t\t\t\t\t\t\t\t\n\t\t\t\t\t\t\t\t\t\t\t\t\t\t\t\n\t\t\t\t\t\t\t\t<div class=\"post-image\">\n\t\t\t\t\t\t\t\t\t<h2 class=\"post-title\">\n\t\t\t\t\t\t\t\t\t\t<a href=\"https:\/\/www.boztibbi.com\/de\/wir-waren-auf-der-expomed-eurasia-2022-exhibition\/\">Wir waren auf der Expomed Eurasia 2022 Exhibition<\/a>\n\t\t\t\t\t\t\t\t\t<\/h2>\n\t\t\t\t\t\t\t\t\t<span class=\"post-categories\">\n\t\t\t\t\t\t\t\t\t\t<a href=\"https:\/\/www.boztibbi.com\/de\/kategori\/messe-seminar\/\" rel=\"category tag\">Messe &amp; Seminar<\/a>\t\t\t\t\t\t\t\t\t<\/span>\n\t\t\t\t\t\t\t\t\t<a class=\"featured-image\" href=\"https:\/\/www.boztibbi.com\/de\/wir-waren-auf-der-expomed-eurasia-2022-exhibition\/\">\n\t\t\t\t\t\t\t\t\t\t<img decoding=\"async\" class=\"\" src=\"https:\/\/www.boztibbi.com\/wp-content\/uploads\/2022\/03\/expomed-eurasia-2022-fuari-boz-tibbi-malzeme-istanbul-600x600.jpg\" width=\"600\" height=\"600\" alt=\"Expomed Eurasia 2022 Fuar\u0131ndayd\u0131k - Boz T\u0131bbi Malzeme\" title=\"expomed-eurasia-2022-fuari-boz-tibbi-malzeme-istanbul\" loading=\"lazy\" \/>\t\t\t\t\t\t\t\t\t<\/a>\n\t\t\t\t\t\t\t\t<\/div>\n\n\t\t\t\t\t\t\t\n\t\t\t\t\t\t\n\t\t\t\t\t\t\n\t\t\t\t\t\t\t\t\t\t\t<\/div>\t\t\n\t\t\t\t<\/div>\n\n\t\t\t\t\t\t\t\t\t\t\t<\/div>\n\t\t<\/div>\n\t<\/div>[\/vc_column_inner][\/vc_row_inner][\/vc_column][\/vc_row]<\/p>\n<\/div>","protected":false},"excerpt":{"rendered":"<p>[vc_row][vc_column][vc_single_image image=&#8221;1793&#8243; img_size=&#8221;914&#215;500&#8243;][vc_empty_space height=&#8221;50px&#8221;][vc_row_inner][vc_column_inner width=&#8221;1\/2&#8243;][vc_custom_heading text=&#8221;Unternehmensverantwortung&#8221; font_container=&#8221;tag:h3|text_align:left&#8221; use_theme_fonts=&#8221;yes&#8221;][vc_empty_space height=&#8221;20px&#8221;][\/vc_column_inner][vc_column_inner width=&#8221;1\/2&#8243;][vc_column_text]Wir glauben, dass verantwortungsvolle Unternehmensanwendungen, die einen positiven Wandel in der Gesellschaft bewirken, eingef\u00fchrt werden m\u00fcssen. Wir wollen in allen T\u00e4tigkeitsbereichen einen positiven Beitrag leisten. Daher ist es unsere Vision, ein langfristiges, nachhaltiges Gesch\u00e4ftsleben zu schaffen und ein Unternehmensverantwortungsprogramm anzuwenden, das positive Auswirkungen auf die Gesellschaft [&hellip;]<\/p>\n","protected":false},"author":1,"featured_media":0,"parent":3968,"menu_order":0,"comment_status":"closed","ping_status":"closed","template":"","meta":{"_acf_changed":false,"footnotes":""},"class_list":["post-3998","page","type-page","status-publish","hentry"],"acf":[],"yoast_head":"<!-- This site is optimized with the Yoast SEO plugin v21.6 - https:\/\/yoast.com\/wordpress\/plugins\/seo\/ -->\n<title>Unternehmensverantwortung - Boz Medical<\/title>\n<meta name=\"robots\" content=\"index, follow, max-snippet:-1, max-image-preview:large, max-video-preview:-1\" \/>\n<link rel=\"canonical\" href=\"https:\/\/www.boztibbi.com\/de\/corporate\/unternehmensverantwortung\/\" \/>\n<meta property=\"og:locale\" content=\"de_DE\" \/>\n<meta property=\"og:type\" content=\"article\" \/>\n<meta property=\"og:title\" content=\"Unternehmensverantwortung - Boz Medical\" \/>\n<meta property=\"og:description\" content=\"[vc_row][vc_column][vc_single_image image=&#8221;1793&#8243; img_size=&#8221;914&#215;500&#8243;][vc_empty_space height=&#8221;50px&#8221;][vc_row_inner][vc_column_inner width=&#8221;1\/2&#8243;][vc_custom_heading text=&#8221;Unternehmensverantwortung&#8221; font_container=&#8221;tag:h3|text_align:left&#8221; use_theme_fonts=&#8221;yes&#8221;][vc_empty_space height=&#8221;20px&#8221;][\/vc_column_inner][vc_column_inner width=&#8221;1\/2&#8243;][vc_column_text]Wir glauben, dass verantwortungsvolle Unternehmensanwendungen, die einen positiven Wandel in der Gesellschaft bewirken, eingef\u00fchrt werden m\u00fcssen. Wir wollen in allen T\u00e4tigkeitsbereichen einen positiven Beitrag leisten. Daher ist es unsere Vision, ein langfristiges, nachhaltiges Gesch\u00e4ftsleben zu schaffen und ein Unternehmensverantwortungsprogramm anzuwenden, das positive Auswirkungen auf die Gesellschaft [&hellip;]\" \/>\n<meta property=\"og:url\" content=\"https:\/\/www.boztibbi.com\/de\/corporate\/unternehmensverantwortung\/\" \/>\n<meta property=\"og:site_name\" content=\"Boz Medical\" \/>\n<meta property=\"article:publisher\" content=\"https:\/\/www.facebook.com\/bozmedical\/\" \/>\n<meta property=\"article:modified_time\" content=\"2024-09-04T12:39:34+00:00\" \/>\n<meta name=\"twitter:card\" content=\"summary_large_image\" \/>\n<meta name=\"twitter:site\" content=\"@bozmedical\" \/>\n<script type=\"application\/ld+json\" class=\"yoast-schema-graph\">{\"@context\":\"https:\/\/schema.org\",\"@graph\":[{\"@type\":\"WebPage\",\"@id\":\"https:\/\/www.boztibbi.com\/de\/corporate\/unternehmensverantwortung\/\",\"url\":\"https:\/\/www.boztibbi.com\/de\/corporate\/unternehmensverantwortung\/\",\"name\":\"Unternehmensverantwortung - Boz Medical\",\"isPartOf\":{\"@id\":\"https:\/\/www.boztibbi.com\/#website\"},\"datePublished\":\"2017-10-02T02:30:27+00:00\",\"dateModified\":\"2024-09-04T12:39:34+00:00\",\"breadcrumb\":{\"@id\":\"https:\/\/www.boztibbi.com\/de\/corporate\/unternehmensverantwortung\/#breadcrumb\"},\"inLanguage\":\"de\",\"potentialAction\":[{\"@type\":\"ReadAction\",\"target\":[\"https:\/\/www.boztibbi.com\/de\/corporate\/unternehmensverantwortung\/\"]}]},{\"@type\":\"BreadcrumbList\",\"@id\":\"https:\/\/www.boztibbi.com\/de\/corporate\/unternehmensverantwortung\/#breadcrumb\",\"itemListElement\":[{\"@type\":\"ListItem\",\"position\":1,\"name\":\"Hauptseite\",\"item\":\"https:\/\/www.boztibbi.com\/de\/\"},{\"@type\":\"ListItem\",\"position\":2,\"name\":\"Corporate\",\"item\":\"https:\/\/www.boztibbi.com\/de\/corporate\/\"},{\"@type\":\"ListItem\",\"position\":3,\"name\":\"Unternehmensverantwortung\"}]},{\"@type\":\"WebSite\",\"@id\":\"https:\/\/www.boztibbi.com\/#website\",\"url\":\"https:\/\/www.boztibbi.com\/\",\"name\":\"Boz Medical\",\"description\":\"Chirurgisches Nahtmaterial, resorbierbare H\u00e4mostate und chirurgische Maschen\",\"publisher\":{\"@id\":\"https:\/\/www.boztibbi.com\/#organization\"},\"potentialAction\":[{\"@type\":\"SearchAction\",\"target\":{\"@type\":\"EntryPoint\",\"urlTemplate\":\"https:\/\/www.boztibbi.com\/?s={search_term_string}\"},\"query-input\":\"required name=search_term_string\"}],\"inLanguage\":\"de\"},{\"@type\":\"Organization\",\"@id\":\"https:\/\/www.boztibbi.com\/#organization\",\"name\":\"Boz T\u0131bbi Malzeme Sanayi ve Ticaret A.\u015e.\",\"url\":\"https:\/\/www.boztibbi.com\/\",\"logo\":{\"@type\":\"ImageObject\",\"inLanguage\":\"de\",\"@id\":\"https:\/\/www.boztibbi.com\/#\/schema\/logo\/image\/\",\"url\":\"https:\/\/www.boztibbi.com\/wp-content\/uploads\/2018\/08\/boz-t\u0131bbi-malzemeler-medikal-tekstil-t\u00fcrkiye-istanbul-ankara-u\u015fak.png\",\"contentUrl\":\"https:\/\/www.boztibbi.com\/wp-content\/uploads\/2018\/08\/boz-t\u0131bbi-malzemeler-medikal-tekstil-t\u00fcrkiye-istanbul-ankara-u\u015fak.png\",\"width\":1024,\"height\":683,\"caption\":\"Boz T\u0131bbi Malzeme Sanayi ve Ticaret A.\u015e.\"},\"image\":{\"@id\":\"https:\/\/www.boztibbi.com\/#\/schema\/logo\/image\/\"},\"sameAs\":[\"https:\/\/www.facebook.com\/bozmedical\/\",\"https:\/\/twitter.com\/bozmedical\"]}]}<\/script>\n<!-- \/ Yoast SEO plugin. -->","yoast_head_json":{"title":"Unternehmensverantwortung - Boz Medical","robots":{"index":"index","follow":"follow","max-snippet":"max-snippet:-1","max-image-preview":"max-image-preview:large","max-video-preview":"max-video-preview:-1"},"canonical":"https:\/\/www.boztibbi.com\/de\/corporate\/unternehmensverantwortung\/","og_locale":"de_DE","og_type":"article","og_title":"Unternehmensverantwortung - Boz Medical","og_description":"[vc_row][vc_column][vc_single_image image=&#8221;1793&#8243; img_size=&#8221;914&#215;500&#8243;][vc_empty_space height=&#8221;50px&#8221;][vc_row_inner][vc_column_inner width=&#8221;1\/2&#8243;][vc_custom_heading text=&#8221;Unternehmensverantwortung&#8221; font_container=&#8221;tag:h3|text_align:left&#8221; use_theme_fonts=&#8221;yes&#8221;][vc_empty_space height=&#8221;20px&#8221;][\/vc_column_inner][vc_column_inner width=&#8221;1\/2&#8243;][vc_column_text]Wir glauben, dass verantwortungsvolle Unternehmensanwendungen, die einen positiven Wandel in der Gesellschaft bewirken, eingef\u00fchrt werden m\u00fcssen. Wir wollen in allen T\u00e4tigkeitsbereichen einen positiven Beitrag leisten. Daher ist es unsere Vision, ein langfristiges, nachhaltiges Gesch\u00e4ftsleben zu schaffen und ein Unternehmensverantwortungsprogramm anzuwenden, das positive Auswirkungen auf die Gesellschaft [&hellip;]","og_url":"https:\/\/www.boztibbi.com\/de\/corporate\/unternehmensverantwortung\/","og_site_name":"Boz Medical","article_publisher":"https:\/\/www.facebook.com\/bozmedical\/","article_modified_time":"2024-09-04T12:39:34+00:00","twitter_card":"summary_large_image","twitter_site":"@bozmedical","schema":{"@context":"https:\/\/schema.org","@graph":[{"@type":"WebPage","@id":"https:\/\/www.boztibbi.com\/de\/corporate\/unternehmensverantwortung\/","url":"https:\/\/www.boztibbi.com\/de\/corporate\/unternehmensverantwortung\/","name":"Unternehmensverantwortung - Boz Medical","isPartOf":{"@id":"https:\/\/www.boztibbi.com\/#website"},"datePublished":"2017-10-02T02:30:27+00:00","dateModified":"2024-09-04T12:39:34+00:00","breadcrumb":{"@id":"https:\/\/www.boztibbi.com\/de\/corporate\/unternehmensverantwortung\/#breadcrumb"},"inLanguage":"de","potentialAction":[{"@type":"ReadAction","target":["https:\/\/www.boztibbi.com\/de\/corporate\/unternehmensverantwortung\/"]}]},{"@type":"BreadcrumbList","@id":"https:\/\/www.boztibbi.com\/de\/corporate\/unternehmensverantwortung\/#breadcrumb","itemListElement":[{"@type":"ListItem","position":1,"name":"Hauptseite","item":"https:\/\/www.boztibbi.com\/de\/"},{"@type":"ListItem","position":2,"name":"Corporate","item":"https:\/\/www.boztibbi.com\/de\/corporate\/"},{"@type":"ListItem","position":3,"name":"Unternehmensverantwortung"}]},{"@type":"WebSite","@id":"https:\/\/www.boztibbi.com\/#website","url":"https:\/\/www.boztibbi.com\/","name":"Boz Medical","description":"Chirurgisches Nahtmaterial, resorbierbare H\u00e4mostate und chirurgische Maschen","publisher":{"@id":"https:\/\/www.boztibbi.com\/#organization"},"potentialAction":[{"@type":"SearchAction","target":{"@type":"EntryPoint","urlTemplate":"https:\/\/www.boztibbi.com\/?s={search_term_string}"},"query-input":"required name=search_term_string"}],"inLanguage":"de"},{"@type":"Organization","@id":"https:\/\/www.boztibbi.com\/#organization","name":"Boz T\u0131bbi Malzeme Sanayi ve Ticaret A.\u015e.","url":"https:\/\/www.boztibbi.com\/","logo":{"@type":"ImageObject","inLanguage":"de","@id":"https:\/\/www.boztibbi.com\/#\/schema\/logo\/image\/","url":"https:\/\/www.boztibbi.com\/wp-content\/uploads\/2018\/08\/boz-t\u0131bbi-malzemeler-medikal-tekstil-t\u00fcrkiye-istanbul-ankara-u\u015fak.png","contentUrl":"https:\/\/www.boztibbi.com\/wp-content\/uploads\/2018\/08\/boz-t\u0131bbi-malzemeler-medikal-tekstil-t\u00fcrkiye-istanbul-ankara-u\u015fak.png","width":1024,"height":683,"caption":"Boz T\u0131bbi Malzeme Sanayi ve Ticaret A.\u015e."},"image":{"@id":"https:\/\/www.boztibbi.com\/#\/schema\/logo\/image\/"},"sameAs":["https:\/\/www.facebook.com\/bozmedical\/","https:\/\/twitter.com\/bozmedical"]}]}},"_links":{"self":[{"href":"https:\/\/www.boztibbi.com\/de\/wp-json\/wp\/v2\/pages\/3998","targetHints":{"allow":["GET"]}}],"collection":[{"href":"https:\/\/www.boztibbi.com\/de\/wp-json\/wp\/v2\/pages"}],"about":[{"href":"https:\/\/www.boztibbi.com\/de\/wp-json\/wp\/v2\/types\/page"}],"author":[{"embeddable":true,"href":"https:\/\/www.boztibbi.com\/de\/wp-json\/wp\/v2\/users\/1"}],"replies":[{"embeddable":true,"href":"https:\/\/www.boztibbi.com\/de\/wp-json\/wp\/v2\/comments?post=3998"}],"version-history":[{"count":1,"href":"https:\/\/www.boztibbi.com\/de\/wp-json\/wp\/v2\/pages\/3998\/revisions"}],"predecessor-version":[{"id":14006,"href":"https:\/\/www.boztibbi.com\/de\/wp-json\/wp\/v2\/pages\/3998\/revisions\/14006"}],"up":[{"embeddable":true,"href":"https:\/\/www.boztibbi.com\/de\/wp-json\/wp\/v2\/pages\/3968"}],"wp:attachment":[{"href":"https:\/\/www.boztibbi.com\/de\/wp-json\/wp\/v2\/media?parent=3998"}],"curies":[{"name":"wp","href":"https:\/\/api.w.org\/{rel}","templated":true}]}}